{"id":1613,"date":"2023-01-28T14:15:11","date_gmt":"2023-01-28T20:15:11","guid":{"rendered":"https:\/\/omnesbands.international\/?page_id=1613"},"modified":"2023-01-28T14:19:05","modified_gmt":"2023-01-28T20:19:05","slug":"anton-alcalde-2","status":"publish","type":"page","link":"https:\/\/www.omnesbands.international\/ja\/anton-alcalde-2\/","title":{"rendered":"\u30a2\u30f3\u30c8\u30f3\u30fb\u30de\u30e8\u30fc\u30eb"},"content":{"rendered":"<div class=\"wp-block-uagb-container uagb-block-7e63b2d6 alignfull uagb-is-root-container\"><div class=\"uagb-container-inner-blocks-wrap\">\n<div class=\"wp-block-uagb-advanced-heading uagb-block-8a058444\"><h1 class=\"uagb-heading-text\"><strong>\u30a2\u30f3\u30c8\u30f3\u5e02\u9577<\/strong><\/h1><\/div>\n<\/div><\/div>\n\n\n\n<div class=\"wp-block-uagb-container uagb-block-519f7ae7 alignfull uagb-is-root-container\"><div class=\"uagb-container-inner-blocks-wrap\">\n<div class=\"wp-block-uagb-container uagb-block-24981992 alignfull uagb-is-root-container\"><div class=\"uagb-container-inner-blocks-wrap\">\n<p>\u57fa\u672c\u7684\u306b\u306f\u72ec\u5b66\u3067\u3059\u304c\u3001\u5f7c\u306e\u5f62\u6210\u306b\u6c7a\u5b9a\u7684\u306a\u5f71\u97ff\u3092\u4e0e\u3048\u305f\u8907\u6570\u306e\u4f5c\u66f2\u5bb6\u3084\u56e3\u4f53\u306b\u6df1\u304f\u611f\u8b1d\u3057\u3066\u3044\u307e\u3059\u3002\u5f7c\u3089\u306f\u3001\u30e9\u30d5\u30a1\u30a8\u30eb \u30b3\u30e9\u30c3\u30bd \u30e2\u30a2\u30ec\u30b9\u3001X. \u30ab\u30eb\u30ed\u30b9 \u30bb\u30e9\u30f3\u30b9 \u30aa\u30eb\u30d9\u30a4\u30e9\u3001\u30a2\u30f3\u30c9\u30ec\u30b9 \u30d0\u30ec\u30ed \u30ab\u30b9\u30c6\u30eb\u30b9\u3001\u305d\u3057\u3066\u5f7c\u304c\u52c9\u5f37\u3092\u59cb\u3081\u305f\u30d0\u30f3\u30c9\u3067\u3042\u308b\u30ea\u30a2\u30f3\u30b7\u30e7\u97f3\u697d\u5b66\u6821\u30d0\u30f3\u30c9\u3067\u3059\u3002<\/p>\n<p>\u30d1\u30d5\u30a9\u30fc\u30de\u30fc\u3068\u3057\u3066\u3001\u5f7c\u306f\u6b21\u306e\u3088\u3046\u306a\u56fd\u969b\u7684\u306b\u6709\u540d\u3067\u6a29\u5a01\u306e\u3042\u308b\u30d1\u30fc\u30ab\u30c3\u30b7\u30e7\u30cb\u30b9\u30c8\u306e\u30de\u30b9\u30bf\u30fc\u30af\u30e9\u30b9\u3092\u5b66\u3073\u3001\u53d7\u8b1b\u3057\u307e\u3057\u305f\u3002<\/p>\n<p>\u30c0\u30cb\u30a8\u30eb\u30fb\u30ea\u30d9\u30a4\u30ed\u3001\u30e9\u30e2\u30f3\u30fb\u30da\u30ec\u30b9\u3001\u30c8\u30e0\u30fb\u30ea\u30b9\u30b3\u3001\u30ed\u30d9\u30eb\u30c8\u30fb\u30aa\u30ea\u30d9\u30a4\u30e9\u3001\u30bb\u30b6\u30fc\u30eb\u30fb\u30da\u30ea\u30b9\u3001\u30da\u30c9\u30ed\u30fb\u30f4\u30a1\u30ec\u30a2\u3001\u30ca\u30f3\u30b7\u30fc\u30fb\u30bc\u30eb\u30c4\u30de\u30f3\u3001\u30cb\u30c3\u30af\u30fb\u30a6\u30fc\u30c9\u3001\u30c8\u30d3\u30a2\u30b9\u30fb\u30b0\u30c3\u30c8\u30de\u30f3\u3001\u30ed\u30ec\u30f3\u30c4\u30a9\u30fb\u30d5\u30a7\u30e9\u30f3\u30c7\u30a3\u30b9\u3001\u30a2\u30ea\u30fb\u30f3\u30fb\u30c7\u30a3\u30a2\u30cb\u30a8\u3001\u30ed\u30de\u30f3\u30fb\u30af\u30aa\u30cd\u30f3\u3001\u30e4\u30f3\u30fb\u30d7\u30b9\u30c8\u30b8\u30a7\u30f3\u30b9\u3001\u30dc\u30c9\u30ac\u30f3\u30fb\u30d0\u30ab\u30cc\u3001\u30eb\u30d9\u30f3\u30fb\u30e2\u30f3\u30c6\u30b9\u3001\u30d5\u30a2\u30f3\u30db\u30fb\u30ae\u30a8\u30e0\u3001\u30d5\u30a2\u30f3\u30fb\u30b3\u30e9\u30bd\u3001\u30b8\u30e7\u30bb\u30c3\u30d7\u30fb\u30d3\u30bb\u30f3\u30c8\u3001\u30c7\u30a3\u30a8\u30b4\u30fb\u30f4\u30a7\u30f3\u30c8\u30fc\u30be\u3001\u30b7\u30e3\u30d3\u30a8\u30eb\u30fb\u30b5\u30d0\u30c6\u30eb...<\/p>\n<p>\u5f7c\u306f\u6b21\u306e\u3088\u3046\u306a\u30b0\u30eb\u30fc\u30d7\u3067\u30d7\u30ec\u30fc\u3057\u307e\u3057\u305f\u3002<\/p>\n<p>\u30b7\u30f3\u30d5\u30a9\u30cb\u30c3\u30af \u30d0\u30f3\u30c9\u300c\u30d5\u30a3\u30eb\u30cf\u30fc\u30e2\u30cb\u30ab \u30c7 \u30ac\u30ea\u30b7\u30a2\u300d\u3001\u300c\u30ac\u30ea\u30b7\u30a2 \u30dd\u30d4\u30e5\u30e9\u30fc \u30df\u30e5\u30fc\u30b8\u30c3\u30af \u30d0\u30f3\u30c9\u9023\u76df\u300d\u306e\u30b7\u30f3\u30d5\u30a9\u30cb\u30c3\u30af \u30d0\u30f3\u30c9\u3002\u30de\u30a8\u30b9\u30c8\u30ed X. \u30ab\u30eb\u30ed\u30b9 \u30bb\u30e9\u30f3\u30b9\u304c\u76e3\u7763\u3057\u3001\u6700\u5e74\u5c11\u306e\u30e1\u30f3\u30d0\u30fc\u3067\u3059\u3002\u30de\u30a8\u30b9\u30c8\u30ed\u3001\u30a8\u30f3\u30ea\u30b1\u30fb\u30ac\u30eb\u30b7\u30a2\u30fb\u30a2\u30f3\u30bb\u30f3\u30b7\u30aa\u76e3\u7763\u306b\u3088\u308b\u300c\u30a2\u30b0\u30eb\u30d1\u30b7\u30aa\u30f3\u30fb\u30c7\u30fb\u30d3\u30a8\u30f3\u30c8\u30b9\u3068\u30d1\u30fc\u30ab\u30c3\u30b7\u30e7\u30f3\u30fb\u30c7\u30eb\u30fb\u30b3\u30f3\u30bb\u30eb\u30d0\u30c8\u30ea\u30aa\u30fb\u30cf\u30b7\u30f3\u30c8\u30fb\u30b2\u30ec\u30ed\uff08\u30c8\u30ec\u30c9\uff09\u300d\u3082\u30cf\u30a4\u30e9\u30a4\u30c8\u3002<\/p>\n<p>\u5f7c\u306f\u3001A Nosa Clave \u3084 Musigalizando \u306a\u3069\u3001\u3055\u307e\u3056\u307e\u306a\u30ac\u30ea\u30b7\u30a2\u306e\u97f3\u697d\u6587\u5316\u30d7\u30ed\u30b8\u30a7\u30af\u30c8\u3068\u5354\u529b\u3057\u307e\u3057\u305f\u3002<\/p>\n<p>2009 \u5e74\u3001\u5f7c\u306f\u8996\u8074\u899a\u30e1\u30c7\u30a3\u30a2\u306e\u4f5c\u66f2\u306e\u4e16\u754c\u306b\u5165\u308a\u59cb\u3081\u3001\u6620\u753b\u3084\u30d3\u30c7\u30aa\u30b2\u30fc\u30e0\u306e\u30b9\u30b3\u30a2\u30ea\u30f3\u30b0\u3092\u6b21\u306e\u3088\u3046\u306a\u8457\u540d\u306a\u56fd\u969b\u7684\u306a\u6559\u6388\u306e\u3082\u3068\u3067\u5b66\u3073\u307e\u3057\u305f\u3002<\/p>\n<p>\u30b3\u30f3\u30e9\u30c9\u30fb\u30b6\u30e9\u30d0\u30fc\u30c0\u30fc\u3001\u30d1\u30c8\u30ea\u30c3\u30af\u30fb\u30c9\u30a4\u30eb\u3001\u30db\u30b3\u30e4\u30de\u30ef\u30bf\u30eb\u3001\u30de\u30a4\u30b1\u30eb\u30fb\u30b8\u30e3\u30c3\u30ad\u30fc\u30ce\u3001\u30a2\u30f3\u30c9\u30ec\u30a2\u30fb\u30c0\u30c3\u30c4\u30de\u30f3\u3001\u30a2\u30ec\u30cf\u30f3\u30c9\u30ed\u30fb\u30d3\u30d0\u30b9\u3001\u30b8\u30a7\u30fc\u30e0\u30ba\u30fb\u30b7\u30a7\u30a2\u30de\u30f3\u2026\u305d\u3057\u3066\u3001\u30aa\u30b9\u30ab\u30fc\u30fb\u30ca\u30d0\u30ed\u306a\u3069\u306e\u8457\u540d\u306a\u6559\u6388\u306e\u30de\u30b9\u30bf\u30fc\u30af\u30e9\u30b9\u3067\u30c8\u30ec\u30fc\u30cb\u30f3\u30b0\u3092\u7d9a\u3051\u3066\u3044\u307e\u3059\u3002<\/p>\n<p>\u8996\u8074\u899a\u4f5c\u66f2\u306e\u4e16\u754c\u306f\u3001\u5f7c\u306e\u4f5c\u66f2\u30c8\u30ec\u30fc\u30cb\u30f3\u30b0\u306b\u6c7a\u5b9a\u7684\u306a\u5f71\u97ff\u3092\u4e0e\u3048\u3001USC \u6b74\u53f2\u5b66\u90e8 (\u30b5\u30f3\u30c6\u30a3\u30a2\u30b4 \u30c7 \u30b3\u30f3\u30dd\u30b9\u30c6\u30fc\u30e9\u5927\u5b66) \u306e\u97f3\u697d\u53f2\u5b66\u79d1\u3067\u8b1b\u7fa9\u3092\u884c\u3046\u3088\u3046\u306b\u3082\u306a\u308a\u307e\u3057\u305f\u3002<\/p>\n<p>\u5f7c\u306f\u73fe\u5728\u3001Rianxo Music School \u306e\u30d1\u30fc\u30ab\u30c3\u30b7\u30e7\u30f3\u6559\u5e2b\u517c\u7814\u4fee\u751f\u3067\u3042\u308a\u3001AGC (Galician Association of Composers) \u306e\u4e00\u54e1\u3067\u3042\u308a\u3001\u30d7\u30ed\u30d5\u30a7\u30c3\u30b7\u30e7\u30ca\u30eb\u306a\u30d1\u30fc\u30ab\u30c3\u30b7\u30e7\u30f3\u306e\u79f0\u53f7\u3092\u4fdd\u6301\u3057\u3066\u304a\u308a\u3001\u30b9\u30da\u30a4\u30f3\u306a\u3069\u306e\u56fd\u3067\u6570\u591a\u304f\u306e\u4f5c\u54c1\u3092\u521d\u6f14\u304a\u3088\u3073\u6f14\u594f\u3057\u3066\u304d\u307e\u3057\u305f\u3002 \u3001\u30dd\u30eb\u30c8\u30ac\u30eb\u3001\u30a2\u30e1\u30ea\u30ab\u3001\u30aa\u30e9\u30f3\u30c0\u3001\u30b3\u30ed\u30f3\u30d3\u30a2\u3001\u30aa\u30fc\u30b9\u30c8\u30e9\u30ea\u30a2\u3002\u5f7c\u306f\u91cd\u8981\u306a\u8cde\u3068\u8a00\u53ca\u3092\u53d7\u3051\u3066\u3044\u307e\u3059<\/p>\n\n\n<div class=\"woocommerce columns-4\"><ul class=\"products columns-4\">\n<li class=\"desktop-align-left tablet-align-left mobile-align-left ast-product-gallery-layout-horizontal-slider product type-product post-3099 status-publish first instock product_cat-pasodobles product_tag-anton-alcalde product_tag-anton-alcalde-rodriguez has-post-thumbnail downloadable virtual purchasable product-type-simple\">\n\t<a href=\"https:\/\/www.omnesbands.international\/ja\/product\/rua-da-fonte\/\" class=\"woocommerce-LoopProduct-link woocommerce-loop-product__link\"><img loading=\"lazy\" decoding=\"async\" width=\"300\" height=\"300\" src=\"https:\/\/www.omnesbands.international\/wp-content\/uploads\/2025\/07\/Rua-Da-fonte-1-300x300.jpg\" class=\"attachment-woocommerce_thumbnail size-woocommerce_thumbnail\" alt=\"Rua Da Fonte\" srcset=\"https:\/\/www.omnesbands.international\/wp-content\/uploads\/2025\/07\/Rua-Da-fonte-1-300x300.jpg 300w, https:\/\/www.omnesbands.international\/wp-content\/uploads\/2025\/07\/Rua-Da-fonte-1-150x150.jpg 150w, https:\/\/www.omnesbands.international\/wp-content\/uploads\/2025\/07\/Rua-Da-fonte-1-100x100.jpg 100w\" sizes=\"auto, (max-width: 300px) 100vw, 300px\" \/><h2 class=\"woocommerce-loop-product__title\">Rua Da Fonte<\/h2>\n\t<span class=\"price\"><span class=\"woocommerce-Price-amount amount\"><bdi><span class=\"woocommerce-Price-currencySymbol\">&#36;<\/span>25.00<\/bdi><\/span><\/span>\n<\/a><a href=\"\/ja\/wp-json\/wp\/v2\/pages\/1613?add-to-cart=3099\" aria-describedby=\"woocommerce_loop_add_to_cart_link_describedby_3099\" data-quantity=\"1\" class=\"button product_type_simple add_to_cart_button ajax_add_to_cart\" data-product_id=\"3099\" data-product_sku=\"\" aria-label=\"\u30ab\u30fc\u30c8\u306b\u8ffd\u52a0: \u300cRua Da Fonte\u300d\" rel=\"nofollow\" data-success_message=\"\u300cRua Da Fonte\u300d\u3092\u304a\u8cb7\u3044\u7269\u30ab\u30b4\u306b\u8ffd\u52a0\u3057\u307e\u3057\u305f\" role=\"button\" data-no-translation=\"\" data-trp-gettext=\"\" data-no-translation-aria-label=\"\" data-no-translation-data-success_message=\"\">\u304a\u8cb7\u3044\u7269\u30ab\u30b4\u306b\u8ffd\u52a0<\/a>\t<span id=\"woocommerce_loop_add_to_cart_link_describedby_3099\" class=\"screen-reader-text\">\n\t\t\t<\/span>\n<\/li>\n<\/ul>\n<\/div>\n<\/div><\/div>\n<\/div><\/div>","protected":false},"excerpt":{"rendered":"<p>Ant\u00f3n Alcalde Aunque siendo b\u00e1sicamente de formaci\u00f3n autodidacta, est\u00e1 profundamente agradecido a varios compositores y entidades que han influido decisivamente en su formaci\u00f3n. Ellos son Rafael Collazo Moares, X. Carlos Ser\u00e1ns Olveira, Andr\u00e9s Valero Castells y la Banda de la Escuela de M\u00fasica de Rianxo, banda en la que inici\u00f3 sus estudios. Como int\u00e9rprete estudi\u00f3 [&hellip;]<\/p>\n","protected":false},"author":4,"featured_media":0,"parent":0,"menu_order":0,"comment_status":"closed","ping_status":"closed","template":"","meta":{"_acf_changed":false,"_uag_custom_page_level_css":"","site-sidebar-layout":"default","site-content-layout":"","ast-site-content-layout":"default","site-content-style":"default","site-sidebar-style":"default","ast-global-header-display":"","ast-banner-title-visibility":"","ast-main-header-display":"","ast-hfb-above-header-display":"","ast-hfb-below-header-display":"","ast-hfb-mobile-header-display":"","site-post-title":"disabled","ast-breadcrumbs-content":"","ast-featured-img":"","footer-sml-layout":"","ast-disable-related-posts":"","theme-transparent-header-meta":"","adv-header-id-meta":"","stick-header-meta":"","header-above-stick-meta":"","header-main-stick-meta":"","header-below-stick-meta":"","astra-migrate-meta-layouts":"default","ast-page-background-enabled":"default","ast-page-background-meta":{"desktop":{"background-color":"","background-image":"","background-repeat":"repeat","background-position":"center center","background-size":"auto","background-attachment":"scroll","background-type":"","background-media":"","overlay-type":"","overlay-color":"","overlay-opacity":"","overlay-gradient":""},"tablet":{"background-color":"","background-image":"","background-repeat":"repeat","background-position":"center center","background-size":"auto","background-attachment":"scroll","background-type":"","background-media":"","overlay-type":"","overlay-color":"","overlay-opacity":"","overlay-gradient":""},"mobile":{"background-color":"","background-image":"","background-repeat":"repeat","background-position":"center center","background-size":"auto","background-attachment":"scroll","background-type":"","background-media":"","overlay-type":"","overlay-color":"","overlay-opacity":"","overlay-gradient":""}},"ast-content-background-meta":{"desktop":{"background-color":"var(--ast-global-color-5)","background-image":"","background-repeat":"repeat","background-position":"center center","background-size":"auto","background-attachment":"scroll","background-type":"","background-media":"","overlay-type":"","overlay-color":"","overlay-opacity":"","overlay-gradient":""},"tablet":{"background-color":"var(--ast-global-color-5)","background-image":"","background-repeat":"repeat","background-position":"center center","background-size":"auto","background-attachment":"scroll","background-type":"","background-media":"","overlay-type":"","overlay-color":"","overlay-opacity":"","overlay-gradient":""},"mobile":{"background-color":"var(--ast-global-color-5)","background-image":"","background-repeat":"repeat","background-position":"center center","background-size":"auto","background-attachment":"scroll","background-type":"","background-media":"","overlay-type":"","overlay-color":"","overlay-opacity":"","overlay-gradient":""}},"footnotes":""},"class_list":["post-1613","page","type-page","status-publish","hentry"],"acf":[],"yoast_head":"<!-- This site is optimized with the Yoast SEO Premium plugin v22.4 (Yoast SEO v27.4) - https:\/\/yoast.com\/product\/yoast-seo-premium-wordpress\/ -->\n<title>ANT\u00d3N ALCALDE -<\/title>\n<meta name=\"robots\" content=\"index, follow, max-snippet:-1, max-image-preview:large, max-video-preview:-1\" \/>\n<link rel=\"canonical\" href=\"https:\/\/www.omnesbands.international\/ja\/anton-alcalde-2\/\" \/>\n<meta property=\"og:locale\" content=\"ja_JP\" \/>\n<meta property=\"og:type\" content=\"article\" \/>\n<meta property=\"og:title\" content=\"ANT\u00d3N ALCALDE\" \/>\n<meta property=\"og:description\" content=\"Ant\u00f3n Alcalde Aunque siendo b\u00e1sicamente de formaci\u00f3n autodidacta, est\u00e1 profundamente agradecido a varios compositores y entidades que han influido decisivamente en su formaci\u00f3n. Ellos son Rafael Collazo Moares, X. Carlos Ser\u00e1ns Olveira, Andr\u00e9s Valero Castells y la Banda de la Escuela de M\u00fasica de Rianxo, banda en la que inici\u00f3 sus estudios. Como int\u00e9rprete estudi\u00f3 [&hellip;]\" \/>\n<meta property=\"og:url\" content=\"https:\/\/www.omnesbands.international\/ja\/anton-alcalde-2\/\" \/>\n<meta property=\"article:modified_time\" content=\"2023-01-28T20:19:05+00:00\" \/>\n<meta property=\"og:image\" content=\"https:\/\/www.omnesbands.international\/wp-content\/uploads\/2023\/01\/music-sheet-music-snowdrop-7107045.jpg\" \/>\n\t<meta property=\"og:image:width\" content=\"1280\" \/>\n\t<meta property=\"og:image:height\" content=\"742\" \/>\n\t<meta property=\"og:image:type\" content=\"image\/jpeg\" \/>\n<meta name=\"twitter:card\" content=\"summary_large_image\" \/>\n<meta name=\"twitter:label1\" content=\"\u63a8\u5b9a\u8aad\u307f\u53d6\u308a\u6642\u9593\" \/>\n\t<meta name=\"twitter:data1\" content=\"2\u5206\" \/>\n<script type=\"application\/ld+json\" class=\"yoast-schema-graph\">{\"@context\":\"https:\\\/\\\/schema.org\",\"@graph\":[{\"@type\":\"WebPage\",\"@id\":\"https:\\\/\\\/www.omnesbands.international\\\/anton-alcalde-2\\\/\",\"url\":\"https:\\\/\\\/www.omnesbands.international\\\/anton-alcalde-2\\\/\",\"name\":\"ANT\u00d3N ALCALDE -\",\"isPartOf\":{\"@id\":\"https:\\\/\\\/www.omnesbands.international\\\/#website\"},\"datePublished\":\"2023-01-28T20:15:11+00:00\",\"dateModified\":\"2023-01-28T20:19:05+00:00\",\"breadcrumb\":{\"@id\":\"https:\\\/\\\/www.omnesbands.international\\\/anton-alcalde-2\\\/#breadcrumb\"},\"inLanguage\":\"ja\",\"potentialAction\":[{\"@type\":\"ReadAction\",\"target\":[\"https:\\\/\\\/www.omnesbands.international\\\/anton-alcalde-2\\\/\"]}]},{\"@type\":\"BreadcrumbList\",\"@id\":\"https:\\\/\\\/www.omnesbands.international\\\/anton-alcalde-2\\\/#breadcrumb\",\"itemListElement\":[{\"@type\":\"ListItem\",\"position\":1,\"name\":\"Portada\",\"item\":\"https:\\\/\\\/www.omnesbands.international\\\/\"},{\"@type\":\"ListItem\",\"position\":2,\"name\":\"ANT\u00d3N ALCALDE\"}]},{\"@type\":\"WebSite\",\"@id\":\"https:\\\/\\\/www.omnesbands.international\\\/#website\",\"url\":\"https:\\\/\\\/www.omnesbands.international\\\/\",\"name\":\"OMNESBANDS International\",\"description\":\"Partituras Originales de autores y compositores independientes\",\"publisher\":{\"@id\":\"https:\\\/\\\/www.omnesbands.international\\\/#organization\"},\"potentialAction\":[{\"@type\":\"SearchAction\",\"target\":{\"@type\":\"EntryPoint\",\"urlTemplate\":\"https:\\\/\\\/www.omnesbands.international\\\/?s={search_term_string}\"},\"query-input\":{\"@type\":\"PropertyValueSpecification\",\"valueRequired\":true,\"valueName\":\"search_term_string\"}}],\"inLanguage\":\"ja\"},{\"@type\":\"Organization\",\"@id\":\"https:\\\/\\\/www.omnesbands.international\\\/#organization\",\"name\":\"Indra Consultores Internacionales\",\"alternateName\":\"Omnesbands\",\"url\":\"https:\\\/\\\/www.omnesbands.international\\\/\",\"logo\":{\"@type\":\"ImageObject\",\"inLanguage\":\"ja\",\"@id\":\"https:\\\/\\\/www.omnesbands.international\\\/#\\\/schema\\\/logo\\\/image\\\/\",\"url\":\"https:\\\/\\\/omnesbands.international\\\/wp-content\\\/uploads\\\/2023\\\/06\\\/Logo-Nuevo-.png\",\"contentUrl\":\"https:\\\/\\\/omnesbands.international\\\/wp-content\\\/uploads\\\/2023\\\/06\\\/Logo-Nuevo-.png\",\"width\":394,\"height\":212,\"caption\":\"Indra Consultores Internacionales\"},\"image\":{\"@id\":\"https:\\\/\\\/www.omnesbands.international\\\/#\\\/schema\\\/logo\\\/image\\\/\"}}]}<\/script>\n<!-- \/ Yoast SEO Premium plugin. -->","yoast_head_json":{"title":"ANT\u00d3N ALCALDE -","robots":{"index":"index","follow":"follow","max-snippet":"max-snippet:-1","max-image-preview":"max-image-preview:large","max-video-preview":"max-video-preview:-1"},"canonical":"https:\/\/www.omnesbands.international\/ja\/anton-alcalde-2\/","og_locale":"ja_JP","og_type":"article","og_title":"ANT\u00d3N ALCALDE","og_description":"Ant\u00f3n Alcalde Aunque siendo b\u00e1sicamente de formaci\u00f3n autodidacta, est\u00e1 profundamente agradecido a varios compositores y entidades que han influido decisivamente en su formaci\u00f3n. Ellos son Rafael Collazo Moares, X. Carlos Ser\u00e1ns Olveira, Andr\u00e9s Valero Castells y la Banda de la Escuela de M\u00fasica de Rianxo, banda en la que inici\u00f3 sus estudios. Como int\u00e9rprete estudi\u00f3 [&hellip;]","og_url":"https:\/\/www.omnesbands.international\/ja\/anton-alcalde-2\/","article_modified_time":"2023-01-28T20:19:05+00:00","og_image":[{"width":1280,"height":742,"url":"https:\/\/www.omnesbands.international\/wp-content\/uploads\/2023\/01\/music-sheet-music-snowdrop-7107045.jpg","type":"image\/jpeg"}],"twitter_card":"summary_large_image","twitter_misc":{"\u63a8\u5b9a\u8aad\u307f\u53d6\u308a\u6642\u9593":"2\u5206"},"schema":{"@context":"https:\/\/schema.org","@graph":[{"@type":"WebPage","@id":"https:\/\/www.omnesbands.international\/anton-alcalde-2\/","url":"https:\/\/www.omnesbands.international\/anton-alcalde-2\/","name":"ANT\u00d3N ALCALDE -","isPartOf":{"@id":"https:\/\/www.omnesbands.international\/#website"},"datePublished":"2023-01-28T20:15:11+00:00","dateModified":"2023-01-28T20:19:05+00:00","breadcrumb":{"@id":"https:\/\/www.omnesbands.international\/anton-alcalde-2\/#breadcrumb"},"inLanguage":"ja","potentialAction":[{"@type":"ReadAction","target":["https:\/\/www.omnesbands.international\/anton-alcalde-2\/"]}]},{"@type":"BreadcrumbList","@id":"https:\/\/www.omnesbands.international\/anton-alcalde-2\/#breadcrumb","itemListElement":[{"@type":"ListItem","position":1,"name":"Portada","item":"https:\/\/www.omnesbands.international\/"},{"@type":"ListItem","position":2,"name":"ANT\u00d3N ALCALDE"}]},{"@type":"WebSite","@id":"https:\/\/www.omnesbands.international\/#website","url":"https:\/\/www.omnesbands.international\/","name":"OMNESBANDS International","description":"\u72ec\u7acb\u3057\u305f\u4f5c\u5bb6\u3084\u4f5c\u66f2\u5bb6\u306b\u3088\u308b\u30aa\u30ea\u30b8\u30ca\u30eb\u306e\u697d\u8b5c","publisher":{"@id":"https:\/\/www.omnesbands.international\/#organization"},"potentialAction":[{"@type":"SearchAction","target":{"@type":"EntryPoint","urlTemplate":"https:\/\/www.omnesbands.international\/?s={search_term_string}"},"query-input":{"@type":"PropertyValueSpecification","valueRequired":true,"valueName":"search_term_string"}}],"inLanguage":"ja"},{"@type":"Organization","@id":"https:\/\/www.omnesbands.international\/#organization","name":"\u30a4\u30f3\u30c9\u30e9\u56fd\u969b\u30b3\u30f3\u30b5\u30eb\u30bf\u30f3\u30c8","alternateName":"Omnesbands","url":"https:\/\/www.omnesbands.international\/","logo":{"@type":"ImageObject","inLanguage":"ja","@id":"https:\/\/www.omnesbands.international\/#\/schema\/logo\/image\/","url":"https:\/\/omnesbands.international\/wp-content\/uploads\/2023\/06\/Logo-Nuevo-.png","contentUrl":"https:\/\/omnesbands.international\/wp-content\/uploads\/2023\/06\/Logo-Nuevo-.png","width":394,"height":212,"caption":"Indra Consultores Internacionales"},"image":{"@id":"https:\/\/www.omnesbands.international\/#\/schema\/logo\/image\/"}}]}},"uagb_featured_image_src":{"full":false,"thumbnail":false,"medium":false,"medium_large":false,"large":false,"1536x1536":false,"2048x2048":false,"trp-custom-language-flag":false,"gg_gallery_thumbnail":false,"woocommerce_thumbnail":false,"woocommerce_single":false,"woocommerce_gallery_thumbnail":false},"uagb_author_info":{"display_name":"Melvin R. Portillo A:","author_link":"https:\/\/www.omnesbands.international\/ja\/author\/portand\/"},"uagb_comment_info":0,"uagb_excerpt":"Ant\u00f3n Alcalde Aunque siendo b\u00e1sicamente de formaci\u00f3n autodidacta, est\u00e1 profundamente agradecido a varios compositores y entidades que han influido decisivamente en su formaci\u00f3n. Ellos son Rafael Collazo Moares, X. Carlos Ser\u00e1ns Olveira, Andr\u00e9s Valero Castells y la Banda de la Escuela de M\u00fasica de Rianxo, banda en la que inici\u00f3 sus estudios. Como int\u00e9rprete estudi\u00f3&hellip;","_links":{"self":[{"href":"https:\/\/www.omnesbands.international\/ja\/wp-json\/wp\/v2\/pages\/1613","targetHints":{"allow":["GET"]}}],"collection":[{"href":"https:\/\/www.omnesbands.international\/ja\/wp-json\/wp\/v2\/pages"}],"about":[{"href":"https:\/\/www.omnesbands.international\/ja\/wp-json\/wp\/v2\/types\/page"}],"author":[{"embeddable":true,"href":"https:\/\/www.omnesbands.international\/ja\/wp-json\/wp\/v2\/users\/4"}],"replies":[{"embeddable":true,"href":"https:\/\/www.omnesbands.international\/ja\/wp-json\/wp\/v2\/comments?post=1613"}],"version-history":[{"count":4,"href":"https:\/\/www.omnesbands.international\/ja\/wp-json\/wp\/v2\/pages\/1613\/revisions"}],"predecessor-version":[{"id":1618,"href":"https:\/\/www.omnesbands.international\/ja\/wp-json\/wp\/v2\/pages\/1613\/revisions\/1618"}],"wp:attachment":[{"href":"https:\/\/www.omnesbands.international\/ja\/wp-json\/wp\/v2\/media?parent=1613"}],"curies":[{"name":"wp","href":"https:\/\/api.w.org\/{rel}","templated":true}]}}