{"id":1645,"date":"2023-01-28T15:23:09","date_gmt":"2023-01-28T21:23:09","guid":{"rendered":"https:\/\/omnesbands.international\/?page_id=1645"},"modified":"2023-01-28T15:24:49","modified_gmt":"2023-01-28T21:24:49","slug":"fernando-espi-cremades-2","status":"publish","type":"page","link":"https:\/\/www.omnesbands.international\/ja\/fernando-espi-cremades-2\/","title":{"rendered":"\u30d5\u30a7\u30eb\u30ca\u30f3\u30c9\u30fb\u30a8\u30b9\u30d4\u306e\u706b\u846c"},"content":{"rendered":"<div class=\"wp-block-uagb-container uagb-block-32ea0cdb alignfull uagb-is-root-container\"><div class=\"uagb-container-inner-blocks-wrap\">\n<div class=\"wp-block-uagb-advanced-heading uagb-block-dc288f9a\"><h1 class=\"uagb-heading-text\"><strong>\u30d5\u30a7\u30eb\u30ca\u30f3\u30c9\u30fb\u30a8\u30b9\u30d4\u306e\u706b\u846c<\/strong><\/h1><\/div>\n<\/div><\/div>\n\n\n\n<div class=\"wp-block-uagb-container uagb-block-6b0e30a9 alignfull uagb-is-root-container\"><div class=\"uagb-container-inner-blocks-wrap\">\n<div class=\"wp-block-uagb-container uagb-block-469b4239\">\n<p><span style=\"font-size: 1rem; color: inherit; background-color: var(--ast-global-color-5);\">Fernando Esp\u00ed \u306f\u3001\u73fe\u6642\u70b9\u3067\u6700\u9ad8\u306e\u30b9\u30da\u30a4\u30f3\u4eba\u30ae\u30bf\u30ea\u30b9\u30c8\u306e 1 \u4eba\u3067\u3059\u3002\u5f7c\u306f\u3001\u73fe\u5728\u30ae\u30bf\u30fc\u3092\u6559\u3048\u3066\u3044\u308b\u30a2\u30ea\u30ab\u30f3\u30c6\u306e\u9ad8\u7b49\u97f3\u697d\u9662\u300c\u30aa\u30b9\u30ab\u30fc \u30a8\u30b9\u30d7\u30e9\u300d\u3067\u3001\u56fd\u969b\u7684\u306a\u30de\u30a8\u30b9\u30c8\u30ed D. \u30db\u30bb \u30c8\u30de\u30b9\u304b\u3089\u7279\u5225\u306a\u5352\u696d\u8cde\u3092\u53d7\u8cde\u3057\u307e\u3057\u305f\u3002\u5f7c\u306f\u5f26\u697d\u5668\u3092\u5f3e\u304f\u53e4\u697d\u3092\u5c02\u9580\u3068\u3059\u308b\u5c02\u9580\u5bb6\u306e\u79f0\u53f7\u3092\u6301\u3061\u3001\u6b74\u53f2\u3068\u97f3\u697d\u79d1\u5b66\u306e\u5b66\u4f4d\u3092\u6301\u3063\u3066\u3044\u307e\u3059\u3002\u5f7c\u306f\u30d0\u30eb\u30bb\u30ed\u30ca\u3067 Arnaldur Arnalson \u306e\u4e0b\u3067\u5927\u5b66\u9662\u306e\u7814\u7a76\u3092\u5b8c\u4e86\u3057\u3001\u540d\u58f0\u304c\u8a8d\u3081\u3089\u308c\u305f\u56fd\u5185\u304a\u3088\u3073\u56fd\u969b\u7684\u306a\u30b3\u30f3\u30da\u30c6\u30a3\u30b7\u30e7\u30f3\u3067\u53d7\u8cde\u3057\u3066\u304a\u308a\u3001\u6700\u8fd1\u3067\u306f 3 \u4f4d\u8cde\u3068 XVI \u306e\u30b9\u30da\u30a4\u30f3\u97f3\u697d\u306e\u6700\u9ad8\u306e\u89e3\u91c8\u306b\u5bfe\u3059\u308b\u7279\u5225\u8cde\u3092\u53d7\u8cde\u3057\u3066\u3044\u307e\u3059\u3002\u30b2\u30ec\u30ed\u8ca1\u56e3\u56fd\u969b\u30ae\u30bf\u30fc\u30b3\u30f3\u30af\u30fc\u30eb\u3002\u5f7c\u306f\u3053\u306e\u4ed5\u4e8b\u3092\u3001\u30b3\u30fc\u30b9\u3084\u30d5\u30a7\u30b9\u30c6\u30a3\u30d0\u30eb\u3067\u306e\u30de\u30b9\u30bf\u30fc\u30af\u30e9\u30b9\u306e\u63d0\u4f9b\u3001Ciutat de Xixona International Guitar Festival \u306e\u30a2\u30fc\u30c6\u30a3\u30b9\u30c6\u30a3\u30c3\u30af \u30c7\u30a3\u30ec\u30af\u30b7\u30e7\u30f3\u3001\u5c02\u9580\u8a8c\u3067\u6700\u9ad8\u306e\u30ec\u30d3\u30e5\u30fc\u3092\u53d7\u3051\u305f\u30a2\u30eb\u30d0\u30e0\u306e\u30ec\u30b3\u30fc\u30c7\u30a3\u30f3\u30b0\u3001\u305d\u3057\u3066\u5f7c\u81ea\u8eab\u306e\u30ec\u30b3\u30fc\u30c9 \u30ec\u30fc\u30d9\u30eb\u306e\u5275\u8a2d\u3068\u7d44\u307f\u5408\u308f\u305b\u3066\u3044\u307e\u3059\u3002 8\u300d\u3002\u5c02\u9580\u8a8c\u306f\u3001\u5f7c\u3092\u300c6 \u5f26\u306e\u6700\u3082\u512a\u308c\u305f\u73fe\u5728\u306e\u89e3\u91c8\u8005\u306e 1 \u4eba\u300d\u306b\u4f4d\u7f6e\u4ed8\u3051\u3066\u3044\u307e\u3059 (Scherzo)\u3002\u30d5\u30a7\u30eb\u30ca\u30f3\u30c9 \u30a8\u30b9\u30d4\u306f\u3001\u30ed\u30a4\u30e4\u30eb \u30af\u30e9\u30b7\u30c3\u30af\u306e\u5f26\u3092\u6f14\u594f\u3057\u307e\u3059\u3002<br \/>\u30c9\u30cb\u30e3\u30fb\u30d4\u30e9\u30fc\u30eb\u30fb\u30b3\u30f3\u30b9\u30bf\u30f3\u30b7\u30aa\u30fb\u30dd\u30eb\u30c8\u30ec\u30b9\uff08\u30de\u30c9\u30ea\u30c3\u30c9\u4ea4\u97ff\u697d\u56e3\u30d5\u30eb\u30fc\u30c8\u30bd\u30ea\u30b9\u30c8\u3001\u30c6\u30a2\u30c8\u30ed\u30fb\u30ec\u30a2\u30eb\u9996\u5e2d\u7ba1\u5f26\u697d\u56e3\uff09\u306b\u5e2b\u4e8b\u3002\u6559\u5e2b\u3068\u3057\u3066\u3001SAM La Filarm\u00f3nica de Callosa de Segura (\u30a2\u30ea\u30ab\u30f3\u30c6)\u3001Daganzo de Arriba \u5e02\u7acb\u97f3\u697d\u821e\u8e0a\u5b66\u6821 (\u30de\u30c9\u30ea\u30fc\u30c9)\u3001\u00a0<\/span>\u30df\u30e5\u30cb\u30b7\u30d1\u30eb \u30c7 \u30e0\u30b8\u30ab \u30c7 \u30bb\u30e9\u30b7\u30fc\u30cd\u30b9 (\u30de\u30c9\u30ea\u30c3\u30c9)\u3001\u73fe\u5728\u306f\u30e0\u30b7\u30d9\u30a4\u30c6 \u30b9\u30af\u30fc\u30eb \u30aa\u30d6 \u30df\u30e5\u30fc\u30b8\u30c3\u30af \u30a2\u30f3\u30c9 \u30c0\u30f3\u30b9 (\u30de\u30c9\u30ea\u30c3\u30c9\u3001\u30a2\u30b8\u30e3\u30eb\u30d3\u30eb) \u3067\u958b\u767a\u4e2d\u3002<\/p>\n<p>\u5f7c\u306f 2011\/2012 \u5b66\u5e74\u5ea6\u306b\u3059\u3079\u3066\u306e\u8a8d\u5b9a\u8a3c\u660e\u66f8\u3092\u53d6\u5f97\u3057\u3001\u30de\u30a8\u30b9\u30c8\u30ed \u30db\u30bb \u30e9\u30d5\u30a1\u30a8\u30eb \u30d1\u30b9\u30af\u30a2\u30eb \u30d3\u30e9\u30d7\u30e9\u30ca (\u30d0\u30f3\u30c9\u6307\u63ee)\u3001\u30e9\u30e2\u30f3 \u30ac\u30eb\u30b7\u30a2\u306e\u6307\u5c0e\u306e\u4e0b\u3001\u30e9 \u30d0\u30eb \u30c0\u30eb\u30d0\u30a4\u30c0 (\u30d0\u30ec\u30f3\u30b7\u30a2) \u306e\u5730\u57df\u5b66\u6821\u3067\u30d0\u30f3\u30c9\u6307\u63ee\u306e\u7814\u7a76\u3092\u884c\u3044\u307e\u3057\u305f\u3002 i Soler (\u697d\u5668\u3001\u30aa\u30fc\u30b1\u30b9\u30c8\u30ec\u30fc\u30b7\u30e7\u30f3\u3001\u4f5c\u66f2\u3001\u97f3\u697d\u60c5\u5831\u5b66)\u3001Tomas Gilbert (\u5206\u6790)\u3001Joan Alborch Ma\u00f1ana (\u8074\u899a\u6559\u80b2)\u3002\u3053\u308c\u3089\u306e\u7814\u7a76\u306e\u4e2d\u3067\u3001\u5f7c\u306f\u7d42\u8eab\u5728\u8077\u6a29\u306e\u3042\u308b\u6559\u6388\u3068\u3068\u3082\u306b\u3001\u56fd\u5185\u5916\u306e\u30d0\u30f3\u30c9\u30b7\u30fc\u30f3\u306e\u76e3\u7763\u3084\u4f5c\u66f2\u5bb6\u304b\u3089\u3055\u307e\u3056\u307e\u306a\u30de\u30b9\u30bf\u30fc\u30af\u30e9\u30b9\u3092\u53d7\u3051\u307e\u3057\u305f\u3002\u30db\u30bb\u30fb\u30df\u30b2\u30eb\u30fb\u30d5\u30a1\u30e8\u30b9\u30fb\u30e8\u30eb\u30c0\u30f3\u3001\u30a2\u30f3\u30c9\u30ec\u30b9\u30fb\u30d0\u30ec\u30ed\u3001\u30eb\u30a4\u30b9\u30fb\u30bb\u30e9\u30fc\u30ce\u30fb\u30a2\u30e9\u30eb\u30b3\u30f3\u306a\u3069\u3002<br \/>\u5f7c\u306f\u307e\u305f\u3001\u30e9\u30e2\u30f3\u30fb\u30ac\u30eb\u30b7\u30a2\u30fb\u30a4\u30fb\u30bd\u30ec\u30eb\u306e\u6307\u5c0e\u306e\u4e0b\u3001\u540c\u3058\u4f1a\u5834\u3067\u30d0\u30f3\u30c9\u69cb\u6210\u7814\u7a76\u3092\u958b\u767a\u3057\u307e\u3057\u305f\u3002<br \/>\u30d5\u30eb\u30fc\u30c8\u306e\u5206\u91ce\u3067\u306f\u3001\u5f7c\u306f\u3055\u307e\u3056\u307e\u306a\u5834\u9762\u3067\u30b2\u30b9\u30c8 \u30bd\u30ea\u30b9\u30c8\u3068\u3057\u3066\u6f14\u594f\u3057\u3066\u304a\u308a\u3001SAM \u30e9 \u30d5\u30a3\u30e9\u30eb\u30e2\u30cb\u30ab \u30c7 \u30ab\u30ed\u30b5 \u30c7 \u30bb\u30b0\u30e9\u306e\u30d0\u30f3\u30c9\u3067\u306e\u30bd\u30ea\u30b9\u30c8\u3068\u3057\u3066\u306e\u30d1\u30d5\u30a9\u30fc\u30de\u30f3\u30b9\u3092\u969b\u7acb\u305f\u305b\u3066\u3044\u307e\u3059\u3002\u30db\u30a2\u30ad\u30f3\u30fb\u30b8\u30a7\u30ea\u30b3\u30fb\u30c8\u30ea\u30ea\u30e3\u3001\u30d5\u30a2\u30f3\u30fb\u30d5\u30e9\u30f3\u30b7\u30b9\u30b3\u30fb\u30ab\u30e6\u30a8\u30e9\u30b9\u30fb\u30b0\u30e9\u30aa\u306a\u3069\u306e\u30c8\u30ec\u30fc\u30cb\u30f3\u30b0\u30b3\u30fc\u30b9\u306b\u53c2\u52a0\u3002<\/p>\n<\/div>\n<\/div><\/div>\n\n\n<div class=\"woocommerce columns-4\"><ul class=\"products columns-4\">\n<li class=\"desktop-align-left tablet-align-left mobile-align-left ast-product-gallery-layout-horizontal-slider product type-product post-957 status-publish first instock product_cat-sinfonicas product_tag-fernando-espi-cremades has-post-thumbnail downloadable virtual taxable purchasable product-type-simple\">\n\t<a href=\"https:\/\/www.omnesbands.international\/ja\/product\/cordes-al-vent\/\" class=\"woocommerce-LoopProduct-link woocommerce-loop-product__link\"><img loading=\"lazy\" decoding=\"async\" width=\"300\" height=\"300\" src=\"https:\/\/www.omnesbands.international\/wp-content\/uploads\/2023\/01\/Cordes-al-Vent-300x300.jpg\" class=\"attachment-woocommerce_thumbnail size-woocommerce_thumbnail\" alt=\"Cordes al vent\" srcset=\"https:\/\/www.omnesbands.international\/wp-content\/uploads\/2023\/01\/Cordes-al-Vent-300x300.jpg 300w, https:\/\/www.omnesbands.international\/wp-content\/uploads\/2023\/01\/Cordes-al-Vent-150x150.jpg 150w, https:\/\/www.omnesbands.international\/wp-content\/uploads\/2023\/01\/Cordes-al-Vent-100x100.jpg 100w\" sizes=\"auto, (max-width: 300px) 100vw, 300px\" \/><h2 class=\"woocommerce-loop-product__title\">\u30d9\u30f3\u30c8\u3059\u308b\u30b3\u30fc\u30c9<\/h2>\n\t<span class=\"price\"><span class=\"woocommerce-Price-amount amount\"><bdi><span class=\"woocommerce-Price-currencySymbol\">&#36;<\/span>30.00<\/bdi><\/span><\/span>\n<\/a><a href=\"\/ja\/wp-json\/wp\/v2\/pages\/1645?add-to-cart=957\" aria-describedby=\"woocommerce_loop_add_to_cart_link_describedby_957\" data-quantity=\"1\" class=\"button product_type_simple add_to_cart_button ajax_add_to_cart\" data-product_id=\"957\" data-product_sku=\"COR-SIN-ESP-22\" aria-label=\"\u30ab\u30fc\u30c8\u306b\u8ffd\u52a0: \u300cCordes al vent\u300d\" rel=\"nofollow\" data-success_message=\"\u300cCordes al vent\u300d\u3092\u304a\u8cb7\u3044\u7269\u30ab\u30b4\u306b\u8ffd\u52a0\u3057\u307e\u3057\u305f\" role=\"button\" data-no-translation=\"\" data-trp-gettext=\"\" data-no-translation-aria-label=\"\" data-no-translation-data-success_message=\"\">\u304a\u8cb7\u3044\u7269\u30ab\u30b4\u306b\u8ffd\u52a0<\/a>\t<span id=\"woocommerce_loop_add_to_cart_link_describedby_957\" class=\"screen-reader-text\">\n\t\t\t<\/span>\n<\/li>\n<\/ul>\n<\/div>","protected":false},"excerpt":{"rendered":"<p>FERNANDO ESP\u00cd CREMADES Fernando Esp\u00ed es uno de los mejores guitarristas espa\u00f1oles del momento. Obtuvo el Premio extraordinario Fin de Carrera del maestro internacional D. Jos\u00e9 Tom\u00e1s en el Conservatorio Superior \u00abOscar Espl\u00e1\u00bb de Alicante donde actualmente ejerce la docencia como catedr\u00e1tico de guitarra. Posee el t\u00edtulo profesional de la especialidad de m\u00fasica antigua con [&hellip;]<\/p>\n","protected":false},"author":4,"featured_media":0,"parent":0,"menu_order":0,"comment_status":"closed","ping_status":"closed","template":"","meta":{"_acf_changed":false,"_uag_custom_page_level_css":"","site-sidebar-layout":"default","site-content-layout":"","ast-site-content-layout":"default","site-content-style":"default","site-sidebar-style":"default","ast-global-header-display":"","ast-banner-title-visibility":"","ast-main-header-display":"","ast-hfb-above-header-display":"","ast-hfb-below-header-display":"","ast-hfb-mobile-header-display":"","site-post-title":"disabled","ast-breadcrumbs-content":"","ast-featured-img":"","footer-sml-layout":"","ast-disable-related-posts":"","theme-transparent-header-meta":"","adv-header-id-meta":"","stick-header-meta":"","header-above-stick-meta":"","header-main-stick-meta":"","header-below-stick-meta":"","astra-migrate-meta-layouts":"default","ast-page-background-enabled":"default","ast-page-background-meta":{"desktop":{"background-color":"","background-image":"","background-repeat":"repeat","background-position":"center center","background-size":"auto","background-attachment":"scroll","background-type":"","background-media":"","overlay-type":"","overlay-color":"","overlay-opacity":"","overlay-gradient":""},"tablet":{"background-color":"","background-image":"","background-repeat":"repeat","background-position":"center center","background-size":"auto","background-attachment":"scroll","background-type":"","background-media":"","overlay-type":"","overlay-color":"","overlay-opacity":"","overlay-gradient":""},"mobile":{"background-color":"","background-image":"","background-repeat":"repeat","background-position":"center center","background-size":"auto","background-attachment":"scroll","background-type":"","background-media":"","overlay-type":"","overlay-color":"","overlay-opacity":"","overlay-gradient":""}},"ast-content-background-meta":{"desktop":{"background-color":"var(--ast-global-color-5)","background-image":"","background-repeat":"repeat","background-position":"center center","background-size":"auto","background-attachment":"scroll","background-type":"","background-media":"","overlay-type":"","overlay-color":"","overlay-opacity":"","overlay-gradient":""},"tablet":{"background-color":"var(--ast-global-color-5)","background-image":"","background-repeat":"repeat","background-position":"center center","background-size":"auto","background-attachment":"scroll","background-type":"","background-media":"","overlay-type":"","overlay-color":"","overlay-opacity":"","overlay-gradient":""},"mobile":{"background-color":"var(--ast-global-color-5)","background-image":"","background-repeat":"repeat","background-position":"center center","background-size":"auto","background-attachment":"scroll","background-type":"","background-media":"","overlay-type":"","overlay-color":"","overlay-opacity":"","overlay-gradient":""}},"footnotes":""},"class_list":["post-1645","page","type-page","status-publish","hentry"],"acf":[],"yoast_head":"<!-- This site is optimized with the Yoast SEO Premium plugin v22.4 (Yoast SEO v27.4) - https:\/\/yoast.com\/product\/yoast-seo-premium-wordpress\/ -->\n<title>FERNANDO ESP\u00cd CREMADES -<\/title>\n<meta name=\"robots\" content=\"index, follow, max-snippet:-1, max-image-preview:large, max-video-preview:-1\" \/>\n<link rel=\"canonical\" href=\"https:\/\/www.omnesbands.international\/ja\/fernando-espi-cremades-2\/\" \/>\n<meta property=\"og:locale\" content=\"ja_JP\" \/>\n<meta property=\"og:type\" content=\"article\" \/>\n<meta property=\"og:title\" content=\"FERNANDO ESP\u00cd CREMADES\" \/>\n<meta property=\"og:description\" content=\"FERNANDO ESP\u00cd CREMADES Fernando Esp\u00ed es uno de los mejores guitarristas espa\u00f1oles del momento. Obtuvo el Premio extraordinario Fin de Carrera del maestro internacional D. Jos\u00e9 Tom\u00e1s en el Conservatorio Superior \u00abOscar Espl\u00e1\u00bb de Alicante donde actualmente ejerce la docencia como catedr\u00e1tico de guitarra. Posee el t\u00edtulo profesional de la especialidad de m\u00fasica antigua con [&hellip;]\" \/>\n<meta property=\"og:url\" content=\"https:\/\/www.omnesbands.international\/ja\/fernando-espi-cremades-2\/\" \/>\n<meta property=\"article:modified_time\" content=\"2023-01-28T21:24:49+00:00\" \/>\n<meta property=\"og:image\" content=\"https:\/\/www.omnesbands.international\/wp-content\/uploads\/2023\/01\/music-sheet-music-snowdrop-7107045.jpg\" \/>\n\t<meta property=\"og:image:width\" content=\"1280\" \/>\n\t<meta property=\"og:image:height\" content=\"742\" \/>\n\t<meta property=\"og:image:type\" content=\"image\/jpeg\" \/>\n<meta name=\"twitter:card\" content=\"summary_large_image\" \/>\n<meta name=\"twitter:label1\" content=\"\u63a8\u5b9a\u8aad\u307f\u53d6\u308a\u6642\u9593\" \/>\n\t<meta name=\"twitter:data1\" content=\"2\u5206\" \/>\n<script type=\"application\/ld+json\" class=\"yoast-schema-graph\">{\"@context\":\"https:\\\/\\\/schema.org\",\"@graph\":[{\"@type\":\"WebPage\",\"@id\":\"https:\\\/\\\/www.omnesbands.international\\\/de\\\/fernando-espi-cremades-2\\\/\",\"url\":\"https:\\\/\\\/www.omnesbands.international\\\/de\\\/fernando-espi-cremades-2\\\/\",\"name\":\"FERNANDO ESP\u00cd CREMADES -\",\"isPartOf\":{\"@id\":\"https:\\\/\\\/www.omnesbands.international\\\/#website\"},\"datePublished\":\"2023-01-28T21:23:09+00:00\",\"dateModified\":\"2023-01-28T21:24:49+00:00\",\"breadcrumb\":{\"@id\":\"https:\\\/\\\/www.omnesbands.international\\\/de\\\/fernando-espi-cremades-2\\\/#breadcrumb\"},\"inLanguage\":\"ja\",\"potentialAction\":[{\"@type\":\"ReadAction\",\"target\":[\"https:\\\/\\\/www.omnesbands.international\\\/de\\\/fernando-espi-cremades-2\\\/\"]}]},{\"@type\":\"BreadcrumbList\",\"@id\":\"https:\\\/\\\/www.omnesbands.international\\\/de\\\/fernando-espi-cremades-2\\\/#breadcrumb\",\"itemListElement\":[{\"@type\":\"ListItem\",\"position\":1,\"name\":\"Portada\",\"item\":\"https:\\\/\\\/www.omnesbands.international\\\/\"},{\"@type\":\"ListItem\",\"position\":2,\"name\":\"FERNANDO ESP\u00cd CREMADES\"}]},{\"@type\":\"WebSite\",\"@id\":\"https:\\\/\\\/www.omnesbands.international\\\/#website\",\"url\":\"https:\\\/\\\/www.omnesbands.international\\\/\",\"name\":\"OMNESBANDS International\",\"description\":\"Partituras Originales de autores y compositores independientes\",\"publisher\":{\"@id\":\"https:\\\/\\\/www.omnesbands.international\\\/#organization\"},\"potentialAction\":[{\"@type\":\"SearchAction\",\"target\":{\"@type\":\"EntryPoint\",\"urlTemplate\":\"https:\\\/\\\/www.omnesbands.international\\\/?s={search_term_string}\"},\"query-input\":{\"@type\":\"PropertyValueSpecification\",\"valueRequired\":true,\"valueName\":\"search_term_string\"}}],\"inLanguage\":\"ja\"},{\"@type\":\"Organization\",\"@id\":\"https:\\\/\\\/www.omnesbands.international\\\/#organization\",\"name\":\"Indra Consultores Internacionales\",\"alternateName\":\"Omnesbands\",\"url\":\"https:\\\/\\\/www.omnesbands.international\\\/\",\"logo\":{\"@type\":\"ImageObject\",\"inLanguage\":\"ja\",\"@id\":\"https:\\\/\\\/www.omnesbands.international\\\/#\\\/schema\\\/logo\\\/image\\\/\",\"url\":\"https:\\\/\\\/omnesbands.international\\\/wp-content\\\/uploads\\\/2023\\\/06\\\/Logo-Nuevo-.png\",\"contentUrl\":\"https:\\\/\\\/omnesbands.international\\\/wp-content\\\/uploads\\\/2023\\\/06\\\/Logo-Nuevo-.png\",\"width\":394,\"height\":212,\"caption\":\"Indra Consultores Internacionales\"},\"image\":{\"@id\":\"https:\\\/\\\/www.omnesbands.international\\\/#\\\/schema\\\/logo\\\/image\\\/\"}}]}<\/script>\n<!-- \/ Yoast SEO Premium plugin. -->","yoast_head_json":{"title":"FERNANDO ESP\u00cd CREMADES -","robots":{"index":"index","follow":"follow","max-snippet":"max-snippet:-1","max-image-preview":"max-image-preview:large","max-video-preview":"max-video-preview:-1"},"canonical":"https:\/\/www.omnesbands.international\/ja\/fernando-espi-cremades-2\/","og_locale":"ja_JP","og_type":"article","og_title":"FERNANDO ESP\u00cd CREMADES","og_description":"FERNANDO ESP\u00cd CREMADES Fernando Esp\u00ed es uno de los mejores guitarristas espa\u00f1oles del momento. Obtuvo el Premio extraordinario Fin de Carrera del maestro internacional D. Jos\u00e9 Tom\u00e1s en el Conservatorio Superior \u00abOscar Espl\u00e1\u00bb de Alicante donde actualmente ejerce la docencia como catedr\u00e1tico de guitarra. Posee el t\u00edtulo profesional de la especialidad de m\u00fasica antigua con [&hellip;]","og_url":"https:\/\/www.omnesbands.international\/ja\/fernando-espi-cremades-2\/","article_modified_time":"2023-01-28T21:24:49+00:00","og_image":[{"width":1280,"height":742,"url":"https:\/\/www.omnesbands.international\/wp-content\/uploads\/2023\/01\/music-sheet-music-snowdrop-7107045.jpg","type":"image\/jpeg"}],"twitter_card":"summary_large_image","twitter_misc":{"\u63a8\u5b9a\u8aad\u307f\u53d6\u308a\u6642\u9593":"2\u5206"},"schema":{"@context":"https:\/\/schema.org","@graph":[{"@type":"WebPage","@id":"https:\/\/www.omnesbands.international\/de\/fernando-espi-cremades-2\/","url":"https:\/\/www.omnesbands.international\/de\/fernando-espi-cremades-2\/","name":"FERNANDO ESP\u00cd CREMADES -","isPartOf":{"@id":"https:\/\/www.omnesbands.international\/#website"},"datePublished":"2023-01-28T21:23:09+00:00","dateModified":"2023-01-28T21:24:49+00:00","breadcrumb":{"@id":"https:\/\/www.omnesbands.international\/de\/fernando-espi-cremades-2\/#breadcrumb"},"inLanguage":"ja","potentialAction":[{"@type":"ReadAction","target":["https:\/\/www.omnesbands.international\/de\/fernando-espi-cremades-2\/"]}]},{"@type":"BreadcrumbList","@id":"https:\/\/www.omnesbands.international\/de\/fernando-espi-cremades-2\/#breadcrumb","itemListElement":[{"@type":"ListItem","position":1,"name":"Portada","item":"https:\/\/www.omnesbands.international\/"},{"@type":"ListItem","position":2,"name":"FERNANDO ESP\u00cd CREMADES"}]},{"@type":"WebSite","@id":"https:\/\/www.omnesbands.international\/#website","url":"https:\/\/www.omnesbands.international\/","name":"OMNESBANDS International","description":"\u72ec\u7acb\u3057\u305f\u4f5c\u5bb6\u3084\u4f5c\u66f2\u5bb6\u306b\u3088\u308b\u30aa\u30ea\u30b8\u30ca\u30eb\u306e\u697d\u8b5c","publisher":{"@id":"https:\/\/www.omnesbands.international\/#organization"},"potentialAction":[{"@type":"SearchAction","target":{"@type":"EntryPoint","urlTemplate":"https:\/\/www.omnesbands.international\/?s={search_term_string}"},"query-input":{"@type":"PropertyValueSpecification","valueRequired":true,"valueName":"search_term_string"}}],"inLanguage":"ja"},{"@type":"Organization","@id":"https:\/\/www.omnesbands.international\/#organization","name":"\u30a4\u30f3\u30c9\u30e9\u56fd\u969b\u30b3\u30f3\u30b5\u30eb\u30bf\u30f3\u30c8","alternateName":"Omnesbands","url":"https:\/\/www.omnesbands.international\/","logo":{"@type":"ImageObject","inLanguage":"ja","@id":"https:\/\/www.omnesbands.international\/#\/schema\/logo\/image\/","url":"https:\/\/omnesbands.international\/wp-content\/uploads\/2023\/06\/Logo-Nuevo-.png","contentUrl":"https:\/\/omnesbands.international\/wp-content\/uploads\/2023\/06\/Logo-Nuevo-.png","width":394,"height":212,"caption":"Indra Consultores Internacionales"},"image":{"@id":"https:\/\/www.omnesbands.international\/#\/schema\/logo\/image\/"}}]}},"uagb_featured_image_src":{"full":false,"thumbnail":false,"medium":false,"medium_large":false,"large":false,"1536x1536":false,"2048x2048":false,"trp-custom-language-flag":false,"gg_gallery_thumbnail":false,"woocommerce_thumbnail":false,"woocommerce_single":false,"woocommerce_gallery_thumbnail":false},"uagb_author_info":{"display_name":"Melvin R. Portillo A:","author_link":"https:\/\/www.omnesbands.international\/ja\/author\/portand\/"},"uagb_comment_info":0,"uagb_excerpt":"FERNANDO ESP\u00cd CREMADES Fernando Esp\u00ed es uno de los mejores guitarristas espa\u00f1oles del momento. Obtuvo el Premio extraordinario Fin de Carrera del maestro internacional D. Jos\u00e9 Tom\u00e1s en el Conservatorio Superior \u00abOscar Espl\u00e1\u00bb de Alicante donde actualmente ejerce la docencia como catedr\u00e1tico de guitarra. Posee el t\u00edtulo profesional de la especialidad de m\u00fasica antigua con&hellip;","_links":{"self":[{"href":"https:\/\/www.omnesbands.international\/ja\/wp-json\/wp\/v2\/pages\/1645","targetHints":{"allow":["GET"]}}],"collection":[{"href":"https:\/\/www.omnesbands.international\/ja\/wp-json\/wp\/v2\/pages"}],"about":[{"href":"https:\/\/www.omnesbands.international\/ja\/wp-json\/wp\/v2\/types\/page"}],"author":[{"embeddable":true,"href":"https:\/\/www.omnesbands.international\/ja\/wp-json\/wp\/v2\/users\/4"}],"replies":[{"embeddable":true,"href":"https:\/\/www.omnesbands.international\/ja\/wp-json\/wp\/v2\/comments?post=1645"}],"version-history":[{"count":2,"href":"https:\/\/www.omnesbands.international\/ja\/wp-json\/wp\/v2\/pages\/1645\/revisions"}],"predecessor-version":[{"id":1648,"href":"https:\/\/www.omnesbands.international\/ja\/wp-json\/wp\/v2\/pages\/1645\/revisions\/1648"}],"wp:attachment":[{"href":"https:\/\/www.omnesbands.international\/ja\/wp-json\/wp\/v2\/media?parent=1645"}],"curies":[{"name":"wp","href":"https:\/\/api.w.org\/{rel}","templated":true}]}}