{"id":1658,"date":"2023-01-28T16:04:17","date_gmt":"2023-01-28T22:04:17","guid":{"rendered":"https:\/\/omnesbands.international\/?page_id=1658"},"modified":"2023-01-28T20:22:30","modified_gmt":"2023-01-29T02:22:30","slug":"jaime-moscardo-2","status":"publish","type":"page","link":"https:\/\/www.omnesbands.international\/ja\/jaime-moscardo-2\/","title":{"rendered":"\u30cf\u30a4\u30e1\u30fb\u30e2\u30b9\u30ab\u30eb\u30c9"},"content":{"rendered":"<div class=\"wp-block-uagb-container uagb-block-5481fc9b alignfull uagb-is-root-container\"><div class=\"uagb-container-inner-blocks-wrap\">\n<div class=\"wp-block-uagb-advanced-heading uagb-block-8318b882\"><h1 class=\"uagb-heading-text\"><strong>\u30cf\u30a4\u30e1\u30fb\u30e2\u30b9\u30ab\u30eb\u30c9<\/strong><\/h1><\/div>\n<\/div><\/div>\n\n\n\n<div class=\"wp-block-uagb-container uagb-block-5e885810 alignfull uagb-is-root-container\"><div class=\"uagb-container-inner-blocks-wrap\">\n<div class=\"wp-block-uagb-container uagb-block-c116bcda\">\n<p>UM \u30b5\u30f3\u30bf \u30bb\u30b7\u30ea\u30a2 \u30c7 \u30e9 \u30a2\u30eb\u30b1\u30ea\u30a2 \u30c7 \u30e9 \u30b3\u30f3\u30c7\u30b5\u97f3\u697d\u30d0\u30f3\u30c9\u306b\u65b0\u3057\u3044\u30c7\u30a3\u30ec\u30af\u30bf\u30fc\u3001\u30b8\u30e3\u30a6\u30e1 \u30e2\u30b9\u30ab\u30eb\u30c9 \u30c8\u30a5\u30c7\u30e9\u304c\u5c31\u4efb\u3057\u307e\u3057\u305f\u3002\u65b0\u76e3\u7763\u306f\u30d9\u30cb\u30ac\u30cb\u30e0\u51fa\u8eab\u3067\u30018\u6b73\u304b\u3089\u97f3\u697d\u6307\u5c0e\u5354\u4f1a\u3067\u8a13\u7df4\u3092\u59cb\u3081\u305f\u3002\u30c8\u30a5\u30c7\u30e9\u306f\u30b7\u30e3\u30c6\u30a3\u30d0\u97f3\u697d\u9662\u3067\u5c02\u9580\u5b66\u4f4d\u3092\u53d6\u5f97\u3057\u3001\u30ab\u30b9\u30c6\u30ea\u30e7\u30f3\u30fb\u30c7\u30fb\u30e9\u30fb\u30d7\u30e9\u30ca\u9ad8\u7b49\u97f3\u697d\u9662\u3067\u30c8\u30ed\u30f3\u30dc\u30fc\u30f3\u5c02\u9580\u306e\u5b66\u4f4d\u3092\u53d6\u5f97\u3057\u307e\u3057\u305f\u3002\u5f7c\u306f\u30ed\u30f3\u30c9\u30f3\u306e\u738b\u7acb\u97f3\u697d\u5b66\u6821\u304b\u3089\u30d0\u30f3\u30c9\u30c7\u30a3\u30ec\u30af\u30bf\u30fc\u306e\u79f0\u53f7\u3082\u53d6\u5f97\u3057\u3066\u3044\u307e\u3059\u3002<br>\u97f3\u697d\u76e3\u7763<br>1\u67082022 \u2013 \u73fe\u5728 \u00b7 10 \u30f6\u67082022\u5e74 \u2013 \u73fe\u5728 \u00b7 10\u30f6\u6708<\/p>\n<\/div>\n<\/div><\/div>\n\n\n<div class=\"woocommerce columns-4\"><\/div>","protected":false},"excerpt":{"rendered":"<p>JAIME MOSCARD\u00d3 La banda de m\u00fasica U.M. Santa Cecilia de la Alquer\u00eda de la Condesa cuenta con un nuevo director, Jaume Moscard\u00f3 Tudela. El nuevo director es natural de Benig\u00e0nim y empez\u00f3 su formaci\u00f3n en la Sociedad Instructiva Musical a los 8 a\u00f1os. Tudela obtuvo el t\u00edtulo profesional en el Conservatorio de X\u00e0tiva y el [&hellip;]<\/p>\n","protected":false},"author":4,"featured_media":0,"parent":0,"menu_order":0,"comment_status":"closed","ping_status":"closed","template":"","meta":{"_acf_changed":false,"_uag_custom_page_level_css":"","site-sidebar-layout":"default","site-content-layout":"","ast-site-content-layout":"default","site-content-style":"default","site-sidebar-style":"default","ast-global-header-display":"","ast-banner-title-visibility":"","ast-main-header-display":"","ast-hfb-above-header-display":"","ast-hfb-below-header-display":"","ast-hfb-mobile-header-display":"","site-post-title":"disabled","ast-breadcrumbs-content":"","ast-featured-img":"","footer-sml-layout":"","ast-disable-related-posts":"","theme-transparent-header-meta":"","adv-header-id-meta":"","stick-header-meta":"","header-above-stick-meta":"","header-main-stick-meta":"","header-below-stick-meta":"","astra-migrate-meta-layouts":"default","ast-page-background-enabled":"default","ast-page-background-meta":{"desktop":{"background-color":"","background-image":"","background-repeat":"repeat","background-position":"center center","background-size":"auto","background-attachment":"scroll","background-type":"","background-media":"","overlay-type":"","overlay-color":"","overlay-opacity":"","overlay-gradient":""},"tablet":{"background-color":"","background-image":"","background-repeat":"repeat","background-position":"center center","background-size":"auto","background-attachment":"scroll","background-type":"","background-media":"","overlay-type":"","overlay-color":"","overlay-opacity":"","overlay-gradient":""},"mobile":{"background-color":"","background-image":"","background-repeat":"repeat","background-position":"center center","background-size":"auto","background-attachment":"scroll","background-type":"","background-media":"","overlay-type":"","overlay-color":"","overlay-opacity":"","overlay-gradient":""}},"ast-content-background-meta":{"desktop":{"background-color":"var(--ast-global-color-5)","background-image":"","background-repeat":"repeat","background-position":"center center","background-size":"auto","background-attachment":"scroll","background-type":"","background-media":"","overlay-type":"","overlay-color":"","overlay-opacity":"","overlay-gradient":""},"tablet":{"background-color":"var(--ast-global-color-5)","background-image":"","background-repeat":"repeat","background-position":"center center","background-size":"auto","background-attachment":"scroll","background-type":"","background-media":"","overlay-type":"","overlay-color":"","overlay-opacity":"","overlay-gradient":""},"mobile":{"background-color":"var(--ast-global-color-5)","background-image":"","background-repeat":"repeat","background-position":"center center","background-size":"auto","background-attachment":"scroll","background-type":"","background-media":"","overlay-type":"","overlay-color":"","overlay-opacity":"","overlay-gradient":""}},"footnotes":""},"class_list":["post-1658","page","type-page","status-publish","hentry"],"acf":[],"yoast_head":"<!-- This site is optimized with the Yoast SEO Premium plugin v22.4 (Yoast SEO v27.4) - https:\/\/yoast.com\/product\/yoast-seo-premium-wordpress\/ -->\n<title>JAIME MOSCARD\u00d3 -<\/title>\n<meta name=\"robots\" content=\"index, follow, max-snippet:-1, max-image-preview:large, max-video-preview:-1\" \/>\n<link rel=\"canonical\" href=\"https:\/\/www.omnesbands.international\/ja\/jaime-moscardo-2\/\" \/>\n<meta property=\"og:locale\" content=\"ja_JP\" \/>\n<meta property=\"og:type\" content=\"article\" \/>\n<meta property=\"og:title\" content=\"JAIME MOSCARD\u00d3\" \/>\n<meta property=\"og:description\" content=\"JAIME MOSCARD\u00d3 La banda de m\u00fasica U.M. Santa Cecilia de la Alquer\u00eda de la Condesa cuenta con un nuevo director, Jaume Moscard\u00f3 Tudela. El nuevo director es natural de Benig\u00e0nim y empez\u00f3 su formaci\u00f3n en la Sociedad Instructiva Musical a los 8 a\u00f1os. Tudela obtuvo el t\u00edtulo profesional en el Conservatorio de X\u00e0tiva y el [&hellip;]\" \/>\n<meta property=\"og:url\" content=\"https:\/\/www.omnesbands.international\/ja\/jaime-moscardo-2\/\" \/>\n<meta property=\"article:modified_time\" content=\"2023-01-29T02:22:30+00:00\" \/>\n<meta property=\"og:image\" content=\"https:\/\/www.omnesbands.international\/wp-content\/uploads\/2023\/01\/music-sheet-music-snowdrop-7107045.jpg\" \/>\n\t<meta property=\"og:image:width\" content=\"1280\" \/>\n\t<meta property=\"og:image:height\" content=\"742\" \/>\n\t<meta property=\"og:image:type\" content=\"image\/jpeg\" \/>\n<meta name=\"twitter:card\" content=\"summary_large_image\" \/>\n<meta name=\"twitter:label1\" content=\"\u63a8\u5b9a\u8aad\u307f\u53d6\u308a\u6642\u9593\" \/>\n\t<meta name=\"twitter:data1\" content=\"1\u5206\" \/>\n<script type=\"application\/ld+json\" class=\"yoast-schema-graph\">{\"@context\":\"https:\\\/\\\/schema.org\",\"@graph\":[{\"@type\":\"WebPage\",\"@id\":\"https:\\\/\\\/www.omnesbands.international\\\/ja\\\/jaime-moscardo-2\\\/\",\"url\":\"https:\\\/\\\/www.omnesbands.international\\\/ja\\\/jaime-moscardo-2\\\/\",\"name\":\"JAIME MOSCARD\u00d3 -\",\"isPartOf\":{\"@id\":\"https:\\\/\\\/www.omnesbands.international\\\/#website\"},\"datePublished\":\"2023-01-28T22:04:17+00:00\",\"dateModified\":\"2023-01-29T02:22:30+00:00\",\"breadcrumb\":{\"@id\":\"https:\\\/\\\/www.omnesbands.international\\\/ja\\\/jaime-moscardo-2\\\/#breadcrumb\"},\"inLanguage\":\"ja\",\"potentialAction\":[{\"@type\":\"ReadAction\",\"target\":[\"https:\\\/\\\/www.omnesbands.international\\\/ja\\\/jaime-moscardo-2\\\/\"]}]},{\"@type\":\"BreadcrumbList\",\"@id\":\"https:\\\/\\\/www.omnesbands.international\\\/ja\\\/jaime-moscardo-2\\\/#breadcrumb\",\"itemListElement\":[{\"@type\":\"ListItem\",\"position\":1,\"name\":\"Portada\",\"item\":\"https:\\\/\\\/www.omnesbands.international\\\/\"},{\"@type\":\"ListItem\",\"position\":2,\"name\":\"JAIME MOSCARD\u00d3\"}]},{\"@type\":\"WebSite\",\"@id\":\"https:\\\/\\\/www.omnesbands.international\\\/#website\",\"url\":\"https:\\\/\\\/www.omnesbands.international\\\/\",\"name\":\"OMNESBANDS International\",\"description\":\"Partituras Originales de autores y compositores independientes\",\"publisher\":{\"@id\":\"https:\\\/\\\/www.omnesbands.international\\\/#organization\"},\"potentialAction\":[{\"@type\":\"SearchAction\",\"target\":{\"@type\":\"EntryPoint\",\"urlTemplate\":\"https:\\\/\\\/www.omnesbands.international\\\/?s={search_term_string}\"},\"query-input\":{\"@type\":\"PropertyValueSpecification\",\"valueRequired\":true,\"valueName\":\"search_term_string\"}}],\"inLanguage\":\"ja\"},{\"@type\":\"Organization\",\"@id\":\"https:\\\/\\\/www.omnesbands.international\\\/#organization\",\"name\":\"Indra Consultores Internacionales\",\"alternateName\":\"Omnesbands\",\"url\":\"https:\\\/\\\/www.omnesbands.international\\\/\",\"logo\":{\"@type\":\"ImageObject\",\"inLanguage\":\"ja\",\"@id\":\"https:\\\/\\\/www.omnesbands.international\\\/#\\\/schema\\\/logo\\\/image\\\/\",\"url\":\"https:\\\/\\\/omnesbands.international\\\/wp-content\\\/uploads\\\/2023\\\/06\\\/Logo-Nuevo-.png\",\"contentUrl\":\"https:\\\/\\\/omnesbands.international\\\/wp-content\\\/uploads\\\/2023\\\/06\\\/Logo-Nuevo-.png\",\"width\":394,\"height\":212,\"caption\":\"Indra Consultores Internacionales\"},\"image\":{\"@id\":\"https:\\\/\\\/www.omnesbands.international\\\/#\\\/schema\\\/logo\\\/image\\\/\"}}]}<\/script>\n<!-- \/ Yoast SEO Premium plugin. -->","yoast_head_json":{"title":"JAIME MOSCARD\u00d3 -","robots":{"index":"index","follow":"follow","max-snippet":"max-snippet:-1","max-image-preview":"max-image-preview:large","max-video-preview":"max-video-preview:-1"},"canonical":"https:\/\/www.omnesbands.international\/ja\/jaime-moscardo-2\/","og_locale":"ja_JP","og_type":"article","og_title":"JAIME MOSCARD\u00d3","og_description":"JAIME MOSCARD\u00d3 La banda de m\u00fasica U.M. Santa Cecilia de la Alquer\u00eda de la Condesa cuenta con un nuevo director, Jaume Moscard\u00f3 Tudela. El nuevo director es natural de Benig\u00e0nim y empez\u00f3 su formaci\u00f3n en la Sociedad Instructiva Musical a los 8 a\u00f1os. Tudela obtuvo el t\u00edtulo profesional en el Conservatorio de X\u00e0tiva y el [&hellip;]","og_url":"https:\/\/www.omnesbands.international\/ja\/jaime-moscardo-2\/","article_modified_time":"2023-01-29T02:22:30+00:00","og_image":[{"width":1280,"height":742,"url":"https:\/\/www.omnesbands.international\/wp-content\/uploads\/2023\/01\/music-sheet-music-snowdrop-7107045.jpg","type":"image\/jpeg"}],"twitter_card":"summary_large_image","twitter_misc":{"\u63a8\u5b9a\u8aad\u307f\u53d6\u308a\u6642\u9593":"1\u5206"},"schema":{"@context":"https:\/\/schema.org","@graph":[{"@type":"WebPage","@id":"https:\/\/www.omnesbands.international\/ja\/jaime-moscardo-2\/","url":"https:\/\/www.omnesbands.international\/ja\/jaime-moscardo-2\/","name":"JAIME MOSCARD\u00d3 -","isPartOf":{"@id":"https:\/\/www.omnesbands.international\/#website"},"datePublished":"2023-01-28T22:04:17+00:00","dateModified":"2023-01-29T02:22:30+00:00","breadcrumb":{"@id":"https:\/\/www.omnesbands.international\/ja\/jaime-moscardo-2\/#breadcrumb"},"inLanguage":"ja","potentialAction":[{"@type":"ReadAction","target":["https:\/\/www.omnesbands.international\/ja\/jaime-moscardo-2\/"]}]},{"@type":"BreadcrumbList","@id":"https:\/\/www.omnesbands.international\/ja\/jaime-moscardo-2\/#breadcrumb","itemListElement":[{"@type":"ListItem","position":1,"name":"Portada","item":"https:\/\/www.omnesbands.international\/"},{"@type":"ListItem","position":2,"name":"JAIME MOSCARD\u00d3"}]},{"@type":"WebSite","@id":"https:\/\/www.omnesbands.international\/#website","url":"https:\/\/www.omnesbands.international\/","name":"OMNESBANDS International","description":"\u72ec\u7acb\u3057\u305f\u4f5c\u5bb6\u3084\u4f5c\u66f2\u5bb6\u306b\u3088\u308b\u30aa\u30ea\u30b8\u30ca\u30eb\u306e\u697d\u8b5c","publisher":{"@id":"https:\/\/www.omnesbands.international\/#organization"},"potentialAction":[{"@type":"SearchAction","target":{"@type":"EntryPoint","urlTemplate":"https:\/\/www.omnesbands.international\/?s={search_term_string}"},"query-input":{"@type":"PropertyValueSpecification","valueRequired":true,"valueName":"search_term_string"}}],"inLanguage":"ja"},{"@type":"Organization","@id":"https:\/\/www.omnesbands.international\/#organization","name":"\u30a4\u30f3\u30c9\u30e9\u56fd\u969b\u30b3\u30f3\u30b5\u30eb\u30bf\u30f3\u30c8","alternateName":"Omnesbands","url":"https:\/\/www.omnesbands.international\/","logo":{"@type":"ImageObject","inLanguage":"ja","@id":"https:\/\/www.omnesbands.international\/#\/schema\/logo\/image\/","url":"https:\/\/omnesbands.international\/wp-content\/uploads\/2023\/06\/Logo-Nuevo-.png","contentUrl":"https:\/\/omnesbands.international\/wp-content\/uploads\/2023\/06\/Logo-Nuevo-.png","width":394,"height":212,"caption":"Indra Consultores Internacionales"},"image":{"@id":"https:\/\/www.omnesbands.international\/#\/schema\/logo\/image\/"}}]}},"uagb_featured_image_src":{"full":false,"thumbnail":false,"medium":false,"medium_large":false,"large":false,"1536x1536":false,"2048x2048":false,"trp-custom-language-flag":false,"gg_gallery_thumbnail":false,"woocommerce_thumbnail":false,"woocommerce_single":false,"woocommerce_gallery_thumbnail":false},"uagb_author_info":{"display_name":"Melvin R. Portillo A:","author_link":"https:\/\/www.omnesbands.international\/ja\/author\/portand\/"},"uagb_comment_info":0,"uagb_excerpt":"JAIME MOSCARD\u00d3 La banda de m\u00fasica U.M. Santa Cecilia de la Alquer\u00eda de la Condesa cuenta con un nuevo director, Jaume Moscard\u00f3 Tudela. El nuevo director es natural de Benig\u00e0nim y empez\u00f3 su formaci\u00f3n en la Sociedad Instructiva Musical a los 8 a\u00f1os. Tudela obtuvo el t\u00edtulo profesional en el Conservatorio de X\u00e0tiva y el&hellip;","_links":{"self":[{"href":"https:\/\/www.omnesbands.international\/ja\/wp-json\/wp\/v2\/pages\/1658","targetHints":{"allow":["GET"]}}],"collection":[{"href":"https:\/\/www.omnesbands.international\/ja\/wp-json\/wp\/v2\/pages"}],"about":[{"href":"https:\/\/www.omnesbands.international\/ja\/wp-json\/wp\/v2\/types\/page"}],"author":[{"embeddable":true,"href":"https:\/\/www.omnesbands.international\/ja\/wp-json\/wp\/v2\/users\/4"}],"replies":[{"embeddable":true,"href":"https:\/\/www.omnesbands.international\/ja\/wp-json\/wp\/v2\/comments?post=1658"}],"version-history":[{"count":4,"href":"https:\/\/www.omnesbands.international\/ja\/wp-json\/wp\/v2\/pages\/1658\/revisions"}],"predecessor-version":[{"id":1667,"href":"https:\/\/www.omnesbands.international\/ja\/wp-json\/wp\/v2\/pages\/1658\/revisions\/1667"}],"wp:attachment":[{"href":"https:\/\/www.omnesbands.international\/ja\/wp-json\/wp\/v2\/media?parent=1658"}],"curies":[{"name":"wp","href":"https:\/\/api.w.org\/{rel}","templated":true}]}}