{"id":1668,"date":"2023-01-28T20:24:22","date_gmt":"2023-01-29T02:24:22","guid":{"rendered":"https:\/\/omnesbands.international\/?page_id=1668"},"modified":"2023-01-28T20:24:26","modified_gmt":"2023-01-29T02:24:26","slug":"angel-garcia-martinez-2","status":"publish","type":"page","link":"https:\/\/www.omnesbands.international\/ja\/angel-garcia-martinez-2\/","title":{"rendered":"\u30a8\u30f3\u30b8\u30a7\u30eb\u30fb\u30ac\u30eb\u30b7\u30a2\u30fb\u30de\u30eb\u30c6\u30a3\u30cd\u30b9"},"content":{"rendered":"<div class=\"wp-block-uagb-container uagb-block-a28534bf alignfull uagb-is-root-container\"><div class=\"uagb-container-inner-blocks-wrap\">\n<div class=\"wp-block-uagb-advanced-heading uagb-block-5373438a\"><h1 class=\"uagb-heading-text\"><strong>\u30a8\u30f3\u30b8\u30a7\u30eb\u30fb\u30ac\u30eb\u30b7\u30a2\u30fb\u30de\u30eb\u30c6\u30a3\u30cd\u30b9<\/strong><\/h1><\/div>\n<\/div><\/div>\n\n\n\n<div class=\"wp-block-uagb-container uagb-block-c1963ad4 alignfull uagb-is-root-container\"><div class=\"uagb-container-inner-blocks-wrap\">\n<div class=\"wp-block-uagb-container uagb-block-2edadf80\">\n<p>\u30a2\u30f3\u30d8\u30eb\u30fb\u30ac\u30eb\u30b7\u30a2\u30fb\u30de\u30eb\u30c6\u30a3\u30cd\u30b9\u306f\u3001\u30d9\u30cb\u30d5\u30a1\u30a4\u30aa\u306e\u97f3\u697d\u5bb6\u4e00\u5bb6\u306b\u751f\u307e\u308c\u307e\u3057\u305f\u3002\u5f7c\u306e\u7956\u6bcd\u306e 1 \u4eba\u306f\u30d0\u30a4\u30aa\u30ea\u30f3\u3092\u3001\u3082\u3046 1 \u4eba\u306f\u30d4\u30a2\u30ce\u3092\u5f3e\u304d\u3001\u7956\u7236\u3001\u53d4\u7236\u3001\u3044\u3068\u3053\u306f\u30af\u30e9\u30ea\u30cd\u30c3\u30c8\u3092\u3001\u5225\u306e\u53d4\u7236\u306f\u30c8\u30e9\u30f3\u30da\u30c3\u30c8\u3092\u6f14\u594f\u3057\u307e\u3057\u305f\u3002\u78ba\u304b\u306b\u3001\u9032\u3080\u3079\u304d\u9053\u306f\u660e\u78ba\u3067\u3057\u305f\u3002<br \/>\u30a2\u30f3\u30d8\u30eb\u30fb\u30c8\u30de\u30b9\u3001\u30db\u30a2\u30ad\u30f3\u30fb\u30d3\u30c0\u30eb\u3001\u30b5\u30eb\u30d0\u30c9\u30fc\u30eb\u30fb\u30da\u30ea\u30bb\u30eb\u306b\u5e2b\u4e8b\u3057\u3001\u30e6\u30fc\u30d5\u30a9\u30cb\u30a2\u30e0\u306e\u7814\u7a76\u3092\u958b\u59cb\u3002\u30d7\u30ed\u306e\u5b66\u4f4d\u3092\u53d6\u5f97\u3059\u308b\u3068\u3001\u5f7c\u306f\u30c1\u30e5\u30fc\u30d0\u306e\u30e6\u30fc\u30d5\u30a9\u30cb\u30a2\u30e0\u3092\u5909\u66f4\u3057\u3001\u30d0\u30ec\u30f3\u30b7\u30a2\u97f3\u697d\u9662\u3068\u30ab\u30b9\u30c6\u30ea\u30e7\u30f3\u97f3\u697d\u9662\u3067\u30db\u30bb\u30fb\u30de\u30cc\u30a8\u30eb\u30fb\u30df\u30cb\u30e3\u30fc\u30ca\u3068\u30d3\u30bb\u30f3\u30c6\u30fb\u30ed\u30da\u30b9\u306b\u5e2b\u4e8b\u3057\u307e\u3057\u305f\u3002<br \/>\u5668\u697d\u594f\u8005\u3068\u3057\u3066\u3001\u5f7c\u306f\u30b9\u30da\u30a4\u30f3\u5168\u571f\u3067\u6570\u591a\u304f\u306e\u30aa\u30fc\u30b1\u30b9\u30c8\u30e9\u3084\u5e02\u306e\u30d0\u30f3\u30c9\u3068\u5354\u529b\u3057\u3001\u305d\u306e\u4e00\u90e8\u3092\u5f62\u6210\u3057\u3066\u304d\u307e\u3057\u305f\u3002<br \/>\u5ba4\u5185\u697d\u306e\u4e16\u754c\u3067\u306f\u3001\u30bd\u30ea\u30b9\u30c8\u3068\u3057\u3066\u30de\u30c6\u30a3\u30fc\u30ba\u30fb\u30d5\u30a1\u30fc\u3001\u30a8\u30c9\u30a5\u30a2\u30eb\u30c9\u30fb\u30ce\u30b2\u30ed\u30ec\u30b9\u3001\u30db\u30bb\u30fb\u30b0\u30e9\u30a6\u3001\u30a2\u30f3\u30c9\u30ec\u30b9\u30fb\u30d0\u30ec\u30ed\u306e\u4f5c\u54c1\u3092\u521d\u6f14\u3002\u3053\u306e\u5f8c\u8005\u306e\u4f5c\u66f2\u5bb6\u306b\u3088\u3063\u3066\u3001\u5f7c\u306f\u30c1\u30e5\u30fc\u30d0\u3068\u6728\u7ba1\u4e94\u91cd\u594f\u306e\u305f\u3081\u306e\u4f5c\u54c1\u300c\u30f4\u30a3\u30f4\u30a1\u30eb\u30c7\u30a3\u306e\u4e3b\u984c\u306b\u3088\u308b\u5909\u594f\u66f2\u300d\u3092\u521d\u6f14\u3057\u307e\u3057\u305f\u3002\u521d\u6f14\u3067\u6f14\u594f\u3055\u308c\u305f\u30af\u30a4\u30f3\u30c6\u30c3\u30c8\u306f\u30cb\u30e5\u30fc\u30e8\u30fc\u30af\u30fb\u30d5\u30a3\u30eb\u30cf\u30fc\u30e2\u30cb\u30c3\u30af\u306e\u30e1\u30f3\u30d0\u30fc\u3067\u69cb\u6210\u3055\u308c\u3001\u540c\u3058\u4f5c\u66f2\u5bb6\u306b\u3088\u3063\u3066\u6307\u63ee\u3055\u308c\u3001ML Productions \u306b\u3088\u3063\u3066 CD \u306b\u9332\u97f3\u3055\u308c\u307e\u3057\u305f\u3002<br \/>\u6559\u5e2b\u3068\u3057\u3066\u3001\u5f7c\u306f\u30de\u30e8\u30eb\u30ab\u5cf6\u3068\u30d0\u30ec\u30f3\u30b7\u30a2 \u30b3\u30df\u30e5\u30cb\u30c6\u30a3\u306e\u3055\u307e\u3056\u307e\u306a\u97f3\u697d\u5b66\u6821\u3067\u6559\u3048\u3066\u304d\u307e\u3057\u305f\u3002\u307e\u305f\u3001\u30ed\u30eb\u30ab\u306e\u97f3\u697d\u9662\u300c\u30ca\u30eb\u30b7\u30bd\u30fb\u30a4\u30a7\u30da\u30b9\u300d\u3068\u30e0\u30eb\u30b7\u30a2\u306e\u5c02\u9580\u5bb6\u3067\u3082\u3002<br \/>\u4f5c\u66f2\u5bb6\u3068\u3057\u3066\u3001\u795d\u796d\u97f3\u697d\u306e\u5206\u91ce\u3067\u6570\u3005\u306e\u8cde\u3092\u53d7\u8cde\u3002\u5f7c\u306f\u307e\u305f\u3001\u30d0\u30ec\u30f3\u30b7\u30a2\u306e\u30d5\u30a1\u30ec\u30e9\u5e02\u9577\u306e\u30d1\u30bd\u30c9\u30d6\u30ec \u30b3\u30f3\u30c6\u30b9\u30c8\u3068\u300cII Reinas de Segorbe \u4f5c\u66f2\u30b3\u30f3\u30c6\u30b9\u30c8\u300d\u306e\u30d5\u30a1\u30a4\u30ca\u30ea\u30b9\u30c8\u3067\u3082\u3042\u308a\u307e\u3059\u3002 2019\u5e74\u306b\u306f\u30e6\u30fc\u30b9\u30d0\u30f3\u30c9\u3092\u5bfe\u8c61\u3068\u3057\u305f\u300c\u7b2c6\u56de\u56fd\u969b\u30e6\u30fc\u30b9\u4f5c\u66f2\u30b3\u30f3\u30c6\u30b9\u30c8\u300d\u30671\u4f4d\u30012\u4f4d\u3092\u53d7\u8cde\u3002\u30b9\u30da\u30a4\u30f3\u30fb\u30c1\u30e5\u30fc\u30d0\u30fb\u30e6\u30fc\u30d5\u30a9\u30cb\u30a2\u30e0\u30fb\u30b3\u30f3\u30c6\u30b9\u30c8\u306e\u30a8\u30ec\u30e1\u30f3\u30bf\u30ea\u30fc\u30fb\u30ec\u30d9\u30eb\u30fb\u30a2\u30f3\u30b5\u30f3\u30d6\u30eb\u90e8\u9580\u3067\u6700\u512a\u79c0\u8cde\u3092\u53d7\u8cde\u3002\u56fd\u969b\u7684\u306b\u306f\u3001\u56fd\u969b\u30c1\u30e5\u30fc\u30d0\u30fb\u30e6\u30fc\u30d5\u30a9\u30cb\u30a2\u30e0\u5354\u4f1a\u304c\u4e3b\u50ac\u3059\u308b\u300cHarvey Philips Composition Award 2019\u300d\u306e\u30d5\u30a1\u30a4\u30ca\u30ea\u30b9\u30c8\u3067\u3059\u3002<br \/>\u4e00\u65b9\u3001\u30e6\u30fc\u30d5\u30a9\u30cb\u30a2\u30e0\u3068\u30d4\u30a2\u30ce\u306e\u305f\u3081\u306e\u4f5c\u54c1\u300c\u30c9\u30ed\u30c3\u30d7\u30b9\u300d\u3001\u300c\u30d0\u30e9\u30c0\u30fb\u30c0\u30eb\u30b8\u30e3\u30f3\u300d\u3001\u300c\u30ae\u30a2\u30fb\u30d7\u30e9\u30af\u30c6\u30a3\u30ab\u30fb\u30c7\u30eb\u30fb\u30f4\u30a1\u30f3\u30d4\u30ed\u300d\u3001\u300c\u30a6\u30a8\u30b9\u30c8\uff01\u300d\u3002\u3053\u306e\u300cThe Blowing &amp; the Windy Circus\u300d\u306f\u3001\u5168\u56fd\u5927\u4f1a\u306e\u30c6\u30b9\u30c8\u30d4\u30fc\u30b9\u3067\u3042\u308a\u3001\u591a\u304f\u306e\u97f3\u697d\u9662\u3067\u30c1\u30e5\u30fc\u30d0 \u30b3\u30fc\u30b9 \u30d7\u30ed\u30b0\u30e9\u30e0\u306e\u4e00\u90e8\u3068\u306a\u3063\u3066\u3044\u307e\u3059\u3002<br \/>\u5f7c\u306f\u73fe\u5728\u3001\u6559\u80b2\u3001\u89e3\u91c8\u3001\u4f5c\u66f2\u306e 3 \u3064\u306e\u9762\u3067\u7cbe\u529b\u7684\u306b\u6d3b\u52d5\u3057\u3066\u3044\u308b\u30df\u30e5\u30fc\u30b8\u30b7\u30e3\u30f3\u3067\u3059\u3002<br \/>2008\u5e74\u4ee5\u6765\u3001\u5f7c\u306f\u30e0\u30eb\u30b7\u30a2\u6559\u80b2\u7701\u306e\u6559\u6388\u3067\u3042\u308a\u3001\u30ab\u30eb\u30bf\u30d8\u30ca\u97f3\u697d\u9662\u3067\u30c1\u30e5\u30fc\u30d0\u3068\u5ba4\u5185\u697d\u306e\u30af\u30e9\u30b9\u3092\u6559\u3048\u3066\u3044\u307e\u3059\u3002\u5f7c\u306f\u307e\u305f\u30012006 \u5e74\u304b\u3089\u30a2\u30c6\u30cd\u30a6 \u30df\u30e5\u30fc\u30b8\u30ab\u30eb \u30c0\u30eb\u30d0\u30e9\u30c3\u30c8 \u30c7 \u30e9 \u30ea\u30d9\u30e9\u306e\u97f3\u697d\u5b66\u6821\u3067\u305d\u308c\u3092\u884c\u3063\u3066\u3044\u307e\u3059\u3002<\/p>\n<\/div>\n<\/div><\/div>\n\n\n<div class=\"woocommerce columns-4\"><\/div>","protected":false},"excerpt":{"rendered":"<p>\u00c1NGEL GARCIA MARTINEZ \u00c1ngel Garc\u00eda Mart\u00ednez naci\u00f3 en Benifai\u00f3 en una familia de m\u00fasicos. Una de sus abuelas tocaba el viol\u00edn y la otra el piano, su abuelo, su t\u00edo y su primo tocan el clarinete, otro t\u00edo la trompeta. Obviamente el camino a seguir era evidente.Empez\u00f3 sus estudios de bombardino con los profesores, \u00c1ngel [&hellip;]<\/p>\n","protected":false},"author":4,"featured_media":0,"parent":0,"menu_order":0,"comment_status":"closed","ping_status":"closed","template":"","meta":{"_acf_changed":false,"_uag_custom_page_level_css":"","site-sidebar-layout":"default","site-content-layout":"","ast-site-content-layout":"default","site-content-style":"default","site-sidebar-style":"default","ast-global-header-display":"","ast-banner-title-visibility":"","ast-main-header-display":"","ast-hfb-above-header-display":"","ast-hfb-below-header-display":"","ast-hfb-mobile-header-display":"","site-post-title":"disabled","ast-breadcrumbs-content":"","ast-featured-img":"","footer-sml-layout":"","ast-disable-related-posts":"","theme-transparent-header-meta":"","adv-header-id-meta":"","stick-header-meta":"","header-above-stick-meta":"","header-main-stick-meta":"","header-below-stick-meta":"","astra-migrate-meta-layouts":"default","ast-page-background-enabled":"default","ast-page-background-meta":{"desktop":{"background-color":"","background-image":"","background-repeat":"repeat","background-position":"center center","background-size":"auto","background-attachment":"scroll","background-type":"","background-media":"","overlay-type":"","overlay-color":"","overlay-opacity":"","overlay-gradient":""},"tablet":{"background-color":"","background-image":"","background-repeat":"repeat","background-position":"center center","background-size":"auto","background-attachment":"scroll","background-type":"","background-media":"","overlay-type":"","overlay-color":"","overlay-opacity":"","overlay-gradient":""},"mobile":{"background-color":"","background-image":"","background-repeat":"repeat","background-position":"center center","background-size":"auto","background-attachment":"scroll","background-type":"","background-media":"","overlay-type":"","overlay-color":"","overlay-opacity":"","overlay-gradient":""}},"ast-content-background-meta":{"desktop":{"background-color":"var(--ast-global-color-5)","background-image":"","background-repeat":"repeat","background-position":"center center","background-size":"auto","background-attachment":"scroll","background-type":"","background-media":"","overlay-type":"","overlay-color":"","overlay-opacity":"","overlay-gradient":""},"tablet":{"background-color":"var(--ast-global-color-5)","background-image":"","background-repeat":"repeat","background-position":"center center","background-size":"auto","background-attachment":"scroll","background-type":"","background-media":"","overlay-type":"","overlay-color":"","overlay-opacity":"","overlay-gradient":""},"mobile":{"background-color":"var(--ast-global-color-5)","background-image":"","background-repeat":"repeat","background-position":"center center","background-size":"auto","background-attachment":"scroll","background-type":"","background-media":"","overlay-type":"","overlay-color":"","overlay-opacity":"","overlay-gradient":""}},"footnotes":""},"class_list":["post-1668","page","type-page","status-publish","hentry"],"acf":[],"yoast_head":"<!-- This site is optimized with the Yoast SEO Premium plugin v22.4 (Yoast SEO v27.4) - https:\/\/yoast.com\/product\/yoast-seo-premium-wordpress\/ -->\n<title>\u00c1NGEL GARCIA MARTINEZ -<\/title>\n<meta name=\"robots\" content=\"index, follow, max-snippet:-1, max-image-preview:large, max-video-preview:-1\" \/>\n<link rel=\"canonical\" href=\"https:\/\/www.omnesbands.international\/ja\/angel-garcia-martinez-2\/\" \/>\n<meta property=\"og:locale\" content=\"ja_JP\" \/>\n<meta property=\"og:type\" content=\"article\" \/>\n<meta property=\"og:title\" content=\"\u00c1NGEL GARCIA MARTINEZ\" \/>\n<meta property=\"og:description\" content=\"\u00c1NGEL GARCIA MARTINEZ \u00c1ngel Garc\u00eda Mart\u00ednez naci\u00f3 en Benifai\u00f3 en una familia de m\u00fasicos. Una de sus abuelas tocaba el viol\u00edn y la otra el piano, su abuelo, su t\u00edo y su primo tocan el clarinete, otro t\u00edo la trompeta. Obviamente el camino a seguir era evidente.Empez\u00f3 sus estudios de bombardino con los profesores, \u00c1ngel [&hellip;]\" \/>\n<meta property=\"og:url\" content=\"https:\/\/www.omnesbands.international\/ja\/angel-garcia-martinez-2\/\" \/>\n<meta property=\"article:modified_time\" content=\"2023-01-29T02:24:26+00:00\" \/>\n<meta property=\"og:image\" content=\"https:\/\/www.omnesbands.international\/wp-content\/uploads\/2023\/01\/music-sheet-music-snowdrop-7107045.jpg\" \/>\n\t<meta property=\"og:image:width\" content=\"1280\" \/>\n\t<meta property=\"og:image:height\" content=\"742\" \/>\n\t<meta property=\"og:image:type\" content=\"image\/jpeg\" \/>\n<meta name=\"twitter:card\" content=\"summary_large_image\" \/>\n<meta name=\"twitter:label1\" content=\"\u63a8\u5b9a\u8aad\u307f\u53d6\u308a\u6642\u9593\" \/>\n\t<meta name=\"twitter:data1\" content=\"2\u5206\" \/>\n<script type=\"application\/ld+json\" class=\"yoast-schema-graph\">{\"@context\":\"https:\\\/\\\/schema.org\",\"@graph\":[{\"@type\":\"WebPage\",\"@id\":\"https:\\\/\\\/www.omnesbands.international\\\/angel-garcia-martinez-2\\\/\",\"url\":\"https:\\\/\\\/www.omnesbands.international\\\/angel-garcia-martinez-2\\\/\",\"name\":\"\u00c1NGEL GARCIA MARTINEZ -\",\"isPartOf\":{\"@id\":\"https:\\\/\\\/www.omnesbands.international\\\/#website\"},\"datePublished\":\"2023-01-29T02:24:22+00:00\",\"dateModified\":\"2023-01-29T02:24:26+00:00\",\"breadcrumb\":{\"@id\":\"https:\\\/\\\/www.omnesbands.international\\\/angel-garcia-martinez-2\\\/#breadcrumb\"},\"inLanguage\":\"ja\",\"potentialAction\":[{\"@type\":\"ReadAction\",\"target\":[\"https:\\\/\\\/www.omnesbands.international\\\/angel-garcia-martinez-2\\\/\"]}]},{\"@type\":\"BreadcrumbList\",\"@id\":\"https:\\\/\\\/www.omnesbands.international\\\/angel-garcia-martinez-2\\\/#breadcrumb\",\"itemListElement\":[{\"@type\":\"ListItem\",\"position\":1,\"name\":\"Portada\",\"item\":\"https:\\\/\\\/www.omnesbands.international\\\/\"},{\"@type\":\"ListItem\",\"position\":2,\"name\":\"\u00c1NGEL GARCIA MARTINEZ\"}]},{\"@type\":\"WebSite\",\"@id\":\"https:\\\/\\\/www.omnesbands.international\\\/#website\",\"url\":\"https:\\\/\\\/www.omnesbands.international\\\/\",\"name\":\"OMNESBANDS International\",\"description\":\"Partituras Originales de autores y compositores independientes\",\"publisher\":{\"@id\":\"https:\\\/\\\/www.omnesbands.international\\\/#organization\"},\"potentialAction\":[{\"@type\":\"SearchAction\",\"target\":{\"@type\":\"EntryPoint\",\"urlTemplate\":\"https:\\\/\\\/www.omnesbands.international\\\/?s={search_term_string}\"},\"query-input\":{\"@type\":\"PropertyValueSpecification\",\"valueRequired\":true,\"valueName\":\"search_term_string\"}}],\"inLanguage\":\"ja\"},{\"@type\":\"Organization\",\"@id\":\"https:\\\/\\\/www.omnesbands.international\\\/#organization\",\"name\":\"Indra Consultores Internacionales\",\"alternateName\":\"Omnesbands\",\"url\":\"https:\\\/\\\/www.omnesbands.international\\\/\",\"logo\":{\"@type\":\"ImageObject\",\"inLanguage\":\"ja\",\"@id\":\"https:\\\/\\\/www.omnesbands.international\\\/#\\\/schema\\\/logo\\\/image\\\/\",\"url\":\"https:\\\/\\\/omnesbands.international\\\/wp-content\\\/uploads\\\/2023\\\/06\\\/Logo-Nuevo-.png\",\"contentUrl\":\"https:\\\/\\\/omnesbands.international\\\/wp-content\\\/uploads\\\/2023\\\/06\\\/Logo-Nuevo-.png\",\"width\":394,\"height\":212,\"caption\":\"Indra Consultores Internacionales\"},\"image\":{\"@id\":\"https:\\\/\\\/www.omnesbands.international\\\/#\\\/schema\\\/logo\\\/image\\\/\"}}]}<\/script>\n<!-- \/ Yoast SEO Premium plugin. -->","yoast_head_json":{"title":"\u00c1NGEL GARCIA MARTINEZ -","robots":{"index":"index","follow":"follow","max-snippet":"max-snippet:-1","max-image-preview":"max-image-preview:large","max-video-preview":"max-video-preview:-1"},"canonical":"https:\/\/www.omnesbands.international\/ja\/angel-garcia-martinez-2\/","og_locale":"ja_JP","og_type":"article","og_title":"\u00c1NGEL GARCIA MARTINEZ","og_description":"\u00c1NGEL GARCIA MARTINEZ \u00c1ngel Garc\u00eda Mart\u00ednez naci\u00f3 en Benifai\u00f3 en una familia de m\u00fasicos. Una de sus abuelas tocaba el viol\u00edn y la otra el piano, su abuelo, su t\u00edo y su primo tocan el clarinete, otro t\u00edo la trompeta. Obviamente el camino a seguir era evidente.Empez\u00f3 sus estudios de bombardino con los profesores, \u00c1ngel [&hellip;]","og_url":"https:\/\/www.omnesbands.international\/ja\/angel-garcia-martinez-2\/","article_modified_time":"2023-01-29T02:24:26+00:00","og_image":[{"width":1280,"height":742,"url":"https:\/\/www.omnesbands.international\/wp-content\/uploads\/2023\/01\/music-sheet-music-snowdrop-7107045.jpg","type":"image\/jpeg"}],"twitter_card":"summary_large_image","twitter_misc":{"\u63a8\u5b9a\u8aad\u307f\u53d6\u308a\u6642\u9593":"2\u5206"},"schema":{"@context":"https:\/\/schema.org","@graph":[{"@type":"WebPage","@id":"https:\/\/www.omnesbands.international\/angel-garcia-martinez-2\/","url":"https:\/\/www.omnesbands.international\/angel-garcia-martinez-2\/","name":"\u00c1NGEL GARCIA MARTINEZ -","isPartOf":{"@id":"https:\/\/www.omnesbands.international\/#website"},"datePublished":"2023-01-29T02:24:22+00:00","dateModified":"2023-01-29T02:24:26+00:00","breadcrumb":{"@id":"https:\/\/www.omnesbands.international\/angel-garcia-martinez-2\/#breadcrumb"},"inLanguage":"ja","potentialAction":[{"@type":"ReadAction","target":["https:\/\/www.omnesbands.international\/angel-garcia-martinez-2\/"]}]},{"@type":"BreadcrumbList","@id":"https:\/\/www.omnesbands.international\/angel-garcia-martinez-2\/#breadcrumb","itemListElement":[{"@type":"ListItem","position":1,"name":"Portada","item":"https:\/\/www.omnesbands.international\/"},{"@type":"ListItem","position":2,"name":"\u00c1NGEL GARCIA MARTINEZ"}]},{"@type":"WebSite","@id":"https:\/\/www.omnesbands.international\/#website","url":"https:\/\/www.omnesbands.international\/","name":"OMNESBANDS International","description":"\u72ec\u7acb\u3057\u305f\u4f5c\u5bb6\u3084\u4f5c\u66f2\u5bb6\u306b\u3088\u308b\u30aa\u30ea\u30b8\u30ca\u30eb\u306e\u697d\u8b5c","publisher":{"@id":"https:\/\/www.omnesbands.international\/#organization"},"potentialAction":[{"@type":"SearchAction","target":{"@type":"EntryPoint","urlTemplate":"https:\/\/www.omnesbands.international\/?s={search_term_string}"},"query-input":{"@type":"PropertyValueSpecification","valueRequired":true,"valueName":"search_term_string"}}],"inLanguage":"ja"},{"@type":"Organization","@id":"https:\/\/www.omnesbands.international\/#organization","name":"\u30a4\u30f3\u30c9\u30e9\u56fd\u969b\u30b3\u30f3\u30b5\u30eb\u30bf\u30f3\u30c8","alternateName":"Omnesbands","url":"https:\/\/www.omnesbands.international\/","logo":{"@type":"ImageObject","inLanguage":"ja","@id":"https:\/\/www.omnesbands.international\/#\/schema\/logo\/image\/","url":"https:\/\/omnesbands.international\/wp-content\/uploads\/2023\/06\/Logo-Nuevo-.png","contentUrl":"https:\/\/omnesbands.international\/wp-content\/uploads\/2023\/06\/Logo-Nuevo-.png","width":394,"height":212,"caption":"Indra Consultores Internacionales"},"image":{"@id":"https:\/\/www.omnesbands.international\/#\/schema\/logo\/image\/"}}]}},"uagb_featured_image_src":{"full":false,"thumbnail":false,"medium":false,"medium_large":false,"large":false,"1536x1536":false,"2048x2048":false,"trp-custom-language-flag":false,"gg_gallery_thumbnail":false,"woocommerce_thumbnail":false,"woocommerce_single":false,"woocommerce_gallery_thumbnail":false},"uagb_author_info":{"display_name":"Melvin R. Portillo A:","author_link":"https:\/\/www.omnesbands.international\/ja\/author\/portand\/"},"uagb_comment_info":0,"uagb_excerpt":"\u00c1NGEL GARCIA MARTINEZ \u00c1ngel Garc\u00eda Mart\u00ednez naci\u00f3 en Benifai\u00f3 en una familia de m\u00fasicos. Una de sus abuelas tocaba el viol\u00edn y la otra el piano, su abuelo, su t\u00edo y su primo tocan el clarinete, otro t\u00edo la trompeta. Obviamente el camino a seguir era evidente.Empez\u00f3 sus estudios de bombardino con los profesores, \u00c1ngel&hellip;","_links":{"self":[{"href":"https:\/\/www.omnesbands.international\/ja\/wp-json\/wp\/v2\/pages\/1668","targetHints":{"allow":["GET"]}}],"collection":[{"href":"https:\/\/www.omnesbands.international\/ja\/wp-json\/wp\/v2\/pages"}],"about":[{"href":"https:\/\/www.omnesbands.international\/ja\/wp-json\/wp\/v2\/types\/page"}],"author":[{"embeddable":true,"href":"https:\/\/www.omnesbands.international\/ja\/wp-json\/wp\/v2\/users\/4"}],"replies":[{"embeddable":true,"href":"https:\/\/www.omnesbands.international\/ja\/wp-json\/wp\/v2\/comments?post=1668"}],"version-history":[{"count":2,"href":"https:\/\/www.omnesbands.international\/ja\/wp-json\/wp\/v2\/pages\/1668\/revisions"}],"predecessor-version":[{"id":1670,"href":"https:\/\/www.omnesbands.international\/ja\/wp-json\/wp\/v2\/pages\/1668\/revisions\/1670"}],"wp:attachment":[{"href":"https:\/\/www.omnesbands.international\/ja\/wp-json\/wp\/v2\/media?parent=1668"}],"curies":[{"name":"wp","href":"https:\/\/api.w.org\/{rel}","templated":true}]}}