{"id":1690,"date":"2023-01-28T21:52:20","date_gmt":"2023-01-29T03:52:20","guid":{"rendered":"https:\/\/omnesbands.international\/?page_id=1690"},"modified":"2023-01-28T21:53:32","modified_gmt":"2023-01-29T03:53:32","slug":"joaquin-cano-garcia-3","status":"publish","type":"page","link":"https:\/\/www.omnesbands.international\/ja\/joaquin-cano-garcia-3\/","title":{"rendered":"\u30db\u30a2\u30ad\u30f3\u30fb\u30ab\u30ce\u30fb\u30ac\u30eb\u30b7\u30a2"},"content":{"rendered":"<div class=\"wp-block-uagb-container uagb-block-6df4f783 alignfull uagb-is-root-container\"><div class=\"uagb-container-inner-blocks-wrap\">\n<div class=\"wp-block-uagb-advanced-heading uagb-block-f9aa4b3c\"><h1 class=\"uagb-heading-text\"><strong>\u30db\u30a2\u30ad\u30f3\u30fb\u30ab\u30ce\u30fb\u30ac\u30eb\u30b7\u30a2<\/strong><\/h1><\/div>\n<\/div><\/div>\n\n\n\n<div class=\"wp-block-uagb-container uagb-block-93025d3c alignfull uagb-is-root-container\"><div class=\"uagb-container-inner-blocks-wrap\">\n<div class=\"wp-block-uagb-container uagb-block-3c2833d4\">\n<p>1963\u5e746\u670821\u65e5\u3001\u30e9\u30fb\u30cc\u30b7\u30a2\u751f\u307e\u308c\u3002\u30a2\u30ea\u30ab\u30f3\u30c6\u306e\u30aa\u30b9\u30ab\u30eb\u30fb\u30a8\u30b9\u30d7\u30e9\u97f3\u697d\u9662\u3067\u97f3\u697d\u3092\u5b66\u3093\u3060\u3002\u305d\u3053\u3067\u5f7c\u306f\u30d8\u30b9\u30b9\u30fb\u30d5\u30a2\u30f3\u30fb\u30aa\u30ea\u30aa\u30e9\u3068\u3068\u3082\u306b\u30c1\u30e5\u30fc\u30d0\u3092\u5c02\u9580\u3068\u3057\u3001\u30e9\u30e2\u30f3\u30fb\u30e9\u30e2\u30b9\u3068\u30b8\u30e7\u30a2\u30f3\u30fb\u30a8\u30f3\u30ea\u30c3\u30af\u30fb\u30ab\u30cd\u3068\u3068\u3082\u306b\u4f5c\u66f2\u3092\u7d42\u3048\u305f\u3002<br>\u5f7c\u306f\u30d0\u30ec\u30f3\u30b7\u30a2\u6587\u5b66\u5927\u5b66\u3067\u96fb\u6c17\u3092\u5c02\u653b\u3057\u3001\u7269\u7406\u79d1\u5b66\u3092\u5352\u696d\u3057\u307e\u3057\u305f\u3002\u30a8\u30ec\u30af\u30c8\u30ed\u30cb\u30af\u30b9\u3068\u30b3\u30f3\u30d4\u30e5\u30fc\u30c6\u30a3\u30f3\u30b0\u3002\u5f7c\u306f\u3001\u30d3\u30e9 \u30b8\u30e7\u30a4\u30aa\u30b5 (\u30a2\u30ea\u30ab\u30f3\u30c6) \u306b\u3042\u308b\u30de\u30eb\u30b3\u30b9 \u30b5\u30e9\u30b4\u30b5\u7814\u7a76\u6240\u306e\u4e2d\u7b49\u5b66\u6821\u6559\u5e2b\u3067\u3042\u308a\u3001\u305d\u3053\u3067\u30b3\u30f3\u30d4\u30e5\u30fc\u30bf\u30fc \u30b7\u30b9\u30c6\u30e0\u7ba1\u7406\u306e\u9ad8\u7b49\u6559\u80b2\u30b5\u30a4\u30af\u30eb\u306e\u30af\u30e9\u30b9\u3092\u6559\u3048\u3066\u3044\u307e\u3059\u3002 <\/p>\n<\/div>\n<\/div><\/div>\n\n\n<div class=\"woocommerce columns-4\"><ul class=\"products columns-4\">\n<li class=\"desktop-align-left tablet-align-left mobile-align-left ast-product-gallery-layout-horizontal-slider product type-product post-1135 status-publish first instock product_cat-sinfonicas product_tag-joaquin-cano-garcia has-post-thumbnail downloadable virtual taxable purchasable product-type-simple\">\n\t<a href=\"https:\/\/www.omnesbands.international\/ja\/product\/manual-del-perfecto-inoportu\/\" class=\"woocommerce-LoopProduct-link woocommerce-loop-product__link\"><img loading=\"lazy\" decoding=\"async\" width=\"300\" height=\"300\" src=\"https:\/\/www.omnesbands.international\/wp-content\/uploads\/2023\/01\/Manual-del-Perfecte-Inoportu-300x300.jpg\" class=\"attachment-woocommerce_thumbnail size-woocommerce_thumbnail\" alt=\"Manual del Perfecto Inoportu\" srcset=\"https:\/\/www.omnesbands.international\/wp-content\/uploads\/2023\/01\/Manual-del-Perfecte-Inoportu-300x300.jpg 300w, https:\/\/www.omnesbands.international\/wp-content\/uploads\/2023\/01\/Manual-del-Perfecte-Inoportu-150x150.jpg 150w, https:\/\/www.omnesbands.international\/wp-content\/uploads\/2023\/01\/Manual-del-Perfecte-Inoportu-100x100.jpg 100w\" sizes=\"auto, (max-width: 300px) 100vw, 300px\" \/><h2 class=\"woocommerce-loop-product__title\">\u5b8c\u74a7\u306a\u30a4\u30ce\u30dd\u30eb\u30c8\u30a5\u306e\u30de\u30cb\u30e5\u30a2\u30eb<\/h2>\n\t<span class=\"price\"><span class=\"woocommerce-Price-amount amount\"><bdi><span class=\"woocommerce-Price-currencySymbol\">&#36;<\/span>40.00<\/bdi><\/span><\/span>\n<\/a><a href=\"\/ja\/wp-json\/wp\/v2\/pages\/1690?add-to-cart=1135\" aria-describedby=\"woocommerce_loop_add_to_cart_link_describedby_1135\" data-quantity=\"1\" class=\"button product_type_simple add_to_cart_button ajax_add_to_cart\" data-product_id=\"1135\" data-product_sku=\"MAN-SIN-ESP-22\" aria-label=\"\u30ab\u30fc\u30c8\u306b\u8ffd\u52a0: \u300cManual del Perfecto Inoportu\u300d\" rel=\"nofollow\" data-success_message=\"\u300cManual del Perfecto Inoportu\u300d\u3092\u304a\u8cb7\u3044\u7269\u30ab\u30b4\u306b\u8ffd\u52a0\u3057\u307e\u3057\u305f\" role=\"button\" data-no-translation=\"\" data-trp-gettext=\"\" data-no-translation-aria-label=\"\" data-no-translation-data-success_message=\"\">\u304a\u8cb7\u3044\u7269\u30ab\u30b4\u306b\u8ffd\u52a0<\/a>\t<span id=\"woocommerce_loop_add_to_cart_link_describedby_1135\" class=\"screen-reader-text\">\n\t\t\t<\/span>\n<\/li>\n<\/ul>\n<\/div>","protected":false},"excerpt":{"rendered":"<p>JOAQU\u00cdN CANO GARC\u00cdA Nace en La Nuc\u00eda el 21 de junio de 1963. Curs\u00f3 sus estudios musicales en el Conservatorio Superior de m\u00fasica de Oscar Espl\u00e1 de Alicante. donde finaliz\u00f3 la especialidad de tuba con Jes\u00fas Juan Oriola y de composici\u00f3n con Ram\u00f3n Ramos y Joan Enric Canet.Es adem\u00e1s, licenciado en Ciencias F\u00edsicas por la [&hellip;]<\/p>\n","protected":false},"author":4,"featured_media":0,"parent":0,"menu_order":0,"comment_status":"closed","ping_status":"closed","template":"","meta":{"_acf_changed":false,"_uag_custom_page_level_css":"","site-sidebar-layout":"default","site-content-layout":"","ast-site-content-layout":"default","site-content-style":"default","site-sidebar-style":"default","ast-global-header-display":"","ast-banner-title-visibility":"","ast-main-header-display":"","ast-hfb-above-header-display":"","ast-hfb-below-header-display":"","ast-hfb-mobile-header-display":"","site-post-title":"disabled","ast-breadcrumbs-content":"","ast-featured-img":"","footer-sml-layout":"","ast-disable-related-posts":"","theme-transparent-header-meta":"","adv-header-id-meta":"","stick-header-meta":"","header-above-stick-meta":"","header-main-stick-meta":"","header-below-stick-meta":"","astra-migrate-meta-layouts":"default","ast-page-background-enabled":"default","ast-page-background-meta":{"desktop":{"background-color":"","background-image":"","background-repeat":"repeat","background-position":"center center","background-size":"auto","background-attachment":"scroll","background-type":"","background-media":"","overlay-type":"","overlay-color":"","overlay-opacity":"","overlay-gradient":""},"tablet":{"background-color":"","background-image":"","background-repeat":"repeat","background-position":"center center","background-size":"auto","background-attachment":"scroll","background-type":"","background-media":"","overlay-type":"","overlay-color":"","overlay-opacity":"","overlay-gradient":""},"mobile":{"background-color":"","background-image":"","background-repeat":"repeat","background-position":"center center","background-size":"auto","background-attachment":"scroll","background-type":"","background-media":"","overlay-type":"","overlay-color":"","overlay-opacity":"","overlay-gradient":""}},"ast-content-background-meta":{"desktop":{"background-color":"var(--ast-global-color-5)","background-image":"","background-repeat":"repeat","background-position":"center center","background-size":"auto","background-attachment":"scroll","background-type":"","background-media":"","overlay-type":"","overlay-color":"","overlay-opacity":"","overlay-gradient":""},"tablet":{"background-color":"var(--ast-global-color-5)","background-image":"","background-repeat":"repeat","background-position":"center center","background-size":"auto","background-attachment":"scroll","background-type":"","background-media":"","overlay-type":"","overlay-color":"","overlay-opacity":"","overlay-gradient":""},"mobile":{"background-color":"var(--ast-global-color-5)","background-image":"","background-repeat":"repeat","background-position":"center center","background-size":"auto","background-attachment":"scroll","background-type":"","background-media":"","overlay-type":"","overlay-color":"","overlay-opacity":"","overlay-gradient":""}},"footnotes":""},"class_list":["post-1690","page","type-page","status-publish","hentry"],"acf":[],"yoast_head":"<!-- This site is optimized with the Yoast SEO Premium plugin v22.4 (Yoast SEO v27.4) - https:\/\/yoast.com\/product\/yoast-seo-premium-wordpress\/ -->\n<title>JOAQU\u00cdN CANO GARC\u00cdA -<\/title>\n<meta name=\"robots\" content=\"index, follow, max-snippet:-1, max-image-preview:large, max-video-preview:-1\" \/>\n<link rel=\"canonical\" href=\"https:\/\/www.omnesbands.international\/ja\/joaquin-cano-garcia-3\/\" \/>\n<meta property=\"og:locale\" content=\"ja_JP\" \/>\n<meta property=\"og:type\" content=\"article\" \/>\n<meta property=\"og:title\" content=\"JOAQU\u00cdN CANO GARC\u00cdA\" \/>\n<meta property=\"og:description\" content=\"JOAQU\u00cdN CANO GARC\u00cdA Nace en La Nuc\u00eda el 21 de junio de 1963. Curs\u00f3 sus estudios musicales en el Conservatorio Superior de m\u00fasica de Oscar Espl\u00e1 de Alicante. donde finaliz\u00f3 la especialidad de tuba con Jes\u00fas Juan Oriola y de composici\u00f3n con Ram\u00f3n Ramos y Joan Enric Canet.Es adem\u00e1s, licenciado en Ciencias F\u00edsicas por la [&hellip;]\" \/>\n<meta property=\"og:url\" content=\"https:\/\/www.omnesbands.international\/ja\/joaquin-cano-garcia-3\/\" \/>\n<meta property=\"article:modified_time\" content=\"2023-01-29T03:53:32+00:00\" \/>\n<meta property=\"og:image\" content=\"https:\/\/www.omnesbands.international\/wp-content\/uploads\/2023\/01\/music-sheet-music-snowdrop-7107045.jpg\" \/>\n\t<meta property=\"og:image:width\" content=\"1280\" \/>\n\t<meta property=\"og:image:height\" content=\"742\" \/>\n\t<meta property=\"og:image:type\" content=\"image\/jpeg\" \/>\n<meta name=\"twitter:card\" content=\"summary_large_image\" \/>\n<meta name=\"twitter:label1\" content=\"\u63a8\u5b9a\u8aad\u307f\u53d6\u308a\u6642\u9593\" \/>\n\t<meta name=\"twitter:data1\" content=\"1\u5206\" \/>\n<script type=\"application\/ld+json\" class=\"yoast-schema-graph\">{\"@context\":\"https:\\\/\\\/schema.org\",\"@graph\":[{\"@type\":\"WebPage\",\"@id\":\"https:\\\/\\\/www.omnesbands.international\\\/en\\\/joaquin-cano-garcia-3\\\/\",\"url\":\"https:\\\/\\\/www.omnesbands.international\\\/en\\\/joaquin-cano-garcia-3\\\/\",\"name\":\"JOAQU\u00cdN CANO GARC\u00cdA -\",\"isPartOf\":{\"@id\":\"https:\\\/\\\/www.omnesbands.international\\\/#website\"},\"datePublished\":\"2023-01-29T03:52:20+00:00\",\"dateModified\":\"2023-01-29T03:53:32+00:00\",\"breadcrumb\":{\"@id\":\"https:\\\/\\\/www.omnesbands.international\\\/en\\\/joaquin-cano-garcia-3\\\/#breadcrumb\"},\"inLanguage\":\"ja\",\"potentialAction\":[{\"@type\":\"ReadAction\",\"target\":[\"https:\\\/\\\/www.omnesbands.international\\\/en\\\/joaquin-cano-garcia-3\\\/\"]}]},{\"@type\":\"BreadcrumbList\",\"@id\":\"https:\\\/\\\/www.omnesbands.international\\\/en\\\/joaquin-cano-garcia-3\\\/#breadcrumb\",\"itemListElement\":[{\"@type\":\"ListItem\",\"position\":1,\"name\":\"Portada\",\"item\":\"https:\\\/\\\/www.omnesbands.international\\\/\"},{\"@type\":\"ListItem\",\"position\":2,\"name\":\"JOAQU\u00cdN CANO GARC\u00cdA\"}]},{\"@type\":\"WebSite\",\"@id\":\"https:\\\/\\\/www.omnesbands.international\\\/#website\",\"url\":\"https:\\\/\\\/www.omnesbands.international\\\/\",\"name\":\"OMNESBANDS International\",\"description\":\"Partituras Originales de autores y compositores independientes\",\"publisher\":{\"@id\":\"https:\\\/\\\/www.omnesbands.international\\\/#organization\"},\"potentialAction\":[{\"@type\":\"SearchAction\",\"target\":{\"@type\":\"EntryPoint\",\"urlTemplate\":\"https:\\\/\\\/www.omnesbands.international\\\/?s={search_term_string}\"},\"query-input\":{\"@type\":\"PropertyValueSpecification\",\"valueRequired\":true,\"valueName\":\"search_term_string\"}}],\"inLanguage\":\"ja\"},{\"@type\":\"Organization\",\"@id\":\"https:\\\/\\\/www.omnesbands.international\\\/#organization\",\"name\":\"Indra Consultores Internacionales\",\"alternateName\":\"Omnesbands\",\"url\":\"https:\\\/\\\/www.omnesbands.international\\\/\",\"logo\":{\"@type\":\"ImageObject\",\"inLanguage\":\"ja\",\"@id\":\"https:\\\/\\\/www.omnesbands.international\\\/#\\\/schema\\\/logo\\\/image\\\/\",\"url\":\"https:\\\/\\\/omnesbands.international\\\/wp-content\\\/uploads\\\/2023\\\/06\\\/Logo-Nuevo-.png\",\"contentUrl\":\"https:\\\/\\\/omnesbands.international\\\/wp-content\\\/uploads\\\/2023\\\/06\\\/Logo-Nuevo-.png\",\"width\":394,\"height\":212,\"caption\":\"Indra Consultores Internacionales\"},\"image\":{\"@id\":\"https:\\\/\\\/www.omnesbands.international\\\/#\\\/schema\\\/logo\\\/image\\\/\"}}]}<\/script>\n<!-- \/ Yoast SEO Premium plugin. -->","yoast_head_json":{"title":"JOAQU\u00cdN CANO GARC\u00cdA -","robots":{"index":"index","follow":"follow","max-snippet":"max-snippet:-1","max-image-preview":"max-image-preview:large","max-video-preview":"max-video-preview:-1"},"canonical":"https:\/\/www.omnesbands.international\/ja\/joaquin-cano-garcia-3\/","og_locale":"ja_JP","og_type":"article","og_title":"JOAQU\u00cdN CANO GARC\u00cdA","og_description":"JOAQU\u00cdN CANO GARC\u00cdA Nace en La Nuc\u00eda el 21 de junio de 1963. Curs\u00f3 sus estudios musicales en el Conservatorio Superior de m\u00fasica de Oscar Espl\u00e1 de Alicante. donde finaliz\u00f3 la especialidad de tuba con Jes\u00fas Juan Oriola y de composici\u00f3n con Ram\u00f3n Ramos y Joan Enric Canet.Es adem\u00e1s, licenciado en Ciencias F\u00edsicas por la [&hellip;]","og_url":"https:\/\/www.omnesbands.international\/ja\/joaquin-cano-garcia-3\/","article_modified_time":"2023-01-29T03:53:32+00:00","og_image":[{"width":1280,"height":742,"url":"https:\/\/www.omnesbands.international\/wp-content\/uploads\/2023\/01\/music-sheet-music-snowdrop-7107045.jpg","type":"image\/jpeg"}],"twitter_card":"summary_large_image","twitter_misc":{"\u63a8\u5b9a\u8aad\u307f\u53d6\u308a\u6642\u9593":"1\u5206"},"schema":{"@context":"https:\/\/schema.org","@graph":[{"@type":"WebPage","@id":"https:\/\/www.omnesbands.international\/en\/joaquin-cano-garcia-3\/","url":"https:\/\/www.omnesbands.international\/en\/joaquin-cano-garcia-3\/","name":"JOAQU\u00cdN CANO GARC\u00cdA -","isPartOf":{"@id":"https:\/\/www.omnesbands.international\/#website"},"datePublished":"2023-01-29T03:52:20+00:00","dateModified":"2023-01-29T03:53:32+00:00","breadcrumb":{"@id":"https:\/\/www.omnesbands.international\/en\/joaquin-cano-garcia-3\/#breadcrumb"},"inLanguage":"ja","potentialAction":[{"@type":"ReadAction","target":["https:\/\/www.omnesbands.international\/en\/joaquin-cano-garcia-3\/"]}]},{"@type":"BreadcrumbList","@id":"https:\/\/www.omnesbands.international\/en\/joaquin-cano-garcia-3\/#breadcrumb","itemListElement":[{"@type":"ListItem","position":1,"name":"Portada","item":"https:\/\/www.omnesbands.international\/"},{"@type":"ListItem","position":2,"name":"JOAQU\u00cdN CANO GARC\u00cdA"}]},{"@type":"WebSite","@id":"https:\/\/www.omnesbands.international\/#website","url":"https:\/\/www.omnesbands.international\/","name":"OMNESBANDS International","description":"\u72ec\u7acb\u3057\u305f\u4f5c\u5bb6\u3084\u4f5c\u66f2\u5bb6\u306b\u3088\u308b\u30aa\u30ea\u30b8\u30ca\u30eb\u306e\u697d\u8b5c","publisher":{"@id":"https:\/\/www.omnesbands.international\/#organization"},"potentialAction":[{"@type":"SearchAction","target":{"@type":"EntryPoint","urlTemplate":"https:\/\/www.omnesbands.international\/?s={search_term_string}"},"query-input":{"@type":"PropertyValueSpecification","valueRequired":true,"valueName":"search_term_string"}}],"inLanguage":"ja"},{"@type":"Organization","@id":"https:\/\/www.omnesbands.international\/#organization","name":"\u30a4\u30f3\u30c9\u30e9\u56fd\u969b\u30b3\u30f3\u30b5\u30eb\u30bf\u30f3\u30c8","alternateName":"Omnesbands","url":"https:\/\/www.omnesbands.international\/","logo":{"@type":"ImageObject","inLanguage":"ja","@id":"https:\/\/www.omnesbands.international\/#\/schema\/logo\/image\/","url":"https:\/\/omnesbands.international\/wp-content\/uploads\/2023\/06\/Logo-Nuevo-.png","contentUrl":"https:\/\/omnesbands.international\/wp-content\/uploads\/2023\/06\/Logo-Nuevo-.png","width":394,"height":212,"caption":"Indra Consultores Internacionales"},"image":{"@id":"https:\/\/www.omnesbands.international\/#\/schema\/logo\/image\/"}}]}},"uagb_featured_image_src":{"full":false,"thumbnail":false,"medium":false,"medium_large":false,"large":false,"1536x1536":false,"2048x2048":false,"trp-custom-language-flag":false,"gg_gallery_thumbnail":false,"woocommerce_thumbnail":false,"woocommerce_single":false,"woocommerce_gallery_thumbnail":false},"uagb_author_info":{"display_name":"Melvin R. Portillo A:","author_link":"https:\/\/www.omnesbands.international\/ja\/author\/portand\/"},"uagb_comment_info":0,"uagb_excerpt":"JOAQU\u00cdN CANO GARC\u00cdA Nace en La Nuc\u00eda el 21 de junio de 1963. Curs\u00f3 sus estudios musicales en el Conservatorio Superior de m\u00fasica de Oscar Espl\u00e1 de Alicante. donde finaliz\u00f3 la especialidad de tuba con Jes\u00fas Juan Oriola y de composici\u00f3n con Ram\u00f3n Ramos y Joan Enric Canet.Es adem\u00e1s, licenciado en Ciencias F\u00edsicas por la&hellip;","_links":{"self":[{"href":"https:\/\/www.omnesbands.international\/ja\/wp-json\/wp\/v2\/pages\/1690","targetHints":{"allow":["GET"]}}],"collection":[{"href":"https:\/\/www.omnesbands.international\/ja\/wp-json\/wp\/v2\/pages"}],"about":[{"href":"https:\/\/www.omnesbands.international\/ja\/wp-json\/wp\/v2\/types\/page"}],"author":[{"embeddable":true,"href":"https:\/\/www.omnesbands.international\/ja\/wp-json\/wp\/v2\/users\/4"}],"replies":[{"embeddable":true,"href":"https:\/\/www.omnesbands.international\/ja\/wp-json\/wp\/v2\/comments?post=1690"}],"version-history":[{"count":2,"href":"https:\/\/www.omnesbands.international\/ja\/wp-json\/wp\/v2\/pages\/1690\/revisions"}],"predecessor-version":[{"id":1693,"href":"https:\/\/www.omnesbands.international\/ja\/wp-json\/wp\/v2\/pages\/1690\/revisions\/1693"}],"wp:attachment":[{"href":"https:\/\/www.omnesbands.international\/ja\/wp-json\/wp\/v2\/media?parent=1690"}],"curies":[{"name":"wp","href":"https:\/\/api.w.org\/{rel}","templated":true}]}}