{"id":1696,"date":"2023-01-28T21:57:52","date_gmt":"2023-01-29T03:57:52","guid":{"rendered":"https:\/\/omnesbands.international\/?page_id=1696"},"modified":"2023-01-28T21:58:27","modified_gmt":"2023-01-29T03:58:27","slug":"jose-ignacio-blesa-lull-2","status":"publish","type":"page","link":"https:\/\/www.omnesbands.international\/ja\/jose-ignacio-blesa-lull-2\/","title":{"rendered":"\u30db\u30bb\u30fb\u30a4\u30b0\u30ca\u30b7\u30aa\u30fb\u30d6\u30ec\u30b5\u30fb\u30eb\u30eb"},"content":{"rendered":"<div class=\"wp-block-uagb-container uagb-block-f49255da alignfull uagb-is-root-container\"><div class=\"uagb-container-inner-blocks-wrap\">\n<div class=\"wp-block-uagb-advanced-heading uagb-block-c994cd51\"><h1 class=\"uagb-heading-text\">\u30db\u30bb\u30fb\u30a4\u30b0\u30ca\u30b7\u30aa\u30fb\u30d6\u30ec\u30b5\u30fb\u30eb\u30eb<\/h1><\/div>\n<\/div><\/div>\n\n\n\n<div class=\"wp-block-uagb-container uagb-block-9a725dc7 alignfull uagb-is-root-container\"><div class=\"uagb-container-inner-blocks-wrap\">\n<div class=\"wp-block-uagb-container uagb-block-d9cb502c\">\n<p>\u30db\u30bb\u30fbI\u30fb\u30d6\u30ec\u30b5\u30fb\u30ea\u30e5\u30eb\u306f\u30b9\u30da\u30a4\u30f3\u306e\u30d0\u30ec\u30f3\u30b7\u30a2\u5dde\u30ea\u30ea\u30a2\u3067\u751f\u307e\u308c\u307e\u3057\u305f\u3002\u5f7c\u306f\u30d0\u30ec\u30f3\u30b7\u30a2\u5e02\u7acb\u97f3\u697d\u9662\u3068\u30ab\u30b9\u30c6\u30ed\u9ad8\u7b49\u97f3\u697d\u9662\u3067\u5b66\u696d\u3092\u4fee\u4e86\u3057\u3001\u4f5c\u66f2\u3001\u6307\u63ee\u3001\u30af\u30e9\u30ea\u30cd\u30c3\u30c8\u3001\u97f3\u697d\u5b66\u3001\u97f3\u697d\u6559\u80b2\u306e\u5b66\u4f4d\u3092\u53d6\u5f97\u3057\u3001\u4f5c\u66f2\u7814\u7a76\u7279\u5225\u8cde\u3092\u53d7\u8cde\u3057\u307e\u3057\u305f\u3002<\/p>\n<p>\u8907\u6570\u306e\u8cde\u3092\u53d7\u8cde\u3057\u305f\u4f5c\u66f2\u5bb6\u3068\u3057\u3066\u3001\u5f7c\u306e\u97f3\u697d\u306f\u30b9\u30da\u30a4\u30f3\u3001\u7c73\u56fd\u3001\u53f0\u6e7e\u3001\u9999\u6e2f\u3001\u30b7\u30f3\u30ac\u30dd\u30fc\u30eb\u3001\u30d5\u30a3\u30ea\u30d4\u30f3\u3001\u65e5\u672c\u3001\u30d9\u30eb\u30ae\u30fc\u3001\u30d6\u30e9\u30b8\u30eb\u3001\u30d5\u30e9\u30f3\u30b9\u3001\u30a4\u30bf\u30ea\u30a2\u3001\u30b3\u30ed\u30f3\u30d3\u30a2\u3001\u30a2\u30eb\u30bc\u30f3\u30c1\u30f3\u3001\u30dd\u30eb\u30c8\u30ac\u30eb\u3001\u30e1\u30ad\u30b7\u30b3\u3067\u56fd\u969b\u7684\u306b\u6f14\u594f\u3055\u308c\u3066\u3044\u307e\u3059\u3002\u5f7c\u306e\u4f5c\u54c1\u306f\u3001\u30db\u30bb\u30fb\u30d5\u30e9\u30f3\u30b7\u30e5\uff1d\u30d0\u30ec\u30b9\u30bf\u30fc\u3001\u30b9\u30d1\u30cb\u30c3\u30b7\u30e5\u30fb\u30d6\u30e9\u30b9\u30fb\u30eb\u30fc\u30eb\u30fb\u30e1\u30bf\u30eb\u30ba\u3001\u30c0\u30ea\u30aa\u30fb\u30bd\u30c6\u30ed\u3001\u30a2\u30eb\u30d9\u30eb\u30c8\u30fb\u30ed\u30b1\u3001\u30de\u30cc\u30a8\u30eb\u30fb\u30ac\u30eb\u30c9\u30a5\u30d5\u3001\u30d0\u30ec\u30f3\u30b7\u30a2\u5e02\u30d0\u30f3\u30c0\u30b9\u3001\u30de\u30e8\u30eb\u30ab\u3001\u30d3\u30eb\u30d0\u30aa\u3001\u30b5\u30f3\u30c6\u30a3\u30a2\u30b4\u30fb\u30c7\u30fb\u30b3\u30f3\u30dd\u30b9\u30c6\u30fc\u30e9\u3001\u30b3\u30eb\u30c9\u30d0\uff08\u30a2\u30eb\u30bc\u30f3\u30c1\u30f3\uff09\u3001\u30d0\u30f3\u30c0\u30fb\u30b7\u30f3\u30d5\u30a9\u30cb\u30ab\u306a\u3069\u306e\u30bd\u30ea\u30b9\u30c8\u3084\u30b0\u30eb\u30fc\u30d7\u306b\u3088\u3063\u3066\u6f14\u594f\u3055\u308c\u3066\u3044\u308b\u3002\u30b5\u30f3\u30d1\u30a6\u30ed\u30fb\u30a8\u30b9\u30bf\u30c9\uff08\u30d6\u30e9\u30b8\u30eb\uff09\u3001\u30bd\u30d7\u30ed\u30b9\u30fb\u30aa\u30fc\u30b1\u30b9\u30c8\u30e9ESML\uff08\u30ea\u30b9\u30dc\u30f3\uff09\u3002<\/p>\n<p>\u6700\u8fd1\u3001\u30db\u30bb\u306f\u53f0\u5357\u30a6\u30a3\u30f3\u30c9\u30a2\u30f3\u30b5\u30f3\u30d6\u30eb\uff08\u53f0\u6e7e\uff09\u3001\u30c9\u30ec\u30af\u30bb\u30eb\u5927\u5b66\u30b3\u30f3\u30b5\u30fc\u30c8\u30d0\u30f3\u30c9\u3001\u30e0\u30b8\u30fc\u30af\u30d5\u30a7\u30e9\u30a4\u30f3\u30fb\u30cf\u30a4\u30bf\u30fc\u30b9\u30cf\u30a4\u30e0\uff08\u30c9\u30a4\u30c4\uff09\u3001\u30dd\u30f3\u30c6\u30d9\u30c9\u30e9\u97f3\u697d\u697d\u56e3\u3001\u30aa\u30eb\u30b1\u30b9\u30bf\u30fb\u30c7\u30fb\u30bd\u30d7\u30ed\u30b9\u30fb\u30c9\u30fb\u30e1\u30c7\u30a3\u30aa\u30fb\u30c6\u30fc\u30b8\u30e7\u30fb\u30a2\u30a2\u30ab\u30c7\u30df\u30a2\u30fb\u30c7\u30fb\u30e0\u30b8\u30b3\u30b9\u30fb\u30c7\u30fb\u30a2\u30d6\u30e9\u30f3\u30c6\u30b9\uff08\u30dd\u30eb\u30c8\u30ac\u30eb\uff09\u3001\u30d4\u30cf\u30eb\u30cb\u30fb\u30aa\u30eb\u30b1\u30b9\u30bf\u30fc\u30fb\u30bc\u30ec\u30b6\u30eb\u30a8\u30d5\uff08\u30dd\u30eb\u30c8\u30ac\u30eb\uff09\u3067\u81ea\u8eab\u306e\u97f3\u697d\u3092\u6307\u63ee\u3057\u3066\u3044\u308b\u3002\u30b9\u30ed\u30d9\u30cb\u30a2\uff09\u3001\u30c8\u30eb\u30c8\u30fc\u30b6\u97f3\u697d\u9662\u30d0\u30f3\u30c9\u3001\u30d5\u30a7\u30e9\u30cb\u30c1\u97f3\u697d\u30d0\u30f3\u30c9\u3002\u30db\u30bb\u306f\u73fe\u5728\u30de\u30b5\u30c1\u30e5\u30fc\u30bb\u30c3\u30c4\u5dde\u30a2\u30de\u30fc\u30b9\u30c8\u306b\u4f4f\u3093\u3067\u304a\u308a\u3001\u30de\u30b5\u30c1\u30e5\u30fc\u30bb\u30c3\u30c4\u5927\u5b66\u3067\u30de\u30b7\u30e5\u30fc\u30fb\u30a6\u30a7\u30b9\u30c8\u30b2\u30fc\u30c8\u535a\u58eb\u306e\u3082\u3068\u3067\u98a8\u5411\u5b66\u306e\u4fee\u58eb\u53f7\u53d6\u5f97\u3092\u76ee\u6307\u3057\u3066\u3044\u307e\u3059\u3002<\/p>\n<\/div>\n<\/div><\/div>\n\n\n<div class=\"woocommerce columns-4\"><ul class=\"products columns-4\">\n<li class=\"desktop-align-left tablet-align-left mobile-align-left ast-product-gallery-layout-horizontal-slider product type-product post-1138 status-publish first instock product_cat-sinfonicas product_tag-jose-ignacio-blesa-lull has-post-thumbnail downloadable virtual taxable purchasable product-type-simple\">\n\t<a href=\"https:\/\/www.omnesbands.international\/ja\/product\/mare-tenebrosum\/\" class=\"woocommerce-LoopProduct-link woocommerce-loop-product__link\"><img loading=\"lazy\" decoding=\"async\" width=\"300\" height=\"300\" src=\"https:\/\/www.omnesbands.international\/wp-content\/uploads\/2023\/01\/Mare-Tenebrosum-1-300x300.jpg\" class=\"attachment-woocommerce_thumbnail size-woocommerce_thumbnail\" alt=\"Mare Tenebrosum\" srcset=\"https:\/\/www.omnesbands.international\/wp-content\/uploads\/2023\/01\/Mare-Tenebrosum-1-300x300.jpg 300w, https:\/\/www.omnesbands.international\/wp-content\/uploads\/2023\/01\/Mare-Tenebrosum-1-150x150.jpg 150w, https:\/\/www.omnesbands.international\/wp-content\/uploads\/2023\/01\/Mare-Tenebrosum-1-12x12.jpg 12w, https:\/\/www.omnesbands.international\/wp-content\/uploads\/2023\/01\/Mare-Tenebrosum-1-100x100.jpg 100w\" sizes=\"auto, (max-width: 300px) 100vw, 300px\" \/><h2 class=\"woocommerce-loop-product__title\">\u30de\u30fc\u30ec\u30fb\u30c6\u30cd\u30d6\u30ed\u30b5\u30e0<\/h2>\n\t<span class=\"price\"><span class=\"woocommerce-Price-amount amount\"><bdi><span class=\"woocommerce-Price-currencySymbol\">&#36;<\/span>40.00<\/bdi><\/span><\/span>\n<\/a><a href=\"\/ja\/wp-json\/wp\/v2\/pages\/1696?add-to-cart=1138\" aria-describedby=\"woocommerce_loop_add_to_cart_link_describedby_1138\" data-quantity=\"1\" class=\"button product_type_simple add_to_cart_button ajax_add_to_cart\" data-product_id=\"1138\" data-product_sku=\"MAR-SIN-ESP-22\" aria-label=\"\u30ab\u30fc\u30c8\u306b\u8ffd\u52a0: \u300cMare Tenebrosum\u300d\" rel=\"nofollow\" data-success_message=\"\u300cMare Tenebrosum\u300d\u3092\u304a\u8cb7\u3044\u7269\u30ab\u30b4\u306b\u8ffd\u52a0\u3057\u307e\u3057\u305f\" role=\"button\" data-no-translation=\"\" data-trp-gettext=\"\" data-no-translation-aria-label=\"\" data-no-translation-data-success_message=\"\">\u304a\u8cb7\u3044\u7269\u30ab\u30b4\u306b\u8ffd\u52a0<\/a>\t<span id=\"woocommerce_loop_add_to_cart_link_describedby_1138\" class=\"screen-reader-text\">\n\t\t\t<\/span>\n<\/li>\n<\/ul>\n<\/div>","protected":false},"excerpt":{"rendered":"<p>JOS\u00c9 IGNACIO BLESA LULL Jos\u00e9 I. Blesa Llull naci\u00f3 en Ll\u00edria, Valencia en Espa\u00f1a. Complet\u00f3 sus estudios en el Conservatorio Municipal de Valencia y Conservatori Superior de M\u00fasica de Castell\u00f3donde obtuvo las licenciaturas en Composici\u00f3n, Direcci\u00f3n, Clarinete, Musicolog\u00eda y Educaci\u00f3n Musical y el Premio Especial en Estudios de Composici\u00f3n. Como compositor ganador de m\u00faltiples premios, [&hellip;]<\/p>\n","protected":false},"author":4,"featured_media":0,"parent":0,"menu_order":0,"comment_status":"closed","ping_status":"closed","template":"","meta":{"_acf_changed":false,"_uag_custom_page_level_css":"","site-sidebar-layout":"default","site-content-layout":"","ast-site-content-layout":"default","site-content-style":"default","site-sidebar-style":"default","ast-global-header-display":"","ast-banner-title-visibility":"","ast-main-header-display":"","ast-hfb-above-header-display":"","ast-hfb-below-header-display":"","ast-hfb-mobile-header-display":"","site-post-title":"disabled","ast-breadcrumbs-content":"","ast-featured-img":"","footer-sml-layout":"","ast-disable-related-posts":"","theme-transparent-header-meta":"","adv-header-id-meta":"","stick-header-meta":"","header-above-stick-meta":"","header-main-stick-meta":"","header-below-stick-meta":"","astra-migrate-meta-layouts":"default","ast-page-background-enabled":"default","ast-page-background-meta":{"desktop":{"background-color":"","background-image":"","background-repeat":"repeat","background-position":"center center","background-size":"auto","background-attachment":"scroll","background-type":"","background-media":"","overlay-type":"","overlay-color":"","overlay-opacity":"","overlay-gradient":""},"tablet":{"background-color":"","background-image":"","background-repeat":"repeat","background-position":"center center","background-size":"auto","background-attachment":"scroll","background-type":"","background-media":"","overlay-type":"","overlay-color":"","overlay-opacity":"","overlay-gradient":""},"mobile":{"background-color":"","background-image":"","background-repeat":"repeat","background-position":"center center","background-size":"auto","background-attachment":"scroll","background-type":"","background-media":"","overlay-type":"","overlay-color":"","overlay-opacity":"","overlay-gradient":""}},"ast-content-background-meta":{"desktop":{"background-color":"var(--ast-global-color-5)","background-image":"","background-repeat":"repeat","background-position":"center center","background-size":"auto","background-attachment":"scroll","background-type":"","background-media":"","overlay-type":"","overlay-color":"","overlay-opacity":"","overlay-gradient":""},"tablet":{"background-color":"var(--ast-global-color-5)","background-image":"","background-repeat":"repeat","background-position":"center center","background-size":"auto","background-attachment":"scroll","background-type":"","background-media":"","overlay-type":"","overlay-color":"","overlay-opacity":"","overlay-gradient":""},"mobile":{"background-color":"var(--ast-global-color-5)","background-image":"","background-repeat":"repeat","background-position":"center center","background-size":"auto","background-attachment":"scroll","background-type":"","background-media":"","overlay-type":"","overlay-color":"","overlay-opacity":"","overlay-gradient":""}},"footnotes":""},"class_list":["post-1696","page","type-page","status-publish","hentry"],"acf":[],"yoast_head":"<!-- This site is optimized with the Yoast SEO Premium plugin v22.4 (Yoast SEO v27.4) - https:\/\/yoast.com\/product\/yoast-seo-premium-wordpress\/ -->\n<title>JOS\u00c9 IGNACIO BLESA LULL -<\/title>\n<meta name=\"robots\" content=\"index, follow, max-snippet:-1, max-image-preview:large, max-video-preview:-1\" \/>\n<link rel=\"canonical\" href=\"https:\/\/www.omnesbands.international\/ja\/jose-ignacio-blesa-lull-2\/\" \/>\n<meta property=\"og:locale\" content=\"ja_JP\" \/>\n<meta property=\"og:type\" content=\"article\" \/>\n<meta property=\"og:title\" content=\"JOS\u00c9 IGNACIO BLESA LULL\" \/>\n<meta property=\"og:description\" content=\"JOS\u00c9 IGNACIO BLESA LULL Jos\u00e9 I. Blesa Llull naci\u00f3 en Ll\u00edria, Valencia en Espa\u00f1a. Complet\u00f3 sus estudios en el Conservatorio Municipal de Valencia y Conservatori Superior de M\u00fasica de Castell\u00f3donde obtuvo las licenciaturas en Composici\u00f3n, Direcci\u00f3n, Clarinete, Musicolog\u00eda y Educaci\u00f3n Musical y el Premio Especial en Estudios de Composici\u00f3n. Como compositor ganador de m\u00faltiples premios, [&hellip;]\" \/>\n<meta property=\"og:url\" content=\"https:\/\/www.omnesbands.international\/ja\/jose-ignacio-blesa-lull-2\/\" \/>\n<meta property=\"article:modified_time\" content=\"2023-01-29T03:58:27+00:00\" \/>\n<meta property=\"og:image\" content=\"https:\/\/www.omnesbands.international\/wp-content\/uploads\/2023\/01\/music-sheet-music-snowdrop-7107045.jpg\" \/>\n\t<meta property=\"og:image:width\" content=\"1280\" \/>\n\t<meta property=\"og:image:height\" content=\"742\" \/>\n\t<meta property=\"og:image:type\" content=\"image\/jpeg\" \/>\n<meta name=\"twitter:card\" content=\"summary_large_image\" \/>\n<meta name=\"twitter:label1\" content=\"\u63a8\u5b9a\u8aad\u307f\u53d6\u308a\u6642\u9593\" \/>\n\t<meta name=\"twitter:data1\" content=\"1\u5206\" \/>\n<script type=\"application\/ld+json\" class=\"yoast-schema-graph\">{\"@context\":\"https:\\\/\\\/schema.org\",\"@graph\":[{\"@type\":\"WebPage\",\"@id\":\"https:\\\/\\\/www.omnesbands.international\\\/jose-ignacio-blesa-lull-2\\\/\",\"url\":\"https:\\\/\\\/www.omnesbands.international\\\/jose-ignacio-blesa-lull-2\\\/\",\"name\":\"JOS\u00c9 IGNACIO BLESA LULL -\",\"isPartOf\":{\"@id\":\"https:\\\/\\\/www.omnesbands.international\\\/#website\"},\"datePublished\":\"2023-01-29T03:57:52+00:00\",\"dateModified\":\"2023-01-29T03:58:27+00:00\",\"breadcrumb\":{\"@id\":\"https:\\\/\\\/www.omnesbands.international\\\/jose-ignacio-blesa-lull-2\\\/#breadcrumb\"},\"inLanguage\":\"ja\",\"potentialAction\":[{\"@type\":\"ReadAction\",\"target\":[\"https:\\\/\\\/www.omnesbands.international\\\/jose-ignacio-blesa-lull-2\\\/\"]}]},{\"@type\":\"BreadcrumbList\",\"@id\":\"https:\\\/\\\/www.omnesbands.international\\\/jose-ignacio-blesa-lull-2\\\/#breadcrumb\",\"itemListElement\":[{\"@type\":\"ListItem\",\"position\":1,\"name\":\"Portada\",\"item\":\"https:\\\/\\\/www.omnesbands.international\\\/\"},{\"@type\":\"ListItem\",\"position\":2,\"name\":\"JOS\u00c9 IGNACIO BLESA LULL\"}]},{\"@type\":\"WebSite\",\"@id\":\"https:\\\/\\\/www.omnesbands.international\\\/#website\",\"url\":\"https:\\\/\\\/www.omnesbands.international\\\/\",\"name\":\"OMNESBANDS International\",\"description\":\"Partituras Originales de autores y compositores independientes\",\"publisher\":{\"@id\":\"https:\\\/\\\/www.omnesbands.international\\\/#organization\"},\"potentialAction\":[{\"@type\":\"SearchAction\",\"target\":{\"@type\":\"EntryPoint\",\"urlTemplate\":\"https:\\\/\\\/www.omnesbands.international\\\/?s={search_term_string}\"},\"query-input\":{\"@type\":\"PropertyValueSpecification\",\"valueRequired\":true,\"valueName\":\"search_term_string\"}}],\"inLanguage\":\"ja\"},{\"@type\":\"Organization\",\"@id\":\"https:\\\/\\\/www.omnesbands.international\\\/#organization\",\"name\":\"Indra Consultores Internacionales\",\"alternateName\":\"Omnesbands\",\"url\":\"https:\\\/\\\/www.omnesbands.international\\\/\",\"logo\":{\"@type\":\"ImageObject\",\"inLanguage\":\"ja\",\"@id\":\"https:\\\/\\\/www.omnesbands.international\\\/#\\\/schema\\\/logo\\\/image\\\/\",\"url\":\"https:\\\/\\\/omnesbands.international\\\/wp-content\\\/uploads\\\/2023\\\/06\\\/Logo-Nuevo-.png\",\"contentUrl\":\"https:\\\/\\\/omnesbands.international\\\/wp-content\\\/uploads\\\/2023\\\/06\\\/Logo-Nuevo-.png\",\"width\":394,\"height\":212,\"caption\":\"Indra Consultores Internacionales\"},\"image\":{\"@id\":\"https:\\\/\\\/www.omnesbands.international\\\/#\\\/schema\\\/logo\\\/image\\\/\"}}]}<\/script>\n<!-- \/ Yoast SEO Premium plugin. -->","yoast_head_json":{"title":"JOS\u00c9 IGNACIO BLESA LULL -","robots":{"index":"index","follow":"follow","max-snippet":"max-snippet:-1","max-image-preview":"max-image-preview:large","max-video-preview":"max-video-preview:-1"},"canonical":"https:\/\/www.omnesbands.international\/ja\/jose-ignacio-blesa-lull-2\/","og_locale":"ja_JP","og_type":"article","og_title":"JOS\u00c9 IGNACIO BLESA LULL","og_description":"JOS\u00c9 IGNACIO BLESA LULL Jos\u00e9 I. Blesa Llull naci\u00f3 en Ll\u00edria, Valencia en Espa\u00f1a. Complet\u00f3 sus estudios en el Conservatorio Municipal de Valencia y Conservatori Superior de M\u00fasica de Castell\u00f3donde obtuvo las licenciaturas en Composici\u00f3n, Direcci\u00f3n, Clarinete, Musicolog\u00eda y Educaci\u00f3n Musical y el Premio Especial en Estudios de Composici\u00f3n. Como compositor ganador de m\u00faltiples premios, [&hellip;]","og_url":"https:\/\/www.omnesbands.international\/ja\/jose-ignacio-blesa-lull-2\/","article_modified_time":"2023-01-29T03:58:27+00:00","og_image":[{"width":1280,"height":742,"url":"https:\/\/www.omnesbands.international\/wp-content\/uploads\/2023\/01\/music-sheet-music-snowdrop-7107045.jpg","type":"image\/jpeg"}],"twitter_card":"summary_large_image","twitter_misc":{"\u63a8\u5b9a\u8aad\u307f\u53d6\u308a\u6642\u9593":"1\u5206"},"schema":{"@context":"https:\/\/schema.org","@graph":[{"@type":"WebPage","@id":"https:\/\/www.omnesbands.international\/jose-ignacio-blesa-lull-2\/","url":"https:\/\/www.omnesbands.international\/jose-ignacio-blesa-lull-2\/","name":"JOS\u00c9 IGNACIO BLESA LULL -","isPartOf":{"@id":"https:\/\/www.omnesbands.international\/#website"},"datePublished":"2023-01-29T03:57:52+00:00","dateModified":"2023-01-29T03:58:27+00:00","breadcrumb":{"@id":"https:\/\/www.omnesbands.international\/jose-ignacio-blesa-lull-2\/#breadcrumb"},"inLanguage":"ja","potentialAction":[{"@type":"ReadAction","target":["https:\/\/www.omnesbands.international\/jose-ignacio-blesa-lull-2\/"]}]},{"@type":"BreadcrumbList","@id":"https:\/\/www.omnesbands.international\/jose-ignacio-blesa-lull-2\/#breadcrumb","itemListElement":[{"@type":"ListItem","position":1,"name":"Portada","item":"https:\/\/www.omnesbands.international\/"},{"@type":"ListItem","position":2,"name":"JOS\u00c9 IGNACIO BLESA LULL"}]},{"@type":"WebSite","@id":"https:\/\/www.omnesbands.international\/#website","url":"https:\/\/www.omnesbands.international\/","name":"OMNESBANDS International","description":"\u72ec\u7acb\u3057\u305f\u4f5c\u5bb6\u3084\u4f5c\u66f2\u5bb6\u306b\u3088\u308b\u30aa\u30ea\u30b8\u30ca\u30eb\u306e\u697d\u8b5c","publisher":{"@id":"https:\/\/www.omnesbands.international\/#organization"},"potentialAction":[{"@type":"SearchAction","target":{"@type":"EntryPoint","urlTemplate":"https:\/\/www.omnesbands.international\/?s={search_term_string}"},"query-input":{"@type":"PropertyValueSpecification","valueRequired":true,"valueName":"search_term_string"}}],"inLanguage":"ja"},{"@type":"Organization","@id":"https:\/\/www.omnesbands.international\/#organization","name":"\u30a4\u30f3\u30c9\u30e9\u56fd\u969b\u30b3\u30f3\u30b5\u30eb\u30bf\u30f3\u30c8","alternateName":"Omnesbands","url":"https:\/\/www.omnesbands.international\/","logo":{"@type":"ImageObject","inLanguage":"ja","@id":"https:\/\/www.omnesbands.international\/#\/schema\/logo\/image\/","url":"https:\/\/omnesbands.international\/wp-content\/uploads\/2023\/06\/Logo-Nuevo-.png","contentUrl":"https:\/\/omnesbands.international\/wp-content\/uploads\/2023\/06\/Logo-Nuevo-.png","width":394,"height":212,"caption":"Indra Consultores Internacionales"},"image":{"@id":"https:\/\/www.omnesbands.international\/#\/schema\/logo\/image\/"}}]}},"uagb_featured_image_src":{"full":false,"thumbnail":false,"medium":false,"medium_large":false,"large":false,"1536x1536":false,"2048x2048":false,"trp-custom-language-flag":false,"gg_gallery_thumbnail":false,"woocommerce_thumbnail":false,"woocommerce_single":false,"woocommerce_gallery_thumbnail":false},"uagb_author_info":{"display_name":"Melvin R. Portillo A:","author_link":"https:\/\/www.omnesbands.international\/ja\/author\/portand\/"},"uagb_comment_info":0,"uagb_excerpt":"JOS\u00c9 IGNACIO BLESA LULL Jos\u00e9 I. Blesa Llull naci\u00f3 en Ll\u00edria, Valencia en Espa\u00f1a. Complet\u00f3 sus estudios en el Conservatorio Municipal de Valencia y Conservatori Superior de M\u00fasica de Castell\u00f3donde obtuvo las licenciaturas en Composici\u00f3n, Direcci\u00f3n, Clarinete, Musicolog\u00eda y Educaci\u00f3n Musical y el Premio Especial en Estudios de Composici\u00f3n. Como compositor ganador de m\u00faltiples premios,&hellip;","_links":{"self":[{"href":"https:\/\/www.omnesbands.international\/ja\/wp-json\/wp\/v2\/pages\/1696","targetHints":{"allow":["GET"]}}],"collection":[{"href":"https:\/\/www.omnesbands.international\/ja\/wp-json\/wp\/v2\/pages"}],"about":[{"href":"https:\/\/www.omnesbands.international\/ja\/wp-json\/wp\/v2\/types\/page"}],"author":[{"embeddable":true,"href":"https:\/\/www.omnesbands.international\/ja\/wp-json\/wp\/v2\/users\/4"}],"replies":[{"embeddable":true,"href":"https:\/\/www.omnesbands.international\/ja\/wp-json\/wp\/v2\/comments?post=1696"}],"version-history":[{"count":2,"href":"https:\/\/www.omnesbands.international\/ja\/wp-json\/wp\/v2\/pages\/1696\/revisions"}],"predecessor-version":[{"id":1698,"href":"https:\/\/www.omnesbands.international\/ja\/wp-json\/wp\/v2\/pages\/1696\/revisions\/1698"}],"wp:attachment":[{"href":"https:\/\/www.omnesbands.international\/ja\/wp-json\/wp\/v2\/media?parent=1696"}],"curies":[{"name":"wp","href":"https:\/\/api.w.org\/{rel}","templated":true}]}}