{"id":1699,"date":"2023-01-28T22:04:22","date_gmt":"2023-01-29T04:04:22","guid":{"rendered":"https:\/\/omnesbands.international\/?page_id=1699"},"modified":"2023-01-28T22:04:52","modified_gmt":"2023-01-29T04:04:52","slug":"jose-miguel-fayos-jordan-2","status":"publish","type":"page","link":"https:\/\/www.omnesbands.international\/ja\/jose-miguel-fayos-jordan-2\/","title":{"rendered":"\u30db\u30bb\u30fb\u30df\u30b2\u30eb\u30fb\u30d5\u30a7\u30a4\u30e8\u30b9\u30fb\u30b8\u30e7\u30fc\u30c0\u30f3"},"content":{"rendered":"<div class=\"wp-block-uagb-container uagb-block-334dc832 alignfull uagb-is-root-container\"><div class=\"uagb-container-inner-blocks-wrap\">\n<div class=\"wp-block-uagb-advanced-heading uagb-block-906e3806\"><h1 class=\"uagb-heading-text\"><strong>\u30db\u30bb\u30fb\u30df\u30b2\u30eb\u30fb\u30d5\u30a7\u30a4\u30e8\u30b9\u30fb\u30b8\u30e7\u30fc\u30c0\u30f3<\/strong><\/h1><\/div>\n<\/div><\/div>\n\n\n\n<div class=\"wp-block-uagb-container uagb-block-7ed1632e alignfull uagb-is-root-container\"><div class=\"uagb-container-inner-blocks-wrap\">\n<div class=\"wp-block-uagb-container uagb-block-8093ef56\">\n<p>\u30c1\u30a7\u30e9\uff08\u30d0\u30ec\u30f3\u30b7\u30a2\uff09\u751f\u307e\u308c\u3002\u5f7c\u306f\u30d0\u30ec\u30f3\u30b7\u30a2\u306e\u300c\u30db\u30a2\u30ad\u30f3\u30fb\u30ed\u30c9\u30ea\u30b4\u300d\u9ad8\u7b49\u97f3\u697d\u9662\u3067\u5b66\u3073\u3001\u305d\u3053\u3067\u4f5c\u66f2\u306e\u9ad8\u7b49\u6559\u6388\u306e\u79f0\u53f7\u3092\u53d6\u5f97\u3057\u3001\u300c\u7279\u5225\u8cde\u300d\u3092\u53d7\u8cde\u3057\u3066\u30ad\u30e3\u30ea\u30a2\u306e\u6700\u9ad8\u6f6e\u306b\u9054\u3057\u307e\u3057\u305f\u3002\u5f7c\u306e\u6559\u5e2b\u306e\u4e2d\u3067\u3082\u5091\u51fa\u3057\u305f\u4eba\u7269\u306f\u3001R. \u30e9\u30e2\u30b9\u3001G. \u30d2\u30e1\u30cd\u30b9\u3001E. \u30b5\u30f3\u30b9\uff1d\u30d6\u30eb\u30b2\u30c6\u3001C. \u30ab\u30ce\u3001E. \u30ab\u30e9\u30f3\u30c7\u30a3\u30f3\u3001F. \u30bf\u30de\u30ea\u30c3\u30c8\u306a\u3069\u3067\u3059\u3002<br>\u5f7c\u306f\u4ee5\u4e0b\u3092\u542b\u3080\u3044\u304f\u3064\u304b\u306e\u4f5c\u66f2\u8cde\u3092\u53d7\u8cde\u3057\u3066\u3044\u307e\u3059\u3002\u7b2c 2 \u56de\u56fd\u969b\u4f5c\u66f2\u30b3\u30f3\u30af\u30fc\u30eb\u300c\u30b7\u30a6\u30c0\u30fc\u30fb\u30c7\u30fb\u30c8\u30ec\u30d3\u30a8\u30cf\u300d\u7b2c 1 \u4f4d\u3001\u82e5\u624b\u4f5c\u66f2\u5bb6\u30b3\u30f3\u30af\u30fc\u30eb\u300cHui, hui M\u00fasica\u300d\u30a8\u30c7\u30a3\u30b7\u30e7\u30f3\u8cde\uff082006 \u5e74\uff09\u304a\u3088\u3073\u540c\u4f5c\u54c1\u306e\u5165\u9078\u304a\u3088\u3073\u521d\u6f14\uff082004\u30012006 \u5e74\u30012008 \u5e74\uff09\u3001\u30d0\u30f3\u30c9\u300c\u30f4\u30a3\u30e9\u30fb\u30c7\u30fb\u30aa\u30eb\u30c6\u30a3\u30b2\u30a4\u30e9\u300d\u306b\u3088\u308b\u7b2c1\u30a4\u30d9\u30ed\u30fb\u30a2\u30e1\u30ea\u30ab\u30f3\u4f5c\u66f2\u30b3\u30f3\u30c6\u30b9\u30c8\u3001IVM\u4e3b\u50ac\u306e\u7b2c3\u56de\u5e38\u8a2d\u4f5c\u66f2\u30bb\u30df\u30ca\u30fc\u3067\u4f5c\u66f2\u8cde\u304a\u3088\u3073\u59d4\u5631\u8cde\u3001\u30e8\u30fc\u30ed\u30c3\u30d1\u30fb\u30af\u30ea\u30a8\u30a4\u30b7\u30e7\u30f3\u30fb\u30df\u30e5\u30fc\u30b8\u30c3\u30af\u30fb\u30ef\u30fc\u30af\u30b7\u30e7\u30c3\u30d72013\u3067\u8cde\u3001\u7b2c24\u56de\u97f3\u697d\u796d\u3067\u7b2c2\u4f4d\u300c\u30ab\u30eb\u30e1\u30ed\u30fb\u30a2\u30ed\u30f3\u30bd\u30fb\u30d9\u30eb\u30ca\u30aa\u30e9\u300d Fundaci\u00f3n Autor\/Sgae-CNDM Young Composers Award \u3092\u53d7\u8cde\u3002<\/p>\n<p>\u5f7c\u306e\u4f5c\u54c1\u306f\u3001ENSEMS\u3001\u30d5\u30a4\u30d5\u30a4\u30fb\u30e0\u30b8\u30ab\u3001\u30e9\u30fb\u30de\u30f3\u30c1\u30e3\u56fd\u969b\u97f3\u697d\u796d\u3001\u30d0\u30ec\u30f3\u30b7\u30a2\u97f3\u697d\u5802\u3001\u30b5\u30e9SGAE\u30d0\u30ec\u30f3\u30b7\u30a2\u3001\u30af\u30e9\u30d6\u30fb\u30c7\u30a3\u30a2\u30ea\u30aa\u30fb\u30ec\u30d0\u30f3\u30c6\u3001\u30de\u30c9\u30ea\u30fc\u30c9\u56fd\u7acb\u97f3\u697d\u516c\u4f1a\u5802\u3001\u30ab\u30b5\u30fb\u30c0\u30fb\u30e0\u30b8\u30ab\u306a\u3069\u306e\u30d5\u30a7\u30b9\u30c6\u30a3\u30d0\u30eb\u3084\u8b1b\u5802\u3067\u6f14\u594f\u304a\u3088\u3073\u521d\u6f14\u3055\u308c\u3066\u3044\u308b\u3002 \uff08\u30dd\u30eb\u30c8\uff09\u3001\u30bd\u30d5\u30a3\u30a2\u738b\u5983\u82b8\u8853\u30bb\u30f3\u30bf\u30fc\u3001\u30aa\u30fc\u30c7\u30a3\u30c8\u30ea\u30aa 400 MNCARS\u3001\u304a\u3088\u3073\u30a2\u30f3\u30b5\u30f3\u30d6\u30eb \u30a2\u30fc\u30c8 XXI\u3001\u30d0\u30ec\u30f3\u30b7\u30a2\u697d\u5668\u30b0\u30eb\u30fc\u30d7\u3001\u30dd\u30eb\u30c8\u30ac\u30eb\u4ea4\u97ff\u697d\u56e3\u3001\u30d1\u30eb\u30b5\u30fc \u30a2\u30f3\u30b5\u30f3\u30d6\u30eb\u3001\u30cf\u30fc\u30e2\u30cb\u30fc\u7ba1\u5f26\u697d\u56e3\uff08\u30b9\u30c8\u30e9\u30b9\u30d6\u30fc\u30eb\u97f3\u697d\u9662\uff09\u306a\u3069\u306e\u30b0\u30eb\u30fc\u30d7\u306b\u3088\u308b\u6f14\u594f\u3002<br>2007 \u5e74 5 \u6708\u3001\u540c\u3058\u8a69\u4eba\u306e\u30c6\u30ad\u30b9\u30c8\u306b\u57fa\u3065\u3044\u305f\u30bb\u30eb\u30d0\u30f3\u30c6\u30b9 A. \u30ac\u30e2\u30cd\u30c0\u8cde\u3078\u306e\u30aa\u30de\u30fc\u30b8\u30e5\u3068\u3057\u3066\u3001\u5f7c\u306e\u4f5c\u54c1\u300cCantos desde el olvido\u300d\u304c\u521d\u6f14\u3055\u308c\u307e\u3057\u305f\u3002\u5f7c\u306f\u30d0\u30ec\u30f3\u30b7\u30a2\u97f3\u697d\u9662\u3084\u30d0\u30ec\u30f3\u30b7\u30a2\u697d\u5668\u30b0\u30eb\u30fc\u30d7\u306a\u3069\u306e\u6a5f\u95a2\u304b\u3089\u4f9d\u983c\u3092\u53d7\u3051\u3066\u3044\u307e\u3059\u3002<\/p>\n<p>J.M.\u30ed\u30da\u30b9\u3001J.M.\u30b5\u30f3\u30c1\u30a7\u30b9\uff1d\u30f4\u30a7\u30eb\u30c9\u30a5\u3001C.\u30cf\u30eb\u30d5\u30bf\u30fc\u3001R.\u30d3\u30b7\u30e7\u30d5\u3001L.\u30d0\u30e9\u30c0\u3001T.\u30de\u30eb\u30b3\u3001A.\u30a2\u30e9\u30b7\u30eb\u3001G.\u30ac\u30f3\u3001J.\u30eb\u30a8\u30c0\u3001M.\u30bd\u30c6\u30ed\u306e\u30b3\u30fc\u30b9\u3001\u30df\u30fc\u30c6\u30a3\u30f3\u30b0\u3001\u30de\u30b9\u30bf\u30fc\u30af\u30e9\u30b9\u306b\u53c2\u52a0\u3002 \u3001A. \u30dd\u30b5\u30c0\u30b9\u3001P. \u30d3\u30ed\u30fc\u30cd\u3001J.L. \u30c8\u30fc\u30e9\u3001J. \u30c7 \u30e1\u30a4\u3002\u5f7c\u306f\u3001J.M\u00c2\u00e8 S\u00e1nchez-Verd\u00fa \u6559\u6388\u3068 A. Posadas \u6559\u6388\u306b\u3088\u3063\u3066\u9078\u3070\u308c\u3001\u4f5c\u66f2\u30bb\u30df\u30ca\u30fc (2009 \uff5e 2011 \u5e74) \u3092\u5b9f\u65bd\u3059\u308b\u305f\u3081\u306e\u5968\u5b66\u91d1\u3092 IVM \u304b\u3089\u6388\u4e0e\u3055\u308c\u307e\u3057\u305f\u3002\u30a2\u30eb\u30d9\u30eb\u30c8\u30fb\u30dd\u30b5\u30c0\u30b9\u6559\u6388\u3068\u306e\u30e8\u30fc\u30ed\u30c3\u30d1\u97f3\u697d\u5275\u4f5c\u30ef\u30fc\u30af\u30b7\u30e7\u30c3\u30d72013\u306e\u5968\u5b66\u91d1\u306b\u9078\u3070\u308c\u3001\u6388\u4e0e\u3055\u308c\u307e\u3057\u305f\u3002<br>\u76e3\u7763\u306e\u5206\u91ce\u3067\u306f\u3001\u30db\u30bb\u30fbR\u30fb\u30d1\u30b9\u30af\u30a2\u30eb\uff1d\u30f4\u30a3\u30e9\u30d7\u30e9\u30ca\u306b\u5e2b\u4e8b\u3057\u3001\u30e4\u30f3\u30fb\u30b3\u30fc\u30d0\u30fc\u306b\u4e0a\u7d1a\u30b3\u30fc\u30b9\u3092\u5b66\u3073\u307e\u3057\u305f\u3002\u5f7c\u306f\u30b9\u30da\u30a4\u30f3\u306e\u5730\u7406\u3001\u7279\u306b\u30d0\u30ec\u30f3\u30b7\u30a2\u306e\u30b3\u30df\u30e5\u30cb\u30c6\u30a3\u306b\u95a2\u3059\u308b\u3055\u307e\u3056\u307e\u306a\u30c8\u30ec\u30fc\u30cb\u30f3\u30b0 \u30b3\u30fc\u30b9\u3092\u6307\u5c0e\u3057\u3066\u304d\u307e\u3057\u305f\u3002<\/p>\n<p>\u5f7c\u306f\u3001C.\u30d0\u30ec\u30f3\u30b7\u30a2\u30ca\u306e\u3055\u307e\u3056\u307e\u306a\u97f3\u697d\u9662\u3067\u548c\u58f0\u3001\u5206\u6790\u3001\u97f3\u697d\u53f2\u3001\u4f5c\u66f2\u306e\u57fa\u790e\u306e\u6559\u6388\u3068\u3057\u3066\u6559\u80b2\u6d3b\u52d5\u3092\u5c55\u958b\u3057\u3066\u3044\u307e\u3059\u3002\u30c1\u30a7\u30e9\u306e\u300c\u30de\u30a8\u30b9\u30c8\u30ed\u30fb\u30dd\u30f3\u30bb\u300d\u97f3\u697d\u9662\u3001\u30a8\u30eb\u30c0\u306e\u300c\u30eb\u30da\u30eb\u30c8\u30fb\u30c1\u30e3\u30d4\u300d\u97f3\u697d\u9662\u3001\u30a2\u30ea\u30ab\u30f3\u30c6\u306e\u300c\u30aa\u30b9\u30ab\u30eb\u30fb\u30a8\u30b9\u30d7\u30e9\u300d\u9ad8\u7b49\u97f3\u697d\u9662\u3092\u5352\u696d\u3057\u3001\u73fe\u5728\u306f\u30b7\u30e3\u30d3\u30a2\u97f3\u697d\u9662\u304a\u3088\u3073\u30f4\u30a1\u30eb\u30fb\u30c0\u30eb\u30d0\u30a4\u30c0\u306e\u5730\u65b9\u97f3\u697d\u5b66\u6821\u306b\u5728\u7c4d\u3057\u3066\u3044\u308b\u3002\u307e\u305f\u3001\u5206\u6790\u3068\u4f5c\u66f2\u306b\u95a2\u3059\u308b\u3055\u307e\u3056\u307e\u306a\u30de\u30b9\u30bf\u30fc\u30af\u30e9\u30b9\u3092\u983b\u7e41\u306b\u958b\u50ac\u3057\u3001\u3055\u307e\u3056\u307e\u306a\u4f5c\u66f2\u8cde\u306e\u5be9\u67fb\u54e1\u3068\u3057\u3066\u62db\u5f85\u3055\u308c\u3066\u3044\u307e\u3059\u3002<\/p>\n<\/div>\n<\/div><\/div>\n\n\n<div class=\"woocommerce columns-4\"><ul class=\"products columns-4\">\n<li class=\"desktop-align-left tablet-align-left mobile-align-left ast-product-gallery-layout-horizontal-slider product type-product post-993 status-publish first instock product_cat-sinfonicas product_tag-jose-miguel-fayos-jordan has-post-thumbnail downloadable virtual taxable purchasable product-type-simple\">\n\t<a href=\"https:\/\/www.omnesbands.international\/ja\/product\/cantares-de-la-nueva-tierra\/\" class=\"woocommerce-LoopProduct-link woocommerce-loop-product__link\"><img loading=\"lazy\" decoding=\"async\" width=\"300\" height=\"300\" src=\"https:\/\/www.omnesbands.international\/wp-content\/uploads\/2023\/01\/Cantares-de-la-Nueva-Tierra-300x300.jpg\" class=\"attachment-woocommerce_thumbnail size-woocommerce_thumbnail\" alt=\"Cantares de la Nueva Tierra\" srcset=\"https:\/\/www.omnesbands.international\/wp-content\/uploads\/2023\/01\/Cantares-de-la-Nueva-Tierra-300x300.jpg 300w, https:\/\/www.omnesbands.international\/wp-content\/uploads\/2023\/01\/Cantares-de-la-Nueva-Tierra-150x150.jpg 150w, https:\/\/www.omnesbands.international\/wp-content\/uploads\/2023\/01\/Cantares-de-la-Nueva-Tierra-100x100.jpg 100w\" sizes=\"auto, (max-width: 300px) 100vw, 300px\" \/><h2 class=\"woocommerce-loop-product__title\">\u65b0\u3057\u3044\u5730\u7403\u306e\u6b4c<\/h2>\n\t<span class=\"price\"><span class=\"woocommerce-Price-amount amount\"><bdi><span class=\"woocommerce-Price-currencySymbol\">&#36;<\/span>45.00<\/bdi><\/span><\/span>\n<\/a><a href=\"\/ja\/wp-json\/wp\/v2\/pages\/1699?add-to-cart=993\" aria-describedby=\"woocommerce_loop_add_to_cart_link_describedby_993\" data-quantity=\"1\" class=\"button product_type_simple add_to_cart_button ajax_add_to_cart\" data-product_id=\"993\" data-product_sku=\"CAN-SIN-ESP-22\" aria-label=\"\u30ab\u30fc\u30c8\u306b\u8ffd\u52a0: \u300cCantares de la Nueva Tierra\u300d\" rel=\"nofollow\" data-success_message=\"\u300cCantares de la Nueva Tierra\u300d\u3092\u304a\u8cb7\u3044\u7269\u30ab\u30b4\u306b\u8ffd\u52a0\u3057\u307e\u3057\u305f\" role=\"button\" data-no-translation=\"\" data-trp-gettext=\"\" data-no-translation-aria-label=\"\" data-no-translation-data-success_message=\"\">\u304a\u8cb7\u3044\u7269\u30ab\u30b4\u306b\u8ffd\u52a0<\/a>\t<span id=\"woocommerce_loop_add_to_cart_link_describedby_993\" class=\"screen-reader-text\">\n\t\t\t<\/span>\n<\/li>\n<li class=\"desktop-align-left tablet-align-left mobile-align-left ast-product-gallery-layout-horizontal-slider product type-product post-1071 status-publish instock product_cat-musica-de-calle product_tag-jose-miguel-fayos-jordan has-post-thumbnail downloadable virtual taxable purchasable product-type-simple\">\n\t<a href=\"https:\/\/www.omnesbands.international\/ja\/product\/canticum\/\" class=\"woocommerce-LoopProduct-link woocommerce-loop-product__link\"><img loading=\"lazy\" decoding=\"async\" width=\"300\" height=\"300\" src=\"https:\/\/www.omnesbands.international\/wp-content\/uploads\/2023\/01\/Canticum-300x300.jpg\" class=\"attachment-woocommerce_thumbnail size-woocommerce_thumbnail\" alt=\"Canticum\" srcset=\"https:\/\/www.omnesbands.international\/wp-content\/uploads\/2023\/01\/Canticum-300x300.jpg 300w, https:\/\/www.omnesbands.international\/wp-content\/uploads\/2023\/01\/Canticum-150x150.jpg 150w, https:\/\/www.omnesbands.international\/wp-content\/uploads\/2023\/01\/Canticum-100x100.jpg 100w\" sizes=\"auto, (max-width: 300px) 100vw, 300px\" \/><h2 class=\"woocommerce-loop-product__title\">\u30ab\u30f3\u30c6\u30a3\u30af\u30e0<\/h2>\n\t<span class=\"price\"><span class=\"woocommerce-Price-amount amount\"><bdi><span class=\"woocommerce-Price-currencySymbol\">&#36;<\/span>25.00<\/bdi><\/span><\/span>\n<\/a><a href=\"\/ja\/wp-json\/wp\/v2\/pages\/1699?add-to-cart=1071\" aria-describedby=\"woocommerce_loop_add_to_cart_link_describedby_1071\" data-quantity=\"1\" class=\"button product_type_simple add_to_cart_button ajax_add_to_cart\" data-product_id=\"1071\" data-product_sku=\"CAN-CAL-ESP-22\" aria-label=\"\u30ab\u30fc\u30c8\u306b\u8ffd\u52a0: \u300cCanticum\u300d\" rel=\"nofollow\" data-success_message=\"\u300cCanticum\u300d\u3092\u304a\u8cb7\u3044\u7269\u30ab\u30b4\u306b\u8ffd\u52a0\u3057\u307e\u3057\u305f\" role=\"button\" data-no-translation=\"\" data-trp-gettext=\"\" data-no-translation-aria-label=\"\" data-no-translation-data-success_message=\"\">\u304a\u8cb7\u3044\u7269\u30ab\u30b4\u306b\u8ffd\u52a0<\/a>\t<span id=\"woocommerce_loop_add_to_cart_link_describedby_1071\" class=\"screen-reader-text\">\n\t\t\t<\/span>\n<\/li>\n<\/ul>\n<\/div>","protected":false},"excerpt":{"rendered":"<p>JOS\u00c9 MIGUEL FAYOS JORD\u00c1N Natural de Chella (Valencia). Realiza sus estudios en el Conservatorio Superior de M\u00fasica \u201cJoaqu\u00edn Rodrigo\u201d\u009d de Valencia donde obtiene el t\u00edtulo de Profesor Superior de Composici\u00f3n culminando su carrera con el \u201cPremio extraordinario\u201d\u009d. Entre algunos de sus maestros destacan: R. Ramos, G. Jim\u00e9nez, E. Sanz-Burguete, C. Cano, E. Caland\u00edn y F. [&hellip;]<\/p>\n","protected":false},"author":4,"featured_media":0,"parent":0,"menu_order":0,"comment_status":"closed","ping_status":"closed","template":"","meta":{"_acf_changed":false,"_uag_custom_page_level_css":"","site-sidebar-layout":"default","site-content-layout":"","ast-site-content-layout":"default","site-content-style":"default","site-sidebar-style":"default","ast-global-header-display":"","ast-banner-title-visibility":"","ast-main-header-display":"","ast-hfb-above-header-display":"","ast-hfb-below-header-display":"","ast-hfb-mobile-header-display":"","site-post-title":"disabled","ast-breadcrumbs-content":"","ast-featured-img":"","footer-sml-layout":"","ast-disable-related-posts":"","theme-transparent-header-meta":"","adv-header-id-meta":"","stick-header-meta":"","header-above-stick-meta":"","header-main-stick-meta":"","header-below-stick-meta":"","astra-migrate-meta-layouts":"default","ast-page-background-enabled":"default","ast-page-background-meta":{"desktop":{"background-color":"","background-image":"","background-repeat":"repeat","background-position":"center center","background-size":"auto","background-attachment":"scroll","background-type":"","background-media":"","overlay-type":"","overlay-color":"","overlay-opacity":"","overlay-gradient":""},"tablet":{"background-color":"","background-image":"","background-repeat":"repeat","background-position":"center center","background-size":"auto","background-attachment":"scroll","background-type":"","background-media":"","overlay-type":"","overlay-color":"","overlay-opacity":"","overlay-gradient":""},"mobile":{"background-color":"","background-image":"","background-repeat":"repeat","background-position":"center center","background-size":"auto","background-attachment":"scroll","background-type":"","background-media":"","overlay-type":"","overlay-color":"","overlay-opacity":"","overlay-gradient":""}},"ast-content-background-meta":{"desktop":{"background-color":"var(--ast-global-color-5)","background-image":"","background-repeat":"repeat","background-position":"center center","background-size":"auto","background-attachment":"scroll","background-type":"","background-media":"","overlay-type":"","overlay-color":"","overlay-opacity":"","overlay-gradient":""},"tablet":{"background-color":"var(--ast-global-color-5)","background-image":"","background-repeat":"repeat","background-position":"center center","background-size":"auto","background-attachment":"scroll","background-type":"","background-media":"","overlay-type":"","overlay-color":"","overlay-opacity":"","overlay-gradient":""},"mobile":{"background-color":"var(--ast-global-color-5)","background-image":"","background-repeat":"repeat","background-position":"center center","background-size":"auto","background-attachment":"scroll","background-type":"","background-media":"","overlay-type":"","overlay-color":"","overlay-opacity":"","overlay-gradient":""}},"footnotes":""},"class_list":["post-1699","page","type-page","status-publish","hentry"],"acf":[],"yoast_head":"<!-- This site is optimized with the Yoast SEO Premium plugin v22.4 (Yoast SEO v27.4) - https:\/\/yoast.com\/product\/yoast-seo-premium-wordpress\/ -->\n<title>JOS\u00c9 MIGUEL FAYOS JORD\u00c1N -<\/title>\n<meta name=\"robots\" content=\"index, follow, max-snippet:-1, max-image-preview:large, max-video-preview:-1\" \/>\n<link rel=\"canonical\" href=\"https:\/\/www.omnesbands.international\/ja\/jose-miguel-fayos-jordan-2\/\" \/>\n<meta property=\"og:locale\" content=\"ja_JP\" \/>\n<meta property=\"og:type\" content=\"article\" \/>\n<meta property=\"og:title\" content=\"JOS\u00c9 MIGUEL FAYOS JORD\u00c1N\" \/>\n<meta property=\"og:description\" content=\"JOS\u00c9 MIGUEL FAYOS JORD\u00c1N Natural de Chella (Valencia). Realiza sus estudios en el Conservatorio Superior de M\u00fasica \u201cJoaqu\u00edn Rodrigo\u201d\u009d de Valencia donde obtiene el t\u00edtulo de Profesor Superior de Composici\u00f3n culminando su carrera con el \u201cPremio extraordinario\u201d\u009d. Entre algunos de sus maestros destacan: R. Ramos, G. Jim\u00e9nez, E. Sanz-Burguete, C. Cano, E. Caland\u00edn y F. [&hellip;]\" \/>\n<meta property=\"og:url\" content=\"https:\/\/www.omnesbands.international\/ja\/jose-miguel-fayos-jordan-2\/\" \/>\n<meta property=\"article:modified_time\" content=\"2023-01-29T04:04:52+00:00\" \/>\n<meta property=\"og:image\" content=\"https:\/\/www.omnesbands.international\/wp-content\/uploads\/2023\/01\/music-sheet-music-snowdrop-7107045.jpg\" \/>\n\t<meta property=\"og:image:width\" content=\"1280\" \/>\n\t<meta property=\"og:image:height\" content=\"742\" \/>\n\t<meta property=\"og:image:type\" content=\"image\/jpeg\" \/>\n<meta name=\"twitter:card\" content=\"summary_large_image\" \/>\n<meta name=\"twitter:label1\" content=\"\u63a8\u5b9a\u8aad\u307f\u53d6\u308a\u6642\u9593\" \/>\n\t<meta name=\"twitter:data1\" content=\"3\u5206\" \/>\n<script type=\"application\/ld+json\" class=\"yoast-schema-graph\">{\"@context\":\"https:\\\/\\\/schema.org\",\"@graph\":[{\"@type\":\"WebPage\",\"@id\":\"https:\\\/\\\/www.omnesbands.international\\\/jose-miguel-fayos-jordan-2\\\/\",\"url\":\"https:\\\/\\\/www.omnesbands.international\\\/jose-miguel-fayos-jordan-2\\\/\",\"name\":\"JOS\u00c9 MIGUEL FAYOS JORD\u00c1N -\",\"isPartOf\":{\"@id\":\"https:\\\/\\\/www.omnesbands.international\\\/#website\"},\"datePublished\":\"2023-01-29T04:04:22+00:00\",\"dateModified\":\"2023-01-29T04:04:52+00:00\",\"breadcrumb\":{\"@id\":\"https:\\\/\\\/www.omnesbands.international\\\/jose-miguel-fayos-jordan-2\\\/#breadcrumb\"},\"inLanguage\":\"ja\",\"potentialAction\":[{\"@type\":\"ReadAction\",\"target\":[\"https:\\\/\\\/www.omnesbands.international\\\/jose-miguel-fayos-jordan-2\\\/\"]}]},{\"@type\":\"BreadcrumbList\",\"@id\":\"https:\\\/\\\/www.omnesbands.international\\\/jose-miguel-fayos-jordan-2\\\/#breadcrumb\",\"itemListElement\":[{\"@type\":\"ListItem\",\"position\":1,\"name\":\"Portada\",\"item\":\"https:\\\/\\\/www.omnesbands.international\\\/\"},{\"@type\":\"ListItem\",\"position\":2,\"name\":\"JOS\u00c9 MIGUEL FAYOS JORD\u00c1N\"}]},{\"@type\":\"WebSite\",\"@id\":\"https:\\\/\\\/www.omnesbands.international\\\/#website\",\"url\":\"https:\\\/\\\/www.omnesbands.international\\\/\",\"name\":\"OMNESBANDS International\",\"description\":\"Partituras Originales de autores y compositores independientes\",\"publisher\":{\"@id\":\"https:\\\/\\\/www.omnesbands.international\\\/#organization\"},\"potentialAction\":[{\"@type\":\"SearchAction\",\"target\":{\"@type\":\"EntryPoint\",\"urlTemplate\":\"https:\\\/\\\/www.omnesbands.international\\\/?s={search_term_string}\"},\"query-input\":{\"@type\":\"PropertyValueSpecification\",\"valueRequired\":true,\"valueName\":\"search_term_string\"}}],\"inLanguage\":\"ja\"},{\"@type\":\"Organization\",\"@id\":\"https:\\\/\\\/www.omnesbands.international\\\/#organization\",\"name\":\"Indra Consultores Internacionales\",\"alternateName\":\"Omnesbands\",\"url\":\"https:\\\/\\\/www.omnesbands.international\\\/\",\"logo\":{\"@type\":\"ImageObject\",\"inLanguage\":\"ja\",\"@id\":\"https:\\\/\\\/www.omnesbands.international\\\/#\\\/schema\\\/logo\\\/image\\\/\",\"url\":\"https:\\\/\\\/omnesbands.international\\\/wp-content\\\/uploads\\\/2023\\\/06\\\/Logo-Nuevo-.png\",\"contentUrl\":\"https:\\\/\\\/omnesbands.international\\\/wp-content\\\/uploads\\\/2023\\\/06\\\/Logo-Nuevo-.png\",\"width\":394,\"height\":212,\"caption\":\"Indra Consultores Internacionales\"},\"image\":{\"@id\":\"https:\\\/\\\/www.omnesbands.international\\\/#\\\/schema\\\/logo\\\/image\\\/\"}}]}<\/script>\n<!-- \/ Yoast SEO Premium plugin. -->","yoast_head_json":{"title":"JOS\u00c9 MIGUEL FAYOS JORD\u00c1N -","robots":{"index":"index","follow":"follow","max-snippet":"max-snippet:-1","max-image-preview":"max-image-preview:large","max-video-preview":"max-video-preview:-1"},"canonical":"https:\/\/www.omnesbands.international\/ja\/jose-miguel-fayos-jordan-2\/","og_locale":"ja_JP","og_type":"article","og_title":"JOS\u00c9 MIGUEL FAYOS JORD\u00c1N","og_description":"JOS\u00c9 MIGUEL FAYOS JORD\u00c1N Natural de Chella (Valencia). Realiza sus estudios en el Conservatorio Superior de M\u00fasica \u201cJoaqu\u00edn Rodrigo\u201d\u009d de Valencia donde obtiene el t\u00edtulo de Profesor Superior de Composici\u00f3n culminando su carrera con el \u201cPremio extraordinario\u201d\u009d. Entre algunos de sus maestros destacan: R. Ramos, G. Jim\u00e9nez, E. Sanz-Burguete, C. Cano, E. Caland\u00edn y F. [&hellip;]","og_url":"https:\/\/www.omnesbands.international\/ja\/jose-miguel-fayos-jordan-2\/","article_modified_time":"2023-01-29T04:04:52+00:00","og_image":[{"width":1280,"height":742,"url":"https:\/\/www.omnesbands.international\/wp-content\/uploads\/2023\/01\/music-sheet-music-snowdrop-7107045.jpg","type":"image\/jpeg"}],"twitter_card":"summary_large_image","twitter_misc":{"\u63a8\u5b9a\u8aad\u307f\u53d6\u308a\u6642\u9593":"3\u5206"},"schema":{"@context":"https:\/\/schema.org","@graph":[{"@type":"WebPage","@id":"https:\/\/www.omnesbands.international\/jose-miguel-fayos-jordan-2\/","url":"https:\/\/www.omnesbands.international\/jose-miguel-fayos-jordan-2\/","name":"JOS\u00c9 MIGUEL FAYOS JORD\u00c1N -","isPartOf":{"@id":"https:\/\/www.omnesbands.international\/#website"},"datePublished":"2023-01-29T04:04:22+00:00","dateModified":"2023-01-29T04:04:52+00:00","breadcrumb":{"@id":"https:\/\/www.omnesbands.international\/jose-miguel-fayos-jordan-2\/#breadcrumb"},"inLanguage":"ja","potentialAction":[{"@type":"ReadAction","target":["https:\/\/www.omnesbands.international\/jose-miguel-fayos-jordan-2\/"]}]},{"@type":"BreadcrumbList","@id":"https:\/\/www.omnesbands.international\/jose-miguel-fayos-jordan-2\/#breadcrumb","itemListElement":[{"@type":"ListItem","position":1,"name":"Portada","item":"https:\/\/www.omnesbands.international\/"},{"@type":"ListItem","position":2,"name":"JOS\u00c9 MIGUEL FAYOS JORD\u00c1N"}]},{"@type":"WebSite","@id":"https:\/\/www.omnesbands.international\/#website","url":"https:\/\/www.omnesbands.international\/","name":"OMNESBANDS International","description":"\u72ec\u7acb\u3057\u305f\u4f5c\u5bb6\u3084\u4f5c\u66f2\u5bb6\u306b\u3088\u308b\u30aa\u30ea\u30b8\u30ca\u30eb\u306e\u697d\u8b5c","publisher":{"@id":"https:\/\/www.omnesbands.international\/#organization"},"potentialAction":[{"@type":"SearchAction","target":{"@type":"EntryPoint","urlTemplate":"https:\/\/www.omnesbands.international\/?s={search_term_string}"},"query-input":{"@type":"PropertyValueSpecification","valueRequired":true,"valueName":"search_term_string"}}],"inLanguage":"ja"},{"@type":"Organization","@id":"https:\/\/www.omnesbands.international\/#organization","name":"\u30a4\u30f3\u30c9\u30e9\u56fd\u969b\u30b3\u30f3\u30b5\u30eb\u30bf\u30f3\u30c8","alternateName":"Omnesbands","url":"https:\/\/www.omnesbands.international\/","logo":{"@type":"ImageObject","inLanguage":"ja","@id":"https:\/\/www.omnesbands.international\/#\/schema\/logo\/image\/","url":"https:\/\/omnesbands.international\/wp-content\/uploads\/2023\/06\/Logo-Nuevo-.png","contentUrl":"https:\/\/omnesbands.international\/wp-content\/uploads\/2023\/06\/Logo-Nuevo-.png","width":394,"height":212,"caption":"Indra Consultores Internacionales"},"image":{"@id":"https:\/\/www.omnesbands.international\/#\/schema\/logo\/image\/"}}]}},"uagb_featured_image_src":{"full":false,"thumbnail":false,"medium":false,"medium_large":false,"large":false,"1536x1536":false,"2048x2048":false,"trp-custom-language-flag":false,"gg_gallery_thumbnail":false,"woocommerce_thumbnail":false,"woocommerce_single":false,"woocommerce_gallery_thumbnail":false},"uagb_author_info":{"display_name":"Melvin R. Portillo A:","author_link":"https:\/\/www.omnesbands.international\/ja\/author\/portand\/"},"uagb_comment_info":0,"uagb_excerpt":"JOS\u00c9 MIGUEL FAYOS JORD\u00c1N Natural de Chella (Valencia). Realiza sus estudios en el Conservatorio Superior de M\u00fasica \u201cJoaqu\u00edn Rodrigo\u201d\u009d de Valencia donde obtiene el t\u00edtulo de Profesor Superior de Composici\u00f3n culminando su carrera con el \u201cPremio extraordinario\u201d\u009d. Entre algunos de sus maestros destacan: R. Ramos, G. Jim\u00e9nez, E. Sanz-Burguete, C. Cano, E. Caland\u00edn y F.&hellip;","_links":{"self":[{"href":"https:\/\/www.omnesbands.international\/ja\/wp-json\/wp\/v2\/pages\/1699","targetHints":{"allow":["GET"]}}],"collection":[{"href":"https:\/\/www.omnesbands.international\/ja\/wp-json\/wp\/v2\/pages"}],"about":[{"href":"https:\/\/www.omnesbands.international\/ja\/wp-json\/wp\/v2\/types\/page"}],"author":[{"embeddable":true,"href":"https:\/\/www.omnesbands.international\/ja\/wp-json\/wp\/v2\/users\/4"}],"replies":[{"embeddable":true,"href":"https:\/\/www.omnesbands.international\/ja\/wp-json\/wp\/v2\/comments?post=1699"}],"version-history":[{"count":2,"href":"https:\/\/www.omnesbands.international\/ja\/wp-json\/wp\/v2\/pages\/1699\/revisions"}],"predecessor-version":[{"id":1701,"href":"https:\/\/www.omnesbands.international\/ja\/wp-json\/wp\/v2\/pages\/1699\/revisions\/1701"}],"wp:attachment":[{"href":"https:\/\/www.omnesbands.international\/ja\/wp-json\/wp\/v2\/media?parent=1699"}],"curies":[{"name":"wp","href":"https:\/\/api.w.org\/{rel}","templated":true}]}}