{"id":1714,"date":"2023-01-28T22:30:01","date_gmt":"2023-01-29T04:30:01","guid":{"rendered":"https:\/\/omnesbands.international\/?page_id=1714"},"modified":"2023-01-28T22:31:26","modified_gmt":"2023-01-29T04:31:26","slug":"josep-escandell-i-vila-2","status":"publish","type":"page","link":"https:\/\/www.omnesbands.international\/ja\/josep-escandell-i-vila-2\/","title":{"rendered":"\u30b8\u30e7\u30bb\u30c3\u30d7\u30fb\u30a8\u30b9\u30ab\u30f3\u30c7\u30eb1\u4e16\u30fb\u30f4\u30a3\u30e9"},"content":{"rendered":"<div class=\"wp-block-uagb-container uagb-block-9b1c7a9b alignfull uagb-is-root-container\"><div class=\"uagb-container-inner-blocks-wrap\">\n<div class=\"wp-block-uagb-advanced-heading uagb-block-48241f94\"><h1 class=\"uagb-heading-text\">\u30b8\u30e7\u30bb\u30c3\u30d7\u30fb\u30a8\u30b9\u30ab\u30f3\u30c7\u30eb1\u4e16\u30fb\u30f4\u30a3\u30e9<\/h1><\/div>\n<\/div><\/div>\n\n\n\n<div class=\"wp-block-uagb-container uagb-block-e8daab60 alignfull uagb-is-root-container\"><div class=\"uagb-container-inner-blocks-wrap\">\n<div class=\"wp-block-uagb-container uagb-block-2635c99c\">\n<p>\u5f7c\u306f\u30a2\u30eb\u30b8\u30e9\u3067\u751f\u307e\u308c\u3001\u30de\u30a8\u30b9\u30c8\u30ed\u306e\u30d5\u30e9\u30f3\u30bb\u30b9\u30af\u30fb\u30a8\u30eb\u30ca\u30f3\u30c7\u30b9\u30fb\u30ae\u30e9\u30c9\u306e\u6307\u5c0e\u306e\u4e0b\u3001\u30a2\u30eb\u30b8\u30e9\u97f3\u697d\u5354\u4f1a\u3067\u6700\u521d\u306e\u97f3\u697d\u306e\u52c9\u5f37\u3092\u7d42\u3048\u307e\u3057\u305f\u3002\u305d\u306e\u5f8c\u3001\u30b5\u30af\u30bd\u30d5\u30a9\u30fc\u30f3\u306e\u5c02\u9580\u5206\u91ce\u3067\u4e2d\u7b49\u6559\u80b2\u3068\u9ad8\u7b49\u6559\u80b2\u3092\u53d7\u3051\u3001\u30d0\u30ec\u30f3\u30b7\u30a2\u9ad8\u7b49\u97f3\u697d\u9662\u3067\u30de\u30a8\u30b9\u30c8\u30ed\u306e\u30a8\u30c9\u30a5\u30a2\u30eb\u30c9\u30fb\u30b7\u30d5\u30ec\u304b\u3089\u5408\u5531\u6307\u63ee\u3082\u5b66\u3073\u307e\u3057\u305f\u3002\u5f7c\u306f\u307e\u305f\u3001\u4f5c\u66f2\u5bb6\u30bb\u30b6\u30fc\u30eb\u30fb\u30ab\u30ce\u304b\u308920\u4e16\u7d00\u306e\u7121\u8abf\u97f3\u697d\u306e\u30b3\u30fc\u30b9\u3092\u53d7\u8b1b\u3057\u307e\u3057\u305f\u3002 <br>\u30db\u30bb\u30fbM\u30fb\u30bb\u30eb\u30d9\u30e9\u30fb\u30ea\u30e7\u30ec\u30c8\u6559\u5e2b\u3068\u30db\u30bb\u30fbM\u30fb\u30bb\u30eb\u30d9\u30e9\u30fb\u30b3\u30b8\u30e3\u30c9\u6559\u5e2b\u304c\u548c\u58f0\u3001\u5bfe\u4f4d\u6cd5\u3001\u30d5\u30fc\u30ac\u3001\u4f5c\u66f2\u3001\u30aa\u30fc\u30b1\u30b9\u30c8\u30e9\u6307\u63ee\u306e\u78ba\u304b\u306a\u8a13\u7df4\u3092\u53d7\u3051\u305f\u3053\u3068\u306f\u6ce8\u76ee\u306b\u5024\u3057\u307e\u3059\u3002\u73fe\u5728\u3001\u5f7c\u306f\u4f5c\u66f2\u3068\u30aa\u30fc\u30b1\u30b9\u30c8\u30e9\u6307\u63ee\u306e\u52c9\u5f37\u3092\u4fee\u4e86\u3057\u3066\u3044\u307e\u3059\u3002<br>\u5f7c\u306f\u30d7\u30e9\u30ca\u30fb\u30c7\u30fb\u30a6\u30c6\u30a3\u30a8\u30eb\u5c02\u9580\u97f3\u697d\u9662\u3067\u548c\u58f0\u3068\u97f3\u697d\u5206\u6790\u306e\u6559\u5e2b\u3068\u3057\u3066\u30af\u30e9\u30b9\u3092\u6559\u3048\u3066\u3044\u307e\u3059\u3002\u5f7c\u306f\u73fe\u5728\u3001\u30a2\u30eb\u30d0\u30e9\u30c3\u30c8\u30fb\u30c7\u30fb\u30e9\u30fb\u30ea\u30d9\u30e9\u306e\u30a2\u30c6\u30cd\u30aa\u97f3\u697d\u6587\u5316\u30d0\u30f3\u30c9\u306e\u9996\u5e2d\u30c7\u30a3\u30ec\u30af\u30bf\u30fc\u3092\u52d9\u3081\u3066\u304a\u308a\u3001\u300c\u30b7\u30a6\u30bf\u30c3\u30c8\u30fb\u30c7\u30fb\u30d0\u30ec\u30f3\u30b7\u30a2\u300d\u56fd\u969b\u97f3\u697d\u30d0\u30f3\u30c9\u306e\u6700\u512a\u79c0\u8cde\u3068\u5be9\u67fb\u54e1\u304b\u3089\u6700\u9ad8\u5f97\u70b9\u3092\u7372\u5f97\u3057\u305f\u4f73\u4f5c\u3092\u4e2d\u5fc3\u306b\u3001\u3055\u307e\u3056\u307e\u306a\u8cde\u3092\u53d7\u8cde\u3057\u3066\u3044\u307e\u3059\u3002\u30b3\u30f3\u30c6\u30b9\u30c8 (2001)\u3002\u30a2\u30eb\u30b8\u30e9\u97f3\u697d\u5354\u4f1a\u306e\u9752\u5c11\u5e74\u30d0\u30f3\u30c9\u304a\u3088\u3073\u5408\u5531\u56e3\u306e\u9996\u5e2d\u6307\u63ee\u8005\u3067\u3082\u3042\u308a\u3001\u300c\u30a8\u30f3\u30dd\u30eb\u30c0\u300d\u5ba4\u5185\u7ba1\u5f26\u697d\u56e3\u3001\u30ed\u30b0\u30ed\u30fc\u30cb\u30e7\u4ea4\u97ff\u697d\u56e3\u3001\u30bb\u30eb\u30d9\u30e9\u30fb\u30ea\u30e7\u30ec\u30c8\u7ba1\u5f26\u697d\u56e3\u3001\u30eb\u30fc\u30de\u30cb\u30a2\u306e\u30d7\u30ed\u30a4\u30a7\u30b7\u30e5\u30c6\u30a3\u30fb\u30d5\u30a3\u30eb\u30cf\u30fc\u30e2\u30cb\u30fc\u7ba1\u5f26\u697d\u56e3\u306b\u5ba2\u6f14\u6307\u63ee\u8005\u3068\u3057\u3066\u53c2\u52a0\u3057\u3066\u3044\u308b\u3002<\/p>\n<\/div>\n<\/div><\/div>\n\n\n<div class=\"woocommerce columns-4\"><ul class=\"products columns-4\">\n<li class=\"desktop-align-left tablet-align-left mobile-align-left ast-product-gallery-layout-horizontal-slider product type-product post-989 status-publish first instock product_cat-musica-de-calle product_tag-josep-escandell-i-vila has-post-thumbnail downloadable virtual taxable purchasable product-type-simple\">\n\t<a href=\"https:\/\/www.omnesbands.international\/ja\/product\/al-bal-at\/\" class=\"woocommerce-LoopProduct-link woocommerce-loop-product__link\"><img loading=\"lazy\" decoding=\"async\" width=\"300\" height=\"300\" src=\"https:\/\/www.omnesbands.international\/wp-content\/uploads\/2023\/01\/Al-Bal-at-300x300.jpg\" class=\"attachment-woocommerce_thumbnail size-woocommerce_thumbnail\" alt=\"Al Bal At\" srcset=\"https:\/\/www.omnesbands.international\/wp-content\/uploads\/2023\/01\/Al-Bal-at-300x300.jpg 300w, https:\/\/www.omnesbands.international\/wp-content\/uploads\/2023\/01\/Al-Bal-at-150x150.jpg 150w, https:\/\/www.omnesbands.international\/wp-content\/uploads\/2023\/01\/Al-Bal-at-100x100.jpg 100w\" sizes=\"auto, (max-width: 300px) 100vw, 300px\" \/><h2 class=\"woocommerce-loop-product__title\">\u30a2\u30eb\u30fb\u30d0\u30eb\u30fb\u30a2\u30c3\u30c8<\/h2>\n\t<span class=\"price\"><span class=\"woocommerce-Price-amount amount\"><bdi><span class=\"woocommerce-Price-currencySymbol\">&#36;<\/span>25.00<\/bdi><\/span><\/span>\n<\/a><a href=\"\/ja\/wp-json\/wp\/v2\/pages\/1714?add-to-cart=989\" aria-describedby=\"woocommerce_loop_add_to_cart_link_describedby_989\" data-quantity=\"1\" class=\"button product_type_simple add_to_cart_button ajax_add_to_cart\" data-product_id=\"989\" data-product_sku=\"BAL-CAL-ESP-22\" aria-label=\"\u30ab\u30fc\u30c8\u306b\u8ffd\u52a0: \u300cAl Bal At\u300d\" rel=\"nofollow\" data-success_message=\"\u300cAl Bal At\u300d\u3092\u304a\u8cb7\u3044\u7269\u30ab\u30b4\u306b\u8ffd\u52a0\u3057\u307e\u3057\u305f\" role=\"button\" data-no-translation=\"\" data-trp-gettext=\"\" data-no-translation-aria-label=\"\" data-no-translation-data-success_message=\"\">\u304a\u8cb7\u3044\u7269\u30ab\u30b4\u306b\u8ffd\u52a0<\/a>\t<span id=\"woocommerce_loop_add_to_cart_link_describedby_989\" class=\"screen-reader-text\">\n\t\t\t<\/span>\n<\/li>\n<\/ul>\n<\/div>","protected":false},"excerpt":{"rendered":"<p>JOSEP ESCANDELL I VILA Nace en Alzira donde cursa sus primeros estudios musicales en la Sociedad Musical de Alzira, bajo la direcci\u00f3n del maestro Francesc Hern\u00e1ndez Guirado. Ampl\u00eda, posteriormente, sus estudios medios y superiores con la especialidad de saxof\u00f3n, tambi\u00e9n estudia direcci\u00f3n de coro con el maestro Eduard Cifre, en el Conservatorio Superior de M\u00fasica [&hellip;]<\/p>\n","protected":false},"author":4,"featured_media":0,"parent":0,"menu_order":0,"comment_status":"closed","ping_status":"closed","template":"","meta":{"_acf_changed":false,"_uag_custom_page_level_css":"","site-sidebar-layout":"default","site-content-layout":"","ast-site-content-layout":"default","site-content-style":"default","site-sidebar-style":"default","ast-global-header-display":"","ast-banner-title-visibility":"","ast-main-header-display":"","ast-hfb-above-header-display":"","ast-hfb-below-header-display":"","ast-hfb-mobile-header-display":"","site-post-title":"disabled","ast-breadcrumbs-content":"","ast-featured-img":"","footer-sml-layout":"","ast-disable-related-posts":"","theme-transparent-header-meta":"","adv-header-id-meta":"","stick-header-meta":"","header-above-stick-meta":"","header-main-stick-meta":"","header-below-stick-meta":"","astra-migrate-meta-layouts":"default","ast-page-background-enabled":"default","ast-page-background-meta":{"desktop":{"background-color":"","background-image":"","background-repeat":"repeat","background-position":"center center","background-size":"auto","background-attachment":"scroll","background-type":"","background-media":"","overlay-type":"","overlay-color":"","overlay-opacity":"","overlay-gradient":""},"tablet":{"background-color":"","background-image":"","background-repeat":"repeat","background-position":"center center","background-size":"auto","background-attachment":"scroll","background-type":"","background-media":"","overlay-type":"","overlay-color":"","overlay-opacity":"","overlay-gradient":""},"mobile":{"background-color":"","background-image":"","background-repeat":"repeat","background-position":"center center","background-size":"auto","background-attachment":"scroll","background-type":"","background-media":"","overlay-type":"","overlay-color":"","overlay-opacity":"","overlay-gradient":""}},"ast-content-background-meta":{"desktop":{"background-color":"var(--ast-global-color-5)","background-image":"","background-repeat":"repeat","background-position":"center center","background-size":"auto","background-attachment":"scroll","background-type":"","background-media":"","overlay-type":"","overlay-color":"","overlay-opacity":"","overlay-gradient":""},"tablet":{"background-color":"var(--ast-global-color-5)","background-image":"","background-repeat":"repeat","background-position":"center center","background-size":"auto","background-attachment":"scroll","background-type":"","background-media":"","overlay-type":"","overlay-color":"","overlay-opacity":"","overlay-gradient":""},"mobile":{"background-color":"var(--ast-global-color-5)","background-image":"","background-repeat":"repeat","background-position":"center center","background-size":"auto","background-attachment":"scroll","background-type":"","background-media":"","overlay-type":"","overlay-color":"","overlay-opacity":"","overlay-gradient":""}},"footnotes":""},"class_list":["post-1714","page","type-page","status-publish","hentry"],"acf":[],"yoast_head":"<!-- This site is optimized with the Yoast SEO Premium plugin v22.4 (Yoast SEO v27.4) - https:\/\/yoast.com\/product\/yoast-seo-premium-wordpress\/ -->\n<title>JOSEP ESCANDELL I VILA -<\/title>\n<meta name=\"robots\" content=\"index, follow, max-snippet:-1, max-image-preview:large, max-video-preview:-1\" \/>\n<link rel=\"canonical\" href=\"https:\/\/www.omnesbands.international\/ja\/josep-escandell-i-vila-2\/\" \/>\n<meta property=\"og:locale\" content=\"ja_JP\" \/>\n<meta property=\"og:type\" content=\"article\" \/>\n<meta property=\"og:title\" content=\"JOSEP ESCANDELL I VILA\" \/>\n<meta property=\"og:description\" content=\"JOSEP ESCANDELL I VILA Nace en Alzira donde cursa sus primeros estudios musicales en la Sociedad Musical de Alzira, bajo la direcci\u00f3n del maestro Francesc Hern\u00e1ndez Guirado. Ampl\u00eda, posteriormente, sus estudios medios y superiores con la especialidad de saxof\u00f3n, tambi\u00e9n estudia direcci\u00f3n de coro con el maestro Eduard Cifre, en el Conservatorio Superior de M\u00fasica [&hellip;]\" \/>\n<meta property=\"og:url\" content=\"https:\/\/www.omnesbands.international\/ja\/josep-escandell-i-vila-2\/\" \/>\n<meta property=\"article:modified_time\" content=\"2023-01-29T04:31:26+00:00\" \/>\n<meta property=\"og:image\" content=\"https:\/\/www.omnesbands.international\/wp-content\/uploads\/2023\/01\/music-sheet-music-snowdrop-7107045.jpg\" \/>\n\t<meta property=\"og:image:width\" content=\"1280\" \/>\n\t<meta property=\"og:image:height\" content=\"742\" \/>\n\t<meta property=\"og:image:type\" content=\"image\/jpeg\" \/>\n<meta name=\"twitter:card\" content=\"summary_large_image\" \/>\n<meta name=\"twitter:label1\" content=\"\u63a8\u5b9a\u8aad\u307f\u53d6\u308a\u6642\u9593\" \/>\n\t<meta name=\"twitter:data1\" content=\"1\u5206\" \/>\n<script type=\"application\/ld+json\" class=\"yoast-schema-graph\">{\"@context\":\"https:\\\/\\\/schema.org\",\"@graph\":[{\"@type\":\"WebPage\",\"@id\":\"https:\\\/\\\/www.omnesbands.international\\\/en\\\/josep-escandell-i-vila-2\\\/\",\"url\":\"https:\\\/\\\/www.omnesbands.international\\\/en\\\/josep-escandell-i-vila-2\\\/\",\"name\":\"JOSEP ESCANDELL I VILA -\",\"isPartOf\":{\"@id\":\"https:\\\/\\\/www.omnesbands.international\\\/#website\"},\"datePublished\":\"2023-01-29T04:30:01+00:00\",\"dateModified\":\"2023-01-29T04:31:26+00:00\",\"breadcrumb\":{\"@id\":\"https:\\\/\\\/www.omnesbands.international\\\/en\\\/josep-escandell-i-vila-2\\\/#breadcrumb\"},\"inLanguage\":\"ja\",\"potentialAction\":[{\"@type\":\"ReadAction\",\"target\":[\"https:\\\/\\\/www.omnesbands.international\\\/en\\\/josep-escandell-i-vila-2\\\/\"]}]},{\"@type\":\"BreadcrumbList\",\"@id\":\"https:\\\/\\\/www.omnesbands.international\\\/en\\\/josep-escandell-i-vila-2\\\/#breadcrumb\",\"itemListElement\":[{\"@type\":\"ListItem\",\"position\":1,\"name\":\"Portada\",\"item\":\"https:\\\/\\\/www.omnesbands.international\\\/\"},{\"@type\":\"ListItem\",\"position\":2,\"name\":\"JOSEP ESCANDELL I VILA\"}]},{\"@type\":\"WebSite\",\"@id\":\"https:\\\/\\\/www.omnesbands.international\\\/#website\",\"url\":\"https:\\\/\\\/www.omnesbands.international\\\/\",\"name\":\"OMNESBANDS International\",\"description\":\"Partituras Originales de autores y compositores independientes\",\"publisher\":{\"@id\":\"https:\\\/\\\/www.omnesbands.international\\\/#organization\"},\"potentialAction\":[{\"@type\":\"SearchAction\",\"target\":{\"@type\":\"EntryPoint\",\"urlTemplate\":\"https:\\\/\\\/www.omnesbands.international\\\/?s={search_term_string}\"},\"query-input\":{\"@type\":\"PropertyValueSpecification\",\"valueRequired\":true,\"valueName\":\"search_term_string\"}}],\"inLanguage\":\"ja\"},{\"@type\":\"Organization\",\"@id\":\"https:\\\/\\\/www.omnesbands.international\\\/#organization\",\"name\":\"Indra Consultores Internacionales\",\"alternateName\":\"Omnesbands\",\"url\":\"https:\\\/\\\/www.omnesbands.international\\\/\",\"logo\":{\"@type\":\"ImageObject\",\"inLanguage\":\"ja\",\"@id\":\"https:\\\/\\\/www.omnesbands.international\\\/#\\\/schema\\\/logo\\\/image\\\/\",\"url\":\"https:\\\/\\\/omnesbands.international\\\/wp-content\\\/uploads\\\/2023\\\/06\\\/Logo-Nuevo-.png\",\"contentUrl\":\"https:\\\/\\\/omnesbands.international\\\/wp-content\\\/uploads\\\/2023\\\/06\\\/Logo-Nuevo-.png\",\"width\":394,\"height\":212,\"caption\":\"Indra Consultores Internacionales\"},\"image\":{\"@id\":\"https:\\\/\\\/www.omnesbands.international\\\/#\\\/schema\\\/logo\\\/image\\\/\"}}]}<\/script>\n<!-- \/ Yoast SEO Premium plugin. -->","yoast_head_json":{"title":"JOSEP ESCANDELL I VILA -","robots":{"index":"index","follow":"follow","max-snippet":"max-snippet:-1","max-image-preview":"max-image-preview:large","max-video-preview":"max-video-preview:-1"},"canonical":"https:\/\/www.omnesbands.international\/ja\/josep-escandell-i-vila-2\/","og_locale":"ja_JP","og_type":"article","og_title":"JOSEP ESCANDELL I VILA","og_description":"JOSEP ESCANDELL I VILA Nace en Alzira donde cursa sus primeros estudios musicales en la Sociedad Musical de Alzira, bajo la direcci\u00f3n del maestro Francesc Hern\u00e1ndez Guirado. Ampl\u00eda, posteriormente, sus estudios medios y superiores con la especialidad de saxof\u00f3n, tambi\u00e9n estudia direcci\u00f3n de coro con el maestro Eduard Cifre, en el Conservatorio Superior de M\u00fasica [&hellip;]","og_url":"https:\/\/www.omnesbands.international\/ja\/josep-escandell-i-vila-2\/","article_modified_time":"2023-01-29T04:31:26+00:00","og_image":[{"width":1280,"height":742,"url":"https:\/\/www.omnesbands.international\/wp-content\/uploads\/2023\/01\/music-sheet-music-snowdrop-7107045.jpg","type":"image\/jpeg"}],"twitter_card":"summary_large_image","twitter_misc":{"\u63a8\u5b9a\u8aad\u307f\u53d6\u308a\u6642\u9593":"1\u5206"},"schema":{"@context":"https:\/\/schema.org","@graph":[{"@type":"WebPage","@id":"https:\/\/www.omnesbands.international\/en\/josep-escandell-i-vila-2\/","url":"https:\/\/www.omnesbands.international\/en\/josep-escandell-i-vila-2\/","name":"JOSEP ESCANDELL I VILA -","isPartOf":{"@id":"https:\/\/www.omnesbands.international\/#website"},"datePublished":"2023-01-29T04:30:01+00:00","dateModified":"2023-01-29T04:31:26+00:00","breadcrumb":{"@id":"https:\/\/www.omnesbands.international\/en\/josep-escandell-i-vila-2\/#breadcrumb"},"inLanguage":"ja","potentialAction":[{"@type":"ReadAction","target":["https:\/\/www.omnesbands.international\/en\/josep-escandell-i-vila-2\/"]}]},{"@type":"BreadcrumbList","@id":"https:\/\/www.omnesbands.international\/en\/josep-escandell-i-vila-2\/#breadcrumb","itemListElement":[{"@type":"ListItem","position":1,"name":"Portada","item":"https:\/\/www.omnesbands.international\/"},{"@type":"ListItem","position":2,"name":"JOSEP ESCANDELL I VILA"}]},{"@type":"WebSite","@id":"https:\/\/www.omnesbands.international\/#website","url":"https:\/\/www.omnesbands.international\/","name":"OMNESBANDS International","description":"\u72ec\u7acb\u3057\u305f\u4f5c\u5bb6\u3084\u4f5c\u66f2\u5bb6\u306b\u3088\u308b\u30aa\u30ea\u30b8\u30ca\u30eb\u306e\u697d\u8b5c","publisher":{"@id":"https:\/\/www.omnesbands.international\/#organization"},"potentialAction":[{"@type":"SearchAction","target":{"@type":"EntryPoint","urlTemplate":"https:\/\/www.omnesbands.international\/?s={search_term_string}"},"query-input":{"@type":"PropertyValueSpecification","valueRequired":true,"valueName":"search_term_string"}}],"inLanguage":"ja"},{"@type":"Organization","@id":"https:\/\/www.omnesbands.international\/#organization","name":"\u30a4\u30f3\u30c9\u30e9\u56fd\u969b\u30b3\u30f3\u30b5\u30eb\u30bf\u30f3\u30c8","alternateName":"Omnesbands","url":"https:\/\/www.omnesbands.international\/","logo":{"@type":"ImageObject","inLanguage":"ja","@id":"https:\/\/www.omnesbands.international\/#\/schema\/logo\/image\/","url":"https:\/\/omnesbands.international\/wp-content\/uploads\/2023\/06\/Logo-Nuevo-.png","contentUrl":"https:\/\/omnesbands.international\/wp-content\/uploads\/2023\/06\/Logo-Nuevo-.png","width":394,"height":212,"caption":"Indra Consultores Internacionales"},"image":{"@id":"https:\/\/www.omnesbands.international\/#\/schema\/logo\/image\/"}}]}},"uagb_featured_image_src":{"full":false,"thumbnail":false,"medium":false,"medium_large":false,"large":false,"1536x1536":false,"2048x2048":false,"trp-custom-language-flag":false,"gg_gallery_thumbnail":false,"woocommerce_thumbnail":false,"woocommerce_single":false,"woocommerce_gallery_thumbnail":false},"uagb_author_info":{"display_name":"Melvin R. Portillo A:","author_link":"https:\/\/www.omnesbands.international\/ja\/author\/portand\/"},"uagb_comment_info":0,"uagb_excerpt":"JOSEP ESCANDELL I VILA Nace en Alzira donde cursa sus primeros estudios musicales en la Sociedad Musical de Alzira, bajo la direcci\u00f3n del maestro Francesc Hern\u00e1ndez Guirado. Ampl\u00eda, posteriormente, sus estudios medios y superiores con la especialidad de saxof\u00f3n, tambi\u00e9n estudia direcci\u00f3n de coro con el maestro Eduard Cifre, en el Conservatorio Superior de M\u00fasica&hellip;","_links":{"self":[{"href":"https:\/\/www.omnesbands.international\/ja\/wp-json\/wp\/v2\/pages\/1714","targetHints":{"allow":["GET"]}}],"collection":[{"href":"https:\/\/www.omnesbands.international\/ja\/wp-json\/wp\/v2\/pages"}],"about":[{"href":"https:\/\/www.omnesbands.international\/ja\/wp-json\/wp\/v2\/types\/page"}],"author":[{"embeddable":true,"href":"https:\/\/www.omnesbands.international\/ja\/wp-json\/wp\/v2\/users\/4"}],"replies":[{"embeddable":true,"href":"https:\/\/www.omnesbands.international\/ja\/wp-json\/wp\/v2\/comments?post=1714"}],"version-history":[{"count":2,"href":"https:\/\/www.omnesbands.international\/ja\/wp-json\/wp\/v2\/pages\/1714\/revisions"}],"predecessor-version":[{"id":1716,"href":"https:\/\/www.omnesbands.international\/ja\/wp-json\/wp\/v2\/pages\/1714\/revisions\/1716"}],"wp:attachment":[{"href":"https:\/\/www.omnesbands.international\/ja\/wp-json\/wp\/v2\/media?parent=1714"}],"curies":[{"name":"wp","href":"https:\/\/api.w.org\/{rel}","templated":true}]}}