{"id":1718,"date":"2023-01-29T07:58:24","date_gmt":"2023-01-29T13:58:24","guid":{"rendered":"https:\/\/omnesbands.international\/?page_id=1718"},"modified":"2023-01-29T08:00:02","modified_gmt":"2023-01-29T14:00:02","slug":"josep-robert-selles-i-camps-2","status":"publish","type":"page","link":"https:\/\/www.omnesbands.international\/ja\/josep-robert-selles-i-camps-2\/","title":{"rendered":"\u30b8\u30e7\u30bb\u30c3\u30d7\u30fb\u30ed\u30d9\u30fc\u30eb\u30fb\u30bb\u30ec\u30b9 I \u30ad\u30e3\u30f3\u30d7"},"content":{"rendered":"<div class=\"wp-block-uagb-container uagb-block-8d79697d alignfull uagb-is-root-container\"><div class=\"uagb-container-inner-blocks-wrap\">\n<div class=\"wp-block-uagb-advanced-heading uagb-block-3e74cd28\"><h1 class=\"uagb-heading-text\"><strong>\u30b8\u30e7\u30bb\u30c3\u30d7\u30fb\u30ed\u30d9\u30fc\u30eb\u30fb\u30bb\u30ec\u30b9 I \u30ad\u30e3\u30f3\u30d7<\/strong><\/h1><\/div>\n<\/div><\/div>\n\n\n\n<div class=\"wp-block-uagb-container uagb-block-5a4c5c69 alignfull uagb-is-root-container\"><div class=\"uagb-container-inner-blocks-wrap\">\n<div class=\"wp-block-uagb-container uagb-block-bdd43233\">\n<p>\u5f7c\u306f 1962 \u5e74 12 \u6708 25 \u65e5\u306b\u30b3\u30bb\u30f3\u30bf\u30a4\u30ca\u3067\u751f\u307e\u308c\u307e\u3057\u305f\u3002\u5f7c\u306f\u30d0\u30ec\u30f3\u30b7\u30a2\u9ad8\u7b49\u97f3\u697d\u9662\u3067\u5408\u5531\u6307\u63ee\u3092\u5b66\u3073\u3001\u7279\u5225\u306a\u5352\u696d\u8cde\u3092\u7372\u5f97\u3057\u3066\u5352\u696d\u3057\u307e\u3057\u305f\u3002<\/p>\n<p>\u5f7c\u306f\u3001\u30a2\u30ea\u30ab\u30f3\u30c6\u306e\u300c\u30aa\u30b9\u30ab\u30fc \u30a8\u30b9\u30d7\u30e9\u300d\u97f3\u697d\u9662\u306e\u30ae\u30bf\u30fc\u306e\u4e0a\u7d1a\u6559\u6388\u3067\u3042\u308a\u3001\u3053\u306e\u5c02\u9580\u5206\u91ce\u3067\u7279\u5225\u8cde\u3092\u53d7\u8cde\u3057\u3066\u3044\u307e\u3059\u3002\u5f7c\u306f\u30cf\u30d3\u30a8\u30eb\u30fb\u30c0\u30ea\u30a2\u30b9\u3068\u30a2\u30de\u30f3\u30c9\u30fb\u30d6\u30e9\u30f3\u30b1\u30fc\u30eb\u306b\u4f5c\u66f2\u3092\u5b66\u3073\u3001\u30a2\u30eb\u30d0\u30fc\u30c8\u30fb\u30b5\u30eb\u30c0\u3001\u30eb\u30a4\u30b9\u30fb\u30c7\u30fb\u30d1\u30d6\u30ed\u3001\u30e9\u30e2\u30f3\u30fb\u30e9\u30eb\u30b9\u306a\u3069\u306e\u8457\u540d\u4eba\u304c\u6307\u5c0e\u3059\u308b\u3055\u307e\u3056\u307e\u306a\u73fe\u4ee3\u4f5c\u66f2\u30b3\u30fc\u30b9\u306b\u53c2\u52a0\u3057\u307e\u3057\u305f\u3002\u30c8\u30de\u30b9\u30fb\u30de\u30eb\u30b3\u3001\u30a2\u30eb\u30d5\u30ec\u30c9\u30fb\u30a2\u30e9\u30b7\u30eb\u3001\u30db\u30bb\u30fb\u30eb\u30a4\u30b9\u30fb\u30c8\u30a5\u30ea\u30ca\u3001\u30af\u30ea\u30b9\u30c8\u30d0\u30eb\u30fb\u30cf\u30eb\u30d5\u30bf\u30fc\u3001\u30c8\u30ea\u30b9\u30bf\u30f3\u30fb\u30e0\u30e9\u30a4\u30e6\u3002\u5f7c\u306f\u30af\u30a8\u30f3\u30ab\u3067\u30b5\u30df\u30e5\u30a8\u30eb\u30fb\u30eb\u30d3\u30aa\u3001\u30a8\u30eb\u30d3\u30e9\u30fb\u30d1\u30c7\u30a3\u30f3\u3001\u30b5\u30d0\u30b9\u30fb\u30ab\u30eb\u30d3\u30fc\u30b8\u30e7\u306e\u5404\u6559\u5e2b\u306e\u3082\u3068\u3067\u5408\u5531\u6307\u63ee\u3092\u5b66\u3073\u3001\u30ea\u30a7\u30a4\u30c0\u3067\u306f\u30a8\u30eb\u30f4\u30a3\u30f3\u30fb\u30ea\u30b9\u30c8\u3001\u30d8\u30eb\u30e0\u30fc\u30c8\u30fb\u30ea\u30c3\u30d7\u30b9\u3001\u30b8\u30e7\u30bb\u30c3\u30d7\u30fb\u30d7\u30e9\u30c3\u30c4\u306e\u5404\u6559\u5e2b\u306b\u5e2b\u4e8b\u3057\u305f\u3002<\/p>\n<p>\u30a2\u30ea\u30ab\u30f3\u30c6\u5927\u5b66\u3067\u30d3\u30b8\u30cd\u30b9\u79d1\u5b66\u306e\u5b66\u4f4d\u3092\u53d6\u5f97\u3057\u3001\u30d0\u30ec\u30f3\u30b7\u30a2\u5927\u5b66\u3067\u7f8e\u5b66\u3068\u97f3\u697d\u7684\u5275\u9020\u6027\u306e\u4fee\u58eb\u53f7\u3092\u53d6\u5f97\u3057\u3066\u3044\u307e\u3059\u3002\u5f7c\u306f\u300cEduardo Torres de Albaida Vocal Group\u300d\u306e\u30c7\u30a3\u30ec\u30af\u30bf\u30fc\u3067\u3042\u308a\u3001\u300cLa Paloma\u300dPulse and Plectrum Orchestra of Cocentaina \u306e\u5171\u540c\u30c7\u30a3\u30ec\u30af\u30bf\u30fc\u3067\u3082\u3042\u308a\u307e\u3059\u3002<\/p>\n<p>\u5f7c\u306f\u30bd\u30b7\u30a8\u30c0 \u30a2\u30c6\u30cd\u30aa \u30df\u30e5\u30fc\u30b8\u30ab\u30eb \u30c7 \u30b3\u30bb\u30f3\u30c6\u30fc\u30ca\u3092\u6307\u63ee\u3057\u3001\u56fd\u969b\u30d0\u30f3\u30c9 \u30b3\u30f3\u30c6\u30b9\u30c8\u300cCiutat de Valencia 1997\u300d\u3067\u4f73\u4f5c\u3092\u7372\u5f97\u3057\u307e\u3057\u305f\u3002<\/p>\n<p>1996\u5e74\u3001\u5f7c\u306f\u30c8\u30ec\u30d3\u30a8\u30cf\uff08\u30a2\u30ea\u30ab\u30f3\u30c6\uff09\u3067\u958b\u50ac\u3055\u308c\u305f\u300c\u30cf\u30d0\u30cd\u30e9\u30b9\u3068\u30dd\u30ea\u30d5\u30a9\u30cb\u30fc\u306e\u7b2c13\u56de\u56fd\u969b\u30b3\u30f3\u30c6\u30b9\u30c8\u300d\u3067\u6700\u9ad8\u306e\u5408\u5531\u6307\u63ee\u8005\u3068\u3057\u3066\u300c\u30b8\u30e7\u30bc\u30fb\u30db\u30c0\u30eb\u300d\u8cde\u3092\u53d7\u8cde\u3057\u3001\u5f7c\u306e\u30ea\u30fc\u30c0\u30fc\u30b7\u30c3\u30d7\u306e\u4e0b\u3067\u300c\u30b3\u30eb\u30fb\u30c7\u30fb\u30ab\u30f3\u30d6\u30e9\u30fb\u30c7\u30a3\u30b9\u30ab\u30f3\u30c8\u30a5\u30b9\u300d\u304c\u4e00\u7b49\u8cde\u3092\u53d7\u8cde\u3057\u307e\u3057\u305f\u3002<\/p>\n<p>\u5f7c\u306f\u3001\u300c1999\u5e74\u30d0\u30ec\u30f3\u30b7\u30a2\u5dde\u9023\u76df\u306eI\u30b5\u30f3\u30b4\u7d44\u6210\u30b3\u30f3\u30c6\u30b9\u30c8\u300d\u306e\u6700\u512a\u79c0\u8cde\u3092\u53d7\u8cde\u3057\u3066\u3044\u307e\u3059\u3002<\/p>\n<p>\u5f7c\u306f\u73fe\u5728\u3001\u30b3\u30bb\u30f3\u30bf\u30a4\u30ca\u306e\u300c\u30d5\u30a3\u30e9\u30fb\u30c7\u30fb\u30c8\u30c3\u30c4\u30fb\u30b5\u30f3\u30c4\u30fb\u30b3\u30fc\u30e9\u30eb\u30fb\u30b3\u30f3\u30c6\u30b9\u30c8\u300d\u3068\u3001\u6570\u3005\u306e\u8cde\u3092\u53d7\u8cde\u3057\u305f\u56e3\u4f53\u300c\u30b3\u30eb\u30fb\u30c7\u30fb\u30ab\u30f3\u30d6\u30e9\u30fb\u30c7\u30a3\u30b9\u30ab\u30f3\u30bf\u30b9\u300d\u306e\u30c6\u30af\u30cb\u30ab\u30eb\u30fb\u30c7\u30a3\u30ec\u30af\u30bf\u30fc\u3092\u52d9\u3081\u3066\u3044\u307e\u3059\u3002<\/p>\n<\/div>\n<\/div><\/div>\n\n\n<div class=\"woocommerce columns-4\"><ul class=\"products columns-4\">\n<li class=\"desktop-align-left tablet-align-left mobile-align-left ast-product-gallery-layout-horizontal-slider product type-product post-949 status-publish first instock product_cat-musica-de-calle product_tag-josep-robert-selles-i-camps has-post-thumbnail downloadable virtual taxable purchasable product-type-simple\">\n\t<a href=\"https:\/\/www.omnesbands.international\/ja\/product\/al-meu-prim\/\" class=\"woocommerce-LoopProduct-link woocommerce-loop-product__link\"><img loading=\"lazy\" decoding=\"async\" width=\"300\" height=\"300\" src=\"https:\/\/www.omnesbands.international\/wp-content\/uploads\/2023\/01\/Al-meu-prim-300x300.jpg\" class=\"attachment-woocommerce_thumbnail size-woocommerce_thumbnail\" alt=\"Al meu prim\" srcset=\"https:\/\/www.omnesbands.international\/wp-content\/uploads\/2023\/01\/Al-meu-prim-300x300.jpg 300w, https:\/\/www.omnesbands.international\/wp-content\/uploads\/2023\/01\/Al-meu-prim-150x150.jpg 150w, https:\/\/www.omnesbands.international\/wp-content\/uploads\/2023\/01\/Al-meu-prim-100x100.jpg 100w\" sizes=\"auto, (max-width: 300px) 100vw, 300px\" \/><h2 class=\"woocommerce-loop-product__title\">\u79c1\u306e\u6700\u521d\u306b<\/h2>\n\t<span class=\"price\"><span class=\"woocommerce-Price-amount amount\"><bdi><span class=\"woocommerce-Price-currencySymbol\">&#36;<\/span>15.00<\/bdi><\/span><\/span>\n<\/a><a href=\"\/ja\/wp-json\/wp\/v2\/pages\/1718?add-to-cart=949\" aria-describedby=\"woocommerce_loop_add_to_cart_link_describedby_949\" data-quantity=\"1\" class=\"button product_type_simple add_to_cart_button ajax_add_to_cart\" data-product_id=\"949\" data-product_sku=\"AL-REL-ESP-22\" aria-label=\"\u30ab\u30fc\u30c8\u306b\u8ffd\u52a0: \u300cAl meu prim\u300d\" rel=\"nofollow\" data-success_message=\"\u300cAl meu prim\u300d\u3092\u304a\u8cb7\u3044\u7269\u30ab\u30b4\u306b\u8ffd\u52a0\u3057\u307e\u3057\u305f\" role=\"button\" data-no-translation=\"\" data-trp-gettext=\"\" data-no-translation-aria-label=\"\" data-no-translation-data-success_message=\"\">\u304a\u8cb7\u3044\u7269\u30ab\u30b4\u306b\u8ffd\u52a0<\/a>\t<span id=\"woocommerce_loop_add_to_cart_link_describedby_949\" class=\"screen-reader-text\">\n\t\t\t<\/span>\n<\/li>\n<\/ul>\n<\/div>","protected":false},"excerpt":{"rendered":"<p>JOSEP ROBERT SELL\u00c9S I CAMPS Naci\u00f3 en Cocentaina el 25 de diciembre de 1962. Titulado en direcci\u00f3n de coros por el Conservatorio Superior de M\u00fasica de Valencia, obteniendo el premio extraordinario fin de carrera. Es Profesor Superior de Guitarra por el Conservatorio &#8220;Oscar Espl\u00e1&#8221; de Alicante, siendo galardonado con el premio extraordinario de esta especialidad. [&hellip;]<\/p>\n","protected":false},"author":4,"featured_media":0,"parent":0,"menu_order":0,"comment_status":"closed","ping_status":"closed","template":"","meta":{"_acf_changed":false,"_uag_custom_page_level_css":"","site-sidebar-layout":"default","site-content-layout":"","ast-site-content-layout":"default","site-content-style":"default","site-sidebar-style":"default","ast-global-header-display":"","ast-banner-title-visibility":"","ast-main-header-display":"","ast-hfb-above-header-display":"","ast-hfb-below-header-display":"","ast-hfb-mobile-header-display":"","site-post-title":"disabled","ast-breadcrumbs-content":"","ast-featured-img":"","footer-sml-layout":"","ast-disable-related-posts":"","theme-transparent-header-meta":"","adv-header-id-meta":"","stick-header-meta":"","header-above-stick-meta":"","header-main-stick-meta":"","header-below-stick-meta":"","astra-migrate-meta-layouts":"default","ast-page-background-enabled":"default","ast-page-background-meta":{"desktop":{"background-color":"","background-image":"","background-repeat":"repeat","background-position":"center center","background-size":"auto","background-attachment":"scroll","background-type":"","background-media":"","overlay-type":"","overlay-color":"","overlay-opacity":"","overlay-gradient":""},"tablet":{"background-color":"","background-image":"","background-repeat":"repeat","background-position":"center center","background-size":"auto","background-attachment":"scroll","background-type":"","background-media":"","overlay-type":"","overlay-color":"","overlay-opacity":"","overlay-gradient":""},"mobile":{"background-color":"","background-image":"","background-repeat":"repeat","background-position":"center center","background-size":"auto","background-attachment":"scroll","background-type":"","background-media":"","overlay-type":"","overlay-color":"","overlay-opacity":"","overlay-gradient":""}},"ast-content-background-meta":{"desktop":{"background-color":"var(--ast-global-color-5)","background-image":"","background-repeat":"repeat","background-position":"center center","background-size":"auto","background-attachment":"scroll","background-type":"","background-media":"","overlay-type":"","overlay-color":"","overlay-opacity":"","overlay-gradient":""},"tablet":{"background-color":"var(--ast-global-color-5)","background-image":"","background-repeat":"repeat","background-position":"center center","background-size":"auto","background-attachment":"scroll","background-type":"","background-media":"","overlay-type":"","overlay-color":"","overlay-opacity":"","overlay-gradient":""},"mobile":{"background-color":"var(--ast-global-color-5)","background-image":"","background-repeat":"repeat","background-position":"center center","background-size":"auto","background-attachment":"scroll","background-type":"","background-media":"","overlay-type":"","overlay-color":"","overlay-opacity":"","overlay-gradient":""}},"footnotes":""},"class_list":["post-1718","page","type-page","status-publish","hentry"],"acf":[],"yoast_head":"<!-- This site is optimized with the Yoast SEO Premium plugin v22.4 (Yoast SEO v27.4) - https:\/\/yoast.com\/product\/yoast-seo-premium-wordpress\/ -->\n<title>JOSEP ROBERT SELL\u00c9S I CAMPS -<\/title>\n<meta name=\"robots\" content=\"index, follow, max-snippet:-1, max-image-preview:large, max-video-preview:-1\" \/>\n<link rel=\"canonical\" href=\"https:\/\/www.omnesbands.international\/ja\/josep-robert-selles-i-camps-2\/\" \/>\n<meta property=\"og:locale\" content=\"ja_JP\" \/>\n<meta property=\"og:type\" content=\"article\" \/>\n<meta property=\"og:title\" content=\"JOSEP ROBERT SELL\u00c9S I CAMPS\" \/>\n<meta property=\"og:description\" content=\"JOSEP ROBERT SELL\u00c9S I CAMPS Naci\u00f3 en Cocentaina el 25 de diciembre de 1962. Titulado en direcci\u00f3n de coros por el Conservatorio Superior de M\u00fasica de Valencia, obteniendo el premio extraordinario fin de carrera. Es Profesor Superior de Guitarra por el Conservatorio &#8220;Oscar Espl\u00e1&#8221; de Alicante, siendo galardonado con el premio extraordinario de esta especialidad. [&hellip;]\" \/>\n<meta property=\"og:url\" content=\"https:\/\/www.omnesbands.international\/ja\/josep-robert-selles-i-camps-2\/\" \/>\n<meta property=\"article:modified_time\" content=\"2023-01-29T14:00:02+00:00\" \/>\n<meta property=\"og:image\" content=\"https:\/\/www.omnesbands.international\/wp-content\/uploads\/2023\/01\/music-sheet-music-snowdrop-7107045.jpg\" \/>\n\t<meta property=\"og:image:width\" content=\"1280\" \/>\n\t<meta property=\"og:image:height\" content=\"742\" \/>\n\t<meta property=\"og:image:type\" content=\"image\/jpeg\" \/>\n<meta name=\"twitter:card\" content=\"summary_large_image\" \/>\n<meta name=\"twitter:label1\" content=\"\u63a8\u5b9a\u8aad\u307f\u53d6\u308a\u6642\u9593\" \/>\n\t<meta name=\"twitter:data1\" content=\"2\u5206\" \/>\n<script type=\"application\/ld+json\" class=\"yoast-schema-graph\">{\"@context\":\"https:\\\/\\\/schema.org\",\"@graph\":[{\"@type\":\"WebPage\",\"@id\":\"https:\\\/\\\/www.omnesbands.international\\\/fr\\\/josep-robert-selles-i-camps-2\\\/\",\"url\":\"https:\\\/\\\/www.omnesbands.international\\\/fr\\\/josep-robert-selles-i-camps-2\\\/\",\"name\":\"JOSEP ROBERT SELL\u00c9S I CAMPS -\",\"isPartOf\":{\"@id\":\"https:\\\/\\\/www.omnesbands.international\\\/#website\"},\"datePublished\":\"2023-01-29T13:58:24+00:00\",\"dateModified\":\"2023-01-29T14:00:02+00:00\",\"breadcrumb\":{\"@id\":\"https:\\\/\\\/www.omnesbands.international\\\/fr\\\/josep-robert-selles-i-camps-2\\\/#breadcrumb\"},\"inLanguage\":\"ja\",\"potentialAction\":[{\"@type\":\"ReadAction\",\"target\":[\"https:\\\/\\\/www.omnesbands.international\\\/fr\\\/josep-robert-selles-i-camps-2\\\/\"]}]},{\"@type\":\"BreadcrumbList\",\"@id\":\"https:\\\/\\\/www.omnesbands.international\\\/fr\\\/josep-robert-selles-i-camps-2\\\/#breadcrumb\",\"itemListElement\":[{\"@type\":\"ListItem\",\"position\":1,\"name\":\"Portada\",\"item\":\"https:\\\/\\\/www.omnesbands.international\\\/\"},{\"@type\":\"ListItem\",\"position\":2,\"name\":\"JOSEP ROBERT SELL\u00c9S I CAMPS\"}]},{\"@type\":\"WebSite\",\"@id\":\"https:\\\/\\\/www.omnesbands.international\\\/#website\",\"url\":\"https:\\\/\\\/www.omnesbands.international\\\/\",\"name\":\"OMNESBANDS International\",\"description\":\"Partituras Originales de autores y compositores independientes\",\"publisher\":{\"@id\":\"https:\\\/\\\/www.omnesbands.international\\\/#organization\"},\"potentialAction\":[{\"@type\":\"SearchAction\",\"target\":{\"@type\":\"EntryPoint\",\"urlTemplate\":\"https:\\\/\\\/www.omnesbands.international\\\/?s={search_term_string}\"},\"query-input\":{\"@type\":\"PropertyValueSpecification\",\"valueRequired\":true,\"valueName\":\"search_term_string\"}}],\"inLanguage\":\"ja\"},{\"@type\":\"Organization\",\"@id\":\"https:\\\/\\\/www.omnesbands.international\\\/#organization\",\"name\":\"Indra Consultores Internacionales\",\"alternateName\":\"Omnesbands\",\"url\":\"https:\\\/\\\/www.omnesbands.international\\\/\",\"logo\":{\"@type\":\"ImageObject\",\"inLanguage\":\"ja\",\"@id\":\"https:\\\/\\\/www.omnesbands.international\\\/#\\\/schema\\\/logo\\\/image\\\/\",\"url\":\"https:\\\/\\\/omnesbands.international\\\/wp-content\\\/uploads\\\/2023\\\/06\\\/Logo-Nuevo-.png\",\"contentUrl\":\"https:\\\/\\\/omnesbands.international\\\/wp-content\\\/uploads\\\/2023\\\/06\\\/Logo-Nuevo-.png\",\"width\":394,\"height\":212,\"caption\":\"Indra Consultores Internacionales\"},\"image\":{\"@id\":\"https:\\\/\\\/www.omnesbands.international\\\/#\\\/schema\\\/logo\\\/image\\\/\"}}]}<\/script>\n<!-- \/ Yoast SEO Premium plugin. -->","yoast_head_json":{"title":"JOSEP ROBERT SELL\u00c9S I CAMPS -","robots":{"index":"index","follow":"follow","max-snippet":"max-snippet:-1","max-image-preview":"max-image-preview:large","max-video-preview":"max-video-preview:-1"},"canonical":"https:\/\/www.omnesbands.international\/ja\/josep-robert-selles-i-camps-2\/","og_locale":"ja_JP","og_type":"article","og_title":"JOSEP ROBERT SELL\u00c9S I CAMPS","og_description":"JOSEP ROBERT SELL\u00c9S I CAMPS Naci\u00f3 en Cocentaina el 25 de diciembre de 1962. Titulado en direcci\u00f3n de coros por el Conservatorio Superior de M\u00fasica de Valencia, obteniendo el premio extraordinario fin de carrera. Es Profesor Superior de Guitarra por el Conservatorio &#8220;Oscar Espl\u00e1&#8221; de Alicante, siendo galardonado con el premio extraordinario de esta especialidad. [&hellip;]","og_url":"https:\/\/www.omnesbands.international\/ja\/josep-robert-selles-i-camps-2\/","article_modified_time":"2023-01-29T14:00:02+00:00","og_image":[{"width":1280,"height":742,"url":"https:\/\/www.omnesbands.international\/wp-content\/uploads\/2023\/01\/music-sheet-music-snowdrop-7107045.jpg","type":"image\/jpeg"}],"twitter_card":"summary_large_image","twitter_misc":{"\u63a8\u5b9a\u8aad\u307f\u53d6\u308a\u6642\u9593":"2\u5206"},"schema":{"@context":"https:\/\/schema.org","@graph":[{"@type":"WebPage","@id":"https:\/\/www.omnesbands.international\/fr\/josep-robert-selles-i-camps-2\/","url":"https:\/\/www.omnesbands.international\/fr\/josep-robert-selles-i-camps-2\/","name":"JOSEP ROBERT SELL\u00c9S I CAMPS -","isPartOf":{"@id":"https:\/\/www.omnesbands.international\/#website"},"datePublished":"2023-01-29T13:58:24+00:00","dateModified":"2023-01-29T14:00:02+00:00","breadcrumb":{"@id":"https:\/\/www.omnesbands.international\/fr\/josep-robert-selles-i-camps-2\/#breadcrumb"},"inLanguage":"ja","potentialAction":[{"@type":"ReadAction","target":["https:\/\/www.omnesbands.international\/fr\/josep-robert-selles-i-camps-2\/"]}]},{"@type":"BreadcrumbList","@id":"https:\/\/www.omnesbands.international\/fr\/josep-robert-selles-i-camps-2\/#breadcrumb","itemListElement":[{"@type":"ListItem","position":1,"name":"Portada","item":"https:\/\/www.omnesbands.international\/"},{"@type":"ListItem","position":2,"name":"JOSEP ROBERT SELL\u00c9S I CAMPS"}]},{"@type":"WebSite","@id":"https:\/\/www.omnesbands.international\/#website","url":"https:\/\/www.omnesbands.international\/","name":"OMNESBANDS International","description":"\u72ec\u7acb\u3057\u305f\u4f5c\u5bb6\u3084\u4f5c\u66f2\u5bb6\u306b\u3088\u308b\u30aa\u30ea\u30b8\u30ca\u30eb\u306e\u697d\u8b5c","publisher":{"@id":"https:\/\/www.omnesbands.international\/#organization"},"potentialAction":[{"@type":"SearchAction","target":{"@type":"EntryPoint","urlTemplate":"https:\/\/www.omnesbands.international\/?s={search_term_string}"},"query-input":{"@type":"PropertyValueSpecification","valueRequired":true,"valueName":"search_term_string"}}],"inLanguage":"ja"},{"@type":"Organization","@id":"https:\/\/www.omnesbands.international\/#organization","name":"\u30a4\u30f3\u30c9\u30e9\u56fd\u969b\u30b3\u30f3\u30b5\u30eb\u30bf\u30f3\u30c8","alternateName":"Omnesbands","url":"https:\/\/www.omnesbands.international\/","logo":{"@type":"ImageObject","inLanguage":"ja","@id":"https:\/\/www.omnesbands.international\/#\/schema\/logo\/image\/","url":"https:\/\/omnesbands.international\/wp-content\/uploads\/2023\/06\/Logo-Nuevo-.png","contentUrl":"https:\/\/omnesbands.international\/wp-content\/uploads\/2023\/06\/Logo-Nuevo-.png","width":394,"height":212,"caption":"Indra Consultores Internacionales"},"image":{"@id":"https:\/\/www.omnesbands.international\/#\/schema\/logo\/image\/"}}]}},"uagb_featured_image_src":{"full":false,"thumbnail":false,"medium":false,"medium_large":false,"large":false,"1536x1536":false,"2048x2048":false,"trp-custom-language-flag":false,"gg_gallery_thumbnail":false,"woocommerce_thumbnail":false,"woocommerce_single":false,"woocommerce_gallery_thumbnail":false},"uagb_author_info":{"display_name":"Melvin R. Portillo A:","author_link":"https:\/\/www.omnesbands.international\/ja\/author\/portand\/"},"uagb_comment_info":0,"uagb_excerpt":"JOSEP ROBERT SELL\u00c9S I CAMPS Naci\u00f3 en Cocentaina el 25 de diciembre de 1962. Titulado en direcci\u00f3n de coros por el Conservatorio Superior de M\u00fasica de Valencia, obteniendo el premio extraordinario fin de carrera. Es Profesor Superior de Guitarra por el Conservatorio &#8220;Oscar Espl\u00e1&#8221; de Alicante, siendo galardonado con el premio extraordinario de esta especialidad.&hellip;","_links":{"self":[{"href":"https:\/\/www.omnesbands.international\/ja\/wp-json\/wp\/v2\/pages\/1718","targetHints":{"allow":["GET"]}}],"collection":[{"href":"https:\/\/www.omnesbands.international\/ja\/wp-json\/wp\/v2\/pages"}],"about":[{"href":"https:\/\/www.omnesbands.international\/ja\/wp-json\/wp\/v2\/types\/page"}],"author":[{"embeddable":true,"href":"https:\/\/www.omnesbands.international\/ja\/wp-json\/wp\/v2\/users\/4"}],"replies":[{"embeddable":true,"href":"https:\/\/www.omnesbands.international\/ja\/wp-json\/wp\/v2\/comments?post=1718"}],"version-history":[{"count":2,"href":"https:\/\/www.omnesbands.international\/ja\/wp-json\/wp\/v2\/pages\/1718\/revisions"}],"predecessor-version":[{"id":1720,"href":"https:\/\/www.omnesbands.international\/ja\/wp-json\/wp\/v2\/pages\/1718\/revisions\/1720"}],"wp:attachment":[{"href":"https:\/\/www.omnesbands.international\/ja\/wp-json\/wp\/v2\/media?parent=1718"}],"curies":[{"name":"wp","href":"https:\/\/api.w.org\/{rel}","templated":true}]}}