{"id":1721,"date":"2023-01-29T08:06:10","date_gmt":"2023-01-29T14:06:10","guid":{"rendered":"https:\/\/omnesbands.international\/?page_id=1721"},"modified":"2023-01-29T08:10:37","modified_gmt":"2023-01-29T14:10:37","slug":"josep-miquel-martinez-2","status":"publish","type":"page","link":"https:\/\/www.omnesbands.international\/ja\/josep-miquel-martinez-2\/","title":{"rendered":"\u30b8\u30e7\u30bb\u30c3\u30d7\u30fb\u30df\u30b1\u30eb\u30fb\u30de\u30eb\u30c6\u30a3\u30cd\u30b9"},"content":{"rendered":"<div class=\"wp-block-uagb-container uagb-block-a83e5e1c alignfull uagb-is-root-container\"><div class=\"uagb-container-inner-blocks-wrap\">\n<div class=\"wp-block-uagb-advanced-heading uagb-block-5edd56cb\"><h1 class=\"uagb-heading-text\"><strong>\u30b8\u30e7\u30bb\u30c3\u30d7\u30fb\u30df\u30b1\u30eb\u30fb\u30de\u30eb\u30c6\u30a3\u30cd\u30b9<\/strong><\/h1><\/div>\n<\/div><\/div>\n\n\n\n<div class=\"wp-block-uagb-container uagb-block-ed8462b7 alignfull uagb-is-root-container\"><div class=\"uagb-container-inner-blocks-wrap\">\n<div class=\"wp-block-uagb-container uagb-block-140309a1\">\n<p>\u5f7c\u306f 1972 \u5e74\u306b Quart de les Valls (Camp de Morvedre) \u3067\u751f\u307e\u308c\u3001\u305d\u3053\u3067\u30d5\u30ec\u30f3\u30c1 \u30db\u30eb\u30f3\u3092\u5c02\u9580\u3068\u3057\u59cb\u3081\u3001\u30d0\u30ec\u30f3\u30b7\u30a2\u9ad8\u7b49\u97f3\u697d\u9662\u3067 Jos\u00e9 Rosell \u6559\u6388\u306b\u5e2b\u4e8b\u3057\u307e\u3057\u305f\u3002<\/p>\n<p>\u5f7c\u306f\u738b\u7acb\u97f3\u697d\u5b66\u6821\u3067\u30d0\u30f3\u30c9\u6307\u63ee\u3068\u97f3\u697d\u7406\u8ad6\u306e\u79f0\u53f7\u3092\u53d6\u5f97\u3057\u3001\u30db\u30bb R. \u30d1\u30b9\u30af\u30a2\u30eb \u30d3\u30e9\u30d7\u30e9\u30ca\u6559\u6388\u3068\u30df\u30b1\u30eb \u30ed\u30c9\u30ea\u30b4 \u30bf\u30de\u30ea\u30c3\u30c8\u6559\u6388\u306b\u5e2b\u4e8b\u3057\u307e\u3057\u305f\u3002<\/p>\n<p>\u30df\u30b2\u30eb\u30fb\u30a2\u30f3\u30d8\u30eb\u30fb\u30de\u30c6\u30a6\u306b\u5bfe\u4f4d\u6cd5\u3068\u30cf\u30fc\u30e2\u30cb\u30fc\u3092\u5b66\u3073\u3001\u30ab\u30b9\u30c6\u30ea\u30e7\u30f3\u9ad8\u7b49\u97f3\u697d\u9662\u3067\u30d5\u30a7\u30ec\u30fc\u30eb\u30fb\u30d5\u30a7\u30e9\u30f3\u6559\u6388\u3001\u30af\u30e9\u30a6\u30c7\u30a3\u30a2\u30fb\u30e2\u30f3\u30c6\u30ed\u6559\u6388\u3001\u30df\u30b2\u30eb\u30fb\u30a2\u30f3\u30d8\u30eb\u30fb\u30d9\u30eb\u30d3\u30b9\u6559\u6388\u3001\u30bb\u30b6\u30fc\u30eb\u30fb\u30ab\u30ce\u6559\u6388\u3089\u306b\u4f5c\u66f2\u306e\u52c9\u5f37\u3092\u7d9a\u3051\u305f\u3002<\/p>\n<p>\u4f5c\u66f2\u5bb6\u3068\u3057\u3066\u3001\u5f7c\u306f 60 \u3092\u8d85\u3048\u308b\u4f5c\u54c1\u306e\u30ab\u30bf\u30ed\u30b0\u3092\u6301\u3063\u3066\u3044\u307e\u3059\u3002\u305d\u306e\u307b\u3068\u3093\u3069\u306f\u30d0\u30f3\u30c9\u306e\u305f\u3081\u306b\u66f8\u304b\u308c\u305f\u3082\u306e\u3067\u3059\u304c\u3001\u3055\u307e\u3056\u307e\u306a\u5ba4\u5185\u697d\u30a2\u30f3\u30b5\u30f3\u30d6\u30eb\u3001\u30bd\u30ea\u30b9\u30c8\u306e\u305f\u3081\u306e\u4f5c\u54c1\u3001\u305d\u306e\u4ed6\u306e\u30de\u30a4\u30ca\u30fc\u306a\u4f5c\u54c1\u3082\u3042\u308a\u307e\u3059\u3002<\/p>\n<p>\u5f7c\u306f\u6570\u591a\u304f\u306e\u4f5c\u66f2\u30b3\u30f3\u30af\u30fc\u30eb\u3067\u53d7\u8cde\u3057\u3066\u304a\u308a\u3001\u30d0\u30ec\u30f3\u30b7\u30a2\u97f3\u697d\u5354\u4f1a\u9023\u5408 (FSMCV) \u304c\u6388\u4e0e\u3059\u308b\u300c\u4ea4\u97ff\u66f2\u300d\u90e8\u9580\u3067\u306f\u300c\u30b7\u30a6\u30c0\u30fc \u30c7 \u30c8\u30ec\u30d3\u30a8\u30cf\u300d\u4f5c\u66f2\u8cde\u3068\u300c\u30a8\u30a6\u30c6\u30eb\u30da\u8cde\u300d\u304c\u969b\u7acb\u3063\u3066\u3044\u307e\u3059\u3002\u5f7c\u306e\u4f5c\u54c1\u300cVents del Garb\u00ed\u300d\u3067\u512a\u52dd\u3057\u307e\u3057\u305f\u3002<\/p>\n<p>\u5f7c\u306e\u6700\u5f8c\u306e\u8cde\u306f\u3001Uni\u00f3 Musical de Gata de Gorgos \u306e\u7b2c 1 \u56de\u30d1\u30bd\u30c9\u30d6\u30ec \u30b3\u30f3\u30c6\u30b9\u30c8\u3067\u3001\u300cAls amics\u300d\u3068\u3044\u3046\u30bf\u30a4\u30c8\u30eb\u306e\u30d1\u30bd\u30c9\u30d6\u30ec\u3067\u3057\u305f\u3002<br>\u5f7c\u306f\u73fe\u5728\u3001Uni\u00f3 Musical Cultural de Estivella \u306e\u9996\u5e2d\u6307\u63ee\u8005\u3067\u3042\u308a\u30011998 \u5e74\u306b\u6307\u63ee\u3092\u958b\u59cb\u3057\u307e\u3057\u305f\u3002<\/p>\n<p>\u5f7c\u306f\u3001\u30a2\u30eb\u30c0\u30a4\u30a2\u306e\u300c\u30a6\u30cb\u30aa \u30df\u30e5\u30fc\u30b8\u30ab\u30eb\u300d\u3001\u30b5\u30b0\u30f3\u30c8\u306e\u300c\u30ea\u30e9 \u30b5\u30b0\u30f3\u30c6\u30a3\u30fc\u30ca\u300d\u3001\u30dc\u30ea\u30aa\u30fc\u30eb\u306e\u300c\u30ea\u30e9 \u30dc\u30ea\u30aa\u30ea\u30a8\u30f3\u30ab\u300d\u3001\u30a2\u30eb\u30e1\u30ca\u30fc\u30e9\u306e\u300c\u30b5\u30f3\u30bf \u30c1\u30a7\u30c1\u30fc\u30ea\u30a2\u300d\u3001\u30bd\u30b4\u30eb\u30d9\u97f3\u697d\u5354\u4f1a\u3001\u30a6\u30cb\u30aa\u306e\u9996\u5e2d\u6307\u63ee\u8005\u3092\u52d9\u3081\u3066\u304d\u307e\u3057\u305f\u3002\u30de\u30b5\u30de\u30b0\u30ec\u30eb\u306e\u30df\u30e5\u30fc\u30b8\u30ab\u30eb\u3002<\/p>\n<p>WA\u30e2\u30fc\u30c4\u30a1\u30eb\u30c8\u306e\u300cGRAN PARTITA\u300d\u3084P.\u30c1\u30e3\u30a4\u30b3\u30d5\u30b9\u30ad\u30fc\u306e\u30d0\u30ec\u30a8\u300cNUTSCRACKER\u300d\u306a\u3069\u306eNeo-Producciones Orchestra\u3084\u30a2\u30f3\u30b5\u30f3\u30d6\u30eb\u306e\u30df\u30e5\u30fc\u30b8\u30ab\u30eb\u30b7\u30e7\u30fc\u3092\u3001\u300cAESCENA\u300d\u30c0\u30f3\u30b9\u30b9\u30af\u30fc\u30eb\u3068\u305d\u306e\u30c7\u30a3\u30ec\u30af\u30bf\u30fcMagdalena Fuertes\u3068\u5171\u540c\u3067\u76e3\u7763\u3057\u307e\u3057\u305f\u3002<\/p>\n<p>\u56fd\u969b\u7684\u306b\u306f\u3001\u30b7\u30e9\u30af\u30fc\u30b5\uff08\u30a4\u30bf\u30ea\u30a2\u30fb\u30b7\u30c1\u30ea\u30a2\uff09\u306e\u30a2\u30ab\u30c7\u30df\u30a2\u30fb\u30df\u30e5\u30fc\u30b8\u30ab\u30eb\u300c\u30a8\u30a6\u30c6\u30eb\u30da\u300d\u3001\u30b9\u30af\u30aa\u30fc\u30e9\u30fb\u30d0\u30f3\u30c0\u30fb\u30df\u30e5\u30fc\u30b8\u30ab\u30eb\u300cP.\u30df\u30e9\u30c3\u30c4\u30a9\uff08\u30a4\u30bf\u30ea\u30a2\u30fb\u30b7\u30c1\u30ea\u30a2\uff09\u306e\u300c\u30de\u30b9\u30ab\u30fc\u30cb\u300d\u3001\u30b7\u30f3\u30ca\u30a4\uff08\u30a4\u30bf\u30ea\u30a2\u30fb\u30bb\u30eb\u30c7\u30fc\u30cb\u30e3\uff09\u306e\u30d0\u30f3\u30c0\u30fb\u30b3\u30e0\u30ca\u30fc\u30ec\u300c\u30b8\u30e5\u30bc\u30c3\u30da\u30fb\u30f4\u30a7\u30eb\u30c7\u30a3\u300d\u3002<\/p>\n<p>\u6307\u63ee\u8005\u304a\u3088\u3073\u6559\u5e2b\u3068\u3057\u3066\u3001\u30d0\u30f3\u30c0\u5e02\u7acb\u30c7 \u30ab\u30b9\u30c6\u30ea\u30e7\u30f3\u3001\u30d0\u30f3\u30c0 \u30c7 \u30ca\u30ed\u30f3 (\u30e9 \u30b3\u30eb\u30fc\u30cb\u30e3)\u3001\u30a6\u30cb\u30aa \u30df\u30e5\u30fc\u30b8\u30ab\u30eb \u30c7 \u30ac\u30bf \u30c7 \u30b4\u30eb\u30b4\u30b9 (\u30a2\u30ea\u30ab\u30f3\u30c6)\u3001\u30a6\u30cb\u30aa \u30df\u30e5\u30fc\u30b8\u30ab\u30eb \u30c7 \u30bb\u30e9 (\u30d0\u30ec\u30f3\u30b7\u30a2)\u3001\u30a6\u30cb\u30aa\u306a\u3069\u3001\u6570\u591a\u304f\u306e\u30d0\u30f3\u30c9\u306e\u30b3\u30f3\u30b5\u30fc\u30c8\u3084\u6307\u63ee\u30b3\u30fc\u30b9\u3092\u6307\u63ee\u3057\u3066\u304d\u307e\u3057\u305f\u3002\u30df\u30e5\u30fc\u30b8\u30ab\u30eb\u30fb\u30c7\u30fb\u30f4\u30a3\u30e9\u30d5\u30a1\u30e1\u30b9\u3068\u30a6\u30cb\u30aa\u30fb\u30df\u30e5\u30fc\u30b8\u30ab\u30eb\u30fb\u30c7\u30fb\u30ab\u30ea\u30b0\uff08\u30ab\u30b9\u30c6\u30ea\u30e7\u30f3\uff09\u3001\u30d0\u30f3\u30c0\u30fb\u30df\u30e5\u30cb\u30b7\u30d1\u30eb\u30fb\u30c7\u30fb\u30de\u30eb\u30e2\u30ec\u30db\uff08\u30cf\u30a8\u30f3\uff09\u306a\u3069\u3002<\/p>\n<\/div>\n<\/div><\/div>\n\n\n<div class=\"woocommerce columns-4\"><\/div>","protected":false},"excerpt":{"rendered":"<p>JOSEP MIQUEL MART\u00cdNEZ Nace en Quart de les Valls en 1972 (Camp de Morvedre) donde comienza en la especialidad de trompa, terminando sus estudios superiores al Conservatorio Superior de M\u00fasica de Valencia con el catedr\u00e1tico Jos\u00e9 Rosell. Obtiene el t\u00edtulo de la Royal School Music de Direcci\u00f3n de Banda y Teor\u00eda de la M\u00fasica, estudiando [&hellip;]<\/p>\n","protected":false},"author":4,"featured_media":0,"parent":0,"menu_order":0,"comment_status":"closed","ping_status":"closed","template":"","meta":{"_acf_changed":false,"_uag_custom_page_level_css":"","site-sidebar-layout":"default","site-content-layout":"","ast-site-content-layout":"default","site-content-style":"default","site-sidebar-style":"default","ast-global-header-display":"","ast-banner-title-visibility":"","ast-main-header-display":"","ast-hfb-above-header-display":"","ast-hfb-below-header-display":"","ast-hfb-mobile-header-display":"","site-post-title":"disabled","ast-breadcrumbs-content":"","ast-featured-img":"","footer-sml-layout":"","ast-disable-related-posts":"","theme-transparent-header-meta":"","adv-header-id-meta":"","stick-header-meta":"","header-above-stick-meta":"","header-main-stick-meta":"","header-below-stick-meta":"","astra-migrate-meta-layouts":"default","ast-page-background-enabled":"default","ast-page-background-meta":{"desktop":{"background-color":"","background-image":"","background-repeat":"repeat","background-position":"center center","background-size":"auto","background-attachment":"scroll","background-type":"","background-media":"","overlay-type":"","overlay-color":"","overlay-opacity":"","overlay-gradient":""},"tablet":{"background-color":"","background-image":"","background-repeat":"repeat","background-position":"center center","background-size":"auto","background-attachment":"scroll","background-type":"","background-media":"","overlay-type":"","overlay-color":"","overlay-opacity":"","overlay-gradient":""},"mobile":{"background-color":"","background-image":"","background-repeat":"repeat","background-position":"center center","background-size":"auto","background-attachment":"scroll","background-type":"","background-media":"","overlay-type":"","overlay-color":"","overlay-opacity":"","overlay-gradient":""}},"ast-content-background-meta":{"desktop":{"background-color":"var(--ast-global-color-5)","background-image":"","background-repeat":"repeat","background-position":"center center","background-size":"auto","background-attachment":"scroll","background-type":"","background-media":"","overlay-type":"","overlay-color":"","overlay-opacity":"","overlay-gradient":""},"tablet":{"background-color":"var(--ast-global-color-5)","background-image":"","background-repeat":"repeat","background-position":"center center","background-size":"auto","background-attachment":"scroll","background-type":"","background-media":"","overlay-type":"","overlay-color":"","overlay-opacity":"","overlay-gradient":""},"mobile":{"background-color":"var(--ast-global-color-5)","background-image":"","background-repeat":"repeat","background-position":"center center","background-size":"auto","background-attachment":"scroll","background-type":"","background-media":"","overlay-type":"","overlay-color":"","overlay-opacity":"","overlay-gradient":""}},"footnotes":""},"class_list":["post-1721","page","type-page","status-publish","hentry"],"acf":[],"yoast_head":"<!-- This site is optimized with the Yoast SEO Premium plugin v22.4 (Yoast SEO v27.4) - https:\/\/yoast.com\/product\/yoast-seo-premium-wordpress\/ -->\n<title>JOSEP MIQUEL MART\u00cdNEZ -<\/title>\n<meta name=\"robots\" content=\"index, follow, max-snippet:-1, max-image-preview:large, max-video-preview:-1\" \/>\n<link rel=\"canonical\" href=\"https:\/\/www.omnesbands.international\/ja\/josep-miquel-martinez-2\/\" \/>\n<meta property=\"og:locale\" content=\"ja_JP\" \/>\n<meta property=\"og:type\" content=\"article\" \/>\n<meta property=\"og:title\" content=\"JOSEP MIQUEL MART\u00cdNEZ\" \/>\n<meta property=\"og:description\" content=\"JOSEP MIQUEL MART\u00cdNEZ Nace en Quart de les Valls en 1972 (Camp de Morvedre) donde comienza en la especialidad de trompa, terminando sus estudios superiores al Conservatorio Superior de M\u00fasica de Valencia con el catedr\u00e1tico Jos\u00e9 Rosell. Obtiene el t\u00edtulo de la Royal School Music de Direcci\u00f3n de Banda y Teor\u00eda de la M\u00fasica, estudiando [&hellip;]\" \/>\n<meta property=\"og:url\" content=\"https:\/\/www.omnesbands.international\/ja\/josep-miquel-martinez-2\/\" \/>\n<meta property=\"article:modified_time\" content=\"2023-01-29T14:10:37+00:00\" \/>\n<meta property=\"og:image\" content=\"https:\/\/www.omnesbands.international\/wp-content\/uploads\/2023\/01\/music-sheet-music-snowdrop-7107045.jpg\" \/>\n\t<meta property=\"og:image:width\" content=\"1280\" \/>\n\t<meta property=\"og:image:height\" content=\"742\" \/>\n\t<meta property=\"og:image:type\" content=\"image\/jpeg\" \/>\n<meta name=\"twitter:card\" content=\"summary_large_image\" \/>\n<meta name=\"twitter:label1\" content=\"\u63a8\u5b9a\u8aad\u307f\u53d6\u308a\u6642\u9593\" \/>\n\t<meta name=\"twitter:data1\" content=\"2\u5206\" \/>\n<script type=\"application\/ld+json\" class=\"yoast-schema-graph\">{\"@context\":\"https:\\\/\\\/schema.org\",\"@graph\":[{\"@type\":\"WebPage\",\"@id\":\"https:\\\/\\\/www.omnesbands.international\\\/josep-miquel-martinez-2\\\/\",\"url\":\"https:\\\/\\\/www.omnesbands.international\\\/josep-miquel-martinez-2\\\/\",\"name\":\"JOSEP MIQUEL MART\u00cdNEZ -\",\"isPartOf\":{\"@id\":\"https:\\\/\\\/www.omnesbands.international\\\/#website\"},\"datePublished\":\"2023-01-29T14:06:10+00:00\",\"dateModified\":\"2023-01-29T14:10:37+00:00\",\"breadcrumb\":{\"@id\":\"https:\\\/\\\/www.omnesbands.international\\\/josep-miquel-martinez-2\\\/#breadcrumb\"},\"inLanguage\":\"ja\",\"potentialAction\":[{\"@type\":\"ReadAction\",\"target\":[\"https:\\\/\\\/www.omnesbands.international\\\/josep-miquel-martinez-2\\\/\"]}]},{\"@type\":\"BreadcrumbList\",\"@id\":\"https:\\\/\\\/www.omnesbands.international\\\/josep-miquel-martinez-2\\\/#breadcrumb\",\"itemListElement\":[{\"@type\":\"ListItem\",\"position\":1,\"name\":\"Portada\",\"item\":\"https:\\\/\\\/www.omnesbands.international\\\/\"},{\"@type\":\"ListItem\",\"position\":2,\"name\":\"JOSEP MIQUEL MART\u00cdNEZ\"}]},{\"@type\":\"WebSite\",\"@id\":\"https:\\\/\\\/www.omnesbands.international\\\/#website\",\"url\":\"https:\\\/\\\/www.omnesbands.international\\\/\",\"name\":\"OMNESBANDS International\",\"description\":\"Partituras Originales de autores y compositores independientes\",\"publisher\":{\"@id\":\"https:\\\/\\\/www.omnesbands.international\\\/#organization\"},\"potentialAction\":[{\"@type\":\"SearchAction\",\"target\":{\"@type\":\"EntryPoint\",\"urlTemplate\":\"https:\\\/\\\/www.omnesbands.international\\\/?s={search_term_string}\"},\"query-input\":{\"@type\":\"PropertyValueSpecification\",\"valueRequired\":true,\"valueName\":\"search_term_string\"}}],\"inLanguage\":\"ja\"},{\"@type\":\"Organization\",\"@id\":\"https:\\\/\\\/www.omnesbands.international\\\/#organization\",\"name\":\"Indra Consultores Internacionales\",\"alternateName\":\"Omnesbands\",\"url\":\"https:\\\/\\\/www.omnesbands.international\\\/\",\"logo\":{\"@type\":\"ImageObject\",\"inLanguage\":\"ja\",\"@id\":\"https:\\\/\\\/www.omnesbands.international\\\/#\\\/schema\\\/logo\\\/image\\\/\",\"url\":\"https:\\\/\\\/omnesbands.international\\\/wp-content\\\/uploads\\\/2023\\\/06\\\/Logo-Nuevo-.png\",\"contentUrl\":\"https:\\\/\\\/omnesbands.international\\\/wp-content\\\/uploads\\\/2023\\\/06\\\/Logo-Nuevo-.png\",\"width\":394,\"height\":212,\"caption\":\"Indra Consultores Internacionales\"},\"image\":{\"@id\":\"https:\\\/\\\/www.omnesbands.international\\\/#\\\/schema\\\/logo\\\/image\\\/\"}}]}<\/script>\n<!-- \/ Yoast SEO Premium plugin. -->","yoast_head_json":{"title":"JOSEP MIQUEL MART\u00cdNEZ -","robots":{"index":"index","follow":"follow","max-snippet":"max-snippet:-1","max-image-preview":"max-image-preview:large","max-video-preview":"max-video-preview:-1"},"canonical":"https:\/\/www.omnesbands.international\/ja\/josep-miquel-martinez-2\/","og_locale":"ja_JP","og_type":"article","og_title":"JOSEP MIQUEL MART\u00cdNEZ","og_description":"JOSEP MIQUEL MART\u00cdNEZ Nace en Quart de les Valls en 1972 (Camp de Morvedre) donde comienza en la especialidad de trompa, terminando sus estudios superiores al Conservatorio Superior de M\u00fasica de Valencia con el catedr\u00e1tico Jos\u00e9 Rosell. Obtiene el t\u00edtulo de la Royal School Music de Direcci\u00f3n de Banda y Teor\u00eda de la M\u00fasica, estudiando [&hellip;]","og_url":"https:\/\/www.omnesbands.international\/ja\/josep-miquel-martinez-2\/","article_modified_time":"2023-01-29T14:10:37+00:00","og_image":[{"width":1280,"height":742,"url":"https:\/\/www.omnesbands.international\/wp-content\/uploads\/2023\/01\/music-sheet-music-snowdrop-7107045.jpg","type":"image\/jpeg"}],"twitter_card":"summary_large_image","twitter_misc":{"\u63a8\u5b9a\u8aad\u307f\u53d6\u308a\u6642\u9593":"2\u5206"},"schema":{"@context":"https:\/\/schema.org","@graph":[{"@type":"WebPage","@id":"https:\/\/www.omnesbands.international\/josep-miquel-martinez-2\/","url":"https:\/\/www.omnesbands.international\/josep-miquel-martinez-2\/","name":"JOSEP MIQUEL MART\u00cdNEZ -","isPartOf":{"@id":"https:\/\/www.omnesbands.international\/#website"},"datePublished":"2023-01-29T14:06:10+00:00","dateModified":"2023-01-29T14:10:37+00:00","breadcrumb":{"@id":"https:\/\/www.omnesbands.international\/josep-miquel-martinez-2\/#breadcrumb"},"inLanguage":"ja","potentialAction":[{"@type":"ReadAction","target":["https:\/\/www.omnesbands.international\/josep-miquel-martinez-2\/"]}]},{"@type":"BreadcrumbList","@id":"https:\/\/www.omnesbands.international\/josep-miquel-martinez-2\/#breadcrumb","itemListElement":[{"@type":"ListItem","position":1,"name":"Portada","item":"https:\/\/www.omnesbands.international\/"},{"@type":"ListItem","position":2,"name":"JOSEP MIQUEL MART\u00cdNEZ"}]},{"@type":"WebSite","@id":"https:\/\/www.omnesbands.international\/#website","url":"https:\/\/www.omnesbands.international\/","name":"OMNESBANDS International","description":"\u72ec\u7acb\u3057\u305f\u4f5c\u5bb6\u3084\u4f5c\u66f2\u5bb6\u306b\u3088\u308b\u30aa\u30ea\u30b8\u30ca\u30eb\u306e\u697d\u8b5c","publisher":{"@id":"https:\/\/www.omnesbands.international\/#organization"},"potentialAction":[{"@type":"SearchAction","target":{"@type":"EntryPoint","urlTemplate":"https:\/\/www.omnesbands.international\/?s={search_term_string}"},"query-input":{"@type":"PropertyValueSpecification","valueRequired":true,"valueName":"search_term_string"}}],"inLanguage":"ja"},{"@type":"Organization","@id":"https:\/\/www.omnesbands.international\/#organization","name":"\u30a4\u30f3\u30c9\u30e9\u56fd\u969b\u30b3\u30f3\u30b5\u30eb\u30bf\u30f3\u30c8","alternateName":"Omnesbands","url":"https:\/\/www.omnesbands.international\/","logo":{"@type":"ImageObject","inLanguage":"ja","@id":"https:\/\/www.omnesbands.international\/#\/schema\/logo\/image\/","url":"https:\/\/omnesbands.international\/wp-content\/uploads\/2023\/06\/Logo-Nuevo-.png","contentUrl":"https:\/\/omnesbands.international\/wp-content\/uploads\/2023\/06\/Logo-Nuevo-.png","width":394,"height":212,"caption":"Indra Consultores Internacionales"},"image":{"@id":"https:\/\/www.omnesbands.international\/#\/schema\/logo\/image\/"}}]}},"uagb_featured_image_src":{"full":false,"thumbnail":false,"medium":false,"medium_large":false,"large":false,"1536x1536":false,"2048x2048":false,"trp-custom-language-flag":false,"gg_gallery_thumbnail":false,"woocommerce_thumbnail":false,"woocommerce_single":false,"woocommerce_gallery_thumbnail":false},"uagb_author_info":{"display_name":"Melvin R. Portillo A:","author_link":"https:\/\/www.omnesbands.international\/ja\/author\/portand\/"},"uagb_comment_info":0,"uagb_excerpt":"JOSEP MIQUEL MART\u00cdNEZ Nace en Quart de les Valls en 1972 (Camp de Morvedre) donde comienza en la especialidad de trompa, terminando sus estudios superiores al Conservatorio Superior de M\u00fasica de Valencia con el catedr\u00e1tico Jos\u00e9 Rosell. Obtiene el t\u00edtulo de la Royal School Music de Direcci\u00f3n de Banda y Teor\u00eda de la M\u00fasica, estudiando&hellip;","_links":{"self":[{"href":"https:\/\/www.omnesbands.international\/ja\/wp-json\/wp\/v2\/pages\/1721","targetHints":{"allow":["GET"]}}],"collection":[{"href":"https:\/\/www.omnesbands.international\/ja\/wp-json\/wp\/v2\/pages"}],"about":[{"href":"https:\/\/www.omnesbands.international\/ja\/wp-json\/wp\/v2\/types\/page"}],"author":[{"embeddable":true,"href":"https:\/\/www.omnesbands.international\/ja\/wp-json\/wp\/v2\/users\/4"}],"replies":[{"embeddable":true,"href":"https:\/\/www.omnesbands.international\/ja\/wp-json\/wp\/v2\/comments?post=1721"}],"version-history":[{"count":2,"href":"https:\/\/www.omnesbands.international\/ja\/wp-json\/wp\/v2\/pages\/1721\/revisions"}],"predecessor-version":[{"id":1723,"href":"https:\/\/www.omnesbands.international\/ja\/wp-json\/wp\/v2\/pages\/1721\/revisions\/1723"}],"wp:attachment":[{"href":"https:\/\/www.omnesbands.international\/ja\/wp-json\/wp\/v2\/media?parent=1721"}],"curies":[{"name":"wp","href":"https:\/\/api.w.org\/{rel}","templated":true}]}}