{"id":1724,"date":"2023-01-29T08:11:48","date_gmt":"2023-01-29T14:11:48","guid":{"rendered":"https:\/\/omnesbands.international\/?page_id=1724"},"modified":"2023-01-29T08:12:27","modified_gmt":"2023-01-29T14:12:27","slug":"josep-vicent-asensi-seva-2","status":"publish","type":"page","link":"https:\/\/www.omnesbands.international\/ja\/josep-vicent-asensi-seva-2\/","title":{"rendered":"\u30b8\u30e7\u30bb\u30c3\u30d7\u30fb\u30d3\u30bb\u30f3\u30c8\u30fb\u30a2\u30bb\u30f3\u30b7\u30fb\u30bb\u30d0"},"content":{"rendered":"<div class=\"wp-block-uagb-container uagb-block-c285e150 alignfull uagb-is-root-container\"><div class=\"uagb-container-inner-blocks-wrap\">\n<div class=\"wp-block-uagb-advanced-heading uagb-block-32e4cdec\"><h1 class=\"uagb-heading-text\"><strong>\u30b8\u30e7\u30bb\u30c3\u30d7\u30fb\u30d3\u30bb\u30f3\u30c8\u30fb\u30a2\u30bb\u30f3\u30b7\u30fb\u30bb\u30d0<\/strong><\/h1><\/div>\n<\/div><\/div>\n\n\n\n<div class=\"wp-block-uagb-container uagb-block-3d83def0 alignfull uagb-is-root-container\"><div class=\"uagb-container-inner-blocks-wrap\">\n<div class=\"wp-block-uagb-container uagb-block-eca2ff85\">\n<p>\u30db\u30bb\u30fb\u30d3\u30bb\u30f3\u30c6\u30fb\u30a2\u30bb\u30f3\u30b7\u30fb\u30bb\u30f4\u30a1\u306f\u30bb\u30c3\u30e9\uff08\u30a2\u30ea\u30ab\u30f3\u30c6\uff09\u51fa\u8eab\u3067\u3001\u30bd\u30b7\u30a8\u30c0\u30fb\u30e6\u30cb\u30aa\u30f3\u30fb\u30df\u30e5\u30fc\u30b8\u30ab\u30eb\u30fb\u30e9\u30fb\u30aa\u30fc\u30ed\u30e9\u3067\u97f3\u697d\u306e\u8a13\u7df4\u3092\u59cb\u3081\u3001\u305d\u306e\u5f8c\u30a2\u30ea\u30ab\u30f3\u30c6\u3068\u30d0\u30ec\u30f3\u30b7\u30a2\u306e\u97f3\u697d\u9662\u3067\u4fee\u4e86\u3057\u307e\u3057\u305f\u3002\u5f7c\u306f\u73fe\u5728\u3001\u30a2\u30ea\u30ab\u30f3\u30c6\u306e\u30aa\u30b9\u30ab\u30eb\u30fb\u30a8\u30b9\u30d7\u30e9\u97f3\u697d\u9662\u3067\u4f5c\u66f2\u306e\u6559\u6388\u3092\u52d9\u3081\u3066\u304a\u308a\u30012012 \u5e74 7 \u6708\u304b\u3089\u540c\u97f3\u697d\u9662\u306e\u9662\u9577\u3092\u52d9\u3081\u3066\u3044\u307e\u3059\u3002<\/p>\n<p>\u3055\u3089\u306b\u3001\u300c\u30d5\u30a2\u30f3\u30fb\u30a4\u30fb\u30b8\u30cd\u30b9\u30fb\u30da\u30ec\u30b9\u300d\u30dd\u30ea\u30d5\u30a9\u30cb\u30c3\u30af\u5408\u5531\u56e3\u3068\u30ab\u30ed\u30b5\u30fb\u30c7\u30f3\u30fb\u30b5\u30ea\u30a2\u97f3\u697d\u5354\u4f1a\u306e\u5ba4\u5185\u30aa\u30fc\u30b1\u30b9\u30c8\u30e9\u3092\u6307\u63ee\u3057\u3066\u3044\u307e\u3059\u3002\u4ee5\u524d\u306f\u3001\u30e9\u30fb\u30aa\u30fc\u30ed\u30e9\u30fb\u30c7\u30fb\u30bb\u30e9\u97f3\u697d\u5927\u5b66\u3001\u30a2\u30eb\u30b3\u30ec\u30c6\u30a3\u30a2\u97f3\u697d\u5b66\u6821\u3001\u30e0\u30eb\u30b7\u30a2\u9ad8\u7b49\u97f3\u697d\u9662\u3001\u30ab\u30ed\u30fc\u30b5\u30fb\u30c7\u30f3\u30fb\u30b5\u30ea\u30a2\u30fb\u30d7\u30ea\u30df\u30c6\u30a3\u30d0\u3001\u30d0\u30ec\u30f3\u30b7\u30a2\u5171\u540c\u4f53\u97f3\u697d\u5354\u4f1a\u9023\u76df\u306a\u3069\u306e\u97f3\u697d\u30d0\u30f3\u30c9\u306e\u6559\u6388\u517c\u76e3\u7763\u3092\u52d9\u3081\u305f\u3002 \u3002<\/p>\n<p>\u5f7c\u306e\u4f5c\u54c1\u30ab\u30bf\u30ed\u30b0\u306b\u306f\u3001\u5408\u5531\u97f3\u697d\u3001\u5ba4\u5185\u697d\u3001\u30e0\u30fc\u30a2\u4eba\u3084\u30ad\u30ea\u30b9\u30c8\u6559\u5f92\u306e\u796d\u308a\u306e\u305f\u3081\u306e\u97f3\u697d\u3001\u30d0\u30f3\u30c9\u306e\u305f\u3081\u306e\u4ea4\u97ff\u697d\u306a\u3069\u304c\u542b\u307e\u308c\u307e\u3059\u3002\u30db\u30bb\u30fb\u30d3\u30bb\u30f3\u30c6\u30fb\u30a2\u30bb\u30f3\u30b7\u306f\u30011994\u5e74\u306b\u30aa\u30f3\u30c6\u30a3\u30cb\u30a8\u30f3\u30c8\u5e02\u8b70\u4f1a\u3068\u30d5\u30a7\u30b9\u30c6\u30ed\u30b9\u5354\u4f1a\u304c\u4e3b\u50ac\u3057\u305f\u7b2c11\u56de\u5168\u56fd\u795d\u796d\u97f3\u697d\u30b3\u30f3\u30af\u30fc\u30eb\u3067\u3001\u30ad\u30ea\u30b9\u30c8\u6559\u884c\u9032\u66f2\u300c\u30a2\u30ba\u30fb\u30dc\u300d\u3067\u4f5c\u66f2\u90e8\u9580\u3067\u512a\u52dd\u3057\u3001\u7b2c2\u4f4d\u3092\u53d7\u8cde\u3057\u305f\u30022006\u5e74\u306b\u306f\u7279\u5225\u8cde\u3092\u53d7\u8cde\u3057\u305f\u3002\u5f7c\u306e\u4f5c\u54c1\u300cVella Sepharad\u300d\u306b\u3088\u308a\u30ab\u30bf\u30eb\u30fc\u30cb\u30e3\u9023\u90a6\u5408\u5531\u30b3\u30f3\u30af\u30fc\u30eb\u306e\u6700\u512a\u79c0\u8cde\u3092\u53d7\u8cde\u3002<\/p>\n<p>\u3055\u3089\u306b\u3001\u5f7c\u306f\u6570\u591a\u304f\u306e\u4f5c\u66f2\u30b3\u30f3\u30af\u30fc\u30eb\u59d4\u54e1\u4f1a\u3084\u97f3\u697d\u30d0\u30f3\u30c9\u30b3\u30f3\u30af\u30fc\u30eb\u306e\u30e1\u30f3\u30d0\u30fc\u3067\u3082\u3042\u308a\u307e\u3059\u3002\u5f7c\u306f\u307e\u305f\u3001\u591a\u6570\u306e\u9332\u97f3\u3092\u6b8b\u3057\u3066\u304a\u308a\u30011999 \u5e74\u306b\u30ab\u30ed\u30b5 \u30c7\u30f3 \u30b5\u30ea\u30a2\u5e02\u8b70\u4f1a\u3068\u30a2\u30ea\u30ab\u30f3\u30c6\u6587\u5316\u7814\u7a76\u6240\u306b\u3088\u3063\u3066\u51fa\u7248\u3055\u308c\u305f\u30c8\u30de\u30b9 \u30c7 \u30b3\u30fc\u30c6\u30b9\u8457\u300e\u9752\u6625\u306e\u601d\u3044\u51fa\u300f\u306e\u7248\u306e\u5171\u8457\u8005\u3067\u3082\u3042\u308a\u307e\u3059\u3002 \u3002<\/p>\n<p>\u30db\u30bb\u30fb\u30d3\u30bb\u30f3\u30c6\u30fb\u30a2\u30bb\u30f3\u30b7\u306f\u30012002-03\u5b66\u5e74\u5ea6\u307e\u3067\u30ab\u30ed\u30fc\u30b5\u30fb\u30c7\u30f3\u30fb\u30b5\u30ea\u30a2\u306e\u300c\u30db\u30bb\u30fb\u30bb\u30ae\u300d\u97f3\u697d\u5b66\u6821\u306e\u5275\u8a2d\u8005\u517c\u7406\u4e8b\u9577\u3092\u52d9\u3081\u30012005\u5e74\u304b\u3089\u306f\u56fd\u969b\u6b4c\u8a5e\u30d5\u30a7\u30b9\u30c6\u30a3\u30d0\u30eb\u3068\u30af\u30eb\u30b9\u30fb\u30c0\u30eb\u30c8\u30fb\u30da\u30eb\u30d5\u30a7\u30af\u30bf\u30e1\u30f3\u30c6\u306e\u526f\u7406\u4e8b\u9577\u3092\u52d9\u3081\u3066\u3044\u308b\u3002 Cantants de Callosa d&#039;En Sarri\u00e0\u3002\u5f7c\u306f\u307e\u305f\u3001\u5358\u8457\u30b3\u30fc\u30b9\u3092\u6559\u3048\u305f\u308a\u3001\u3055\u307e\u3056\u307e\u306a\u30c6\u30fc\u30de\u306b\u95a2\u3059\u308b\u4f1a\u8b70\u3084\u30d7\u30ec\u30bc\u30f3\u30c6\u30fc\u30b7\u30e7\u30f3\u3092\u884c\u3063\u305f\u308a\u3057\u3066\u3044\u307e\u3059\u3002<\/p>\n<\/div>\n<\/div><\/div>\n\n\n<div class=\"woocommerce columns-4\"><ul class=\"products columns-4\">\n<li class=\"desktop-align-left tablet-align-left mobile-align-left ast-product-gallery-layout-horizontal-slider product type-product post-1333 status-publish first instock product_cat-pasodobles product_tag-ignacio-sanchez-navarro product_tag-josep-vicent-asensi-seva has-post-thumbnail downloadable virtual taxable purchasable product-type-simple\">\n\t<a href=\"https:\/\/www.omnesbands.international\/ja\/product\/juanito-segui\/\" class=\"woocommerce-LoopProduct-link woocommerce-loop-product__link\"><img loading=\"lazy\" decoding=\"async\" width=\"300\" height=\"300\" src=\"https:\/\/www.omnesbands.international\/wp-content\/uploads\/2023\/01\/Juanito-Segui-1-300x300.jpg\" class=\"attachment-woocommerce_thumbnail size-woocommerce_thumbnail\" alt=\"Juanito Segui\" srcset=\"https:\/\/www.omnesbands.international\/wp-content\/uploads\/2023\/01\/Juanito-Segui-1-300x300.jpg 300w, https:\/\/www.omnesbands.international\/wp-content\/uploads\/2023\/01\/Juanito-Segui-1-150x150.jpg 150w, https:\/\/www.omnesbands.international\/wp-content\/uploads\/2023\/01\/Juanito-Segui-1-100x100.jpg 100w\" sizes=\"auto, (max-width: 300px) 100vw, 300px\" \/><h2 class=\"woocommerce-loop-product__title\">\u3075\u306b\u3068\u3055\u3093 Retweeted<\/h2>\n\t<span class=\"price\"><span class=\"woocommerce-Price-amount amount\"><bdi><span class=\"woocommerce-Price-currencySymbol\">&#36;<\/span>25.00<\/bdi><\/span><\/span>\n<\/a><a href=\"\/ja\/wp-json\/wp\/v2\/pages\/1724?add-to-cart=1333\" aria-describedby=\"woocommerce_loop_add_to_cart_link_describedby_1333\" data-quantity=\"1\" class=\"button product_type_simple add_to_cart_button ajax_add_to_cart\" data-product_id=\"1333\" data-product_sku=\"SEG-PAS-ESP-22\" aria-label=\"\u30ab\u30fc\u30c8\u306b\u8ffd\u52a0: \u300cJuanito Segu\u00ed\u300d\" rel=\"nofollow\" data-success_message=\"\u300cJuanito Segu\u00ed\u300d\u3092\u304a\u8cb7\u3044\u7269\u30ab\u30b4\u306b\u8ffd\u52a0\u3057\u307e\u3057\u305f\" role=\"button\" data-no-translation=\"\" data-trp-gettext=\"\" data-no-translation-aria-label=\"\" data-no-translation-data-success_message=\"\">\u304a\u8cb7\u3044\u7269\u30ab\u30b4\u306b\u8ffd\u52a0<\/a>\t<span id=\"woocommerce_loop_add_to_cart_link_describedby_1333\" class=\"screen-reader-text\">\n\t\t\t<\/span>\n<\/li>\n<\/ul>\n<\/div>","protected":false},"excerpt":{"rendered":"<p>JOSEP VICENT ASENSI SEVA Jos\u00e9 Vicente Asensi Seva es natural de Sella (Alicante), donde inicia su aprendizaje musical en la Sociedad Uni\u00f3n Musical La Aurora y que completa posteriormente en los conservatorios de Alicante y Valencia. Actualmente es profesor de Composici\u00f3n en el Conservatorio Superior de M\u00fasica \u00d3scar Espl\u00e1 de Alicante donde desempe\u00f1a, desde julio [&hellip;]<\/p>\n","protected":false},"author":4,"featured_media":0,"parent":0,"menu_order":0,"comment_status":"closed","ping_status":"closed","template":"","meta":{"_acf_changed":false,"_uag_custom_page_level_css":"","site-sidebar-layout":"default","site-content-layout":"","ast-site-content-layout":"default","site-content-style":"default","site-sidebar-style":"default","ast-global-header-display":"","ast-banner-title-visibility":"","ast-main-header-display":"","ast-hfb-above-header-display":"","ast-hfb-below-header-display":"","ast-hfb-mobile-header-display":"","site-post-title":"disabled","ast-breadcrumbs-content":"","ast-featured-img":"","footer-sml-layout":"","ast-disable-related-posts":"","theme-transparent-header-meta":"","adv-header-id-meta":"","stick-header-meta":"","header-above-stick-meta":"","header-main-stick-meta":"","header-below-stick-meta":"","astra-migrate-meta-layouts":"default","ast-page-background-enabled":"default","ast-page-background-meta":{"desktop":{"background-color":"","background-image":"","background-repeat":"repeat","background-position":"center center","background-size":"auto","background-attachment":"scroll","background-type":"","background-media":"","overlay-type":"","overlay-color":"","overlay-opacity":"","overlay-gradient":""},"tablet":{"background-color":"","background-image":"","background-repeat":"repeat","background-position":"center center","background-size":"auto","background-attachment":"scroll","background-type":"","background-media":"","overlay-type":"","overlay-color":"","overlay-opacity":"","overlay-gradient":""},"mobile":{"background-color":"","background-image":"","background-repeat":"repeat","background-position":"center center","background-size":"auto","background-attachment":"scroll","background-type":"","background-media":"","overlay-type":"","overlay-color":"","overlay-opacity":"","overlay-gradient":""}},"ast-content-background-meta":{"desktop":{"background-color":"var(--ast-global-color-5)","background-image":"","background-repeat":"repeat","background-position":"center center","background-size":"auto","background-attachment":"scroll","background-type":"","background-media":"","overlay-type":"","overlay-color":"","overlay-opacity":"","overlay-gradient":""},"tablet":{"background-color":"var(--ast-global-color-5)","background-image":"","background-repeat":"repeat","background-position":"center center","background-size":"auto","background-attachment":"scroll","background-type":"","background-media":"","overlay-type":"","overlay-color":"","overlay-opacity":"","overlay-gradient":""},"mobile":{"background-color":"var(--ast-global-color-5)","background-image":"","background-repeat":"repeat","background-position":"center center","background-size":"auto","background-attachment":"scroll","background-type":"","background-media":"","overlay-type":"","overlay-color":"","overlay-opacity":"","overlay-gradient":""}},"footnotes":""},"class_list":["post-1724","page","type-page","status-publish","hentry"],"acf":[],"yoast_head":"<!-- This site is optimized with the Yoast SEO Premium plugin v22.4 (Yoast SEO v27.4) - https:\/\/yoast.com\/product\/yoast-seo-premium-wordpress\/ -->\n<title>JOSEP VICENT ASENSI SEVA -<\/title>\n<meta name=\"robots\" content=\"index, follow, max-snippet:-1, max-image-preview:large, max-video-preview:-1\" \/>\n<link rel=\"canonical\" href=\"https:\/\/www.omnesbands.international\/ja\/josep-vicent-asensi-seva-2\/\" \/>\n<meta property=\"og:locale\" content=\"ja_JP\" \/>\n<meta property=\"og:type\" content=\"article\" \/>\n<meta property=\"og:title\" content=\"JOSEP VICENT ASENSI SEVA\" \/>\n<meta property=\"og:description\" content=\"JOSEP VICENT ASENSI SEVA Jos\u00e9 Vicente Asensi Seva es natural de Sella (Alicante), donde inicia su aprendizaje musical en la Sociedad Uni\u00f3n Musical La Aurora y que completa posteriormente en los conservatorios de Alicante y Valencia. Actualmente es profesor de Composici\u00f3n en el Conservatorio Superior de M\u00fasica \u00d3scar Espl\u00e1 de Alicante donde desempe\u00f1a, desde julio [&hellip;]\" \/>\n<meta property=\"og:url\" content=\"https:\/\/www.omnesbands.international\/ja\/josep-vicent-asensi-seva-2\/\" \/>\n<meta property=\"article:modified_time\" content=\"2023-01-29T14:12:27+00:00\" \/>\n<meta property=\"og:image\" content=\"https:\/\/www.omnesbands.international\/wp-content\/uploads\/2023\/01\/music-sheet-music-snowdrop-7107045.jpg\" \/>\n\t<meta property=\"og:image:width\" content=\"1280\" \/>\n\t<meta property=\"og:image:height\" content=\"742\" \/>\n\t<meta property=\"og:image:type\" content=\"image\/jpeg\" \/>\n<meta name=\"twitter:card\" content=\"summary_large_image\" \/>\n<meta name=\"twitter:label1\" content=\"\u63a8\u5b9a\u8aad\u307f\u53d6\u308a\u6642\u9593\" \/>\n\t<meta name=\"twitter:data1\" content=\"2\u5206\" \/>\n<script type=\"application\/ld+json\" class=\"yoast-schema-graph\">{\"@context\":\"https:\\\/\\\/schema.org\",\"@graph\":[{\"@type\":\"WebPage\",\"@id\":\"https:\\\/\\\/www.omnesbands.international\\\/josep-vicent-asensi-seva-2\\\/\",\"url\":\"https:\\\/\\\/www.omnesbands.international\\\/josep-vicent-asensi-seva-2\\\/\",\"name\":\"JOSEP VICENT ASENSI SEVA -\",\"isPartOf\":{\"@id\":\"https:\\\/\\\/www.omnesbands.international\\\/#website\"},\"datePublished\":\"2023-01-29T14:11:48+00:00\",\"dateModified\":\"2023-01-29T14:12:27+00:00\",\"breadcrumb\":{\"@id\":\"https:\\\/\\\/www.omnesbands.international\\\/josep-vicent-asensi-seva-2\\\/#breadcrumb\"},\"inLanguage\":\"ja\",\"potentialAction\":[{\"@type\":\"ReadAction\",\"target\":[\"https:\\\/\\\/www.omnesbands.international\\\/josep-vicent-asensi-seva-2\\\/\"]}]},{\"@type\":\"BreadcrumbList\",\"@id\":\"https:\\\/\\\/www.omnesbands.international\\\/josep-vicent-asensi-seva-2\\\/#breadcrumb\",\"itemListElement\":[{\"@type\":\"ListItem\",\"position\":1,\"name\":\"Portada\",\"item\":\"https:\\\/\\\/www.omnesbands.international\\\/\"},{\"@type\":\"ListItem\",\"position\":2,\"name\":\"JOSEP VICENT ASENSI SEVA\"}]},{\"@type\":\"WebSite\",\"@id\":\"https:\\\/\\\/www.omnesbands.international\\\/#website\",\"url\":\"https:\\\/\\\/www.omnesbands.international\\\/\",\"name\":\"OMNESBANDS International\",\"description\":\"Partituras Originales de autores y compositores independientes\",\"publisher\":{\"@id\":\"https:\\\/\\\/www.omnesbands.international\\\/#organization\"},\"potentialAction\":[{\"@type\":\"SearchAction\",\"target\":{\"@type\":\"EntryPoint\",\"urlTemplate\":\"https:\\\/\\\/www.omnesbands.international\\\/?s={search_term_string}\"},\"query-input\":{\"@type\":\"PropertyValueSpecification\",\"valueRequired\":true,\"valueName\":\"search_term_string\"}}],\"inLanguage\":\"ja\"},{\"@type\":\"Organization\",\"@id\":\"https:\\\/\\\/www.omnesbands.international\\\/#organization\",\"name\":\"Indra Consultores Internacionales\",\"alternateName\":\"Omnesbands\",\"url\":\"https:\\\/\\\/www.omnesbands.international\\\/\",\"logo\":{\"@type\":\"ImageObject\",\"inLanguage\":\"ja\",\"@id\":\"https:\\\/\\\/www.omnesbands.international\\\/#\\\/schema\\\/logo\\\/image\\\/\",\"url\":\"https:\\\/\\\/omnesbands.international\\\/wp-content\\\/uploads\\\/2023\\\/06\\\/Logo-Nuevo-.png\",\"contentUrl\":\"https:\\\/\\\/omnesbands.international\\\/wp-content\\\/uploads\\\/2023\\\/06\\\/Logo-Nuevo-.png\",\"width\":394,\"height\":212,\"caption\":\"Indra Consultores Internacionales\"},\"image\":{\"@id\":\"https:\\\/\\\/www.omnesbands.international\\\/#\\\/schema\\\/logo\\\/image\\\/\"}}]}<\/script>\n<!-- \/ Yoast SEO Premium plugin. -->","yoast_head_json":{"title":"JOSEP VICENT ASENSI SEVA -","robots":{"index":"index","follow":"follow","max-snippet":"max-snippet:-1","max-image-preview":"max-image-preview:large","max-video-preview":"max-video-preview:-1"},"canonical":"https:\/\/www.omnesbands.international\/ja\/josep-vicent-asensi-seva-2\/","og_locale":"ja_JP","og_type":"article","og_title":"JOSEP VICENT ASENSI SEVA","og_description":"JOSEP VICENT ASENSI SEVA Jos\u00e9 Vicente Asensi Seva es natural de Sella (Alicante), donde inicia su aprendizaje musical en la Sociedad Uni\u00f3n Musical La Aurora y que completa posteriormente en los conservatorios de Alicante y Valencia. Actualmente es profesor de Composici\u00f3n en el Conservatorio Superior de M\u00fasica \u00d3scar Espl\u00e1 de Alicante donde desempe\u00f1a, desde julio [&hellip;]","og_url":"https:\/\/www.omnesbands.international\/ja\/josep-vicent-asensi-seva-2\/","article_modified_time":"2023-01-29T14:12:27+00:00","og_image":[{"width":1280,"height":742,"url":"https:\/\/www.omnesbands.international\/wp-content\/uploads\/2023\/01\/music-sheet-music-snowdrop-7107045.jpg","type":"image\/jpeg"}],"twitter_card":"summary_large_image","twitter_misc":{"\u63a8\u5b9a\u8aad\u307f\u53d6\u308a\u6642\u9593":"2\u5206"},"schema":{"@context":"https:\/\/schema.org","@graph":[{"@type":"WebPage","@id":"https:\/\/www.omnesbands.international\/josep-vicent-asensi-seva-2\/","url":"https:\/\/www.omnesbands.international\/josep-vicent-asensi-seva-2\/","name":"JOSEP VICENT ASENSI SEVA -","isPartOf":{"@id":"https:\/\/www.omnesbands.international\/#website"},"datePublished":"2023-01-29T14:11:48+00:00","dateModified":"2023-01-29T14:12:27+00:00","breadcrumb":{"@id":"https:\/\/www.omnesbands.international\/josep-vicent-asensi-seva-2\/#breadcrumb"},"inLanguage":"ja","potentialAction":[{"@type":"ReadAction","target":["https:\/\/www.omnesbands.international\/josep-vicent-asensi-seva-2\/"]}]},{"@type":"BreadcrumbList","@id":"https:\/\/www.omnesbands.international\/josep-vicent-asensi-seva-2\/#breadcrumb","itemListElement":[{"@type":"ListItem","position":1,"name":"Portada","item":"https:\/\/www.omnesbands.international\/"},{"@type":"ListItem","position":2,"name":"JOSEP VICENT ASENSI SEVA"}]},{"@type":"WebSite","@id":"https:\/\/www.omnesbands.international\/#website","url":"https:\/\/www.omnesbands.international\/","name":"OMNESBANDS International","description":"\u72ec\u7acb\u3057\u305f\u4f5c\u5bb6\u3084\u4f5c\u66f2\u5bb6\u306b\u3088\u308b\u30aa\u30ea\u30b8\u30ca\u30eb\u306e\u697d\u8b5c","publisher":{"@id":"https:\/\/www.omnesbands.international\/#organization"},"potentialAction":[{"@type":"SearchAction","target":{"@type":"EntryPoint","urlTemplate":"https:\/\/www.omnesbands.international\/?s={search_term_string}"},"query-input":{"@type":"PropertyValueSpecification","valueRequired":true,"valueName":"search_term_string"}}],"inLanguage":"ja"},{"@type":"Organization","@id":"https:\/\/www.omnesbands.international\/#organization","name":"\u30a4\u30f3\u30c9\u30e9\u56fd\u969b\u30b3\u30f3\u30b5\u30eb\u30bf\u30f3\u30c8","alternateName":"Omnesbands","url":"https:\/\/www.omnesbands.international\/","logo":{"@type":"ImageObject","inLanguage":"ja","@id":"https:\/\/www.omnesbands.international\/#\/schema\/logo\/image\/","url":"https:\/\/omnesbands.international\/wp-content\/uploads\/2023\/06\/Logo-Nuevo-.png","contentUrl":"https:\/\/omnesbands.international\/wp-content\/uploads\/2023\/06\/Logo-Nuevo-.png","width":394,"height":212,"caption":"Indra Consultores Internacionales"},"image":{"@id":"https:\/\/www.omnesbands.international\/#\/schema\/logo\/image\/"}}]}},"uagb_featured_image_src":{"full":false,"thumbnail":false,"medium":false,"medium_large":false,"large":false,"1536x1536":false,"2048x2048":false,"trp-custom-language-flag":false,"gg_gallery_thumbnail":false,"woocommerce_thumbnail":false,"woocommerce_single":false,"woocommerce_gallery_thumbnail":false},"uagb_author_info":{"display_name":"Melvin R. Portillo A:","author_link":"https:\/\/www.omnesbands.international\/ja\/author\/portand\/"},"uagb_comment_info":0,"uagb_excerpt":"JOSEP VICENT ASENSI SEVA Jos\u00e9 Vicente Asensi Seva es natural de Sella (Alicante), donde inicia su aprendizaje musical en la Sociedad Uni\u00f3n Musical La Aurora y que completa posteriormente en los conservatorios de Alicante y Valencia. Actualmente es profesor de Composici\u00f3n en el Conservatorio Superior de M\u00fasica \u00d3scar Espl\u00e1 de Alicante donde desempe\u00f1a, desde julio&hellip;","_links":{"self":[{"href":"https:\/\/www.omnesbands.international\/ja\/wp-json\/wp\/v2\/pages\/1724","targetHints":{"allow":["GET"]}}],"collection":[{"href":"https:\/\/www.omnesbands.international\/ja\/wp-json\/wp\/v2\/pages"}],"about":[{"href":"https:\/\/www.omnesbands.international\/ja\/wp-json\/wp\/v2\/types\/page"}],"author":[{"embeddable":true,"href":"https:\/\/www.omnesbands.international\/ja\/wp-json\/wp\/v2\/users\/4"}],"replies":[{"embeddable":true,"href":"https:\/\/www.omnesbands.international\/ja\/wp-json\/wp\/v2\/comments?post=1724"}],"version-history":[{"count":2,"href":"https:\/\/www.omnesbands.international\/ja\/wp-json\/wp\/v2\/pages\/1724\/revisions"}],"predecessor-version":[{"id":1726,"href":"https:\/\/www.omnesbands.international\/ja\/wp-json\/wp\/v2\/pages\/1724\/revisions\/1726"}],"wp:attachment":[{"href":"https:\/\/www.omnesbands.international\/ja\/wp-json\/wp\/v2\/media?parent=1724"}],"curies":[{"name":"wp","href":"https:\/\/api.w.org\/{rel}","templated":true}]}}