{"id":1734,"date":"2023-01-29T08:33:10","date_gmt":"2023-01-29T14:33:10","guid":{"rendered":"https:\/\/omnesbands.international\/?page_id=1734"},"modified":"2023-01-29T08:35:14","modified_gmt":"2023-01-29T14:35:14","slug":"juan-manuel-molina-milla-2","status":"publish","type":"page","link":"https:\/\/www.omnesbands.international\/ja\/juan-manuel-molina-milla-2\/","title":{"rendered":"\u30d5\u30a2\u30f3\u30fb\u30de\u30cc\u30a8\u30eb\u30fb\u30e2\u30ea\u30ca\u30fb\u30df\u30ea\u30a2"},"content":{"rendered":"<div class=\"wp-block-uagb-container uagb-block-8d170ce7 alignfull uagb-is-root-container\"><div class=\"uagb-container-inner-blocks-wrap\">\n<div class=\"wp-block-uagb-advanced-heading uagb-block-4b96627a\"><h1 class=\"uagb-heading-text\"><strong>\u30d5\u30a2\u30f3\u30fb\u30de\u30cc\u30a8\u30eb\u30fb\u30e2\u30ea\u30ca\u30fb\u30df\u30ea\u30a2<\/strong><\/h1><\/div>\n<\/div><\/div>\n\n\n\n<div class=\"wp-block-uagb-container uagb-block-5ad1816b alignfull uagb-is-root-container\"><div class=\"uagb-container-inner-blocks-wrap\">\n<div class=\"wp-block-uagb-container uagb-block-c1f42671\">\n<p>\u30d5\u30a2\u30f3\u30fb\u30de\u30cc\u30a8\u30eb\u30fb\u30e2\u30ea\u30fc\u30ca\u30fb\u30df\u30e9\uff081940\u5e748\u6708\uff5e2018\u5e74\uff09\u306f\u3001\u30d0\u30f3\u30c9\u300c\u30e6\u30cb\u30aa\u30f3\u30fb\u30df\u30e5\u30fc\u30b8\u30ab\u30eb\u30fb\u30c7\u30fb\u30a2\u30b4\u30b9\u30c8\u300d\u306e\u30c7\u30a3\u30ec\u30af\u30bf\u30fc\u3067\u3042\u308b\u7236D\u30fb\u30d5\u30a2\u30f3\u30fb\u30e2\u30ea\u30fc\u30ca\u30fb\u30d1\u30e4\u306e\u624b\u3067\u97f3\u697d\u306e\u52c9\u5f37\u3092\u59cb\u3081\u307e\u3057\u305f\u3002\u5f7c\u306e\u7236\u89aa\u306f\u3001\u30de\u30c9\u30ea\u30fc\u30c9\u738b\u7acb\u97f3\u697d\u9662\u3067\u7121\u6599\u306e\u5165\u5b66\u65b9\u6cd5\u3067\u30bd\u30eb\u30d5\u30a7\u30fc\u30b8\u30e5\u8a66\u9a13\u3092\u53d7\u3051\u308b\u3053\u3068\u3092\u5f7c\u306b\u7d39\u4ecb\u3057\u3001\u540c\u3058\u547c\u3073\u51fa\u3057\u3067\u3059\u3079\u3066\u306e\u30bd\u30eb\u30d5\u30a7\u30fc\u30b8\u30e5\u30b3\u30fc\u30b9\u3092\u512a\u79c0\u306a\u6210\u7e3e\u3067\u53d7\u8b1b\u3057\u307e\u3057\u305f\u3002<\/p>\n<p>\u5f7c\u306f\u30de\u30c9\u30ea\u30c3\u30c9\u3067\u500b\u4eba\u7684\u306b\u30c8\u30e9\u30f3\u30da\u30c3\u30c8\u3092\u5b66\u3073\u3001\u3059\u3079\u3066\u306e\u30b3\u30fc\u30b9\u3067\u7121\u6599\u306e\u5165\u5b66\u65b9\u6cd5\u3067\u97f3\u697d\u9662\u306e\u8a66\u9a13\u3092\u53d7\u3051\u307e\u3057\u305f\u3002\u5b66\u4f4d\u306e\u6700\u7d42\u30b3\u30fc\u30b9\u306f\u30a2\u30ea\u30ab\u30f3\u30c6\u306e\u30aa\u30b9\u30ab\u30eb\u30fb\u30a8\u30b9\u30d7\u30e9\u97f3\u697d\u9662\u3067\u884c\u308f\u308c\u3001\u305d\u3053\u3067\u5f7c\u306f\u512a\u79c0\u306a\u6210\u7e3e\u3092\u53ce\u3081\u308b\u8cc7\u683c\u3092\u53d6\u5f97\u3057\u307e\u3059\u3002\u3053\u308c\u306f\u3001\u30aa\u30b9\u30ab\u30eb\u30fb\u30a8\u30b9\u30d7\u30e9\u535a\u58eb\u306e\u624b\u304b\u3089\u53d7\u3051\u53d6\u308a\u3001\u5f7c\u306e\u7f72\u540d\u304c\u5165\u3063\u305f\u5352\u696d\u8a3c\u66f8\u3067\u3059\u3002<\/p>\n<p>\u30c8\u30e9\u30f3\u30da\u30c3\u30c8\u594f\u8005\u3068\u3057\u3066\u3001\u5f7c\u306f\u3053\u306e\u8077\u696d\u306e\u4e2d\u3067\u91cd\u8981\u306a\u4f4d\u7f6e\u3092\u5360\u3081\u308b\u3088\u3046\u306b\u306a\u308a\u3001\u56fd\u4e2d\u304a\u3088\u3073\u591a\u304f\u306e\u5916\u56fd\u4eba\u3092\u5bfe\u8c61\u306b\u30c4\u30a2\u30fc\u3092\u884c\u3063\u305f\u3002\u30d8\u30f3\u30ea\u30fc\u30fb\u30de\u30f3\u30b7\u30fc\u30cb\u3001\u30ea\u30b6\u30fb\u30df\u30cd\u30ea\u30fc\u3001\u30a2\u30a6\u30b0\u30b9\u30c8\u30fb\u30a2\u30eb\u30b2\u30ed\u3001\u30da\u30c9\u30ed\u30fb\u30a4\u30c8\u30a5\u30e9\u30eb\u30c7\u3001\u30db\u30bb\u30fb\u30c8\u30ec\u30b0\u30ed\u30b5\u306a\u3069\u3001\u56fd\u5185\u5916\u306e\u95a2\u9023\u30a2\u30fc\u30c6\u30a3\u30b9\u30c8\u3068\u30b9\u30c6\u30fc\u30b8\u3092\u5171\u6709\u3057\u307e\u3059\u3002<\/p>\n<p>\u5f7c\u306f\u30c6\u30ec\u30d3\u306e\u53ce\u9332\u3001\u30b7\u30e7\u30fc\u3001\u30d5\u30a7\u30b9\u30c6\u30a3\u30d0\u30eb\u306a\u3069\u306e\u91cd\u8981\u306a\u4ed5\u4e8b\u306b\u51fa\u5e2d\u3057\u3066\u3044\u307e\u3059\u3002<\/p>\n<p>\u5f7c\u306f\u548c\u58f0\u3001\u5bfe\u4f4d\u6cd5\u3068\u30d5\u30fc\u30ac\u3001\u4f5c\u66f2\u3068\u697d\u5668\u6f14\u594f\u3092\u7814\u7a76\u3057\u3066\u3044\u307e\u3059\u3002\u4f5c\u66f2\u5bb6\u3068\u3057\u3066\u306e\u5f7c\u306e\u4f5c\u54c1\u306f\u5e45\u5e83\u304f\u3001\u591a\u5c90\u306b\u308f\u305f\u308a\u307e\u3059\u3002\u5f7c\u306f\u8cdb\u7f8e\u6b4c\u3001\u884c\u9032\u884c\u9032\u66f2\u3001\u30d1\u30bd\u30c9\u30d6\u30ec\u3001\u58f0\u697d\u3001\u5408\u5531\u56e3\u306a\u3069\u3092\u4f5c\u66f2\u3057\u3066\u3044\u307e\u3059\u3002\u5168\u56fd\u5927\u4f1a\u3067\u5165\u8cde\u3092\u679c\u305f\u3057\u3066\u3044\u308b\u3002<\/p>\n<p>\u30a2\u30b4\u30b9\u30c8\u97f3\u697d\u7d44\u5408\u30d5\u30a3\u30eb\u30cf\u30fc\u30e2\u30cb\u30fc\u5354\u4f1a\u306e\u7406\u4e8b\u3068\u3057\u3066\u306e\u5f7c\u306e\u5074\u9762\u306b\u95a2\u3057\u3066\u306f\u30011977 \u5e74\u306e 5 \u6708\u306b\u3001\u5354\u4f1a\u306f\u7406\u4e8b\u9577\u3067\u3042\u308a\u300147 \u5e74\u9593\u306b\u308f\u305f\u308a\u79c1\u305f\u3061\u306e\u753a\u306e\u97f3\u697d\u306e\u5049\u5927\u306a\u63a8\u9032\u8005\u3067\u3042\u3063\u305f D. \u30d5\u30a2\u30f3 \u30e2\u30ea\u30fc\u30ca \u30d1\u30e4\u306b\u656c\u610f\u3092\u8868\u3057\u307e\u3059\u3002\u305d\u306e\u5f8c\u3001\u606f\u5b50\u306eD\u30fb\u30d5\u30a2\u30f3\u30fb\u30de\u30cc\u30a8\u30eb\u30fb\u30e2\u30ea\u30fc\u30ca\u30fb\u30df\u30e9\u304c\u5f8c\u4efb\u3068\u306a\u3063\u305f\u3002 1978 \u5e74\u306b\u5f7c\u306f Excma \u306e\u30b3\u30f3\u30c6\u30b9\u30c8\u306b\u53c2\u52a0\u3057\u307e\u3057\u305f\u3002\u5dde\u8b70\u4f1a\u3067\u306f\u30011979\u5e74\u306b\u7b2c1\u6bb5\u968e\u306e\u7b2c2\u30ab\u30c6\u30b4\u30ea\u30fc\u3067\u512a\u52dd\u3057\u3001\u540c\u3058\u30b3\u30f3\u30c6\u30b9\u30c8\u3067\u3082\u518d\u3073\u512a\u52dd\u3057\u3001\u6c7a\u52dd\u6226\u306f\u30e9\u30d5\u30a1\u30eb\uff08\u30a2\u30ea\u30ab\u30f3\u30c6\uff09\u3067\u958b\u50ac\u3055\u308c\u307e\u3057\u305f\u3002 1982\u5e74\u306b\u306f\u540c\u30b3\u30f3\u30c6\u30b9\u30c8\u306b\u7b2c1\u90e8\u9580\u3067\u51fa\u5834\u3002 1985\u5e741\u6708\u307e\u3067\u30a2\u30c9\u30eb\u30d5\u30a9\u30fb\u30d4\u30cb\u30a7\u30ed\u6c0f\u304c\u76e3\u7763\u3068\u3057\u3066\u3053\u306e\u4ed5\u4e8b\u3092\u7d9a\u3051\u305f\u3002 1991 \u5e74 11 \u6708\u304b\u3089 1992 \u5e74\u307e\u3067\u7b2c 2 \u6bb5\u968e\u3067\u3053\u306e\u4ed5\u4e8b\u306b\u53d6\u308a\u7d44\u307f\u3001D. \u30d5\u30a2\u30f3 \u30db\u30bb \u30af\u30a8\u30f3\u30ab \u30a2\u30f3\u30c8\u30f3\u304c\u5f8c\u3092\u7d99\u304e\u307e\u3057\u305f\u3002<\/p>\n<p>\u5f7c\u306e\u6700\u3082\u91cd\u8981\u306a\u4f5c\u54c1\u306f\u3001\u6545\u90f7\u306e\u753a\u306b\u6367\u3052\u305f\u300eCantos de Agost\u300f\u3068\u3044\u3046\u30bf\u30a4\u30c8\u30eb\u306e\u4e09\u90e8\u4f5c\u3067\u3059\u3002\u30a2\u30b4\u30b9\u30c8\u306e\u753a\u306e\u6c11\u9593\u4f1d\u627f\u306e\u307b\u307c\u5168\u4f53\u3092\u30ab\u30d0\u30fc\u3059\u308b 3 \u3064\u306e\u4f5c\u54c1\u304c\u3042\u308a\u307e\u3059\u3002\u30e9\u30fb\u30bb\u30ec\u30ca\u30fc\u30bf\uff08\u8056\u6bcd\u3078\u306e\u6b4c\uff09\u3001\u30ab\u30f3\u30c4\u30fb\u30c7\u30eb\u30fb\u30ec\u30b3\u30fc\u30c9\uff08\u52b4\u50cd\u306e\u6b4c\uff09\u3001\u30a8\u30eb\u30fb\u30ec\u30a4\u30fb\u30e2\u30ed\uff08\u5a2f\u697d\u3084\u30ec\u30b8\u30e3\u30fc\u306e\u305f\u3081\u306e\u4eba\u6c17\u306e\u30c0\u30f3\u30b9\uff09\u3002\u3053\u306e\u4f5c\u54c1\u306f\u3001\u548c\u58f0\u7684\u610f\u5473\u3068\u5bfe\u4f4d\u6cd5\u7684\u610f\u5473\u306e\u4e21\u65b9\u3067\u3088\u304f\u7df4\u3089\u308c\u3066\u3044\u307e\u3059\u3002\u4e3b\u984c\u304c\u660e\u78ba\u306b\u9732\u51fa\u3057\u3001\u6df1\u3044\u4ea4\u97ff\u7684\u306a\u611f\u899a\u3067\u5c55\u958b\u3055\u308c\u307e\u3059\u3002\u3053\u306e\u4f5c\u54c1\u306f\u4ea4\u97ff\u697d\u56e3\u306e\u305f\u3081\u306b\u4f5c\u66f2\u3055\u308c\u3066\u3044\u307e\u3059\u3002<\/p>\n<\/div>\n<\/div><\/div>\n\n\n<div class=\"woocommerce columns-4\"><ul class=\"products columns-4\">\n<li class=\"desktop-align-left tablet-align-left mobile-align-left ast-product-gallery-layout-horizontal-slider product type-product post-1329 status-publish first instock product_cat-pasodobles product_tag-juan-manuel-molina-milla has-post-thumbnail downloadable virtual taxable purchasable product-type-simple\">\n\t<a href=\"https:\/\/www.omnesbands.international\/ja\/product\/juan-felipe\/\" class=\"woocommerce-LoopProduct-link woocommerce-loop-product__link\"><img loading=\"lazy\" decoding=\"async\" width=\"300\" height=\"300\" src=\"https:\/\/www.omnesbands.international\/wp-content\/uploads\/2023\/01\/Juan-Felipe-1-300x300.jpg\" class=\"attachment-woocommerce_thumbnail size-woocommerce_thumbnail\" alt=\"Juan Felipe\" srcset=\"https:\/\/www.omnesbands.international\/wp-content\/uploads\/2023\/01\/Juan-Felipe-1-300x300.jpg 300w, https:\/\/www.omnesbands.international\/wp-content\/uploads\/2023\/01\/Juan-Felipe-1-150x150.jpg 150w, https:\/\/www.omnesbands.international\/wp-content\/uploads\/2023\/01\/Juan-Felipe-1-100x100.jpg 100w\" sizes=\"auto, (max-width: 300px) 100vw, 300px\" \/><h2 class=\"woocommerce-loop-product__title\">\u30d5\u30a2\u30f3\u30fb\u30d5\u30a7\u30ea\u30da<\/h2>\n\t<span class=\"price\"><span class=\"woocommerce-Price-amount amount\"><bdi><span class=\"woocommerce-Price-currencySymbol\">&#36;<\/span>25.00<\/bdi><\/span><\/span>\n<\/a><a href=\"\/ja\/wp-json\/wp\/v2\/pages\/1734?add-to-cart=1329\" aria-describedby=\"woocommerce_loop_add_to_cart_link_describedby_1329\" data-quantity=\"1\" class=\"button product_type_simple add_to_cart_button ajax_add_to_cart\" data-product_id=\"1329\" data-product_sku=\"JUA-PAS-ESP-22\" aria-label=\"\u30ab\u30fc\u30c8\u306b\u8ffd\u52a0: \u300cJuan Felipe\u300d\" rel=\"nofollow\" data-success_message=\"\u300cJuan Felipe\u300d\u3092\u304a\u8cb7\u3044\u7269\u30ab\u30b4\u306b\u8ffd\u52a0\u3057\u307e\u3057\u305f\" role=\"button\" data-no-translation=\"\" data-trp-gettext=\"\" data-no-translation-aria-label=\"\" data-no-translation-data-success_message=\"\">\u304a\u8cb7\u3044\u7269\u30ab\u30b4\u306b\u8ffd\u52a0<\/a>\t<span id=\"woocommerce_loop_add_to_cart_link_describedby_1329\" class=\"screen-reader-text\">\n\t\t\t<\/span>\n<\/li>\n<\/ul>\n<\/div>","protected":false},"excerpt":{"rendered":"<p>JUAN MANUEL MOLINA MILL\u00c0 Juan Manuel Molina Mill\u00e1 (Agost, 1940-2018) comenz\u00f3 sus estudios musicales de la mano de su padre D. Juan Molina Pay\u00e1, maestro director de la banda Uni\u00f3n Musical de Agost. Su padre le present\u00f3 al examen de solfeo, en la modalidad de matr\u00edcula libre, en el Real Conservatorio de Madrid, sacando en [&hellip;]<\/p>\n","protected":false},"author":4,"featured_media":0,"parent":0,"menu_order":0,"comment_status":"closed","ping_status":"closed","template":"","meta":{"_acf_changed":false,"_uag_custom_page_level_css":"","site-sidebar-layout":"default","site-content-layout":"","ast-site-content-layout":"default","site-content-style":"default","site-sidebar-style":"default","ast-global-header-display":"","ast-banner-title-visibility":"","ast-main-header-display":"","ast-hfb-above-header-display":"","ast-hfb-below-header-display":"","ast-hfb-mobile-header-display":"","site-post-title":"disabled","ast-breadcrumbs-content":"","ast-featured-img":"","footer-sml-layout":"","ast-disable-related-posts":"","theme-transparent-header-meta":"","adv-header-id-meta":"","stick-header-meta":"","header-above-stick-meta":"","header-main-stick-meta":"","header-below-stick-meta":"","astra-migrate-meta-layouts":"default","ast-page-background-enabled":"default","ast-page-background-meta":{"desktop":{"background-color":"","background-image":"","background-repeat":"repeat","background-position":"center center","background-size":"auto","background-attachment":"scroll","background-type":"","background-media":"","overlay-type":"","overlay-color":"","overlay-opacity":"","overlay-gradient":""},"tablet":{"background-color":"","background-image":"","background-repeat":"repeat","background-position":"center center","background-size":"auto","background-attachment":"scroll","background-type":"","background-media":"","overlay-type":"","overlay-color":"","overlay-opacity":"","overlay-gradient":""},"mobile":{"background-color":"","background-image":"","background-repeat":"repeat","background-position":"center center","background-size":"auto","background-attachment":"scroll","background-type":"","background-media":"","overlay-type":"","overlay-color":"","overlay-opacity":"","overlay-gradient":""}},"ast-content-background-meta":{"desktop":{"background-color":"var(--ast-global-color-5)","background-image":"","background-repeat":"repeat","background-position":"center center","background-size":"auto","background-attachment":"scroll","background-type":"","background-media":"","overlay-type":"","overlay-color":"","overlay-opacity":"","overlay-gradient":""},"tablet":{"background-color":"var(--ast-global-color-5)","background-image":"","background-repeat":"repeat","background-position":"center center","background-size":"auto","background-attachment":"scroll","background-type":"","background-media":"","overlay-type":"","overlay-color":"","overlay-opacity":"","overlay-gradient":""},"mobile":{"background-color":"var(--ast-global-color-5)","background-image":"","background-repeat":"repeat","background-position":"center center","background-size":"auto","background-attachment":"scroll","background-type":"","background-media":"","overlay-type":"","overlay-color":"","overlay-opacity":"","overlay-gradient":""}},"footnotes":""},"class_list":["post-1734","page","type-page","status-publish","hentry"],"acf":[],"yoast_head":"<!-- This site is optimized with the Yoast SEO Premium plugin v22.4 (Yoast SEO v27.4) - https:\/\/yoast.com\/product\/yoast-seo-premium-wordpress\/ -->\n<title>JUAN MANUEL MOLINA MILL\u00c0 -<\/title>\n<meta name=\"robots\" content=\"index, follow, max-snippet:-1, max-image-preview:large, max-video-preview:-1\" \/>\n<link rel=\"canonical\" href=\"https:\/\/www.omnesbands.international\/ja\/juan-manuel-molina-milla-2\/\" \/>\n<meta property=\"og:locale\" content=\"ja_JP\" \/>\n<meta property=\"og:type\" content=\"article\" \/>\n<meta property=\"og:title\" content=\"JUAN MANUEL MOLINA MILL\u00c0\" \/>\n<meta property=\"og:description\" content=\"JUAN MANUEL MOLINA MILL\u00c0 Juan Manuel Molina Mill\u00e1 (Agost, 1940-2018) comenz\u00f3 sus estudios musicales de la mano de su padre D. Juan Molina Pay\u00e1, maestro director de la banda Uni\u00f3n Musical de Agost. Su padre le present\u00f3 al examen de solfeo, en la modalidad de matr\u00edcula libre, en el Real Conservatorio de Madrid, sacando en [&hellip;]\" \/>\n<meta property=\"og:url\" content=\"https:\/\/www.omnesbands.international\/ja\/juan-manuel-molina-milla-2\/\" \/>\n<meta property=\"article:modified_time\" content=\"2023-01-29T14:35:14+00:00\" \/>\n<meta property=\"og:image\" content=\"https:\/\/www.omnesbands.international\/wp-content\/uploads\/2023\/01\/music-sheet-music-snowdrop-7107045.jpg\" \/>\n\t<meta property=\"og:image:width\" content=\"1280\" \/>\n\t<meta property=\"og:image:height\" content=\"742\" \/>\n\t<meta property=\"og:image:type\" content=\"image\/jpeg\" \/>\n<meta name=\"twitter:card\" content=\"summary_large_image\" \/>\n<meta name=\"twitter:label1\" content=\"\u63a8\u5b9a\u8aad\u307f\u53d6\u308a\u6642\u9593\" \/>\n\t<meta name=\"twitter:data1\" content=\"2\u5206\" \/>\n<script type=\"application\/ld+json\" class=\"yoast-schema-graph\">{\"@context\":\"https:\\\/\\\/schema.org\",\"@graph\":[{\"@type\":\"WebPage\",\"@id\":\"https:\\\/\\\/www.omnesbands.international\\\/juan-manuel-molina-milla-2\\\/\",\"url\":\"https:\\\/\\\/www.omnesbands.international\\\/juan-manuel-molina-milla-2\\\/\",\"name\":\"JUAN MANUEL MOLINA MILL\u00c0 -\",\"isPartOf\":{\"@id\":\"https:\\\/\\\/www.omnesbands.international\\\/#website\"},\"datePublished\":\"2023-01-29T14:33:10+00:00\",\"dateModified\":\"2023-01-29T14:35:14+00:00\",\"breadcrumb\":{\"@id\":\"https:\\\/\\\/www.omnesbands.international\\\/juan-manuel-molina-milla-2\\\/#breadcrumb\"},\"inLanguage\":\"ja\",\"potentialAction\":[{\"@type\":\"ReadAction\",\"target\":[\"https:\\\/\\\/www.omnesbands.international\\\/juan-manuel-molina-milla-2\\\/\"]}]},{\"@type\":\"BreadcrumbList\",\"@id\":\"https:\\\/\\\/www.omnesbands.international\\\/juan-manuel-molina-milla-2\\\/#breadcrumb\",\"itemListElement\":[{\"@type\":\"ListItem\",\"position\":1,\"name\":\"Portada\",\"item\":\"https:\\\/\\\/www.omnesbands.international\\\/\"},{\"@type\":\"ListItem\",\"position\":2,\"name\":\"JUAN MANUEL MOLINA MILL\u00c0\"}]},{\"@type\":\"WebSite\",\"@id\":\"https:\\\/\\\/www.omnesbands.international\\\/#website\",\"url\":\"https:\\\/\\\/www.omnesbands.international\\\/\",\"name\":\"OMNESBANDS International\",\"description\":\"Partituras Originales de autores y compositores independientes\",\"publisher\":{\"@id\":\"https:\\\/\\\/www.omnesbands.international\\\/#organization\"},\"potentialAction\":[{\"@type\":\"SearchAction\",\"target\":{\"@type\":\"EntryPoint\",\"urlTemplate\":\"https:\\\/\\\/www.omnesbands.international\\\/?s={search_term_string}\"},\"query-input\":{\"@type\":\"PropertyValueSpecification\",\"valueRequired\":true,\"valueName\":\"search_term_string\"}}],\"inLanguage\":\"ja\"},{\"@type\":\"Organization\",\"@id\":\"https:\\\/\\\/www.omnesbands.international\\\/#organization\",\"name\":\"Indra Consultores Internacionales\",\"alternateName\":\"Omnesbands\",\"url\":\"https:\\\/\\\/www.omnesbands.international\\\/\",\"logo\":{\"@type\":\"ImageObject\",\"inLanguage\":\"ja\",\"@id\":\"https:\\\/\\\/www.omnesbands.international\\\/#\\\/schema\\\/logo\\\/image\\\/\",\"url\":\"https:\\\/\\\/omnesbands.international\\\/wp-content\\\/uploads\\\/2023\\\/06\\\/Logo-Nuevo-.png\",\"contentUrl\":\"https:\\\/\\\/omnesbands.international\\\/wp-content\\\/uploads\\\/2023\\\/06\\\/Logo-Nuevo-.png\",\"width\":394,\"height\":212,\"caption\":\"Indra Consultores Internacionales\"},\"image\":{\"@id\":\"https:\\\/\\\/www.omnesbands.international\\\/#\\\/schema\\\/logo\\\/image\\\/\"}}]}<\/script>\n<!-- \/ Yoast SEO Premium plugin. -->","yoast_head_json":{"title":"JUAN MANUEL MOLINA MILL\u00c0 -","robots":{"index":"index","follow":"follow","max-snippet":"max-snippet:-1","max-image-preview":"max-image-preview:large","max-video-preview":"max-video-preview:-1"},"canonical":"https:\/\/www.omnesbands.international\/ja\/juan-manuel-molina-milla-2\/","og_locale":"ja_JP","og_type":"article","og_title":"JUAN MANUEL MOLINA MILL\u00c0","og_description":"JUAN MANUEL MOLINA MILL\u00c0 Juan Manuel Molina Mill\u00e1 (Agost, 1940-2018) comenz\u00f3 sus estudios musicales de la mano de su padre D. Juan Molina Pay\u00e1, maestro director de la banda Uni\u00f3n Musical de Agost. Su padre le present\u00f3 al examen de solfeo, en la modalidad de matr\u00edcula libre, en el Real Conservatorio de Madrid, sacando en [&hellip;]","og_url":"https:\/\/www.omnesbands.international\/ja\/juan-manuel-molina-milla-2\/","article_modified_time":"2023-01-29T14:35:14+00:00","og_image":[{"width":1280,"height":742,"url":"https:\/\/www.omnesbands.international\/wp-content\/uploads\/2023\/01\/music-sheet-music-snowdrop-7107045.jpg","type":"image\/jpeg"}],"twitter_card":"summary_large_image","twitter_misc":{"\u63a8\u5b9a\u8aad\u307f\u53d6\u308a\u6642\u9593":"2\u5206"},"schema":{"@context":"https:\/\/schema.org","@graph":[{"@type":"WebPage","@id":"https:\/\/www.omnesbands.international\/juan-manuel-molina-milla-2\/","url":"https:\/\/www.omnesbands.international\/juan-manuel-molina-milla-2\/","name":"JUAN MANUEL MOLINA MILL\u00c0 -","isPartOf":{"@id":"https:\/\/www.omnesbands.international\/#website"},"datePublished":"2023-01-29T14:33:10+00:00","dateModified":"2023-01-29T14:35:14+00:00","breadcrumb":{"@id":"https:\/\/www.omnesbands.international\/juan-manuel-molina-milla-2\/#breadcrumb"},"inLanguage":"ja","potentialAction":[{"@type":"ReadAction","target":["https:\/\/www.omnesbands.international\/juan-manuel-molina-milla-2\/"]}]},{"@type":"BreadcrumbList","@id":"https:\/\/www.omnesbands.international\/juan-manuel-molina-milla-2\/#breadcrumb","itemListElement":[{"@type":"ListItem","position":1,"name":"Portada","item":"https:\/\/www.omnesbands.international\/"},{"@type":"ListItem","position":2,"name":"JUAN MANUEL MOLINA MILL\u00c0"}]},{"@type":"WebSite","@id":"https:\/\/www.omnesbands.international\/#website","url":"https:\/\/www.omnesbands.international\/","name":"OMNESBANDS International","description":"\u72ec\u7acb\u3057\u305f\u4f5c\u5bb6\u3084\u4f5c\u66f2\u5bb6\u306b\u3088\u308b\u30aa\u30ea\u30b8\u30ca\u30eb\u306e\u697d\u8b5c","publisher":{"@id":"https:\/\/www.omnesbands.international\/#organization"},"potentialAction":[{"@type":"SearchAction","target":{"@type":"EntryPoint","urlTemplate":"https:\/\/www.omnesbands.international\/?s={search_term_string}"},"query-input":{"@type":"PropertyValueSpecification","valueRequired":true,"valueName":"search_term_string"}}],"inLanguage":"ja"},{"@type":"Organization","@id":"https:\/\/www.omnesbands.international\/#organization","name":"\u30a4\u30f3\u30c9\u30e9\u56fd\u969b\u30b3\u30f3\u30b5\u30eb\u30bf\u30f3\u30c8","alternateName":"Omnesbands","url":"https:\/\/www.omnesbands.international\/","logo":{"@type":"ImageObject","inLanguage":"ja","@id":"https:\/\/www.omnesbands.international\/#\/schema\/logo\/image\/","url":"https:\/\/omnesbands.international\/wp-content\/uploads\/2023\/06\/Logo-Nuevo-.png","contentUrl":"https:\/\/omnesbands.international\/wp-content\/uploads\/2023\/06\/Logo-Nuevo-.png","width":394,"height":212,"caption":"Indra Consultores Internacionales"},"image":{"@id":"https:\/\/www.omnesbands.international\/#\/schema\/logo\/image\/"}}]}},"uagb_featured_image_src":{"full":false,"thumbnail":false,"medium":false,"medium_large":false,"large":false,"1536x1536":false,"2048x2048":false,"trp-custom-language-flag":false,"gg_gallery_thumbnail":false,"woocommerce_thumbnail":false,"woocommerce_single":false,"woocommerce_gallery_thumbnail":false},"uagb_author_info":{"display_name":"Melvin R. Portillo A:","author_link":"https:\/\/www.omnesbands.international\/ja\/author\/portand\/"},"uagb_comment_info":0,"uagb_excerpt":"JUAN MANUEL MOLINA MILL\u00c0 Juan Manuel Molina Mill\u00e1 (Agost, 1940-2018) comenz\u00f3 sus estudios musicales de la mano de su padre D. Juan Molina Pay\u00e1, maestro director de la banda Uni\u00f3n Musical de Agost. Su padre le present\u00f3 al examen de solfeo, en la modalidad de matr\u00edcula libre, en el Real Conservatorio de Madrid, sacando en&hellip;","_links":{"self":[{"href":"https:\/\/www.omnesbands.international\/ja\/wp-json\/wp\/v2\/pages\/1734","targetHints":{"allow":["GET"]}}],"collection":[{"href":"https:\/\/www.omnesbands.international\/ja\/wp-json\/wp\/v2\/pages"}],"about":[{"href":"https:\/\/www.omnesbands.international\/ja\/wp-json\/wp\/v2\/types\/page"}],"author":[{"embeddable":true,"href":"https:\/\/www.omnesbands.international\/ja\/wp-json\/wp\/v2\/users\/4"}],"replies":[{"embeddable":true,"href":"https:\/\/www.omnesbands.international\/ja\/wp-json\/wp\/v2\/comments?post=1734"}],"version-history":[{"count":3,"href":"https:\/\/www.omnesbands.international\/ja\/wp-json\/wp\/v2\/pages\/1734\/revisions"}],"predecessor-version":[{"id":1737,"href":"https:\/\/www.omnesbands.international\/ja\/wp-json\/wp\/v2\/pages\/1734\/revisions\/1737"}],"wp:attachment":[{"href":"https:\/\/www.omnesbands.international\/ja\/wp-json\/wp\/v2\/media?parent=1734"}],"curies":[{"name":"wp","href":"https:\/\/api.w.org\/{rel}","templated":true}]}}