{"id":1745,"date":"2023-01-29T09:11:01","date_gmt":"2023-01-29T15:11:01","guid":{"rendered":"https:\/\/omnesbands.international\/?page_id=1745"},"modified":"2023-01-29T09:11:03","modified_gmt":"2023-01-29T15:11:03","slug":"juan-pellicer-prats-2","status":"publish","type":"page","link":"https:\/\/www.omnesbands.international\/ja\/juan-pellicer-prats-2\/","title":{"rendered":"\u30d5\u30a2\u30f3\u30fb\u30da\u30ea\u30bb\u30a2\u30fb\u30d7\u30e9\u30c3\u30c4"},"content":{"rendered":"<div class=\"wp-block-uagb-container uagb-block-71183d76 alignfull uagb-is-root-container\"><div class=\"uagb-container-inner-blocks-wrap\">\n<div class=\"wp-block-uagb-advanced-heading uagb-block-3f4db4a1\"><h1 class=\"uagb-heading-text\"><strong>\u30d5\u30a2\u30f3\u30fb\u30da\u30ea\u30bb\u30a2\u30fb\u30d7\u30e9\u30c3\u30c4<\/strong><\/h1><\/div>\n<\/div><\/div>\n\n\n\n<div class=\"wp-block-uagb-container uagb-block-2d0a365b alignfull uagb-is-root-container\"><div class=\"uagb-container-inner-blocks-wrap\">\n<div class=\"wp-block-uagb-container uagb-block-e64c37be\">\n<p>\u30d9\u30cb\u30b3\u30ec\u751f\u307e\u308c\u3002\u5f7c\u306f\u30d4\u30ec\u30b9\u5730\u57df\u5b66\u6821\u3067\u97f3\u697d\u306e\u52c9\u5f37\u3092\u59cb\u3081\u307e\u3057\u305f\u3002\u5f7c\u306f\u30cf\u30c6\u30a3\u30d0\u306e\u300c\u30eb\u30a4\u30b9\u30fb\u30df\u30bf\u300d\u97f3\u697d\u9662\u3067\u4e2d\u7d1a\u3092\u5b66\u3073\u3001\u30ab\u30b9\u30c6\u30ea\u30e7\u30f3\u306e\u300c\u30b5\u30eb\u30d0\u30c9\u30fc\u30eb\u30fb\u30bb\u30ae\u300d\u9ad8\u7b49\u97f3\u697d\u9662\u3067\u30af\u30e9\u30ea\u30cd\u30c3\u30c8\u5c02\u9580\u306e\u4e0a\u7d1a\u3092\u5b66\u3073\u307e\u3057\u305f\u3002\u30e9\u30a4\u30f3\u30cf\u30eb\u30c8\u30fb\u30f4\u30a3\u30fc\u30b6\u30fc\u304b\u3089\u30de\u30b9\u30bf\u30fc\u30af\u30e9\u30b9\u3092\u53d7\u3051\u3066\u3044\u307e\u3059\u3002\u30f4\u30a3\u30f3\u30bb\u30f3\u30c8\u30fb\u30a2\u30eb\u30d9\u30ed\u30fc\u30e9\u3002\u30e9\u30a4\u30b9\u30bf\u30fc\u7236\u3055\u3093\u3002\u30b7\u30e3\u30ed\u30f3\u30fb\u30ab\u30e0\u3002\u30b8\u30e3\u30f3\uff1d\u30eb\u30a4\u30fb\u30b5\u30b8\u30e7\u3002\u30b8\u30e5\u30ea\u30a2\u30f3\u30fb\u30d5\u30a1\u30ec\u30eb\u3002\u30e9\u30d5\u30a1\u30a8\u30eb\u30fb\u30a2\u30eb\u30d0\u30fc\u30c8\u3002\u30ab\u30eb\u30ed\u30b9\u30fb\u30e9\u30af\u30eb\u30b9_ \u5f7c\u306f\u30db\u30bb\u30fb\u30e9\u30d5\u30a1\u30a8\u30eb\u30fb\u30d1\u30b9\u30af\u30a2\u30eb\u30fb\u30f4\u30a3\u30e9\u30d7\u30e9\u30ca\u306b\u30d0\u30f3\u30c9\u6307\u63ee\u3092\u5b66\u3093\u3067\u3044\u307e\u3059\u3002 Ram\u00f3n Garcia i Soler \u306b\u3088\u308b\u8a08\u6e2c\u3068 Tom\u00e1s Gilabert \u306b\u3088\u308b\u5206\u6790 <\/p>\n<p>\u540c\u6642\u306b\u72ec\u5b66\u3067\u4f5c\u66f2\u306e\u52c9\u5f37\u3092\u59cb\u3081\u305f\u3002\u795d\u796d\u97f3\u697d\u3068\u6559\u80b2\u97f3\u697d\u306b\u5c02\u5ff5\u3002 2011\u5e74\u3001\u5f7c\u306f\u30e0\u30fc\u30a2\u884c\u9032\u66f2\u300cMaktub en el zo\u300d\u3067\u7b2c7\u56deFasces Cerda de l&#039;011eria\u795d\u796d\u97f3\u697d\u30b3\u30f3\u30c6\u30b9\u30c8\u3067\u512a\u52dd\u3057\u3001I X\u00e1tiva pasdobles falleros\u30b3\u30f3\u30c6\u30b9\u30c8\u306e\u30d5\u30a1\u30a4\u30ca\u30ea\u30b9\u30c8\u3068\u306a\u3063\u305f\u3002 en zoig \u3067\u306f\u30d0\u30eb\u30bb\u30ed\u30ca\u795d\u796d\u97f3\u697d\u30b3\u30f3\u30c6\u30b9\u30c8\u306e\u30d5\u30a1\u30a4\u30ca\u30ea\u30b9\u30c8\u30012020 \u5e74\u306b\u306f\u7b2c 3 \u56de\u30e0\u30c1\u30e3\u30e1\u30eb\u795d\u796d\u97f3\u697d\u30b3\u30f3\u30c6\u30b9\u30c8\u306e\u30d5\u30a1\u30a4\u30ca\u30ea\u30b9\u30c8\u306b\u9078\u3070\u308c\u307e\u3057\u305f\u3002\u5f7c\u306f\u73fe\u5728\u3001\u30b5\u30d0\u30c7\u30eb\u306e\u30a2\u30b0\u30b9\u30c6\u30a3\u30fb\u30bb\u30e9\u7814\u7a76\u6240\u306e\u6559\u6388\u3092\u52d9\u3081\u3066\u3044\u307e\u3059\u3002\u30af\u30e9\u30ea\u30cd\u30c3\u30c8\u3068\u8a9e\u5b66\u306e\u5148\u751f\u3002\u30e4\u30ed\u30cd\u30f3\u30bb\u97f3\u697d\u5354\u4f1a\u30d0\u30f3\u30c9\u306e\u30c7\u30a3\u30ec\u30af\u30bf\u30fc\u3001\u30e9\u30fb\u30ea\u30e9\u30fb\u30c7\u30fb\u30ab\u30c8\u30ec\u30c8\u30f3\u30c0\u97f3\u697d\u5354\u4f1a\u306e\u526f\u7406\u4e8b\u9577\u517c\u69cb\u6210\u54e1\u3002<\/p>\n<\/div>\n<\/div><\/div>\n\n\n<div class=\"woocommerce columns-4\"><\/div>","protected":false},"excerpt":{"rendered":"<p>JUAN PELLICER PRATS Nace en Benicolet. Inicia sus estudios musicales en la escuela Comarcal de Piles. Estudia el grado medio en el conservatorio &#8216;Lluis Mita&#8221; de X\u00e1tiva y el superior en la especialidad de clarinete en el Conservatorio Superior &#8220;Salvador Segu\u00ed&#8217; de Castell\u00f3n. Ha recibido clases magistrales de Reinhard Wieser. Vicent Alberola. dad Leister. Sharon [&hellip;]<\/p>\n","protected":false},"author":4,"featured_media":0,"parent":0,"menu_order":0,"comment_status":"closed","ping_status":"closed","template":"","meta":{"_acf_changed":false,"_uag_custom_page_level_css":"","site-sidebar-layout":"default","site-content-layout":"","ast-site-content-layout":"default","site-content-style":"default","site-sidebar-style":"default","ast-global-header-display":"","ast-banner-title-visibility":"","ast-main-header-display":"","ast-hfb-above-header-display":"","ast-hfb-below-header-display":"","ast-hfb-mobile-header-display":"","site-post-title":"disabled","ast-breadcrumbs-content":"","ast-featured-img":"","footer-sml-layout":"","ast-disable-related-posts":"","theme-transparent-header-meta":"","adv-header-id-meta":"","stick-header-meta":"","header-above-stick-meta":"","header-main-stick-meta":"","header-below-stick-meta":"","astra-migrate-meta-layouts":"default","ast-page-background-enabled":"default","ast-page-background-meta":{"desktop":{"background-color":"","background-image":"","background-repeat":"repeat","background-position":"center center","background-size":"auto","background-attachment":"scroll","background-type":"","background-media":"","overlay-type":"","overlay-color":"","overlay-opacity":"","overlay-gradient":""},"tablet":{"background-color":"","background-image":"","background-repeat":"repeat","background-position":"center center","background-size":"auto","background-attachment":"scroll","background-type":"","background-media":"","overlay-type":"","overlay-color":"","overlay-opacity":"","overlay-gradient":""},"mobile":{"background-color":"","background-image":"","background-repeat":"repeat","background-position":"center center","background-size":"auto","background-attachment":"scroll","background-type":"","background-media":"","overlay-type":"","overlay-color":"","overlay-opacity":"","overlay-gradient":""}},"ast-content-background-meta":{"desktop":{"background-color":"var(--ast-global-color-5)","background-image":"","background-repeat":"repeat","background-position":"center center","background-size":"auto","background-attachment":"scroll","background-type":"","background-media":"","overlay-type":"","overlay-color":"","overlay-opacity":"","overlay-gradient":""},"tablet":{"background-color":"var(--ast-global-color-5)","background-image":"","background-repeat":"repeat","background-position":"center center","background-size":"auto","background-attachment":"scroll","background-type":"","background-media":"","overlay-type":"","overlay-color":"","overlay-opacity":"","overlay-gradient":""},"mobile":{"background-color":"var(--ast-global-color-5)","background-image":"","background-repeat":"repeat","background-position":"center center","background-size":"auto","background-attachment":"scroll","background-type":"","background-media":"","overlay-type":"","overlay-color":"","overlay-opacity":"","overlay-gradient":""}},"footnotes":""},"class_list":["post-1745","page","type-page","status-publish","hentry"],"acf":[],"yoast_head":"<!-- This site is optimized with the Yoast SEO Premium plugin v22.4 (Yoast SEO v27.4) - https:\/\/yoast.com\/product\/yoast-seo-premium-wordpress\/ -->\n<title>JUAN PELLICER PRATS -<\/title>\n<meta name=\"robots\" content=\"index, follow, max-snippet:-1, max-image-preview:large, max-video-preview:-1\" \/>\n<link rel=\"canonical\" href=\"https:\/\/www.omnesbands.international\/ja\/juan-pellicer-prats-2\/\" \/>\n<meta property=\"og:locale\" content=\"ja_JP\" \/>\n<meta property=\"og:type\" content=\"article\" \/>\n<meta property=\"og:title\" content=\"JUAN PELLICER PRATS\" \/>\n<meta property=\"og:description\" content=\"JUAN PELLICER PRATS Nace en Benicolet. Inicia sus estudios musicales en la escuela Comarcal de Piles. Estudia el grado medio en el conservatorio &#8216;Lluis Mita&#8221; de X\u00e1tiva y el superior en la especialidad de clarinete en el Conservatorio Superior &#8220;Salvador Segu\u00ed&#8217; de Castell\u00f3n. Ha recibido clases magistrales de Reinhard Wieser. Vicent Alberola. dad Leister. Sharon [&hellip;]\" \/>\n<meta property=\"og:url\" content=\"https:\/\/www.omnesbands.international\/ja\/juan-pellicer-prats-2\/\" \/>\n<meta property=\"article:modified_time\" content=\"2023-01-29T15:11:03+00:00\" \/>\n<meta property=\"og:image\" content=\"https:\/\/www.omnesbands.international\/wp-content\/uploads\/2023\/01\/music-sheet-music-snowdrop-7107045.jpg\" \/>\n\t<meta property=\"og:image:width\" content=\"1280\" \/>\n\t<meta property=\"og:image:height\" content=\"742\" \/>\n\t<meta property=\"og:image:type\" content=\"image\/jpeg\" \/>\n<meta name=\"twitter:card\" content=\"summary_large_image\" \/>\n<meta name=\"twitter:label1\" content=\"\u63a8\u5b9a\u8aad\u307f\u53d6\u308a\u6642\u9593\" \/>\n\t<meta name=\"twitter:data1\" content=\"1\u5206\" \/>\n<script type=\"application\/ld+json\" class=\"yoast-schema-graph\">{\"@context\":\"https:\\\/\\\/schema.org\",\"@graph\":[{\"@type\":\"WebPage\",\"@id\":\"https:\\\/\\\/www.omnesbands.international\\\/ja\\\/juan-pellicer-prats-2\\\/\",\"url\":\"https:\\\/\\\/www.omnesbands.international\\\/ja\\\/juan-pellicer-prats-2\\\/\",\"name\":\"JUAN PELLICER PRATS -\",\"isPartOf\":{\"@id\":\"https:\\\/\\\/www.omnesbands.international\\\/#website\"},\"datePublished\":\"2023-01-29T15:11:01+00:00\",\"dateModified\":\"2023-01-29T15:11:03+00:00\",\"breadcrumb\":{\"@id\":\"https:\\\/\\\/www.omnesbands.international\\\/ja\\\/juan-pellicer-prats-2\\\/#breadcrumb\"},\"inLanguage\":\"ja\",\"potentialAction\":[{\"@type\":\"ReadAction\",\"target\":[\"https:\\\/\\\/www.omnesbands.international\\\/ja\\\/juan-pellicer-prats-2\\\/\"]}]},{\"@type\":\"BreadcrumbList\",\"@id\":\"https:\\\/\\\/www.omnesbands.international\\\/ja\\\/juan-pellicer-prats-2\\\/#breadcrumb\",\"itemListElement\":[{\"@type\":\"ListItem\",\"position\":1,\"name\":\"Portada\",\"item\":\"https:\\\/\\\/www.omnesbands.international\\\/\"},{\"@type\":\"ListItem\",\"position\":2,\"name\":\"JUAN PELLICER PRATS\"}]},{\"@type\":\"WebSite\",\"@id\":\"https:\\\/\\\/www.omnesbands.international\\\/#website\",\"url\":\"https:\\\/\\\/www.omnesbands.international\\\/\",\"name\":\"OMNESBANDS International\",\"description\":\"Partituras Originales de autores y compositores independientes\",\"publisher\":{\"@id\":\"https:\\\/\\\/www.omnesbands.international\\\/#organization\"},\"potentialAction\":[{\"@type\":\"SearchAction\",\"target\":{\"@type\":\"EntryPoint\",\"urlTemplate\":\"https:\\\/\\\/www.omnesbands.international\\\/?s={search_term_string}\"},\"query-input\":{\"@type\":\"PropertyValueSpecification\",\"valueRequired\":true,\"valueName\":\"search_term_string\"}}],\"inLanguage\":\"ja\"},{\"@type\":\"Organization\",\"@id\":\"https:\\\/\\\/www.omnesbands.international\\\/#organization\",\"name\":\"Indra Consultores Internacionales\",\"alternateName\":\"Omnesbands\",\"url\":\"https:\\\/\\\/www.omnesbands.international\\\/\",\"logo\":{\"@type\":\"ImageObject\",\"inLanguage\":\"ja\",\"@id\":\"https:\\\/\\\/www.omnesbands.international\\\/#\\\/schema\\\/logo\\\/image\\\/\",\"url\":\"https:\\\/\\\/omnesbands.international\\\/wp-content\\\/uploads\\\/2023\\\/06\\\/Logo-Nuevo-.png\",\"contentUrl\":\"https:\\\/\\\/omnesbands.international\\\/wp-content\\\/uploads\\\/2023\\\/06\\\/Logo-Nuevo-.png\",\"width\":394,\"height\":212,\"caption\":\"Indra Consultores Internacionales\"},\"image\":{\"@id\":\"https:\\\/\\\/www.omnesbands.international\\\/#\\\/schema\\\/logo\\\/image\\\/\"}}]}<\/script>\n<!-- \/ Yoast SEO Premium plugin. -->","yoast_head_json":{"title":"JUAN PELLICER PRATS -","robots":{"index":"index","follow":"follow","max-snippet":"max-snippet:-1","max-image-preview":"max-image-preview:large","max-video-preview":"max-video-preview:-1"},"canonical":"https:\/\/www.omnesbands.international\/ja\/juan-pellicer-prats-2\/","og_locale":"ja_JP","og_type":"article","og_title":"JUAN PELLICER PRATS","og_description":"JUAN PELLICER PRATS Nace en Benicolet. Inicia sus estudios musicales en la escuela Comarcal de Piles. Estudia el grado medio en el conservatorio &#8216;Lluis Mita&#8221; de X\u00e1tiva y el superior en la especialidad de clarinete en el Conservatorio Superior &#8220;Salvador Segu\u00ed&#8217; de Castell\u00f3n. Ha recibido clases magistrales de Reinhard Wieser. Vicent Alberola. dad Leister. Sharon [&hellip;]","og_url":"https:\/\/www.omnesbands.international\/ja\/juan-pellicer-prats-2\/","article_modified_time":"2023-01-29T15:11:03+00:00","og_image":[{"width":1280,"height":742,"url":"https:\/\/www.omnesbands.international\/wp-content\/uploads\/2023\/01\/music-sheet-music-snowdrop-7107045.jpg","type":"image\/jpeg"}],"twitter_card":"summary_large_image","twitter_misc":{"\u63a8\u5b9a\u8aad\u307f\u53d6\u308a\u6642\u9593":"1\u5206"},"schema":{"@context":"https:\/\/schema.org","@graph":[{"@type":"WebPage","@id":"https:\/\/www.omnesbands.international\/ja\/juan-pellicer-prats-2\/","url":"https:\/\/www.omnesbands.international\/ja\/juan-pellicer-prats-2\/","name":"JUAN PELLICER PRATS -","isPartOf":{"@id":"https:\/\/www.omnesbands.international\/#website"},"datePublished":"2023-01-29T15:11:01+00:00","dateModified":"2023-01-29T15:11:03+00:00","breadcrumb":{"@id":"https:\/\/www.omnesbands.international\/ja\/juan-pellicer-prats-2\/#breadcrumb"},"inLanguage":"ja","potentialAction":[{"@type":"ReadAction","target":["https:\/\/www.omnesbands.international\/ja\/juan-pellicer-prats-2\/"]}]},{"@type":"BreadcrumbList","@id":"https:\/\/www.omnesbands.international\/ja\/juan-pellicer-prats-2\/#breadcrumb","itemListElement":[{"@type":"ListItem","position":1,"name":"Portada","item":"https:\/\/www.omnesbands.international\/"},{"@type":"ListItem","position":2,"name":"JUAN PELLICER PRATS"}]},{"@type":"WebSite","@id":"https:\/\/www.omnesbands.international\/#website","url":"https:\/\/www.omnesbands.international\/","name":"OMNESBANDS International","description":"\u72ec\u7acb\u3057\u305f\u4f5c\u5bb6\u3084\u4f5c\u66f2\u5bb6\u306b\u3088\u308b\u30aa\u30ea\u30b8\u30ca\u30eb\u306e\u697d\u8b5c","publisher":{"@id":"https:\/\/www.omnesbands.international\/#organization"},"potentialAction":[{"@type":"SearchAction","target":{"@type":"EntryPoint","urlTemplate":"https:\/\/www.omnesbands.international\/?s={search_term_string}"},"query-input":{"@type":"PropertyValueSpecification","valueRequired":true,"valueName":"search_term_string"}}],"inLanguage":"ja"},{"@type":"Organization","@id":"https:\/\/www.omnesbands.international\/#organization","name":"\u30a4\u30f3\u30c9\u30e9\u56fd\u969b\u30b3\u30f3\u30b5\u30eb\u30bf\u30f3\u30c8","alternateName":"Omnesbands","url":"https:\/\/www.omnesbands.international\/","logo":{"@type":"ImageObject","inLanguage":"ja","@id":"https:\/\/www.omnesbands.international\/#\/schema\/logo\/image\/","url":"https:\/\/omnesbands.international\/wp-content\/uploads\/2023\/06\/Logo-Nuevo-.png","contentUrl":"https:\/\/omnesbands.international\/wp-content\/uploads\/2023\/06\/Logo-Nuevo-.png","width":394,"height":212,"caption":"Indra Consultores Internacionales"},"image":{"@id":"https:\/\/www.omnesbands.international\/#\/schema\/logo\/image\/"}}]}},"uagb_featured_image_src":{"full":false,"thumbnail":false,"medium":false,"medium_large":false,"large":false,"1536x1536":false,"2048x2048":false,"trp-custom-language-flag":false,"gg_gallery_thumbnail":false,"woocommerce_thumbnail":false,"woocommerce_single":false,"woocommerce_gallery_thumbnail":false},"uagb_author_info":{"display_name":"Melvin R. Portillo A:","author_link":"https:\/\/www.omnesbands.international\/ja\/author\/portand\/"},"uagb_comment_info":0,"uagb_excerpt":"JUAN PELLICER PRATS Nace en Benicolet. Inicia sus estudios musicales en la escuela Comarcal de Piles. Estudia el grado medio en el conservatorio &#8216;Lluis Mita&#8221; de X\u00e1tiva y el superior en la especialidad de clarinete en el Conservatorio Superior &#8220;Salvador Segu\u00ed&#8217; de Castell\u00f3n. Ha recibido clases magistrales de Reinhard Wieser. Vicent Alberola. dad Leister. Sharon&hellip;","_links":{"self":[{"href":"https:\/\/www.omnesbands.international\/ja\/wp-json\/wp\/v2\/pages\/1745","targetHints":{"allow":["GET"]}}],"collection":[{"href":"https:\/\/www.omnesbands.international\/ja\/wp-json\/wp\/v2\/pages"}],"about":[{"href":"https:\/\/www.omnesbands.international\/ja\/wp-json\/wp\/v2\/types\/page"}],"author":[{"embeddable":true,"href":"https:\/\/www.omnesbands.international\/ja\/wp-json\/wp\/v2\/users\/4"}],"replies":[{"embeddable":true,"href":"https:\/\/www.omnesbands.international\/ja\/wp-json\/wp\/v2\/comments?post=1745"}],"version-history":[{"count":1,"href":"https:\/\/www.omnesbands.international\/ja\/wp-json\/wp\/v2\/pages\/1745\/revisions"}],"predecessor-version":[{"id":1746,"href":"https:\/\/www.omnesbands.international\/ja\/wp-json\/wp\/v2\/pages\/1745\/revisions\/1746"}],"wp:attachment":[{"href":"https:\/\/www.omnesbands.international\/ja\/wp-json\/wp\/v2\/media?parent=1745"}],"curies":[{"name":"wp","href":"https:\/\/api.w.org\/{rel}","templated":true}]}}