{"id":1747,"date":"2023-01-29T09:16:03","date_gmt":"2023-01-29T15:16:03","guid":{"rendered":"https:\/\/omnesbands.international\/?page_id=1747"},"modified":"2023-01-29T09:16:05","modified_gmt":"2023-01-29T15:16:05","slug":"llorenc-belda-juan-2","status":"publish","type":"page","link":"https:\/\/www.omnesbands.international\/ja\/llorenc-belda-juan-2\/","title":{"rendered":"\u30ed\u30ec\u30f3\u30c1\u30e5\u30fb\u30d9\u30eb\u30c0\u30fb\u30d5\u30a2\u30f3"},"content":{"rendered":"<div class=\"wp-block-uagb-container uagb-block-3ed47a08 alignfull uagb-is-root-container\"><div class=\"uagb-container-inner-blocks-wrap\">\n<div class=\"wp-block-uagb-advanced-heading uagb-block-03020f9f\"><h1 class=\"uagb-heading-text\"><strong>\u30ed\u30ec\u30f3\u30c1\u30e5\u30fb\u30d9\u30eb\u30c0\u30fb\u30d5\u30a2\u30f3<\/strong><\/h1><\/div>\n<\/div><\/div>\n\n\n\n<div class=\"wp-block-uagb-container uagb-block-be3eaed8 alignfull uagb-is-root-container\"><div class=\"uagb-container-inner-blocks-wrap\">\n<div class=\"wp-block-uagb-container uagb-block-7a653d2b\">\n<p>1972\u5e74\u30a2\u30a4\u30a8\u30ed\u30fb\u30c7\u30fb\u30de\u30eb\u30d5\u30a7\u30ea\u30c3\u30c8\u751f\u307e\u308c\u3002\u5f7c\u306f\u30a2\u30a4\u30a8\u30ed\u97f3\u697d\u7d44\u5408\u306e\u97f3\u697d\u5b66\u6821\u3067\u97f3\u697d\u306e\u52c9\u5f37\u3092\u59cb\u3081\u307e\u3057\u305f\u3002\u305d\u306e\u5f8c\u30011980\u5e74\u306b\u540c\u6821\u3067\u30db\u30bb\u30fb\u30d0\u30eb\u30d9\u30e9\u306b\u5e2b\u4e8b\u3057\u30af\u30e9\u30ea\u30cd\u30c3\u30c8\u3092\u5b66\u3073\u59cb\u3081\u3001\u30ab\u30eb\u30ab\u30a4\u30b5\u30f3\u97f3\u697d\u9662\u300c\u30de\u30a8\u30b9\u30c8\u30ed\u30fb\u30f4\u30a7\u30fc\u30eb\u300d\u3067\u521d\u7b49\u5b66\u4f4d\u3001\u30aa\u30f3\u30c6\u30a3\u30cb\u30a8\u30f3\u30c8\u300c\u30e1\u30eb\u30c1\u30e7\u30fc\u30fb\u30b4\u30df\u30b9\u300d\u97f3\u697d\u9662\u3067\u4e2d\u7d1a\u5b66\u4f4d\u3092\u53d6\u5f97\u3002\u30a2\u30ea\u30ab\u30f3\u30c6\u306e\u300c\u30aa\u30b9\u30ab\u30fc \u30a8\u30b9\u30d7\u30e9\u300d\u97f3\u697d\u9662\u306e\u4e0a\u7d1a\u30af\u30e9\u30ea\u30cd\u30c3\u30c8\u6559\u6388\u306e\u79f0\u53f7\u3002\u5f7c\u306f\u30cf\u30fc\u30e2\u30cb\u30fc\u3001\u5bfe\u4f4d\u6cd5\u3001\u30d5\u30fc\u30ac\u3082\u5b66\u3093\u3067\u3044\u307e\u3059\u3002\u73fe\u5728\u30a2\u30ea\u30ab\u30f3\u30c6\u97f3\u697d\u9662\u3067\u5bfe\u4f4d\u6cd5\u3068\u30d5\u30fc\u30ac\u7b2c3\u756a\u3092\u52c9\u5f37\u4e2d\u3002<br \/>\u30ad\u30e3\u30ea\u30a2\u3092\u901a\u3058\u3066\u3001\u30af\u30e9\u30ea\u30cd\u30c3\u30c8\u3092\u30db\u30bb\u30fb\u30d0\u30eb\u30d9\u30e9\u3001\u30ed\u30b8\u30a7\u30ea\u30aa\u30fb\u30d6\u30e9\u30b9\u30b3\u3001\u30d5\u30a2\u30f3\u30db\u30fb\u30dc\u30e9\u30b9\u3001\u30b5\u30eb\u30d0\u30c9\u30fc\u30eb\u30fb\u30ca\u30d0\u30ed\u3001\u30a2\u30f3\u30c8\u30cb\u30fb\u30ea\u30d9\u30e9\u3001\u30d5\u30e9\u30f3\u30b7\u30b9\u30b3\u30fb\u30d5\u30ed\u30ea\u30c9\u306b\u5e2b\u4e8b\u3002\u307e\u305f\u3001\u30d5\u30a2\u30f3\u30db \u30dc\u30e9\u30b9\u3001\u30df\u30b2\u30eb \u30a2\u30f3\u30d8\u30eb \u30bf\u30de\u30ea\u30c3\u30c8\u3001\u30d5\u30e9\u30f3\u30b7\u30b9\u30b3 \u30d5\u30ed\u30ea\u30c9\u3001\u30a8\u30f3\u30ea\u30b1 \u30da\u30ec\u30b9\u3001\u30df\u30b2\u30eb \u30a8\u30b9\u30da\u30db\u306e\u30af\u30e9\u30ea\u30cd\u30c3\u30c8\u4e0a\u9054\u30b3\u30fc\u30b9\u3082\u53d7\u8b1b\u3057\u3066\u3044\u307e\u3059\u3002\u30cf\u30fc\u30e2\u30cb\u30fc\u306e\u5206\u91ce\u3067\u306f\u3001\u30d5\u30a2\u30f3\u30fb\u30a8\u30f3\u30ea\u30b1\u30fb\u30ab\u30cd\u3001\u30a8\u30b9\u30de\u30e9\u30c9\u30fb\u30a4\u30cb\u30a7\u30b9\u30bf\u3001\u30d5\u30e9\u30f3\u30b7\u30b9\u30b3\u30fb\u30cf\u30d3\u30a8\u30eb\u30fb\u30b3\u30b9\u30bf\u3001\u30db\u30a2\u30ad\u30f3\u30fb\u30b7\u30d9\u30e9\u3001\u30c0\u30cb\u30a8\u30eb\u30fb\u30d5\u30a2\u30f3\u30fb\u30d5\u30a7\u30ec\u30ed\u3001\u30db\u30bb\u30fb\u30d3\u30bb\u30f3\u30c8\u30fb\u30a2\u30bb\u30f3\u30b7\u306b\u5e2b\u4e8b\u3002\u6559\u80b2\u5b66\u306e\u5206\u91ce\u3067\u306f\u3001M\u00aa Carmen Sansaloni \u3068 Carmen Agull\u00f3 \u306b\u5e2b\u4e8b\u3057\u3001Maravillas Diaz \u3068 Ana Lucia Frega \u306e 2 \u3064\u306e\u5fa9\u7fd2\u30b3\u30fc\u30b9\u3092\u4fee\u4e86\u3057\u307e\u3057\u305f\u3002\u307e\u305f\u3001\u30b7\u30eb\u30f4\u30a3\u30a2\u30fb\u30b7\u30e5\u30f4\u30a1\u30eb\u30c4\u30a7\u30f3\u30d0\u30c3\u30cf\u306e\u3082\u3068\u3067\u7ba1\u697d\u5668\u306e\u6559\u6388\u6cd5\u3092\u5b66\u3073\u307e\u3057\u305f\u3002<\/p>\n<p>\u5f7c\u306f\u30d0\u30b8\u30a7\u30fb\u30c7\u30fb\u30a2\u30eb\u30d0\u30a4\u30c0\u5730\u57df\u97f3\u697d\u5b66\u6821\u304c\u4e3b\u50ac\u3059\u308b\u3044\u304f\u3064\u304b\u306e\u6539\u5584\u30b3\u30fc\u30b9\u3092\u53d7\u8b1b\u3057\u307e\u3057\u305f\u3002\u30a4\u30f3\u30de\u30fb\u30ab\u30dd\u3068\u306e NLP\u3001\u30a8\u30df\u30ea\u30aa\u30fb\u30e2\u30ea\u30fc\u30ca\u3068\u306e\u5373\u8208\u306e\u6559\u6388\u6cd5\u3067\u3059\u3002\u5f7c\u306f\u3001CAP (Pedagogical Aptitude Course) \u306e\u8a3c\u660e\u66f8\u3068\u3001\u30d0\u30ec\u30f3\u30b7\u30a2\u77e5\u8b58\u8a8d\u5b9a\u59d4\u54e1\u4f1a\u306e\u4e2d\u7d1a\u5b66\u4f4d\u3092\u53d6\u5f97\u3057\u3066\u3044\u307e\u3059\u3002\u5f7c\u306f\u3001\u30db\u30bb\u30fb\u30e9\u30d5\u30a1\u30a8\u30eb\u30fb\u30d1\u30b9\u30af\u30a2\u30eb\u30fb\u30d3\u30e9\u30d7\u30e9\u30ca\u306b\u30d0\u30f3\u30c9\u30fb\u30c7\u30a3\u30ec\u30af\u30b7\u30e7\u30f3\u30922\u5e74\u9593\u5b66\u3073\u307e\u3057\u305f\u3002\u5f7c\u306f\u307e\u305f\u3001\u4f1a\u793e Tecno-Star SA \u304c\u4e3b\u50ac\u3059\u308b\u97f3\u97ff\u3068\u30b5\u30a6\u30f3\u30c9\u306e\u5206\u91ce\u306e\u518d\u6559\u80b2\u30b3\u30fc\u30b9\u3092\u4fee\u4e86\u3057\u3066\u3044\u307e\u3059\u3002<br \/>\u5f7c\u306f\u4f5c\u66f2\u306b\u3082\u529b\u3092\u5165\u308c\u3066\u304a\u308a\u3001\u7279\u306b\u30e0\u30fc\u30a2\u4eba\u3084\u30ad\u30ea\u30b9\u30c8\u6559\u5f92\u306e\u795d\u796d\u97f3\u697d\u306e\u5206\u91ce\u3067\u6d3b\u8e8d\u3057\u3066\u3044\u307e\u3059\u3002\u5f7c\u306f Callosa d&#039;En Sarri\u00e0 \u4f5c\u66f2\u30b3\u30f3\u30c6\u30b9\u30c8\u3067 2 \u56de\u30d5\u30a1\u30a4\u30ca\u30ea\u30b9\u30c8\u306b\u306a\u308a\u3001\u305d\u306e\u3046\u3061\u306e 1 \u56de (1995 \u5e74) \u3067\u4e00\u822c\u304b\u3089 2 \u4f4d\u3092\u7372\u5f97\u3057\u307e\u3057\u305f\u3002\u30dc\u30ab\u30a4\u30ec\u30f3\u30c8\u4f5c\u66f2\u30b3\u30f3\u30c6\u30b9\u30c8\uff081999\u5e74\uff09\u3067\u30a4\u30ce\u30d9\u30fc\u30b7\u30e7\u30f3\u306e\u4f73\u4f5c\u3092\u7372\u5f97\u3057\u3001UNDEF\u4e3b\u50ac\u306eII Festive Music Symposium\u306e\u4f5c\u66f2\u30b3\u30f3\u30c6\u30b9\u30c8\u3067\u4e00\u7b49\u8cde\u3092\u53d7\u8cde\u3002<\/p>\n<p>\u97f3\u697d\u60c5\u5831\u5b66\u306e\u5206\u91ce\u3067\u306f\u3001\u9ad8\u5ea6\u306a\u30b3\u30fc\u30b9\u3092\u63d0\u4f9b\u3057\u3001\u30b9\u30b3\u30a2\u306e\u7de8\u96c6\u3068 MIDI \u30b7\u30b9\u30c6\u30e0\u306b\u95a2\u3059\u308b\u3059\u3079\u3066\u3092\u30de\u30b9\u30bf\u30fc\u3057\u307e\u3057\u305f\u3002 1999 \u5e74 9 \u6708\u4ee5\u6765\u3001\u5f7c\u306f Benissoda Musical Union \u306e\u30c7\u30a3\u30ec\u30af\u30bf\u30fc\u3092\u52d9\u3081\u3066\u3044\u307e\u3059\u3002<br \/>\u5f7c\u306f\u30a2\u30a4\u30a8\u30ed \u30c7 \u30de\u30eb\u30d5\u30a7\u30ea\u30c3\u30c8\u3068\u30a2\u30ae\u30e5\u30ec\u30f3\u30c8\u306e\u5e02\u7acb\u5b66\u6821\u3067\u97f3\u697d\u8a00\u8a9e\u3092\u6559\u3048\u3066\u304a\u308a\u3001\u73fe\u5728\u306f\u30d0\u30b8\u30a7 \u30c7 \u30a2\u30eb\u30d0\u30a4\u30c0\u5730\u65b9\u97f3\u697d\u5b66\u6821\u306e\u6559\u6388\u3067\u3042\u308a\u3001\u5668\u697d\u30a2\u30f3\u30b5\u30f3\u30d6\u30eb\u3001\u30af\u30e9\u30ea\u30cd\u30c3\u30c8\u3001\u97f3\u697d\u60c5\u5831\u6280\u8853\u3092\u6559\u3048\u3066\u3044\u307e\u3059\u3002<\/p>\n<\/div>\n<\/div><\/div>\n\n\n<div class=\"woocommerce columns-4\"><ul class=\"products columns-4\">\n<li class=\"desktop-align-left tablet-align-left mobile-align-left ast-product-gallery-layout-horizontal-slider product type-product post-1192 status-publish first instock product_cat-musica-de-calle product_tag-llorenc-belda-juan has-post-thumbnail downloadable virtual taxable purchasable product-type-simple\">\n\t<a href=\"https:\/\/www.omnesbands.international\/ja\/product\/fiore\/\" class=\"woocommerce-LoopProduct-link woocommerce-loop-product__link\"><img loading=\"lazy\" decoding=\"async\" width=\"300\" height=\"300\" src=\"https:\/\/www.omnesbands.international\/wp-content\/uploads\/2023\/01\/Fiore-1-300x300.jpg\" class=\"attachment-woocommerce_thumbnail size-woocommerce_thumbnail\" alt=\"Fiore\" srcset=\"https:\/\/www.omnesbands.international\/wp-content\/uploads\/2023\/01\/Fiore-1-300x300.jpg 300w, https:\/\/www.omnesbands.international\/wp-content\/uploads\/2023\/01\/Fiore-1-150x150.jpg 150w, https:\/\/www.omnesbands.international\/wp-content\/uploads\/2023\/01\/Fiore-1-100x100.jpg 100w\" sizes=\"auto, (max-width: 300px) 100vw, 300px\" \/><h2 class=\"woocommerce-loop-product__title\">\u82b1<\/h2>\n\t<span class=\"price\"><span class=\"woocommerce-Price-amount amount\"><bdi><span class=\"woocommerce-Price-currencySymbol\">&#36;<\/span>25.00<\/bdi><\/span><\/span>\n<\/a><a href=\"\/ja\/wp-json\/wp\/v2\/pages\/1747?add-to-cart=1192\" aria-describedby=\"woocommerce_loop_add_to_cart_link_describedby_1192\" data-quantity=\"1\" class=\"button product_type_simple add_to_cart_button ajax_add_to_cart\" data-product_id=\"1192\" data-product_sku=\"FIO-CAL-ESP-22\" aria-label=\"\u30ab\u30fc\u30c8\u306b\u8ffd\u52a0: \u300cFiore\u300d\" rel=\"nofollow\" data-success_message=\"\u300cFiore\u300d\u3092\u304a\u8cb7\u3044\u7269\u30ab\u30b4\u306b\u8ffd\u52a0\u3057\u307e\u3057\u305f\" role=\"button\" data-no-translation=\"\" data-trp-gettext=\"\" data-no-translation-aria-label=\"\" data-no-translation-data-success_message=\"\">\u304a\u8cb7\u3044\u7269\u30ab\u30b4\u306b\u8ffd\u52a0<\/a>\t<span id=\"woocommerce_loop_add_to_cart_link_describedby_1192\" class=\"screen-reader-text\">\n\t\t\t<\/span>\n<\/li>\n<li class=\"desktop-align-left tablet-align-left mobile-align-left ast-product-gallery-layout-horizontal-slider product type-product post-1207 status-publish instock product_cat-musica-de-calle product_tag-llorenc-belda-juan has-post-thumbnail downloadable virtual taxable purchasable product-type-simple\">\n\t<a href=\"https:\/\/www.omnesbands.international\/ja\/product\/juan-emilio-bru\/\" class=\"woocommerce-LoopProduct-link woocommerce-loop-product__link\"><img loading=\"lazy\" decoding=\"async\" width=\"300\" height=\"300\" src=\"https:\/\/www.omnesbands.international\/wp-content\/uploads\/2023\/01\/Juan-Emilio-Bru-1-300x300.jpg\" class=\"attachment-woocommerce_thumbnail size-woocommerce_thumbnail\" alt=\"Juan Emilio Bru\" srcset=\"https:\/\/www.omnesbands.international\/wp-content\/uploads\/2023\/01\/Juan-Emilio-Bru-1-300x300.jpg 300w, https:\/\/www.omnesbands.international\/wp-content\/uploads\/2023\/01\/Juan-Emilio-Bru-1-150x150.jpg 150w, https:\/\/www.omnesbands.international\/wp-content\/uploads\/2023\/01\/Juan-Emilio-Bru-1-12x12.jpg 12w, https:\/\/www.omnesbands.international\/wp-content\/uploads\/2023\/01\/Juan-Emilio-Bru-1-100x100.jpg 100w\" sizes=\"auto, (max-width: 300px) 100vw, 300px\" \/><h2 class=\"woocommerce-loop-product__title\">\u30b8\u30e7\u30f3\u30fb\u30a8\u30df\u30ea\u30aa\u30fb\u30d6\u30eb\u30fc<\/h2>\n\t<span class=\"price\"><span class=\"woocommerce-Price-amount amount\"><bdi><span class=\"woocommerce-Price-currencySymbol\">&#36;<\/span>25.00<\/bdi><\/span><\/span>\n<\/a><a href=\"\/ja\/wp-json\/wp\/v2\/pages\/1747?add-to-cart=1207\" aria-describedby=\"woocommerce_loop_add_to_cart_link_describedby_1207\" data-quantity=\"1\" class=\"button product_type_simple add_to_cart_button ajax_add_to_cart\" data-product_id=\"1207\" data-product_sku=\"JUA-CAL-ESP-22\" aria-label=\"\u30ab\u30fc\u30c8\u306b\u8ffd\u52a0: \u300cJuan Emilio Bru\u300d\" rel=\"nofollow\" data-success_message=\"\u300cJuan Emilio Bru\u300d\u3092\u304a\u8cb7\u3044\u7269\u30ab\u30b4\u306b\u8ffd\u52a0\u3057\u307e\u3057\u305f\" role=\"button\" data-no-translation=\"\" data-trp-gettext=\"\" data-no-translation-aria-label=\"\" data-no-translation-data-success_message=\"\">\u304a\u8cb7\u3044\u7269\u30ab\u30b4\u306b\u8ffd\u52a0<\/a>\t<span id=\"woocommerce_loop_add_to_cart_link_describedby_1207\" class=\"screen-reader-text\">\n\t\t\t<\/span>\n<\/li>\n<li class=\"desktop-align-left tablet-align-left mobile-align-left ast-product-gallery-layout-horizontal-slider product type-product post-1335 status-publish instock product_cat-pasodobles product_tag-llorenc-belda-juan has-post-thumbnail downloadable virtual taxable purchasable product-type-simple\">\n\t<a href=\"https:\/\/www.omnesbands.international\/ja\/product\/july-six\/\" class=\"woocommerce-LoopProduct-link woocommerce-loop-product__link\"><img loading=\"lazy\" decoding=\"async\" width=\"300\" height=\"300\" src=\"https:\/\/www.omnesbands.international\/wp-content\/uploads\/2023\/01\/July-Six-1-300x300.jpg\" class=\"attachment-woocommerce_thumbnail size-woocommerce_thumbnail\" alt=\"July Six\" srcset=\"https:\/\/www.omnesbands.international\/wp-content\/uploads\/2023\/01\/July-Six-1-300x300.jpg 300w, https:\/\/www.omnesbands.international\/wp-content\/uploads\/2023\/01\/July-Six-1-150x150.jpg 150w, https:\/\/www.omnesbands.international\/wp-content\/uploads\/2023\/01\/July-Six-1-100x100.jpg 100w\" sizes=\"auto, (max-width: 300px) 100vw, 300px\" \/><h2 class=\"woocommerce-loop-product__title\">7 \u6708 6 \u65e5<\/h2>\n\t<span class=\"price\"><span class=\"woocommerce-Price-amount amount\"><bdi><span class=\"woocommerce-Price-currencySymbol\">&#36;<\/span>25.00<\/bdi><\/span><\/span>\n<\/a><a href=\"\/ja\/wp-json\/wp\/v2\/pages\/1747?add-to-cart=1335\" aria-describedby=\"woocommerce_loop_add_to_cart_link_describedby_1335\" data-quantity=\"1\" class=\"button product_type_simple add_to_cart_button ajax_add_to_cart\" data-product_id=\"1335\" data-product_sku=\"JUL-PAS-ESP-22\" aria-label=\"\u30ab\u30fc\u30c8\u306b\u8ffd\u52a0: \u300cJuly Six\u300d\" rel=\"nofollow\" data-success_message=\"\u300cJuly Six\u300d\u3092\u304a\u8cb7\u3044\u7269\u30ab\u30b4\u306b\u8ffd\u52a0\u3057\u307e\u3057\u305f\" role=\"button\" data-no-translation=\"\" data-trp-gettext=\"\" data-no-translation-aria-label=\"\" data-no-translation-data-success_message=\"\">\u304a\u8cb7\u3044\u7269\u30ab\u30b4\u306b\u8ffd\u52a0<\/a>\t<span id=\"woocommerce_loop_add_to_cart_link_describedby_1335\" class=\"screen-reader-text\">\n\t\t\t<\/span>\n<\/li>\n<\/ul>\n<\/div>","protected":false},"excerpt":{"rendered":"<p>LLOREN\u00c7 BELDA JUAN Nace en Aielo de Malferit (1972). Empieza a estudiar m\u00fasica en la escuela de m\u00fasica de la Uni\u00f3n Musical de Aielo. Posteriormente comienza a estudiar clarinete de la mano de Jos\u00e9 Barber\u00e1 en la misma escuela en el a\u00f1o 1980. Despu\u00e9s va al Conservatorio de Carcaixent &#8220;Maestro Vert&#8221; donde obtiene el Grado [&hellip;]<\/p>\n","protected":false},"author":4,"featured_media":0,"parent":0,"menu_order":0,"comment_status":"closed","ping_status":"closed","template":"","meta":{"_acf_changed":false,"_uag_custom_page_level_css":"","site-sidebar-layout":"default","site-content-layout":"","ast-site-content-layout":"default","site-content-style":"default","site-sidebar-style":"default","ast-global-header-display":"","ast-banner-title-visibility":"","ast-main-header-display":"","ast-hfb-above-header-display":"","ast-hfb-below-header-display":"","ast-hfb-mobile-header-display":"","site-post-title":"disabled","ast-breadcrumbs-content":"","ast-featured-img":"","footer-sml-layout":"","ast-disable-related-posts":"","theme-transparent-header-meta":"","adv-header-id-meta":"","stick-header-meta":"","header-above-stick-meta":"","header-main-stick-meta":"","header-below-stick-meta":"","astra-migrate-meta-layouts":"default","ast-page-background-enabled":"default","ast-page-background-meta":{"desktop":{"background-color":"","background-image":"","background-repeat":"repeat","background-position":"center center","background-size":"auto","background-attachment":"scroll","background-type":"","background-media":"","overlay-type":"","overlay-color":"","overlay-opacity":"","overlay-gradient":""},"tablet":{"background-color":"","background-image":"","background-repeat":"repeat","background-position":"center center","background-size":"auto","background-attachment":"scroll","background-type":"","background-media":"","overlay-type":"","overlay-color":"","overlay-opacity":"","overlay-gradient":""},"mobile":{"background-color":"","background-image":"","background-repeat":"repeat","background-position":"center center","background-size":"auto","background-attachment":"scroll","background-type":"","background-media":"","overlay-type":"","overlay-color":"","overlay-opacity":"","overlay-gradient":""}},"ast-content-background-meta":{"desktop":{"background-color":"var(--ast-global-color-5)","background-image":"","background-repeat":"repeat","background-position":"center center","background-size":"auto","background-attachment":"scroll","background-type":"","background-media":"","overlay-type":"","overlay-color":"","overlay-opacity":"","overlay-gradient":""},"tablet":{"background-color":"var(--ast-global-color-5)","background-image":"","background-repeat":"repeat","background-position":"center center","background-size":"auto","background-attachment":"scroll","background-type":"","background-media":"","overlay-type":"","overlay-color":"","overlay-opacity":"","overlay-gradient":""},"mobile":{"background-color":"var(--ast-global-color-5)","background-image":"","background-repeat":"repeat","background-position":"center center","background-size":"auto","background-attachment":"scroll","background-type":"","background-media":"","overlay-type":"","overlay-color":"","overlay-opacity":"","overlay-gradient":""}},"footnotes":""},"class_list":["post-1747","page","type-page","status-publish","hentry"],"acf":[],"yoast_head":"<!-- This site is optimized with the Yoast SEO Premium plugin v22.4 (Yoast SEO v27.4) - https:\/\/yoast.com\/product\/yoast-seo-premium-wordpress\/ -->\n<title>LLOREN\u00c7 BELDA JUAN -<\/title>\n<meta name=\"robots\" content=\"index, follow, max-snippet:-1, max-image-preview:large, max-video-preview:-1\" \/>\n<link rel=\"canonical\" href=\"https:\/\/www.omnesbands.international\/ja\/llorenc-belda-juan-2\/\" \/>\n<meta property=\"og:locale\" content=\"ja_JP\" \/>\n<meta property=\"og:type\" content=\"article\" \/>\n<meta property=\"og:title\" content=\"LLOREN\u00c7 BELDA JUAN\" \/>\n<meta property=\"og:description\" content=\"LLOREN\u00c7 BELDA JUAN Nace en Aielo de Malferit (1972). Empieza a estudiar m\u00fasica en la escuela de m\u00fasica de la Uni\u00f3n Musical de Aielo. Posteriormente comienza a estudiar clarinete de la mano de Jos\u00e9 Barber\u00e1 en la misma escuela en el a\u00f1o 1980. Despu\u00e9s va al Conservatorio de Carcaixent &#8220;Maestro Vert&#8221; donde obtiene el Grado [&hellip;]\" \/>\n<meta property=\"og:url\" content=\"https:\/\/www.omnesbands.international\/ja\/llorenc-belda-juan-2\/\" \/>\n<meta property=\"article:modified_time\" content=\"2023-01-29T15:16:05+00:00\" \/>\n<meta property=\"og:image\" content=\"https:\/\/www.omnesbands.international\/wp-content\/uploads\/2023\/01\/music-sheet-music-snowdrop-7107045.jpg\" \/>\n\t<meta property=\"og:image:width\" content=\"1280\" \/>\n\t<meta property=\"og:image:height\" content=\"742\" \/>\n\t<meta property=\"og:image:type\" content=\"image\/jpeg\" \/>\n<meta name=\"twitter:card\" content=\"summary_large_image\" \/>\n<meta name=\"twitter:label1\" content=\"\u63a8\u5b9a\u8aad\u307f\u53d6\u308a\u6642\u9593\" \/>\n\t<meta name=\"twitter:data1\" content=\"3\u5206\" \/>\n<script type=\"application\/ld+json\" class=\"yoast-schema-graph\">{\"@context\":\"https:\\\/\\\/schema.org\",\"@graph\":[{\"@type\":\"WebPage\",\"@id\":\"https:\\\/\\\/www.omnesbands.international\\\/ja\\\/llorenc-belda-juan-2\\\/\",\"url\":\"https:\\\/\\\/www.omnesbands.international\\\/ja\\\/llorenc-belda-juan-2\\\/\",\"name\":\"LLOREN\u00c7 BELDA JUAN -\",\"isPartOf\":{\"@id\":\"https:\\\/\\\/www.omnesbands.international\\\/#website\"},\"datePublished\":\"2023-01-29T15:16:03+00:00\",\"dateModified\":\"2023-01-29T15:16:05+00:00\",\"breadcrumb\":{\"@id\":\"https:\\\/\\\/www.omnesbands.international\\\/ja\\\/llorenc-belda-juan-2\\\/#breadcrumb\"},\"inLanguage\":\"ja\",\"potentialAction\":[{\"@type\":\"ReadAction\",\"target\":[\"https:\\\/\\\/www.omnesbands.international\\\/ja\\\/llorenc-belda-juan-2\\\/\"]}]},{\"@type\":\"BreadcrumbList\",\"@id\":\"https:\\\/\\\/www.omnesbands.international\\\/ja\\\/llorenc-belda-juan-2\\\/#breadcrumb\",\"itemListElement\":[{\"@type\":\"ListItem\",\"position\":1,\"name\":\"Portada\",\"item\":\"https:\\\/\\\/www.omnesbands.international\\\/\"},{\"@type\":\"ListItem\",\"position\":2,\"name\":\"LLOREN\u00c7 BELDA JUAN\"}]},{\"@type\":\"WebSite\",\"@id\":\"https:\\\/\\\/www.omnesbands.international\\\/#website\",\"url\":\"https:\\\/\\\/www.omnesbands.international\\\/\",\"name\":\"OMNESBANDS International\",\"description\":\"Partituras Originales de autores y compositores independientes\",\"publisher\":{\"@id\":\"https:\\\/\\\/www.omnesbands.international\\\/#organization\"},\"potentialAction\":[{\"@type\":\"SearchAction\",\"target\":{\"@type\":\"EntryPoint\",\"urlTemplate\":\"https:\\\/\\\/www.omnesbands.international\\\/?s={search_term_string}\"},\"query-input\":{\"@type\":\"PropertyValueSpecification\",\"valueRequired\":true,\"valueName\":\"search_term_string\"}}],\"inLanguage\":\"ja\"},{\"@type\":\"Organization\",\"@id\":\"https:\\\/\\\/www.omnesbands.international\\\/#organization\",\"name\":\"Indra Consultores Internacionales\",\"alternateName\":\"Omnesbands\",\"url\":\"https:\\\/\\\/www.omnesbands.international\\\/\",\"logo\":{\"@type\":\"ImageObject\",\"inLanguage\":\"ja\",\"@id\":\"https:\\\/\\\/www.omnesbands.international\\\/#\\\/schema\\\/logo\\\/image\\\/\",\"url\":\"https:\\\/\\\/omnesbands.international\\\/wp-content\\\/uploads\\\/2023\\\/06\\\/Logo-Nuevo-.png\",\"contentUrl\":\"https:\\\/\\\/omnesbands.international\\\/wp-content\\\/uploads\\\/2023\\\/06\\\/Logo-Nuevo-.png\",\"width\":394,\"height\":212,\"caption\":\"Indra Consultores Internacionales\"},\"image\":{\"@id\":\"https:\\\/\\\/www.omnesbands.international\\\/#\\\/schema\\\/logo\\\/image\\\/\"}}]}<\/script>\n<!-- \/ Yoast SEO Premium plugin. -->","yoast_head_json":{"title":"LLOREN\u00c7 BELDA JUAN -","robots":{"index":"index","follow":"follow","max-snippet":"max-snippet:-1","max-image-preview":"max-image-preview:large","max-video-preview":"max-video-preview:-1"},"canonical":"https:\/\/www.omnesbands.international\/ja\/llorenc-belda-juan-2\/","og_locale":"ja_JP","og_type":"article","og_title":"LLOREN\u00c7 BELDA JUAN","og_description":"LLOREN\u00c7 BELDA JUAN Nace en Aielo de Malferit (1972). Empieza a estudiar m\u00fasica en la escuela de m\u00fasica de la Uni\u00f3n Musical de Aielo. Posteriormente comienza a estudiar clarinete de la mano de Jos\u00e9 Barber\u00e1 en la misma escuela en el a\u00f1o 1980. Despu\u00e9s va al Conservatorio de Carcaixent &#8220;Maestro Vert&#8221; donde obtiene el Grado [&hellip;]","og_url":"https:\/\/www.omnesbands.international\/ja\/llorenc-belda-juan-2\/","article_modified_time":"2023-01-29T15:16:05+00:00","og_image":[{"width":1280,"height":742,"url":"https:\/\/www.omnesbands.international\/wp-content\/uploads\/2023\/01\/music-sheet-music-snowdrop-7107045.jpg","type":"image\/jpeg"}],"twitter_card":"summary_large_image","twitter_misc":{"\u63a8\u5b9a\u8aad\u307f\u53d6\u308a\u6642\u9593":"3\u5206"},"schema":{"@context":"https:\/\/schema.org","@graph":[{"@type":"WebPage","@id":"https:\/\/www.omnesbands.international\/ja\/llorenc-belda-juan-2\/","url":"https:\/\/www.omnesbands.international\/ja\/llorenc-belda-juan-2\/","name":"LLOREN\u00c7 BELDA JUAN -","isPartOf":{"@id":"https:\/\/www.omnesbands.international\/#website"},"datePublished":"2023-01-29T15:16:03+00:00","dateModified":"2023-01-29T15:16:05+00:00","breadcrumb":{"@id":"https:\/\/www.omnesbands.international\/ja\/llorenc-belda-juan-2\/#breadcrumb"},"inLanguage":"ja","potentialAction":[{"@type":"ReadAction","target":["https:\/\/www.omnesbands.international\/ja\/llorenc-belda-juan-2\/"]}]},{"@type":"BreadcrumbList","@id":"https:\/\/www.omnesbands.international\/ja\/llorenc-belda-juan-2\/#breadcrumb","itemListElement":[{"@type":"ListItem","position":1,"name":"Portada","item":"https:\/\/www.omnesbands.international\/"},{"@type":"ListItem","position":2,"name":"LLOREN\u00c7 BELDA JUAN"}]},{"@type":"WebSite","@id":"https:\/\/www.omnesbands.international\/#website","url":"https:\/\/www.omnesbands.international\/","name":"OMNESBANDS International","description":"\u72ec\u7acb\u3057\u305f\u4f5c\u5bb6\u3084\u4f5c\u66f2\u5bb6\u306b\u3088\u308b\u30aa\u30ea\u30b8\u30ca\u30eb\u306e\u697d\u8b5c","publisher":{"@id":"https:\/\/www.omnesbands.international\/#organization"},"potentialAction":[{"@type":"SearchAction","target":{"@type":"EntryPoint","urlTemplate":"https:\/\/www.omnesbands.international\/?s={search_term_string}"},"query-input":{"@type":"PropertyValueSpecification","valueRequired":true,"valueName":"search_term_string"}}],"inLanguage":"ja"},{"@type":"Organization","@id":"https:\/\/www.omnesbands.international\/#organization","name":"\u30a4\u30f3\u30c9\u30e9\u56fd\u969b\u30b3\u30f3\u30b5\u30eb\u30bf\u30f3\u30c8","alternateName":"Omnesbands","url":"https:\/\/www.omnesbands.international\/","logo":{"@type":"ImageObject","inLanguage":"ja","@id":"https:\/\/www.omnesbands.international\/#\/schema\/logo\/image\/","url":"https:\/\/omnesbands.international\/wp-content\/uploads\/2023\/06\/Logo-Nuevo-.png","contentUrl":"https:\/\/omnesbands.international\/wp-content\/uploads\/2023\/06\/Logo-Nuevo-.png","width":394,"height":212,"caption":"Indra Consultores Internacionales"},"image":{"@id":"https:\/\/www.omnesbands.international\/#\/schema\/logo\/image\/"}}]}},"uagb_featured_image_src":{"full":false,"thumbnail":false,"medium":false,"medium_large":false,"large":false,"1536x1536":false,"2048x2048":false,"trp-custom-language-flag":false,"gg_gallery_thumbnail":false,"woocommerce_thumbnail":false,"woocommerce_single":false,"woocommerce_gallery_thumbnail":false},"uagb_author_info":{"display_name":"Melvin R. Portillo A:","author_link":"https:\/\/www.omnesbands.international\/ja\/author\/portand\/"},"uagb_comment_info":0,"uagb_excerpt":"LLOREN\u00c7 BELDA JUAN Nace en Aielo de Malferit (1972). Empieza a estudiar m\u00fasica en la escuela de m\u00fasica de la Uni\u00f3n Musical de Aielo. Posteriormente comienza a estudiar clarinete de la mano de Jos\u00e9 Barber\u00e1 en la misma escuela en el a\u00f1o 1980. Despu\u00e9s va al Conservatorio de Carcaixent &#8220;Maestro Vert&#8221; donde obtiene el Grado&hellip;","_links":{"self":[{"href":"https:\/\/www.omnesbands.international\/ja\/wp-json\/wp\/v2\/pages\/1747","targetHints":{"allow":["GET"]}}],"collection":[{"href":"https:\/\/www.omnesbands.international\/ja\/wp-json\/wp\/v2\/pages"}],"about":[{"href":"https:\/\/www.omnesbands.international\/ja\/wp-json\/wp\/v2\/types\/page"}],"author":[{"embeddable":true,"href":"https:\/\/www.omnesbands.international\/ja\/wp-json\/wp\/v2\/users\/4"}],"replies":[{"embeddable":true,"href":"https:\/\/www.omnesbands.international\/ja\/wp-json\/wp\/v2\/comments?post=1747"}],"version-history":[{"count":1,"href":"https:\/\/www.omnesbands.international\/ja\/wp-json\/wp\/v2\/pages\/1747\/revisions"}],"predecessor-version":[{"id":1748,"href":"https:\/\/www.omnesbands.international\/ja\/wp-json\/wp\/v2\/pages\/1747\/revisions\/1748"}],"wp:attachment":[{"href":"https:\/\/www.omnesbands.international\/ja\/wp-json\/wp\/v2\/media?parent=1747"}],"curies":[{"name":"wp","href":"https:\/\/api.w.org\/{rel}","templated":true}]}}