{"id":1749,"date":"2023-01-29T09:21:07","date_gmt":"2023-01-29T15:21:07","guid":{"rendered":"https:\/\/omnesbands.international\/?page_id=1749"},"modified":"2023-01-29T09:21:47","modified_gmt":"2023-01-29T15:21:47","slug":"mario-roig-vila-2","status":"publish","type":"page","link":"https:\/\/www.omnesbands.international\/ja\/mario-roig-vila-2\/","title":{"rendered":"\u30de\u30ea\u30aa\u30fb\u30ed\u30a4\u30b0\u30fb\u30d3\u30e9"},"content":{"rendered":"<div class=\"wp-block-uagb-container uagb-block-b895b26b alignfull uagb-is-root-container\"><div class=\"uagb-container-inner-blocks-wrap\">\n<div class=\"wp-block-uagb-advanced-heading uagb-block-0e2f56e9\"><h1 class=\"uagb-heading-text\"><strong>\u30de\u30ea\u30aa\u30fb\u30ed\u30a4\u30b0\u30fb\u30d3\u30e9<\/strong><\/h1><\/div>\n<\/div><\/div>\n\n\n\n<div class=\"wp-block-uagb-container uagb-block-18725e14 alignfull uagb-is-root-container\"><div class=\"uagb-container-inner-blocks-wrap\">\n<div class=\"wp-block-uagb-container uagb-block-49e4caaf\">\n<p>1972 \u5e74 6 \u6708 26 \u65e5\u306b\u30a2\u30eb\u30d0\u30a4\u30c0 (\u30d0\u30ec\u30f3\u30b7\u30a2) \u3067\u751f\u307e\u308c\u305f\u5f7c\u306f\u3001\u30c8\u30ed\u30f3\u30dc\u30fc\u30f3\u3068\u4f5c\u66f2\u3092\u5c02\u9580\u3068\u3059\u308b\u4e0a\u7d1a\u6559\u6388\u3067\u3042\u308a\u3001\u82f1\u56fd\u738b\u7acb\u97f3\u697d\u5b66\u6821\u95a2\u9023\u59d4\u54e1\u4f1a\u304b\u3089\u30d0\u30f3\u30c9\u6307\u63ee\u306e\u5b66\u4f4d\u3092\u53d6\u5f97\u3057\u3066\u3044\u307e\u3059\u3002<\/p>\n<p>\u5f7c\u306f\u30a2\u30eb\u30d0\u30a4\u30c0\u97f3\u697d\u5927\u5b66\u300c\u30e9\u30e9\u30f3\u30e4\u300d\u3067\u6253\u697d\u5668\u304b\u3089\u97f3\u697d\u306e\u52c9\u5f37\u3092\u59cb\u3081\u3001\u30a2\u30ec\u30af\u30b5\u30f3\u30c9\u30eb\u30fb\u30bb\u30eb\u30c0\u30fb\u30d9\u30eb\u30c0\u3068\u4e00\u7dd2\u306b\u30c8\u30ed\u30f3\u30dc\u30fc\u30f3\u3092\u6f14\u594f\u3057\u59cb\u3081\u307e\u3057\u305f\u3002 19\u6b73\u306e\u3068\u304d\u3001\u30aa\u30f3\u30c6\u30a3\u30cb\u30a8\u30f3\u30c8\u5c02\u9580\u97f3\u697d\u9662\u3067\u30d5\u30e9\u30f3\u30b7\u30b9\u30b3\u30fb\u30ca\u30d8\u30e9\u30fb\u30da\u30ed\u30fc\u30ca\u306e\u3082\u3068\u3067\u521d\u7d1a\u30c8\u30ed\u30f3\u30dc\u30fc\u30f3\u306e\u52c9\u5f37\u3092\u59cb\u3081\u3001\u5171\u306b\u5b66\u4f4d\u8cde\u3092\u53d7\u8cde\u3057\u305f\u3002\u305d\u3053\u304b\u3089\u5f7c\u306f\u30e0\u30eb\u30b7\u30a2\u306e\u30de\u30cc\u30a8\u30eb\u30fb\u30de\u30bd\u30c3\u30c6\u30a3\u30fb\u30ea\u30c3\u30c6\u30eb\u9ad8\u7b49\u97f3\u697d\u9662\u306b\u79fb\u3063\u305f\u3002\u5f7c\u306f\u3053\u308c\u3089\u3059\u3079\u3066\u306e\u7814\u7a76\u3068\u3001\u300cCURVASA MUEBLES\u300d\u793e\u3067\u306e\u5bb6\u5177\u7d44\u7acb\u3066\u306e\u4ed5\u4e8b\u3092\u7d44\u307f\u5408\u308f\u305b\u3001\u30e0\u30eb\u30b7\u30a2\u3067\u30de\u30ea\u30aa\u30fb\u30ab\u30eb\u30dc\u30fb\u30dd\u30f3\u30bb\u304b\u3089\u4e0a\u7d1a\u30c8\u30ed\u30f3\u30dc\u30fc\u30f3\u6559\u5e2b\u3068\u3057\u3066\u5352\u696d\u3057\u3001\u30d7\u30ed\u3068\u3057\u3066\u97f3\u697d\u306b\u5c02\u5ff5\u3059\u308b\u3088\u3046\u306b\u306a\u308a\u307e\u3057\u305f\u3002<br>\u5f7c\u306e\u5b66\u7fd2\u30d7\u30ed\u30bb\u30b9\u306f30\u5e74\u4ee5\u4e0a\u7d99\u7d9a\u3057\u3066\u304a\u308a\u3001\u30d5\u30e9\u30f3\u30b3\u30fb\u30c1\u30a7\u30b6\u30ea\u30fc\u30cb\u3001\u30d5\u30a7\u30ec\u30fc\u30eb\u30fb\u30d5\u30a7\u30e9\u30f3\u3001\u30db\u30bb\u30fbR\u30fb\u30d1\u30af\u30a2\u30eb\u30fb\u30d3\u30e9\u30d7\u30e9\u30ca\u306e\u6307\u63ee\u30b3\u30fc\u30b9\u3092\u53d7\u8b1b\u3057\u3001\u30e9\u30e2\u30f3\u30fb\u30ac\u30eb\u30b7\u30a2\u30fb\u30a4\u30fb\u30bd\u30ec\u30eb\u3001\u30aa\u30b9\u30ab\u30eb\u30fb\u30ca\u30f4\u30a1\u30ed\u306e\u697d\u5668\u6f14\u594f\u30b3\u30fc\u30b9\u3092\u53d7\u8b1b\u3057\u307e\u3057\u305f\u3002\u5f7c\u306f\u30d0\u30fc\u30af\u30ea\u30fc - \u30d0\u30ec\u30f3\u30b7\u30a2\u306e\u4fee\u7406\u30b3\u30fc\u30b9\u306b\u53c2\u52a0\u3057\u307e\u3057\u305f\u3002\u5f7c\u306f\u3001\u30a8\u30f3\u30ea\u30b1\u30fb\u30d5\u30a7\u30e9\u30f3\u30c9\u3001J\u30fb\u30d0\u30a6\u30c6\u30a3\u30b9\u30bf\u30fb\u30a2\u30d0\u30c9\u3001\u30de\u30ea\u30aa\u30fb\u30ab\u30eb\u30dc\u3001\u30ea\u30ab\u30eb\u30c9\u30fb\u30ab\u30bb\u30ed\u3001\u30ab\u30eb\u30ed\u30b9\u30fb\u30d2\u30eb\u3089\u3068\u6570\u3048\u5207\u308c\u306a\u3044\u307b\u3069\u306e\u30c8\u30ec\u30fc\u30cb\u30f3\u30b0\u30b3\u30fc\u30b9\u306b\u53c2\u52a0\u3057\u3066\u304d\u307e\u3057\u305f\u3002<\/p>\n<p>\u6559\u80b2\u306e\u5206\u91ce\u3067\u306f\u3001\u30a2\u30eb\u30b3\u30a4\u306e\u30b5\u30ec\u30b8\u30a2\u30ce\u30b9\u30fb\u30d5\u30a2\u30f323\u4e16\u4e2d\u7b49\u5b66\u6821\u6559\u5e2b\u3001\u30a2\u30a4\u30a8\u30ed\u30fb\u30c7\u30fb\u30de\u30eb\u30d5\u30a7\u30ea\u30c3\u30c8\u3001\u30a2\u30eb\u30d0\u30a4\u30c0\u3001\u30a2\u30eb\u30d5\u30a1\u30e9\u30fc\u30b7\u3001\u30d9\u30eb\u30ae\u30c0\u3001\u30dc\u30ab\u30a4\u30ec\u30f3\u30c8\u3001\u30e2\u30f3\u30bf\u30d9\u30eb\u30cd\u30eb\u3001\u30b3\u30bb\u30f3\u30bf\u30a4\u30ca\u306e\u30c8\u30ed\u30f3\u30dc\u30fc\u30f3\u6559\u5e2b\u3068\u3057\u3066\u52e4\u52d9\u3057\u30012002\u5e74\u304b\u3089\u30a2\u30eb\u30d0\u30a4\u30c0\u5e02\u7acb\u5b66\u6821\u306e\u6821\u9577\u3092\u52d9\u3081\u305f\u3002 2011\u5e74\u3002<br>\u4f5c\u66f2\u306e\u4e16\u754c\u3067\u306f\u3001\u30ab\u30bf\u30ed\u30b0\u3092\u69cb\u6210\u3059\u308b 50 \u4ee5\u4e0a\u306e\u4f5c\u54c1\u304c\u3042\u308a\u3001\u30e0\u30fc\u30a2\u4eba\u3068\u30ad\u30ea\u30b9\u30c8\u6559\u5f92\u306e\u30d5\u30a7\u30b9\u30c6\u30a3\u30d0\u30eb\u3067\u306e\u30b3\u30f3\u30b5\u30fc\u30c8\u3068\u30d1\u30ec\u30fc\u30c9\u306e\u4e21\u65b9\u3067\u6f14\u594f\u3055\u308c\u3066\u3044\u307e\u3059\u3002\u30bf\u30d0\u30eb\u30fb\u30a4\u30fb\u30b5\u30e9\u30b0\u30a8\u30eb\u30b9\u3001\u30c6\u30ec\u30b5\u30fb\u30b7\u30eb\u30d9\u30b9\u30c8\u30ec\u3001\u30bb\u30eb\u30c0\u30fb\u30d5\u30e9\u30f3\u30bb\u30b9\u3001\u30d0\u30f3\u30c9\u30ec\u30e9\u3001\u30a2\u30c9\u30ea\u30a2\u3001\u305d\u3057\u3066\u5049\u5927\u306a\u4f5c\u54c1\u306a\u3069\u3067\u3059\u3002\u5f7c\u306f\u72ec\u594f\u30c8\u30ed\u30f3\u30dc\u30fc\u30f3\u3068\u30aa\u30fc\u30b1\u30b9\u30c8\u30e9\u306e\u305f\u3081\u306e\u5354\u594f\u66f2\u3092\u4f5c\u66f2\u3057\u3001\u30a6\u30eb\u30b0\u30a2\u30a4\u306e\u30bd\u30c9\u30ec\u30fb\u30e6\u30fc\u30b9\u30fb\u30aa\u30fc\u30b1\u30b9\u30c8\u30e9\u306b\u3088\u3063\u3066\u521d\u6f14\u3055\u308c\u3066\u3044\u308b\u307b\u304b\u3001\u5ba4\u5185\u697d\u3084\u30c9\u30a5\u30eb\u30b6\u30a4\u30ca\u306e\u30b0\u30eb\u30fc\u30d7\u4f5c\u54c1\u3082\u4f5c\u66f2\u3057\u3001\u6570\u3005\u306e\u8cde\u3092\u53d7\u8cde\u3057\u3066\u3044\u308b\u3002 2014\u5e74\u30a8\u30eb\u30c0\u7b2c29\u56de\u30e0\u30fc\u30a2\u4eba\u30fb\u30ad\u30ea\u30b9\u30c8\u6559\u5f92\u97f3\u697d\u30b3\u30f3\u30af\u30fc\u30eb\u306e\u8ab2\u984c\u66f2\u30e2\u30fc\u30e9\u884c\u9032\u66f2\u300cMORO DE PLATA\u300d\u306e\u4f5c\u66f2\u3092\u62c5\u5f53\u3002<\/p>\n<p>\u5f7c\u306f\u3001\u4f5c\u66f2\u30b3\u30f3\u30c6\u30b9\u30c8\u3084\u30b3\u30f3\u30c6\u30b9\u30c8\u306b\u53c2\u52a0\u3059\u308b\u3060\u3051\u3067\u306a\u304f\u3001\u6570\u591a\u304f\u306e\u30d0\u30f3\u30c9\u306b\u4f5c\u54c1\u3092\u6307\u63ee\u3059\u308b\u3088\u3046\u62db\u5f85\u3055\u308c\u3066\u3044\u307e\u3059\u3002\u76e3\u7763\u3068\u3057\u3066\u3001\u5f7c\u306f 12 \u679a\u306e\u30b3\u30f3\u30d1\u30af\u30c8 \u30a2\u30eb\u30d0\u30e0\u3092\u9332\u97f3\u3057\u307e\u3057\u305f\u3002Un A\u00f1o de Bandera - (2009)\u3001Del Morero al Frang\u00ed - (2010)\u3001CD 1\u300cLOS BUERTOS: A LOT OF HISTORY, A LOT OF MUSIC\u300d - (2011)\u3001 Fil\u00e0 Cids -(2012 )\u3001Fco. Valor Llorens \u306b\u3088\u308b\u300cLeyenda\u300d -(2014)\u3001BENJAMA EN FIESTAS -(2018)\u3002<br>\u5f7c\u306f\u3001\u30a2\u30c4\u30a7\u30cd\u30bf\u97f3\u697d\u9023\u76df (2004 \uff5e 2008 \u5e74)\u3001\u30a2\u30eb\u30d5\u30a1\u30e9\u30fc\u30b7\u97f3\u697d\u6307\u5c0e\u5354\u4f1a (2005 \uff5e 2008 \u5e74)\u3001\u30c9\u30a5\u30eb\u30b6\u30a4\u30ca\u3068\u30d1\u30fc\u30ab\u30c3\u30b7\u30e7\u30f3\u306e\u30b0\u30eb\u30fc\u30d7\u300c\u30e9 \u30a2\u30ec\u30a2\u30b7\u30aa\u30f3 \u30c7 \u30aa\u30f3\u30c6\u30a3\u30cb\u30a8\u30f3\u30c8\u300d (2004 \uff5e 2008 \u5e74) \u306e\u9996\u5e2d\u76e3\u7763\u3092\u52d9\u3081\u3001\u305d\u306e\u4e2d\u3067\u512a\u52dd\u3057\u307e\u3057\u305f\u3002\u30b3\u30bb\u30f3\u30bf\u30a4\u30ca\u97f3\u697d\u30b3\u30f3\u30af\u30fc\u30eb\uff082008\uff5e2015\u5e74\uff09\u306e\u30e0\u30ed\u30fb\u30c9\u30a5\u30eb\u30b6\u30a4\u30cd\u30ed\u30b9\u3068\u6253\u697d\u5668\u30b0\u30eb\u30fc\u30d7\u300c\u30e9\u30fb\u30b5\u30d5\u30a3\u30ac\u300d\u3067\u3001\u30a2\u30eb\u30c6\u30a2\u30fb\u30b3\u30f3\u30c6\u30b9\u30c8\u30671\u4f4d\uff082006\u5e74\uff09\u3001\u30de\u30cb\u30bb\u30b9\u30fb\u30b3\u30f3\u30c6\u30b9\u30c8\u30672\u4f4d\uff082007\u5e74\uff09\u3092\u53d7\u8cde\u3002 2013\u5e74\u300cX CERTAMEN DE M\u00daSICA FESTERA DE ALTEA LA VELLA\u300d\u3067\u512a\u52dd\u30012015\u5e74LXVIII\u5168\u56fd\u97f3\u697d\u30d0\u30f3\u30c9\u30b3\u30f3\u30c6\u30b9\u30c8\u300c\u30b7\u30a6\u30c0\u30fc\u30c9\u30fb\u30c7\u30fb\u30af\u30ea\u30a7\u30e9\u300d\u3067\u6700\u512a\u79c0\u30d1\u30ec\u30fc\u30c9\u8cde\u3001\u30a2\u30ea\u30a2\u30f3\u30b5\u30fb\u30c7\u30fb\u30e0\u30c1\u30e3\u30e1\u30eb\u97f3\u697d\u5354\u4f1a\u8cde\u3092\u53d7\u8cde\uff082016\u5e742020\u5e74\uff09\u30c8\u30ed\u30f3\u30dc\u30fc\u30f3\u6559\u5e2b\u3067\u3042\u308a\u3001\u30a2\u30eb\u30d0\u30a4\u30c0\u5e02\u7acb\u97f3\u697d\u9662\u306e\u7814\u7a76\u90e8\u9577\u3067\u3082\u3042\u308a\u307e\u3059\u3002\u5f7c\u306f\u30e9\u30d1\u30b9\u30fb\u30c7\u30fb\u30d9\u30cd\u30b7\u30e3\u30de\u97f3\u697d\u5354\u4f1a\u306e\u4e3b\u4efb\u7406\u4e8b\u3067\u3059\u3002<\/p>\n<\/div>\n<\/div><\/div>\n\n\n<div class=\"woocommerce columns-4\"><ul class=\"products columns-4\">\n<li class=\"desktop-align-left tablet-align-left mobile-align-left ast-product-gallery-layout-horizontal-slider product type-product post-1059 status-publish first instock product_cat-musica-de-calle product_tag-mario-roig-vila has-post-thumbnail downloadable virtual taxable purchasable product-type-simple\">\n\t<a href=\"https:\/\/www.omnesbands.international\/ja\/product\/arali\/\" class=\"woocommerce-LoopProduct-link woocommerce-loop-product__link\"><img loading=\"lazy\" decoding=\"async\" width=\"300\" height=\"300\" src=\"https:\/\/www.omnesbands.international\/wp-content\/uploads\/2023\/01\/Arali-300x300.jpg\" class=\"attachment-woocommerce_thumbnail size-woocommerce_thumbnail\" alt=\"Aral\u00ed\" srcset=\"https:\/\/www.omnesbands.international\/wp-content\/uploads\/2023\/01\/Arali-300x300.jpg 300w, https:\/\/www.omnesbands.international\/wp-content\/uploads\/2023\/01\/Arali-150x150.jpg 150w, https:\/\/www.omnesbands.international\/wp-content\/uploads\/2023\/01\/Arali-100x100.jpg 100w\" sizes=\"auto, (max-width: 300px) 100vw, 300px\" \/><h2 class=\"woocommerce-loop-product__title\">\u30a2\u30e9\u30ea<\/h2>\n\t<span class=\"price\"><span class=\"woocommerce-Price-amount amount\"><bdi><span class=\"woocommerce-Price-currencySymbol\">&#36;<\/span>30.00<\/bdi><\/span><\/span>\n<\/a><a href=\"\/ja\/wp-json\/wp\/v2\/pages\/1749?add-to-cart=1059\" aria-describedby=\"woocommerce_loop_add_to_cart_link_describedby_1059\" data-quantity=\"1\" class=\"button product_type_simple add_to_cart_button ajax_add_to_cart\" data-product_id=\"1059\" data-product_sku=\"ARL-CAL-ESP-22\" aria-label=\"\u30ab\u30fc\u30c8\u306b\u8ffd\u52a0: \u300cAral\u00ed\u300d\" rel=\"nofollow\" data-success_message=\"\u300cAral\u00ed\u300d\u3092\u304a\u8cb7\u3044\u7269\u30ab\u30b4\u306b\u8ffd\u52a0\u3057\u307e\u3057\u305f\" role=\"button\" data-no-translation=\"\" data-trp-gettext=\"\" data-no-translation-aria-label=\"\" data-no-translation-data-success_message=\"\">\u304a\u8cb7\u3044\u7269\u30ab\u30b4\u306b\u8ffd\u52a0<\/a>\t<span id=\"woocommerce_loop_add_to_cart_link_describedby_1059\" class=\"screen-reader-text\">\n\t\t\t<\/span>\n<\/li>\n<\/ul>\n<\/div>","protected":false},"excerpt":{"rendered":"<p>MARIO ROIG VILA Nace en Albaida (Valencia) el 26 de junio de 1972, es profesor superior en la especialidad de tromb\u00f3n y de composici\u00f3n, es diplomado en direcci\u00f3n de banda por The Associeated Board Of The Royal School Of Music. Inicia sus estudios musicales en la Uni\u00f3n Musical de Albaida \u201cLAranya\u201d con la percusi\u00f3n y [&hellip;]<\/p>\n","protected":false},"author":4,"featured_media":0,"parent":0,"menu_order":0,"comment_status":"closed","ping_status":"closed","template":"","meta":{"_acf_changed":false,"_uag_custom_page_level_css":"","site-sidebar-layout":"default","site-content-layout":"","ast-site-content-layout":"default","site-content-style":"default","site-sidebar-style":"default","ast-global-header-display":"","ast-banner-title-visibility":"","ast-main-header-display":"","ast-hfb-above-header-display":"","ast-hfb-below-header-display":"","ast-hfb-mobile-header-display":"","site-post-title":"disabled","ast-breadcrumbs-content":"","ast-featured-img":"","footer-sml-layout":"","ast-disable-related-posts":"","theme-transparent-header-meta":"","adv-header-id-meta":"","stick-header-meta":"","header-above-stick-meta":"","header-main-stick-meta":"","header-below-stick-meta":"","astra-migrate-meta-layouts":"default","ast-page-background-enabled":"default","ast-page-background-meta":{"desktop":{"background-color":"","background-image":"","background-repeat":"repeat","background-position":"center center","background-size":"auto","background-attachment":"scroll","background-type":"","background-media":"","overlay-type":"","overlay-color":"","overlay-opacity":"","overlay-gradient":""},"tablet":{"background-color":"","background-image":"","background-repeat":"repeat","background-position":"center center","background-size":"auto","background-attachment":"scroll","background-type":"","background-media":"","overlay-type":"","overlay-color":"","overlay-opacity":"","overlay-gradient":""},"mobile":{"background-color":"","background-image":"","background-repeat":"repeat","background-position":"center center","background-size":"auto","background-attachment":"scroll","background-type":"","background-media":"","overlay-type":"","overlay-color":"","overlay-opacity":"","overlay-gradient":""}},"ast-content-background-meta":{"desktop":{"background-color":"var(--ast-global-color-5)","background-image":"","background-repeat":"repeat","background-position":"center center","background-size":"auto","background-attachment":"scroll","background-type":"","background-media":"","overlay-type":"","overlay-color":"","overlay-opacity":"","overlay-gradient":""},"tablet":{"background-color":"var(--ast-global-color-5)","background-image":"","background-repeat":"repeat","background-position":"center center","background-size":"auto","background-attachment":"scroll","background-type":"","background-media":"","overlay-type":"","overlay-color":"","overlay-opacity":"","overlay-gradient":""},"mobile":{"background-color":"var(--ast-global-color-5)","background-image":"","background-repeat":"repeat","background-position":"center center","background-size":"auto","background-attachment":"scroll","background-type":"","background-media":"","overlay-type":"","overlay-color":"","overlay-opacity":"","overlay-gradient":""}},"footnotes":""},"class_list":["post-1749","page","type-page","status-publish","hentry"],"acf":[],"yoast_head":"<!-- This site is optimized with the Yoast SEO Premium plugin v22.4 (Yoast SEO v27.4) - https:\/\/yoast.com\/product\/yoast-seo-premium-wordpress\/ -->\n<title>MARIO ROIG VILA -<\/title>\n<meta name=\"robots\" content=\"index, follow, max-snippet:-1, max-image-preview:large, max-video-preview:-1\" \/>\n<link rel=\"canonical\" href=\"https:\/\/www.omnesbands.international\/ja\/mario-roig-vila-2\/\" \/>\n<meta property=\"og:locale\" content=\"ja_JP\" \/>\n<meta property=\"og:type\" content=\"article\" \/>\n<meta property=\"og:title\" content=\"MARIO ROIG VILA\" \/>\n<meta property=\"og:description\" content=\"MARIO ROIG VILA Nace en Albaida (Valencia) el 26 de junio de 1972, es profesor superior en la especialidad de tromb\u00f3n y de composici\u00f3n, es diplomado en direcci\u00f3n de banda por The Associeated Board Of The Royal School Of Music. Inicia sus estudios musicales en la Uni\u00f3n Musical de Albaida \u201cLAranya\u201d con la percusi\u00f3n y [&hellip;]\" \/>\n<meta property=\"og:url\" content=\"https:\/\/www.omnesbands.international\/ja\/mario-roig-vila-2\/\" \/>\n<meta property=\"article:modified_time\" content=\"2023-01-29T15:21:47+00:00\" \/>\n<meta property=\"og:image\" content=\"https:\/\/www.omnesbands.international\/wp-content\/uploads\/2023\/01\/music-sheet-music-snowdrop-7107045.jpg\" \/>\n\t<meta property=\"og:image:width\" content=\"1280\" \/>\n\t<meta property=\"og:image:height\" content=\"742\" \/>\n\t<meta property=\"og:image:type\" content=\"image\/jpeg\" \/>\n<meta name=\"twitter:card\" content=\"summary_large_image\" \/>\n<meta name=\"twitter:label1\" content=\"\u63a8\u5b9a\u8aad\u307f\u53d6\u308a\u6642\u9593\" \/>\n\t<meta name=\"twitter:data1\" content=\"3\u5206\" \/>\n<script type=\"application\/ld+json\" class=\"yoast-schema-graph\">{\"@context\":\"https:\\\/\\\/schema.org\",\"@graph\":[{\"@type\":\"WebPage\",\"@id\":\"https:\\\/\\\/www.omnesbands.international\\\/mario-roig-vila-2\\\/\",\"url\":\"https:\\\/\\\/www.omnesbands.international\\\/mario-roig-vila-2\\\/\",\"name\":\"MARIO ROIG VILA -\",\"isPartOf\":{\"@id\":\"https:\\\/\\\/www.omnesbands.international\\\/#website\"},\"datePublished\":\"2023-01-29T15:21:07+00:00\",\"dateModified\":\"2023-01-29T15:21:47+00:00\",\"breadcrumb\":{\"@id\":\"https:\\\/\\\/www.omnesbands.international\\\/mario-roig-vila-2\\\/#breadcrumb\"},\"inLanguage\":\"ja\",\"potentialAction\":[{\"@type\":\"ReadAction\",\"target\":[\"https:\\\/\\\/www.omnesbands.international\\\/mario-roig-vila-2\\\/\"]}]},{\"@type\":\"BreadcrumbList\",\"@id\":\"https:\\\/\\\/www.omnesbands.international\\\/mario-roig-vila-2\\\/#breadcrumb\",\"itemListElement\":[{\"@type\":\"ListItem\",\"position\":1,\"name\":\"Portada\",\"item\":\"https:\\\/\\\/www.omnesbands.international\\\/\"},{\"@type\":\"ListItem\",\"position\":2,\"name\":\"MARIO ROIG VILA\"}]},{\"@type\":\"WebSite\",\"@id\":\"https:\\\/\\\/www.omnesbands.international\\\/#website\",\"url\":\"https:\\\/\\\/www.omnesbands.international\\\/\",\"name\":\"OMNESBANDS International\",\"description\":\"Partituras Originales de autores y compositores independientes\",\"publisher\":{\"@id\":\"https:\\\/\\\/www.omnesbands.international\\\/#organization\"},\"potentialAction\":[{\"@type\":\"SearchAction\",\"target\":{\"@type\":\"EntryPoint\",\"urlTemplate\":\"https:\\\/\\\/www.omnesbands.international\\\/?s={search_term_string}\"},\"query-input\":{\"@type\":\"PropertyValueSpecification\",\"valueRequired\":true,\"valueName\":\"search_term_string\"}}],\"inLanguage\":\"ja\"},{\"@type\":\"Organization\",\"@id\":\"https:\\\/\\\/www.omnesbands.international\\\/#organization\",\"name\":\"Indra Consultores Internacionales\",\"alternateName\":\"Omnesbands\",\"url\":\"https:\\\/\\\/www.omnesbands.international\\\/\",\"logo\":{\"@type\":\"ImageObject\",\"inLanguage\":\"ja\",\"@id\":\"https:\\\/\\\/www.omnesbands.international\\\/#\\\/schema\\\/logo\\\/image\\\/\",\"url\":\"https:\\\/\\\/omnesbands.international\\\/wp-content\\\/uploads\\\/2023\\\/06\\\/Logo-Nuevo-.png\",\"contentUrl\":\"https:\\\/\\\/omnesbands.international\\\/wp-content\\\/uploads\\\/2023\\\/06\\\/Logo-Nuevo-.png\",\"width\":394,\"height\":212,\"caption\":\"Indra Consultores Internacionales\"},\"image\":{\"@id\":\"https:\\\/\\\/www.omnesbands.international\\\/#\\\/schema\\\/logo\\\/image\\\/\"}}]}<\/script>\n<!-- \/ Yoast SEO Premium plugin. -->","yoast_head_json":{"title":"MARIO ROIG VILA -","robots":{"index":"index","follow":"follow","max-snippet":"max-snippet:-1","max-image-preview":"max-image-preview:large","max-video-preview":"max-video-preview:-1"},"canonical":"https:\/\/www.omnesbands.international\/ja\/mario-roig-vila-2\/","og_locale":"ja_JP","og_type":"article","og_title":"MARIO ROIG VILA","og_description":"MARIO ROIG VILA Nace en Albaida (Valencia) el 26 de junio de 1972, es profesor superior en la especialidad de tromb\u00f3n y de composici\u00f3n, es diplomado en direcci\u00f3n de banda por The Associeated Board Of The Royal School Of Music. Inicia sus estudios musicales en la Uni\u00f3n Musical de Albaida \u201cLAranya\u201d con la percusi\u00f3n y [&hellip;]","og_url":"https:\/\/www.omnesbands.international\/ja\/mario-roig-vila-2\/","article_modified_time":"2023-01-29T15:21:47+00:00","og_image":[{"width":1280,"height":742,"url":"https:\/\/www.omnesbands.international\/wp-content\/uploads\/2023\/01\/music-sheet-music-snowdrop-7107045.jpg","type":"image\/jpeg"}],"twitter_card":"summary_large_image","twitter_misc":{"\u63a8\u5b9a\u8aad\u307f\u53d6\u308a\u6642\u9593":"3\u5206"},"schema":{"@context":"https:\/\/schema.org","@graph":[{"@type":"WebPage","@id":"https:\/\/www.omnesbands.international\/mario-roig-vila-2\/","url":"https:\/\/www.omnesbands.international\/mario-roig-vila-2\/","name":"MARIO ROIG VILA -","isPartOf":{"@id":"https:\/\/www.omnesbands.international\/#website"},"datePublished":"2023-01-29T15:21:07+00:00","dateModified":"2023-01-29T15:21:47+00:00","breadcrumb":{"@id":"https:\/\/www.omnesbands.international\/mario-roig-vila-2\/#breadcrumb"},"inLanguage":"ja","potentialAction":[{"@type":"ReadAction","target":["https:\/\/www.omnesbands.international\/mario-roig-vila-2\/"]}]},{"@type":"BreadcrumbList","@id":"https:\/\/www.omnesbands.international\/mario-roig-vila-2\/#breadcrumb","itemListElement":[{"@type":"ListItem","position":1,"name":"Portada","item":"https:\/\/www.omnesbands.international\/"},{"@type":"ListItem","position":2,"name":"MARIO ROIG VILA"}]},{"@type":"WebSite","@id":"https:\/\/www.omnesbands.international\/#website","url":"https:\/\/www.omnesbands.international\/","name":"OMNESBANDS International","description":"\u72ec\u7acb\u3057\u305f\u4f5c\u5bb6\u3084\u4f5c\u66f2\u5bb6\u306b\u3088\u308b\u30aa\u30ea\u30b8\u30ca\u30eb\u306e\u697d\u8b5c","publisher":{"@id":"https:\/\/www.omnesbands.international\/#organization"},"potentialAction":[{"@type":"SearchAction","target":{"@type":"EntryPoint","urlTemplate":"https:\/\/www.omnesbands.international\/?s={search_term_string}"},"query-input":{"@type":"PropertyValueSpecification","valueRequired":true,"valueName":"search_term_string"}}],"inLanguage":"ja"},{"@type":"Organization","@id":"https:\/\/www.omnesbands.international\/#organization","name":"\u30a4\u30f3\u30c9\u30e9\u56fd\u969b\u30b3\u30f3\u30b5\u30eb\u30bf\u30f3\u30c8","alternateName":"Omnesbands","url":"https:\/\/www.omnesbands.international\/","logo":{"@type":"ImageObject","inLanguage":"ja","@id":"https:\/\/www.omnesbands.international\/#\/schema\/logo\/image\/","url":"https:\/\/omnesbands.international\/wp-content\/uploads\/2023\/06\/Logo-Nuevo-.png","contentUrl":"https:\/\/omnesbands.international\/wp-content\/uploads\/2023\/06\/Logo-Nuevo-.png","width":394,"height":212,"caption":"Indra Consultores Internacionales"},"image":{"@id":"https:\/\/www.omnesbands.international\/#\/schema\/logo\/image\/"}}]}},"uagb_featured_image_src":{"full":false,"thumbnail":false,"medium":false,"medium_large":false,"large":false,"1536x1536":false,"2048x2048":false,"trp-custom-language-flag":false,"gg_gallery_thumbnail":false,"woocommerce_thumbnail":false,"woocommerce_single":false,"woocommerce_gallery_thumbnail":false},"uagb_author_info":{"display_name":"Melvin R. Portillo A:","author_link":"https:\/\/www.omnesbands.international\/ja\/author\/portand\/"},"uagb_comment_info":0,"uagb_excerpt":"MARIO ROIG VILA Nace en Albaida (Valencia) el 26 de junio de 1972, es profesor superior en la especialidad de tromb\u00f3n y de composici\u00f3n, es diplomado en direcci\u00f3n de banda por The Associeated Board Of The Royal School Of Music. Inicia sus estudios musicales en la Uni\u00f3n Musical de Albaida \u201cLAranya\u201d con la percusi\u00f3n y&hellip;","_links":{"self":[{"href":"https:\/\/www.omnesbands.international\/ja\/wp-json\/wp\/v2\/pages\/1749","targetHints":{"allow":["GET"]}}],"collection":[{"href":"https:\/\/www.omnesbands.international\/ja\/wp-json\/wp\/v2\/pages"}],"about":[{"href":"https:\/\/www.omnesbands.international\/ja\/wp-json\/wp\/v2\/types\/page"}],"author":[{"embeddable":true,"href":"https:\/\/www.omnesbands.international\/ja\/wp-json\/wp\/v2\/users\/4"}],"replies":[{"embeddable":true,"href":"https:\/\/www.omnesbands.international\/ja\/wp-json\/wp\/v2\/comments?post=1749"}],"version-history":[{"count":2,"href":"https:\/\/www.omnesbands.international\/ja\/wp-json\/wp\/v2\/pages\/1749\/revisions"}],"predecessor-version":[{"id":1751,"href":"https:\/\/www.omnesbands.international\/ja\/wp-json\/wp\/v2\/pages\/1749\/revisions\/1751"}],"wp:attachment":[{"href":"https:\/\/www.omnesbands.international\/ja\/wp-json\/wp\/v2\/media?parent=1749"}],"curies":[{"name":"wp","href":"https:\/\/api.w.org\/{rel}","templated":true}]}}