{"id":1752,"date":"2023-01-29T09:26:30","date_gmt":"2023-01-29T15:26:30","guid":{"rendered":"https:\/\/omnesbands.international\/?page_id=1752"},"modified":"2023-01-29T09:26:32","modified_gmt":"2023-01-29T15:26:32","slug":"martinez-gallego-2","status":"publish","type":"page","link":"https:\/\/www.omnesbands.international\/ja\/martinez-gallego-2\/","title":{"rendered":"\u30de\u30eb\u30c6\u30a3\u30cd\u30b9\u30fb\u30ac\u30ec\u30b4"},"content":{"rendered":"<div class=\"wp-block-uagb-container uagb-block-472dd3a6 alignfull uagb-is-root-container\"><div class=\"uagb-container-inner-blocks-wrap\">\n<div class=\"wp-block-uagb-advanced-heading uagb-block-698155a7\"><h1 class=\"uagb-heading-text\"><strong>\u30de\u30eb\u30c6\u30a3\u30cd\u30b9\u30fb\u30ac\u30ec\u30b4<\/strong><\/h1><\/div>\n<\/div><\/div>\n\n\n\n<div class=\"wp-block-uagb-container uagb-block-6cef1197 alignfull uagb-is-root-container\"><div class=\"uagb-container-inner-blocks-wrap\">\n<div class=\"wp-block-uagb-container uagb-block-eb72df11\">\n<p>\u30d5\u30e9\u30f3\u30b7\u30b9\u30b3\u30fb\u30db\u30bb\u30fb\u30de\u30eb\u30c6\u30a3\u30cd\u30b9\u30fb\u30ac\u30ec\u30b4\uff081969-\uff09\u306f\u30d0\u30ec\u30f3\u30b7\u30a2\u5dde\u30b5\u30f3\u30a2\u30f3\u30c8\u30cb\u30aa\u30fb\u30c7\u30fb\u30ec\u30b1\u30ca\u3067\u751f\u307e\u308c\u307e\u3057\u305f\u3002\u5f7c\u306f\u30b5\u30f3\u30fb\u30a2\u30f3\u30c8\u30cb\u30aa\u30fb\u30c7\u30fb\u30ec\u30b1\u30ca\u306e\u30e9\u30fb\u30a2\u30eb\u30e2\u30cb\u30ab\u97f3\u697d\u5354\u4f1a\u97f3\u697d\u9662\u3067\u97f3\u697d\u306e\u52c9\u5f37\u3092\u59cb\u3081\u307e\u3057\u305f\u3002\u305d\u306e\u5f8c\u3001\u30e0\u30eb\u30b7\u30a2\u3001\u30c8\u30ec\u30f3\u30c6\u3001\u30d0\u30ec\u30f3\u30b7\u30a2\u306e\u97f3\u697d\u9662\u306b\u5165\u5b66\u3057\u30011994\u5e74\u306b\u30af\u30e9\u30ea\u30cd\u30c3\u30c8\u306e\u4e0a\u7d1a\u5b66\u4f4d\u3092\u53d6\u5f97\u3057\u307e\u3057\u305f\u3002<\/p>\n<p>\u5f7c\u306f\u30af\u30e9\u30ea\u30cd\u30c3\u30c8\u6559\u5e2b\u3001\u30d0\u30f3\u30c9\u30c7\u30a3\u30ec\u30af\u30bf\u30fc\u3001\u4f5c\u66f2\u5bb6\u3068\u3057\u3066\u50cd\u3044\u3066\u3044\u307e\u3059\u3002 1998\u5e74\u306b\u30e4\u30f3\u30fb\u30b3\u30fc\u30d0\u30fc\u3068\u30db\u30bb\u30fb\u30e9\u30d5\u30a1\u30a8\u30eb\u30fb\u30d1\u30b9\u30af\u30a2\u30eb\u30fb\u30f4\u30a3\u30e9\u30d7\u30e9\u30fc\u30ca\u3068\u3068\u3082\u306b\u97f3\u697d\u306e\u7814\u7a76\u3092\u5e83\u3052\u305f\u3002\u30bd\u30b7\u30a8\u30c0 \u30df\u30e5\u30fc\u30b8\u30ab\u30eb \u30e9 \u30a2\u30eb\u30e2\u30cb\u30ab \u30c7 \u30b5\u30f3 \u30a2\u30f3\u30c8\u30cb\u30aa\u306e\u30e6\u30fc\u30b9 \u30d0\u30f3\u30c9\u3001\u30bd\u30b7\u30a8\u30c0 \u30df\u30e5\u30fc\u30b8\u30ab\u30eb \u30a8\u30eb \u30a2\u30eb\u30c6 \u30c7 \u30b7\u30ca\u30eb\u30ab\u30b9 \u30b0\u30eb\u30fc\u30d7\u3068\u30a2\u30eb\u30e2\u30cb\u30ab \u30d6\u30e9\u30b9 \u30b0\u30eb\u30fc\u30d7\u306e\u30c7\u30a3\u30ec\u30af\u30bf\u30fc\u3002<br \/>\u30c0\u30cb\u30a8\u30eb\u30fb\u30d5\u30ed\u30fc\u30eb\u30b9\u3001\u30d5\u30a7\u30ec\u30fc\u30eb\u30fb\u30d5\u30a7\u30e9\u30f3\u3001\u30c6\u30aa\u30c9\u30ed\u30fb\u30a2\u30d1\u30ea\u30b7\u30aa\u30fb\u30d0\u30eb\u30d9\u30e9\u30f3\u3001\u30df\u30b2\u30eb\u30fb\u30a2\u30f3\u30d8\u30eb\u30fb\u30de\u30c6\u30a6\u306b\u4f5c\u66f2\u3092\u5b66\u3076\u3002\u5f7c\u81ea\u8eab\u306e\u4f5c\u54c1\u306e\u4e2d\u306b\u306f\u30012004 \u5e74\u306b\u4f5c\u66f2\u3055\u308c\u305f\u53e4\u5178\u30a8\u30b8\u30d7\u30c8\u306b\u3064\u3044\u3066\u306e\u4ea4\u97ff\u8a69\u300c\u30a2\u30b1\u30ca\u30c6\u30f3\u300d\u30012005 \u5e74\u306e\u7d44\u66f2\u300c\u30e9\u30fb\u30b3\u30f3\u30bb\u30d7\u30b7\u30aa\u30f3\u30fb\u30a2\u30f3 1910\u300d\u3001\u540c\u3058\u304f 2005 \u5e74\u306e\u30d0\u30f3\u30c9\u306e\u305f\u3081\u306e\u7d44\u66f2\u300c\u30e2\u30cc\u30e1\u30f3\u30c8\u30b9\u300d\u304c\u3042\u308a\u3001\u3053\u306e\u66f2\u3067\u5f7c\u306f\u30a2\u30ab\u30c7\u30df\u30fc\u4f5c\u66f2\u8cde\u3092\u53d7\u8cde\u3057\u307e\u3057\u305f\u3002 Finestrat Band \u306e\u305f\u3081\u306e\u4ea4\u97ff\u697d\u3001\u304a\u3088\u3073 2007 \u5e74\u306e\u30b7\u30fc\u30f3 \u30aa\u30d6 \u30b6 \u30a4\u30e4\u30fc\u306e\u97f3\u697d\u3001\u3055\u307e\u3056\u307e\u306a\u6f14\u5287\u30b8\u30e3\u30f3\u30eb\u306e\u7d44\u66f2\u300cTheatrum\u300d\u3002<\/p>\n<p>2010\u5e746\u6708\u3001\u30ab\u30b9\u30c6\u30ea\u30e7\u30f3\u30fb\u30c7\u30fb\u30e9\u30fb\u30d7\u30e9\u30ca\u306e\u30b5\u30eb\u30d0\u30c9\u30fc\u30eb\u30fb\u30bb\u30ae\u9ad8\u7b49\u97f3\u697d\u9662\u3067\u4f5c\u66f2\u306e\u9ad8\u7b49\u5b66\u4f4d\u3092\u53d6\u5f97\u3057\u3001\u30d5\u30a7\u30ec\u30fc\u30eb\u30fb\u30d5\u30a7\u30e9\u30f3\u3001\u30bb\u30b5\u30eb\u30fb\u30ab\u30ce\u30fb\u30d5\u30a9\u30e9\u30c3\u30c8\u3001\u30df\u30b2\u30eb\u30fb\u30a2\u30f3\u30d8\u30eb\u30fb\u30d9\u30eb\u30d3\u30b9\u30fb\u30ed\u30da\u30b9\u3001\u30af\u30e9\u30a6\u30c7\u30a3\u30a2\u30fb\u30e2\u30f3\u30c6\u30ed\u3001\u30d8\u30b9\u30b9\u30fb\u30d3\u30b9\u30ab\u30a4\u30ce\u3001\u30a8\u30df\u30ea\u30aa\u30fb\u30ab\u30e9\u30f3\u30c7\u30a3\u30f3\u30fb\u30a8\u30eb\u30ca\u30f3\u30c7\u30b9\u306b\u5e2b\u4e8b\u3057\u305f\u3002<br \/>\u5f7c\u306f\u307e\u305f\u3001\u30d0\u30ec\u30f3\u30b7\u30a2\u306e\u56fd\u3067\u30e0\u30fc\u30a2\u4eba\u3068\u30ad\u30ea\u30b9\u30c8\u6559\u5f92\u306e\u796d\u308a\u306e\u969b\u306b\u4eba\u6c17\u306e\u3042\u308b\u3001\u304a\u796d\u308a\u306e\u30b8\u30e3\u30f3\u30eb\u306e\u97f3\u697d\u3082\u4f5c\u66f2\u3057\u3066\u3044\u307e\u3059\u3002 2000\u5e74\u306b\u7b2c1\u56de\u30a2\u30eb\u30c6\u30a2\u796d\u97f3\u697d\u30b3\u30f3\u30af\u30fc\u30eb\u3067\u30de\u30eb\u30c1\u30e3\u30fb\u30e2\u30fc\u30e9\u30fb\u30ba\u30a3\u30ea\u30e3\u30d6\u3067\u7b2c1\u4f4d\u3092\u7372\u5f97\u3057\u30012002\u5e74\u306b\u306f\u7b2c2\u56de\u30ab\u30eb\u30da\u796d\u97f3\u697d\u4f5c\u66f2\u30b3\u30f3\u30af\u30fc\u30eb\u3067\u3082\u30de\u30eb\u30c1\u30e3\u30fb\u30e2\u30fc\u30e9\u30fb\u30d9\u30cb\u30d5\u30a1\u30c3\u30c8\u3067\u7b2c1\u4f4d\u3092\u53d7\u8cde\u3057\u305f\u3002<\/p>\n<p>\u300c\u4ea4\u97ff\u66f2\u7b2c 1 \u756a\u300d\uff08\u30ab\u30d7\u30ec\u30ab\u30fc\u30eb\uff09\u306f\u30012011 \u5e74\u306b\u4ea4\u97ff\u697d\u56e3\u306e\u305f\u3081\u306b\u4f5c\u66f2\u3055\u308c\u307e\u3057\u305f\u3002 2011\u5e7412\u67084\u65e5\u306b\u30d1\u30e9\u30aa\u30fb\u30a2\u30eb\u30c6\u30a2\u82b8\u8853\u30bb\u30f3\u30bf\u30fc\u3067\u958b\u50ac\u3055\u308c\u305fXL\u30f4\u30a3\u30e9\u30fb\u30c7\u30fb\u30a2\u30eb\u30c6\u30a2\u56fd\u969b\u30d0\u30f3\u30c9\u30fb\u30b3\u30f3\u30af\u30fc\u30eb\u306e\u30b7\u30f3\u30d5\u30a9\u30cb\u30c3\u30af\u90e8\u9580\u3067\u512a\u52dd\u3002\u30a8\u30f3\u30ea\u30b1\u30fb\u30a2\u30eb\u30c6\u30a3\u30ac\u306e\u6307\u63ee\u306e\u3082\u3068\u3001\u30e6\u30cb\u30aa\u30f3\u30fb\u30df\u30e5\u30fc\u30b8\u30ab\u30eb\u30fb\u30c7\u30fb\u30ea\u30ea\u30a2\u306b\u3088\u3063\u3066\u4e0a\u6f14\u3055\u308c\u307e\u3057\u305f\u3002<br \/>Dattatreya Ramachandra Kaprekar (1905-1986) \u306f\u30a4\u30f3\u30c9\u306e\u8457\u540d\u306a\u6570\u5b66\u8005\u3067\u3001\u6570\u8ad6\u5185\u306e\u3044\u304f\u3064\u304b\u306e\u6982\u5ff5\u3092\u958b\u767a\u3057\u307e\u3057\u305f\u3002\u6570\u5b57 6174 \u306f\u3001\u767a\u898b\u8005\u306e\u540d\u524d\u306b\u3061\u306a\u3093\u3067\u3001\u30ab\u30d7\u30ec\u30ab\u30fc\u5b9a\u6570\u307e\u305f\u306f\u30ab\u30d7\u30ec\u30ab\u30fc \u30aa\u30da\u30ec\u30fc\u30b7\u30e7\u30f3\u3068\u3057\u3066\u77e5\u3089\u308c\u3066\u3044\u307e\u3059\u3002<\/p>\n<p>\u3053\u306e\u6570\u5024\u306b\u306f\u3001\u6b21\u306e\u3088\u3046\u306b\u793a\u3055\u308c\u308b\u8208\u5473\u6df1\u3044\u7279\u6027\u304c\u3042\u308a\u307e\u3059\u3002\u307e\u305a\u3001\u4efb\u610f\u306e 4 \u6841\u306e\u6570\u5b57\u3092\u9078\u629e\u3057\u307e\u3059\u3002 4 \u3064\u306e\u6570\u5b57\u3092\u6607\u9806\u306b\u4e26\u3079\u3066\u3001\u6e1b\u7b97\u306e\u88ab\u6e1b\u6570\u3092\u6c42\u3081\u307e\u3059\u3002\u540c\u3058 4 \u6841\u3092\u964d\u9806\u306b\u4e26\u3079\u3066\u3001\u540c\u3058\u6e1b\u7b97\u306e\u6e1b\u6570\u3092\u6c42\u3081\u307e\u3059\u3002\u6b8b\u308a\u3092\u8a08\u7b97\u3057\u3001\u64cd\u4f5c\u3092\u5b9f\u884c\u3057\u307e\u3059\u3002\u4f59\u308a\u304c 6174 \u306b\u7b49\u3057\u304f\u306a\u3044\u5834\u5408\u306f\u3001\u524d\u306e 4 \u3064\u306e\u624b\u9806\u3092\u7e70\u308a\u8fd4\u3057\u3001\u5fc5\u8981\u306b\u5fdc\u3058\u3066\u88ab\u6e1b\u6570\u306e\u53f3\u5074\u3068\u6e1b\u6570\u306e\u5de6\u5074\u306b\u30bc\u30ed\u3092\u8ffd\u52a0\u3057\u3066 4 \u6841\u3092\u5b8c\u6210\u3055\u305b\u307e\u3059\u3002\u3053\u306e\u64cd\u4f5c\u306f\u3001\u5fc5\u8981\u306b\u5fdc\u3058\u3066\u6570\u56de (7 \u56de\u3092\u8d85\u3048\u306a\u3044\u3088\u3046\u306b) \u7e70\u308a\u8fd4\u3055\u308c\u3001\u6700\u7d42\u7684\u306b\u7d50\u679c 6174 \u304c\u5f97\u3089\u308c\u307e\u3059\u3002\u4e00\u9023\u306e\u30b9\u30c6\u30c3\u30d7\u304c\u7e70\u308a\u8fd4\u3057\u7e70\u308a\u8fd4\u3055\u308c\u308b\u5834\u5408\u30017641 \u3092\u8003\u616e\u3057\u3066\u524d\u8ff0\u306e\u7d50\u679c\u304c\u5f97\u3089\u308c\u308b\u305f\u3081\u3001\u30d7\u30ed\u30bb\u30b9\u306f\u3053\u3053\u3067\u7d42\u4e86\u3057\u307e\u3059\u3002\u30de\u30a4\u30ca\u30b9 1467 \u306f 6174 \u306b\u7b49\u3057\u3044\u3002<\/p>\n<\/div>\n<\/div><\/div>\n\n\n<div class=\"woocommerce columns-4\"><\/div>","protected":false},"excerpt":{"rendered":"<p>MART\u00cdNEZ GALLEGO Francisco Jos\u00e9 Mart\u00ednez Gallego (1969-) naci\u00f3 en San Antonio de Requena, en la provincia de Valencia. Empez\u00f3 sus estudios musicales en el Conservatorio de la Sociedad Musical La Arm\u00f3nica de San Antonio de Requena. Luego ingres\u00f3 en los Conservatorios de Murcia, Torrente y Valencia donde en 1994 obtuvo el t\u00edtulo superior de clarinete. [&hellip;]<\/p>\n","protected":false},"author":4,"featured_media":0,"parent":0,"menu_order":0,"comment_status":"closed","ping_status":"closed","template":"","meta":{"_acf_changed":false,"_uag_custom_page_level_css":"","site-sidebar-layout":"default","site-content-layout":"","ast-site-content-layout":"default","site-content-style":"default","site-sidebar-style":"default","ast-global-header-display":"","ast-banner-title-visibility":"","ast-main-header-display":"","ast-hfb-above-header-display":"","ast-hfb-below-header-display":"","ast-hfb-mobile-header-display":"","site-post-title":"disabled","ast-breadcrumbs-content":"","ast-featured-img":"","footer-sml-layout":"","ast-disable-related-posts":"","theme-transparent-header-meta":"","adv-header-id-meta":"","stick-header-meta":"","header-above-stick-meta":"","header-main-stick-meta":"","header-below-stick-meta":"","astra-migrate-meta-layouts":"default","ast-page-background-enabled":"default","ast-page-background-meta":{"desktop":{"background-color":"","background-image":"","background-repeat":"repeat","background-position":"center center","background-size":"auto","background-attachment":"scroll","background-type":"","background-media":"","overlay-type":"","overlay-color":"","overlay-opacity":"","overlay-gradient":""},"tablet":{"background-color":"","background-image":"","background-repeat":"repeat","background-position":"center center","background-size":"auto","background-attachment":"scroll","background-type":"","background-media":"","overlay-type":"","overlay-color":"","overlay-opacity":"","overlay-gradient":""},"mobile":{"background-color":"","background-image":"","background-repeat":"repeat","background-position":"center center","background-size":"auto","background-attachment":"scroll","background-type":"","background-media":"","overlay-type":"","overlay-color":"","overlay-opacity":"","overlay-gradient":""}},"ast-content-background-meta":{"desktop":{"background-color":"var(--ast-global-color-5)","background-image":"","background-repeat":"repeat","background-position":"center center","background-size":"auto","background-attachment":"scroll","background-type":"","background-media":"","overlay-type":"","overlay-color":"","overlay-opacity":"","overlay-gradient":""},"tablet":{"background-color":"var(--ast-global-color-5)","background-image":"","background-repeat":"repeat","background-position":"center center","background-size":"auto","background-attachment":"scroll","background-type":"","background-media":"","overlay-type":"","overlay-color":"","overlay-opacity":"","overlay-gradient":""},"mobile":{"background-color":"var(--ast-global-color-5)","background-image":"","background-repeat":"repeat","background-position":"center center","background-size":"auto","background-attachment":"scroll","background-type":"","background-media":"","overlay-type":"","overlay-color":"","overlay-opacity":"","overlay-gradient":""}},"footnotes":""},"class_list":["post-1752","page","type-page","status-publish","hentry"],"acf":[],"yoast_head":"<!-- This site is optimized with the Yoast SEO Premium plugin v22.4 (Yoast SEO v27.4) - https:\/\/yoast.com\/product\/yoast-seo-premium-wordpress\/ -->\n<title>MART\u00cdNEZ GALLEGO -<\/title>\n<meta name=\"robots\" content=\"index, follow, max-snippet:-1, max-image-preview:large, max-video-preview:-1\" \/>\n<link rel=\"canonical\" href=\"https:\/\/www.omnesbands.international\/ja\/martinez-gallego-2\/\" \/>\n<meta property=\"og:locale\" content=\"ja_JP\" \/>\n<meta property=\"og:type\" content=\"article\" \/>\n<meta property=\"og:title\" content=\"MART\u00cdNEZ GALLEGO\" \/>\n<meta property=\"og:description\" content=\"MART\u00cdNEZ GALLEGO Francisco Jos\u00e9 Mart\u00ednez Gallego (1969-) naci\u00f3 en San Antonio de Requena, en la provincia de Valencia. Empez\u00f3 sus estudios musicales en el Conservatorio de la Sociedad Musical La Arm\u00f3nica de San Antonio de Requena. Luego ingres\u00f3 en los Conservatorios de Murcia, Torrente y Valencia donde en 1994 obtuvo el t\u00edtulo superior de clarinete. [&hellip;]\" \/>\n<meta property=\"og:url\" content=\"https:\/\/www.omnesbands.international\/ja\/martinez-gallego-2\/\" \/>\n<meta property=\"article:modified_time\" content=\"2023-01-29T15:26:32+00:00\" \/>\n<meta property=\"og:image\" content=\"https:\/\/www.omnesbands.international\/wp-content\/uploads\/2023\/01\/music-sheet-music-snowdrop-7107045.jpg\" \/>\n\t<meta property=\"og:image:width\" content=\"1280\" \/>\n\t<meta property=\"og:image:height\" content=\"742\" \/>\n\t<meta property=\"og:image:type\" content=\"image\/jpeg\" \/>\n<meta name=\"twitter:card\" content=\"summary_large_image\" \/>\n<meta name=\"twitter:label1\" content=\"\u63a8\u5b9a\u8aad\u307f\u53d6\u308a\u6642\u9593\" \/>\n\t<meta name=\"twitter:data1\" content=\"3\u5206\" \/>\n<script type=\"application\/ld+json\" class=\"yoast-schema-graph\">{\"@context\":\"https:\\\/\\\/schema.org\",\"@graph\":[{\"@type\":\"WebPage\",\"@id\":\"https:\\\/\\\/www.omnesbands.international\\\/martinez-gallego-2\\\/\",\"url\":\"https:\\\/\\\/www.omnesbands.international\\\/martinez-gallego-2\\\/\",\"name\":\"MART\u00cdNEZ GALLEGO -\",\"isPartOf\":{\"@id\":\"https:\\\/\\\/www.omnesbands.international\\\/#website\"},\"datePublished\":\"2023-01-29T15:26:30+00:00\",\"dateModified\":\"2023-01-29T15:26:32+00:00\",\"breadcrumb\":{\"@id\":\"https:\\\/\\\/www.omnesbands.international\\\/martinez-gallego-2\\\/#breadcrumb\"},\"inLanguage\":\"ja\",\"potentialAction\":[{\"@type\":\"ReadAction\",\"target\":[\"https:\\\/\\\/www.omnesbands.international\\\/martinez-gallego-2\\\/\"]}]},{\"@type\":\"BreadcrumbList\",\"@id\":\"https:\\\/\\\/www.omnesbands.international\\\/martinez-gallego-2\\\/#breadcrumb\",\"itemListElement\":[{\"@type\":\"ListItem\",\"position\":1,\"name\":\"Portada\",\"item\":\"https:\\\/\\\/www.omnesbands.international\\\/\"},{\"@type\":\"ListItem\",\"position\":2,\"name\":\"MART\u00cdNEZ GALLEGO\"}]},{\"@type\":\"WebSite\",\"@id\":\"https:\\\/\\\/www.omnesbands.international\\\/#website\",\"url\":\"https:\\\/\\\/www.omnesbands.international\\\/\",\"name\":\"OMNESBANDS International\",\"description\":\"Partituras Originales de autores y compositores independientes\",\"publisher\":{\"@id\":\"https:\\\/\\\/www.omnesbands.international\\\/#organization\"},\"potentialAction\":[{\"@type\":\"SearchAction\",\"target\":{\"@type\":\"EntryPoint\",\"urlTemplate\":\"https:\\\/\\\/www.omnesbands.international\\\/?s={search_term_string}\"},\"query-input\":{\"@type\":\"PropertyValueSpecification\",\"valueRequired\":true,\"valueName\":\"search_term_string\"}}],\"inLanguage\":\"ja\"},{\"@type\":\"Organization\",\"@id\":\"https:\\\/\\\/www.omnesbands.international\\\/#organization\",\"name\":\"Indra Consultores Internacionales\",\"alternateName\":\"Omnesbands\",\"url\":\"https:\\\/\\\/www.omnesbands.international\\\/\",\"logo\":{\"@type\":\"ImageObject\",\"inLanguage\":\"ja\",\"@id\":\"https:\\\/\\\/www.omnesbands.international\\\/#\\\/schema\\\/logo\\\/image\\\/\",\"url\":\"https:\\\/\\\/omnesbands.international\\\/wp-content\\\/uploads\\\/2023\\\/06\\\/Logo-Nuevo-.png\",\"contentUrl\":\"https:\\\/\\\/omnesbands.international\\\/wp-content\\\/uploads\\\/2023\\\/06\\\/Logo-Nuevo-.png\",\"width\":394,\"height\":212,\"caption\":\"Indra Consultores Internacionales\"},\"image\":{\"@id\":\"https:\\\/\\\/www.omnesbands.international\\\/#\\\/schema\\\/logo\\\/image\\\/\"}}]}<\/script>\n<!-- \/ Yoast SEO Premium plugin. -->","yoast_head_json":{"title":"MART\u00cdNEZ GALLEGO -","robots":{"index":"index","follow":"follow","max-snippet":"max-snippet:-1","max-image-preview":"max-image-preview:large","max-video-preview":"max-video-preview:-1"},"canonical":"https:\/\/www.omnesbands.international\/ja\/martinez-gallego-2\/","og_locale":"ja_JP","og_type":"article","og_title":"MART\u00cdNEZ GALLEGO","og_description":"MART\u00cdNEZ GALLEGO Francisco Jos\u00e9 Mart\u00ednez Gallego (1969-) naci\u00f3 en San Antonio de Requena, en la provincia de Valencia. Empez\u00f3 sus estudios musicales en el Conservatorio de la Sociedad Musical La Arm\u00f3nica de San Antonio de Requena. Luego ingres\u00f3 en los Conservatorios de Murcia, Torrente y Valencia donde en 1994 obtuvo el t\u00edtulo superior de clarinete. [&hellip;]","og_url":"https:\/\/www.omnesbands.international\/ja\/martinez-gallego-2\/","article_modified_time":"2023-01-29T15:26:32+00:00","og_image":[{"width":1280,"height":742,"url":"https:\/\/www.omnesbands.international\/wp-content\/uploads\/2023\/01\/music-sheet-music-snowdrop-7107045.jpg","type":"image\/jpeg"}],"twitter_card":"summary_large_image","twitter_misc":{"\u63a8\u5b9a\u8aad\u307f\u53d6\u308a\u6642\u9593":"3\u5206"},"schema":{"@context":"https:\/\/schema.org","@graph":[{"@type":"WebPage","@id":"https:\/\/www.omnesbands.international\/martinez-gallego-2\/","url":"https:\/\/www.omnesbands.international\/martinez-gallego-2\/","name":"MART\u00cdNEZ GALLEGO -","isPartOf":{"@id":"https:\/\/www.omnesbands.international\/#website"},"datePublished":"2023-01-29T15:26:30+00:00","dateModified":"2023-01-29T15:26:32+00:00","breadcrumb":{"@id":"https:\/\/www.omnesbands.international\/martinez-gallego-2\/#breadcrumb"},"inLanguage":"ja","potentialAction":[{"@type":"ReadAction","target":["https:\/\/www.omnesbands.international\/martinez-gallego-2\/"]}]},{"@type":"BreadcrumbList","@id":"https:\/\/www.omnesbands.international\/martinez-gallego-2\/#breadcrumb","itemListElement":[{"@type":"ListItem","position":1,"name":"Portada","item":"https:\/\/www.omnesbands.international\/"},{"@type":"ListItem","position":2,"name":"MART\u00cdNEZ GALLEGO"}]},{"@type":"WebSite","@id":"https:\/\/www.omnesbands.international\/#website","url":"https:\/\/www.omnesbands.international\/","name":"OMNESBANDS International","description":"\u72ec\u7acb\u3057\u305f\u4f5c\u5bb6\u3084\u4f5c\u66f2\u5bb6\u306b\u3088\u308b\u30aa\u30ea\u30b8\u30ca\u30eb\u306e\u697d\u8b5c","publisher":{"@id":"https:\/\/www.omnesbands.international\/#organization"},"potentialAction":[{"@type":"SearchAction","target":{"@type":"EntryPoint","urlTemplate":"https:\/\/www.omnesbands.international\/?s={search_term_string}"},"query-input":{"@type":"PropertyValueSpecification","valueRequired":true,"valueName":"search_term_string"}}],"inLanguage":"ja"},{"@type":"Organization","@id":"https:\/\/www.omnesbands.international\/#organization","name":"\u30a4\u30f3\u30c9\u30e9\u56fd\u969b\u30b3\u30f3\u30b5\u30eb\u30bf\u30f3\u30c8","alternateName":"Omnesbands","url":"https:\/\/www.omnesbands.international\/","logo":{"@type":"ImageObject","inLanguage":"ja","@id":"https:\/\/www.omnesbands.international\/#\/schema\/logo\/image\/","url":"https:\/\/omnesbands.international\/wp-content\/uploads\/2023\/06\/Logo-Nuevo-.png","contentUrl":"https:\/\/omnesbands.international\/wp-content\/uploads\/2023\/06\/Logo-Nuevo-.png","width":394,"height":212,"caption":"Indra Consultores Internacionales"},"image":{"@id":"https:\/\/www.omnesbands.international\/#\/schema\/logo\/image\/"}}]}},"uagb_featured_image_src":{"full":false,"thumbnail":false,"medium":false,"medium_large":false,"large":false,"1536x1536":false,"2048x2048":false,"trp-custom-language-flag":false,"gg_gallery_thumbnail":false,"woocommerce_thumbnail":false,"woocommerce_single":false,"woocommerce_gallery_thumbnail":false},"uagb_author_info":{"display_name":"Melvin R. Portillo A:","author_link":"https:\/\/www.omnesbands.international\/ja\/author\/portand\/"},"uagb_comment_info":0,"uagb_excerpt":"MART\u00cdNEZ GALLEGO Francisco Jos\u00e9 Mart\u00ednez Gallego (1969-) naci\u00f3 en San Antonio de Requena, en la provincia de Valencia. Empez\u00f3 sus estudios musicales en el Conservatorio de la Sociedad Musical La Arm\u00f3nica de San Antonio de Requena. Luego ingres\u00f3 en los Conservatorios de Murcia, Torrente y Valencia donde en 1994 obtuvo el t\u00edtulo superior de clarinete.&hellip;","_links":{"self":[{"href":"https:\/\/www.omnesbands.international\/ja\/wp-json\/wp\/v2\/pages\/1752","targetHints":{"allow":["GET"]}}],"collection":[{"href":"https:\/\/www.omnesbands.international\/ja\/wp-json\/wp\/v2\/pages"}],"about":[{"href":"https:\/\/www.omnesbands.international\/ja\/wp-json\/wp\/v2\/types\/page"}],"author":[{"embeddable":true,"href":"https:\/\/www.omnesbands.international\/ja\/wp-json\/wp\/v2\/users\/4"}],"replies":[{"embeddable":true,"href":"https:\/\/www.omnesbands.international\/ja\/wp-json\/wp\/v2\/comments?post=1752"}],"version-history":[{"count":1,"href":"https:\/\/www.omnesbands.international\/ja\/wp-json\/wp\/v2\/pages\/1752\/revisions"}],"predecessor-version":[{"id":1753,"href":"https:\/\/www.omnesbands.international\/ja\/wp-json\/wp\/v2\/pages\/1752\/revisions\/1753"}],"wp:attachment":[{"href":"https:\/\/www.omnesbands.international\/ja\/wp-json\/wp\/v2\/media?parent=1752"}],"curies":[{"name":"wp","href":"https:\/\/api.w.org\/{rel}","templated":true}]}}