{"id":1754,"date":"2023-01-29T09:30:39","date_gmt":"2023-01-29T15:30:39","guid":{"rendered":"https:\/\/omnesbands.international\/?page_id=1754"},"modified":"2023-01-29T09:30:41","modified_gmt":"2023-01-29T15:30:41","slug":"miguel-angel-garcia-bosca-2","status":"publish","type":"page","link":"https:\/\/www.omnesbands.international\/ja\/miguel-angel-garcia-bosca-2\/","title":{"rendered":"\u30df\u30b2\u30eb\u30fb\u30a8\u30f3\u30b8\u30a7\u30eb\u30fb\u30ac\u30eb\u30b7\u30a2\u30fb\u30dc\u30b9\u30ab"},"content":{"rendered":"<div class=\"wp-block-uagb-container uagb-block-ca577abd alignfull uagb-is-root-container\"><div class=\"uagb-container-inner-blocks-wrap\">\n<div class=\"wp-block-uagb-advanced-heading uagb-block-87794a51\"><h1 class=\"uagb-heading-text\"><strong>\u30df\u30b2\u30eb\u30fb\u30a8\u30f3\u30b8\u30a7\u30eb\u30fb\u30ac\u30eb\u30b7\u30a2\u30fb\u30dc\u30b9\u30ab<\/strong><\/h1><\/div>\n<\/div><\/div>\n\n\n\n<div class=\"wp-block-uagb-container uagb-block-187bd8ae alignfull uagb-is-root-container\"><div class=\"uagb-container-inner-blocks-wrap\">\n<div class=\"wp-block-uagb-container uagb-block-e98ddd17\">\n<p>1968 \u5e74\u306b\u30e9 \u30dd\u30d6\u30e9 \u30c7\u30eb \u30c9\u30a5\u30af\u3067\u751f\u307e\u308c\u305f\u5f7c\u306f\u3001\u300c\u30e6\u30cb\u30aa\u30f3 \u30df\u30e5\u30fc\u30b8\u30ab\u30eb \u30c7 \u30e9 \u30dd\u30d6\u30e9 \u30c7\u30eb \u30c9\u30a5\u30af\u300d\u3067\u5de8\u5320\u30d5\u30e9\u30f3\u30b7\u30b9\u30b3 \u30d5\u30a1\u30e8\u30b9\u306e\u3082\u3068\u3067\u97f3\u697d\u306e\u52c9\u5f37\u3092\u59cb\u3081\u307e\u3057\u305f\u3002<br \/>\u30c8\u30e9\u30f3\u30da\u30c3\u30c8\u3092\u5c02\u9580\u3068\u3059\u308b\u30d0\u30ec\u30f3\u30b7\u30a2\u306e\u300c\u30db\u30a2\u30ad\u30f3\u30fb\u30ed\u30c9\u30ea\u30b4\u300d\u9ad8\u7b49\u97f3\u697d\u9662\u3092\u5352\u696d\u3002<br \/>\u30c8\u30ec\u30fc\u30cb\u30f3\u30b0\u3092\u5b8c\u4e86\u3059\u308b\u305f\u3081\u306b\u3001\u5f7c\u306f Joventuts Musicals de la Vall d&#039;Albaida \u3067\u97f3\u697d\u30d0\u30f3\u30c9\u3092\u6307\u63ee\u3059\u308b\u79f0\u53f7\u3092\u53d6\u5f97\u3057\u307e\u3057\u305f\u3002\u30e9\u30ea\u30aa\u30cf\u56fd\u969b\u5927\u5b66\u3067\u97f3\u697d\u7814\u7a76\u306e\u4fee\u58eb\u53f7\u3092\u53d6\u5f97\u3002 IEM \u65b9\u6cd5\u8ad6\u306e\u6559\u6388\u306e\u80a9\u66f8\u304d\u3002<\/p>\n<p>\u5f7c\u306f\u521d\u6b69\u7684\u306a\u30c8\u30e9\u30f3\u30da\u30c3\u30c8\u306e\u6559\u3048\u306b\u3064\u3044\u3066\u3055\u307e\u3056\u307e\u306a\u672c\u3092\u51fa\u7248\u3057\u3066\u3044\u307e\u3059\u3002<br \/>\u79c1\u3068\u79c1\u306e\u30c8\u30e9\u30f3\u30da\u30c3\u30c8 1 \u3068 2 Ed. \u30d1\u30a4\u30eb\u30ba\u3002\u30c8\u30e9\u30f3\u30da\u30c3\u30c8 1 Ed. \u30af\u30ea\u30a8\u30a4\u30c6\u30a3\u30d6 \u30a8\u30f3\u30af\u30ec\u30fc\u30d6\u3002<\/p>\n<p>\u30b3\u30ec\u30af\u30b7\u30e7\u30f3\u300c\u30d5\u30a1\u30bd\u30ec\u300d\u7de8JJMMVA\u306b\u3082\u5354\u529b\u8005\u3068\u3057\u3066\u53c2\u52a0\u3002<br \/>\u300cBig Band Vall\u300d\u306e\u5275\u8a2d\u30e1\u30f3\u30d0\u30fc\u3001JOVEN JAZZ BAND\u306e\u30e1\u30f3\u30d0\u30fc\u3001VALENCIA BRASS BAND BY INEL\u306e\u5275\u8a2d\u30e1\u30f3\u30d0\u30fc\u3002<\/p>\n<\/div>\n<\/div><\/div>\n\n\n<div class=\"woocommerce columns-4\"><\/div>","protected":false},"excerpt":{"rendered":"<p>MIGUEL \u00c1NGEL GARC\u00cdA BOSC\u00c1 Nace en la Pobla del Duc en 1968, inicia sus estudios musicales en la \u201cUni\u00f3n Musical de la Pobla del Duc\u201d con el maestro Francisco Fayos.Licenciado por el Conservatorio Superior de M\u00fasica \u201cJoaqu\u00edn Rodrigo\u201d de Valencia en la especialidad de trompeta.Para completar su formaci\u00f3n, obtiene el t\u00edtulo de direcci\u00f3n de banda [&hellip;]<\/p>\n","protected":false},"author":4,"featured_media":0,"parent":0,"menu_order":0,"comment_status":"closed","ping_status":"closed","template":"","meta":{"_acf_changed":false,"_uag_custom_page_level_css":"","site-sidebar-layout":"default","site-content-layout":"","ast-site-content-layout":"default","site-content-style":"default","site-sidebar-style":"default","ast-global-header-display":"","ast-banner-title-visibility":"","ast-main-header-display":"","ast-hfb-above-header-display":"","ast-hfb-below-header-display":"","ast-hfb-mobile-header-display":"","site-post-title":"disabled","ast-breadcrumbs-content":"","ast-featured-img":"","footer-sml-layout":"","ast-disable-related-posts":"","theme-transparent-header-meta":"","adv-header-id-meta":"","stick-header-meta":"","header-above-stick-meta":"","header-main-stick-meta":"","header-below-stick-meta":"","astra-migrate-meta-layouts":"default","ast-page-background-enabled":"default","ast-page-background-meta":{"desktop":{"background-color":"","background-image":"","background-repeat":"repeat","background-position":"center center","background-size":"auto","background-attachment":"scroll","background-type":"","background-media":"","overlay-type":"","overlay-color":"","overlay-opacity":"","overlay-gradient":""},"tablet":{"background-color":"","background-image":"","background-repeat":"repeat","background-position":"center center","background-size":"auto","background-attachment":"scroll","background-type":"","background-media":"","overlay-type":"","overlay-color":"","overlay-opacity":"","overlay-gradient":""},"mobile":{"background-color":"","background-image":"","background-repeat":"repeat","background-position":"center center","background-size":"auto","background-attachment":"scroll","background-type":"","background-media":"","overlay-type":"","overlay-color":"","overlay-opacity":"","overlay-gradient":""}},"ast-content-background-meta":{"desktop":{"background-color":"var(--ast-global-color-5)","background-image":"","background-repeat":"repeat","background-position":"center center","background-size":"auto","background-attachment":"scroll","background-type":"","background-media":"","overlay-type":"","overlay-color":"","overlay-opacity":"","overlay-gradient":""},"tablet":{"background-color":"var(--ast-global-color-5)","background-image":"","background-repeat":"repeat","background-position":"center center","background-size":"auto","background-attachment":"scroll","background-type":"","background-media":"","overlay-type":"","overlay-color":"","overlay-opacity":"","overlay-gradient":""},"mobile":{"background-color":"var(--ast-global-color-5)","background-image":"","background-repeat":"repeat","background-position":"center center","background-size":"auto","background-attachment":"scroll","background-type":"","background-media":"","overlay-type":"","overlay-color":"","overlay-opacity":"","overlay-gradient":""}},"footnotes":""},"class_list":["post-1754","page","type-page","status-publish","hentry"],"acf":[],"yoast_head":"<!-- This site is optimized with the Yoast SEO Premium plugin v22.4 (Yoast SEO v27.4) - https:\/\/yoast.com\/product\/yoast-seo-premium-wordpress\/ -->\n<title>MIGUEL \u00c1NGEL GARC\u00cdA BOSC\u00c1 -<\/title>\n<meta name=\"robots\" content=\"index, follow, max-snippet:-1, max-image-preview:large, max-video-preview:-1\" \/>\n<link rel=\"canonical\" href=\"https:\/\/www.omnesbands.international\/ja\/miguel-angel-garcia-bosca-2\/\" \/>\n<meta property=\"og:locale\" content=\"ja_JP\" \/>\n<meta property=\"og:type\" content=\"article\" \/>\n<meta property=\"og:title\" content=\"MIGUEL \u00c1NGEL GARC\u00cdA BOSC\u00c1\" \/>\n<meta property=\"og:description\" content=\"MIGUEL \u00c1NGEL GARC\u00cdA BOSC\u00c1 Nace en la Pobla del Duc en 1968, inicia sus estudios musicales en la \u201cUni\u00f3n Musical de la Pobla del Duc\u201d con el maestro Francisco Fayos.Licenciado por el Conservatorio Superior de M\u00fasica \u201cJoaqu\u00edn Rodrigo\u201d de Valencia en la especialidad de trompeta.Para completar su formaci\u00f3n, obtiene el t\u00edtulo de direcci\u00f3n de banda [&hellip;]\" \/>\n<meta property=\"og:url\" content=\"https:\/\/www.omnesbands.international\/ja\/miguel-angel-garcia-bosca-2\/\" \/>\n<meta property=\"article:modified_time\" content=\"2023-01-29T15:30:41+00:00\" \/>\n<meta property=\"og:image\" content=\"https:\/\/www.omnesbands.international\/wp-content\/uploads\/2023\/01\/music-sheet-music-snowdrop-7107045.jpg\" \/>\n\t<meta property=\"og:image:width\" content=\"1280\" \/>\n\t<meta property=\"og:image:height\" content=\"742\" \/>\n\t<meta property=\"og:image:type\" content=\"image\/jpeg\" \/>\n<meta name=\"twitter:card\" content=\"summary_large_image\" \/>\n<meta name=\"twitter:label1\" content=\"\u63a8\u5b9a\u8aad\u307f\u53d6\u308a\u6642\u9593\" \/>\n\t<meta name=\"twitter:data1\" content=\"1\u5206\" \/>\n<script type=\"application\/ld+json\" class=\"yoast-schema-graph\">{\"@context\":\"https:\\\/\\\/schema.org\",\"@graph\":[{\"@type\":\"WebPage\",\"@id\":\"https:\\\/\\\/www.omnesbands.international\\\/miguel-angel-garcia-bosca-2\\\/\",\"url\":\"https:\\\/\\\/www.omnesbands.international\\\/miguel-angel-garcia-bosca-2\\\/\",\"name\":\"MIGUEL \u00c1NGEL GARC\u00cdA BOSC\u00c1 -\",\"isPartOf\":{\"@id\":\"https:\\\/\\\/www.omnesbands.international\\\/#website\"},\"datePublished\":\"2023-01-29T15:30:39+00:00\",\"dateModified\":\"2023-01-29T15:30:41+00:00\",\"breadcrumb\":{\"@id\":\"https:\\\/\\\/www.omnesbands.international\\\/miguel-angel-garcia-bosca-2\\\/#breadcrumb\"},\"inLanguage\":\"ja\",\"potentialAction\":[{\"@type\":\"ReadAction\",\"target\":[\"https:\\\/\\\/www.omnesbands.international\\\/miguel-angel-garcia-bosca-2\\\/\"]}]},{\"@type\":\"BreadcrumbList\",\"@id\":\"https:\\\/\\\/www.omnesbands.international\\\/miguel-angel-garcia-bosca-2\\\/#breadcrumb\",\"itemListElement\":[{\"@type\":\"ListItem\",\"position\":1,\"name\":\"Portada\",\"item\":\"https:\\\/\\\/www.omnesbands.international\\\/\"},{\"@type\":\"ListItem\",\"position\":2,\"name\":\"MIGUEL \u00c1NGEL GARC\u00cdA BOSC\u00c1\"}]},{\"@type\":\"WebSite\",\"@id\":\"https:\\\/\\\/www.omnesbands.international\\\/#website\",\"url\":\"https:\\\/\\\/www.omnesbands.international\\\/\",\"name\":\"OMNESBANDS International\",\"description\":\"Partituras Originales de autores y compositores independientes\",\"publisher\":{\"@id\":\"https:\\\/\\\/www.omnesbands.international\\\/#organization\"},\"potentialAction\":[{\"@type\":\"SearchAction\",\"target\":{\"@type\":\"EntryPoint\",\"urlTemplate\":\"https:\\\/\\\/www.omnesbands.international\\\/?s={search_term_string}\"},\"query-input\":{\"@type\":\"PropertyValueSpecification\",\"valueRequired\":true,\"valueName\":\"search_term_string\"}}],\"inLanguage\":\"ja\"},{\"@type\":\"Organization\",\"@id\":\"https:\\\/\\\/www.omnesbands.international\\\/#organization\",\"name\":\"Indra Consultores Internacionales\",\"alternateName\":\"Omnesbands\",\"url\":\"https:\\\/\\\/www.omnesbands.international\\\/\",\"logo\":{\"@type\":\"ImageObject\",\"inLanguage\":\"ja\",\"@id\":\"https:\\\/\\\/www.omnesbands.international\\\/#\\\/schema\\\/logo\\\/image\\\/\",\"url\":\"https:\\\/\\\/omnesbands.international\\\/wp-content\\\/uploads\\\/2023\\\/06\\\/Logo-Nuevo-.png\",\"contentUrl\":\"https:\\\/\\\/omnesbands.international\\\/wp-content\\\/uploads\\\/2023\\\/06\\\/Logo-Nuevo-.png\",\"width\":394,\"height\":212,\"caption\":\"Indra Consultores Internacionales\"},\"image\":{\"@id\":\"https:\\\/\\\/www.omnesbands.international\\\/#\\\/schema\\\/logo\\\/image\\\/\"}}]}<\/script>\n<!-- \/ Yoast SEO Premium plugin. -->","yoast_head_json":{"title":"MIGUEL \u00c1NGEL GARC\u00cdA BOSC\u00c1 -","robots":{"index":"index","follow":"follow","max-snippet":"max-snippet:-1","max-image-preview":"max-image-preview:large","max-video-preview":"max-video-preview:-1"},"canonical":"https:\/\/www.omnesbands.international\/ja\/miguel-angel-garcia-bosca-2\/","og_locale":"ja_JP","og_type":"article","og_title":"MIGUEL \u00c1NGEL GARC\u00cdA BOSC\u00c1","og_description":"MIGUEL \u00c1NGEL GARC\u00cdA BOSC\u00c1 Nace en la Pobla del Duc en 1968, inicia sus estudios musicales en la \u201cUni\u00f3n Musical de la Pobla del Duc\u201d con el maestro Francisco Fayos.Licenciado por el Conservatorio Superior de M\u00fasica \u201cJoaqu\u00edn Rodrigo\u201d de Valencia en la especialidad de trompeta.Para completar su formaci\u00f3n, obtiene el t\u00edtulo de direcci\u00f3n de banda [&hellip;]","og_url":"https:\/\/www.omnesbands.international\/ja\/miguel-angel-garcia-bosca-2\/","article_modified_time":"2023-01-29T15:30:41+00:00","og_image":[{"width":1280,"height":742,"url":"https:\/\/www.omnesbands.international\/wp-content\/uploads\/2023\/01\/music-sheet-music-snowdrop-7107045.jpg","type":"image\/jpeg"}],"twitter_card":"summary_large_image","twitter_misc":{"\u63a8\u5b9a\u8aad\u307f\u53d6\u308a\u6642\u9593":"1\u5206"},"schema":{"@context":"https:\/\/schema.org","@graph":[{"@type":"WebPage","@id":"https:\/\/www.omnesbands.international\/miguel-angel-garcia-bosca-2\/","url":"https:\/\/www.omnesbands.international\/miguel-angel-garcia-bosca-2\/","name":"MIGUEL \u00c1NGEL GARC\u00cdA BOSC\u00c1 -","isPartOf":{"@id":"https:\/\/www.omnesbands.international\/#website"},"datePublished":"2023-01-29T15:30:39+00:00","dateModified":"2023-01-29T15:30:41+00:00","breadcrumb":{"@id":"https:\/\/www.omnesbands.international\/miguel-angel-garcia-bosca-2\/#breadcrumb"},"inLanguage":"ja","potentialAction":[{"@type":"ReadAction","target":["https:\/\/www.omnesbands.international\/miguel-angel-garcia-bosca-2\/"]}]},{"@type":"BreadcrumbList","@id":"https:\/\/www.omnesbands.international\/miguel-angel-garcia-bosca-2\/#breadcrumb","itemListElement":[{"@type":"ListItem","position":1,"name":"Portada","item":"https:\/\/www.omnesbands.international\/"},{"@type":"ListItem","position":2,"name":"MIGUEL \u00c1NGEL GARC\u00cdA BOSC\u00c1"}]},{"@type":"WebSite","@id":"https:\/\/www.omnesbands.international\/#website","url":"https:\/\/www.omnesbands.international\/","name":"OMNESBANDS International","description":"\u72ec\u7acb\u3057\u305f\u4f5c\u5bb6\u3084\u4f5c\u66f2\u5bb6\u306b\u3088\u308b\u30aa\u30ea\u30b8\u30ca\u30eb\u306e\u697d\u8b5c","publisher":{"@id":"https:\/\/www.omnesbands.international\/#organization"},"potentialAction":[{"@type":"SearchAction","target":{"@type":"EntryPoint","urlTemplate":"https:\/\/www.omnesbands.international\/?s={search_term_string}"},"query-input":{"@type":"PropertyValueSpecification","valueRequired":true,"valueName":"search_term_string"}}],"inLanguage":"ja"},{"@type":"Organization","@id":"https:\/\/www.omnesbands.international\/#organization","name":"\u30a4\u30f3\u30c9\u30e9\u56fd\u969b\u30b3\u30f3\u30b5\u30eb\u30bf\u30f3\u30c8","alternateName":"Omnesbands","url":"https:\/\/www.omnesbands.international\/","logo":{"@type":"ImageObject","inLanguage":"ja","@id":"https:\/\/www.omnesbands.international\/#\/schema\/logo\/image\/","url":"https:\/\/omnesbands.international\/wp-content\/uploads\/2023\/06\/Logo-Nuevo-.png","contentUrl":"https:\/\/omnesbands.international\/wp-content\/uploads\/2023\/06\/Logo-Nuevo-.png","width":394,"height":212,"caption":"Indra Consultores Internacionales"},"image":{"@id":"https:\/\/www.omnesbands.international\/#\/schema\/logo\/image\/"}}]}},"uagb_featured_image_src":{"full":false,"thumbnail":false,"medium":false,"medium_large":false,"large":false,"1536x1536":false,"2048x2048":false,"trp-custom-language-flag":false,"gg_gallery_thumbnail":false,"woocommerce_thumbnail":false,"woocommerce_single":false,"woocommerce_gallery_thumbnail":false},"uagb_author_info":{"display_name":"Melvin R. Portillo A:","author_link":"https:\/\/www.omnesbands.international\/ja\/author\/portand\/"},"uagb_comment_info":0,"uagb_excerpt":"MIGUEL \u00c1NGEL GARC\u00cdA BOSC\u00c1 Nace en la Pobla del Duc en 1968, inicia sus estudios musicales en la \u201cUni\u00f3n Musical de la Pobla del Duc\u201d con el maestro Francisco Fayos.Licenciado por el Conservatorio Superior de M\u00fasica \u201cJoaqu\u00edn Rodrigo\u201d de Valencia en la especialidad de trompeta.Para completar su formaci\u00f3n, obtiene el t\u00edtulo de direcci\u00f3n de banda&hellip;","_links":{"self":[{"href":"https:\/\/www.omnesbands.international\/ja\/wp-json\/wp\/v2\/pages\/1754","targetHints":{"allow":["GET"]}}],"collection":[{"href":"https:\/\/www.omnesbands.international\/ja\/wp-json\/wp\/v2\/pages"}],"about":[{"href":"https:\/\/www.omnesbands.international\/ja\/wp-json\/wp\/v2\/types\/page"}],"author":[{"embeddable":true,"href":"https:\/\/www.omnesbands.international\/ja\/wp-json\/wp\/v2\/users\/4"}],"replies":[{"embeddable":true,"href":"https:\/\/www.omnesbands.international\/ja\/wp-json\/wp\/v2\/comments?post=1754"}],"version-history":[{"count":1,"href":"https:\/\/www.omnesbands.international\/ja\/wp-json\/wp\/v2\/pages\/1754\/revisions"}],"predecessor-version":[{"id":1755,"href":"https:\/\/www.omnesbands.international\/ja\/wp-json\/wp\/v2\/pages\/1754\/revisions\/1755"}],"wp:attachment":[{"href":"https:\/\/www.omnesbands.international\/ja\/wp-json\/wp\/v2\/media?parent=1754"}],"curies":[{"name":"wp","href":"https:\/\/api.w.org\/{rel}","templated":true}]}}