{"id":1758,"date":"2023-01-29T09:38:45","date_gmt":"2023-01-29T15:38:45","guid":{"rendered":"https:\/\/omnesbands.international\/?page_id=1758"},"modified":"2023-01-29T09:38:50","modified_gmt":"2023-01-29T15:38:50","slug":"miguel-angel-mas-2","status":"publish","type":"page","link":"https:\/\/www.omnesbands.international\/ja\/miguel-angel-mas-2\/","title":{"rendered":"\u30df\u30b2\u30eb\u30fb\u30a8\u30f3\u30b8\u30a7\u30eb\u30fb\u30e2\u30a2"},"content":{"rendered":"<div class=\"wp-block-uagb-container uagb-block-a8f88a09 alignfull uagb-is-root-container\"><div class=\"uagb-container-inner-blocks-wrap\">\n<div class=\"wp-block-uagb-advanced-heading uagb-block-3f536972\"><h1 class=\"uagb-heading-text\"><strong>\u30df\u30b2\u30eb\u30fb\u30a8\u30f3\u30b8\u30a7\u30eb\u30fb\u30e2\u30a2<\/strong><\/h1><\/div>\n<\/div><\/div>\n\n\n\n<div class=\"wp-block-uagb-container uagb-block-c288a89b alignfull uagb-is-root-container\"><div class=\"uagb-container-inner-blocks-wrap\">\n<div class=\"wp-block-uagb-container uagb-block-fc7f58a9\">\n<p>\u30ab\u30cb\u30e3\u30fc\u30c0\uff08\u30a2\u30ea\u30ab\u30f3\u30c6\uff09\u3067\u751f\u307e\u308c\u305f\u5f7c\u306f\u3001\u5730\u5143\u306e\u97f3\u697d\u5b66\u6821\u3068\u30a2\u30ea\u30ab\u30f3\u30c6\u306e\u30aa\u30b9\u30ab\u30eb\u30fb\u30a8\u30b9\u30d7\u30e9\u97f3\u697d\u9662\u3067\u52c9\u5f37\u3092\u59cb\u3081\u307e\u3057\u305f\u3002\u305d\u306e\u5f8c\u3059\u3050\u306b\u3001\u5f7c\u306f\u30d3\u30ea\u30a7\u30ca\u97f3\u697d\u5c02\u9580\u97f3\u697d\u9662\u306b\u79fb\u308a\u3001\u305d\u3053\u3067\u6559\u5e2b\u3067\u3042\u308b\u30db\u30bb\u30fb\u30eb\u30ca\u30fb\u30de\u30eb\u30c6\u30a3\u30cd\u30b9\u6c0f\u306e\u4e0b\u3067\u30b5\u30af\u30bd\u30d5\u30a9\u30fc\u30f3\u306e\u4e2d\u7d1a\u5b66\u4f4d\u3092\u53d6\u5f97\u3057\u307e\u3057\u305f\u3002\u5f7c\u306f\u307e\u305f\u3001\u30ae\u30bf\u30fc\u306e\u5c02\u9580\u5206\u91ce\u3067\u521d\u7b49\u5b66\u4f4d\u3092\u53d6\u5f97\u3057\u3066\u3044\u307e\u3059\u3002\u305d\u306e\u5f8c\u3001\u30e0\u30eb\u30b7\u30a2\u9ad8\u7b49\u97f3\u697d\u9662\u300c\u30de\u30cc\u30a8\u30eb\u30fb\u30de\u30bd\u30c3\u30c6\u30a3\u30fb\u30ea\u30c3\u30c6\u30eb\u300d\u3067D\u30fb\u30a2\u30f3\u30c8\u30cb\u30aa\u30fb\u30b5\u30e9\u30b9\u30fb\u30da\u30ec\u30b9\u6559\u6388\u306e\u3082\u3068\u3067\u30b5\u30af\u30bd\u30d5\u30a9\u30fc\u30f3\u306e\u4e0a\u7d1a\u30b3\u30fc\u30b9\u3092\u53d7\u8b1b\u3059\u308b\u5834\u6240\u3092\u7372\u5f97\u3057\u3001\u512a\u79c0\u306a\u8cc7\u683c\u3092\u53d6\u5f97\u3057\u3066\u30b5\u30af\u30bd\u30d5\u30a9\u30fc\u30f3\u5c02\u9580\u306e\u9ad8\u7b49\u5b66\u4f4d\u3092\u53d6\u5f97\u3059\u308b\u3053\u3068\u306b\u306a\u3063\u305f\u3002 \u3002<\/p>\n<p>\u5f7c\u306f\u3001\u30b5\u30c3\u30af\u30b9\u3068\u30d0\u30f3\u30c9\u306e\u6307\u63ee\u3001\u6559\u80b2\u5b66\u3001\u305d\u306e\u4ed6\u306e\u5c02\u9580\u5206\u91ce\u306e\u8457\u540d\u306a\u6559\u5e2b\u306b\u3088\u308b\u3055\u307e\u3056\u307e\u306a\u97f3\u697d\u4e0a\u9054\u30b3\u30fc\u30b9\u306b\u53c2\u52a0\u3057\u3001\u4e3b\u50ac\u3057\u3066\u304d\u307e\u3057\u305f\u3002<\/p>\n<p>2003 \u5e74\u306b\u30a2\u30ea\u30ab\u30f3\u30c6\u5927\u5b66\u3067\u6559\u80b2\u9069\u6027\u8a3c\u660e\u66f8\u3092\u53d6\u5f97\u3057\u307e\u3057\u305f\u3002\u5f7c\u306e\u97f3\u697d\u7684\u306a\u843d\u3061\u7740\u304d\u306e\u306a\u3055\u3068\u3001\u30e0\u30fc\u30a2\u4eba\u3068\u30ad\u30ea\u30b9\u30c8\u6559\u5f92\u306e\u796d\u308a\u306b\u5bfe\u3059\u308b\u5927\u304d\u306a\u60c5\u71b1\u306b\u3088\u308a\u3001\u5f7c\u306f\u305d\u306e\u3055\u3055\u3084\u304b\u306a\u7802\u7c92\u3092\u795d\u796d\u97f3\u697d\u306e\u4e16\u754c\u306b\u8ca2\u732e\u3057\u3001\u5f7c\u304c\u975e\u5e38\u306b\u8cde\u8cdb\u3059\u308b\u3053\u306e\u97f3\u697d\u30b8\u30e3\u30f3\u30eb\u306e\u305f\u3081\u306b\u3044\u304f\u3064\u304b\u306e\u4f5c\u54c1\u3092\u4f5c\u66f2\u3057\u307e\u3057\u305f\u3002 2004 \u5e74\u306b\u3001\u5f7c\u306f M\u00fasica Festera \u304b\u3089\u81ea\u8eab\u306e\u4f5c\u54c1\u3092\u53ce\u9332\u3057\u305f CD \u3092\u4f5c\u6210\u3057\u307e\u3057\u305f\u3002<\/p>\n<p>\u73fe\u5728\u3001\u3053\u306e\u97f3\u697d\u30b8\u30e3\u30f3\u30eb\u306e CD \u306f 6 \u679a\u3042\u308a\u3001\u3053\u306e\u30a2\u30ea\u30ab\u30f3\u30c6\u306e\u97f3\u697d\u5bb6\u306b\u3088\u308b\u4f5c\u66f2\u304c\u542b\u307e\u308c\u3066\u3044\u307e\u3059\u3002\u5f7c\u306e\u71b1\u610f\u3068\u52aa\u529b\u306e\u7d50\u679c\u3001\u3055\u307e\u3056\u307e\u306a\u30b3\u30f3\u30af\u30fc\u30eb\u3067\u5f7c\u306f\u9ad8\u3044\u8a55\u4fa1\u3092\u5f97\u3066\u3044\u307e\u3059\u30022001 \u5e74\u7b2c 7 \u56de\u300c\u30f4\u30a3\u30e9\u30fb\u30c7\u30fb\u30d9\u30cb\u30c9\u30eb\u30e0\u300d\u30b3\u30f3\u30af\u30fc\u30eb\u3067\u30d5\u30a1\u30a4\u30ca\u30ea\u30b9\u30c8\u30022002 \u5e74\u7b2c 8 \u56de\u30ab\u30ed\u30fc\u30b5\u30fb\u30c7\u30f3\u30fb\u30b5\u30ea\u30a2\u4f5c\u66f2\u30b3\u30f3\u30af\u30fc\u30eb\u3067\u4e00\u822c\u304b\u3089\u7b2c 2 \u4f4d\u3068\u7b2c 1 \u4f4d\u3092\u7372\u5f97\u3002 2003\u5e74\u30e2\u30ed\u30b9\u30fb\u30cc\u30a8\u30dc\u30b9\u30fb\u30c7\u30fb\u30d3\u30ea\u30a7\u30ca\u4e00\u5ea7\u306e\u4f5c\u66f2\u30b3\u30f3\u30c6\u30b9\u30c8\u3067\u7b2c1\u4f4d\u30012004\u5e74\u7b2c19\u56de\u30aa\u30f3\u30c6\u30a3\u30cb\u30a8\u30f3\u30c8\u795d\u796d\u97f3\u697d\u30b3\u30f3\u30c6\u30b9\u30c8\u3067\u4eba\u6c17\u6295\u7968\u3067\u7b2c2\u4f4d\u30012005\u5e74\u7b2c20\u56de\u30aa\u30f3\u30c6\u30a3\u30cb\u30a8\u30f3\u30c8\u795d\u796d\u97f3\u697d\u30b3\u30f3\u30c6\u30b9\u30c8\u3067\u7b2c2\u4f4d\u3002<\/p>\n<p>\u5f7c\u306f\u3044\u304f\u3064\u304b\u306e\u5ba4\u5185\u697d\u30b0\u30eb\u30fc\u30d7\u306e\u4e00\u54e1\u3068\u3057\u3066\u6d3b\u52d5\u3057\u3066\u304a\u308a\u3001\u30a2\u30f3\u30b5\u30f3\u30d6\u30eb\u3084\u300c\u30d3\u30c3\u30b0\u30d0\u30f3\u30c9\u300d\u306b\u3082\u53c2\u52a0\u3057\u3066\u304a\u308a\u3001\u30df\u30e5\u30fc\u30b8\u30b7\u30e3\u30f3\u3084\u97f3\u697d\u30a2\u30c9\u30d0\u30a4\u30b6\u30fc\u3068\u3057\u3066\u3055\u307e\u3056\u307e\u306a\u30d0\u30f3\u30c9\u30b0\u30eb\u30fc\u30d7\u306e\u30b3\u30f3\u30b5\u30fc\u30c8\u3084\u30ec\u30b3\u30fc\u30c7\u30a3\u30f3\u30b0\u306b\u3082\u53c2\u52a0\u3057\u3066\u3044\u307e\u3059\u3002<\/p>\n<p>\u5f7c\u306f\u30012005 \u5e74 1 \u6708\u306b\u7b2c 3 \u56de\u30a2\u30eb\u30c6\u30a2\u30fb\u30e9\u30fb\u30d9\u30ea\u30e3\u795d\u796d\u97f3\u697d\u30b3\u30f3\u30c6\u30b9\u30c8\u306e\u5be9\u67fb\u54e1\u306b\u9078\u3070\u308c\u307e\u3057\u305f\u3002\u5f7c\u306f\u30d3\u30ea\u30a7\u30ca\u5e02\u7acb\u30d0\u30f3\u30c9\u3068\u6545\u90f7\u306e\u30e6\u30cb\u30aa\u30f3\u30fb\u30df\u30e5\u30fc\u30b8\u30ab\u30eb\u30fb\u30c7\u30fb\u30ab\u30cb\u30e3\u30fc\u30c0\u306e\u30e1\u30f3\u30d0\u30fc\u3067\u3059\u3002<\/p>\n<p>\u5f7c\u306f\u73fe\u5728\u4e2d\u5b66\u6821\u306e\u6559\u5e2b\u3068\u3057\u3066\u50cd\u3044\u3066\u3044\u307e\u3059\u3002\u540c\u6642\u306b\u3001\u5f7c\u306f\u30d0\u30ec\u30f3\u30b7\u30a2\u306e 11 \u306e\u753a\u3092\u542b\u3080\u30f4\u30a1\u30eb \u30c0\u30eb\u30d0\u30a4\u30c0\u5730\u57df\u97f3\u697d\u5b66\u6821\u3068\u30e9\u30e9\u30ab\u30f3\u30c6\u30a3 \u30a2\u30eb\u30b3\u30a4\u30a2\u5730\u57df\u5b66\u6821\u3067\u30b5\u30c3\u30af\u30b9\u6559\u5e2b\u3092\u52d9\u3081\u3066\u3044\u308b\u307b\u304b\u3001\u30a4\u30d3 \u30e6\u30fc\u30b9 \u30d0\u30f3\u30c9\u3068\u30b7\u30af\u30bd\u30ca \u30e6\u30fc\u30b9 \u30d0\u30f3\u30c9\u306e\u6307\u5c0e\u3082\u884c\u3063\u3066\u3044\u307e\u3059\u3002<\/p>\n<\/div>\n<\/div><\/div>\n\n\n<div class=\"woocommerce columns-4\"><\/div>","protected":false},"excerpt":{"rendered":"<p>MIGUEL ANGEL MAS Natural de Ca\u00f1ada (Alicante), comienza sus estudios en la Escuela de M\u00fasica local y en el conservatorio Oscar Espl\u00e1 de Alicante. Poco despu\u00e9s se traslada al Conservatorio Profesional de M\u00fasica de Villena, donde finalizar\u00eda el Grado Medio de saxof\u00f3n con el profesor: D. Jos\u00e9 Luna Mart\u00ednez. Adem\u00e1s completa el Grado Elemental en [&hellip;]<\/p>\n","protected":false},"author":4,"featured_media":0,"parent":0,"menu_order":0,"comment_status":"closed","ping_status":"closed","template":"","meta":{"_acf_changed":false,"_uag_custom_page_level_css":"","site-sidebar-layout":"default","site-content-layout":"","ast-site-content-layout":"default","site-content-style":"default","site-sidebar-style":"default","ast-global-header-display":"","ast-banner-title-visibility":"","ast-main-header-display":"","ast-hfb-above-header-display":"","ast-hfb-below-header-display":"","ast-hfb-mobile-header-display":"","site-post-title":"disabled","ast-breadcrumbs-content":"","ast-featured-img":"","footer-sml-layout":"","ast-disable-related-posts":"","theme-transparent-header-meta":"","adv-header-id-meta":"","stick-header-meta":"","header-above-stick-meta":"","header-main-stick-meta":"","header-below-stick-meta":"","astra-migrate-meta-layouts":"default","ast-page-background-enabled":"default","ast-page-background-meta":{"desktop":{"background-color":"","background-image":"","background-repeat":"repeat","background-position":"center center","background-size":"auto","background-attachment":"scroll","background-type":"","background-media":"","overlay-type":"","overlay-color":"","overlay-opacity":"","overlay-gradient":""},"tablet":{"background-color":"","background-image":"","background-repeat":"repeat","background-position":"center center","background-size":"auto","background-attachment":"scroll","background-type":"","background-media":"","overlay-type":"","overlay-color":"","overlay-opacity":"","overlay-gradient":""},"mobile":{"background-color":"","background-image":"","background-repeat":"repeat","background-position":"center center","background-size":"auto","background-attachment":"scroll","background-type":"","background-media":"","overlay-type":"","overlay-color":"","overlay-opacity":"","overlay-gradient":""}},"ast-content-background-meta":{"desktop":{"background-color":"var(--ast-global-color-5)","background-image":"","background-repeat":"repeat","background-position":"center center","background-size":"auto","background-attachment":"scroll","background-type":"","background-media":"","overlay-type":"","overlay-color":"","overlay-opacity":"","overlay-gradient":""},"tablet":{"background-color":"var(--ast-global-color-5)","background-image":"","background-repeat":"repeat","background-position":"center center","background-size":"auto","background-attachment":"scroll","background-type":"","background-media":"","overlay-type":"","overlay-color":"","overlay-opacity":"","overlay-gradient":""},"mobile":{"background-color":"var(--ast-global-color-5)","background-image":"","background-repeat":"repeat","background-position":"center center","background-size":"auto","background-attachment":"scroll","background-type":"","background-media":"","overlay-type":"","overlay-color":"","overlay-opacity":"","overlay-gradient":""}},"footnotes":""},"class_list":["post-1758","page","type-page","status-publish","hentry"],"acf":[],"yoast_head":"<!-- This site is optimized with the Yoast SEO Premium plugin v22.4 (Yoast SEO v27.4) - https:\/\/yoast.com\/product\/yoast-seo-premium-wordpress\/ -->\n<title>MIGUEL ANGEL MAS -<\/title>\n<meta name=\"robots\" content=\"index, follow, max-snippet:-1, max-image-preview:large, max-video-preview:-1\" \/>\n<link rel=\"canonical\" href=\"https:\/\/www.omnesbands.international\/ja\/miguel-angel-mas-2\/\" \/>\n<meta property=\"og:locale\" content=\"ja_JP\" \/>\n<meta property=\"og:type\" content=\"article\" \/>\n<meta property=\"og:title\" content=\"MIGUEL ANGEL MAS\" \/>\n<meta property=\"og:description\" content=\"MIGUEL ANGEL MAS Natural de Ca\u00f1ada (Alicante), comienza sus estudios en la Escuela de M\u00fasica local y en el conservatorio Oscar Espl\u00e1 de Alicante. Poco despu\u00e9s se traslada al Conservatorio Profesional de M\u00fasica de Villena, donde finalizar\u00eda el Grado Medio de saxof\u00f3n con el profesor: D. Jos\u00e9 Luna Mart\u00ednez. Adem\u00e1s completa el Grado Elemental en [&hellip;]\" \/>\n<meta property=\"og:url\" content=\"https:\/\/www.omnesbands.international\/ja\/miguel-angel-mas-2\/\" \/>\n<meta property=\"article:modified_time\" content=\"2023-01-29T15:38:50+00:00\" \/>\n<meta property=\"og:image\" content=\"https:\/\/www.omnesbands.international\/wp-content\/uploads\/2023\/01\/music-sheet-music-snowdrop-7107045.jpg\" \/>\n\t<meta property=\"og:image:width\" content=\"1280\" \/>\n\t<meta property=\"og:image:height\" content=\"742\" \/>\n\t<meta property=\"og:image:type\" content=\"image\/jpeg\" \/>\n<meta name=\"twitter:card\" content=\"summary_large_image\" \/>\n<meta name=\"twitter:label1\" content=\"\u63a8\u5b9a\u8aad\u307f\u53d6\u308a\u6642\u9593\" \/>\n\t<meta name=\"twitter:data1\" content=\"2\u5206\" \/>\n<script type=\"application\/ld+json\" class=\"yoast-schema-graph\">{\"@context\":\"https:\\\/\\\/schema.org\",\"@graph\":[{\"@type\":\"WebPage\",\"@id\":\"https:\\\/\\\/www.omnesbands.international\\\/miguel-angel-mas-2\\\/\",\"url\":\"https:\\\/\\\/www.omnesbands.international\\\/miguel-angel-mas-2\\\/\",\"name\":\"MIGUEL ANGEL MAS -\",\"isPartOf\":{\"@id\":\"https:\\\/\\\/www.omnesbands.international\\\/#website\"},\"datePublished\":\"2023-01-29T15:38:45+00:00\",\"dateModified\":\"2023-01-29T15:38:50+00:00\",\"breadcrumb\":{\"@id\":\"https:\\\/\\\/www.omnesbands.international\\\/miguel-angel-mas-2\\\/#breadcrumb\"},\"inLanguage\":\"ja\",\"potentialAction\":[{\"@type\":\"ReadAction\",\"target\":[\"https:\\\/\\\/www.omnesbands.international\\\/miguel-angel-mas-2\\\/\"]}]},{\"@type\":\"BreadcrumbList\",\"@id\":\"https:\\\/\\\/www.omnesbands.international\\\/miguel-angel-mas-2\\\/#breadcrumb\",\"itemListElement\":[{\"@type\":\"ListItem\",\"position\":1,\"name\":\"Portada\",\"item\":\"https:\\\/\\\/www.omnesbands.international\\\/\"},{\"@type\":\"ListItem\",\"position\":2,\"name\":\"MIGUEL ANGEL MAS\"}]},{\"@type\":\"WebSite\",\"@id\":\"https:\\\/\\\/www.omnesbands.international\\\/#website\",\"url\":\"https:\\\/\\\/www.omnesbands.international\\\/\",\"name\":\"OMNESBANDS International\",\"description\":\"Partituras Originales de autores y compositores independientes\",\"publisher\":{\"@id\":\"https:\\\/\\\/www.omnesbands.international\\\/#organization\"},\"potentialAction\":[{\"@type\":\"SearchAction\",\"target\":{\"@type\":\"EntryPoint\",\"urlTemplate\":\"https:\\\/\\\/www.omnesbands.international\\\/?s={search_term_string}\"},\"query-input\":{\"@type\":\"PropertyValueSpecification\",\"valueRequired\":true,\"valueName\":\"search_term_string\"}}],\"inLanguage\":\"ja\"},{\"@type\":\"Organization\",\"@id\":\"https:\\\/\\\/www.omnesbands.international\\\/#organization\",\"name\":\"Indra Consultores Internacionales\",\"alternateName\":\"Omnesbands\",\"url\":\"https:\\\/\\\/www.omnesbands.international\\\/\",\"logo\":{\"@type\":\"ImageObject\",\"inLanguage\":\"ja\",\"@id\":\"https:\\\/\\\/www.omnesbands.international\\\/#\\\/schema\\\/logo\\\/image\\\/\",\"url\":\"https:\\\/\\\/omnesbands.international\\\/wp-content\\\/uploads\\\/2023\\\/06\\\/Logo-Nuevo-.png\",\"contentUrl\":\"https:\\\/\\\/omnesbands.international\\\/wp-content\\\/uploads\\\/2023\\\/06\\\/Logo-Nuevo-.png\",\"width\":394,\"height\":212,\"caption\":\"Indra Consultores Internacionales\"},\"image\":{\"@id\":\"https:\\\/\\\/www.omnesbands.international\\\/#\\\/schema\\\/logo\\\/image\\\/\"}}]}<\/script>\n<!-- \/ Yoast SEO Premium plugin. -->","yoast_head_json":{"title":"MIGUEL ANGEL MAS -","robots":{"index":"index","follow":"follow","max-snippet":"max-snippet:-1","max-image-preview":"max-image-preview:large","max-video-preview":"max-video-preview:-1"},"canonical":"https:\/\/www.omnesbands.international\/ja\/miguel-angel-mas-2\/","og_locale":"ja_JP","og_type":"article","og_title":"MIGUEL ANGEL MAS","og_description":"MIGUEL ANGEL MAS Natural de Ca\u00f1ada (Alicante), comienza sus estudios en la Escuela de M\u00fasica local y en el conservatorio Oscar Espl\u00e1 de Alicante. Poco despu\u00e9s se traslada al Conservatorio Profesional de M\u00fasica de Villena, donde finalizar\u00eda el Grado Medio de saxof\u00f3n con el profesor: D. Jos\u00e9 Luna Mart\u00ednez. Adem\u00e1s completa el Grado Elemental en [&hellip;]","og_url":"https:\/\/www.omnesbands.international\/ja\/miguel-angel-mas-2\/","article_modified_time":"2023-01-29T15:38:50+00:00","og_image":[{"width":1280,"height":742,"url":"https:\/\/www.omnesbands.international\/wp-content\/uploads\/2023\/01\/music-sheet-music-snowdrop-7107045.jpg","type":"image\/jpeg"}],"twitter_card":"summary_large_image","twitter_misc":{"\u63a8\u5b9a\u8aad\u307f\u53d6\u308a\u6642\u9593":"2\u5206"},"schema":{"@context":"https:\/\/schema.org","@graph":[{"@type":"WebPage","@id":"https:\/\/www.omnesbands.international\/miguel-angel-mas-2\/","url":"https:\/\/www.omnesbands.international\/miguel-angel-mas-2\/","name":"MIGUEL ANGEL MAS -","isPartOf":{"@id":"https:\/\/www.omnesbands.international\/#website"},"datePublished":"2023-01-29T15:38:45+00:00","dateModified":"2023-01-29T15:38:50+00:00","breadcrumb":{"@id":"https:\/\/www.omnesbands.international\/miguel-angel-mas-2\/#breadcrumb"},"inLanguage":"ja","potentialAction":[{"@type":"ReadAction","target":["https:\/\/www.omnesbands.international\/miguel-angel-mas-2\/"]}]},{"@type":"BreadcrumbList","@id":"https:\/\/www.omnesbands.international\/miguel-angel-mas-2\/#breadcrumb","itemListElement":[{"@type":"ListItem","position":1,"name":"Portada","item":"https:\/\/www.omnesbands.international\/"},{"@type":"ListItem","position":2,"name":"MIGUEL ANGEL MAS"}]},{"@type":"WebSite","@id":"https:\/\/www.omnesbands.international\/#website","url":"https:\/\/www.omnesbands.international\/","name":"OMNESBANDS International","description":"\u72ec\u7acb\u3057\u305f\u4f5c\u5bb6\u3084\u4f5c\u66f2\u5bb6\u306b\u3088\u308b\u30aa\u30ea\u30b8\u30ca\u30eb\u306e\u697d\u8b5c","publisher":{"@id":"https:\/\/www.omnesbands.international\/#organization"},"potentialAction":[{"@type":"SearchAction","target":{"@type":"EntryPoint","urlTemplate":"https:\/\/www.omnesbands.international\/?s={search_term_string}"},"query-input":{"@type":"PropertyValueSpecification","valueRequired":true,"valueName":"search_term_string"}}],"inLanguage":"ja"},{"@type":"Organization","@id":"https:\/\/www.omnesbands.international\/#organization","name":"\u30a4\u30f3\u30c9\u30e9\u56fd\u969b\u30b3\u30f3\u30b5\u30eb\u30bf\u30f3\u30c8","alternateName":"Omnesbands","url":"https:\/\/www.omnesbands.international\/","logo":{"@type":"ImageObject","inLanguage":"ja","@id":"https:\/\/www.omnesbands.international\/#\/schema\/logo\/image\/","url":"https:\/\/omnesbands.international\/wp-content\/uploads\/2023\/06\/Logo-Nuevo-.png","contentUrl":"https:\/\/omnesbands.international\/wp-content\/uploads\/2023\/06\/Logo-Nuevo-.png","width":394,"height":212,"caption":"Indra Consultores Internacionales"},"image":{"@id":"https:\/\/www.omnesbands.international\/#\/schema\/logo\/image\/"}}]}},"uagb_featured_image_src":{"full":false,"thumbnail":false,"medium":false,"medium_large":false,"large":false,"1536x1536":false,"2048x2048":false,"trp-custom-language-flag":false,"gg_gallery_thumbnail":false,"woocommerce_thumbnail":false,"woocommerce_single":false,"woocommerce_gallery_thumbnail":false},"uagb_author_info":{"display_name":"Melvin R. Portillo A:","author_link":"https:\/\/www.omnesbands.international\/ja\/author\/portand\/"},"uagb_comment_info":0,"uagb_excerpt":"MIGUEL ANGEL MAS Natural de Ca\u00f1ada (Alicante), comienza sus estudios en la Escuela de M\u00fasica local y en el conservatorio Oscar Espl\u00e1 de Alicante. Poco despu\u00e9s se traslada al Conservatorio Profesional de M\u00fasica de Villena, donde finalizar\u00eda el Grado Medio de saxof\u00f3n con el profesor: D. Jos\u00e9 Luna Mart\u00ednez. Adem\u00e1s completa el Grado Elemental en&hellip;","_links":{"self":[{"href":"https:\/\/www.omnesbands.international\/ja\/wp-json\/wp\/v2\/pages\/1758","targetHints":{"allow":["GET"]}}],"collection":[{"href":"https:\/\/www.omnesbands.international\/ja\/wp-json\/wp\/v2\/pages"}],"about":[{"href":"https:\/\/www.omnesbands.international\/ja\/wp-json\/wp\/v2\/types\/page"}],"author":[{"embeddable":true,"href":"https:\/\/www.omnesbands.international\/ja\/wp-json\/wp\/v2\/users\/4"}],"replies":[{"embeddable":true,"href":"https:\/\/www.omnesbands.international\/ja\/wp-json\/wp\/v2\/comments?post=1758"}],"version-history":[{"count":1,"href":"https:\/\/www.omnesbands.international\/ja\/wp-json\/wp\/v2\/pages\/1758\/revisions"}],"predecessor-version":[{"id":1759,"href":"https:\/\/www.omnesbands.international\/ja\/wp-json\/wp\/v2\/pages\/1758\/revisions\/1759"}],"wp:attachment":[{"href":"https:\/\/www.omnesbands.international\/ja\/wp-json\/wp\/v2\/media?parent=1758"}],"curies":[{"name":"wp","href":"https:\/\/api.w.org\/{rel}","templated":true}]}}