{"id":1760,"date":"2023-01-29T09:43:05","date_gmt":"2023-01-29T15:43:05","guid":{"rendered":"https:\/\/omnesbands.international\/?page_id=1760"},"modified":"2023-01-29T09:43:07","modified_gmt":"2023-01-29T15:43:07","slug":"miguel-a-sarrio-nadal-2","status":"publish","type":"page","link":"https:\/\/www.omnesbands.international\/ja\/miguel-a-sarrio-nadal-2\/","title":{"rendered":"\u30df\u30b2\u30eb\u30fbA\u30fb\u30b5\u30ea\u30aa\u30fb\u30ca\u30c0\u30eb"},"content":{"rendered":"<div class=\"wp-block-uagb-container uagb-block-e80562cd alignfull uagb-is-root-container\"><div class=\"uagb-container-inner-blocks-wrap\">\n<div class=\"wp-block-uagb-advanced-heading uagb-block-70f65910\"><h1 class=\"uagb-heading-text\"><strong>\u30df\u30b2\u30eb\u30fb\u30a2\u30f3\u30d8\u30eb\u30fb\u30b5\u30ea\u30aa\u30fb\u30ca\u30c0\u30eb<\/strong><\/h1><\/div>\n<\/div><\/div>\n\n\n\n<div class=\"wp-block-uagb-container uagb-block-6ddeba67 alignfull uagb-is-root-container\"><div class=\"uagb-container-inner-blocks-wrap\">\n<div class=\"wp-block-uagb-container uagb-block-e3cdab91\">\n<p>\u30df\u30b2\u30eb\u30fb\u30a2\u30f3\u30d8\u30eb\u30fb\u30b5\u30ea\u30aa\u30fb\u30ca\u30c0\u30eb\u306f\u3001\u30ed\u30f3\u30c9\u30f3\u306e\u738b\u7acb\u97f3\u697d\u9662\u3067\u30aa\u30fc\u30b1\u30b9\u30c8\u30e9\u6307\u63ee\u306e\u5b66\u4f4d\u3092\u53d6\u5f97\u3057\u3001\u30aa\u30f3\u30c6\u30a3\u30cb\u30a8\u30f3\u30c8\u97f3\u697d\u9662\u3001\u30b5\u30e9\u30de\u30f3\u30ab\u5927\u5b66\u3068\u30d0\u30ec\u30f3\u30b7\u30a2\u5927\u5b66\u3067\u5b66\u3073\u3001\u30c8\u30e9\u30f3\u30da\u30c3\u30c8\u5c02\u9580\u306e\u9ad8\u7b49\u6559\u6388\u306e\u79f0\u53f7\u3092\u53d6\u5f97\u3057\u307e\u3057\u305f\u3002\u5f7c\u306f\u307e\u305f\u3001\u30db\u30bb\u30fb\u30e9\u30d5\u30a1\u30a8\u30eb\u30fb\u30d1\u30b9\u30af\u30a2\u30eb\u30fb\u30f4\u30a3\u30e9\u30d7\u30e9\u30ca\u3001\u30e9\u30e2\u30f3\u30fb\u30ac\u30eb\u30b7\u30a2\u30fb\u30a4\u30fb\u30bd\u30ec\u30fc\u30eb\u3001\u30d5\u30a2\u30f3\u30fb\u30a2\u30eb\u30dc\u30eb\u30c1\u306e\u6307\u5c0e\u306e\u4e0b\u3001ESMUCVALL\u3067\u30d0\u30f3\u30c9\u6307\u63ee\u306e\u5b66\u4f4d\u3092\u53d6\u5f97\u3057\u3066\u3044\u307e\u3059\u3002\u5f7c\u306f\u30d0\u30ec\u30f3\u30b7\u30a2\u5927\u5b66\u3067\u97f3\u697d\u6559\u80b2\u3068\u5e7c\u5150\u6559\u80b2\u306e\u5c02\u9580\u5206\u91ce\u306e\u5927\u5b66\u5352\u696d\u8a3c\u66f8\u3092\u53d6\u5f97\u3057\u3066\u3044\u307e\u3059\u3002<\/p>\n<p>1997 \u5e74\u4ee5\u6765\u3001\u5f7c\u306f\u97f3\u697d\u6559\u80b2\u3092\u5c02\u9580\u3068\u3059\u308b\u6559\u5e2b\u968a\u306e\u30ad\u30e3\u30ea\u30a2\u8077\u54e1\u3092\u52d9\u3081\u3066\u304a\u308a\u3001\u3059\u3079\u3066\u306e\u5c02\u9580\u5206\u91ce\u306e\u30b3\u30f3\u30c6\u30b9\u30c8\u3067\u7b2c 1 \u4f4d\u306b\u306a\u3063\u3066\u3044\u307e\u3059\u3002<\/p>\n<p>\u5f7c\u306f\u3001\u30aa\u30f3\u30c6\u30a3\u30cb\u30a8\u30f3\u30c8\u306e\u300c\u30db\u30bb\u30fb\u30e1\u30eb\u30b7\u30aa\u30fc\u30eb\u30fb\u30b4\u30df\u30b9\u300d\u5c02\u9580\u97f3\u697d\u9662\u3067\u30c8\u30e9\u30f3\u30da\u30c3\u30c8\u306e\u9662\u9577\u304a\u3088\u3073\u6559\u6388\u3092\u52d9\u3081\u3001\u30ed\u30b8\u30a7\u30ea\u30a2\uff08\u30d0\u30ec\u30f3\u30b7\u30a2\uff09\u306eAEM\u300c\u30e9\u30fb\u30ce\u30f4\u30a1\u300d\u306e\u9996\u5e2d\u7406\u4e8b\u3001\u30ab\u30eb\u30bb\u30eb\uff08\u30d0\u30ec\u30f3\u30b7\u30a2\uff09\u306eSM\u300c\u30a8\u30eb\u30fb\u30f4\u30a1\u30c3\u30ec\u300d\u306e\u9996\u5e2d\u7406\u4e8b\u3001\u30ed\u30eb\u30b7\u30e3\u5927\u5b66\u30df\u30e5\u30fc\u30b8\u30ab\u30eb\uff08\u30a2\u30ea\u30ab\u30f3\u30c6\uff09\u3001\u30a2\u30b0\u30eb\u30d1\u30b7\u30aa\u30fb\u30df\u30e5\u30fc\u30b8\u30ab\u30eb\u30fb\u30aa\u30f3\u30c6\u30a3\u30cb\u30a8\u30f3\u30c8\uff08\u30d0\u30ec\u30f3\u30b7\u30a2\uff09\u3001\u30a2\u30a4\u30a8\u30ed\u30fb\u30c7\u30fb\u30de\u30eb\u30d5\u30a7\u30ea\u30c3\u30c8\u97f3\u697d\u5927\u5b66\uff08\u30d0\u30ec\u30f3\u30b7\u30a2\uff09\u3001\u30aa\u30f3\u30c6\u30a3\u30cb\u30a8\u30f3\u30c8\u306e\u300c\u30b3\u30c3\u30e9\u30fb\u30c7\u30fb\u30c9\u30eb\u30b5\u30a4\u30ca\u30fc\u30b9\u30fb\u30a4\u30fb\u30bf\u30d0\u30ec\u30bf\u30fc\u30ba\u30fb\u30a8\u30eb\u30fb\u30ea\u30fc\u30ac\u30eb\u300d\u304a\u3088\u3073\u76e3\u7763\u30aa\u30f3\u30c6\u30a3\u30cb\u30a8\u30f3\u30c8\u306e\u300c\u30b3\u30fc\u30e9\u30eb\u30fb\u30c7\u30fb\u30e9\u30fb\u30d7\u30ea\u30b7\u30de\u300d\u306e\u5275\u8a2d\u8005\u3002<\/p>\n<p>\u7ba1\u6253\u697d\u5668\u30a2\u30f3\u30b5\u30f3\u30d6\u30eb\u306e\u305f\u3081\u3060\u3051\u306b\u66f8\u304b\u308c\u305f\u5f7c\u306e\u97f3\u697d\u306f\u3001\u56fd\u5185\u5916\u306e\u3055\u307e\u3056\u307e\u306a\u30b3\u30f3\u30af\u30fc\u30eb\u3067 18 \u306e\u8cde\u3092\u53d7\u8cde\u3057\u3001\u6570\u679a\u306e CD \u306b\u9332\u97f3\u3055\u308c\u3001\u51fa\u7248\u793e Rober Martin (\u30d5\u30e9\u30f3\u30b9)\u3001Omnesband\u3001BRANDOR \u304b\u3089\u51fa\u7248\u3055\u308c\u3066\u3044\u307e\u3059\u3002<\/p>\n<p>\u5f7c\u306f\u73fe\u5728\u3001\u56fd\u969b\u6307\u63ee\u8005\u30aa\u30fc\u30b1\u30b9\u30c8\u30e9\u306e\u30c8\u30e9\u30f3\u30da\u30c3\u30c8\u594f\u8005\u3001\u30a2\u30a4\u30a8\u30ed\u97f3\u697d\u5927\u5b66\uff08\u30d0\u30ec\u30f3\u30b7\u30a2\uff09\u306e\u9023\u76df\u97f3\u697d\u5bb6\u3001\u30a2\u30a4\u30a8\u30ed\u30fb\u30c7\u30fb\u30de\u30eb\u30d5\u30a7\u30ea\u30c3\u30c8\u516c\u7acb\u5b66\u6821\u306e\u97f3\u697d\u5c02\u9580\u6559\u5e2b\u3001\u30f4\u30a3\u30e9\u30fb\u30c7\u30fb\u30dc\u30ab\u30a4\u30ec\u30f3\u30c8\u97f3\u697d\u5354\u4f1a\u306e\u9996\u5e2d\u6307\u63ee\u8005\u3092\u52d9\u3081\u3066\u3044\u307e\u3059\u3002<\/p>\n<\/div>\n<\/div><\/div>\n\n\n<div class=\"woocommerce columns-4\"><\/div>","protected":false},"excerpt":{"rendered":"<p>MIGUEL ANGEL SARRI\u00d3 NADAL MIGUEL \u00c1NGEL SARRI\u00d3 NADAL, es Licenciado en Direcci\u00f3n de Orquesta por la Royal School of Musica de Londres, ha estudiado en el conservatorio de Ontinyent, y en los superiores de Salamanca y Valencia, obteniendo la titulaci\u00f3n de Profesor Superior en la especialidad de Trompeta. Tambi\u00e9n es titulado en Direcci\u00f3n de Banda [&hellip;]<\/p>\n","protected":false},"author":4,"featured_media":0,"parent":0,"menu_order":0,"comment_status":"closed","ping_status":"closed","template":"","meta":{"_acf_changed":false,"_uag_custom_page_level_css":"","site-sidebar-layout":"default","site-content-layout":"","ast-site-content-layout":"default","site-content-style":"default","site-sidebar-style":"default","ast-global-header-display":"","ast-banner-title-visibility":"","ast-main-header-display":"","ast-hfb-above-header-display":"","ast-hfb-below-header-display":"","ast-hfb-mobile-header-display":"","site-post-title":"disabled","ast-breadcrumbs-content":"","ast-featured-img":"","footer-sml-layout":"","ast-disable-related-posts":"","theme-transparent-header-meta":"","adv-header-id-meta":"","stick-header-meta":"","header-above-stick-meta":"","header-main-stick-meta":"","header-below-stick-meta":"","astra-migrate-meta-layouts":"default","ast-page-background-enabled":"default","ast-page-background-meta":{"desktop":{"background-color":"","background-image":"","background-repeat":"repeat","background-position":"center center","background-size":"auto","background-attachment":"scroll","background-type":"","background-media":"","overlay-type":"","overlay-color":"","overlay-opacity":"","overlay-gradient":""},"tablet":{"background-color":"","background-image":"","background-repeat":"repeat","background-position":"center center","background-size":"auto","background-attachment":"scroll","background-type":"","background-media":"","overlay-type":"","overlay-color":"","overlay-opacity":"","overlay-gradient":""},"mobile":{"background-color":"","background-image":"","background-repeat":"repeat","background-position":"center center","background-size":"auto","background-attachment":"scroll","background-type":"","background-media":"","overlay-type":"","overlay-color":"","overlay-opacity":"","overlay-gradient":""}},"ast-content-background-meta":{"desktop":{"background-color":"var(--ast-global-color-5)","background-image":"","background-repeat":"repeat","background-position":"center center","background-size":"auto","background-attachment":"scroll","background-type":"","background-media":"","overlay-type":"","overlay-color":"","overlay-opacity":"","overlay-gradient":""},"tablet":{"background-color":"var(--ast-global-color-5)","background-image":"","background-repeat":"repeat","background-position":"center center","background-size":"auto","background-attachment":"scroll","background-type":"","background-media":"","overlay-type":"","overlay-color":"","overlay-opacity":"","overlay-gradient":""},"mobile":{"background-color":"var(--ast-global-color-5)","background-image":"","background-repeat":"repeat","background-position":"center center","background-size":"auto","background-attachment":"scroll","background-type":"","background-media":"","overlay-type":"","overlay-color":"","overlay-opacity":"","overlay-gradient":""}},"footnotes":""},"class_list":["post-1760","page","type-page","status-publish","hentry"],"acf":[],"yoast_head":"<!-- This site is optimized with the Yoast SEO Premium plugin v22.4 (Yoast SEO v27.4) - https:\/\/yoast.com\/product\/yoast-seo-premium-wordpress\/ -->\n<title>MIGUEL A. SARRI\u00d3 NADAL -<\/title>\n<meta name=\"robots\" content=\"index, follow, max-snippet:-1, max-image-preview:large, max-video-preview:-1\" \/>\n<link rel=\"canonical\" href=\"https:\/\/www.omnesbands.international\/ja\/miguel-a-sarrio-nadal-2\/\" \/>\n<meta property=\"og:locale\" content=\"ja_JP\" \/>\n<meta property=\"og:type\" content=\"article\" \/>\n<meta property=\"og:title\" content=\"MIGUEL A. SARRI\u00d3 NADAL\" \/>\n<meta property=\"og:description\" content=\"MIGUEL ANGEL SARRI\u00d3 NADAL MIGUEL \u00c1NGEL SARRI\u00d3 NADAL, es Licenciado en Direcci\u00f3n de Orquesta por la Royal School of Musica de Londres, ha estudiado en el conservatorio de Ontinyent, y en los superiores de Salamanca y Valencia, obteniendo la titulaci\u00f3n de Profesor Superior en la especialidad de Trompeta. Tambi\u00e9n es titulado en Direcci\u00f3n de Banda [&hellip;]\" \/>\n<meta property=\"og:url\" content=\"https:\/\/www.omnesbands.international\/ja\/miguel-a-sarrio-nadal-2\/\" \/>\n<meta property=\"article:modified_time\" content=\"2023-01-29T15:43:07+00:00\" \/>\n<meta property=\"og:image\" content=\"https:\/\/www.omnesbands.international\/wp-content\/uploads\/2023\/01\/music-sheet-music-snowdrop-7107045.jpg\" \/>\n\t<meta property=\"og:image:width\" content=\"1280\" \/>\n\t<meta property=\"og:image:height\" content=\"742\" \/>\n\t<meta property=\"og:image:type\" content=\"image\/jpeg\" \/>\n<meta name=\"twitter:card\" content=\"summary_large_image\" \/>\n<meta name=\"twitter:label1\" content=\"\u63a8\u5b9a\u8aad\u307f\u53d6\u308a\u6642\u9593\" \/>\n\t<meta name=\"twitter:data1\" content=\"2\u5206\" \/>\n<script type=\"application\/ld+json\" class=\"yoast-schema-graph\">{\"@context\":\"https:\\\/\\\/schema.org\",\"@graph\":[{\"@type\":\"WebPage\",\"@id\":\"https:\\\/\\\/www.omnesbands.international\\\/miguel-a-sarrio-nadal-2\\\/\",\"url\":\"https:\\\/\\\/www.omnesbands.international\\\/miguel-a-sarrio-nadal-2\\\/\",\"name\":\"MIGUEL A. SARRI\u00d3 NADAL -\",\"isPartOf\":{\"@id\":\"https:\\\/\\\/www.omnesbands.international\\\/#website\"},\"datePublished\":\"2023-01-29T15:43:05+00:00\",\"dateModified\":\"2023-01-29T15:43:07+00:00\",\"breadcrumb\":{\"@id\":\"https:\\\/\\\/www.omnesbands.international\\\/miguel-a-sarrio-nadal-2\\\/#breadcrumb\"},\"inLanguage\":\"ja\",\"potentialAction\":[{\"@type\":\"ReadAction\",\"target\":[\"https:\\\/\\\/www.omnesbands.international\\\/miguel-a-sarrio-nadal-2\\\/\"]}]},{\"@type\":\"BreadcrumbList\",\"@id\":\"https:\\\/\\\/www.omnesbands.international\\\/miguel-a-sarrio-nadal-2\\\/#breadcrumb\",\"itemListElement\":[{\"@type\":\"ListItem\",\"position\":1,\"name\":\"Portada\",\"item\":\"https:\\\/\\\/www.omnesbands.international\\\/\"},{\"@type\":\"ListItem\",\"position\":2,\"name\":\"MIGUEL A. SARRI\u00d3 NADAL\"}]},{\"@type\":\"WebSite\",\"@id\":\"https:\\\/\\\/www.omnesbands.international\\\/#website\",\"url\":\"https:\\\/\\\/www.omnesbands.international\\\/\",\"name\":\"OMNESBANDS International\",\"description\":\"Partituras Originales de autores y compositores independientes\",\"publisher\":{\"@id\":\"https:\\\/\\\/www.omnesbands.international\\\/#organization\"},\"potentialAction\":[{\"@type\":\"SearchAction\",\"target\":{\"@type\":\"EntryPoint\",\"urlTemplate\":\"https:\\\/\\\/www.omnesbands.international\\\/?s={search_term_string}\"},\"query-input\":{\"@type\":\"PropertyValueSpecification\",\"valueRequired\":true,\"valueName\":\"search_term_string\"}}],\"inLanguage\":\"ja\"},{\"@type\":\"Organization\",\"@id\":\"https:\\\/\\\/www.omnesbands.international\\\/#organization\",\"name\":\"Indra Consultores Internacionales\",\"alternateName\":\"Omnesbands\",\"url\":\"https:\\\/\\\/www.omnesbands.international\\\/\",\"logo\":{\"@type\":\"ImageObject\",\"inLanguage\":\"ja\",\"@id\":\"https:\\\/\\\/www.omnesbands.international\\\/#\\\/schema\\\/logo\\\/image\\\/\",\"url\":\"https:\\\/\\\/omnesbands.international\\\/wp-content\\\/uploads\\\/2023\\\/06\\\/Logo-Nuevo-.png\",\"contentUrl\":\"https:\\\/\\\/omnesbands.international\\\/wp-content\\\/uploads\\\/2023\\\/06\\\/Logo-Nuevo-.png\",\"width\":394,\"height\":212,\"caption\":\"Indra Consultores Internacionales\"},\"image\":{\"@id\":\"https:\\\/\\\/www.omnesbands.international\\\/#\\\/schema\\\/logo\\\/image\\\/\"}}]}<\/script>\n<!-- \/ Yoast SEO Premium plugin. -->","yoast_head_json":{"title":"MIGUEL A. SARRI\u00d3 NADAL -","robots":{"index":"index","follow":"follow","max-snippet":"max-snippet:-1","max-image-preview":"max-image-preview:large","max-video-preview":"max-video-preview:-1"},"canonical":"https:\/\/www.omnesbands.international\/ja\/miguel-a-sarrio-nadal-2\/","og_locale":"ja_JP","og_type":"article","og_title":"MIGUEL A. SARRI\u00d3 NADAL","og_description":"MIGUEL ANGEL SARRI\u00d3 NADAL MIGUEL \u00c1NGEL SARRI\u00d3 NADAL, es Licenciado en Direcci\u00f3n de Orquesta por la Royal School of Musica de Londres, ha estudiado en el conservatorio de Ontinyent, y en los superiores de Salamanca y Valencia, obteniendo la titulaci\u00f3n de Profesor Superior en la especialidad de Trompeta. Tambi\u00e9n es titulado en Direcci\u00f3n de Banda [&hellip;]","og_url":"https:\/\/www.omnesbands.international\/ja\/miguel-a-sarrio-nadal-2\/","article_modified_time":"2023-01-29T15:43:07+00:00","og_image":[{"width":1280,"height":742,"url":"https:\/\/www.omnesbands.international\/wp-content\/uploads\/2023\/01\/music-sheet-music-snowdrop-7107045.jpg","type":"image\/jpeg"}],"twitter_card":"summary_large_image","twitter_misc":{"\u63a8\u5b9a\u8aad\u307f\u53d6\u308a\u6642\u9593":"2\u5206"},"schema":{"@context":"https:\/\/schema.org","@graph":[{"@type":"WebPage","@id":"https:\/\/www.omnesbands.international\/miguel-a-sarrio-nadal-2\/","url":"https:\/\/www.omnesbands.international\/miguel-a-sarrio-nadal-2\/","name":"MIGUEL A. SARRI\u00d3 NADAL -","isPartOf":{"@id":"https:\/\/www.omnesbands.international\/#website"},"datePublished":"2023-01-29T15:43:05+00:00","dateModified":"2023-01-29T15:43:07+00:00","breadcrumb":{"@id":"https:\/\/www.omnesbands.international\/miguel-a-sarrio-nadal-2\/#breadcrumb"},"inLanguage":"ja","potentialAction":[{"@type":"ReadAction","target":["https:\/\/www.omnesbands.international\/miguel-a-sarrio-nadal-2\/"]}]},{"@type":"BreadcrumbList","@id":"https:\/\/www.omnesbands.international\/miguel-a-sarrio-nadal-2\/#breadcrumb","itemListElement":[{"@type":"ListItem","position":1,"name":"Portada","item":"https:\/\/www.omnesbands.international\/"},{"@type":"ListItem","position":2,"name":"MIGUEL A. SARRI\u00d3 NADAL"}]},{"@type":"WebSite","@id":"https:\/\/www.omnesbands.international\/#website","url":"https:\/\/www.omnesbands.international\/","name":"OMNESBANDS International","description":"\u72ec\u7acb\u3057\u305f\u4f5c\u5bb6\u3084\u4f5c\u66f2\u5bb6\u306b\u3088\u308b\u30aa\u30ea\u30b8\u30ca\u30eb\u306e\u697d\u8b5c","publisher":{"@id":"https:\/\/www.omnesbands.international\/#organization"},"potentialAction":[{"@type":"SearchAction","target":{"@type":"EntryPoint","urlTemplate":"https:\/\/www.omnesbands.international\/?s={search_term_string}"},"query-input":{"@type":"PropertyValueSpecification","valueRequired":true,"valueName":"search_term_string"}}],"inLanguage":"ja"},{"@type":"Organization","@id":"https:\/\/www.omnesbands.international\/#organization","name":"\u30a4\u30f3\u30c9\u30e9\u56fd\u969b\u30b3\u30f3\u30b5\u30eb\u30bf\u30f3\u30c8","alternateName":"Omnesbands","url":"https:\/\/www.omnesbands.international\/","logo":{"@type":"ImageObject","inLanguage":"ja","@id":"https:\/\/www.omnesbands.international\/#\/schema\/logo\/image\/","url":"https:\/\/omnesbands.international\/wp-content\/uploads\/2023\/06\/Logo-Nuevo-.png","contentUrl":"https:\/\/omnesbands.international\/wp-content\/uploads\/2023\/06\/Logo-Nuevo-.png","width":394,"height":212,"caption":"Indra Consultores Internacionales"},"image":{"@id":"https:\/\/www.omnesbands.international\/#\/schema\/logo\/image\/"}}]}},"uagb_featured_image_src":{"full":false,"thumbnail":false,"medium":false,"medium_large":false,"large":false,"1536x1536":false,"2048x2048":false,"trp-custom-language-flag":false,"gg_gallery_thumbnail":false,"woocommerce_thumbnail":false,"woocommerce_single":false,"woocommerce_gallery_thumbnail":false},"uagb_author_info":{"display_name":"Melvin R. Portillo A:","author_link":"https:\/\/www.omnesbands.international\/ja\/author\/portand\/"},"uagb_comment_info":0,"uagb_excerpt":"MIGUEL ANGEL SARRI\u00d3 NADAL MIGUEL \u00c1NGEL SARRI\u00d3 NADAL, es Licenciado en Direcci\u00f3n de Orquesta por la Royal School of Musica de Londres, ha estudiado en el conservatorio de Ontinyent, y en los superiores de Salamanca y Valencia, obteniendo la titulaci\u00f3n de Profesor Superior en la especialidad de Trompeta. Tambi\u00e9n es titulado en Direcci\u00f3n de Banda&hellip;","_links":{"self":[{"href":"https:\/\/www.omnesbands.international\/ja\/wp-json\/wp\/v2\/pages\/1760","targetHints":{"allow":["GET"]}}],"collection":[{"href":"https:\/\/www.omnesbands.international\/ja\/wp-json\/wp\/v2\/pages"}],"about":[{"href":"https:\/\/www.omnesbands.international\/ja\/wp-json\/wp\/v2\/types\/page"}],"author":[{"embeddable":true,"href":"https:\/\/www.omnesbands.international\/ja\/wp-json\/wp\/v2\/users\/4"}],"replies":[{"embeddable":true,"href":"https:\/\/www.omnesbands.international\/ja\/wp-json\/wp\/v2\/comments?post=1760"}],"version-history":[{"count":1,"href":"https:\/\/www.omnesbands.international\/ja\/wp-json\/wp\/v2\/pages\/1760\/revisions"}],"predecessor-version":[{"id":1761,"href":"https:\/\/www.omnesbands.international\/ja\/wp-json\/wp\/v2\/pages\/1760\/revisions\/1761"}],"wp:attachment":[{"href":"https:\/\/www.omnesbands.international\/ja\/wp-json\/wp\/v2\/media?parent=1760"}],"curies":[{"name":"wp","href":"https:\/\/api.w.org\/{rel}","templated":true}]}}