{"id":1762,"date":"2023-01-29T10:08:16","date_gmt":"2023-01-29T16:08:16","guid":{"rendered":"https:\/\/omnesbands.international\/?page_id=1762"},"modified":"2023-01-29T10:09:04","modified_gmt":"2023-01-29T16:09:04","slug":"oscar-vidal-2","status":"publish","type":"page","link":"https:\/\/www.omnesbands.international\/ja\/oscar-vidal-2\/","title":{"rendered":"\u30aa\u30b9\u30ab\u30eb\u30fb\u30f4\u30a3\u30c0\u30eb"},"content":{"rendered":"<div class=\"wp-block-uagb-container uagb-block-a8db7ccb alignfull uagb-is-root-container\"><div class=\"uagb-container-inner-blocks-wrap\">\n<div class=\"wp-block-uagb-advanced-heading uagb-block-f5484513\"><h1 class=\"uagb-heading-text\"><strong>\u30aa\u30b9\u30ab\u30eb\u30fb\u30f4\u30a3\u30c0\u30eb<\/strong><\/h1><\/div>\n<\/div><\/div>\n\n\n\n<div class=\"wp-block-uagb-container uagb-block-66970fa7 alignfull uagb-is-root-container\"><div class=\"uagb-container-inner-blocks-wrap\">\n<div class=\"wp-block-uagb-container uagb-block-8daa4c23\">\n<p>\u30a2\u30a4\u30a8\u30ed\u30fb\u30c7\u30fb\u30de\u30eb\u30d5\u30a7\u30ea\u30c3\u30c8\uff08\u30d0\u30ec\u30f3\u30b7\u30a2\uff09\u751f\u307e\u308c\u306e\u97f3\u697d\u5bb6\u3067\u3001\u30a2\u30f3\u30c8\u30cb\u30aa\u30fb\u30ac\u30eb\u30b7\u30a2\u30fb\u30a2\u30eb\u30d0\u30fc\u30c8\u6c0f\u306e\u6307\u5c0e\u306e\u3082\u3068\u300c\u30e6\u30cb\u30aa\u30f3\u30fb\u30df\u30e5\u30fc\u30b8\u30ab\u30eb\u30fb\u30a2\u30a4\u30a8\u30ec\u30f3\u30bb\u300d\u3067\u97f3\u697d\u306e\u52c9\u5f37\u3092\u59cb\u3081\u3001\u30d0\u30ec\u30f3\u30b7\u30a2\u306e\u300c\u30db\u30a2\u30ad\u30f3\u30fb\u30ed\u30c9\u30ea\u30b4\u300d\u9ad8\u7b49\u97f3\u697d\u9662\u3067\u5b66\u4f4d\u3092\u53d6\u5f97\u3057\u307e\u3057\u305f\u3002\u30d3\u30bb\u30f3\u30c6\u30fb\u30ab\u30f3\u30dd\u30b9\u6559\u6388\u3068\u30ec\u30aa\u30dd\u30eb\u30c9\u30fb\u30d3\u30c0\u30eb\u6559\u6388\u3068\u3068\u3082\u306b\u3001\u30c8\u30e9\u30f3\u30da\u30c3\u30c8\u5c02\u9580\u5206\u91ce\u30671996\u5e74\u306e\u6700\u7d42\u5e74\u5ea6\u8cde\u306e\u4f73\u4f5c\u3092\u6e80\u5834\u4e00\u81f4\u3067\u53d7\u8cde\u3057\u305f\u3002\u5f7c\u306f\u30a2\u30f3\u30bd\u30cb\u30fc\u30fb\u30d7\u30ed\u30c3\u30b0\u3001\u30e2\u30fc\u30ea\u30b9\u30fb\u30d9\u30f3\u30c6\u30eb\u30d5\u30a1\u3001\u30d4\u30a8\u30fc\u30eb\u30fb\u30c6\u30a3\u30dc\u30fc\u3001\u30a2\u30ec\u30f3\u30fb\u30f4\u30a3\u30ba\u30c3\u30c6\u30a3\u3001\u30cf\u30ab\u30f3\u30fb\u30cf\u30f3\u30c7\u30f3\u30d0\u30fc\u30ac\u30fc\u306b\u3088\u308b\u697d\u5668\u306e\u4e0a\u9054\u30b3\u30fc\u30b9\u3092\u53d7\u8b1b\u3057\u307e\u3057\u305f\u3002 <br \/>\u307e\u305f\u3001\u30d4\u30a2\u30ce\u3001\u30cf\u30fc\u30e2\u30cb\u30fc\u3001\u30aa\u30fc\u30b1\u30b9\u30c8\u30e9\u6307\u63ee\u3092\u30de\u30cc\u30a8\u30eb\u30fb\u30ac\u30eb\u30c9\u30a5\u30d5\u3068\u30ed\u30d9\u30eb\u30c8\u30fb\u30d5\u30a9\u30ec\u30b9\u304b\u3089\u5b66\u3073\u307e\u3057\u305f\u3002\u30e4\u30f3\u30fb\u30b3\u30fc\u30d0\u30fc\u3001\u30db\u30bb\u30fb\u30e9\u30d5\u30a1\u30a8\u30eb\u30fb\u30d1\u30b9\u30af\u30a2\u30eb\u3001\u30d5\u30e9\u30f3\u30b3\u30fb\u30bb\u30b6\u30ea\u30fc\u30cb\u3001\u30d5\u30a7\u30ec\u30fc\u30eb\u30fb\u30d5\u30a7\u30e9\u30f3\u306b\u3088\u308b\u30d0\u30f3\u30c9\u6307\u63ee\u30b3\u30fc\u30b9\u3001\u304a\u3088\u3073\u30c7\u30cb\u30b9\u30fb\u30cf\u30e0\uff08\u738b\u7acb\u97f3\u697d\u9662\uff09\u306b\u3088\u308b\u30aa\u30fc\u30b1\u30b9\u30c8\u30e9\u6307\u63ee\u30b3\u30fc\u30b9\u3002\u5f7c\u306f\u30c6\u30aa\u30fb\u30a2\u30d1\u30ea\u30b7\u30aa\u3068\u30a2\u30eb\u30ca\u30a6\u30fb\u30d0\u30bf\u30e9\u30fc\u304b\u3089\u4f5c\u66f2\u306e\u30af\u30e9\u30b9\u3092\u53d7\u3051\u3066\u3044\u307e\u3059\u3002<\/p>\n<p>\u5668\u697d\u594f\u8005\u3068\u3057\u3066\u3001\u5f7c\u306f\u30a2\u30e9\u30ab\u30f3\u30c8\u7ba1\u5f26\u697d\u56e3\u3068\u305d\u306e\u91d1\u7ba1\u4e94\u91cd\u594f\u56e3\u306e\u4e00\u54e1\u3067\u3042\u308a\u3001\u30d2\u30db\u30f3\u97f3\u697d\u9662\u7ba1\u5f26\u697d\u56e3\u3001\u30a8\u30f3\u30dd\u30eb\u30c0\u7ba1\u5f26\u697d\u56e3\u306a\u3069\u306e\u4ed6\u306e\u30b0\u30eb\u30fc\u30d7\u3068\u3082\u5171\u6f14\u3057\u3066\u304a\u308a\u30011996\u5e74\u306b\u300c\u6b27\u5dde\u9023\u5408\u30e8\u30fc\u30ed\u30c3\u30d1\u9023\u5408\u7ba1\u5f26\u697d\u56e3\u300d\u3002<\/p>\n<p>\u5f7c\u306f\u3055\u307e\u3056\u307e\u306a\u30d0\u30f3\u30c9\u7de8\u6210\u306e\u9996\u5e2d\u6307\u63ee\u8005\u3092\u52d9\u3081\u3001\u30b9\u30da\u30a4\u30f3\u5168\u571f\u3067\u4ed6\u306e\u591a\u304f\u306e\u4ea4\u97ff\u697d\u56e3\u3092\u5ba2\u6f14\u6307\u63ee\u8005\u3068\u3057\u3066\u6307\u63ee\u3057\u3066\u304d\u307e\u3057\u305f\u3002\u5f7c\u306f\u30d0\u30eb\u30bb\u30ed\u30ca LEM \u30d5\u30a7\u30b9\u30c6\u30a3\u30d0\u30eb\u5185\u3067\u30d0\u30eb\u30bb\u30ed\u30ca\u5e02\u7acb\u97f3\u697d\u968a\u3092\u6307\u63ee\u3057\u3001\u7279\u306b\u30a2\u30b0\u30b9\u30c6\u30a3\u30fb\u30de\u30eb\u30c6\u30a3\u30cd\u30b9\u3001\u30b8\u30a7\u30fc\u30f3\u30fb\u30ea\u30b0\u30e9\u30fc\u3001\u30b8\u30e7\u30ec\u30f3\u30b9\u30fb\u30d0\u30fc\u30d0\u30fc\u3001\u30b6\u30d3\u30a8\u30eb\u30fb\u30de\u30ea\u30b9\u30bf\u30cb\u30fc\u3001\u30df\u30b2\u30eb\u30fb\u30de\u30ea\u30f3\u306a\u3069\u306e\u73fe\u4ee3\u4f5c\u66f2\u5bb6\u306b\u3088\u308b\u4f5c\u54c1\u3092\u521d\u6f14\u3057\u307e\u3057\u305f\u3002\u5f7c\u306f\u3001\u5b9f\u9a13\u97f3\u697d\u30d5\u30a7\u30b9\u30c6\u30a3\u30d0\u30eb\u300cEscena Contempor\u00e1nea\u300d\u5185\u306e\u300cC\u00edrculo de Bellas Artes\u300d\u3001\u30d0\u30ec\u30f3\u30b7\u30a2\u306eENSEMS\u3001\u30de\u30c9\u30ea\u30fc\u30c9\u306e\u56fd\u7acb\u97f3\u697d\u516c\u4f1a\u5802\u3067\u73fe\u4ee3\u4f5c\u66f2\u5bb6\u306e\u4f5c\u54c1\u3092\u521d\u6f14\u3057\u3066\u304d\u307e\u3057\u305f\u3002 <br \/>\u5f7c\u306e\u4f5c\u54c1\u306f\u30b9\u30da\u30a4\u30f3\u306e\u3055\u307e\u3056\u307e\u306a\u30d0\u30f3\u30c9\u306b\u3088\u3063\u3066\u6f14\u594f\u3055\u308c\u3066\u304a\u308a\u3001\u30d0\u30eb\u30bb\u30ed\u30ca\u5e02\u7acb\u97f3\u697d\u968a\u306e\u305f\u3081\u306e\u4f5c\u54c1\u300cLocus Solus\u300d\u3084\u30b9\u30da\u30a4\u30f3\u306e\u30c8\u30e9\u30f3\u30da\u30c3\u30c8\u594f\u8005\u30db\u30bb\u30fb\u30b7\u30a7\u30fc\u30d5\u30a1\u30fc\u306b\u6367\u3052\u3089\u308c\u305f\u300c\u3053\u306e\u97f3\u697d\u306f\u308f\u304b\u308a\u307e\u305b\u3093\u300d\u306a\u3069\u306e\u4f9d\u983c\u3092\u53d7\u3051\u3066\u3044\u307e\u3059\u3002<\/p>\n<p>\u53d7\u8cde\u6b74:<br \/>\u2013 l&#039;Olleria (\u30d0\u30ec\u30f3\u30b7\u30a2) \u306e\u7b2c 1 \u56de\u300c\u30d5\u30e9\u30f3\u30c1\u30a7\u30b9\u30af\u30fb\u30bb\u30eb\u30c0\u300d\u4f5c\u66f2\u30b3\u30f3\u30c6\u30b9\u30c8\u3067\u7b2c 1 \u4f4d\u304a\u3088\u3073\u7279\u5225\u8cde\u3092\u53d7\u8cde<br \/>\u2013 \u30b5\u30f3\u30fb\u30b8\u30e7\u30eb\u30c7\u30a3\u30fb\u30a2\u30bd\u30b7\u30a8\u30fc\u30b7\u30e7\u30f3\u30fb\u30aa\u30d6\u30fb\u30a2\u30eb\u30b3\u30a4\uff08\u30a2\u30ea\u30ab\u30f3\u30c6\uff09\u306eXLIII\u4f5c\u66f2\u30b3\u30f3\u30c6\u30b9\u30c8\u30671\u4f4d <br \/>\u2013 IX\u4f5c\u66f2\u30b3\u30f3\u30c6\u30b9\u30c8\u300c\u30f4\u30a3\u30e9\u30fb\u30c7\u30fb\u30ab\u30eb\u30d7\u300d\u7b2c1\u4f4d\uff08\u30a2\u30ea\u30ab\u30f3\u30c6\uff09 \u2013 X\u4f5c\u66f2\u30b3\u30f3\u30c6\u30b9\u30c8\u300c\u30f4\u30a3\u30e9\u30fb\u30c7\u30fb\u30a2\u30eb\u30d0\u30c6\u30e9\u300d\u7b2c1\u4f4d\uff08\u30a2\u30ea\u30ab\u30f3\u30c6\uff09 <br \/>\u2013 2011\u5e74\u30c8\u30a5\u30ea\u30b9\uff08\u30d0\u30ec\u30f3\u30b7\u30a2\uff09\u306e\u30d1\u30bd\u30c9\u30d6\u30ec\u30b9\u30b3\u30f3\u30c6\u30b9\u30c8\u300c\u30d5\u30a1\u30ea\u30e3\u30fb\u30a8\u30eb\u30b9\u30fb\u30d0\u30ea\u30b9\u300d\u3067\u512a\u52dd <br \/>\u2013 \u7b2c5\u56de\u5168\u56fd\u884c\u9032\u66f2\u4f5c\u66f2\u30b3\u30f3\u30af\u30fc\u30eb\u300c\u30f4\u30a3\u30e9\u30fb\u30c7\u30fb\u30b5\u30f3\u30fb\u30da\u30c9\u30ed\u30fb\u30c7\u30eb\u30fb\u30d4\u30ca\u30bf\u30eb\u300d\uff08\u30e0\u30eb\u30b7\u30a2\uff09\u7b2c1\u4f4d <br \/>\u2013 \u884c\u9032\u884c\u9032\u66f2\u300c\u30f4\u30a3\u30e9\u30fb\u30c7\u30fb\u30b5\u30f3\u30fb\u30da\u30c9\u30ed\u30fb\u30c7\u30eb\u30fb\u30d4\u30ca\u30bf\u30eb\u300d\u7b2c4\u56de\u5168\u56fd\u30b3\u30f3\u30af\u30fc\u30eb\uff08\u30e0\u30eb\u30b7\u30a2\uff09\u3067\u7b2c2\u4f4d <br \/>\u2013 \u7b2c17\u56de\u56fd\u969b\u30d1\u30bd\u30c9\u30d6\u30ec\u30b3\u30f3\u30af\u30fc\u30eb\u300c\u30f4\u30a3\u30e9\u30fb\u30c7\u30fb\u30dd\u30bd\u30fb\u30b9\u30c8\u30e9\u30c8\u300d\u30ab\u30eb\u30bf\u30d8\u30ca\uff08\u30e0\u30eb\u30b7\u30a2\uff09\u306b\u3066\u7b2c3\u4f4d \u2013 \u300c\u7b2cIV\u30f4\u30a3\u30e9\u30fb\u30c7\u30fb\u30a2\u30eb\u30c6\u30a2\u4f5c\u66f2\u30b3\u30f3\u30af\u30fc\u30eb\u300d\uff08\u30a2\u30ea\u30ab\u30f3\u30c6\uff09\u4e00\u822c\u90e8\u9580\u7b2c2\u4f4d<\/p>\n<\/div>\n<\/div><\/div>\n\n\n<div class=\"woocommerce columns-4\"><ul class=\"products columns-4\">\n<li class=\"desktop-align-left tablet-align-left mobile-align-left ast-product-gallery-layout-horizontal-slider product type-product post-1032 status-publish first instock product_cat-musica-de-calle product_tag-oscar-vidal has-post-thumbnail downloadable virtual taxable purchasable product-type-simple\">\n\t<a href=\"https:\/\/www.omnesbands.international\/ja\/product\/al-mussam\/\" class=\"woocommerce-LoopProduct-link woocommerce-loop-product__link\"><img loading=\"lazy\" decoding=\"async\" width=\"300\" height=\"300\" src=\"https:\/\/www.omnesbands.international\/wp-content\/uploads\/2023\/01\/Al-mussam-300x300.jpg\" class=\"attachment-woocommerce_thumbnail size-woocommerce_thumbnail\" alt=\"Al Mussam\" srcset=\"https:\/\/www.omnesbands.international\/wp-content\/uploads\/2023\/01\/Al-mussam-300x300.jpg 300w, https:\/\/www.omnesbands.international\/wp-content\/uploads\/2023\/01\/Al-mussam-150x150.jpg 150w, https:\/\/www.omnesbands.international\/wp-content\/uploads\/2023\/01\/Al-mussam-100x100.jpg 100w\" sizes=\"auto, (max-width: 300px) 100vw, 300px\" \/><h2 class=\"woocommerce-loop-product__title\">\u30a2\u30eb\u30fb\u30e0\u30b5\u30e0<\/h2>\n\t<span class=\"price\"><span class=\"woocommerce-Price-amount amount\"><bdi><span class=\"woocommerce-Price-currencySymbol\">&#36;<\/span>25.00<\/bdi><\/span><\/span>\n<\/a><a href=\"\/ja\/wp-json\/wp\/v2\/pages\/1762?add-to-cart=1032\" aria-describedby=\"woocommerce_loop_add_to_cart_link_describedby_1032\" data-quantity=\"1\" class=\"button product_type_simple add_to_cart_button ajax_add_to_cart\" data-product_id=\"1032\" data-product_sku=\"ALMU-CAL-ESP-22\" aria-label=\"\u30ab\u30fc\u30c8\u306b\u8ffd\u52a0: \u300cAl Mussam\u300d\" rel=\"nofollow\" data-success_message=\"\u300cAl Mussam\u300d\u3092\u304a\u8cb7\u3044\u7269\u30ab\u30b4\u306b\u8ffd\u52a0\u3057\u307e\u3057\u305f\" role=\"button\" data-no-translation=\"\" data-trp-gettext=\"\" data-no-translation-aria-label=\"\" data-no-translation-data-success_message=\"\">\u304a\u8cb7\u3044\u7269\u30ab\u30b4\u306b\u8ffd\u52a0<\/a>\t<span id=\"woocommerce_loop_add_to_cart_link_describedby_1032\" class=\"screen-reader-text\">\n\t\t\t<\/span>\n<\/li>\n<\/ul>\n<\/div>","protected":false},"excerpt":{"rendered":"<p>OSCAR VIDAL M\u00fasico nacido en Aielo de Malferit (Val\u00e8ncia) donde empez\u00f3 sus estudios musicales en el seno de la \u201cUni\u00f3n Musical Ayelense\u201d de la mano de D. Antonio Garcia Albert, finalizando la carrera en el Conservatorio Superior de M\u00fasica \u201cJoaqu\u00edn Rodrigo\u201d de Val\u00e8ncia, donde obtuvo por unanimidad la menci\u00f3n honor\u00edfica del premio fin de carrera [&hellip;]<\/p>\n","protected":false},"author":4,"featured_media":0,"parent":0,"menu_order":0,"comment_status":"closed","ping_status":"closed","template":"","meta":{"_acf_changed":false,"_uag_custom_page_level_css":"","site-sidebar-layout":"default","site-content-layout":"","ast-site-content-layout":"default","site-content-style":"default","site-sidebar-style":"default","ast-global-header-display":"","ast-banner-title-visibility":"","ast-main-header-display":"","ast-hfb-above-header-display":"","ast-hfb-below-header-display":"","ast-hfb-mobile-header-display":"","site-post-title":"disabled","ast-breadcrumbs-content":"","ast-featured-img":"","footer-sml-layout":"","ast-disable-related-posts":"","theme-transparent-header-meta":"","adv-header-id-meta":"","stick-header-meta":"","header-above-stick-meta":"","header-main-stick-meta":"","header-below-stick-meta":"","astra-migrate-meta-layouts":"default","ast-page-background-enabled":"default","ast-page-background-meta":{"desktop":{"background-color":"","background-image":"","background-repeat":"repeat","background-position":"center center","background-size":"auto","background-attachment":"scroll","background-type":"","background-media":"","overlay-type":"","overlay-color":"","overlay-opacity":"","overlay-gradient":""},"tablet":{"background-color":"","background-image":"","background-repeat":"repeat","background-position":"center center","background-size":"auto","background-attachment":"scroll","background-type":"","background-media":"","overlay-type":"","overlay-color":"","overlay-opacity":"","overlay-gradient":""},"mobile":{"background-color":"","background-image":"","background-repeat":"repeat","background-position":"center center","background-size":"auto","background-attachment":"scroll","background-type":"","background-media":"","overlay-type":"","overlay-color":"","overlay-opacity":"","overlay-gradient":""}},"ast-content-background-meta":{"desktop":{"background-color":"var(--ast-global-color-5)","background-image":"","background-repeat":"repeat","background-position":"center center","background-size":"auto","background-attachment":"scroll","background-type":"","background-media":"","overlay-type":"","overlay-color":"","overlay-opacity":"","overlay-gradient":""},"tablet":{"background-color":"var(--ast-global-color-5)","background-image":"","background-repeat":"repeat","background-position":"center center","background-size":"auto","background-attachment":"scroll","background-type":"","background-media":"","overlay-type":"","overlay-color":"","overlay-opacity":"","overlay-gradient":""},"mobile":{"background-color":"var(--ast-global-color-5)","background-image":"","background-repeat":"repeat","background-position":"center center","background-size":"auto","background-attachment":"scroll","background-type":"","background-media":"","overlay-type":"","overlay-color":"","overlay-opacity":"","overlay-gradient":""}},"footnotes":""},"class_list":["post-1762","page","type-page","status-publish","hentry"],"acf":[],"yoast_head":"<!-- This site is optimized with the Yoast SEO Premium plugin v22.4 (Yoast SEO v27.4) - https:\/\/yoast.com\/product\/yoast-seo-premium-wordpress\/ -->\n<title>OSCAR VIDAL -<\/title>\n<meta name=\"robots\" content=\"index, follow, max-snippet:-1, max-image-preview:large, max-video-preview:-1\" \/>\n<link rel=\"canonical\" href=\"https:\/\/www.omnesbands.international\/ja\/oscar-vidal-2\/\" \/>\n<meta property=\"og:locale\" content=\"ja_JP\" \/>\n<meta property=\"og:type\" content=\"article\" \/>\n<meta property=\"og:title\" content=\"OSCAR VIDAL\" \/>\n<meta property=\"og:description\" content=\"OSCAR VIDAL M\u00fasico nacido en Aielo de Malferit (Val\u00e8ncia) donde empez\u00f3 sus estudios musicales en el seno de la \u201cUni\u00f3n Musical Ayelense\u201d de la mano de D. Antonio Garcia Albert, finalizando la carrera en el Conservatorio Superior de M\u00fasica \u201cJoaqu\u00edn Rodrigo\u201d de Val\u00e8ncia, donde obtuvo por unanimidad la menci\u00f3n honor\u00edfica del premio fin de carrera [&hellip;]\" \/>\n<meta property=\"og:url\" content=\"https:\/\/www.omnesbands.international\/ja\/oscar-vidal-2\/\" \/>\n<meta property=\"article:modified_time\" content=\"2023-01-29T16:09:04+00:00\" \/>\n<meta property=\"og:image\" content=\"https:\/\/www.omnesbands.international\/wp-content\/uploads\/2023\/01\/music-sheet-music-snowdrop-7107045.jpg\" \/>\n\t<meta property=\"og:image:width\" content=\"1280\" \/>\n\t<meta property=\"og:image:height\" content=\"742\" \/>\n\t<meta property=\"og:image:type\" content=\"image\/jpeg\" \/>\n<meta name=\"twitter:card\" content=\"summary_large_image\" \/>\n<meta name=\"twitter:label1\" content=\"\u63a8\u5b9a\u8aad\u307f\u53d6\u308a\u6642\u9593\" \/>\n\t<meta name=\"twitter:data1\" content=\"3\u5206\" \/>\n<script type=\"application\/ld+json\" class=\"yoast-schema-graph\">{\"@context\":\"https:\\\/\\\/schema.org\",\"@graph\":[{\"@type\":\"WebPage\",\"@id\":\"https:\\\/\\\/www.omnesbands.international\\\/en\\\/oscar-vidal-2\\\/\",\"url\":\"https:\\\/\\\/www.omnesbands.international\\\/en\\\/oscar-vidal-2\\\/\",\"name\":\"OSCAR VIDAL -\",\"isPartOf\":{\"@id\":\"https:\\\/\\\/www.omnesbands.international\\\/#website\"},\"datePublished\":\"2023-01-29T16:08:16+00:00\",\"dateModified\":\"2023-01-29T16:09:04+00:00\",\"breadcrumb\":{\"@id\":\"https:\\\/\\\/www.omnesbands.international\\\/en\\\/oscar-vidal-2\\\/#breadcrumb\"},\"inLanguage\":\"ja\",\"potentialAction\":[{\"@type\":\"ReadAction\",\"target\":[\"https:\\\/\\\/www.omnesbands.international\\\/en\\\/oscar-vidal-2\\\/\"]}]},{\"@type\":\"BreadcrumbList\",\"@id\":\"https:\\\/\\\/www.omnesbands.international\\\/en\\\/oscar-vidal-2\\\/#breadcrumb\",\"itemListElement\":[{\"@type\":\"ListItem\",\"position\":1,\"name\":\"Portada\",\"item\":\"https:\\\/\\\/www.omnesbands.international\\\/\"},{\"@type\":\"ListItem\",\"position\":2,\"name\":\"OSCAR VIDAL\"}]},{\"@type\":\"WebSite\",\"@id\":\"https:\\\/\\\/www.omnesbands.international\\\/#website\",\"url\":\"https:\\\/\\\/www.omnesbands.international\\\/\",\"name\":\"OMNESBANDS International\",\"description\":\"Partituras Originales de autores y compositores independientes\",\"publisher\":{\"@id\":\"https:\\\/\\\/www.omnesbands.international\\\/#organization\"},\"potentialAction\":[{\"@type\":\"SearchAction\",\"target\":{\"@type\":\"EntryPoint\",\"urlTemplate\":\"https:\\\/\\\/www.omnesbands.international\\\/?s={search_term_string}\"},\"query-input\":{\"@type\":\"PropertyValueSpecification\",\"valueRequired\":true,\"valueName\":\"search_term_string\"}}],\"inLanguage\":\"ja\"},{\"@type\":\"Organization\",\"@id\":\"https:\\\/\\\/www.omnesbands.international\\\/#organization\",\"name\":\"Indra Consultores Internacionales\",\"alternateName\":\"Omnesbands\",\"url\":\"https:\\\/\\\/www.omnesbands.international\\\/\",\"logo\":{\"@type\":\"ImageObject\",\"inLanguage\":\"ja\",\"@id\":\"https:\\\/\\\/www.omnesbands.international\\\/#\\\/schema\\\/logo\\\/image\\\/\",\"url\":\"https:\\\/\\\/omnesbands.international\\\/wp-content\\\/uploads\\\/2023\\\/06\\\/Logo-Nuevo-.png\",\"contentUrl\":\"https:\\\/\\\/omnesbands.international\\\/wp-content\\\/uploads\\\/2023\\\/06\\\/Logo-Nuevo-.png\",\"width\":394,\"height\":212,\"caption\":\"Indra Consultores Internacionales\"},\"image\":{\"@id\":\"https:\\\/\\\/www.omnesbands.international\\\/#\\\/schema\\\/logo\\\/image\\\/\"}}]}<\/script>\n<!-- \/ Yoast SEO Premium plugin. -->","yoast_head_json":{"title":"OSCAR VIDAL -","robots":{"index":"index","follow":"follow","max-snippet":"max-snippet:-1","max-image-preview":"max-image-preview:large","max-video-preview":"max-video-preview:-1"},"canonical":"https:\/\/www.omnesbands.international\/ja\/oscar-vidal-2\/","og_locale":"ja_JP","og_type":"article","og_title":"OSCAR VIDAL","og_description":"OSCAR VIDAL M\u00fasico nacido en Aielo de Malferit (Val\u00e8ncia) donde empez\u00f3 sus estudios musicales en el seno de la \u201cUni\u00f3n Musical Ayelense\u201d de la mano de D. Antonio Garcia Albert, finalizando la carrera en el Conservatorio Superior de M\u00fasica \u201cJoaqu\u00edn Rodrigo\u201d de Val\u00e8ncia, donde obtuvo por unanimidad la menci\u00f3n honor\u00edfica del premio fin de carrera [&hellip;]","og_url":"https:\/\/www.omnesbands.international\/ja\/oscar-vidal-2\/","article_modified_time":"2023-01-29T16:09:04+00:00","og_image":[{"width":1280,"height":742,"url":"https:\/\/www.omnesbands.international\/wp-content\/uploads\/2023\/01\/music-sheet-music-snowdrop-7107045.jpg","type":"image\/jpeg"}],"twitter_card":"summary_large_image","twitter_misc":{"\u63a8\u5b9a\u8aad\u307f\u53d6\u308a\u6642\u9593":"3\u5206"},"schema":{"@context":"https:\/\/schema.org","@graph":[{"@type":"WebPage","@id":"https:\/\/www.omnesbands.international\/en\/oscar-vidal-2\/","url":"https:\/\/www.omnesbands.international\/en\/oscar-vidal-2\/","name":"OSCAR VIDAL -","isPartOf":{"@id":"https:\/\/www.omnesbands.international\/#website"},"datePublished":"2023-01-29T16:08:16+00:00","dateModified":"2023-01-29T16:09:04+00:00","breadcrumb":{"@id":"https:\/\/www.omnesbands.international\/en\/oscar-vidal-2\/#breadcrumb"},"inLanguage":"ja","potentialAction":[{"@type":"ReadAction","target":["https:\/\/www.omnesbands.international\/en\/oscar-vidal-2\/"]}]},{"@type":"BreadcrumbList","@id":"https:\/\/www.omnesbands.international\/en\/oscar-vidal-2\/#breadcrumb","itemListElement":[{"@type":"ListItem","position":1,"name":"Portada","item":"https:\/\/www.omnesbands.international\/"},{"@type":"ListItem","position":2,"name":"OSCAR VIDAL"}]},{"@type":"WebSite","@id":"https:\/\/www.omnesbands.international\/#website","url":"https:\/\/www.omnesbands.international\/","name":"OMNESBANDS International","description":"\u72ec\u7acb\u3057\u305f\u4f5c\u5bb6\u3084\u4f5c\u66f2\u5bb6\u306b\u3088\u308b\u30aa\u30ea\u30b8\u30ca\u30eb\u306e\u697d\u8b5c","publisher":{"@id":"https:\/\/www.omnesbands.international\/#organization"},"potentialAction":[{"@type":"SearchAction","target":{"@type":"EntryPoint","urlTemplate":"https:\/\/www.omnesbands.international\/?s={search_term_string}"},"query-input":{"@type":"PropertyValueSpecification","valueRequired":true,"valueName":"search_term_string"}}],"inLanguage":"ja"},{"@type":"Organization","@id":"https:\/\/www.omnesbands.international\/#organization","name":"\u30a4\u30f3\u30c9\u30e9\u56fd\u969b\u30b3\u30f3\u30b5\u30eb\u30bf\u30f3\u30c8","alternateName":"Omnesbands","url":"https:\/\/www.omnesbands.international\/","logo":{"@type":"ImageObject","inLanguage":"ja","@id":"https:\/\/www.omnesbands.international\/#\/schema\/logo\/image\/","url":"https:\/\/omnesbands.international\/wp-content\/uploads\/2023\/06\/Logo-Nuevo-.png","contentUrl":"https:\/\/omnesbands.international\/wp-content\/uploads\/2023\/06\/Logo-Nuevo-.png","width":394,"height":212,"caption":"Indra Consultores Internacionales"},"image":{"@id":"https:\/\/www.omnesbands.international\/#\/schema\/logo\/image\/"}}]}},"uagb_featured_image_src":{"full":false,"thumbnail":false,"medium":false,"medium_large":false,"large":false,"1536x1536":false,"2048x2048":false,"trp-custom-language-flag":false,"gg_gallery_thumbnail":false,"woocommerce_thumbnail":false,"woocommerce_single":false,"woocommerce_gallery_thumbnail":false},"uagb_author_info":{"display_name":"Melvin R. Portillo A:","author_link":"https:\/\/www.omnesbands.international\/ja\/author\/portand\/"},"uagb_comment_info":0,"uagb_excerpt":"OSCAR VIDAL M\u00fasico nacido en Aielo de Malferit (Val\u00e8ncia) donde empez\u00f3 sus estudios musicales en el seno de la \u201cUni\u00f3n Musical Ayelense\u201d de la mano de D. Antonio Garcia Albert, finalizando la carrera en el Conservatorio Superior de M\u00fasica \u201cJoaqu\u00edn Rodrigo\u201d de Val\u00e8ncia, donde obtuvo por unanimidad la menci\u00f3n honor\u00edfica del premio fin de carrera&hellip;","_links":{"self":[{"href":"https:\/\/www.omnesbands.international\/ja\/wp-json\/wp\/v2\/pages\/1762","targetHints":{"allow":["GET"]}}],"collection":[{"href":"https:\/\/www.omnesbands.international\/ja\/wp-json\/wp\/v2\/pages"}],"about":[{"href":"https:\/\/www.omnesbands.international\/ja\/wp-json\/wp\/v2\/types\/page"}],"author":[{"embeddable":true,"href":"https:\/\/www.omnesbands.international\/ja\/wp-json\/wp\/v2\/users\/4"}],"replies":[{"embeddable":true,"href":"https:\/\/www.omnesbands.international\/ja\/wp-json\/wp\/v2\/comments?post=1762"}],"version-history":[{"count":2,"href":"https:\/\/www.omnesbands.international\/ja\/wp-json\/wp\/v2\/pages\/1762\/revisions"}],"predecessor-version":[{"id":1764,"href":"https:\/\/www.omnesbands.international\/ja\/wp-json\/wp\/v2\/pages\/1762\/revisions\/1764"}],"wp:attachment":[{"href":"https:\/\/www.omnesbands.international\/ja\/wp-json\/wp\/v2\/media?parent=1762"}],"curies":[{"name":"wp","href":"https:\/\/api.w.org\/{rel}","templated":true}]}}