{"id":1767,"date":"2023-01-29T10:21:15","date_gmt":"2023-01-29T16:21:15","guid":{"rendered":"https:\/\/omnesbands.international\/?page_id=1767"},"modified":"2023-01-29T10:21:18","modified_gmt":"2023-01-29T16:21:18","slug":"pablo-angles-galindo-2","status":"publish","type":"page","link":"https:\/\/www.omnesbands.international\/ja\/pablo-angles-galindo-2\/","title":{"rendered":"\u30d1\u30d6\u30ed\u30fb\u30a2\u30f3\u30b0\u30eb\u30ba\u30fb\u30ac\u30ea\u30f3\u30c9"},"content":{"rendered":"<div class=\"wp-block-uagb-container uagb-block-a711fb99 alignfull uagb-is-root-container\"><div class=\"uagb-container-inner-blocks-wrap\">\n<div class=\"wp-block-uagb-advanced-heading uagb-block-2343b177\"><h1 class=\"uagb-heading-text\"><strong>\u30d1\u30d6\u30ed\u30fb\u30a2\u30f3\u30b0\u30eb\u30ba\u30fb\u30ac\u30ea\u30f3\u30c9<\/strong><\/h1><\/div>\n<\/div><\/div>\n\n\n\n<div class=\"wp-block-uagb-container uagb-block-8b4824e7 alignfull uagb-is-root-container\"><div class=\"uagb-container-inner-blocks-wrap\">\n<div class=\"wp-block-uagb-container uagb-block-42d5c798\">\n<p>\u30d9\u30cb\u30ab\u30eb\u30ed\u751f\u307e\u308c\u3002\u5f7c\u306fAM\u30b7\u30a6\u30c0\u30fc\u30fb\u30c7\u30fb\u30d9\u30cb\u30ab\u30eb\u30ed\u3067\u30de\u30a8\u30b9\u30c8\u30ed\u306e\u30db\u30bb\u30fb\u30a2\u30f3\u30c8\u30cb\u30aa\u30fb\u30d0\u30eb\u30b9\u306e\u3082\u3068\u3067\u97f3\u697d\u306e\u52c9\u5f37\u3092\u59cb\u3081\u307e\u3057\u305f\u3002\u5f7c\u306f\u30d0\u30ec\u30f3\u30b7\u30a2\u3068\u30b5\u30e9\u30b4\u30b5\u306e\u9ad8\u7b49\u97f3\u697d\u9662\u3067\u305d\u308c\u3089\u3092\u7d9a\u3051\u3001\u7d42\u4e86\u3057\u3001\u305d\u3053\u3067\u6b21\u306e\u8cc7\u683c\u3068\u8a55\u4fa1\u3092\u53d6\u5f97\u3057\u307e\u3059\uff1a\u30d4\u30a2\u30ce\u6559\u6388\u3001\u30af\u30e9\u30ea\u30cd\u30c3\u30c8\u6559\u6388\u3001\u30bd\u30eb\u30d5\u30a7\u30fc\u30b8\u30e5\u3001\u30b9\u30cd\u30a2\u3068\u79fb\u8abf\u3001\u5408\u5531\u6307\u63ee\u3001\u30aa\u30fc\u30b1\u30b9\u30c8\u30e9\u6307\u63ee\u3001\u548c\u58f0\u3001\u5bfe\u4f4d\u6cd5\u3001\u4f5c\u66f2\u3068\u697d\u5668\u6f14\u594f\u3001\u5bfe\u4f4d\u6cd5\u3068\u30d5\u30fc\u30ac\u3067\u4f73\u4f5c\u3001\u4f5c\u66f2\u3068\u697d\u5668\u6f14\u594f\u3067\u7279\u5225\u5b66\u4f4d\u4fee\u4e86\u8cde\u3092\u53d7\u8cde\u3002<\/p>\n<p>18\u6b73\u3067AM\u30b7\u30a6\u30c0\u30fc\u30fb\u30c7\u30fb\u30d9\u30cb\u30ab\u30eb\u30ed\u306e\u7d4c\u55b6\u3092\u5f15\u304d\u7d99\u3044\u3060\u3002\u5f7c\u306f\u76e3\u7763\u3068\u3057\u3066\u53c2\u52a0\u3057\u305f\u3055\u307e\u3056\u307e\u306a\u30b3\u30f3\u30af\u30fc\u30eb\u3067\u6570\u591a\u304f\u306e\u8cde\u3092\u53d7\u8cde\u3057\u307e\u3057\u305f\u3002\u5dde\u30b3\u30f3\u30af\u30fc\u30eb\u3001\u81ea\u6cbb\u30b3\u30f3\u30af\u30fc\u30eb\u3001\u30d0\u30ec\u30f3\u30b7\u30a2\u5e02\u56fd\u969b\u30b3\u30f3\u30c6\u30b9\u30c8\u3001\u30b1\u30eb\u30af\u30e9\u30fc\u30c7\u4e16\u754c\u97f3\u697d\u30b3\u30f3\u30c6\u30b9\u30c8\uff08\u30aa\u30e9\u30f3\u30c0\uff09\u3001CIM \u30f4\u30a3\u30e9\u30fb\u30c7\u30fb\u30a2\u30eb\u30c6\u30a2\u3001\u30c1\u30c3\u30bf\u30fb\u30c7\u30a3\u30fb\u30b7\u30f3\u30ca\u30a4\u56fd\u969b\u30b3\u30f3\u30c6\u30b9\u30c8\u306a\u3069\u3067\u3059\u3002\u30f4\u30a3\u30e9\u30fb\u30c7\u30fb\u30e9\u30fb\u30bb\u30cb\u30a2\u56fd\u969b\u97f3\u697d\u30d0\u30f3\u30c9\u30b3\u30f3\u30c6\u30b9\u30c8\u3068\u3044\u30462\u3064\u306e\u30b3\u30f3\u30c6\u30b9\u30c8\u3067\u6700\u512a\u79c0\u76e3\u7763\u8cde\u3092\u53d7\u8cde\u3057\u307e\u3057\u305f\u3002<br \/>2004 \u5e74\u306b\u306f\u30d0\u30ec\u30f3\u30b7\u30a2\u97f3\u697d\u5354\u4f1a\u9023\u76df\u306e\u30d0\u30f3\u30c9\u306e\u30c7\u30a3\u30ec\u30af\u30bf\u30fc\u3092\u52d9\u3081\u307e\u3057\u305f\u3002<\/p>\n<p>\u5f7c\u306f\u3001\u6a29\u5a01\u3042\u308b\u4f5c\u66f2\u304a\u3088\u3073\u901a\u8a33\u30b3\u30f3\u30af\u30fc\u30eb\u306e\u3055\u307e\u3056\u307e\u306a\u8cc7\u683c\u5be9\u67fb\u54e1\u306e\u5e38\u9023\u30e1\u30f3\u30d0\u30fc\u3067\u3059\u3002<br \/>\u5f7c\u306f 1992 \u5e74\u304b\u3089\u4e2d\u7b49\u6559\u80b2\u306e\u7af6\u4e89\u8a66\u9a13\u306b\u3088\u308a\u6559\u6388\u3092\u52d9\u3081\u3066\u304a\u308a\u30012016 \u5e74\u304b\u3089\u306f\u3053\u306e\u56e3\u4f53\u306e\u6559\u6388\u3092\u52d9\u3081\u3066\u3044\u307e\u3059\u3002\u5b9a\u671f\u7684\u306b\u3055\u307e\u3056\u307e\u306a\u56e3\u4f53\u5411\u3051\u306b\u975e\u5e38\u306b\u591a\u69d8\u306a\u5c02\u9580\u30b3\u30fc\u30b9\u3092\u6559\u3048\u3066\u3044\u307e\u3059\u3002<\/p>\n<p>\u5f7c\u306f\u4f5c\u66f2\u5bb6\u3068\u3057\u3066\u3001\u30b9\u30da\u30a4\u30f3\u4e00\u822c\u4f5c\u5bb6\u5354\u4f1a\u3001\u30e0\u30fc\u30a2\u4eba\u304a\u3088\u3073\u30ad\u30ea\u30b9\u30c8\u6559\u5f92\u306e\u4f5c\u66f2\u5bb6\u5354\u4f1a\u3001\u30d0\u30ec\u30f3\u30b7\u30a2\u4f5c\u66f2\u5bb6\u5354\u4f1a COSICOVA \u306e\u4f1a\u54e1\u3067\u3059\u3002\u5f7c\u306f\u975e\u5e38\u306b\u591a\u69d8\u306a\u30b0\u30eb\u30fc\u30d7\u306e\u305f\u3081\u306b 50 \u4ee5\u4e0a\u306e\u4f5c\u54c1\u3092\u521d\u6f14\u3057\u3001\u3055\u307e\u3056\u307e\u306a\u30b3\u30f3\u30af\u30fc\u30eb\u3067\u6570\u591a\u304f\u306e\u8cde\u3092\u53d7\u8cde\u3057\u3066\u3044\u307e\u3059\u3002V \u30c7\u30a3\u30d7\u30bf\u30b7\u30aa\u30f3\u30fb\u30c7\u30fb\u30a2\u30ea\u30ab\u30f3\u30c6\u306e\u30e9\u30d5\u30a1\u30a8\u30eb\u30fb\u30ed\u30c9\u30ea\u30b2\u30b9\u30fb\u30a2\u30eb\u30d0\u30fc\u30c8\u30fb\u30d0\u30f3\u30c9\u306e\u4f5c\u66f2\u30b3\u30f3\u30c6\u30b9\u30c8\u3001II \u30d5\u30a7\u30b9\u30c6\u30e9\u30fb\u30c7\u30fb\u30a2\u30eb\u30c6\u30a2\u97f3\u697d\u306e\u4f5c\u66f2\u30b3\u30f3\u30c6\u30b9\u30c8\u3001VIII \u30ab\u30ed\u30b5\u30fb\u30c7\u30f3\u30fb\u30b5\u30ea\u30a2\u306e\u30b3\u30f3\u30c6\u30b9\u30c8\u3001II \u30f4\u30a3\u30e9\u30fb\u30c7\u30fb\u30da\u30c8\u30ec\u30fc\u30eb\u30fb\u30b3\u30f3\u30af\u30fc\u30eb\u3001I \u30a2\u30e9\u30ab\u30b9\u30fb\u30b3\u30f3\u30af\u30fc\u30eb\u3001VI \u30e2\u30f3\u30bb\u30e9\u30fc\u30c8\u5ba4\u5185\u697d\u56fd\u969b\u4f5c\u66f2\u30b3\u30f3\u30af\u30fc\u30eb\u3001VI \u30a2\u30eb\u30c6\u30a2\u4f5c\u66f2\u30b3\u30f3\u30af\u30fc\u30eb\u3001VI \u30c8\u30ec\u30d3\u30a8\u30cf\u5e02\u4ea4\u97ff\u697d\u56e3\u4f5c\u66f2\u30b3\u30f3\u30af\u30fc\u30eb\u3001\u7b2c 27 \u56de\u30b3\u30eb\u30c1\u30e3\u30fc\u30ce\u697d\u56e3\u56fd\u969b\u30aa\u30ea\u30b8\u30ca\u30eb\u4f5c\u66f2\u30b3\u30f3\u30af\u30fc\u30eb\uff08\u30a4\u30bf\u30ea\u30a2\uff09\u2026<br \/>\u5f7c\u306f\u73fe\u5728\u3001\u4f5c\u66f2\u5bb6\u3068\u3057\u3066\u306e\u4ed5\u4e8b\u3068\u3001IES \u30ec\u30aa\u30dd\u30eb\u30c9\u30fb\u30b1\u30ed\u30eb\u30fb\u30c7\u30fb\u30d3\u30ca\u30ed\u30b9\u97f3\u697d\u90e8\u9580\u306e\u8cac\u4efb\u8005\u3001\u30d0\u30ec\u30f3\u30b7\u30a2\u56fd\u969b\u5927\u5b66\u306e\u4fee\u58eb\u8ab2\u7a0b\u6700\u7d42\u30d7\u30ed\u30b8\u30a7\u30af\u30c8\u306e\u30c7\u30a3\u30ec\u30af\u30bf\u30fc\u304a\u3088\u3073\u30d9\u30cb\u30ab\u30eb\u30ed\u5e02\u7acb\u5b66\u6821\u306e\u30c7\u30a3\u30ec\u30af\u30bf\u30fc\u3068\u3057\u3066\u306e\u6559\u6388\u3068\u3057\u3066\u306e\u4ed5\u4e8b\u3092\u7d44\u307f\u5408\u308f\u305b\u3066\u3044\u307e\u3059\u3002\u97f3\u697d\u3068\u30d0\u30f3\u30c9\u3002<\/p>\n<\/div>\n<\/div><\/div>\n\n\n<div class=\"woocommerce columns-4\"><ul class=\"products columns-4\">\n<li class=\"desktop-align-left tablet-align-left mobile-align-left ast-product-gallery-layout-horizontal-slider product type-product post-1051 status-publish first instock product_cat-musica-de-calle product_tag-pablo-angles-galindo has-post-thumbnail downloadable virtual taxable purchasable product-type-simple\">\n\t<a href=\"https:\/\/www.omnesbands.international\/ja\/product\/als-creuats-de-peniscola\/\" class=\"woocommerce-LoopProduct-link woocommerce-loop-product__link\"><img loading=\"lazy\" decoding=\"async\" width=\"300\" height=\"300\" src=\"https:\/\/www.omnesbands.international\/wp-content\/uploads\/2023\/01\/Als-Creuats-de-Peniscola-300x300.jpg\" class=\"attachment-woocommerce_thumbnail size-woocommerce_thumbnail\" alt=\"Als Creuats de Pe\u00f1\u00edscola\" srcset=\"https:\/\/www.omnesbands.international\/wp-content\/uploads\/2023\/01\/Als-Creuats-de-Peniscola-300x300.jpg 300w, https:\/\/www.omnesbands.international\/wp-content\/uploads\/2023\/01\/Als-Creuats-de-Peniscola-150x150.jpg 150w, https:\/\/www.omnesbands.international\/wp-content\/uploads\/2023\/01\/Als-Creuats-de-Peniscola-100x100.jpg 100w\" sizes=\"auto, (max-width: 300px) 100vw, 300px\" \/><h2 class=\"woocommerce-loop-product__title\">Als Creuats de Pe\u00f1\u00edscola<\/h2>\n\t<span class=\"price\"><span class=\"woocommerce-Price-amount amount\"><bdi><span class=\"woocommerce-Price-currencySymbol\">&#36;<\/span>25.00<\/bdi><\/span><\/span>\n<\/a><a href=\"\/ja\/wp-json\/wp\/v2\/pages\/1767?add-to-cart=1051\" aria-describedby=\"woocommerce_loop_add_to_cart_link_describedby_1051\" data-quantity=\"1\" class=\"button product_type_simple add_to_cart_button ajax_add_to_cart\" data-product_id=\"1051\" data-product_sku=\"ACR-CAL-ESP-22\" aria-label=\"\u30ab\u30fc\u30c8\u306b\u8ffd\u52a0: \u300cAls Creuats de Pe\u00f1\u00edscola\u300d\" rel=\"nofollow\" data-success_message=\"\u300cAls Creuats de Pe\u00f1\u00edscola\u300d\u3092\u304a\u8cb7\u3044\u7269\u30ab\u30b4\u306b\u8ffd\u52a0\u3057\u307e\u3057\u305f\" role=\"button\" data-no-translation=\"\" data-trp-gettext=\"\" data-no-translation-aria-label=\"\" data-no-translation-data-success_message=\"\">\u304a\u8cb7\u3044\u7269\u30ab\u30b4\u306b\u8ffd\u52a0<\/a>\t<span id=\"woocommerce_loop_add_to_cart_link_describedby_1051\" class=\"screen-reader-text\">\n\t\t\t<\/span>\n<\/li>\n<li class=\"desktop-align-left tablet-align-left mobile-align-left ast-product-gallery-layout-horizontal-slider product type-product post-1082 status-publish instock product_cat-musica-de-calle product_tag-pablo-angles-galindo has-post-thumbnail downloadable virtual taxable purchasable product-type-simple\">\n\t<a href=\"https:\/\/www.omnesbands.international\/ja\/product\/conqueridors\/\" class=\"woocommerce-LoopProduct-link woocommerce-loop-product__link\"><img loading=\"lazy\" decoding=\"async\" width=\"300\" height=\"300\" src=\"https:\/\/www.omnesbands.international\/wp-content\/uploads\/2023\/01\/Conqueridors-1-300x300.jpg\" class=\"attachment-woocommerce_thumbnail size-woocommerce_thumbnail\" alt=\"Conqueridors\" srcset=\"https:\/\/www.omnesbands.international\/wp-content\/uploads\/2023\/01\/Conqueridors-1-300x300.jpg 300w, https:\/\/www.omnesbands.international\/wp-content\/uploads\/2023\/01\/Conqueridors-1-150x150.jpg 150w, https:\/\/www.omnesbands.international\/wp-content\/uploads\/2023\/01\/Conqueridors-1-100x100.jpg 100w\" sizes=\"auto, (max-width: 300px) 100vw, 300px\" \/><h2 class=\"woocommerce-loop-product__title\">\u5f81\u670d\u8005<\/h2>\n\t<span class=\"price\"><span class=\"woocommerce-Price-amount amount\"><bdi><span class=\"woocommerce-Price-currencySymbol\">&#36;<\/span>25.00<\/bdi><\/span><\/span>\n<\/a><a href=\"\/ja\/wp-json\/wp\/v2\/pages\/1767?add-to-cart=1082\" aria-describedby=\"woocommerce_loop_add_to_cart_link_describedby_1082\" data-quantity=\"1\" class=\"button product_type_simple add_to_cart_button ajax_add_to_cart\" data-product_id=\"1082\" data-product_sku=\"CON-CAL-ESP-22\" aria-label=\"\u30ab\u30fc\u30c8\u306b\u8ffd\u52a0: \u300cConqueridors\u300d\" rel=\"nofollow\" data-success_message=\"\u300cConqueridors\u300d\u3092\u304a\u8cb7\u3044\u7269\u30ab\u30b4\u306b\u8ffd\u52a0\u3057\u307e\u3057\u305f\" role=\"button\" data-no-translation=\"\" data-trp-gettext=\"\" data-no-translation-aria-label=\"\" data-no-translation-data-success_message=\"\">\u304a\u8cb7\u3044\u7269\u30ab\u30b4\u306b\u8ffd\u52a0<\/a>\t<span id=\"woocommerce_loop_add_to_cart_link_describedby_1082\" class=\"screen-reader-text\">\n\t\t\t<\/span>\n<\/li>\n<li class=\"desktop-align-left tablet-align-left mobile-align-left ast-product-gallery-layout-horizontal-slider product type-product post-1365 status-publish instock product_cat-pasodobles product_tag-pablo-angles-galindo has-post-thumbnail downloadable virtual taxable purchasable product-type-simple\">\n\t<a href=\"https:\/\/www.omnesbands.international\/ja\/product\/paco-i-mari-carmen\/\" class=\"woocommerce-LoopProduct-link woocommerce-loop-product__link\"><img loading=\"lazy\" decoding=\"async\" width=\"300\" height=\"300\" src=\"https:\/\/www.omnesbands.international\/wp-content\/uploads\/2023\/01\/Pacoi-300x300.jpg\" class=\"attachment-woocommerce_thumbnail size-woocommerce_thumbnail\" alt=\"Paco i Mari Carmen\" srcset=\"https:\/\/www.omnesbands.international\/wp-content\/uploads\/2023\/01\/Pacoi-300x300.jpg 300w, https:\/\/www.omnesbands.international\/wp-content\/uploads\/2023\/01\/Pacoi-150x150.jpg 150w, https:\/\/www.omnesbands.international\/wp-content\/uploads\/2023\/01\/Pacoi-100x100.jpg 100w\" sizes=\"auto, (max-width: 300px) 100vw, 300px\" \/><h2 class=\"woocommerce-loop-product__title\">\u30d1\u30b3\u3068\u30de\u30ea\u30fb\u30ab\u30eb\u30e1\u30f3<\/h2>\n\t<span class=\"price\"><span class=\"woocommerce-Price-amount amount\"><bdi><span class=\"woocommerce-Price-currencySymbol\">&#36;<\/span>25.00<\/bdi><\/span><\/span>\n<\/a><a href=\"\/ja\/wp-json\/wp\/v2\/pages\/1767?add-to-cart=1365\" aria-describedby=\"woocommerce_loop_add_to_cart_link_describedby_1365\" data-quantity=\"1\" class=\"button product_type_simple add_to_cart_button ajax_add_to_cart\" data-product_id=\"1365\" data-product_sku=\"PAC-PAS-ESP-22\" aria-label=\"\u30ab\u30fc\u30c8\u306b\u8ffd\u52a0: \u300cPaco i Mari Carmen\u300d\" rel=\"nofollow\" data-success_message=\"\u300cPaco i Mari Carmen\u300d\u3092\u304a\u8cb7\u3044\u7269\u30ab\u30b4\u306b\u8ffd\u52a0\u3057\u307e\u3057\u305f\" role=\"button\" data-no-translation=\"\" data-trp-gettext=\"\" data-no-translation-aria-label=\"\" data-no-translation-data-success_message=\"\">\u304a\u8cb7\u3044\u7269\u30ab\u30b4\u306b\u8ffd\u52a0<\/a>\t<span id=\"woocommerce_loop_add_to_cart_link_describedby_1365\" class=\"screen-reader-text\">\n\t\t\t<\/span>\n<\/li>\n<\/ul>\n<\/div>","protected":false},"excerpt":{"rendered":"<p>PABLO ANGL\u00c9S GALINDO Nace en Benicarl\u00f3. Inicia sus estudios musicales en la A.M. Ciudad de Benicarl\u00f3 con el maestro Jos\u00e9 Antonio Valls. Los contin\u00faa y finaliza en los Conservatorios Superiores de Valencia y Zaragoza, centros donde obtiene las siguientes titulaciones y reconocimientos: Profesor de Piano, Profesor Superior de Clarinete, Solfeo, Repentizaci\u00f3n y Transposici\u00f3n, Direcci\u00f3n de [&hellip;]<\/p>\n","protected":false},"author":4,"featured_media":0,"parent":0,"menu_order":0,"comment_status":"closed","ping_status":"closed","template":"","meta":{"_acf_changed":false,"_uag_custom_page_level_css":"","site-sidebar-layout":"default","site-content-layout":"","ast-site-content-layout":"default","site-content-style":"default","site-sidebar-style":"default","ast-global-header-display":"","ast-banner-title-visibility":"","ast-main-header-display":"","ast-hfb-above-header-display":"","ast-hfb-below-header-display":"","ast-hfb-mobile-header-display":"","site-post-title":"disabled","ast-breadcrumbs-content":"","ast-featured-img":"","footer-sml-layout":"","ast-disable-related-posts":"","theme-transparent-header-meta":"","adv-header-id-meta":"","stick-header-meta":"","header-above-stick-meta":"","header-main-stick-meta":"","header-below-stick-meta":"","astra-migrate-meta-layouts":"default","ast-page-background-enabled":"default","ast-page-background-meta":{"desktop":{"background-color":"","background-image":"","background-repeat":"repeat","background-position":"center center","background-size":"auto","background-attachment":"scroll","background-type":"","background-media":"","overlay-type":"","overlay-color":"","overlay-opacity":"","overlay-gradient":""},"tablet":{"background-color":"","background-image":"","background-repeat":"repeat","background-position":"center center","background-size":"auto","background-attachment":"scroll","background-type":"","background-media":"","overlay-type":"","overlay-color":"","overlay-opacity":"","overlay-gradient":""},"mobile":{"background-color":"","background-image":"","background-repeat":"repeat","background-position":"center center","background-size":"auto","background-attachment":"scroll","background-type":"","background-media":"","overlay-type":"","overlay-color":"","overlay-opacity":"","overlay-gradient":""}},"ast-content-background-meta":{"desktop":{"background-color":"var(--ast-global-color-5)","background-image":"","background-repeat":"repeat","background-position":"center center","background-size":"auto","background-attachment":"scroll","background-type":"","background-media":"","overlay-type":"","overlay-color":"","overlay-opacity":"","overlay-gradient":""},"tablet":{"background-color":"var(--ast-global-color-5)","background-image":"","background-repeat":"repeat","background-position":"center center","background-size":"auto","background-attachment":"scroll","background-type":"","background-media":"","overlay-type":"","overlay-color":"","overlay-opacity":"","overlay-gradient":""},"mobile":{"background-color":"var(--ast-global-color-5)","background-image":"","background-repeat":"repeat","background-position":"center center","background-size":"auto","background-attachment":"scroll","background-type":"","background-media":"","overlay-type":"","overlay-color":"","overlay-opacity":"","overlay-gradient":""}},"footnotes":""},"class_list":["post-1767","page","type-page","status-publish","hentry"],"acf":[],"yoast_head":"<!-- This site is optimized with the Yoast SEO Premium plugin v22.4 (Yoast SEO v27.4) - https:\/\/yoast.com\/product\/yoast-seo-premium-wordpress\/ -->\n<title>PABLO ANGL\u00c9S GALINDO -<\/title>\n<meta name=\"robots\" content=\"index, follow, max-snippet:-1, max-image-preview:large, max-video-preview:-1\" \/>\n<link rel=\"canonical\" href=\"https:\/\/www.omnesbands.international\/ja\/pablo-angles-galindo-2\/\" \/>\n<meta property=\"og:locale\" content=\"ja_JP\" \/>\n<meta property=\"og:type\" content=\"article\" \/>\n<meta property=\"og:title\" content=\"PABLO ANGL\u00c9S GALINDO\" \/>\n<meta property=\"og:description\" content=\"PABLO ANGL\u00c9S GALINDO Nace en Benicarl\u00f3. Inicia sus estudios musicales en la A.M. Ciudad de Benicarl\u00f3 con el maestro Jos\u00e9 Antonio Valls. Los contin\u00faa y finaliza en los Conservatorios Superiores de Valencia y Zaragoza, centros donde obtiene las siguientes titulaciones y reconocimientos: Profesor de Piano, Profesor Superior de Clarinete, Solfeo, Repentizaci\u00f3n y Transposici\u00f3n, Direcci\u00f3n de [&hellip;]\" \/>\n<meta property=\"og:url\" content=\"https:\/\/www.omnesbands.international\/ja\/pablo-angles-galindo-2\/\" \/>\n<meta property=\"article:modified_time\" content=\"2023-01-29T16:21:18+00:00\" \/>\n<meta property=\"og:image\" content=\"https:\/\/www.omnesbands.international\/wp-content\/uploads\/2023\/01\/music-sheet-music-snowdrop-7107045.jpg\" \/>\n\t<meta property=\"og:image:width\" content=\"1280\" \/>\n\t<meta property=\"og:image:height\" content=\"742\" \/>\n\t<meta property=\"og:image:type\" content=\"image\/jpeg\" \/>\n<meta name=\"twitter:card\" content=\"summary_large_image\" \/>\n<meta name=\"twitter:label1\" content=\"\u63a8\u5b9a\u8aad\u307f\u53d6\u308a\u6642\u9593\" \/>\n\t<meta name=\"twitter:data1\" content=\"2\u5206\" \/>\n<script type=\"application\/ld+json\" class=\"yoast-schema-graph\">{\"@context\":\"https:\\\/\\\/schema.org\",\"@graph\":[{\"@type\":\"WebPage\",\"@id\":\"https:\\\/\\\/www.omnesbands.international\\\/en\\\/pablo-angles-galindo-2\\\/\",\"url\":\"https:\\\/\\\/www.omnesbands.international\\\/en\\\/pablo-angles-galindo-2\\\/\",\"name\":\"PABLO ANGL\u00c9S GALINDO -\",\"isPartOf\":{\"@id\":\"https:\\\/\\\/www.omnesbands.international\\\/#website\"},\"datePublished\":\"2023-01-29T16:21:15+00:00\",\"dateModified\":\"2023-01-29T16:21:18+00:00\",\"breadcrumb\":{\"@id\":\"https:\\\/\\\/www.omnesbands.international\\\/en\\\/pablo-angles-galindo-2\\\/#breadcrumb\"},\"inLanguage\":\"ja\",\"potentialAction\":[{\"@type\":\"ReadAction\",\"target\":[\"https:\\\/\\\/www.omnesbands.international\\\/en\\\/pablo-angles-galindo-2\\\/\"]}]},{\"@type\":\"BreadcrumbList\",\"@id\":\"https:\\\/\\\/www.omnesbands.international\\\/en\\\/pablo-angles-galindo-2\\\/#breadcrumb\",\"itemListElement\":[{\"@type\":\"ListItem\",\"position\":1,\"name\":\"Portada\",\"item\":\"https:\\\/\\\/www.omnesbands.international\\\/\"},{\"@type\":\"ListItem\",\"position\":2,\"name\":\"PABLO ANGL\u00c9S GALINDO\"}]},{\"@type\":\"WebSite\",\"@id\":\"https:\\\/\\\/www.omnesbands.international\\\/#website\",\"url\":\"https:\\\/\\\/www.omnesbands.international\\\/\",\"name\":\"OMNESBANDS International\",\"description\":\"Partituras Originales de autores y compositores independientes\",\"publisher\":{\"@id\":\"https:\\\/\\\/www.omnesbands.international\\\/#organization\"},\"potentialAction\":[{\"@type\":\"SearchAction\",\"target\":{\"@type\":\"EntryPoint\",\"urlTemplate\":\"https:\\\/\\\/www.omnesbands.international\\\/?s={search_term_string}\"},\"query-input\":{\"@type\":\"PropertyValueSpecification\",\"valueRequired\":true,\"valueName\":\"search_term_string\"}}],\"inLanguage\":\"ja\"},{\"@type\":\"Organization\",\"@id\":\"https:\\\/\\\/www.omnesbands.international\\\/#organization\",\"name\":\"Indra Consultores Internacionales\",\"alternateName\":\"Omnesbands\",\"url\":\"https:\\\/\\\/www.omnesbands.international\\\/\",\"logo\":{\"@type\":\"ImageObject\",\"inLanguage\":\"ja\",\"@id\":\"https:\\\/\\\/www.omnesbands.international\\\/#\\\/schema\\\/logo\\\/image\\\/\",\"url\":\"https:\\\/\\\/omnesbands.international\\\/wp-content\\\/uploads\\\/2023\\\/06\\\/Logo-Nuevo-.png\",\"contentUrl\":\"https:\\\/\\\/omnesbands.international\\\/wp-content\\\/uploads\\\/2023\\\/06\\\/Logo-Nuevo-.png\",\"width\":394,\"height\":212,\"caption\":\"Indra Consultores Internacionales\"},\"image\":{\"@id\":\"https:\\\/\\\/www.omnesbands.international\\\/#\\\/schema\\\/logo\\\/image\\\/\"}}]}<\/script>\n<!-- \/ Yoast SEO Premium plugin. -->","yoast_head_json":{"title":"PABLO ANGL\u00c9S GALINDO -","robots":{"index":"index","follow":"follow","max-snippet":"max-snippet:-1","max-image-preview":"max-image-preview:large","max-video-preview":"max-video-preview:-1"},"canonical":"https:\/\/www.omnesbands.international\/ja\/pablo-angles-galindo-2\/","og_locale":"ja_JP","og_type":"article","og_title":"PABLO ANGL\u00c9S GALINDO","og_description":"PABLO ANGL\u00c9S GALINDO Nace en Benicarl\u00f3. Inicia sus estudios musicales en la A.M. Ciudad de Benicarl\u00f3 con el maestro Jos\u00e9 Antonio Valls. Los contin\u00faa y finaliza en los Conservatorios Superiores de Valencia y Zaragoza, centros donde obtiene las siguientes titulaciones y reconocimientos: Profesor de Piano, Profesor Superior de Clarinete, Solfeo, Repentizaci\u00f3n y Transposici\u00f3n, Direcci\u00f3n de [&hellip;]","og_url":"https:\/\/www.omnesbands.international\/ja\/pablo-angles-galindo-2\/","article_modified_time":"2023-01-29T16:21:18+00:00","og_image":[{"width":1280,"height":742,"url":"https:\/\/www.omnesbands.international\/wp-content\/uploads\/2023\/01\/music-sheet-music-snowdrop-7107045.jpg","type":"image\/jpeg"}],"twitter_card":"summary_large_image","twitter_misc":{"\u63a8\u5b9a\u8aad\u307f\u53d6\u308a\u6642\u9593":"2\u5206"},"schema":{"@context":"https:\/\/schema.org","@graph":[{"@type":"WebPage","@id":"https:\/\/www.omnesbands.international\/en\/pablo-angles-galindo-2\/","url":"https:\/\/www.omnesbands.international\/en\/pablo-angles-galindo-2\/","name":"PABLO ANGL\u00c9S GALINDO -","isPartOf":{"@id":"https:\/\/www.omnesbands.international\/#website"},"datePublished":"2023-01-29T16:21:15+00:00","dateModified":"2023-01-29T16:21:18+00:00","breadcrumb":{"@id":"https:\/\/www.omnesbands.international\/en\/pablo-angles-galindo-2\/#breadcrumb"},"inLanguage":"ja","potentialAction":[{"@type":"ReadAction","target":["https:\/\/www.omnesbands.international\/en\/pablo-angles-galindo-2\/"]}]},{"@type":"BreadcrumbList","@id":"https:\/\/www.omnesbands.international\/en\/pablo-angles-galindo-2\/#breadcrumb","itemListElement":[{"@type":"ListItem","position":1,"name":"Portada","item":"https:\/\/www.omnesbands.international\/"},{"@type":"ListItem","position":2,"name":"PABLO ANGL\u00c9S GALINDO"}]},{"@type":"WebSite","@id":"https:\/\/www.omnesbands.international\/#website","url":"https:\/\/www.omnesbands.international\/","name":"OMNESBANDS International","description":"\u72ec\u7acb\u3057\u305f\u4f5c\u5bb6\u3084\u4f5c\u66f2\u5bb6\u306b\u3088\u308b\u30aa\u30ea\u30b8\u30ca\u30eb\u306e\u697d\u8b5c","publisher":{"@id":"https:\/\/www.omnesbands.international\/#organization"},"potentialAction":[{"@type":"SearchAction","target":{"@type":"EntryPoint","urlTemplate":"https:\/\/www.omnesbands.international\/?s={search_term_string}"},"query-input":{"@type":"PropertyValueSpecification","valueRequired":true,"valueName":"search_term_string"}}],"inLanguage":"ja"},{"@type":"Organization","@id":"https:\/\/www.omnesbands.international\/#organization","name":"\u30a4\u30f3\u30c9\u30e9\u56fd\u969b\u30b3\u30f3\u30b5\u30eb\u30bf\u30f3\u30c8","alternateName":"Omnesbands","url":"https:\/\/www.omnesbands.international\/","logo":{"@type":"ImageObject","inLanguage":"ja","@id":"https:\/\/www.omnesbands.international\/#\/schema\/logo\/image\/","url":"https:\/\/omnesbands.international\/wp-content\/uploads\/2023\/06\/Logo-Nuevo-.png","contentUrl":"https:\/\/omnesbands.international\/wp-content\/uploads\/2023\/06\/Logo-Nuevo-.png","width":394,"height":212,"caption":"Indra Consultores Internacionales"},"image":{"@id":"https:\/\/www.omnesbands.international\/#\/schema\/logo\/image\/"}}]}},"uagb_featured_image_src":{"full":false,"thumbnail":false,"medium":false,"medium_large":false,"large":false,"1536x1536":false,"2048x2048":false,"trp-custom-language-flag":false,"gg_gallery_thumbnail":false,"woocommerce_thumbnail":false,"woocommerce_single":false,"woocommerce_gallery_thumbnail":false},"uagb_author_info":{"display_name":"Melvin R. Portillo A:","author_link":"https:\/\/www.omnesbands.international\/ja\/author\/portand\/"},"uagb_comment_info":0,"uagb_excerpt":"PABLO ANGL\u00c9S GALINDO Nace en Benicarl\u00f3. Inicia sus estudios musicales en la A.M. Ciudad de Benicarl\u00f3 con el maestro Jos\u00e9 Antonio Valls. Los contin\u00faa y finaliza en los Conservatorios Superiores de Valencia y Zaragoza, centros donde obtiene las siguientes titulaciones y reconocimientos: Profesor de Piano, Profesor Superior de Clarinete, Solfeo, Repentizaci\u00f3n y Transposici\u00f3n, Direcci\u00f3n de&hellip;","_links":{"self":[{"href":"https:\/\/www.omnesbands.international\/ja\/wp-json\/wp\/v2\/pages\/1767","targetHints":{"allow":["GET"]}}],"collection":[{"href":"https:\/\/www.omnesbands.international\/ja\/wp-json\/wp\/v2\/pages"}],"about":[{"href":"https:\/\/www.omnesbands.international\/ja\/wp-json\/wp\/v2\/types\/page"}],"author":[{"embeddable":true,"href":"https:\/\/www.omnesbands.international\/ja\/wp-json\/wp\/v2\/users\/4"}],"replies":[{"embeddable":true,"href":"https:\/\/www.omnesbands.international\/ja\/wp-json\/wp\/v2\/comments?post=1767"}],"version-history":[{"count":1,"href":"https:\/\/www.omnesbands.international\/ja\/wp-json\/wp\/v2\/pages\/1767\/revisions"}],"predecessor-version":[{"id":1768,"href":"https:\/\/www.omnesbands.international\/ja\/wp-json\/wp\/v2\/pages\/1767\/revisions\/1768"}],"wp:attachment":[{"href":"https:\/\/www.omnesbands.international\/ja\/wp-json\/wp\/v2\/media?parent=1767"}],"curies":[{"name":"wp","href":"https:\/\/api.w.org\/{rel}","templated":true}]}}