{"id":1769,"date":"2023-01-29T10:25:03","date_gmt":"2023-01-29T16:25:03","guid":{"rendered":"https:\/\/omnesbands.international\/?page_id=1769"},"modified":"2023-01-29T10:25:06","modified_gmt":"2023-01-29T16:25:06","slug":"mila-rosa-molina-2","status":"publish","type":"page","link":"https:\/\/www.omnesbands.international\/ja\/mila-rosa-molina-2\/","title":{"rendered":"\u30df\u30e9\u30fb\u30ed\u30fc\u30ba\u30fb\u30e2\u30ea\u30fc\u30ca"},"content":{"rendered":"<div class=\"wp-block-uagb-container uagb-block-d08e0177 alignfull uagb-is-root-container\"><div class=\"uagb-container-inner-blocks-wrap\">\n<div class=\"wp-block-uagb-advanced-heading uagb-block-a32c43f0\"><h1 class=\"uagb-heading-text\"><strong>\u30df\u30e9\u30fb\u30ed\u30fc\u30ba\u30fb\u30e2\u30ea\u30fc\u30ca<\/strong><\/h1><\/div>\n<\/div><\/div>\n\n\n\n<div class=\"wp-block-uagb-container uagb-block-81d35bc3 alignfull uagb-is-root-container\"><div class=\"uagb-container-inner-blocks-wrap\">\n<div class=\"wp-block-uagb-container uagb-block-61a0296e\">\n<p>\u30aa\u30f3\u30c6\u30a3\u30cb\u30a8\u30f3\u30bf\u51fa\u8eab\u306e\u82e5\u304d\u4f5c\u66f2\u5bb6\u3001\u30df\u30e9\u30fb\u30ed\u30fc\u30b6\u30fb\u30e2\u30ea\u30fc\u30ca\u30fb\u30e2\u30b9\u30ab\u30eb\u30c9\u306f\u3001\u300c\u30de\u30c9\u30ec\u30fb\u30ce\u30b9\u30c8\u30e9\u300d\u3068\u984c\u3055\u308c\u305f\u3001\u79c1\u305f\u3061\u306e\u30d6\u30e9\u30b6\u30fc\u30d5\u30c3\u30c9\u306e\u7406\u60f3\u7684\u306a\u30a4\u30e1\u30fc\u30b8\u306b\u6367\u3052\u3089\u308c\u305f\u65b0\u3057\u3044\u30e2\u30c6\u30c3\u30c8\u3092\u66f8\u304d\u307e\u3057\u305f\u3002\u3053\u306e\u66f2\u306f 4 \u58f0\u306e\u305f\u3081\u306b\u66f8\u304b\u308c\u3001\u79c1\u305f\u3061\u306e\u30de\u30b7\u30d7\u3001\u30bb\u30eb\u30b8\u30fb\u30b4\u30e1\u30b9\u306b\u3088\u308b\u3044\u304f\u3064\u304b\u306e\u8a69\u306b\u57fa\u3065\u3044\u3066\u3044\u307e\u3059\u3002<\/p>\n<p>\u30e2\u30c6\u30c3\u30c8\u306f\u77ed\u3044\u97f3\u697d\u4f5c\u54c1\u3067\u3042\u308a\u3001\u30c1\u30e3\u30da\u30eb\u3067\u6b4c\u308f\u308c\u308b\u304b\u3001\u304a\u305d\u3089\u304f\u5c11\u6570\u306e\u697d\u5668\u3067\u6b4c\u308f\u308c\u307e\u3059\u3002\u3053\u308c\u306f\u3001\u5c11\u306a\u304f\u3068\u3082\u30d0\u30ed\u30c3\u30af\u6642\u4ee3\u4ee5\u6765\u3001\u4f1d\u7d71\u7684\u306b\u79c1\u305f\u3061\u306e\u5b97\u6559\u7684\u306a\u30d1\u30ec\u30fc\u30c9\u306b\u4ed8\u968f\u3057\u3066\u304a\u308a\u3001\u30aa\u30f3\u30c6\u30a3\u30cb\u30a8\u30f3\u30c8\u3068\u79c1\u305f\u3061\u306e\u5730\u57df\u3067\u306e\u60c5\u71b1\u7684\u306a\u55aa\u306e\u97f3\u697d\u5f62\u5f0f\u3067\u3059.\u73fe\u5728\u3001\u3053\u306e\u7fd2\u6163\u306f\u5b8c\u5168\u306b\u653e\u68c4\u3055\u308c\u3066\u3044\u307e\u3059\u304c\u3001Soledad \u306e\u540c\u80de\u56e3\u306b\u306f\u3059\u3067\u306b 2 \u3064\u306e\u30e2\u30c6\u30c3\u30c8\u304c\u7d99\u627f\u3055\u308c\u3066\u304a\u308a\u3001\u4eca\u5f8c\u6570\u5e74\u9593\u3067\u3001\u30e2\u30c6\u30c3\u30c8\u3092\u6b4c\u3046\u7fd2\u6163\u3092\u79c1\u305f\u3061\u306e\u60c5\u71b1\u7684\u306a\u8a18\u5ff5\u306e\u65e5\u5e38\u751f\u6d3b\u306b\u623b\u3059\u4e88\u5b9a\u3067\u3059\u3002<\/p>\n<p>\u4f55\u3082\u8d77\u3053\u3089\u306a\u3051\u308c\u3070\u3001\u6b21\u306e\u8056\u6728\u66dc\u65e5\u306b\u30aa\u30f3\u30c6\u30a3\u30cb\u30a7\u30f3\u30c8\u3067\u958b\u50ac\u3055\u308c\u308b\u9759\u5bc2\u306e\u884c\u9032\u3092\u300c\u30de\u30fc\u30ec \u30ce\u30b9\u30c8\u30e9\u300d\u306e\u30e2\u30c6\u30c3\u30c8\u3067\u7de0\u3081\u304f\u304f\u308b\u4e88\u5b9a\u3067\u3059\u3002 Virgen de la Soledad \u304c Plaza de la Vila \u306b\u3042\u308a\u3001\u88ab\u6607\u5929\u306e\u795e\u6bbf\u306b\u5165\u308b\u6e96\u5099\u304c\u3067\u304d\u305f\u3089\u3001\u305d\u308c\u3092\u89e3\u91c8\u3059\u308b\u6642\u304c\u6765\u307e\u3059\u3002<\/p>\n<p>\u975e\u5e38\u306b\u8358\u53b3\u3067\u9b45\u529b\u7684\u306a\u77ac\u9593\u3067\u3059\u306e\u3067\u3001\u4eca\u5e74\u306e\u884c\u5217\u304c\u3069\u306e\u3088\u3046\u306b\u7d42\u4e86\u3059\u308b\u304b\u3092\u4e00\u822c\u306e\u65b9\u306b\u304a\u77e5\u3089\u305b\u3057\u305f\u3044\u3068\u601d\u3044\u307e\u3059\u306e\u3067\u3001\u305c\u3072\u30d7\u30e9\u30b6 \u30c7 \u30e9 \u30d3\u30e9\u306b\u3054\u53c2\u52a0\u304f\u3060\u3055\u3044\u3002\u305d\u306e\u5f8c\u3001\u753a\u5185\u4f1a\u306e\u5bb6\u306b\u30c1\u30e7\u30b3\u30ec\u30fc\u30c8\u3092\u98df\u3079\u306b\u884c\u304d\u307e\u3059\u3002<\/p>\n<\/div>\n<\/div><\/div>\n\n\n<div class=\"woocommerce columns-4\"><ul class=\"products columns-4\">\n<li class=\"desktop-align-left tablet-align-left mobile-align-left ast-product-gallery-layout-horizontal-slider product type-product post-1184 status-publish first instock product_cat-musica-de-calle product_tag-mila-rosa-molina has-post-thumbnail downloadable virtual taxable purchasable product-type-simple\">\n\t<a href=\"https:\/\/www.omnesbands.international\/ja\/product\/el-perillos\/\" class=\"woocommerce-LoopProduct-link woocommerce-loop-product__link\"><img loading=\"lazy\" decoding=\"async\" width=\"300\" height=\"300\" src=\"https:\/\/www.omnesbands.international\/wp-content\/uploads\/2023\/01\/El-Perillos-1-300x300.jpg\" class=\"attachment-woocommerce_thumbnail size-woocommerce_thumbnail\" alt=\"El Perillos\" srcset=\"https:\/\/www.omnesbands.international\/wp-content\/uploads\/2023\/01\/El-Perillos-1-300x300.jpg 300w, https:\/\/www.omnesbands.international\/wp-content\/uploads\/2023\/01\/El-Perillos-1-150x150.jpg 150w, https:\/\/www.omnesbands.international\/wp-content\/uploads\/2023\/01\/El-Perillos-1-100x100.jpg 100w\" sizes=\"auto, (max-width: 300px) 100vw, 300px\" \/><h2 class=\"woocommerce-loop-product__title\">\u30da\u30ea\u30ed\u30b9<\/h2>\n\t<span class=\"price\"><span class=\"woocommerce-Price-amount amount\"><bdi><span class=\"woocommerce-Price-currencySymbol\">&#36;<\/span>25.00<\/bdi><\/span><\/span>\n<\/a><a href=\"\/ja\/wp-json\/wp\/v2\/pages\/1769?add-to-cart=1184\" aria-describedby=\"woocommerce_loop_add_to_cart_link_describedby_1184\" data-quantity=\"1\" class=\"button product_type_simple add_to_cart_button ajax_add_to_cart\" data-product_id=\"1184\" data-product_sku=\"PER-CAL-ESP-22\" aria-label=\"\u30ab\u30fc\u30c8\u306b\u8ffd\u52a0: \u300cEl Perill\u00f3s\u300d\" rel=\"nofollow\" data-success_message=\"\u300cEl Perill\u00f3s\u300d\u3092\u304a\u8cb7\u3044\u7269\u30ab\u30b4\u306b\u8ffd\u52a0\u3057\u307e\u3057\u305f\" role=\"button\" data-no-translation=\"\" data-trp-gettext=\"\" data-no-translation-aria-label=\"\" data-no-translation-data-success_message=\"\">\u304a\u8cb7\u3044\u7269\u30ab\u30b4\u306b\u8ffd\u52a0<\/a>\t<span id=\"woocommerce_loop_add_to_cart_link_describedby_1184\" class=\"screen-reader-text\">\n\t\t\t<\/span>\n<\/li>\n<\/ul>\n<\/div>","protected":false},"excerpt":{"rendered":"<p>MILA ROSA MOLINA La joven compositora ontinyentina Mila Rosa Molina Moscard\u00f3, ha escrito un nuevo motete dedicado a la imagen advocacional de nuestra Cofrad\u00eda y que lleva por t\u00edtulo &#8220;Madre Nostra&#8221;. La pieza est\u00e1 escrita para cuatro voces y sobre unos versos de nuestro macip, Sergi G\u00f3mez. Los motetes son breves piezas musicales, cantadas a [&hellip;]<\/p>\n","protected":false},"author":4,"featured_media":0,"parent":0,"menu_order":0,"comment_status":"closed","ping_status":"closed","template":"","meta":{"_acf_changed":false,"_uag_custom_page_level_css":"","site-sidebar-layout":"default","site-content-layout":"","ast-site-content-layout":"default","site-content-style":"default","site-sidebar-style":"default","ast-global-header-display":"","ast-banner-title-visibility":"","ast-main-header-display":"","ast-hfb-above-header-display":"","ast-hfb-below-header-display":"","ast-hfb-mobile-header-display":"","site-post-title":"disabled","ast-breadcrumbs-content":"","ast-featured-img":"","footer-sml-layout":"","ast-disable-related-posts":"","theme-transparent-header-meta":"","adv-header-id-meta":"","stick-header-meta":"","header-above-stick-meta":"","header-main-stick-meta":"","header-below-stick-meta":"","astra-migrate-meta-layouts":"default","ast-page-background-enabled":"default","ast-page-background-meta":{"desktop":{"background-color":"","background-image":"","background-repeat":"repeat","background-position":"center center","background-size":"auto","background-attachment":"scroll","background-type":"","background-media":"","overlay-type":"","overlay-color":"","overlay-opacity":"","overlay-gradient":""},"tablet":{"background-color":"","background-image":"","background-repeat":"repeat","background-position":"center center","background-size":"auto","background-attachment":"scroll","background-type":"","background-media":"","overlay-type":"","overlay-color":"","overlay-opacity":"","overlay-gradient":""},"mobile":{"background-color":"","background-image":"","background-repeat":"repeat","background-position":"center center","background-size":"auto","background-attachment":"scroll","background-type":"","background-media":"","overlay-type":"","overlay-color":"","overlay-opacity":"","overlay-gradient":""}},"ast-content-background-meta":{"desktop":{"background-color":"var(--ast-global-color-5)","background-image":"","background-repeat":"repeat","background-position":"center center","background-size":"auto","background-attachment":"scroll","background-type":"","background-media":"","overlay-type":"","overlay-color":"","overlay-opacity":"","overlay-gradient":""},"tablet":{"background-color":"var(--ast-global-color-5)","background-image":"","background-repeat":"repeat","background-position":"center center","background-size":"auto","background-attachment":"scroll","background-type":"","background-media":"","overlay-type":"","overlay-color":"","overlay-opacity":"","overlay-gradient":""},"mobile":{"background-color":"var(--ast-global-color-5)","background-image":"","background-repeat":"repeat","background-position":"center center","background-size":"auto","background-attachment":"scroll","background-type":"","background-media":"","overlay-type":"","overlay-color":"","overlay-opacity":"","overlay-gradient":""}},"footnotes":""},"class_list":["post-1769","page","type-page","status-publish","hentry"],"acf":[],"yoast_head":"<!-- This site is optimized with the Yoast SEO Premium plugin v22.4 (Yoast SEO v27.4) - https:\/\/yoast.com\/product\/yoast-seo-premium-wordpress\/ -->\n<title>MILA ROSA MOLINA -<\/title>\n<meta name=\"robots\" content=\"index, follow, max-snippet:-1, max-image-preview:large, max-video-preview:-1\" \/>\n<link rel=\"canonical\" href=\"https:\/\/www.omnesbands.international\/ja\/mila-rosa-molina-2\/\" \/>\n<meta property=\"og:locale\" content=\"ja_JP\" \/>\n<meta property=\"og:type\" content=\"article\" \/>\n<meta property=\"og:title\" content=\"MILA ROSA MOLINA\" \/>\n<meta property=\"og:description\" content=\"MILA ROSA MOLINA La joven compositora ontinyentina Mila Rosa Molina Moscard\u00f3, ha escrito un nuevo motete dedicado a la imagen advocacional de nuestra Cofrad\u00eda y que lleva por t\u00edtulo &#8220;Madre Nostra&#8221;. La pieza est\u00e1 escrita para cuatro voces y sobre unos versos de nuestro macip, Sergi G\u00f3mez. Los motetes son breves piezas musicales, cantadas a [&hellip;]\" \/>\n<meta property=\"og:url\" content=\"https:\/\/www.omnesbands.international\/ja\/mila-rosa-molina-2\/\" \/>\n<meta property=\"article:modified_time\" content=\"2023-01-29T16:25:06+00:00\" \/>\n<meta property=\"og:image\" content=\"https:\/\/www.omnesbands.international\/wp-content\/uploads\/2023\/01\/music-sheet-music-snowdrop-7107045.jpg\" \/>\n\t<meta property=\"og:image:width\" content=\"1280\" \/>\n\t<meta property=\"og:image:height\" content=\"742\" \/>\n\t<meta property=\"og:image:type\" content=\"image\/jpeg\" \/>\n<meta name=\"twitter:card\" content=\"summary_large_image\" \/>\n<meta name=\"twitter:label1\" content=\"\u63a8\u5b9a\u8aad\u307f\u53d6\u308a\u6642\u9593\" \/>\n\t<meta name=\"twitter:data1\" content=\"1\u5206\" \/>\n<script type=\"application\/ld+json\" class=\"yoast-schema-graph\">{\"@context\":\"https:\\\/\\\/schema.org\",\"@graph\":[{\"@type\":\"WebPage\",\"@id\":\"https:\\\/\\\/www.omnesbands.international\\\/en\\\/mila-rosa-molina-2\\\/\",\"url\":\"https:\\\/\\\/www.omnesbands.international\\\/en\\\/mila-rosa-molina-2\\\/\",\"name\":\"MILA ROSA MOLINA -\",\"isPartOf\":{\"@id\":\"https:\\\/\\\/www.omnesbands.international\\\/#website\"},\"datePublished\":\"2023-01-29T16:25:03+00:00\",\"dateModified\":\"2023-01-29T16:25:06+00:00\",\"breadcrumb\":{\"@id\":\"https:\\\/\\\/www.omnesbands.international\\\/en\\\/mila-rosa-molina-2\\\/#breadcrumb\"},\"inLanguage\":\"ja\",\"potentialAction\":[{\"@type\":\"ReadAction\",\"target\":[\"https:\\\/\\\/www.omnesbands.international\\\/en\\\/mila-rosa-molina-2\\\/\"]}]},{\"@type\":\"BreadcrumbList\",\"@id\":\"https:\\\/\\\/www.omnesbands.international\\\/en\\\/mila-rosa-molina-2\\\/#breadcrumb\",\"itemListElement\":[{\"@type\":\"ListItem\",\"position\":1,\"name\":\"Portada\",\"item\":\"https:\\\/\\\/www.omnesbands.international\\\/\"},{\"@type\":\"ListItem\",\"position\":2,\"name\":\"MILA ROSA MOLINA\"}]},{\"@type\":\"WebSite\",\"@id\":\"https:\\\/\\\/www.omnesbands.international\\\/#website\",\"url\":\"https:\\\/\\\/www.omnesbands.international\\\/\",\"name\":\"OMNESBANDS International\",\"description\":\"Partituras Originales de autores y compositores independientes\",\"publisher\":{\"@id\":\"https:\\\/\\\/www.omnesbands.international\\\/#organization\"},\"potentialAction\":[{\"@type\":\"SearchAction\",\"target\":{\"@type\":\"EntryPoint\",\"urlTemplate\":\"https:\\\/\\\/www.omnesbands.international\\\/?s={search_term_string}\"},\"query-input\":{\"@type\":\"PropertyValueSpecification\",\"valueRequired\":true,\"valueName\":\"search_term_string\"}}],\"inLanguage\":\"ja\"},{\"@type\":\"Organization\",\"@id\":\"https:\\\/\\\/www.omnesbands.international\\\/#organization\",\"name\":\"Indra Consultores Internacionales\",\"alternateName\":\"Omnesbands\",\"url\":\"https:\\\/\\\/www.omnesbands.international\\\/\",\"logo\":{\"@type\":\"ImageObject\",\"inLanguage\":\"ja\",\"@id\":\"https:\\\/\\\/www.omnesbands.international\\\/#\\\/schema\\\/logo\\\/image\\\/\",\"url\":\"https:\\\/\\\/omnesbands.international\\\/wp-content\\\/uploads\\\/2023\\\/06\\\/Logo-Nuevo-.png\",\"contentUrl\":\"https:\\\/\\\/omnesbands.international\\\/wp-content\\\/uploads\\\/2023\\\/06\\\/Logo-Nuevo-.png\",\"width\":394,\"height\":212,\"caption\":\"Indra Consultores Internacionales\"},\"image\":{\"@id\":\"https:\\\/\\\/www.omnesbands.international\\\/#\\\/schema\\\/logo\\\/image\\\/\"}}]}<\/script>\n<!-- \/ Yoast SEO Premium plugin. -->","yoast_head_json":{"title":"MILA ROSA MOLINA -","robots":{"index":"index","follow":"follow","max-snippet":"max-snippet:-1","max-image-preview":"max-image-preview:large","max-video-preview":"max-video-preview:-1"},"canonical":"https:\/\/www.omnesbands.international\/ja\/mila-rosa-molina-2\/","og_locale":"ja_JP","og_type":"article","og_title":"MILA ROSA MOLINA","og_description":"MILA ROSA MOLINA La joven compositora ontinyentina Mila Rosa Molina Moscard\u00f3, ha escrito un nuevo motete dedicado a la imagen advocacional de nuestra Cofrad\u00eda y que lleva por t\u00edtulo &#8220;Madre Nostra&#8221;. La pieza est\u00e1 escrita para cuatro voces y sobre unos versos de nuestro macip, Sergi G\u00f3mez. Los motetes son breves piezas musicales, cantadas a [&hellip;]","og_url":"https:\/\/www.omnesbands.international\/ja\/mila-rosa-molina-2\/","article_modified_time":"2023-01-29T16:25:06+00:00","og_image":[{"width":1280,"height":742,"url":"https:\/\/www.omnesbands.international\/wp-content\/uploads\/2023\/01\/music-sheet-music-snowdrop-7107045.jpg","type":"image\/jpeg"}],"twitter_card":"summary_large_image","twitter_misc":{"\u63a8\u5b9a\u8aad\u307f\u53d6\u308a\u6642\u9593":"1\u5206"},"schema":{"@context":"https:\/\/schema.org","@graph":[{"@type":"WebPage","@id":"https:\/\/www.omnesbands.international\/en\/mila-rosa-molina-2\/","url":"https:\/\/www.omnesbands.international\/en\/mila-rosa-molina-2\/","name":"MILA ROSA MOLINA -","isPartOf":{"@id":"https:\/\/www.omnesbands.international\/#website"},"datePublished":"2023-01-29T16:25:03+00:00","dateModified":"2023-01-29T16:25:06+00:00","breadcrumb":{"@id":"https:\/\/www.omnesbands.international\/en\/mila-rosa-molina-2\/#breadcrumb"},"inLanguage":"ja","potentialAction":[{"@type":"ReadAction","target":["https:\/\/www.omnesbands.international\/en\/mila-rosa-molina-2\/"]}]},{"@type":"BreadcrumbList","@id":"https:\/\/www.omnesbands.international\/en\/mila-rosa-molina-2\/#breadcrumb","itemListElement":[{"@type":"ListItem","position":1,"name":"Portada","item":"https:\/\/www.omnesbands.international\/"},{"@type":"ListItem","position":2,"name":"MILA ROSA MOLINA"}]},{"@type":"WebSite","@id":"https:\/\/www.omnesbands.international\/#website","url":"https:\/\/www.omnesbands.international\/","name":"OMNESBANDS International","description":"\u72ec\u7acb\u3057\u305f\u4f5c\u5bb6\u3084\u4f5c\u66f2\u5bb6\u306b\u3088\u308b\u30aa\u30ea\u30b8\u30ca\u30eb\u306e\u697d\u8b5c","publisher":{"@id":"https:\/\/www.omnesbands.international\/#organization"},"potentialAction":[{"@type":"SearchAction","target":{"@type":"EntryPoint","urlTemplate":"https:\/\/www.omnesbands.international\/?s={search_term_string}"},"query-input":{"@type":"PropertyValueSpecification","valueRequired":true,"valueName":"search_term_string"}}],"inLanguage":"ja"},{"@type":"Organization","@id":"https:\/\/www.omnesbands.international\/#organization","name":"\u30a4\u30f3\u30c9\u30e9\u56fd\u969b\u30b3\u30f3\u30b5\u30eb\u30bf\u30f3\u30c8","alternateName":"Omnesbands","url":"https:\/\/www.omnesbands.international\/","logo":{"@type":"ImageObject","inLanguage":"ja","@id":"https:\/\/www.omnesbands.international\/#\/schema\/logo\/image\/","url":"https:\/\/omnesbands.international\/wp-content\/uploads\/2023\/06\/Logo-Nuevo-.png","contentUrl":"https:\/\/omnesbands.international\/wp-content\/uploads\/2023\/06\/Logo-Nuevo-.png","width":394,"height":212,"caption":"Indra Consultores Internacionales"},"image":{"@id":"https:\/\/www.omnesbands.international\/#\/schema\/logo\/image\/"}}]}},"uagb_featured_image_src":{"full":false,"thumbnail":false,"medium":false,"medium_large":false,"large":false,"1536x1536":false,"2048x2048":false,"trp-custom-language-flag":false,"gg_gallery_thumbnail":false,"woocommerce_thumbnail":false,"woocommerce_single":false,"woocommerce_gallery_thumbnail":false},"uagb_author_info":{"display_name":"Melvin R. Portillo A:","author_link":"https:\/\/www.omnesbands.international\/ja\/author\/portand\/"},"uagb_comment_info":0,"uagb_excerpt":"MILA ROSA MOLINA La joven compositora ontinyentina Mila Rosa Molina Moscard\u00f3, ha escrito un nuevo motete dedicado a la imagen advocacional de nuestra Cofrad\u00eda y que lleva por t\u00edtulo &#8220;Madre Nostra&#8221;. La pieza est\u00e1 escrita para cuatro voces y sobre unos versos de nuestro macip, Sergi G\u00f3mez. Los motetes son breves piezas musicales, cantadas a&hellip;","_links":{"self":[{"href":"https:\/\/www.omnesbands.international\/ja\/wp-json\/wp\/v2\/pages\/1769","targetHints":{"allow":["GET"]}}],"collection":[{"href":"https:\/\/www.omnesbands.international\/ja\/wp-json\/wp\/v2\/pages"}],"about":[{"href":"https:\/\/www.omnesbands.international\/ja\/wp-json\/wp\/v2\/types\/page"}],"author":[{"embeddable":true,"href":"https:\/\/www.omnesbands.international\/ja\/wp-json\/wp\/v2\/users\/4"}],"replies":[{"embeddable":true,"href":"https:\/\/www.omnesbands.international\/ja\/wp-json\/wp\/v2\/comments?post=1769"}],"version-history":[{"count":1,"href":"https:\/\/www.omnesbands.international\/ja\/wp-json\/wp\/v2\/pages\/1769\/revisions"}],"predecessor-version":[{"id":1770,"href":"https:\/\/www.omnesbands.international\/ja\/wp-json\/wp\/v2\/pages\/1769\/revisions\/1770"}],"wp:attachment":[{"href":"https:\/\/www.omnesbands.international\/ja\/wp-json\/wp\/v2\/media?parent=1769"}],"curies":[{"name":"wp","href":"https:\/\/api.w.org\/{rel}","templated":true}]}}