{"id":1771,"date":"2023-01-29T10:30:52","date_gmt":"2023-01-29T16:30:52","guid":{"rendered":"https:\/\/omnesbands.international\/?page_id=1771"},"modified":"2023-01-29T10:32:23","modified_gmt":"2023-01-29T16:32:23","slug":"rafael-garrigos-garcia-2","status":"publish","type":"page","link":"https:\/\/www.omnesbands.international\/ja\/rafael-garrigos-garcia-2\/","title":{"rendered":"\u30e9\u30d5\u30a1\u30a8\u30eb\u30fb\u30ac\u30ea\u30b4\u30b9\u30fb\u30ac\u30eb\u30b7\u30a2"},"content":{"rendered":"<div class=\"wp-block-uagb-container uagb-block-418e24bc alignfull uagb-is-root-container\"><div class=\"uagb-container-inner-blocks-wrap\">\n<div class=\"wp-block-uagb-advanced-heading uagb-block-d7b3d7ea\"><h1 class=\"uagb-heading-text\"><strong>\u30e9\u30d5\u30a1\u30a8\u30eb\u30fb\u30ac\u30ea\u30b4\u30b9\u30fb\u30ac\u30eb\u30b7\u30a2<\/strong><\/h1><\/div>\n<\/div><\/div>\n\n\n\n<div class=\"wp-block-uagb-container uagb-block-5702a126 alignfull uagb-is-root-container\"><div class=\"uagb-container-inner-blocks-wrap\">\n<div class=\"wp-block-uagb-container uagb-block-7e86f388\">\n<p>\u30e9\u30d5\u30a1\u30a8\u30eb\u30fbM\u30fb\u30ac\u30ea\u30b4\u30b9\u30fb\u30ac\u30eb\u30b7\u30a2\uff081966\u5e74\u3001\u30a8\u30f3\u30b2\u30e9\u30fb\u30d0\u30ec\u30f3\u30b7\u30a2\uff09\u3002\u5f7c\u306f\u30e6\u30cb\u30aa\u30f3 \u30df\u30e5\u30fc\u30b8\u30ab\u30eb \u30b5\u30f3\u30bf \u30bb\u30b7\u30ea\u30a2 \u30c7 \u30a8\u30f3\u30b2\u30e9 \u30d0\u30f3\u30c9 \u30b9\u30af\u30fc\u30eb\u3067\u97f3\u697d\u306e\u52c9\u5f37\u3092\u59cb\u3081\u307e\u3057\u305f\u3002\u305d\u306e\u5f8c\u3001\u30d0\u30ec\u30f3\u30b7\u30a2\u3001\u30de\u30c9\u30ea\u30c3\u30c9\u3001\u30b0\u30e9\u30ca\u30c0\u3001\u30e0\u30eb\u30b7\u30a2\u306e\u9ad8\u7b49\u97f3\u697d\u9662\u3067\u30db\u30eb\u30f3\u3001\u30d4\u30a2\u30ce\u3001\u548c\u58f0\u3001\u5bfe\u4f4d\u6cd5\u3068\u30d5\u30fc\u30ac\u3001\u4f5c\u66f2\u3001\u30aa\u30fc\u30b1\u30b9\u30c8\u30e9\u6307\u63ee\u3001\u5408\u5531\u6307\u63ee\u306e\u5c02\u9580\u5206\u91ce\u3067\u97f3\u697d\u306e\u52c9\u5f37\u3092\u4fee\u4e86\u3057\u307e\u3057\u305f\u3002\u5f7c\u306f\u5408\u5531\u6307\u63ee\u306e\u5c02\u9580\u5206\u91ce\u3068\u4f5c\u66f2\u3068\u697d\u5668\u6f14\u594f\u306e\u5206\u91ce\u3067\u7279\u5225\u8cde\u3092\u53d7\u8cde\u3057\u3066\u3044\u307e\u3059\u3002\u97f3\u697d\u306e\u7814\u7a76\u3068\u4e26\u884c\u3057\u3066\u3001\u5927\u5b66\u3067\u6559\u80b2\u5b66\u306e\u7814\u7a76\u3092\u5b8c\u4e86\u3057\u307e\u3057\u305f\u3002<\/p>\n<p>\u5f7c\u306f\u4ee5\u4e0b\u306e\u30b0\u30eb\u30fc\u30d7\u306e\u9996\u5e2d\u6307\u63ee\u8005\u3092\u52d9\u3081\u3066\u3044\u307e\u3059\uff1a\u30cf\u30a8\u30f3\u97f3\u697d\u9662\u306e\u30aa\u30fc\u30b1\u30b9\u30c8\u30e9\u3068\u5408\u5531\u56e3\u3001\u30a2\u30ea\u30ab\u30f3\u30c6\u97f3\u697d\u9662\u306e\u30e6\u30fc\u30b9\u30aa\u30fc\u30b1\u30b9\u30c8\u30e9\u3001\u30d9\u30cb\u30c9\u30eb\u30e0\u5408\u5531\u56e3\u3001\u30af\u30ec\u30f4\u30a3\u30ec\u30f3\u306e\u30af\u30ec\u30f4\u30a3\u30ec\u30f3\u30c6\u30a3\u30fc\u30ca\u5408\u5531\u56e3\u3001\u300c\u30e9\u30fb\u30d7\u30ea\u30df\u30c6\u30a3\u30f4\u30a1\u300d\u97f3\u697d\u30d0\u30f3\u30c9\u30ab\u30ed\u30b5\u30fb\u30c7\u30f3\u30fb\u30b5\u30ea\u30a2\u97f3\u697d\u5354\u4f1a\u3001\u30a2\u30eb\u30c6\u30a2\u30cd\u30f3\u30bb\u30fb\u30d5\u30a3\u30eb\u30cf\u30fc\u30e2\u30cb\u30fc\u5354\u4f1a\u306e\u4ea4\u97ff\u697d\u56e3\u304a\u3088\u3073\u5ba4\u5185\u30aa\u30fc\u30b1\u30b9\u30c8\u30e9\u3001\u30e0\u30c1\u30e3\u30e1\u30eb\uff08\u30a2\u30ea\u30ab\u30f3\u30c6\uff09\u306e\u300c\u30e9\u30fb\u30a2\u30ea\u30a2\u30f3\u30b5\u300d\u97f3\u697d\u5354\u4f1a\u306e\u4ea4\u97ff\u697d\u56e3\u3002\u5f7c\u306f\u73fe\u5728\u3001\u30e6\u30cb\u30aa\u30f3\u30fb\u30df\u30e5\u30fc\u30b8\u30ab\u30eb\u30fb\u30c7\u30fb\u30ab\u30cb\u30e3\u30c0\u30fb\u30d0\u30f3\u30c9\uff08\u30a2\u30ea\u30ab\u30f3\u30c6\uff09\u304a\u3088\u3073\u30e6\u30cb\u30aa\u30f3\u30fb\u30df\u30e5\u30fc\u30b8\u30ab\u30eb\u30fb\u30c7\u30fb\u30a2\u30b4\u30b9\u30c8\u30fb\u30d5\u30a3\u30eb\u30cf\u30fc\u30e2\u30cb\u30fc\u5354\u4f1a\u306e\u4ea4\u97ff\u697d\u56e3\u306e\u9996\u5e2d\u6307\u63ee\u8005\u3092\u52d9\u3081\u3066\u3044\u308b\u3002\u3053\u308c\u3089\u306e\u30b0\u30eb\u30fc\u30d7\u3068\u3068\u3082\u306b\u3001\u5f7c\u306f\u30dd\u30eb\u30c8\u30ac\u30eb\u3001\u30d5\u30e9\u30f3\u30b9\u3001\u30a4\u30bf\u30ea\u30a2\u3067\u30b3\u30f3\u30b5\u30fc\u30c8\u30c4\u30a2\u30fc\u3092\u884c\u3063\u3066\u304d\u307e\u3057\u305f\u3002<\/p>\n<p>\u5f7c\u306f\u73fe\u5728\u3001\u300c\u30ab\u30f3\u30d1\u30cb\u30fc\u30fb\u30ea\u30ea\u30ab\u30fb\u30a2\u30f3\u30c0\u30eb\u30b5\u300d\u306e\u97f3\u697d\u76e3\u7763\u3068\u3057\u3066\u3082\u50cd\u3044\u3066\u304a\u308a\u3001\u300c\u30a2\u30b0\u30a2\u3001\u30a2\u30ba\u30ab\u30ea\u30b8\u30e7\u30b9\u30fb\u30a4\u30fb\u30a2\u30b0\u30a2\u30eb\u30c7\u30a3\u30a8\u30f3\u30c6\u300d\u3001\u300c\u30e9\u30fb\u30ec\u30dc\u30eb\u30c8\u30fc\u30b5\u300d\u3001\u300c\u30e9\u30fb\u30b0\u30e9\u30f3\u30fb\u30f4\u30a3\u30a2\u300d\u3001\u300c\u30eb\u30a4\u30b9\u30fb\u30a2\u30ed\u30f3\u30bd\u306e\u7d50\u5a5a\u5f0f\u300d\u306a\u3069\u306e\u30b5\u30eb\u30b9\u30a8\u30e9\u516c\u6f14\u3092\u884c\u3063\u3066\u3044\u308b\u3002 \u201d\u3002<\/p>\n<p>\u30b2\u30b9\u30c8\u3068\u3057\u3066\u3001\u30a2\u30ea\u30ab\u30f3\u30c6\u5e02\u4ea4\u97ff\u697d\u56e3\u3001\u30b7\u30e3\u30c6\u30a3\u30d0\u97f3\u697d\u5354\u4f1a\u300c\u30e9\u30fb\u30d7\u30ea\u30df\u30c6\u30a3\u30d0\u30fb\u30bb\u30bf\u30d9\u30f3\u30bb\u300d\u4ea4\u97ff\u697d\u56e3\u3001\u30a4\u30d3\u30e6\u30cb\u30aa\u30f3\u97f3\u697d\u697d\u56e3\u3001\u30b5\u30f3\u30bf\u30fb\u30de\u30ea\u30a2\u30fb\u30c0\u30fb\u30d5\u30a7\u30a4\u30e9\u9752\u5c11\u5e74\u697d\u56e3\uff08\u30dd\u30eb\u30c8\u30ac\u30eb\uff09\u3001\u4ea4\u97ff\u697d\u56e3\u306a\u3069\u3092\u6307\u63ee\u3057\u3066\u3044\u308b\u3002\u97f3\u697d\u5354\u4f1a\u300c\u30e9\u30fb\u30cc\u30a8\u30d0\u300d\u306e<\/p>\n<p>\u4f5c\u66f2\u5bb6\u3068\u3057\u3066\u306e\u5f79\u5272\u306b\u304a\u3044\u3066\u3001\u30a2\u30ea\u30ab\u30f3\u30c6\u3001\u30d0\u30ec\u30f3\u30b7\u30a2\u3001\u30ab\u30b9\u30c6\u30ea\u30e7\u30f3\u3001\u30e0\u30eb\u30b7\u30a2\u3001\u30a2\u30f3\u30c0\u30eb\u30b7\u30a2\u306a\u3069\u306e\u30aa\u30fc\u30b1\u30b9\u30c8\u30e9\u3001\u5408\u5531\u56e3\u3001\u30d0\u30f3\u30c9\u3001\u5ba4\u5185\u697d\u30b0\u30eb\u30fc\u30d7\u306e\u305f\u3081\u306b\u4f5c\u54c1\u304c\u521d\u6f14\u3055\u308c\u3066\u3044\u307e\u3059\u3002\u5f7c\u306f\u307e\u305f\u3001\u6559\u80b2\u7684\u306a\u6027\u8cea\u306e\u3055\u307e\u3056\u307e\u306a\u4f5c\u54c1\u3092\u4f5c\u66f2\u3057\u3066\u304a\u308a\u3001\u6559\u80b2\u7684\u306a\u6027\u8cea\u3092\u6301\u3061\u3001\u97f3\u697d\u5b66\u6821\u306e\u30d7\u30ed\u30b0\u30e9\u30e0\u306e\u4e00\u90e8\u3068\u306a\u3063\u3066\u3044\u307e\u3059\u3002\u30d0\u30ec\u30f3\u30b7\u30a2\u3001\u30ab\u30b9\u30c6\u30ea\u30e7\u30f3\u3001\u30a2\u30ea\u30ab\u30f3\u30c6\u306a\u3069\u306e\u97f3\u697d\u9662\u3092\u7814\u7a76\u3002\u5f7c\u306e\u4f5c\u54c1\u306e\u4e00\u90e8\u306f\u3001RNE\u3001\u30c1\u30e3\u30f3\u30cd\u30eb 9\u3001\u30e9\u30b8\u30aa LP\u3001RAI (\u30a4\u30bf\u30ea\u30a2\u306e\u30e9\u30b8\u30aa \u30c6\u30ec\u30d3) \u3067\u756a\u7d44\u5316\u3055\u308c\u3001\u30d0\u30ec\u30f3\u30b7\u30a2\u306e AB M\u00fasica \u51fa\u7248\u793e\u304b\u3089\u51fa\u7248\u3055\u308c\u3066\u3044\u307e\u3059\u3002<\/p>\n<p>\u5f7c\u306f\u3001\u30ab\u30ed\u30fc\u30b6\u30fb\u30c7\u30f3\u30fb\u30b5\u30ea\u30a2\u796d\u97f3\u697d\u4f5c\u66f2\u30b3\u30f3\u30c6\u30b9\u30c82007\u5e74\u30682008\u5e74\u3001\u30e0\u30c1\u30e3\u30e1\u30eb\u30fb\u30d1\u30bd\u30c9\u30d6\u30ec\u30b9\u4f5c\u66f2\u30b3\u30f3\u30c6\u30b9\u30c82007\u3001\u7b2c8\u56de\u30f4\u30a3\u30ca\u30ed\u30dd\u5730\u65b9\u5668\u697d\u901a\u8a33\u30b3\u30f3\u30c6\u30b9\u30c82008\u306e\u6700\u7d42\u6bb5\u968e\u306a\u3069\u306e\u4f5c\u66f2\u304a\u3088\u3073\u6f14\u594f\u30b3\u30f3\u30c6\u30b9\u30c8\u306e\u5be9\u67fb\u54e1\u3092\u52d9\u3081\u3066\u3044\u308b\u3002 VII \u30a2\u30eb\u30c6\u30a2\u30fb\u30e9\u30fb\u30d9\u30ea\u30e32009\u30d5\u30a7\u30b9\u30c6\u30a3\u30d0\u30eb\u30df\u30e5\u30fc\u30b8\u30c3\u30af\u30d0\u30f3\u30c9\u30b3\u30f3\u30c6\u30b9\u30c8\u306a\u3069\u3002<\/p>\n<p>1991\u5e74\u304b\u3089\u306f\u5dde\u306e\u97f3\u697d\u30fb\u821e\u53f0\u82b8\u8853\u6559\u5e2b\u56e3\u4f53\u306e\u30e1\u30f3\u30d0\u30fc\u3068\u306a\u308a\u30011999\u5e74\u304b\u3089\u306f\u30a2\u30ea\u30ab\u30f3\u30c6\u97f3\u697d\u5c02\u9580\u97f3\u697d\u9662\u306e\u6559\u6388\u3068\u3057\u3066\u97f3\u697d\u8a00\u8a9e\u3001\u97f3\u697d\u60c5\u5831\u5b66\u3001\u88dc\u5b8c\u30d4\u30a2\u30ce\u306e\u79d1\u76ee\u3092\u6559\u3048\u3066\u3044\u308b\u3002<\/p>\n<\/div>\n<\/div><\/div>\n\n\n<div class=\"woocommerce columns-4\"><\/div>","protected":false},"excerpt":{"rendered":"<p>RAFAEL GARRIG\u00d3S GARC\u00cdA Rafael M. Garrig\u00f3s Garc\u00eda (1966, Enguera-Valencia). Comienza sus estudios musicales en la escuela de la banda Uni\u00f3n Musical Santa Cecilia de Enguera. M\u00e1s tarde realiza estudios musicales en los conservatorios superiores de Valencia, Madrid, Granada, Murcia, en las especialidades de Trompa, Piano, Armon\u00eda, Contrapunto y fuga, Composici\u00f3n, Direcci\u00f3n de Orquesta y Direcci\u00f3n [&hellip;]<\/p>\n","protected":false},"author":4,"featured_media":0,"parent":0,"menu_order":0,"comment_status":"closed","ping_status":"closed","template":"","meta":{"_acf_changed":false,"_uag_custom_page_level_css":"","site-sidebar-layout":"default","site-content-layout":"","ast-site-content-layout":"default","site-content-style":"default","site-sidebar-style":"default","ast-global-header-display":"","ast-banner-title-visibility":"","ast-main-header-display":"","ast-hfb-above-header-display":"","ast-hfb-below-header-display":"","ast-hfb-mobile-header-display":"","site-post-title":"disabled","ast-breadcrumbs-content":"","ast-featured-img":"","footer-sml-layout":"","ast-disable-related-posts":"","theme-transparent-header-meta":"","adv-header-id-meta":"","stick-header-meta":"","header-above-stick-meta":"","header-main-stick-meta":"","header-below-stick-meta":"","astra-migrate-meta-layouts":"default","ast-page-background-enabled":"default","ast-page-background-meta":{"desktop":{"background-color":"","background-image":"","background-repeat":"repeat","background-position":"center center","background-size":"auto","background-attachment":"scroll","background-type":"","background-media":"","overlay-type":"","overlay-color":"","overlay-opacity":"","overlay-gradient":""},"tablet":{"background-color":"","background-image":"","background-repeat":"repeat","background-position":"center center","background-size":"auto","background-attachment":"scroll","background-type":"","background-media":"","overlay-type":"","overlay-color":"","overlay-opacity":"","overlay-gradient":""},"mobile":{"background-color":"","background-image":"","background-repeat":"repeat","background-position":"center center","background-size":"auto","background-attachment":"scroll","background-type":"","background-media":"","overlay-type":"","overlay-color":"","overlay-opacity":"","overlay-gradient":""}},"ast-content-background-meta":{"desktop":{"background-color":"var(--ast-global-color-5)","background-image":"","background-repeat":"repeat","background-position":"center center","background-size":"auto","background-attachment":"scroll","background-type":"","background-media":"","overlay-type":"","overlay-color":"","overlay-opacity":"","overlay-gradient":""},"tablet":{"background-color":"var(--ast-global-color-5)","background-image":"","background-repeat":"repeat","background-position":"center center","background-size":"auto","background-attachment":"scroll","background-type":"","background-media":"","overlay-type":"","overlay-color":"","overlay-opacity":"","overlay-gradient":""},"mobile":{"background-color":"var(--ast-global-color-5)","background-image":"","background-repeat":"repeat","background-position":"center center","background-size":"auto","background-attachment":"scroll","background-type":"","background-media":"","overlay-type":"","overlay-color":"","overlay-opacity":"","overlay-gradient":""}},"footnotes":""},"class_list":["post-1771","page","type-page","status-publish","hentry"],"acf":[],"yoast_head":"<!-- This site is optimized with the Yoast SEO Premium plugin v22.4 (Yoast SEO v27.4) - https:\/\/yoast.com\/product\/yoast-seo-premium-wordpress\/ -->\n<title>RAFAEL GARRIG\u00d3S GARC\u00cdA -<\/title>\n<meta name=\"robots\" content=\"index, follow, max-snippet:-1, max-image-preview:large, max-video-preview:-1\" \/>\n<link rel=\"canonical\" href=\"https:\/\/www.omnesbands.international\/ja\/rafael-garrigos-garcia-2\/\" \/>\n<meta property=\"og:locale\" content=\"ja_JP\" \/>\n<meta property=\"og:type\" content=\"article\" \/>\n<meta property=\"og:title\" content=\"RAFAEL GARRIG\u00d3S GARC\u00cdA\" \/>\n<meta property=\"og:description\" content=\"RAFAEL GARRIG\u00d3S GARC\u00cdA Rafael M. Garrig\u00f3s Garc\u00eda (1966, Enguera-Valencia). Comienza sus estudios musicales en la escuela de la banda Uni\u00f3n Musical Santa Cecilia de Enguera. M\u00e1s tarde realiza estudios musicales en los conservatorios superiores de Valencia, Madrid, Granada, Murcia, en las especialidades de Trompa, Piano, Armon\u00eda, Contrapunto y fuga, Composici\u00f3n, Direcci\u00f3n de Orquesta y Direcci\u00f3n [&hellip;]\" \/>\n<meta property=\"og:url\" content=\"https:\/\/www.omnesbands.international\/ja\/rafael-garrigos-garcia-2\/\" \/>\n<meta property=\"article:modified_time\" content=\"2023-01-29T16:32:23+00:00\" \/>\n<meta property=\"og:image\" content=\"https:\/\/www.omnesbands.international\/wp-content\/uploads\/2023\/01\/music-sheet-music-snowdrop-7107045.jpg\" \/>\n\t<meta property=\"og:image:width\" content=\"1280\" \/>\n\t<meta property=\"og:image:height\" content=\"742\" \/>\n\t<meta property=\"og:image:type\" content=\"image\/jpeg\" \/>\n<meta name=\"twitter:card\" content=\"summary_large_image\" \/>\n<meta name=\"twitter:label1\" content=\"\u63a8\u5b9a\u8aad\u307f\u53d6\u308a\u6642\u9593\" \/>\n\t<meta name=\"twitter:data1\" content=\"3\u5206\" \/>\n<script type=\"application\/ld+json\" class=\"yoast-schema-graph\">{\"@context\":\"https:\\\/\\\/schema.org\",\"@graph\":[{\"@type\":\"WebPage\",\"@id\":\"https:\\\/\\\/www.omnesbands.international\\\/rafael-garrigos-garcia-2\\\/\",\"url\":\"https:\\\/\\\/www.omnesbands.international\\\/rafael-garrigos-garcia-2\\\/\",\"name\":\"RAFAEL GARRIG\u00d3S GARC\u00cdA -\",\"isPartOf\":{\"@id\":\"https:\\\/\\\/www.omnesbands.international\\\/#website\"},\"datePublished\":\"2023-01-29T16:30:52+00:00\",\"dateModified\":\"2023-01-29T16:32:23+00:00\",\"breadcrumb\":{\"@id\":\"https:\\\/\\\/www.omnesbands.international\\\/rafael-garrigos-garcia-2\\\/#breadcrumb\"},\"inLanguage\":\"ja\",\"potentialAction\":[{\"@type\":\"ReadAction\",\"target\":[\"https:\\\/\\\/www.omnesbands.international\\\/rafael-garrigos-garcia-2\\\/\"]}]},{\"@type\":\"BreadcrumbList\",\"@id\":\"https:\\\/\\\/www.omnesbands.international\\\/rafael-garrigos-garcia-2\\\/#breadcrumb\",\"itemListElement\":[{\"@type\":\"ListItem\",\"position\":1,\"name\":\"Portada\",\"item\":\"https:\\\/\\\/www.omnesbands.international\\\/\"},{\"@type\":\"ListItem\",\"position\":2,\"name\":\"RAFAEL GARRIG\u00d3S GARC\u00cdA\"}]},{\"@type\":\"WebSite\",\"@id\":\"https:\\\/\\\/www.omnesbands.international\\\/#website\",\"url\":\"https:\\\/\\\/www.omnesbands.international\\\/\",\"name\":\"OMNESBANDS International\",\"description\":\"Partituras Originales de autores y compositores independientes\",\"publisher\":{\"@id\":\"https:\\\/\\\/www.omnesbands.international\\\/#organization\"},\"potentialAction\":[{\"@type\":\"SearchAction\",\"target\":{\"@type\":\"EntryPoint\",\"urlTemplate\":\"https:\\\/\\\/www.omnesbands.international\\\/?s={search_term_string}\"},\"query-input\":{\"@type\":\"PropertyValueSpecification\",\"valueRequired\":true,\"valueName\":\"search_term_string\"}}],\"inLanguage\":\"ja\"},{\"@type\":\"Organization\",\"@id\":\"https:\\\/\\\/www.omnesbands.international\\\/#organization\",\"name\":\"Indra Consultores Internacionales\",\"alternateName\":\"Omnesbands\",\"url\":\"https:\\\/\\\/www.omnesbands.international\\\/\",\"logo\":{\"@type\":\"ImageObject\",\"inLanguage\":\"ja\",\"@id\":\"https:\\\/\\\/www.omnesbands.international\\\/#\\\/schema\\\/logo\\\/image\\\/\",\"url\":\"https:\\\/\\\/omnesbands.international\\\/wp-content\\\/uploads\\\/2023\\\/06\\\/Logo-Nuevo-.png\",\"contentUrl\":\"https:\\\/\\\/omnesbands.international\\\/wp-content\\\/uploads\\\/2023\\\/06\\\/Logo-Nuevo-.png\",\"width\":394,\"height\":212,\"caption\":\"Indra Consultores Internacionales\"},\"image\":{\"@id\":\"https:\\\/\\\/www.omnesbands.international\\\/#\\\/schema\\\/logo\\\/image\\\/\"}}]}<\/script>\n<!-- \/ Yoast SEO Premium plugin. -->","yoast_head_json":{"title":"RAFAEL GARRIG\u00d3S GARC\u00cdA -","robots":{"index":"index","follow":"follow","max-snippet":"max-snippet:-1","max-image-preview":"max-image-preview:large","max-video-preview":"max-video-preview:-1"},"canonical":"https:\/\/www.omnesbands.international\/ja\/rafael-garrigos-garcia-2\/","og_locale":"ja_JP","og_type":"article","og_title":"RAFAEL GARRIG\u00d3S GARC\u00cdA","og_description":"RAFAEL GARRIG\u00d3S GARC\u00cdA Rafael M. Garrig\u00f3s Garc\u00eda (1966, Enguera-Valencia). Comienza sus estudios musicales en la escuela de la banda Uni\u00f3n Musical Santa Cecilia de Enguera. M\u00e1s tarde realiza estudios musicales en los conservatorios superiores de Valencia, Madrid, Granada, Murcia, en las especialidades de Trompa, Piano, Armon\u00eda, Contrapunto y fuga, Composici\u00f3n, Direcci\u00f3n de Orquesta y Direcci\u00f3n [&hellip;]","og_url":"https:\/\/www.omnesbands.international\/ja\/rafael-garrigos-garcia-2\/","article_modified_time":"2023-01-29T16:32:23+00:00","og_image":[{"width":1280,"height":742,"url":"https:\/\/www.omnesbands.international\/wp-content\/uploads\/2023\/01\/music-sheet-music-snowdrop-7107045.jpg","type":"image\/jpeg"}],"twitter_card":"summary_large_image","twitter_misc":{"\u63a8\u5b9a\u8aad\u307f\u53d6\u308a\u6642\u9593":"3\u5206"},"schema":{"@context":"https:\/\/schema.org","@graph":[{"@type":"WebPage","@id":"https:\/\/www.omnesbands.international\/rafael-garrigos-garcia-2\/","url":"https:\/\/www.omnesbands.international\/rafael-garrigos-garcia-2\/","name":"RAFAEL GARRIG\u00d3S GARC\u00cdA -","isPartOf":{"@id":"https:\/\/www.omnesbands.international\/#website"},"datePublished":"2023-01-29T16:30:52+00:00","dateModified":"2023-01-29T16:32:23+00:00","breadcrumb":{"@id":"https:\/\/www.omnesbands.international\/rafael-garrigos-garcia-2\/#breadcrumb"},"inLanguage":"ja","potentialAction":[{"@type":"ReadAction","target":["https:\/\/www.omnesbands.international\/rafael-garrigos-garcia-2\/"]}]},{"@type":"BreadcrumbList","@id":"https:\/\/www.omnesbands.international\/rafael-garrigos-garcia-2\/#breadcrumb","itemListElement":[{"@type":"ListItem","position":1,"name":"Portada","item":"https:\/\/www.omnesbands.international\/"},{"@type":"ListItem","position":2,"name":"RAFAEL GARRIG\u00d3S GARC\u00cdA"}]},{"@type":"WebSite","@id":"https:\/\/www.omnesbands.international\/#website","url":"https:\/\/www.omnesbands.international\/","name":"OMNESBANDS International","description":"\u72ec\u7acb\u3057\u305f\u4f5c\u5bb6\u3084\u4f5c\u66f2\u5bb6\u306b\u3088\u308b\u30aa\u30ea\u30b8\u30ca\u30eb\u306e\u697d\u8b5c","publisher":{"@id":"https:\/\/www.omnesbands.international\/#organization"},"potentialAction":[{"@type":"SearchAction","target":{"@type":"EntryPoint","urlTemplate":"https:\/\/www.omnesbands.international\/?s={search_term_string}"},"query-input":{"@type":"PropertyValueSpecification","valueRequired":true,"valueName":"search_term_string"}}],"inLanguage":"ja"},{"@type":"Organization","@id":"https:\/\/www.omnesbands.international\/#organization","name":"\u30a4\u30f3\u30c9\u30e9\u56fd\u969b\u30b3\u30f3\u30b5\u30eb\u30bf\u30f3\u30c8","alternateName":"Omnesbands","url":"https:\/\/www.omnesbands.international\/","logo":{"@type":"ImageObject","inLanguage":"ja","@id":"https:\/\/www.omnesbands.international\/#\/schema\/logo\/image\/","url":"https:\/\/omnesbands.international\/wp-content\/uploads\/2023\/06\/Logo-Nuevo-.png","contentUrl":"https:\/\/omnesbands.international\/wp-content\/uploads\/2023\/06\/Logo-Nuevo-.png","width":394,"height":212,"caption":"Indra Consultores Internacionales"},"image":{"@id":"https:\/\/www.omnesbands.international\/#\/schema\/logo\/image\/"}}]}},"uagb_featured_image_src":{"full":false,"thumbnail":false,"medium":false,"medium_large":false,"large":false,"1536x1536":false,"2048x2048":false,"trp-custom-language-flag":false,"gg_gallery_thumbnail":false,"woocommerce_thumbnail":false,"woocommerce_single":false,"woocommerce_gallery_thumbnail":false},"uagb_author_info":{"display_name":"Melvin R. Portillo A:","author_link":"https:\/\/www.omnesbands.international\/ja\/author\/portand\/"},"uagb_comment_info":0,"uagb_excerpt":"RAFAEL GARRIG\u00d3S GARC\u00cdA Rafael M. Garrig\u00f3s Garc\u00eda (1966, Enguera-Valencia). Comienza sus estudios musicales en la escuela de la banda Uni\u00f3n Musical Santa Cecilia de Enguera. M\u00e1s tarde realiza estudios musicales en los conservatorios superiores de Valencia, Madrid, Granada, Murcia, en las especialidades de Trompa, Piano, Armon\u00eda, Contrapunto y fuga, Composici\u00f3n, Direcci\u00f3n de Orquesta y Direcci\u00f3n&hellip;","_links":{"self":[{"href":"https:\/\/www.omnesbands.international\/ja\/wp-json\/wp\/v2\/pages\/1771","targetHints":{"allow":["GET"]}}],"collection":[{"href":"https:\/\/www.omnesbands.international\/ja\/wp-json\/wp\/v2\/pages"}],"about":[{"href":"https:\/\/www.omnesbands.international\/ja\/wp-json\/wp\/v2\/types\/page"}],"author":[{"embeddable":true,"href":"https:\/\/www.omnesbands.international\/ja\/wp-json\/wp\/v2\/users\/4"}],"replies":[{"embeddable":true,"href":"https:\/\/www.omnesbands.international\/ja\/wp-json\/wp\/v2\/comments?post=1771"}],"version-history":[{"count":2,"href":"https:\/\/www.omnesbands.international\/ja\/wp-json\/wp\/v2\/pages\/1771\/revisions"}],"predecessor-version":[{"id":1773,"href":"https:\/\/www.omnesbands.international\/ja\/wp-json\/wp\/v2\/pages\/1771\/revisions\/1773"}],"wp:attachment":[{"href":"https:\/\/www.omnesbands.international\/ja\/wp-json\/wp\/v2\/media?parent=1771"}],"curies":[{"name":"wp","href":"https:\/\/api.w.org\/{rel}","templated":true}]}}