{"id":1776,"date":"2023-01-29T13:54:10","date_gmt":"2023-01-29T19:54:10","guid":{"rendered":"https:\/\/omnesbands.international\/?page_id=1776"},"modified":"2023-02-03T20:15:51","modified_gmt":"2023-02-04T02:15:51","slug":"pablo-bas-2","status":"publish","type":"page","link":"https:\/\/www.omnesbands.international\/ja\/pablo-bas-2\/","title":{"rendered":"\u30dd\u30fc\u30eb\u30fb\u30d0\u30b9"},"content":{"rendered":"<div class=\"wp-block-uagb-container uagb-block-0fe4fa0e alignfull uagb-is-root-container\"><div class=\"uagb-container-inner-blocks-wrap\">\n<div class=\"wp-block-uagb-advanced-heading uagb-block-d9b7ea22\"><h1 class=\"uagb-heading-text\"><strong>\u30dd\u30fc\u30eb\u30fb\u30d0\u30b9<\/strong><\/h1><\/div>\n<\/div><\/div>\n\n\n\n<div class=\"wp-block-uagb-container uagb-block-ff996198 alignfull uagb-is-root-container\"><div class=\"uagb-container-inner-blocks-wrap\">\n<div class=\"wp-block-uagb-container uagb-block-e2a2cbd9\">\n<p dir=\"ltr\">1992 \u5e74\u751f\u307e\u308c\u306e\u30d9\u30cb\u30ac\u30cb\u30e0\u51fa\u8eab\u306e\u5f7c\u306f\u3001\u97f3\u697d\u6307\u5c0e\u5354\u4f1a (SIM) \u3067\u52c9\u5f37\u3092\u59cb\u3081\u3001\u30b5\u30c3\u30af\u30b9\u3092\u5c02\u9580\u3068\u3059\u308b\u30b7\u30e3\u30c6\u30a3\u30d0\u97f3\u697d\u9662\u3067\u7d9a\u3051\u307e\u3057\u305f\u3002\u6b21\u306b\u3001\u30ab\u30b9\u30c6\u30ea\u30e7\u30f3\u9ad8\u7b49\u97f3\u697d\u9662\u306e\u4f5c\u66f2\u5c02\u653b\u306b\u5165\u5b66\u3057\u307e\u3059\u3002\u3053\u306e\u6559\u80b2\u6a5f\u95a2\u3067\u306f\u3001GF \u30cf\u30fc\u30b9\u3001\u30e4\u30f3\u30fb\u30ed\u30d3\u30f3\u3001GP \u30eb\u30c3\u30d4\u306a\u3069\u3001\u56fd\u969b\u7684\u306b\u6d3b\u8e8d\u3059\u308b\u4f5c\u66f2\u5bb6\u304b\u3089\u30de\u30b9\u30bf\u30fc\u30af\u30e9\u30b9\u3092\u53d7\u3051\u3066\u3044\u307e\u3059\u3002\u305d\u306e\u5f8c\u3001\u30d0\u30ec\u30f3\u30b7\u30a2\u5de5\u79d1\u5927\u5b66 (UPV) \u3067\u6587\u5316\u7ba1\u7406\u306e\u4fee\u58eb\u53f7\u3092\u53d6\u5f97\u3057\u3001\u82b8\u8853\u306e\u7814\u7a76\u3092\u5b8c\u4e86\u3057\u307e\u3057\u305f\u3002\u5f7c\u306f\u4f5c\u66f2\u5bb6\u3068\u3057\u3066 8 \u5e74\u9593\u6d3b\u52d5\u3057\u3066\u304a\u308a\u3001\u3053\u306e\u9593\u306b\u3055\u307e\u3056\u307e\u306a\u30b9\u30bf\u30a4\u30eb\u3084\u30b0\u30eb\u30fc\u30d7\u306e 160 \u4ee5\u4e0a\u306e\u4f5c\u54c1\u3092\u4f5c\u66f2\u3057\u307e\u3057\u305f\u3002<\/p>\n<p dir=\"ltr\">\u5f7c\u306e\u4f5c\u54c1\u306f\u3001\u3055\u307e\u3056\u307e\u306a\u30d5\u30a7\u30b9\u30c6\u30a3\u30d0\u30eb\u97f3\u697d\u3084\u30d1\u30bd\u30c9\u30d6\u30ec\u30b9\u30fb\u30d5\u30a1\u30ec\u30ed\u30b9\u30fb\u30b3\u30f3\u30c6\u30b9\u30c8\u306e\u8cde\u306b\u30ce\u30df\u30cd\u30fc\u30c8\u3055\u308c\u3066\u3044\u307e\u3059\u3002\u30e4\u30f3\u30b0\u30df\u30e5\u30fc\u30b8\u30c3\u30af\u30ef\u30fc\u30af\u30b7\u30e7\u30c3\u30d7\u30b3\u30f3\u30af\u30fc\u30eb\u5150\u7ae5\u5408\u5531\u90e8\u9580\u3067\u7b2c2\u4f4d\u3092\u53d7\u8cde\u3057\u307e\u3057\u305f\u3002\u5f7c\u306e\u97f3\u697d\u306f\u3001UMH\u3001UV\u3001UCV \u306a\u3069\u306e\u3044\u304f\u3064\u304b\u306e\u5927\u5b66\u306e\u4f5c\u54c1\u3084\u30c9\u30ad\u30e5\u30e1\u30f3\u30bf\u30ea\u30fc\u306b\u3082\u767b\u5834\u3057\u3001\u56fd\u969b\u30c6\u30ec\u30d3\u300c\u30a2\u30eb\u30b8\u30e3\u30b8\u30fc\u30e9\u300d\u3078\u306e\u51fa\u6f14\u3092\u5f37\u8abf\u3057\u3066\u3044\u307e\u3059\u3002\u3055\u3089\u306b\u3001\u5f7c\u306e\u4f5c\u54c1\u300cJard\u00edn del Turia\u300d\u306f\u3001\u30b7\u30ab\u30b4\uff08\u7c73\u56fd\uff09\u306e\u4e2d\u897f\u90e8\u30af\u30ea\u30cb\u30c3\u30af\u306e\u30d0\u30ec\u30f3\u30b7\u30a2\u97f3\u697d\u3092\u4ee3\u8868\u3059\u308b\u30a2\u30eb\u30d0\u30e0\u306b\u9078\u3070\u308c\u307e\u3057\u305f\u3002<\/p>\n<p dir=\"ltr\">\u30aa\u30fc\u30c7\u30a3\u30aa\u30d3\u30b8\u30e5\u30a2\u30eb\u304a\u3088\u3073\u821e\u53f0\u82b8\u8853\u306e\u4e16\u754c\u3067\u306f\u3001\u30d0\u30ec\u30f3\u30b7\u30a2\u306e\u30df\u30b0\u30ed\u30c0\u30f3\u30b5\u821e\u8e0a\u56e3\u3067\u306e\u4f5c\u66f2\u5bb6\u3068\u3057\u3066\u306e\u6ede\u5728\u3001\u30bf\u30ea\u30a2\u5287\u5834\u3067\u4e0a\u6f14\u3055\u308c\u305f\u30df\u30e5\u30fc\u30b8\u30ab\u30eb\u300c\u4e16\u754c\u306e\u7d42\u308f\u308a\u3092\u6c42\u3081\u3066\u300d\u3001\u4e0a\u6620\u3055\u308c\u305f\u77ed\u7de8\u6620\u753b\u300cL\u00edmites\u300d\u3067\u306e\u97f3\u697d\u306a\u3069\u304c\u30cf\u30a4\u30e9\u30a4\u30c8\u3068\u306a\u308a\u307e\u3059\u3002 15 \u304b\u56fd\u4ee5\u4e0a\u3067\u9999\u6e2f\u3067\u516c\u7684\u8cde\u3092\u53d7\u8cde\u3002\u00a0<\/p>\n<\/div>\n<\/div><\/div>\n\n\n<div class=\"woocommerce columns-4\"><ul class=\"products columns-4\">\n<li class=\"desktop-align-left tablet-align-left mobile-align-left ast-product-gallery-layout-horizontal-slider product type-product post-1847 status-publish first instock product_cat-pasodobles product_tag-pablo-bas has-post-thumbnail featured downloadable virtual taxable purchasable product-type-simple\">\n\t<a href=\"https:\/\/www.omnesbands.international\/ja\/product\/pepica-la-corista\/\" class=\"woocommerce-LoopProduct-link woocommerce-loop-product__link\"><img loading=\"lazy\" decoding=\"async\" width=\"300\" height=\"300\" src=\"https:\/\/www.omnesbands.international\/wp-content\/uploads\/2023\/02\/Pepica-300x300.jpg\" class=\"attachment-woocommerce_thumbnail size-woocommerce_thumbnail\" alt=\"Pepica\" srcset=\"https:\/\/www.omnesbands.international\/wp-content\/uploads\/2023\/02\/Pepica-300x300.jpg 300w, https:\/\/www.omnesbands.international\/wp-content\/uploads\/2023\/02\/Pepica-150x150.jpg 150w, https:\/\/www.omnesbands.international\/wp-content\/uploads\/2023\/02\/Pepica-11x12.jpg 11w, https:\/\/www.omnesbands.international\/wp-content\/uploads\/2023\/02\/Pepica-100x100.jpg 100w\" sizes=\"auto, (max-width: 300px) 100vw, 300px\" \/><h2 class=\"woocommerce-loop-product__title\">\u30b7\u30e7\u30fc\u30ac\u30fc\u30eb\u306e\u30da\u30d4\u30ab<\/h2>\n\t<span class=\"price\"><span class=\"woocommerce-Price-amount amount\"><bdi><span class=\"woocommerce-Price-currencySymbol\">&#36;<\/span>25.00<\/bdi><\/span><\/span>\n<\/a><a href=\"\/ja\/wp-json\/wp\/v2\/pages\/1776?add-to-cart=1847\" aria-describedby=\"woocommerce_loop_add_to_cart_link_describedby_1847\" data-quantity=\"1\" class=\"button product_type_simple add_to_cart_button ajax_add_to_cart\" data-product_id=\"1847\" data-product_sku=\"PEPC-PAS-ESP-22\" aria-label=\"\u30ab\u30fc\u30c8\u306b\u8ffd\u52a0: \u300cPepica la corista\u300d\" rel=\"nofollow\" data-success_message=\"\u300cPepica la corista\u300d\u3092\u304a\u8cb7\u3044\u7269\u30ab\u30b4\u306b\u8ffd\u52a0\u3057\u307e\u3057\u305f\" role=\"button\" data-no-translation=\"\" data-trp-gettext=\"\" data-no-translation-aria-label=\"\" data-no-translation-data-success_message=\"\">\u304a\u8cb7\u3044\u7269\u30ab\u30b4\u306b\u8ffd\u52a0<\/a>\t<span id=\"woocommerce_loop_add_to_cart_link_describedby_1847\" class=\"screen-reader-text\">\n\t\t\t<\/span>\n<\/li>\n<\/ul>\n<\/div>","protected":false},"excerpt":{"rendered":"<p>PABLO BAS Nacido en 1992 y natural de Benig\u00e0nim, inicia sus estudios en la Sociedad Instructiva Musical (SIM), continuando en el Conservatorio Profesional de X\u00e0tiva en la especialidad de saxof\u00f3n. Seguidamente, accede al Conservatorio Superior de Castell\u00f3n en la especialidad de Composici\u00f3n. En esta instituci\u00f3n recibe clases magistrales de compositores de relevancia internacional como G. [&hellip;]<\/p>\n","protected":false},"author":4,"featured_media":0,"parent":0,"menu_order":0,"comment_status":"closed","ping_status":"closed","template":"","meta":{"_acf_changed":false,"_uag_custom_page_level_css":"","site-sidebar-layout":"default","site-content-layout":"","ast-site-content-layout":"default","site-content-style":"default","site-sidebar-style":"default","ast-global-header-display":"","ast-banner-title-visibility":"","ast-main-header-display":"","ast-hfb-above-header-display":"","ast-hfb-below-header-display":"","ast-hfb-mobile-header-display":"","site-post-title":"disabled","ast-breadcrumbs-content":"","ast-featured-img":"","footer-sml-layout":"","ast-disable-related-posts":"","theme-transparent-header-meta":"","adv-header-id-meta":"","stick-header-meta":"","header-above-stick-meta":"","header-main-stick-meta":"","header-below-stick-meta":"","astra-migrate-meta-layouts":"default","ast-page-background-enabled":"default","ast-page-background-meta":{"desktop":{"background-color":"","background-image":"","background-repeat":"repeat","background-position":"center center","background-size":"auto","background-attachment":"scroll","background-type":"","background-media":"","overlay-type":"","overlay-color":"","overlay-opacity":"","overlay-gradient":""},"tablet":{"background-color":"","background-image":"","background-repeat":"repeat","background-position":"center center","background-size":"auto","background-attachment":"scroll","background-type":"","background-media":"","overlay-type":"","overlay-color":"","overlay-opacity":"","overlay-gradient":""},"mobile":{"background-color":"","background-image":"","background-repeat":"repeat","background-position":"center center","background-size":"auto","background-attachment":"scroll","background-type":"","background-media":"","overlay-type":"","overlay-color":"","overlay-opacity":"","overlay-gradient":""}},"ast-content-background-meta":{"desktop":{"background-color":"var(--ast-global-color-5)","background-image":"","background-repeat":"repeat","background-position":"center center","background-size":"auto","background-attachment":"scroll","background-type":"","background-media":"","overlay-type":"","overlay-color":"","overlay-opacity":"","overlay-gradient":""},"tablet":{"background-color":"var(--ast-global-color-5)","background-image":"","background-repeat":"repeat","background-position":"center center","background-size":"auto","background-attachment":"scroll","background-type":"","background-media":"","overlay-type":"","overlay-color":"","overlay-opacity":"","overlay-gradient":""},"mobile":{"background-color":"var(--ast-global-color-5)","background-image":"","background-repeat":"repeat","background-position":"center center","background-size":"auto","background-attachment":"scroll","background-type":"","background-media":"","overlay-type":"","overlay-color":"","overlay-opacity":"","overlay-gradient":""}},"footnotes":""},"class_list":["post-1776","page","type-page","status-publish","hentry"],"acf":[],"yoast_head":"<!-- This site is optimized with the Yoast SEO Premium plugin v22.4 (Yoast SEO v27.4) - https:\/\/yoast.com\/product\/yoast-seo-premium-wordpress\/ -->\n<title>PABLO BAS -<\/title>\n<meta name=\"robots\" content=\"index, follow, max-snippet:-1, max-image-preview:large, max-video-preview:-1\" \/>\n<link rel=\"canonical\" href=\"https:\/\/www.omnesbands.international\/ja\/pablo-bas-2\/\" \/>\n<meta property=\"og:locale\" content=\"ja_JP\" \/>\n<meta property=\"og:type\" content=\"article\" \/>\n<meta property=\"og:title\" content=\"PABLO BAS\" \/>\n<meta property=\"og:description\" content=\"PABLO BAS Nacido en 1992 y natural de Benig\u00e0nim, inicia sus estudios en la Sociedad Instructiva Musical (SIM), continuando en el Conservatorio Profesional de X\u00e0tiva en la especialidad de saxof\u00f3n. Seguidamente, accede al Conservatorio Superior de Castell\u00f3n en la especialidad de Composici\u00f3n. En esta instituci\u00f3n recibe clases magistrales de compositores de relevancia internacional como G. [&hellip;]\" \/>\n<meta property=\"og:url\" content=\"https:\/\/www.omnesbands.international\/ja\/pablo-bas-2\/\" \/>\n<meta property=\"article:modified_time\" content=\"2023-02-04T02:15:51+00:00\" \/>\n<meta property=\"og:image\" content=\"https:\/\/www.omnesbands.international\/wp-content\/uploads\/2023\/01\/music-sheet-music-snowdrop-7107045.jpg\" \/>\n\t<meta property=\"og:image:width\" content=\"1280\" \/>\n\t<meta property=\"og:image:height\" content=\"742\" \/>\n\t<meta property=\"og:image:type\" content=\"image\/jpeg\" \/>\n<meta name=\"twitter:card\" content=\"summary_large_image\" \/>\n<meta name=\"twitter:label1\" content=\"\u63a8\u5b9a\u8aad\u307f\u53d6\u308a\u6642\u9593\" \/>\n\t<meta name=\"twitter:data1\" content=\"1\u5206\" \/>\n<script type=\"application\/ld+json\" class=\"yoast-schema-graph\">{\"@context\":\"https:\\\/\\\/schema.org\",\"@graph\":[{\"@type\":\"WebPage\",\"@id\":\"https:\\\/\\\/www.omnesbands.international\\\/en\\\/pablo-bas-2\\\/\",\"url\":\"https:\\\/\\\/www.omnesbands.international\\\/en\\\/pablo-bas-2\\\/\",\"name\":\"PABLO BAS -\",\"isPartOf\":{\"@id\":\"https:\\\/\\\/www.omnesbands.international\\\/#website\"},\"datePublished\":\"2023-01-29T19:54:10+00:00\",\"dateModified\":\"2023-02-04T02:15:51+00:00\",\"breadcrumb\":{\"@id\":\"https:\\\/\\\/www.omnesbands.international\\\/en\\\/pablo-bas-2\\\/#breadcrumb\"},\"inLanguage\":\"ja\",\"potentialAction\":[{\"@type\":\"ReadAction\",\"target\":[\"https:\\\/\\\/www.omnesbands.international\\\/en\\\/pablo-bas-2\\\/\"]}]},{\"@type\":\"BreadcrumbList\",\"@id\":\"https:\\\/\\\/www.omnesbands.international\\\/en\\\/pablo-bas-2\\\/#breadcrumb\",\"itemListElement\":[{\"@type\":\"ListItem\",\"position\":1,\"name\":\"Portada\",\"item\":\"https:\\\/\\\/www.omnesbands.international\\\/\"},{\"@type\":\"ListItem\",\"position\":2,\"name\":\"PABLO BAS\"}]},{\"@type\":\"WebSite\",\"@id\":\"https:\\\/\\\/www.omnesbands.international\\\/#website\",\"url\":\"https:\\\/\\\/www.omnesbands.international\\\/\",\"name\":\"OMNESBANDS International\",\"description\":\"Partituras Originales de autores y compositores independientes\",\"publisher\":{\"@id\":\"https:\\\/\\\/www.omnesbands.international\\\/#organization\"},\"potentialAction\":[{\"@type\":\"SearchAction\",\"target\":{\"@type\":\"EntryPoint\",\"urlTemplate\":\"https:\\\/\\\/www.omnesbands.international\\\/?s={search_term_string}\"},\"query-input\":{\"@type\":\"PropertyValueSpecification\",\"valueRequired\":true,\"valueName\":\"search_term_string\"}}],\"inLanguage\":\"ja\"},{\"@type\":\"Organization\",\"@id\":\"https:\\\/\\\/www.omnesbands.international\\\/#organization\",\"name\":\"Indra Consultores Internacionales\",\"alternateName\":\"Omnesbands\",\"url\":\"https:\\\/\\\/www.omnesbands.international\\\/\",\"logo\":{\"@type\":\"ImageObject\",\"inLanguage\":\"ja\",\"@id\":\"https:\\\/\\\/www.omnesbands.international\\\/#\\\/schema\\\/logo\\\/image\\\/\",\"url\":\"https:\\\/\\\/omnesbands.international\\\/wp-content\\\/uploads\\\/2023\\\/06\\\/Logo-Nuevo-.png\",\"contentUrl\":\"https:\\\/\\\/omnesbands.international\\\/wp-content\\\/uploads\\\/2023\\\/06\\\/Logo-Nuevo-.png\",\"width\":394,\"height\":212,\"caption\":\"Indra Consultores Internacionales\"},\"image\":{\"@id\":\"https:\\\/\\\/www.omnesbands.international\\\/#\\\/schema\\\/logo\\\/image\\\/\"}}]}<\/script>\n<!-- \/ Yoast SEO Premium plugin. -->","yoast_head_json":{"title":"PABLO BAS -","robots":{"index":"index","follow":"follow","max-snippet":"max-snippet:-1","max-image-preview":"max-image-preview:large","max-video-preview":"max-video-preview:-1"},"canonical":"https:\/\/www.omnesbands.international\/ja\/pablo-bas-2\/","og_locale":"ja_JP","og_type":"article","og_title":"PABLO BAS","og_description":"PABLO BAS Nacido en 1992 y natural de Benig\u00e0nim, inicia sus estudios en la Sociedad Instructiva Musical (SIM), continuando en el Conservatorio Profesional de X\u00e0tiva en la especialidad de saxof\u00f3n. Seguidamente, accede al Conservatorio Superior de Castell\u00f3n en la especialidad de Composici\u00f3n. En esta instituci\u00f3n recibe clases magistrales de compositores de relevancia internacional como G. [&hellip;]","og_url":"https:\/\/www.omnesbands.international\/ja\/pablo-bas-2\/","article_modified_time":"2023-02-04T02:15:51+00:00","og_image":[{"width":1280,"height":742,"url":"https:\/\/www.omnesbands.international\/wp-content\/uploads\/2023\/01\/music-sheet-music-snowdrop-7107045.jpg","type":"image\/jpeg"}],"twitter_card":"summary_large_image","twitter_misc":{"\u63a8\u5b9a\u8aad\u307f\u53d6\u308a\u6642\u9593":"1\u5206"},"schema":{"@context":"https:\/\/schema.org","@graph":[{"@type":"WebPage","@id":"https:\/\/www.omnesbands.international\/en\/pablo-bas-2\/","url":"https:\/\/www.omnesbands.international\/en\/pablo-bas-2\/","name":"PABLO BAS -","isPartOf":{"@id":"https:\/\/www.omnesbands.international\/#website"},"datePublished":"2023-01-29T19:54:10+00:00","dateModified":"2023-02-04T02:15:51+00:00","breadcrumb":{"@id":"https:\/\/www.omnesbands.international\/en\/pablo-bas-2\/#breadcrumb"},"inLanguage":"ja","potentialAction":[{"@type":"ReadAction","target":["https:\/\/www.omnesbands.international\/en\/pablo-bas-2\/"]}]},{"@type":"BreadcrumbList","@id":"https:\/\/www.omnesbands.international\/en\/pablo-bas-2\/#breadcrumb","itemListElement":[{"@type":"ListItem","position":1,"name":"Portada","item":"https:\/\/www.omnesbands.international\/"},{"@type":"ListItem","position":2,"name":"PABLO BAS"}]},{"@type":"WebSite","@id":"https:\/\/www.omnesbands.international\/#website","url":"https:\/\/www.omnesbands.international\/","name":"OMNESBANDS International","description":"\u72ec\u7acb\u3057\u305f\u4f5c\u5bb6\u3084\u4f5c\u66f2\u5bb6\u306b\u3088\u308b\u30aa\u30ea\u30b8\u30ca\u30eb\u306e\u697d\u8b5c","publisher":{"@id":"https:\/\/www.omnesbands.international\/#organization"},"potentialAction":[{"@type":"SearchAction","target":{"@type":"EntryPoint","urlTemplate":"https:\/\/www.omnesbands.international\/?s={search_term_string}"},"query-input":{"@type":"PropertyValueSpecification","valueRequired":true,"valueName":"search_term_string"}}],"inLanguage":"ja"},{"@type":"Organization","@id":"https:\/\/www.omnesbands.international\/#organization","name":"\u30a4\u30f3\u30c9\u30e9\u56fd\u969b\u30b3\u30f3\u30b5\u30eb\u30bf\u30f3\u30c8","alternateName":"Omnesbands","url":"https:\/\/www.omnesbands.international\/","logo":{"@type":"ImageObject","inLanguage":"ja","@id":"https:\/\/www.omnesbands.international\/#\/schema\/logo\/image\/","url":"https:\/\/omnesbands.international\/wp-content\/uploads\/2023\/06\/Logo-Nuevo-.png","contentUrl":"https:\/\/omnesbands.international\/wp-content\/uploads\/2023\/06\/Logo-Nuevo-.png","width":394,"height":212,"caption":"Indra Consultores Internacionales"},"image":{"@id":"https:\/\/www.omnesbands.international\/#\/schema\/logo\/image\/"}}]}},"uagb_featured_image_src":{"full":false,"thumbnail":false,"medium":false,"medium_large":false,"large":false,"1536x1536":false,"2048x2048":false,"trp-custom-language-flag":false,"gg_gallery_thumbnail":false,"woocommerce_thumbnail":false,"woocommerce_single":false,"woocommerce_gallery_thumbnail":false},"uagb_author_info":{"display_name":"Melvin R. Portillo A:","author_link":"https:\/\/www.omnesbands.international\/ja\/author\/portand\/"},"uagb_comment_info":0,"uagb_excerpt":"PABLO BAS Nacido en 1992 y natural de Benig\u00e0nim, inicia sus estudios en la Sociedad Instructiva Musical (SIM), continuando en el Conservatorio Profesional de X\u00e0tiva en la especialidad de saxof\u00f3n. Seguidamente, accede al Conservatorio Superior de Castell\u00f3n en la especialidad de Composici\u00f3n. En esta instituci\u00f3n recibe clases magistrales de compositores de relevancia internacional como G.&hellip;","_links":{"self":[{"href":"https:\/\/www.omnesbands.international\/ja\/wp-json\/wp\/v2\/pages\/1776","targetHints":{"allow":["GET"]}}],"collection":[{"href":"https:\/\/www.omnesbands.international\/ja\/wp-json\/wp\/v2\/pages"}],"about":[{"href":"https:\/\/www.omnesbands.international\/ja\/wp-json\/wp\/v2\/types\/page"}],"author":[{"embeddable":true,"href":"https:\/\/www.omnesbands.international\/ja\/wp-json\/wp\/v2\/users\/4"}],"replies":[{"embeddable":true,"href":"https:\/\/www.omnesbands.international\/ja\/wp-json\/wp\/v2\/comments?post=1776"}],"version-history":[{"count":3,"href":"https:\/\/www.omnesbands.international\/ja\/wp-json\/wp\/v2\/pages\/1776\/revisions"}],"predecessor-version":[{"id":1858,"href":"https:\/\/www.omnesbands.international\/ja\/wp-json\/wp\/v2\/pages\/1776\/revisions\/1858"}],"wp:attachment":[{"href":"https:\/\/www.omnesbands.international\/ja\/wp-json\/wp\/v2\/media?parent=1776"}],"curies":[{"name":"wp","href":"https:\/\/api.w.org\/{rel}","templated":true}]}}