{"id":1779,"date":"2023-01-29T14:04:27","date_gmt":"2023-01-29T20:04:27","guid":{"rendered":"https:\/\/omnesbands.international\/?page_id=1779"},"modified":"2023-01-29T14:04:29","modified_gmt":"2023-01-29T20:04:29","slug":"pedro-joaquin-frances-sanjuan-2","status":"publish","type":"page","link":"https:\/\/www.omnesbands.international\/ja\/pedro-joaquin-frances-sanjuan-2\/","title":{"rendered":"\u30da\u30c9\u30ed\u30fb\u30db\u30a2\u30ad\u30f3\u30fb\u30d5\u30e9\u30f3\u30bb\u30b9\u30fb\u30b5\u30f3\u30d5\u30a1\u30f3"},"content":{"rendered":"\n<div class=\"wp-block-uagb-container uagb-block-428a2e69 alignfull uagb-is-root-container\"><div class=\"uagb-container-inner-blocks-wrap\">\n<div class=\"wp-block-uagb-advanced-heading uagb-block-2c0aee61\"><h1 class=\"uagb-heading-text\"><strong>PEDRO JOAQU\u00cdN FRANC\u00c9S SANJU\u00c1N<\/strong><\/h1><\/div>\n<\/div><\/div>\n\n\n\n<div class=\"wp-block-uagb-container uagb-block-4768496e alignfull uagb-is-root-container\"><div class=\"uagb-container-inner-blocks-wrap\">\n<div class=\"wp-block-uagb-container uagb-block-1a377e07\">\n<p>Pedro Joaqu\u00edn Franc\u00e9s Sanju\u00e1n (Beneixama, 3 de marzo de 1951 &#8211; Elda, 24 de julio de 2013) fue un director de orquesta y compositor musical valenciano, autor de diversas marchas y paso-dobles de Moros y cristianos para ser interpretados por banda.<\/p>\n<p>Inici\u00f3 su formaci\u00f3n musical aprendiendo solfeo y percusi\u00f3n en la banda de la Sociedad Musical &#8220;La Paz&#8221; de Beneixama, con Olegario Pastor Alcaraz, que era su director. Posteriormente estudi\u00f3 percusi\u00f3n y piano en los Conservatorios de Villena y Alicante, y armon\u00eda con el compositor villenero Luis Hern\u00e1ndez Navarro. Tambi\u00e9n asisti\u00f3 a cursos de direcci\u00f3n de Bernat Adam Ferrero y Pedro Pirfano, ya uno de t\u00e9cnica coral con Ma. \u00c1ngeles L\u00f3pez \u00c1rtiga.<\/p>\n<p>En 1972 fue nombrado subdirector de la Sociedad Musical &#8220;La Pau&#8221;, con responsabilidad sobre la academia de m\u00fasica de la entidad, hasta que en 1978 tom\u00f3 la direcci\u00f3n de la banda de la asociaci\u00f3n, cargo que mantuvo hasta 1991. Durante este per\u00edodo, adem\u00e1s de la labor formativa de un gran n\u00famero de m\u00fasicos, organiz\u00f3 y catalog\u00f3 el enorme archivo musical de la sociedad y fund\u00f3 y dirigi\u00f3 una Banda juvenil. Adem\u00e1s, consigui\u00f3 que se creara en Beneixama un aula desplazada del Conservatorio de Villena.<\/p>\n<p>De 1993 a 1997 fue el director fundador[1] de la Sociedad Musical &#8220;Ruperto Chap\u00ed&#8221; de Villena.<\/p>\n<p>Dirigi\u00f3 como invitado varias bandas: municipal de Villena, Nueva de Banyeres, Amigos de la M\u00fasica de Jumilla, Uni\u00f3n Musical de Benidorm, banda de Caravaca de la Cruz, Ciudad de As\u00eds de Alicante, Uni\u00f3n Musical Biarense, Uni\u00f3n Musical de Muro, Ateneo Musical de Villajoyosa y la Isla de Benidorm.<\/p>\n<p>Pedro Joaqu\u00edn Franc\u00e9s es autor de m\u00e1s de sesenta composiciones para banda, m\u00fasica festera mayoritariamente, premiada en varios concursos (Alcoy, Benidorm, Bocairent, Callosa d&#8217;en Sarri\u00e0, Ontinyent&#8230;) y grabada en m\u00e1s de cien grabaciones[2] diferentes. Fund\u00f3 la Asociaci\u00f3n de Compositoras de M\u00fasica de Moros y Cristianos y al morir en 2013[3] era el tesorero. Efectu\u00f3 trabajos de investigaci\u00f3n hist\u00f3rica[4] y recopil\u00f3 canciones y temas populares de m\u00fasicos de Beneixama, poblaci\u00f3n que lo distingui\u00f3 con la insignia de oro de la ciudad.<\/p>\n<\/div>\n<\/div><\/div>\n\n\n<div class=\"woocommerce columns-4 \"><ul class=\"products columns-4\">\n<li class=\"desktop-align-left tablet-align-left mobile-align-left ast-product-gallery-layout-horizontal-slider product type-product post-1066 status-publish first instock product_cat-musica-de-calle product_tag-pedro-joaquin-frances-sanjuan has-post-thumbnail downloadable virtual taxable purchasable product-type-simple\">\n\t<a href=\"https:\/\/www.omnesbands.international\/ja\/product\/caballero-halcon\/\" class=\"woocommerce-LoopProduct-link woocommerce-loop-product__link\"><img loading=\"lazy\" decoding=\"async\" width=\"300\" height=\"300\" src=\"https:\/\/www.omnesbands.international\/wp-content\/uploads\/2023\/01\/Caballero-Halcon-300x300.jpg\" class=\"attachment-woocommerce_thumbnail size-woocommerce_thumbnail\" alt=\"Caballero Halc\u00f3n\" srcset=\"https:\/\/www.omnesbands.international\/wp-content\/uploads\/2023\/01\/Caballero-Halcon-300x300.jpg 300w, https:\/\/www.omnesbands.international\/wp-content\/uploads\/2023\/01\/Caballero-Halcon-150x150.jpg 150w, https:\/\/www.omnesbands.international\/wp-content\/uploads\/2023\/01\/Caballero-Halcon-100x100.jpg 100w\" sizes=\"auto, (max-width: 300px) 100vw, 300px\" \/><h2 class=\"woocommerce-loop-product__title\">Caballero Halc\u00f3n<\/h2>\n\t<span class=\"price\"><span class=\"woocommerce-Price-amount amount\"><bdi><span class=\"woocommerce-Price-currencySymbol\">&#36;<\/span>25.00<\/bdi><\/span><\/span>\n<\/a><a href=\"\/ja\/wp-json\/wp\/v2\/pages\/1779?add-to-cart=1066\" aria-describedby=\"woocommerce_loop_add_to_cart_link_describedby_1066\" data-quantity=\"1\" class=\"button product_type_simple add_to_cart_button ajax_add_to_cart \" data-product_id=\"1066\" data-product_sku=\"HAL-CAL-ESP-22\" aria-label=\"\u30ab\u30fc\u30c8\u306b\u8ffd\u52a0: \u300cCaballero Halc\u00f3n\u300d\" rel=\"nofollow\" data-success_message=\"\u300cCaballero Halc\u00f3n\u300d\u3092\u304a\u8cb7\u3044\u7269\u30ab\u30b4\u306b\u8ffd\u52a0\u3057\u307e\u3057\u305f\" role=\"button\">\u304a\u8cb7\u3044\u7269\u30ab\u30b4\u306b\u8ffd\u52a0<\/a>\t<span id=\"woocommerce_loop_add_to_cart_link_describedby_1066\" class=\"screen-reader-text\">\n\t\t\t<\/span>\n<\/li>\n<li class=\"desktop-align-left tablet-align-left mobile-align-left ast-product-gallery-layout-horizontal-slider product type-product post-1077 status-publish instock product_cat-musica-de-calle product_tag-pedro-joaquin-frances-sanjuan has-post-thumbnail downloadable virtual taxable purchasable product-type-simple\">\n\t<a href=\"https:\/\/www.omnesbands.international\/ja\/product\/cid\/\" class=\"woocommerce-LoopProduct-link woocommerce-loop-product__link\"><img loading=\"lazy\" decoding=\"async\" width=\"300\" height=\"300\" src=\"https:\/\/www.omnesbands.international\/wp-content\/uploads\/2023\/01\/CID-300x300.jpg\" class=\"attachment-woocommerce_thumbnail size-woocommerce_thumbnail\" alt=\"Cid\" srcset=\"https:\/\/www.omnesbands.international\/wp-content\/uploads\/2023\/01\/CID-300x300.jpg 300w, https:\/\/www.omnesbands.international\/wp-content\/uploads\/2023\/01\/CID-150x150.jpg 150w, https:\/\/www.omnesbands.international\/wp-content\/uploads\/2023\/01\/CID-100x100.jpg 100w\" sizes=\"auto, (max-width: 300px) 100vw, 300px\" \/><h2 class=\"woocommerce-loop-product__title\">Cid<\/h2>\n\t<span class=\"price\"><span class=\"woocommerce-Price-amount amount\"><bdi><span class=\"woocommerce-Price-currencySymbol\">&#36;<\/span>30.00<\/bdi><\/span><\/span>\n<\/a><a href=\"\/ja\/wp-json\/wp\/v2\/pages\/1779?add-to-cart=1077\" aria-describedby=\"woocommerce_loop_add_to_cart_link_describedby_1077\" data-quantity=\"1\" class=\"button product_type_simple add_to_cart_button ajax_add_to_cart \" data-product_id=\"1077\" data-product_sku=\"CID-CAL-ESP-22\" aria-label=\"\u30ab\u30fc\u30c8\u306b\u8ffd\u52a0: \u300cCid\u300d\" rel=\"nofollow\" data-success_message=\"\u300cCid\u300d\u3092\u304a\u8cb7\u3044\u7269\u30ab\u30b4\u306b\u8ffd\u52a0\u3057\u307e\u3057\u305f\" role=\"button\">\u304a\u8cb7\u3044\u7269\u30ab\u30b4\u306b\u8ffd\u52a0<\/a>\t<span id=\"woocommerce_loop_add_to_cart_link_describedby_1077\" class=\"screen-reader-text\">\n\t\t\t<\/span>\n<\/li>\n<li class=\"desktop-align-left tablet-align-left mobile-align-left ast-product-gallery-layout-horizontal-slider product type-product post-1188 status-publish instock product_cat-musica-de-calle product_tag-pedro-joaquin-frances-sanjuan has-post-thumbnail downloadable virtual taxable purchasable product-type-simple\">\n\t<a href=\"https:\/\/www.omnesbands.international\/ja\/product\/espejismos\/\" class=\"woocommerce-LoopProduct-link woocommerce-loop-product__link\"><img loading=\"lazy\" decoding=\"async\" width=\"300\" height=\"300\" src=\"https:\/\/www.omnesbands.international\/wp-content\/uploads\/2023\/01\/Espejismos-1-300x300.jpg\" class=\"attachment-woocommerce_thumbnail size-woocommerce_thumbnail\" alt=\"Espejismos\" srcset=\"https:\/\/www.omnesbands.international\/wp-content\/uploads\/2023\/01\/Espejismos-1-300x300.jpg 300w, https:\/\/www.omnesbands.international\/wp-content\/uploads\/2023\/01\/Espejismos-1-150x150.jpg 150w, https:\/\/www.omnesbands.international\/wp-content\/uploads\/2023\/01\/Espejismos-1-11x12.jpg 11w, https:\/\/www.omnesbands.international\/wp-content\/uploads\/2023\/01\/Espejismos-1-100x100.jpg 100w\" sizes=\"auto, (max-width: 300px) 100vw, 300px\" \/><h2 class=\"woocommerce-loop-product__title\">Espejismos<\/h2>\n\t<span class=\"price\"><span class=\"woocommerce-Price-amount amount\"><bdi><span class=\"woocommerce-Price-currencySymbol\">&#36;<\/span>25.00<\/bdi><\/span><\/span>\n<\/a><a href=\"\/ja\/wp-json\/wp\/v2\/pages\/1779?add-to-cart=1188\" aria-describedby=\"woocommerce_loop_add_to_cart_link_describedby_1188\" data-quantity=\"1\" class=\"button product_type_simple add_to_cart_button ajax_add_to_cart \" data-product_id=\"1188\" data-product_sku=\"ESP-CAL-ESP-22\" aria-label=\"\u30ab\u30fc\u30c8\u306b\u8ffd\u52a0: \u300cEspejismos\u300d\" rel=\"nofollow\" data-success_message=\"\u300cEspejismos\u300d\u3092\u304a\u8cb7\u3044\u7269\u30ab\u30b4\u306b\u8ffd\u52a0\u3057\u307e\u3057\u305f\" role=\"button\">\u304a\u8cb7\u3044\u7269\u30ab\u30b4\u306b\u8ffd\u52a0<\/a>\t<span id=\"woocommerce_loop_add_to_cart_link_describedby_1188\" class=\"screen-reader-text\">\n\t\t\t<\/span>\n<\/li>\n<li class=\"desktop-align-left tablet-align-left mobile-align-left ast-product-gallery-layout-horizontal-slider product type-product post-1337 status-publish last instock product_cat-pasodobles product_tag-pedro-joaquin-frances-sanjuan has-post-thumbnail downloadable virtual taxable purchasable product-type-simple\">\n\t<a href=\"https:\/\/www.omnesbands.international\/ja\/product\/la-diana-dels-ligeros\/\" class=\"woocommerce-LoopProduct-link woocommerce-loop-product__link\"><img loading=\"lazy\" decoding=\"async\" width=\"300\" height=\"300\" src=\"https:\/\/www.omnesbands.international\/wp-content\/uploads\/2023\/01\/La-Diana-300x300.jpg\" class=\"attachment-woocommerce_thumbnail size-woocommerce_thumbnail\" alt=\"La Diana dels Ligeros\" srcset=\"https:\/\/www.omnesbands.international\/wp-content\/uploads\/2023\/01\/La-Diana-300x300.jpg 300w, https:\/\/www.omnesbands.international\/wp-content\/uploads\/2023\/01\/La-Diana-150x150.jpg 150w, https:\/\/www.omnesbands.international\/wp-content\/uploads\/2023\/01\/La-Diana-100x100.jpg 100w\" sizes=\"auto, (max-width: 300px) 100vw, 300px\" \/><h2 class=\"woocommerce-loop-product__title\">La Diana dels Ligeros<\/h2>\n\t<span class=\"price\"><span class=\"woocommerce-Price-amount amount\"><bdi><span class=\"woocommerce-Price-currencySymbol\">&#36;<\/span>25.00<\/bdi><\/span><\/span>\n<\/a><a href=\"\/ja\/wp-json\/wp\/v2\/pages\/1779?add-to-cart=1337\" aria-describedby=\"woocommerce_loop_add_to_cart_link_describedby_1337\" data-quantity=\"1\" class=\"button product_type_simple add_to_cart_button ajax_add_to_cart \" data-product_id=\"1337\" data-product_sku=\"LAD-PAS-ESP-22\" aria-label=\"\u30ab\u30fc\u30c8\u306b\u8ffd\u52a0: \u300cLa Diana dels Ligeros\u300d\" rel=\"nofollow\" data-success_message=\"\u300cLa Diana dels Ligeros\u300d\u3092\u304a\u8cb7\u3044\u7269\u30ab\u30b4\u306b\u8ffd\u52a0\u3057\u307e\u3057\u305f\" role=\"button\">\u304a\u8cb7\u3044\u7269\u30ab\u30b4\u306b\u8ffd\u52a0<\/a>\t<span id=\"woocommerce_loop_add_to_cart_link_describedby_1337\" class=\"screen-reader-text\">\n\t\t\t<\/span>\n<\/li>\n<li class=\"desktop-align-left tablet-align-left mobile-align-left ast-product-gallery-layout-horizontal-slider product type-product post-1288 status-publish first instock product_cat-musica-de-calle product_tag-pedro-joaquin-frances-sanjuan has-post-thumbnail downloadable virtual taxable purchasable product-type-simple\">\n\t<a href=\"https:\/\/www.omnesbands.international\/ja\/product\/tizona\/\" class=\"woocommerce-LoopProduct-link woocommerce-loop-product__link\"><img loading=\"lazy\" decoding=\"async\" width=\"300\" height=\"300\" src=\"https:\/\/www.omnesbands.international\/wp-content\/uploads\/2023\/01\/Tizona-1-300x300.jpg\" class=\"attachment-woocommerce_thumbnail size-woocommerce_thumbnail\" alt=\"Tizona\" srcset=\"https:\/\/www.omnesbands.international\/wp-content\/uploads\/2023\/01\/Tizona-1-300x300.jpg 300w, https:\/\/www.omnesbands.international\/wp-content\/uploads\/2023\/01\/Tizona-1-150x150.jpg 150w, https:\/\/www.omnesbands.international\/wp-content\/uploads\/2023\/01\/Tizona-1-100x100.jpg 100w\" sizes=\"auto, (max-width: 300px) 100vw, 300px\" \/><h2 class=\"woocommerce-loop-product__title\">Tizona<\/h2>\n\t<span class=\"price\"><span class=\"woocommerce-Price-amount amount\"><bdi><span class=\"woocommerce-Price-currencySymbol\">&#36;<\/span>30.00<\/bdi><\/span><\/span>\n<\/a><a href=\"\/ja\/wp-json\/wp\/v2\/pages\/1779?add-to-cart=1288\" aria-describedby=\"woocommerce_loop_add_to_cart_link_describedby_1288\" data-quantity=\"1\" class=\"button product_type_simple add_to_cart_button ajax_add_to_cart \" data-product_id=\"1288\" data-product_sku=\"TIZ-CAL-ESP-22\" aria-label=\"\u30ab\u30fc\u30c8\u306b\u8ffd\u52a0: \u300cTizona\u300d\" rel=\"nofollow\" data-success_message=\"\u300cTizona\u300d\u3092\u304a\u8cb7\u3044\u7269\u30ab\u30b4\u306b\u8ffd\u52a0\u3057\u307e\u3057\u305f\" role=\"button\">\u304a\u8cb7\u3044\u7269\u30ab\u30b4\u306b\u8ffd\u52a0<\/a>\t<span id=\"woocommerce_loop_add_to_cart_link_describedby_1288\" class=\"screen-reader-text\">\n\t\t\t<\/span>\n<\/li>\n<\/ul>\n<\/div>\n","protected":false},"excerpt":{"rendered":"<p>PEDRO JOAQU\u00cdN FRANC\u00c9S SANJU\u00c1N Pedro Joaqu\u00edn Franc\u00e9s Sanju\u00e1n (Beneixama, 3 de marzo de 1951 &#8211; Elda, 24 de julio de 2013) fue un director de orquesta y compositor musical valenciano, autor de diversas marchas y paso-dobles de Moros y cristianos para ser interpretados por banda. Inici\u00f3 su formaci\u00f3n musical aprendiendo solfeo y percusi\u00f3n en la [&hellip;]<\/p>\n","protected":false},"author":4,"featured_media":0,"parent":0,"menu_order":0,"comment_status":"closed","ping_status":"closed","template":"","meta":{"_acf_changed":false,"_uag_custom_page_level_css":"","site-sidebar-layout":"default","site-content-layout":"","ast-site-content-layout":"default","site-content-style":"default","site-sidebar-style":"default","ast-global-header-display":"","ast-banner-title-visibility":"","ast-main-header-display":"","ast-hfb-above-header-display":"","ast-hfb-below-header-display":"","ast-hfb-mobile-header-display":"","site-post-title":"disabled","ast-breadcrumbs-content":"","ast-featured-img":"","footer-sml-layout":"","ast-disable-related-posts":"","theme-transparent-header-meta":"","adv-header-id-meta":"","stick-header-meta":"","header-above-stick-meta":"","header-main-stick-meta":"","header-below-stick-meta":"","astra-migrate-meta-layouts":"default","ast-page-background-enabled":"default","ast-page-background-meta":{"desktop":{"background-color":"","background-image":"","background-repeat":"repeat","background-position":"center center","background-size":"auto","background-attachment":"scroll","background-type":"","background-media":"","overlay-type":"","overlay-color":"","overlay-opacity":"","overlay-gradient":""},"tablet":{"background-color":"","background-image":"","background-repeat":"repeat","background-position":"center center","background-size":"auto","background-attachment":"scroll","background-type":"","background-media":"","overlay-type":"","overlay-color":"","overlay-opacity":"","overlay-gradient":""},"mobile":{"background-color":"","background-image":"","background-repeat":"repeat","background-position":"center center","background-size":"auto","background-attachment":"scroll","background-type":"","background-media":"","overlay-type":"","overlay-color":"","overlay-opacity":"","overlay-gradient":""}},"ast-content-background-meta":{"desktop":{"background-color":"var(--ast-global-color-5)","background-image":"","background-repeat":"repeat","background-position":"center center","background-size":"auto","background-attachment":"scroll","background-type":"","background-media":"","overlay-type":"","overlay-color":"","overlay-opacity":"","overlay-gradient":""},"tablet":{"background-color":"var(--ast-global-color-5)","background-image":"","background-repeat":"repeat","background-position":"center center","background-size":"auto","background-attachment":"scroll","background-type":"","background-media":"","overlay-type":"","overlay-color":"","overlay-opacity":"","overlay-gradient":""},"mobile":{"background-color":"var(--ast-global-color-5)","background-image":"","background-repeat":"repeat","background-position":"center center","background-size":"auto","background-attachment":"scroll","background-type":"","background-media":"","overlay-type":"","overlay-color":"","overlay-opacity":"","overlay-gradient":""}},"footnotes":""},"class_list":["post-1779","page","type-page","status-publish","hentry"],"acf":[],"yoast_head":"<!-- This site is optimized with the Yoast SEO Premium plugin v22.4 (Yoast SEO v27.4) - https:\/\/yoast.com\/product\/yoast-seo-premium-wordpress\/ -->\n<title>PEDRO JOAQU\u00cdN FRANC\u00c9S SANJU\u00c1N -<\/title>\n<meta name=\"robots\" content=\"index, follow, max-snippet:-1, max-image-preview:large, max-video-preview:-1\" \/>\n<link rel=\"canonical\" href=\"https:\/\/www.omnesbands.international\/ja\/pedro-joaquin-frances-sanjuan-2\/\" \/>\n<meta property=\"og:locale\" content=\"ja_JP\" \/>\n<meta property=\"og:type\" content=\"article\" \/>\n<meta property=\"og:title\" content=\"PEDRO JOAQU\u00cdN FRANC\u00c9S SANJU\u00c1N\" \/>\n<meta property=\"og:description\" content=\"PEDRO JOAQU\u00cdN FRANC\u00c9S SANJU\u00c1N Pedro Joaqu\u00edn Franc\u00e9s Sanju\u00e1n (Beneixama, 3 de marzo de 1951 &#8211; Elda, 24 de julio de 2013) fue un director de orquesta y compositor musical valenciano, autor de diversas marchas y paso-dobles de Moros y cristianos para ser interpretados por banda. Inici\u00f3 su formaci\u00f3n musical aprendiendo solfeo y percusi\u00f3n en la [&hellip;]\" \/>\n<meta property=\"og:url\" content=\"https:\/\/www.omnesbands.international\/ja\/pedro-joaquin-frances-sanjuan-2\/\" \/>\n<meta property=\"article:modified_time\" content=\"2023-01-29T20:04:29+00:00\" \/>\n<meta property=\"og:image\" content=\"https:\/\/www.omnesbands.international\/wp-content\/uploads\/2023\/01\/music-sheet-music-snowdrop-7107045.jpg\" \/>\n\t<meta property=\"og:image:width\" content=\"1280\" \/>\n\t<meta property=\"og:image:height\" content=\"742\" \/>\n\t<meta property=\"og:image:type\" content=\"image\/jpeg\" \/>\n<meta name=\"twitter:card\" content=\"summary_large_image\" \/>\n<meta name=\"twitter:label1\" content=\"\u63a8\u5b9a\u8aad\u307f\u53d6\u308a\u6642\u9593\" \/>\n\t<meta name=\"twitter:data1\" content=\"2\u5206\" \/>\n<script type=\"application\/ld+json\" class=\"yoast-schema-graph\">{\"@context\":\"https:\\\/\\\/schema.org\",\"@graph\":[{\"@type\":\"WebPage\",\"@id\":\"https:\\\/\\\/www.omnesbands.international\\\/en\\\/pedro-joaquin-frances-sanjuan-2\\\/\",\"url\":\"https:\\\/\\\/www.omnesbands.international\\\/en\\\/pedro-joaquin-frances-sanjuan-2\\\/\",\"name\":\"PEDRO JOAQU\u00cdN FRANC\u00c9S SANJU\u00c1N -\",\"isPartOf\":{\"@id\":\"https:\\\/\\\/www.omnesbands.international\\\/#website\"},\"datePublished\":\"2023-01-29T20:04:27+00:00\",\"dateModified\":\"2023-01-29T20:04:29+00:00\",\"breadcrumb\":{\"@id\":\"https:\\\/\\\/www.omnesbands.international\\\/en\\\/pedro-joaquin-frances-sanjuan-2\\\/#breadcrumb\"},\"inLanguage\":\"ja\",\"potentialAction\":[{\"@type\":\"ReadAction\",\"target\":[\"https:\\\/\\\/www.omnesbands.international\\\/en\\\/pedro-joaquin-frances-sanjuan-2\\\/\"]}]},{\"@type\":\"BreadcrumbList\",\"@id\":\"https:\\\/\\\/www.omnesbands.international\\\/en\\\/pedro-joaquin-frances-sanjuan-2\\\/#breadcrumb\",\"itemListElement\":[{\"@type\":\"ListItem\",\"position\":1,\"name\":\"Portada\",\"item\":\"https:\\\/\\\/www.omnesbands.international\\\/\"},{\"@type\":\"ListItem\",\"position\":2,\"name\":\"PEDRO JOAQU\u00cdN FRANC\u00c9S SANJU\u00c1N\"}]},{\"@type\":\"WebSite\",\"@id\":\"https:\\\/\\\/www.omnesbands.international\\\/#website\",\"url\":\"https:\\\/\\\/www.omnesbands.international\\\/\",\"name\":\"OMNESBANDS International\",\"description\":\"Partituras Originales de autores y compositores independientes\",\"publisher\":{\"@id\":\"https:\\\/\\\/www.omnesbands.international\\\/#organization\"},\"potentialAction\":[{\"@type\":\"SearchAction\",\"target\":{\"@type\":\"EntryPoint\",\"urlTemplate\":\"https:\\\/\\\/www.omnesbands.international\\\/?s={search_term_string}\"},\"query-input\":{\"@type\":\"PropertyValueSpecification\",\"valueRequired\":true,\"valueName\":\"search_term_string\"}}],\"inLanguage\":\"ja\"},{\"@type\":\"Organization\",\"@id\":\"https:\\\/\\\/www.omnesbands.international\\\/#organization\",\"name\":\"Indra Consultores Internacionales\",\"alternateName\":\"Omnesbands\",\"url\":\"https:\\\/\\\/www.omnesbands.international\\\/\",\"logo\":{\"@type\":\"ImageObject\",\"inLanguage\":\"ja\",\"@id\":\"https:\\\/\\\/www.omnesbands.international\\\/#\\\/schema\\\/logo\\\/image\\\/\",\"url\":\"https:\\\/\\\/omnesbands.international\\\/wp-content\\\/uploads\\\/2023\\\/06\\\/Logo-Nuevo-.png\",\"contentUrl\":\"https:\\\/\\\/omnesbands.international\\\/wp-content\\\/uploads\\\/2023\\\/06\\\/Logo-Nuevo-.png\",\"width\":394,\"height\":212,\"caption\":\"Indra Consultores Internacionales\"},\"image\":{\"@id\":\"https:\\\/\\\/www.omnesbands.international\\\/#\\\/schema\\\/logo\\\/image\\\/\"}}]}<\/script>\n<!-- \/ Yoast SEO Premium plugin. -->","yoast_head_json":{"title":"PEDRO JOAQU\u00cdN FRANC\u00c9S SANJU\u00c1N -","robots":{"index":"index","follow":"follow","max-snippet":"max-snippet:-1","max-image-preview":"max-image-preview:large","max-video-preview":"max-video-preview:-1"},"canonical":"https:\/\/www.omnesbands.international\/ja\/pedro-joaquin-frances-sanjuan-2\/","og_locale":"ja_JP","og_type":"article","og_title":"PEDRO JOAQU\u00cdN FRANC\u00c9S SANJU\u00c1N","og_description":"PEDRO JOAQU\u00cdN FRANC\u00c9S SANJU\u00c1N Pedro Joaqu\u00edn Franc\u00e9s Sanju\u00e1n (Beneixama, 3 de marzo de 1951 &#8211; Elda, 24 de julio de 2013) fue un director de orquesta y compositor musical valenciano, autor de diversas marchas y paso-dobles de Moros y cristianos para ser interpretados por banda. Inici\u00f3 su formaci\u00f3n musical aprendiendo solfeo y percusi\u00f3n en la [&hellip;]","og_url":"https:\/\/www.omnesbands.international\/ja\/pedro-joaquin-frances-sanjuan-2\/","article_modified_time":"2023-01-29T20:04:29+00:00","og_image":[{"width":1280,"height":742,"url":"https:\/\/www.omnesbands.international\/wp-content\/uploads\/2023\/01\/music-sheet-music-snowdrop-7107045.jpg","type":"image\/jpeg"}],"twitter_card":"summary_large_image","twitter_misc":{"\u63a8\u5b9a\u8aad\u307f\u53d6\u308a\u6642\u9593":"2\u5206"},"schema":{"@context":"https:\/\/schema.org","@graph":[{"@type":"WebPage","@id":"https:\/\/www.omnesbands.international\/en\/pedro-joaquin-frances-sanjuan-2\/","url":"https:\/\/www.omnesbands.international\/en\/pedro-joaquin-frances-sanjuan-2\/","name":"PEDRO JOAQU\u00cdN FRANC\u00c9S SANJU\u00c1N -","isPartOf":{"@id":"https:\/\/www.omnesbands.international\/#website"},"datePublished":"2023-01-29T20:04:27+00:00","dateModified":"2023-01-29T20:04:29+00:00","breadcrumb":{"@id":"https:\/\/www.omnesbands.international\/en\/pedro-joaquin-frances-sanjuan-2\/#breadcrumb"},"inLanguage":"ja","potentialAction":[{"@type":"ReadAction","target":["https:\/\/www.omnesbands.international\/en\/pedro-joaquin-frances-sanjuan-2\/"]}]},{"@type":"BreadcrumbList","@id":"https:\/\/www.omnesbands.international\/en\/pedro-joaquin-frances-sanjuan-2\/#breadcrumb","itemListElement":[{"@type":"ListItem","position":1,"name":"Portada","item":"https:\/\/www.omnesbands.international\/"},{"@type":"ListItem","position":2,"name":"PEDRO JOAQU\u00cdN FRANC\u00c9S SANJU\u00c1N"}]},{"@type":"WebSite","@id":"https:\/\/www.omnesbands.international\/#website","url":"https:\/\/www.omnesbands.international\/","name":"OMNESBANDS International","description":"\u72ec\u7acb\u3057\u305f\u4f5c\u5bb6\u3084\u4f5c\u66f2\u5bb6\u306b\u3088\u308b\u30aa\u30ea\u30b8\u30ca\u30eb\u306e\u697d\u8b5c","publisher":{"@id":"https:\/\/www.omnesbands.international\/#organization"},"potentialAction":[{"@type":"SearchAction","target":{"@type":"EntryPoint","urlTemplate":"https:\/\/www.omnesbands.international\/?s={search_term_string}"},"query-input":{"@type":"PropertyValueSpecification","valueRequired":true,"valueName":"search_term_string"}}],"inLanguage":"ja"},{"@type":"Organization","@id":"https:\/\/www.omnesbands.international\/#organization","name":"\u30a4\u30f3\u30c9\u30e9\u56fd\u969b\u30b3\u30f3\u30b5\u30eb\u30bf\u30f3\u30c8","alternateName":"Omnesbands","url":"https:\/\/www.omnesbands.international\/","logo":{"@type":"ImageObject","inLanguage":"ja","@id":"https:\/\/www.omnesbands.international\/#\/schema\/logo\/image\/","url":"https:\/\/omnesbands.international\/wp-content\/uploads\/2023\/06\/Logo-Nuevo-.png","contentUrl":"https:\/\/omnesbands.international\/wp-content\/uploads\/2023\/06\/Logo-Nuevo-.png","width":394,"height":212,"caption":"Indra Consultores Internacionales"},"image":{"@id":"https:\/\/www.omnesbands.international\/#\/schema\/logo\/image\/"}}]}},"uagb_featured_image_src":{"full":false,"thumbnail":false,"medium":false,"medium_large":false,"large":false,"1536x1536":false,"2048x2048":false,"trp-custom-language-flag":false,"gg_gallery_thumbnail":false,"woocommerce_thumbnail":false,"woocommerce_single":false,"woocommerce_gallery_thumbnail":false},"uagb_author_info":{"display_name":"Melvin R. Portillo A:","author_link":"https:\/\/www.omnesbands.international\/ja\/author\/portand\/"},"uagb_comment_info":0,"uagb_excerpt":"PEDRO JOAQU\u00cdN FRANC\u00c9S SANJU\u00c1N Pedro Joaqu\u00edn Franc\u00e9s Sanju\u00e1n (Beneixama, 3 de marzo de 1951 &#8211; Elda, 24 de julio de 2013) fue un director de orquesta y compositor musical valenciano, autor de diversas marchas y paso-dobles de Moros y cristianos para ser interpretados por banda. Inici\u00f3 su formaci\u00f3n musical aprendiendo solfeo y percusi\u00f3n en la&hellip;","_links":{"self":[{"href":"https:\/\/www.omnesbands.international\/ja\/wp-json\/wp\/v2\/pages\/1779","targetHints":{"allow":["GET"]}}],"collection":[{"href":"https:\/\/www.omnesbands.international\/ja\/wp-json\/wp\/v2\/pages"}],"about":[{"href":"https:\/\/www.omnesbands.international\/ja\/wp-json\/wp\/v2\/types\/page"}],"author":[{"embeddable":true,"href":"https:\/\/www.omnesbands.international\/ja\/wp-json\/wp\/v2\/users\/4"}],"replies":[{"embeddable":true,"href":"https:\/\/www.omnesbands.international\/ja\/wp-json\/wp\/v2\/comments?post=1779"}],"version-history":[{"count":1,"href":"https:\/\/www.omnesbands.international\/ja\/wp-json\/wp\/v2\/pages\/1779\/revisions"}],"predecessor-version":[{"id":1780,"href":"https:\/\/www.omnesbands.international\/ja\/wp-json\/wp\/v2\/pages\/1779\/revisions\/1780"}],"wp:attachment":[{"href":"https:\/\/www.omnesbands.international\/ja\/wp-json\/wp\/v2\/media?parent=1779"}],"curies":[{"name":"wp","href":"https:\/\/api.w.org\/{rel}","templated":true}]}}