{"id":1787,"date":"2023-01-29T14:31:19","date_gmt":"2023-01-29T20:31:19","guid":{"rendered":"https:\/\/omnesbands.international\/?page_id=1787"},"modified":"2023-01-29T14:31:21","modified_gmt":"2023-01-29T20:31:21","slug":"salva-lujan-2","status":"publish","type":"page","link":"https:\/\/www.omnesbands.international\/ja\/salva-lujan-2\/","title":{"rendered":"\u30eb\u30b8\u30e3\u30f3\u3092\u6551\u3048"},"content":{"rendered":"<div class=\"wp-block-uagb-container uagb-block-a7b23003 alignfull uagb-is-root-container\"><div class=\"uagb-container-inner-blocks-wrap\">\n<div class=\"wp-block-uagb-advanced-heading uagb-block-70312929\"><h1 class=\"uagb-heading-text\"><strong>\u30eb\u30b8\u30e3\u30f3\u3092\u6551\u3048<\/strong><\/h1><\/div>\n<\/div><\/div>\n\n\n\n<div class=\"wp-block-uagb-container uagb-block-06d72329 alignfull uagb-is-root-container\"><div class=\"uagb-container-inner-blocks-wrap\">\n<div class=\"wp-block-uagb-container uagb-block-776c9fb9\">\n<p>\u30b5\u30eb\u30d0\u30fb\u30eb\u30cf\u30f3\u306f\u30d0\u30ec\u30f3\u30b7\u30a2\uff08\u30b9\u30da\u30a4\u30f3\uff09\u751f\u307e\u308c\u306e\u4f5c\u66f2\u5bb6\u517c\u6307\u63ee\u8005\u3067\u3059\u3002\u5f7c\u306f\u30ab\u30b9\u30c6\u30ea\u30e7\u30f3\u306e\u300c\u30b5\u30eb\u30d0\u30c9\u30fc\u30eb\u30fb\u30bb\u30ae\u300d\u9ad8\u7b49\u97f3\u697d\u9662\u3067\u4f5c\u66f2\u306e\u6559\u6388\u3068\u3057\u3066\u6559\u97ad\u3092\u3068\u308a\u3001\u30a2\u30e8\u30ec\u30f3\u30bb\u97f3\u697d\u5354\u4f1a\u306e\u7406\u4e8b\u9577\u3092\u52d9\u3081\u3001\u307e\u305f\u30d0\u30ec\u30f3\u30b7\u30a2\u5171\u540c\u4f53\u4ea4\u97ff\u4f5c\u66f2\u5bb6\u5354\u4f1a\uff08COSICOVA\uff09\u306e\u7406\u4e8b\u3082\u52d9\u3081\u3066\u3044\u307e\u3059\u3002<\/p>\n<p>\u30b5\u30eb\u30d0\u306f\u5e7c\u3044\u9803\u304b\u3089\u30b3\u30df\u30e5\u30cb\u30b1\u30fc\u30b7\u30e7\u30f3\u306e\u5fc5\u8981\u6027\u3092\u5e38\u306b\u611f\u3058\u3066\u304a\u308a\u3001\u5e7c\u3044\u9803\u304b\u3089\u30d4\u30a2\u30ce\u3092\u7fd2\u3063\u3066\u3044\u305f\u7d4c\u9a13\u304b\u3089\u3001\u81ea\u7136\u3068\u97f3\u697d\u3092\u901a\u3058\u3066\u30b3\u30df\u30e5\u30cb\u30b1\u30fc\u30b7\u30e7\u30f3\u3092\u3068\u308b\u3053\u3068\u304c\u3067\u304d\u307e\u3057\u305f\u3002\u5f7c\u306e\u4f5c\u66f2\u3078\u306e\u8208\u5473\u306f\u9752\u5e74\u671f\u306b\u57f9\u308f\u308c\u3001\u5e2b\u3067\u3042\u308a\u53cb\u4eba\u3067\u3042\u308b\u30df\u30b2\u30eb\u30fb\u30a2\u30f3\u30d8\u30eb\u30fb\u30de\u30c6\u30a6\u304b\u3089\u30cf\u30fc\u30e2\u30cb\u30fc\u3092\u5b66\u3076\u3053\u3068\u3067\u3001\u5f93\u6765\u3068\u306f\u7570\u306a\u308b\u8996\u70b9\u304b\u3089\u97f3\u697d\u3092\u7406\u89e3\u3059\u308b\u3088\u3046\u306b\u306a\u308a\u307e\u3057\u305f\u3002<\/p>\n<p>\u97f3\u697d\u82b8\u8853\u306b\u5bfe\u3059\u308b\u5f7c\u306e\u60c5\u71b1\u3068\u5275\u9020\u6027\u3092\u3055\u3089\u306b\u767a\u5c55\u3055\u305b\u305f\u3044\u3068\u3044\u3046\u9858\u671b\u306b\u3088\u308a\u3001\u5f7c\u306f\u3044\u304f\u3064\u304b\u306e\u97f3\u697d\u9662\u3067\u8a13\u7df4\u3092\u53d7\u3051\u3001\u305d\u3053\u3067\u97f3\u697d\u7406\u8ad6\u3001\u97f3\u697d\u7406\u8ad6\u3001\u6094\u3044\u6539\u3081\u3001\u79fb\u8abf\u3001\u30d4\u30a2\u30ce\u306e\u6559\u6388\u306e\u79f0\u53f7\u3092\u53d6\u5f97\u3057\u307e\u3057\u305f\u3002\u3053\u306e\u30c8\u30ec\u30fc\u30cb\u30f3\u30b0\u306f\u3001\u5f8c\u306b\u30d0\u30ec\u30f3\u30b7\u30a2\u56fd\u969b\u5927\u5b66\u3067\u4f5c\u66f2\u3068\u30aa\u30fc\u30b1\u30b9\u30c8\u30ec\u30fc\u30b7\u30e7\u30f3\u306e\u9ad8\u7b49\u5b66\u4f4d\u3068\u97f3\u697d\u7814\u7a76\u306e\u4fee\u58eb\u53f7\u3092\u53d6\u5f97\u3059\u308b\u3053\u3068\u3067\u88dc\u5b8c\u3055\u308c\u307e\u3059\u3002<\/p>\n<p>\u8a13\u7df4\u3092\u7d42\u3048\u305f\u30b5\u30eb\u30d0\u306f\u3001\u5275\u9020\u7684\u306a\u4ed5\u4e8b\u3092 1 \u3064\u306e\u76ee\u6a19\u306b\u96c6\u4e2d\u3055\u305b\u307e\u3057\u305f\u3002\u97f3\u697d\u306b\u8272\u3068\u308a\u3069\u308a\u306e\u30d7\u30ea\u30ba\u30e0\u3092\u63d0\u4f9b\u3059\u308b\u3053\u3068\u3067\u3001\u97f3\u697d\u306e\u611f\u60c5\u7684\u4fa1\u5024\u3092\u4f1d\u3048\u3001\u9ad8\u3081\u3001\u6700\u7d42\u7684\u306b\u4e3b\u306a\u53d7\u4fe1\u8005\u3067\u3042\u308b\u5927\u8846\u306b\u3068\u3063\u3066\u97f3\u697d\u3092\u9b45\u529b\u7684\u3067\u3001\u5fc3\u306b\u97ff\u304d\u3001\u6c38\u9060\u306e\u3082\u306e\u306b\u3059\u308b\u3002<\/p>\n<p>\u4eca\u65e5\u3001\u5439\u594f\u697d\u306e\u305f\u3081\u306e\u97f3\u697d\u304c\u4e3b\u6d41\u3067\u3042\u308b\u5f7c\u5973\u306e\u4f5c\u54c1\u306f\u3001\u30a8\u30a6\u30c6\u30eb\u30da\u8cde (2009 \u5e74) \u306b\u30ce\u30df\u30cd\u30fc\u30c8\u3055\u308c\u3001\u7b2c 3 \u56de\u30a4\u30d9\u30ed\u30fb\u30a2\u30e1\u30ea\u30ab\u30f3\u4f5c\u66f2\u8cde\u306a\u3069\u306e\u56fd\u5185\u5916\u306e\u6570\u591a\u304f\u306e\u4f5c\u66f2\u30b3\u30f3\u30af\u30fc\u30eb\u3067\u53d7\u8cde\u3057\u3066\u3044\u308b\u3060\u3051\u3067\u306a\u304f\u3001\u591a\u304f\u306e\u56fd\u3067\u6f14\u594f\u304a\u3088\u3073\u7814\u7a76\u3055\u308c\u3066\u3044\u307e\u3059\u3002\u30ac\u30ea\u30b7\u30a2\u306e\u30b3\u30f3\u30af\u30fc\u30eb\u300c\u30f4\u30a3\u30e9\u30fb\u30c7\u30fb\u30aa\u30eb\u30c6\u30a3\u30b2\u30a4\u30e9\u300d\uff082010\u5e74\uff09\u3001\u30d9\u30eb\u30c6\u30a3\u30aa\u30fc\u30ed\u306eIV\u56fd\u969b\u4f5c\u66f2\u30b3\u30f3\u30af\u30fc\u30eb\u300c\u30e9\u30fb\u30d7\u30e9\u30a4\u30e0\u30fb\u30eb\u30fc\u30b9\u300d\uff08\u30a4\u30bf\u30ea\u30a2\u30012013\u5e74\uff09\u3001\u307e\u305f\u306f\u30df\u30e5\u30fc\u30b8\u30ab\u30eb\u90e8\u9580\u306e\u30d5\u30a3\u30c7\u30a6\u97f3\u697d\u8cde\u300c\u5275\u4f5c\u300d\u90e8\u9580\uff082021\u5e74\uff09\u306a\u3069\u3002<\/p>\n<p>\u4f5c\u66f2\u5bb6\u304a\u3088\u3073\u6559\u5e2b\u3068\u3057\u3066\u306e\u5f79\u5272\u3068\u540c\u6642\u306b\u3001\u6559\u5e2b\u30e4\u30f3\u30fb\u30b3\u30fc\u30d0\u30fc\u3001\u30db\u30bb\u30fb\u30e9\u30d5\u30a1\u30a8\u30eb\u30fb\u30d1\u30b9\u30af\u30a2\u30eb\u30fb\u30f4\u30a3\u30e9\u30d7\u30e9\u30ca\u3001\u30d5\u30a7\u30ec\u30fc\u30eb\u30fb\u30d5\u30a7\u30e9\u30f3\u306e\u76e3\u7763\u306e\u3082\u3068\u3067\u8a13\u7df4\u3092\u53d7\u3051\u305f\u6307\u63ee\u8005\u3068\u3057\u3066\u306e\u4ed5\u4e8b\u306f\u5e83\u304f\u8a8d\u3081\u3089\u308c\u3001\u53d7\u8cde\u3057\u3066\u3044\u307e\u3059\u3002\u305d\u306e\u4e2d\u3067\u3082\u7279\u306b\u969b\u7acb\u3063\u3066\u3044\u308b\u306e\u306f\u3001\u30b7\u30a6\u30c0\u30fc\u30fb\u30ec\u30a2\u30eb\u3067\u958b\u50ac\u3055\u308c\u305f\u7b2c1\u56de\u56fd\u7acb\u97f3\u697d\u697d\u56e3\u6307\u63ee\u30b3\u30f3\u30af\u30fc\u30eb\u300c\u30af\u30a8\u30d0\u30fb\u30c7\u30fb\u30e1\u30c9\u30e9\u30ce\u300d\uff082008\u5e74\uff09\u306e\u512a\u52dd\u8005\u3067\u3042\u308a\u3001\u307e\u305f\u3001\u7b2c2\u90e8\u9580\u306e\u7b2c1\u4f4d\uff08\u4f73\u4f5c\uff09\u306a\u3069\u3001\u3055\u307e\u3056\u307e\u306a\u30b3\u30f3\u30af\u30fc\u30eb\u3067\u6570\u3005\u306e\u8cde\u3092\u53d7\u8cde\u3057\u3066\u3044\u308b\u3002 2014\u5e74\u306b\u306f\u300c\u30b7\u30a6\u30bf\u30c3\u30c8\u30fb\u30c7\u30fb\u30d0\u30ec\u30f3\u30b7\u30a2\u300d\u56fd\u969b\u30d0\u30f3\u30c9\u30b3\u30f3\u30c6\u30b9\u30c8\u306b\u51fa\u5834\u3002\u3053\u306e\u5206\u91ce\u3067\u512a\u79c0\u306b\u306a\u308b\u306b\u306f\u7d99\u7d9a\u7684\u306a\u30c8\u30ec\u30fc\u30cb\u30f3\u30b0\u304c\u5fc5\u8981\u3067\u3042\u308b\u3053\u3068\u3092\u8a8d\u8b58\u3057\u3066\u304a\u308a\u3001\u307b\u307c20\u5e74\u306e\u7d4c\u9a13\u304c\u3042\u308b\u306b\u3082\u304b\u304b\u308f\u3089\u305a\u3001\u30df\u30b1\u30eb\u30fb\u30ed\u30c9\u30ea\u30b4\u30fb\u30a4\u30fb\u30bf\u30de\u30ea\u30c3\u30c8\u306a\u3069\u306e\u56fd\u969b\u7684\u306b\u6709\u540d\u306a\u6559\u5e2b\u3068\u3068\u3082\u306b\u97f3\u697d\u306e\u63a2\u6c42\u3092\u7d9a\u3051\u3066\u3044\u308b\u3002 <br \/><br \/>\u73fe\u5728\u3001\u30b5\u30eb\u30d0\u306f\u97f3\u697d\u306e\u305f\u3081\u306b\u751f\u304d\u3001\u6d3b\u52d5\u3057\u3066\u304a\u308a\u3001\u7b2c39\u56de\u30d0\u30ec\u30f3\u30b7\u30a2\u30b3\u30df\u30e5\u30cb\u30c6\u30a3\u97f3\u697d\u30d0\u30f3\u30c9\u30b3\u30f3\u30c6\u30b9\u30c8\u306a\u3069\u306e\u3055\u307e\u3056\u307e\u306a\u30b3\u30f3\u30af\u30fc\u30eb\u3067\u5be9\u67fb\u54e1\u3068\u3057\u3066\u4f9d\u983c\u3055\u308c\u3066\u3044\u308b\u307b\u304b\u3001\u5e02\u697d\u56e3\u306a\u3069\u306e\u6570\u591a\u304f\u306e\u97f3\u697d\u30b0\u30eb\u30fc\u30d7\u3067\u30d7\u30ec\u30bc\u30f3\u30c6\u30fc\u30b7\u30e7\u30f3\u3084\u81ea\u8eab\u306e\u97f3\u697d\u306e\u6307\u63ee\u3092\u4f9d\u983c\u3055\u308c\u3066\u3044\u308b\u3002\u30e0\u30eb\u30b5\uff08\u30dd\u30eb\u30c8\u30ac\u30eb\uff09\u3001\u30a2\u30eb\u30e2\u30cb\u30fc\u5e02\u7acb\u30c9\u30eb\u30c6\u30b9\uff08\u30d5\u30e9\u30f3\u30b9\uff09\u3001\u30de\u30e8\u30eb\u30ab\u5cf6\u30de\u30e9\u30c4\u30a3\u5e02\u7acb\u97f3\u697d\u968a\uff08\u30b9\u30da\u30a4\u30f3\uff09\u306a\u3069\u3002\u4f5c\u66f2\u9762\u3067\u306f\u3001\u4eca\u5f8c 2 \u5e74\u9593\u306b\u30ea\u30ea\u30fc\u30b9\u3055\u308c\u308b\u3055\u307e\u3056\u307e\u306a\u4f9d\u983c\u3092\u53d7\u3051\u3066\u3044\u307e\u3059\u3002<\/p>\n<\/div>\n<\/div><\/div>\n\n\n<div class=\"woocommerce columns-4\"><\/div>","protected":false},"excerpt":{"rendered":"<p>SALVA LUJ\u00c1N SALVA LUJ\u00c1N es un compositor y director nacido en Valencia (Espa\u00f1a). Imparte docencia como catedr\u00e1tico de Composici\u00f3n en el Conservatorio Superior \u00abSalvador Segu\u00ed\u00bb de Castell\u00f3n, es director titular de la Sociedad Musical Ayorense y, a su vez, miembro directivo de la Asociaci\u00f3n de Compositores Sinf\u00f3nicos de la Comunidad Valenciana (COSICOVA). Desde la infancia, [&hellip;]<\/p>\n","protected":false},"author":4,"featured_media":0,"parent":0,"menu_order":0,"comment_status":"closed","ping_status":"closed","template":"","meta":{"_acf_changed":false,"_uag_custom_page_level_css":"","site-sidebar-layout":"default","site-content-layout":"","ast-site-content-layout":"default","site-content-style":"default","site-sidebar-style":"default","ast-global-header-display":"","ast-banner-title-visibility":"","ast-main-header-display":"","ast-hfb-above-header-display":"","ast-hfb-below-header-display":"","ast-hfb-mobile-header-display":"","site-post-title":"disabled","ast-breadcrumbs-content":"","ast-featured-img":"","footer-sml-layout":"","ast-disable-related-posts":"","theme-transparent-header-meta":"","adv-header-id-meta":"","stick-header-meta":"","header-above-stick-meta":"","header-main-stick-meta":"","header-below-stick-meta":"","astra-migrate-meta-layouts":"default","ast-page-background-enabled":"default","ast-page-background-meta":{"desktop":{"background-color":"","background-image":"","background-repeat":"repeat","background-position":"center center","background-size":"auto","background-attachment":"scroll","background-type":"","background-media":"","overlay-type":"","overlay-color":"","overlay-opacity":"","overlay-gradient":""},"tablet":{"background-color":"","background-image":"","background-repeat":"repeat","background-position":"center center","background-size":"auto","background-attachment":"scroll","background-type":"","background-media":"","overlay-type":"","overlay-color":"","overlay-opacity":"","overlay-gradient":""},"mobile":{"background-color":"","background-image":"","background-repeat":"repeat","background-position":"center center","background-size":"auto","background-attachment":"scroll","background-type":"","background-media":"","overlay-type":"","overlay-color":"","overlay-opacity":"","overlay-gradient":""}},"ast-content-background-meta":{"desktop":{"background-color":"var(--ast-global-color-5)","background-image":"","background-repeat":"repeat","background-position":"center center","background-size":"auto","background-attachment":"scroll","background-type":"","background-media":"","overlay-type":"","overlay-color":"","overlay-opacity":"","overlay-gradient":""},"tablet":{"background-color":"var(--ast-global-color-5)","background-image":"","background-repeat":"repeat","background-position":"center center","background-size":"auto","background-attachment":"scroll","background-type":"","background-media":"","overlay-type":"","overlay-color":"","overlay-opacity":"","overlay-gradient":""},"mobile":{"background-color":"var(--ast-global-color-5)","background-image":"","background-repeat":"repeat","background-position":"center center","background-size":"auto","background-attachment":"scroll","background-type":"","background-media":"","overlay-type":"","overlay-color":"","overlay-opacity":"","overlay-gradient":""}},"footnotes":""},"class_list":["post-1787","page","type-page","status-publish","hentry"],"acf":[],"yoast_head":"<!-- This site is optimized with the Yoast SEO Premium plugin v22.4 (Yoast SEO v27.4) - https:\/\/yoast.com\/product\/yoast-seo-premium-wordpress\/ -->\n<title>SALVA LUJ\u00c1N -<\/title>\n<meta name=\"robots\" content=\"index, follow, max-snippet:-1, max-image-preview:large, max-video-preview:-1\" \/>\n<link rel=\"canonical\" href=\"https:\/\/www.omnesbands.international\/ja\/salva-lujan-2\/\" \/>\n<meta property=\"og:locale\" content=\"ja_JP\" \/>\n<meta property=\"og:type\" content=\"article\" \/>\n<meta property=\"og:title\" content=\"SALVA LUJ\u00c1N\" \/>\n<meta property=\"og:description\" content=\"SALVA LUJ\u00c1N SALVA LUJ\u00c1N es un compositor y director nacido en Valencia (Espa\u00f1a). Imparte docencia como catedr\u00e1tico de Composici\u00f3n en el Conservatorio Superior \u00abSalvador Segu\u00ed\u00bb de Castell\u00f3n, es director titular de la Sociedad Musical Ayorense y, a su vez, miembro directivo de la Asociaci\u00f3n de Compositores Sinf\u00f3nicos de la Comunidad Valenciana (COSICOVA). Desde la infancia, [&hellip;]\" \/>\n<meta property=\"og:url\" content=\"https:\/\/www.omnesbands.international\/ja\/salva-lujan-2\/\" \/>\n<meta property=\"article:modified_time\" content=\"2023-01-29T20:31:21+00:00\" \/>\n<meta property=\"og:image\" content=\"https:\/\/www.omnesbands.international\/wp-content\/uploads\/2023\/01\/music-sheet-music-snowdrop-7107045.jpg\" \/>\n\t<meta property=\"og:image:width\" content=\"1280\" \/>\n\t<meta property=\"og:image:height\" content=\"742\" \/>\n\t<meta property=\"og:image:type\" content=\"image\/jpeg\" \/>\n<meta name=\"twitter:card\" content=\"summary_large_image\" \/>\n<meta name=\"twitter:label1\" content=\"\u63a8\u5b9a\u8aad\u307f\u53d6\u308a\u6642\u9593\" \/>\n\t<meta name=\"twitter:data1\" content=\"3\u5206\" \/>\n<script type=\"application\/ld+json\" class=\"yoast-schema-graph\">{\"@context\":\"https:\\\/\\\/schema.org\",\"@graph\":[{\"@type\":\"WebPage\",\"@id\":\"https:\\\/\\\/www.omnesbands.international\\\/salva-lujan-2\\\/\",\"url\":\"https:\\\/\\\/www.omnesbands.international\\\/salva-lujan-2\\\/\",\"name\":\"SALVA LUJ\u00c1N -\",\"isPartOf\":{\"@id\":\"https:\\\/\\\/www.omnesbands.international\\\/#website\"},\"datePublished\":\"2023-01-29T20:31:19+00:00\",\"dateModified\":\"2023-01-29T20:31:21+00:00\",\"breadcrumb\":{\"@id\":\"https:\\\/\\\/www.omnesbands.international\\\/salva-lujan-2\\\/#breadcrumb\"},\"inLanguage\":\"ja\",\"potentialAction\":[{\"@type\":\"ReadAction\",\"target\":[\"https:\\\/\\\/www.omnesbands.international\\\/salva-lujan-2\\\/\"]}]},{\"@type\":\"BreadcrumbList\",\"@id\":\"https:\\\/\\\/www.omnesbands.international\\\/salva-lujan-2\\\/#breadcrumb\",\"itemListElement\":[{\"@type\":\"ListItem\",\"position\":1,\"name\":\"Portada\",\"item\":\"https:\\\/\\\/www.omnesbands.international\\\/\"},{\"@type\":\"ListItem\",\"position\":2,\"name\":\"SALVA LUJ\u00c1N\"}]},{\"@type\":\"WebSite\",\"@id\":\"https:\\\/\\\/www.omnesbands.international\\\/#website\",\"url\":\"https:\\\/\\\/www.omnesbands.international\\\/\",\"name\":\"OMNESBANDS International\",\"description\":\"Partituras Originales de autores y compositores independientes\",\"publisher\":{\"@id\":\"https:\\\/\\\/www.omnesbands.international\\\/#organization\"},\"potentialAction\":[{\"@type\":\"SearchAction\",\"target\":{\"@type\":\"EntryPoint\",\"urlTemplate\":\"https:\\\/\\\/www.omnesbands.international\\\/?s={search_term_string}\"},\"query-input\":{\"@type\":\"PropertyValueSpecification\",\"valueRequired\":true,\"valueName\":\"search_term_string\"}}],\"inLanguage\":\"ja\"},{\"@type\":\"Organization\",\"@id\":\"https:\\\/\\\/www.omnesbands.international\\\/#organization\",\"name\":\"Indra Consultores Internacionales\",\"alternateName\":\"Omnesbands\",\"url\":\"https:\\\/\\\/www.omnesbands.international\\\/\",\"logo\":{\"@type\":\"ImageObject\",\"inLanguage\":\"ja\",\"@id\":\"https:\\\/\\\/www.omnesbands.international\\\/#\\\/schema\\\/logo\\\/image\\\/\",\"url\":\"https:\\\/\\\/omnesbands.international\\\/wp-content\\\/uploads\\\/2023\\\/06\\\/Logo-Nuevo-.png\",\"contentUrl\":\"https:\\\/\\\/omnesbands.international\\\/wp-content\\\/uploads\\\/2023\\\/06\\\/Logo-Nuevo-.png\",\"width\":394,\"height\":212,\"caption\":\"Indra Consultores Internacionales\"},\"image\":{\"@id\":\"https:\\\/\\\/www.omnesbands.international\\\/#\\\/schema\\\/logo\\\/image\\\/\"}}]}<\/script>\n<!-- \/ Yoast SEO Premium plugin. -->","yoast_head_json":{"title":"SALVA LUJ\u00c1N -","robots":{"index":"index","follow":"follow","max-snippet":"max-snippet:-1","max-image-preview":"max-image-preview:large","max-video-preview":"max-video-preview:-1"},"canonical":"https:\/\/www.omnesbands.international\/ja\/salva-lujan-2\/","og_locale":"ja_JP","og_type":"article","og_title":"SALVA LUJ\u00c1N","og_description":"SALVA LUJ\u00c1N SALVA LUJ\u00c1N es un compositor y director nacido en Valencia (Espa\u00f1a). Imparte docencia como catedr\u00e1tico de Composici\u00f3n en el Conservatorio Superior \u00abSalvador Segu\u00ed\u00bb de Castell\u00f3n, es director titular de la Sociedad Musical Ayorense y, a su vez, miembro directivo de la Asociaci\u00f3n de Compositores Sinf\u00f3nicos de la Comunidad Valenciana (COSICOVA). Desde la infancia, [&hellip;]","og_url":"https:\/\/www.omnesbands.international\/ja\/salva-lujan-2\/","article_modified_time":"2023-01-29T20:31:21+00:00","og_image":[{"width":1280,"height":742,"url":"https:\/\/www.omnesbands.international\/wp-content\/uploads\/2023\/01\/music-sheet-music-snowdrop-7107045.jpg","type":"image\/jpeg"}],"twitter_card":"summary_large_image","twitter_misc":{"\u63a8\u5b9a\u8aad\u307f\u53d6\u308a\u6642\u9593":"3\u5206"},"schema":{"@context":"https:\/\/schema.org","@graph":[{"@type":"WebPage","@id":"https:\/\/www.omnesbands.international\/salva-lujan-2\/","url":"https:\/\/www.omnesbands.international\/salva-lujan-2\/","name":"SALVA LUJ\u00c1N -","isPartOf":{"@id":"https:\/\/www.omnesbands.international\/#website"},"datePublished":"2023-01-29T20:31:19+00:00","dateModified":"2023-01-29T20:31:21+00:00","breadcrumb":{"@id":"https:\/\/www.omnesbands.international\/salva-lujan-2\/#breadcrumb"},"inLanguage":"ja","potentialAction":[{"@type":"ReadAction","target":["https:\/\/www.omnesbands.international\/salva-lujan-2\/"]}]},{"@type":"BreadcrumbList","@id":"https:\/\/www.omnesbands.international\/salva-lujan-2\/#breadcrumb","itemListElement":[{"@type":"ListItem","position":1,"name":"Portada","item":"https:\/\/www.omnesbands.international\/"},{"@type":"ListItem","position":2,"name":"SALVA LUJ\u00c1N"}]},{"@type":"WebSite","@id":"https:\/\/www.omnesbands.international\/#website","url":"https:\/\/www.omnesbands.international\/","name":"OMNESBANDS International","description":"\u72ec\u7acb\u3057\u305f\u4f5c\u5bb6\u3084\u4f5c\u66f2\u5bb6\u306b\u3088\u308b\u30aa\u30ea\u30b8\u30ca\u30eb\u306e\u697d\u8b5c","publisher":{"@id":"https:\/\/www.omnesbands.international\/#organization"},"potentialAction":[{"@type":"SearchAction","target":{"@type":"EntryPoint","urlTemplate":"https:\/\/www.omnesbands.international\/?s={search_term_string}"},"query-input":{"@type":"PropertyValueSpecification","valueRequired":true,"valueName":"search_term_string"}}],"inLanguage":"ja"},{"@type":"Organization","@id":"https:\/\/www.omnesbands.international\/#organization","name":"\u30a4\u30f3\u30c9\u30e9\u56fd\u969b\u30b3\u30f3\u30b5\u30eb\u30bf\u30f3\u30c8","alternateName":"Omnesbands","url":"https:\/\/www.omnesbands.international\/","logo":{"@type":"ImageObject","inLanguage":"ja","@id":"https:\/\/www.omnesbands.international\/#\/schema\/logo\/image\/","url":"https:\/\/omnesbands.international\/wp-content\/uploads\/2023\/06\/Logo-Nuevo-.png","contentUrl":"https:\/\/omnesbands.international\/wp-content\/uploads\/2023\/06\/Logo-Nuevo-.png","width":394,"height":212,"caption":"Indra Consultores Internacionales"},"image":{"@id":"https:\/\/www.omnesbands.international\/#\/schema\/logo\/image\/"}}]}},"uagb_featured_image_src":{"full":false,"thumbnail":false,"medium":false,"medium_large":false,"large":false,"1536x1536":false,"2048x2048":false,"trp-custom-language-flag":false,"gg_gallery_thumbnail":false,"woocommerce_thumbnail":false,"woocommerce_single":false,"woocommerce_gallery_thumbnail":false},"uagb_author_info":{"display_name":"Melvin R. Portillo A:","author_link":"https:\/\/www.omnesbands.international\/ja\/author\/portand\/"},"uagb_comment_info":0,"uagb_excerpt":"SALVA LUJ\u00c1N SALVA LUJ\u00c1N es un compositor y director nacido en Valencia (Espa\u00f1a). Imparte docencia como catedr\u00e1tico de Composici\u00f3n en el Conservatorio Superior \u00abSalvador Segu\u00ed\u00bb de Castell\u00f3n, es director titular de la Sociedad Musical Ayorense y, a su vez, miembro directivo de la Asociaci\u00f3n de Compositores Sinf\u00f3nicos de la Comunidad Valenciana (COSICOVA). Desde la infancia,&hellip;","_links":{"self":[{"href":"https:\/\/www.omnesbands.international\/ja\/wp-json\/wp\/v2\/pages\/1787","targetHints":{"allow":["GET"]}}],"collection":[{"href":"https:\/\/www.omnesbands.international\/ja\/wp-json\/wp\/v2\/pages"}],"about":[{"href":"https:\/\/www.omnesbands.international\/ja\/wp-json\/wp\/v2\/types\/page"}],"author":[{"embeddable":true,"href":"https:\/\/www.omnesbands.international\/ja\/wp-json\/wp\/v2\/users\/4"}],"replies":[{"embeddable":true,"href":"https:\/\/www.omnesbands.international\/ja\/wp-json\/wp\/v2\/comments?post=1787"}],"version-history":[{"count":1,"href":"https:\/\/www.omnesbands.international\/ja\/wp-json\/wp\/v2\/pages\/1787\/revisions"}],"predecessor-version":[{"id":1788,"href":"https:\/\/www.omnesbands.international\/ja\/wp-json\/wp\/v2\/pages\/1787\/revisions\/1788"}],"wp:attachment":[{"href":"https:\/\/www.omnesbands.international\/ja\/wp-json\/wp\/v2\/media?parent=1787"}],"curies":[{"name":"wp","href":"https:\/\/api.w.org\/{rel}","templated":true}]}}