{"id":1789,"date":"2023-01-29T16:29:15","date_gmt":"2023-01-29T22:29:15","guid":{"rendered":"https:\/\/omnesbands.international\/?page_id=1789"},"modified":"2023-02-03T18:50:13","modified_gmt":"2023-02-04T00:50:13","slug":"sergi-querol-i-tormo-2","status":"publish","type":"page","link":"https:\/\/www.omnesbands.international\/ja\/sergi-querol-i-tormo-2\/","title":{"rendered":"\u30bb\u30eb\u30b8\u30fb\u30b1\u30ed\u30eb\u30fb\u30c8\u30eb\u30e2"},"content":{"rendered":"<div class=\"wp-block-uagb-container uagb-block-71ec0d13 alignfull uagb-is-root-container\"><div class=\"uagb-container-inner-blocks-wrap\">\n<div class=\"wp-block-uagb-advanced-heading uagb-block-74d1b5e7\"><h1 class=\"uagb-heading-text\"><strong>\u30bb\u30eb\u30b8\u30fb\u30b1\u30ed\u30eb\u30fb\u30c8\u30eb\u30e2<\/strong><\/h1><\/div>\n<\/div><\/div>\n\n\n\n<div class=\"wp-block-uagb-container uagb-block-86d4c2a3 alignfull uagb-is-root-container\"><div class=\"uagb-container-inner-blocks-wrap\">\n<div class=\"wp-block-uagb-container uagb-block-16a674bb\">\n<p>\u5f7c\u5973\u306f ig7o \u5e74 11 \u6708 26 \u65e5\u306b\u30a2\u30eb\u30d0\u30a4\u30c0 (\u30d0\u30ec\u30f3\u30b7\u30a2) \u3067\u751f\u307e\u308c\u30017 \u6b73\u306e\u3068\u304d\u306b\u5f93\u59b9\u306e\u30a8\u30b9\u30da\u30e9\u30f3\u30b5\u3068\u4e00\u7dd2\u306b\u30af\u30e9\u30b9\u3092\u6559\u3048\u3066\u97f3\u697d\u306e\u4e16\u754c\u306b\u5165\u308a\u59cb\u3081\u307e\u3057\u305f\u3002\u5f7c\u306f\u300cUni\u00f3 Musical d&#039;Albaida UAranya\u300d\u5b66\u6821\u3067\u97f3\u697d\u306e\u8a13\u7df4\u3092\u7d9a\u3051\u3001\u30d5\u30e9\u30f3\u30b7\u30b9\u30b3\u30fb\u30de\u30eb\u30c6\u30a3\u30cd\u30b9\u30fb\u30e2\u30e9\u6559\u5e2b\u3068\u30c0\u30df\u30a2\u30f3\u30fb\u30bd\u30ec\u30eb\u30fb\u30f4\u30a1\u30cb\u30e7\u6559\u5e2b\u306e\u30af\u30e9\u30b9\u306b\u901a\u3044\u3001\u5f8c\u306b\u30c8\u30ed\u30f3\u30dc\u30fc\u30f3\u594f\u8005\u3068\u3057\u3066\u30d0\u30f3\u30c9\u306b\u52a0\u308f\u308a\u307e\u3057\u305f\u3002<\/p>\n<p>\u305d\u306e\u5f8c\u3001\u30a2\u30eb\u30d0\u30a4\u30c0\u5e02\u7acb\u97f3\u697d\u5b66\u6821\u3067\u5b66\u3073\u3092\u6df1\u3081\u3001\u305d\u3053\u3067\u30d5\u30e9\u30f3\u30b7\u30b9\u30b3\u30fb\u30ca\u30d8\u30e9\u30fb\u30da\u30ed\u30fc\u30ca\u306b\u30c8\u30ed\u30f3\u30dc\u30fc\u30f3\u3092\u5b66\u3073\u307e\u3057\u305f\u3002\u30d1\u30c8\u30ea\u30b7\u30a2\u30fb\u30dd\u30eb\u30bf\u3068\u30a2\u30ca\u30fb\u30a2\u30eb\u30d0\u30fc\u30c8\u3068\u97f3\u697d\u8a00\u8a9e\u3092\u5b66\u3073\u3001\u30db\u30bb\u30fb\u30bd\u30ec\u30eb\u3068\u5408\u5531\u3092\u5b66\u3076\u3002\u5f7c\u306f\u30aa\u30f3\u30c6\u30a3\u30cb\u30a8\u30f3\u30c8\u306e\u300c\u30e1\u30eb\u30c1\u30e7\u30fc\u30eb\u30fb\u30b4\u30df\u30b9\u300d\u5c02\u9580\u97f3\u697d\u9662\u306b\u5165\u5b66\u3057\u3001\u30d5\u30a2\u30f3\u30fb\u30db\u30bb\u30fb\u30b7\u30eb\u30d9\u30b9\u30c8\u30eb\u306e\u3082\u3068\u3067\u97f3\u697d\u8a00\u8a9e\u306a\u3069\u3001\u3055\u307e\u3056\u307e\u306a\u5206\u91ce\u3067\u7814\u7a76\u3092\u5e83\u3052\u307e\u3057\u305f\u3002\u30d4\u30a2\u30ce\u306f\u30de\u30ea\u30a2\u30fb\u30e2\u30f3\u30af\u30cb\u30fc\u30eb\u3068\u30d0\u30b8\u30ea\u30aa\u30fb\u30d5\u30a7\u30eb\u30ca\u30f3\u30c7\u30b9\u3002\u30d4\u30e9\u30fc\u30eb\u30fb\u30d5\u30a7\u30ec\u30fc\u30ed\u3068\u306e\u5ba4\u5185\u697d\u3002\u30aa\u30b9\u30ab\u30fc\u30fb\u30a2\u30d1\u30ea\u30b7\u3068\u30db\u30bb\u30fb\u30f4\u30c6\u3002\u738b\u5b50\u3002\u30d5\u30e9\u30f3\u30b7\u30b9\u30b3\u30fb\u30ca\u30d8\u30e9\u3068\u3068\u3082\u306b\u30c8\u30eb\u30f3\u30dc\u30f3\u51fa\u8eab\u3002\u30d8\u30b9\u30b9\u30fb\u30ac\u30b9\u30b3\u3002\u30a2\u30f3\u30c8\u30cb\u30aa\u30fb\u30a2\u30eb\u30d0\u30ec\u30b9\u3068\u30d5\u30a7\u30ea\u30c3\u30af\u30b9\u30fb\u30ac\u30eb\u30b7\u30a2\u3002\u30bb\u30eb\u30b8\u30aa\u30fb\u30a2\u30e9\u30dd\u30f3\u6307\u63ee\u306e\u30aa\u30fc\u30b1\u30b9\u30c8\u30e9\u3002\u30a4\u30f3\u30de\u30af\u30e9\u30c0\u30fb\u30de\u30c6\u30a6\u3068\u30de\u30cd\u30eb\u30fb\u30ac\u30eb\u30b7\u30a2\u3002\u30a2\u30eb\u30e2\u30cb\u30a2\u306e\u30c8\u30de\u30b9\u30fb\u30ae\u30e9\u30d0\u30fc\u30c8\u3068\u30d8\u30b9\u30b9\u30fb\u30d3\u30b9\u30ab\u30a4\u30ce\u3002\u30db\u30bb\u30fb\u30bd\u30ec\u30fc\u30eb\u3068\u30a4\u30f3\u30de\u30af\u30e9\u30c0\u30fb\u30de\u30c6\u30a6\u306e\u5408\u5531\u56e3\u3002\u30a2\u30f3\u30d8\u30eb\u30fb\u30de\u30eb\u30c6\u30a3\u30cd\u30b9\u30fb\u30a8\u30b9\u30af\u30c6\u30a3\u30a2\u3068\u30de\u30ea\u30a2\u30fb\u30d9\u30ca\u30d9\u30f3\u30c8\u3068\u97f3\u697d\u53f2\u3092\u3001\u30af\u30e9\u30a6\u30c7\u30a3\u30a2\u30fb\u30e2\u30f3\u30c6\u30ed\u3068\u30e9\u30e2\u30f3\u30fb\u30db\u30d0\u30fc\u3068\u97f3\u697d\u5206\u6790\u3092\u5b66\u3076\u3002<\/p>\n<p><br \/>\u5f7c\u306f\u307e\u305f\u3001\u8457\u540d\u306a\u30db\u30bb\u30fb\u30e9\u30d5\u30a1\u30a8\u30eb\u30fb\u30d1\u30b9\u30af\u30a2\u30eb\u30fb\u30f4\u30a3\u30e9\u30d7\u30e9\u30fc\u30ca\u6559\u6388\u304b\u3089\u30d0\u30f3\u30c9\u6307\u63ee\u3092\u5b66\u3093\u3060\u3053\u3068\u3082\u3042\u308a\u307e\u3059\u3002\u697d\u5668\u6f14\u594f\u306f\u30e9\u30e2\u30f3\u30fb\u30ac\u30eb\u30b7\u30a2\u30fb\u30a4\u30fb\u30bd\u30ec\u30fc\u30eb\u3001\u97f3\u697d\u5206\u6790\u306f\u30c8\u30de\u30b9\u30fb\u30ae\u30e9\u30d9\u30eb\u30c8\u304c\u62c5\u5f53\u3002\u5f7c\u306f M\u00fasica Festera \u306e\u3055\u307e\u3056\u307e\u306a\u4f5c\u54c1\u3092\u4f5c\u66f2\u3057\u3066\u304a\u308a\u3001\u300cGratus\u300d\u3068\u3044\u3046\u30bf\u30a4\u30c8\u30eb\u306e\u3055\u307e\u3056\u307e\u306a\u4f5c\u54c1\u3092\u53ce\u9332\u3057\u305f\u30e2\u30ce\u30b0\u30e9\u30d5\u30a3\u30c3\u30af CD \u3092\u9332\u97f3\u3057\u3066\u51fa\u7248\u3057\u3066\u3044\u307e\u3059\u3002<\/p>\n<p><br \/>\u5f7c\u306f\u30d5\u30a1\u30f3\u30d5\u30a1\u30fc\u30ec\u300c\u30df\u30ec\u30cb\u30a2\u30e0\u300d\u3082\u4f5c\u66f2\u3057\u307e\u3057\u305f\u3002 Les Campanes de Albaida - \u6b74\u53f2\u7684\u306a\u843d\u6210\u5f0f\u3068\u30012oo3 \u5e74\u306b\u4fee\u5fa9\u3055\u308c\u305f\u30a2\u30eb\u30d0\u30a4\u30c0\u306e\u9418\u306e\u795d\u798f\u3092\u8a18\u5ff5\u3057\u3066\u3002\u5f7c\u306f\u300cSagittarius\u300d\u3082\u9332\u97f3\u3057\u3066\u3044\u307e\u3059\u3002\u30dc\u30ec\u30ed\u306a\u3069\u306e\u3055\u307e\u3056\u307e\u306a\u97f3\u697d\u30b9\u30bf\u30a4\u30eb\u3092\u7d44\u307f\u5408\u308f\u305b\u305f\u30dd\u30c3\u30d7 \u30df\u30e5\u30fc\u30b8\u30c3\u30af CD\u3002\u30d0\u30e9\u30fc\u30c9\u3002\u7b49\u5f7c\u306e\u97f3\u697d\u6d3b\u52d5\u306f\u30d0\u30f3\u30c9\u30df\u30e5\u30fc\u30b8\u30c3\u30af\u306e\u4f5c\u66f2\u306b\u7279\u5316\u3057\u3066\u304a\u308a\u3001\u5f7c\u306e\u4f5c\u54c1\u306f\u304a\u796d\u308a\u306e\u4e16\u754c\u3067\u9ad8\u3044\u8a55\u4fa1\u3068\u652f\u6301\u3092\u7372\u5f97\u3057\u3066\u3044\u307e\u3059\u3002<\/p>\n<p><br \/>\u5f7c\u306f\u5150\u7ae5\u5408\u5531\u56e3\u5411\u3051\u306e\u3055\u307e\u3056\u307e\u306a\u5b97\u6559\u97f3\u697d\u4f5c\u66f2\u30b3\u30f3\u30af\u30fc\u30eb\u3067\u512a\u52dd\u3057\u3066\u304a\u308a\u3001\u30de\u30a8\u30b9\u30c8\u30ed\u306e\u30e9\u30e2\u30f3\u30fb\u30ac\u30eb\u30b7\u30a2\u30fb\u30a4\u30fb\u30bd\u30ec\u30fc\u30eb\u304c\u76e3\u7763\u3092\u52d9\u3081\u3066\u3044\u305f\u6642\u671f\u3068\u540c\u6642\u671f\u306b\u3001\u30a6\u30a2\u30e9\u30f3\u30e4\u300c\u30e6\u30cb\u30aa\u30fb\u30df\u30e5\u30fc\u30b8\u30ab\u30eb\u30fb\u30c0\u30eb\u30d0\u30a4\u30c0\u300d\u306e\u526f\u76e3\u7763\u3092\u52d9\u3081\u3066\u3044\u307e\u3057\u305f\u3002<\/p>\n<\/div>\n<\/div><\/div>\n\n\n<div class=\"woocommerce columns-4\"><\/div>","protected":false},"excerpt":{"rendered":"<p>SERGI QUEROL I TORMO Nace en Albaida (Valencia) el 26 de noviembre de ig7o y se inicia en el mundo de la m\u00fasica impartiendo clases con su prima Esperanza a la edad de 7 a\u00f1os. Sigue su formaci\u00f3n musical en la escuela de la &#8220;Uni\u00f3 Musical d&#8217;Albaida UAranya asistiendo a las clases de los maestros [&hellip;]<\/p>\n","protected":false},"author":4,"featured_media":0,"parent":0,"menu_order":0,"comment_status":"closed","ping_status":"closed","template":"","meta":{"_acf_changed":false,"_uag_custom_page_level_css":"","site-sidebar-layout":"default","site-content-layout":"","ast-site-content-layout":"default","site-content-style":"default","site-sidebar-style":"default","ast-global-header-display":"","ast-banner-title-visibility":"","ast-main-header-display":"","ast-hfb-above-header-display":"","ast-hfb-below-header-display":"","ast-hfb-mobile-header-display":"","site-post-title":"disabled","ast-breadcrumbs-content":"","ast-featured-img":"","footer-sml-layout":"","ast-disable-related-posts":"","theme-transparent-header-meta":"","adv-header-id-meta":"","stick-header-meta":"","header-above-stick-meta":"","header-main-stick-meta":"","header-below-stick-meta":"","astra-migrate-meta-layouts":"default","ast-page-background-enabled":"default","ast-page-background-meta":{"desktop":{"background-color":"","background-image":"","background-repeat":"repeat","background-position":"center center","background-size":"auto","background-attachment":"scroll","background-type":"","background-media":"","overlay-type":"","overlay-color":"","overlay-opacity":"","overlay-gradient":""},"tablet":{"background-color":"","background-image":"","background-repeat":"repeat","background-position":"center center","background-size":"auto","background-attachment":"scroll","background-type":"","background-media":"","overlay-type":"","overlay-color":"","overlay-opacity":"","overlay-gradient":""},"mobile":{"background-color":"","background-image":"","background-repeat":"repeat","background-position":"center center","background-size":"auto","background-attachment":"scroll","background-type":"","background-media":"","overlay-type":"","overlay-color":"","overlay-opacity":"","overlay-gradient":""}},"ast-content-background-meta":{"desktop":{"background-color":"var(--ast-global-color-5)","background-image":"","background-repeat":"repeat","background-position":"center center","background-size":"auto","background-attachment":"scroll","background-type":"","background-media":"","overlay-type":"","overlay-color":"","overlay-opacity":"","overlay-gradient":""},"tablet":{"background-color":"var(--ast-global-color-5)","background-image":"","background-repeat":"repeat","background-position":"center center","background-size":"auto","background-attachment":"scroll","background-type":"","background-media":"","overlay-type":"","overlay-color":"","overlay-opacity":"","overlay-gradient":""},"mobile":{"background-color":"var(--ast-global-color-5)","background-image":"","background-repeat":"repeat","background-position":"center center","background-size":"auto","background-attachment":"scroll","background-type":"","background-media":"","overlay-type":"","overlay-color":"","overlay-opacity":"","overlay-gradient":""}},"footnotes":""},"class_list":["post-1789","page","type-page","status-publish","hentry"],"acf":[],"yoast_head":"<!-- This site is optimized with the Yoast SEO Premium plugin v22.4 (Yoast SEO v27.4) - https:\/\/yoast.com\/product\/yoast-seo-premium-wordpress\/ -->\n<title>SERGI QUEROL I TORMO -<\/title>\n<meta name=\"robots\" content=\"index, follow, max-snippet:-1, max-image-preview:large, max-video-preview:-1\" \/>\n<link rel=\"canonical\" href=\"https:\/\/www.omnesbands.international\/ja\/sergi-querol-i-tormo-2\/\" \/>\n<meta property=\"og:locale\" content=\"ja_JP\" \/>\n<meta property=\"og:type\" content=\"article\" \/>\n<meta property=\"og:title\" content=\"SERGI QUEROL I TORMO\" \/>\n<meta property=\"og:description\" content=\"SERGI QUEROL I TORMO Nace en Albaida (Valencia) el 26 de noviembre de ig7o y se inicia en el mundo de la m\u00fasica impartiendo clases con su prima Esperanza a la edad de 7 a\u00f1os. Sigue su formaci\u00f3n musical en la escuela de la &#8220;Uni\u00f3 Musical d&#8217;Albaida UAranya asistiendo a las clases de los maestros [&hellip;]\" \/>\n<meta property=\"og:url\" content=\"https:\/\/www.omnesbands.international\/ja\/sergi-querol-i-tormo-2\/\" \/>\n<meta property=\"article:modified_time\" content=\"2023-02-04T00:50:13+00:00\" \/>\n<meta property=\"og:image\" content=\"https:\/\/www.omnesbands.international\/wp-content\/uploads\/2023\/01\/music-sheet-music-snowdrop-7107045.jpg\" \/>\n\t<meta property=\"og:image:width\" content=\"1280\" \/>\n\t<meta property=\"og:image:height\" content=\"742\" \/>\n\t<meta property=\"og:image:type\" content=\"image\/jpeg\" \/>\n<meta name=\"twitter:card\" content=\"summary_large_image\" \/>\n<meta name=\"twitter:label1\" content=\"\u63a8\u5b9a\u8aad\u307f\u53d6\u308a\u6642\u9593\" \/>\n\t<meta name=\"twitter:data1\" content=\"2\u5206\" \/>\n<script type=\"application\/ld+json\" class=\"yoast-schema-graph\">{\"@context\":\"https:\\\/\\\/schema.org\",\"@graph\":[{\"@type\":\"WebPage\",\"@id\":\"https:\\\/\\\/www.omnesbands.international\\\/sergi-querol-i-tormo-2\\\/\",\"url\":\"https:\\\/\\\/www.omnesbands.international\\\/sergi-querol-i-tormo-2\\\/\",\"name\":\"SERGI QUEROL I TORMO -\",\"isPartOf\":{\"@id\":\"https:\\\/\\\/www.omnesbands.international\\\/#website\"},\"datePublished\":\"2023-01-29T22:29:15+00:00\",\"dateModified\":\"2023-02-04T00:50:13+00:00\",\"breadcrumb\":{\"@id\":\"https:\\\/\\\/www.omnesbands.international\\\/sergi-querol-i-tormo-2\\\/#breadcrumb\"},\"inLanguage\":\"ja\",\"potentialAction\":[{\"@type\":\"ReadAction\",\"target\":[\"https:\\\/\\\/www.omnesbands.international\\\/sergi-querol-i-tormo-2\\\/\"]}]},{\"@type\":\"BreadcrumbList\",\"@id\":\"https:\\\/\\\/www.omnesbands.international\\\/sergi-querol-i-tormo-2\\\/#breadcrumb\",\"itemListElement\":[{\"@type\":\"ListItem\",\"position\":1,\"name\":\"Portada\",\"item\":\"https:\\\/\\\/www.omnesbands.international\\\/\"},{\"@type\":\"ListItem\",\"position\":2,\"name\":\"SERGI QUEROL I TORMO\"}]},{\"@type\":\"WebSite\",\"@id\":\"https:\\\/\\\/www.omnesbands.international\\\/#website\",\"url\":\"https:\\\/\\\/www.omnesbands.international\\\/\",\"name\":\"OMNESBANDS International\",\"description\":\"Partituras Originales de autores y compositores independientes\",\"publisher\":{\"@id\":\"https:\\\/\\\/www.omnesbands.international\\\/#organization\"},\"potentialAction\":[{\"@type\":\"SearchAction\",\"target\":{\"@type\":\"EntryPoint\",\"urlTemplate\":\"https:\\\/\\\/www.omnesbands.international\\\/?s={search_term_string}\"},\"query-input\":{\"@type\":\"PropertyValueSpecification\",\"valueRequired\":true,\"valueName\":\"search_term_string\"}}],\"inLanguage\":\"ja\"},{\"@type\":\"Organization\",\"@id\":\"https:\\\/\\\/www.omnesbands.international\\\/#organization\",\"name\":\"Indra Consultores Internacionales\",\"alternateName\":\"Omnesbands\",\"url\":\"https:\\\/\\\/www.omnesbands.international\\\/\",\"logo\":{\"@type\":\"ImageObject\",\"inLanguage\":\"ja\",\"@id\":\"https:\\\/\\\/www.omnesbands.international\\\/#\\\/schema\\\/logo\\\/image\\\/\",\"url\":\"https:\\\/\\\/omnesbands.international\\\/wp-content\\\/uploads\\\/2023\\\/06\\\/Logo-Nuevo-.png\",\"contentUrl\":\"https:\\\/\\\/omnesbands.international\\\/wp-content\\\/uploads\\\/2023\\\/06\\\/Logo-Nuevo-.png\",\"width\":394,\"height\":212,\"caption\":\"Indra Consultores Internacionales\"},\"image\":{\"@id\":\"https:\\\/\\\/www.omnesbands.international\\\/#\\\/schema\\\/logo\\\/image\\\/\"}}]}<\/script>\n<!-- \/ Yoast SEO Premium plugin. -->","yoast_head_json":{"title":"SERGI QUEROL I TORMO -","robots":{"index":"index","follow":"follow","max-snippet":"max-snippet:-1","max-image-preview":"max-image-preview:large","max-video-preview":"max-video-preview:-1"},"canonical":"https:\/\/www.omnesbands.international\/ja\/sergi-querol-i-tormo-2\/","og_locale":"ja_JP","og_type":"article","og_title":"SERGI QUEROL I TORMO","og_description":"SERGI QUEROL I TORMO Nace en Albaida (Valencia) el 26 de noviembre de ig7o y se inicia en el mundo de la m\u00fasica impartiendo clases con su prima Esperanza a la edad de 7 a\u00f1os. Sigue su formaci\u00f3n musical en la escuela de la &#8220;Uni\u00f3 Musical d&#8217;Albaida UAranya asistiendo a las clases de los maestros [&hellip;]","og_url":"https:\/\/www.omnesbands.international\/ja\/sergi-querol-i-tormo-2\/","article_modified_time":"2023-02-04T00:50:13+00:00","og_image":[{"width":1280,"height":742,"url":"https:\/\/www.omnesbands.international\/wp-content\/uploads\/2023\/01\/music-sheet-music-snowdrop-7107045.jpg","type":"image\/jpeg"}],"twitter_card":"summary_large_image","twitter_misc":{"\u63a8\u5b9a\u8aad\u307f\u53d6\u308a\u6642\u9593":"2\u5206"},"schema":{"@context":"https:\/\/schema.org","@graph":[{"@type":"WebPage","@id":"https:\/\/www.omnesbands.international\/sergi-querol-i-tormo-2\/","url":"https:\/\/www.omnesbands.international\/sergi-querol-i-tormo-2\/","name":"SERGI QUEROL I TORMO -","isPartOf":{"@id":"https:\/\/www.omnesbands.international\/#website"},"datePublished":"2023-01-29T22:29:15+00:00","dateModified":"2023-02-04T00:50:13+00:00","breadcrumb":{"@id":"https:\/\/www.omnesbands.international\/sergi-querol-i-tormo-2\/#breadcrumb"},"inLanguage":"ja","potentialAction":[{"@type":"ReadAction","target":["https:\/\/www.omnesbands.international\/sergi-querol-i-tormo-2\/"]}]},{"@type":"BreadcrumbList","@id":"https:\/\/www.omnesbands.international\/sergi-querol-i-tormo-2\/#breadcrumb","itemListElement":[{"@type":"ListItem","position":1,"name":"Portada","item":"https:\/\/www.omnesbands.international\/"},{"@type":"ListItem","position":2,"name":"SERGI QUEROL I TORMO"}]},{"@type":"WebSite","@id":"https:\/\/www.omnesbands.international\/#website","url":"https:\/\/www.omnesbands.international\/","name":"OMNESBANDS International","description":"\u72ec\u7acb\u3057\u305f\u4f5c\u5bb6\u3084\u4f5c\u66f2\u5bb6\u306b\u3088\u308b\u30aa\u30ea\u30b8\u30ca\u30eb\u306e\u697d\u8b5c","publisher":{"@id":"https:\/\/www.omnesbands.international\/#organization"},"potentialAction":[{"@type":"SearchAction","target":{"@type":"EntryPoint","urlTemplate":"https:\/\/www.omnesbands.international\/?s={search_term_string}"},"query-input":{"@type":"PropertyValueSpecification","valueRequired":true,"valueName":"search_term_string"}}],"inLanguage":"ja"},{"@type":"Organization","@id":"https:\/\/www.omnesbands.international\/#organization","name":"\u30a4\u30f3\u30c9\u30e9\u56fd\u969b\u30b3\u30f3\u30b5\u30eb\u30bf\u30f3\u30c8","alternateName":"Omnesbands","url":"https:\/\/www.omnesbands.international\/","logo":{"@type":"ImageObject","inLanguage":"ja","@id":"https:\/\/www.omnesbands.international\/#\/schema\/logo\/image\/","url":"https:\/\/omnesbands.international\/wp-content\/uploads\/2023\/06\/Logo-Nuevo-.png","contentUrl":"https:\/\/omnesbands.international\/wp-content\/uploads\/2023\/06\/Logo-Nuevo-.png","width":394,"height":212,"caption":"Indra Consultores Internacionales"},"image":{"@id":"https:\/\/www.omnesbands.international\/#\/schema\/logo\/image\/"}}]}},"uagb_featured_image_src":{"full":false,"thumbnail":false,"medium":false,"medium_large":false,"large":false,"1536x1536":false,"2048x2048":false,"trp-custom-language-flag":false,"gg_gallery_thumbnail":false,"woocommerce_thumbnail":false,"woocommerce_single":false,"woocommerce_gallery_thumbnail":false},"uagb_author_info":{"display_name":"Melvin R. Portillo A:","author_link":"https:\/\/www.omnesbands.international\/ja\/author\/portand\/"},"uagb_comment_info":0,"uagb_excerpt":"SERGI QUEROL I TORMO Nace en Albaida (Valencia) el 26 de noviembre de ig7o y se inicia en el mundo de la m\u00fasica impartiendo clases con su prima Esperanza a la edad de 7 a\u00f1os. Sigue su formaci\u00f3n musical en la escuela de la &#8220;Uni\u00f3 Musical d&#8217;Albaida UAranya asistiendo a las clases de los maestros&hellip;","_links":{"self":[{"href":"https:\/\/www.omnesbands.international\/ja\/wp-json\/wp\/v2\/pages\/1789","targetHints":{"allow":["GET"]}}],"collection":[{"href":"https:\/\/www.omnesbands.international\/ja\/wp-json\/wp\/v2\/pages"}],"about":[{"href":"https:\/\/www.omnesbands.international\/ja\/wp-json\/wp\/v2\/types\/page"}],"author":[{"embeddable":true,"href":"https:\/\/www.omnesbands.international\/ja\/wp-json\/wp\/v2\/users\/4"}],"replies":[{"embeddable":true,"href":"https:\/\/www.omnesbands.international\/ja\/wp-json\/wp\/v2\/comments?post=1789"}],"version-history":[{"count":4,"href":"https:\/\/www.omnesbands.international\/ja\/wp-json\/wp\/v2\/pages\/1789\/revisions"}],"predecessor-version":[{"id":1855,"href":"https:\/\/www.omnesbands.international\/ja\/wp-json\/wp\/v2\/pages\/1789\/revisions\/1855"}],"wp:attachment":[{"href":"https:\/\/www.omnesbands.international\/ja\/wp-json\/wp\/v2\/media?parent=1789"}],"curies":[{"name":"wp","href":"https:\/\/api.w.org\/{rel}","templated":true}]}}