{"id":1797,"date":"2023-01-29T17:59:51","date_gmt":"2023-01-29T23:59:51","guid":{"rendered":"https:\/\/omnesbands.international\/?page_id=1797"},"modified":"2023-01-29T17:59:54","modified_gmt":"2023-01-29T23:59:54","slug":"tomas-simon-plazas-2","status":"publish","type":"page","link":"https:\/\/www.omnesbands.international\/ja\/tomas-simon-plazas-2\/","title":{"rendered":"\u30c8\u30fc\u30de\u30b9\u30fb\u30b5\u30a4\u30e2\u30f3\u30fb\u30d7\u30e9\u30b6"},"content":{"rendered":"<div class=\"wp-block-uagb-container uagb-block-e062601b alignfull uagb-is-root-container\"><div class=\"uagb-container-inner-blocks-wrap\">\n<div class=\"wp-block-uagb-advanced-heading uagb-block-cbf1f3a1\"><h1 class=\"uagb-heading-text\"><strong>\u30c8\u30fc\u30de\u30b9\u30fb\u30b5\u30a4\u30e2\u30f3\u30fb\u30d7\u30e9\u30b6<\/strong><\/h1><\/div>\n<\/div><\/div>\n\n\n\n<div class=\"wp-block-uagb-container uagb-block-82c22f83 alignfull uagb-is-root-container\"><div class=\"uagb-container-inner-blocks-wrap\">\n<div class=\"wp-block-uagb-container uagb-block-d4c92e6a\">\n<p>\u5f7c\u306f\u30a2\u30f3\u30dd\u30b9\u30bf\uff08\u30bf\u30e9\u30b4\u30ca\uff09\u3067\u751f\u307e\u308c\u3001\u305d\u3053\u3067\u30b5\u30c3\u30af\u30b9\u3092\u5c02\u9580\u306b\u97f3\u697d\u306e\u52c9\u5f37\u3092\u59cb\u3081\u307e\u3057\u305f\u3002\u305d\u306e\u5f8c\u3001\u5f7c\u306f\u30d4\u30a2\u30ce\u3092\u52c9\u5f37\u3057\u59cb\u3081\u3001\u4e21\u65b9\u306e\u697d\u5668\u3092\u7d44\u307f\u5408\u308f\u305b\u307e\u3057\u305f\u3002\u5f7c\u306f\u30d0\u30eb\u30bb\u30ed\u30ca\u306e\u30ea\u30bb\u30a6\u97f3\u697d\u9662\u3067\u30b5\u30af\u30bd\u30d5\u30a9\u30fc\u30f3\u306e\u9ad8\u7b49\u5b66\u4f4d\u3092\u53d6\u5f97\u3057\u3001\u5b66\u4f4d\u306e\u6700\u5f8c\u306b\u540d\u8a89\u8cde\u3092\u53d7\u8cde\u3057\u3001\u30bf\u30e9\u30b4\u30ca\u97f3\u697d\u9662\u3067\u30d4\u30a2\u30ce\u306e\u5c02\u9580\u8077\u5b66\u4f4d\u3092\u53d6\u5f97\u3057\u307e\u3057\u305f\u3002<\/p>\n<p>\u5f7c\u306f\u3001\u30a2\u30f3\u30dd\u30b9\u30bf\u306e\u30e6\u30cb\u30aa\u30fb\u30d5\u30a3\u30eb\u30cf\u30fc\u30e2\u30cb\u30ab\u306e\u97f3\u697d\u30d0\u30f3\u30c9\u3001\u30b5\u30af\u30bd\u30d5\u30a9\u30f3\u56db\u91cd\u594f\u56e3\u306e\u30b5\u30af\u30bd\u30d5\u30a3\u30ea\u30a2\u3001\u30a8\u30f3\u30c8\u30ed\u30d4\u30a2\u3001\u30b5\u30c3\u30af\u30b9\u30d5\u30a9\u30eb\u30de\u30f3\u30b9\u3001\u30c8\u30eb\u30c8\u30fc\u30b6\u306e\u30a2\u30ab\u30c7\u30df\u30c3\u30af\u30fb\u30d3\u30c3\u30b0\u30fb\u30d0\u30f3\u30c9\u306a\u3069\u3001\u3055\u307e\u3056\u307e\u306a\u97f3\u697d\u30b0\u30eb\u30fc\u30d7\u306e\u4e00\u54e1\u3068\u3057\u3066\u6d3b\u52d5\u3057\u3001\u3055\u307e\u3056\u307e\u306a\u97f3\u697d\u30d0\u30f3\u30c9\u3084\u5408\u5531\u56e3\u306e\u6307\u63ee\u3082\u884c\u3063\u3066\u3044\u307e\u3059\u3002<br \/>\u4f5c\u66f2\u306e\u5206\u91ce\u3067\u306f\u3001\u30ea\u30e5\u30a4\u30b9\u30fb\u30d9\u30eb\u30b8\u30a7\u30b9\u3001\u6620\u753b\u97f3\u697d\u306e\u30a2\u30eb\u30d5\u30a9\u30f3\u30b9\u30fb\u30b3\u30f3\u30c7\u3001\u30a2\u30ea\u30ab\u30f3\u30c6\u306e\u4f5c\u66f2\u5bb6\u30aa\u30b9\u30ab\u30eb\u30fb\u30ca\u30d0\u30ed\u3089\u3068\u5354\u529b\u3057\u3066\u5b8c\u6210\u3055\u305b\u305f\u3002<br \/>\u5f7c\u306e\u4f5c\u54c1\u306f\u3001Dinsic editorial\u3001Periferia Sheet Music\u3001\u304a\u3088\u3073 Omnes Bands \u304b\u3089\u51fa\u7248\u3055\u308c\u3066\u3044\u307e\u3059\u3002<\/p>\n<p>\u73fe\u5728\u3001\u30b3\u30f3\u30b5\u30fc\u30c8\u97f3\u697d\uff08\u5ba4\u5185\u697d\u30b0\u30eb\u30fc\u30d7\u3001\u97f3\u697d\u30d0\u30f3\u30c9\u3001\u30aa\u30fc\u30b1\u30b9\u30c8\u30e9\uff09\u3001\u6620\u50cf\u97f3\u697d\uff08\u30c9\u30ad\u30e5\u30e1\u30f3\u30bf\u30ea\u30fc\u3001\u77ed\u7de8\u6620\u753b\u3001\u6620\u753b\uff09\u3001\u821e\u53f0\u97f3\u697d\uff08\u30df\u30e5\u30fc\u30b8\u30ab\u30eb\u3001\u6f14\u5287\u97f3\u697d\uff09\u3092\u6f14\u594f\u3057\u3066\u3044\u308b\u3002<\/p>\n<p>\u5f7c\u306f\u81ea\u8eab\u306e\u4f5c\u66f2\u3068\u97f3\u697d\u30ad\u30e3\u30ea\u30a2\u3067\u3055\u307e\u3056\u307e\u306a\u8cde\u3084\u8868\u5f70\u3092\u53d7\u3051\u3066\u3044\u307e\u3059\u3002<\/p>\n<\/div>\n<\/div><\/div>\n\n\n<div class=\"woocommerce columns-4\"><ul class=\"products columns-4\">\n<li class=\"desktop-align-left tablet-align-left mobile-align-left ast-product-gallery-layout-horizontal-slider product type-product post-1131 status-publish first instock product_cat-sinfonicas product_tag-tomas-simon-plazas has-post-thumbnail downloadable virtual taxable purchasable product-type-simple\">\n\t<a href=\"https:\/\/www.omnesbands.international\/ja\/product\/la-llegenda-de-sant-jordi\/\" class=\"woocommerce-LoopProduct-link woocommerce-loop-product__link\"><img loading=\"lazy\" decoding=\"async\" width=\"300\" height=\"300\" src=\"https:\/\/www.omnesbands.international\/wp-content\/uploads\/2023\/01\/La-llegenda-de-San-Jordi-300x300.jpg\" class=\"attachment-woocommerce_thumbnail size-woocommerce_thumbnail\" alt=\"La Llegenda de Sant Jordi\" srcset=\"https:\/\/www.omnesbands.international\/wp-content\/uploads\/2023\/01\/La-llegenda-de-San-Jordi-300x300.jpg 300w, https:\/\/www.omnesbands.international\/wp-content\/uploads\/2023\/01\/La-llegenda-de-San-Jordi-150x150.jpg 150w, https:\/\/www.omnesbands.international\/wp-content\/uploads\/2023\/01\/La-llegenda-de-San-Jordi-100x100.jpg 100w\" sizes=\"auto, (max-width: 300px) 100vw, 300px\" \/><h2 class=\"woocommerce-loop-product__title\">\u30b5\u30f3\u30fb\u30b8\u30e7\u30eb\u30c7\u30a3\u306e\u4f1d\u8aac<\/h2>\n\t<span class=\"price\"><span class=\"woocommerce-Price-amount amount\"><bdi><span class=\"woocommerce-Price-currencySymbol\">&#36;<\/span>40.00<\/bdi><\/span><\/span>\n<\/a><a href=\"\/ja\/wp-json\/wp\/v2\/pages\/1797?add-to-cart=1131\" aria-describedby=\"woocommerce_loop_add_to_cart_link_describedby_1131\" data-quantity=\"1\" class=\"button product_type_simple add_to_cart_button ajax_add_to_cart\" data-product_id=\"1131\" data-product_sku=\"LA-SIN-ESP-22\" aria-label=\"\u30ab\u30fc\u30c8\u306b\u8ffd\u52a0: \u300cLa Llegenda de Sant Jordi\u300d\" rel=\"nofollow\" data-success_message=\"\u300cLa Llegenda de Sant Jordi\u300d\u3092\u304a\u8cb7\u3044\u7269\u30ab\u30b4\u306b\u8ffd\u52a0\u3057\u307e\u3057\u305f\" role=\"button\" data-no-translation=\"\" data-trp-gettext=\"\" data-no-translation-aria-label=\"\" data-no-translation-data-success_message=\"\">\u304a\u8cb7\u3044\u7269\u30ab\u30b4\u306b\u8ffd\u52a0<\/a>\t<span id=\"woocommerce_loop_add_to_cart_link_describedby_1131\" class=\"screen-reader-text\">\n\t\t\t<\/span>\n<\/li>\n<\/ul>\n<\/div>","protected":false},"excerpt":{"rendered":"<p>TOM\u00c1S SIM\u00d3N PLAZAS Nace en Amposta (Tarragona), donde comienza sus estudios musicales en la especialidad de saxof\u00f3n. Posteriormente se inicia con el estudio del piano y compagina asi ambos instrumentos. Obtiene el T\u00edtulo Superior de Saxof\u00f3n en el Conservatorio de M\u00fasica del Liceu de Barcelona con Premio de Honor de final de carrera y el [&hellip;]<\/p>\n","protected":false},"author":4,"featured_media":0,"parent":0,"menu_order":0,"comment_status":"closed","ping_status":"closed","template":"","meta":{"_acf_changed":false,"_uag_custom_page_level_css":"","site-sidebar-layout":"default","site-content-layout":"","ast-site-content-layout":"default","site-content-style":"default","site-sidebar-style":"default","ast-global-header-display":"","ast-banner-title-visibility":"","ast-main-header-display":"","ast-hfb-above-header-display":"","ast-hfb-below-header-display":"","ast-hfb-mobile-header-display":"","site-post-title":"disabled","ast-breadcrumbs-content":"","ast-featured-img":"","footer-sml-layout":"","ast-disable-related-posts":"","theme-transparent-header-meta":"","adv-header-id-meta":"","stick-header-meta":"","header-above-stick-meta":"","header-main-stick-meta":"","header-below-stick-meta":"","astra-migrate-meta-layouts":"default","ast-page-background-enabled":"default","ast-page-background-meta":{"desktop":{"background-color":"","background-image":"","background-repeat":"repeat","background-position":"center center","background-size":"auto","background-attachment":"scroll","background-type":"","background-media":"","overlay-type":"","overlay-color":"","overlay-opacity":"","overlay-gradient":""},"tablet":{"background-color":"","background-image":"","background-repeat":"repeat","background-position":"center center","background-size":"auto","background-attachment":"scroll","background-type":"","background-media":"","overlay-type":"","overlay-color":"","overlay-opacity":"","overlay-gradient":""},"mobile":{"background-color":"","background-image":"","background-repeat":"repeat","background-position":"center center","background-size":"auto","background-attachment":"scroll","background-type":"","background-media":"","overlay-type":"","overlay-color":"","overlay-opacity":"","overlay-gradient":""}},"ast-content-background-meta":{"desktop":{"background-color":"var(--ast-global-color-5)","background-image":"","background-repeat":"repeat","background-position":"center center","background-size":"auto","background-attachment":"scroll","background-type":"","background-media":"","overlay-type":"","overlay-color":"","overlay-opacity":"","overlay-gradient":""},"tablet":{"background-color":"var(--ast-global-color-5)","background-image":"","background-repeat":"repeat","background-position":"center center","background-size":"auto","background-attachment":"scroll","background-type":"","background-media":"","overlay-type":"","overlay-color":"","overlay-opacity":"","overlay-gradient":""},"mobile":{"background-color":"var(--ast-global-color-5)","background-image":"","background-repeat":"repeat","background-position":"center center","background-size":"auto","background-attachment":"scroll","background-type":"","background-media":"","overlay-type":"","overlay-color":"","overlay-opacity":"","overlay-gradient":""}},"footnotes":""},"class_list":["post-1797","page","type-page","status-publish","hentry"],"acf":[],"yoast_head":"<!-- This site is optimized with the Yoast SEO Premium plugin v22.4 (Yoast SEO v27.4) - https:\/\/yoast.com\/product\/yoast-seo-premium-wordpress\/ -->\n<title>TOM\u00c1S SIM\u00d3N PLAZAS -<\/title>\n<meta name=\"robots\" content=\"index, follow, max-snippet:-1, max-image-preview:large, max-video-preview:-1\" \/>\n<link rel=\"canonical\" href=\"https:\/\/www.omnesbands.international\/ja\/tomas-simon-plazas-2\/\" \/>\n<meta property=\"og:locale\" content=\"ja_JP\" \/>\n<meta property=\"og:type\" content=\"article\" \/>\n<meta property=\"og:title\" content=\"TOM\u00c1S SIM\u00d3N PLAZAS\" \/>\n<meta property=\"og:description\" content=\"TOM\u00c1S SIM\u00d3N PLAZAS Nace en Amposta (Tarragona), donde comienza sus estudios musicales en la especialidad de saxof\u00f3n. Posteriormente se inicia con el estudio del piano y compagina asi ambos instrumentos. Obtiene el T\u00edtulo Superior de Saxof\u00f3n en el Conservatorio de M\u00fasica del Liceu de Barcelona con Premio de Honor de final de carrera y el [&hellip;]\" \/>\n<meta property=\"og:url\" content=\"https:\/\/www.omnesbands.international\/ja\/tomas-simon-plazas-2\/\" \/>\n<meta property=\"article:modified_time\" content=\"2023-01-29T23:59:54+00:00\" \/>\n<meta property=\"og:image\" content=\"https:\/\/www.omnesbands.international\/wp-content\/uploads\/2023\/01\/music-sheet-music-snowdrop-7107045.jpg\" \/>\n\t<meta property=\"og:image:width\" content=\"1280\" \/>\n\t<meta property=\"og:image:height\" content=\"742\" \/>\n\t<meta property=\"og:image:type\" content=\"image\/jpeg\" \/>\n<meta name=\"twitter:card\" content=\"summary_large_image\" \/>\n<meta name=\"twitter:label1\" content=\"\u63a8\u5b9a\u8aad\u307f\u53d6\u308a\u6642\u9593\" \/>\n\t<meta name=\"twitter:data1\" content=\"1\u5206\" \/>\n<script type=\"application\/ld+json\" class=\"yoast-schema-graph\">{\"@context\":\"https:\\\/\\\/schema.org\",\"@graph\":[{\"@type\":\"WebPage\",\"@id\":\"https:\\\/\\\/www.omnesbands.international\\\/tomas-simon-plazas-2\\\/\",\"url\":\"https:\\\/\\\/www.omnesbands.international\\\/tomas-simon-plazas-2\\\/\",\"name\":\"TOM\u00c1S SIM\u00d3N PLAZAS -\",\"isPartOf\":{\"@id\":\"https:\\\/\\\/www.omnesbands.international\\\/#website\"},\"datePublished\":\"2023-01-29T23:59:51+00:00\",\"dateModified\":\"2023-01-29T23:59:54+00:00\",\"breadcrumb\":{\"@id\":\"https:\\\/\\\/www.omnesbands.international\\\/tomas-simon-plazas-2\\\/#breadcrumb\"},\"inLanguage\":\"ja\",\"potentialAction\":[{\"@type\":\"ReadAction\",\"target\":[\"https:\\\/\\\/www.omnesbands.international\\\/tomas-simon-plazas-2\\\/\"]}]},{\"@type\":\"BreadcrumbList\",\"@id\":\"https:\\\/\\\/www.omnesbands.international\\\/tomas-simon-plazas-2\\\/#breadcrumb\",\"itemListElement\":[{\"@type\":\"ListItem\",\"position\":1,\"name\":\"Portada\",\"item\":\"https:\\\/\\\/www.omnesbands.international\\\/\"},{\"@type\":\"ListItem\",\"position\":2,\"name\":\"TOM\u00c1S SIM\u00d3N PLAZAS\"}]},{\"@type\":\"WebSite\",\"@id\":\"https:\\\/\\\/www.omnesbands.international\\\/#website\",\"url\":\"https:\\\/\\\/www.omnesbands.international\\\/\",\"name\":\"OMNESBANDS International\",\"description\":\"Partituras Originales de autores y compositores independientes\",\"publisher\":{\"@id\":\"https:\\\/\\\/www.omnesbands.international\\\/#organization\"},\"potentialAction\":[{\"@type\":\"SearchAction\",\"target\":{\"@type\":\"EntryPoint\",\"urlTemplate\":\"https:\\\/\\\/www.omnesbands.international\\\/?s={search_term_string}\"},\"query-input\":{\"@type\":\"PropertyValueSpecification\",\"valueRequired\":true,\"valueName\":\"search_term_string\"}}],\"inLanguage\":\"ja\"},{\"@type\":\"Organization\",\"@id\":\"https:\\\/\\\/www.omnesbands.international\\\/#organization\",\"name\":\"Indra Consultores Internacionales\",\"alternateName\":\"Omnesbands\",\"url\":\"https:\\\/\\\/www.omnesbands.international\\\/\",\"logo\":{\"@type\":\"ImageObject\",\"inLanguage\":\"ja\",\"@id\":\"https:\\\/\\\/www.omnesbands.international\\\/#\\\/schema\\\/logo\\\/image\\\/\",\"url\":\"https:\\\/\\\/omnesbands.international\\\/wp-content\\\/uploads\\\/2023\\\/06\\\/Logo-Nuevo-.png\",\"contentUrl\":\"https:\\\/\\\/omnesbands.international\\\/wp-content\\\/uploads\\\/2023\\\/06\\\/Logo-Nuevo-.png\",\"width\":394,\"height\":212,\"caption\":\"Indra Consultores Internacionales\"},\"image\":{\"@id\":\"https:\\\/\\\/www.omnesbands.international\\\/#\\\/schema\\\/logo\\\/image\\\/\"}}]}<\/script>\n<!-- \/ Yoast SEO Premium plugin. -->","yoast_head_json":{"title":"TOM\u00c1S SIM\u00d3N PLAZAS -","robots":{"index":"index","follow":"follow","max-snippet":"max-snippet:-1","max-image-preview":"max-image-preview:large","max-video-preview":"max-video-preview:-1"},"canonical":"https:\/\/www.omnesbands.international\/ja\/tomas-simon-plazas-2\/","og_locale":"ja_JP","og_type":"article","og_title":"TOM\u00c1S SIM\u00d3N PLAZAS","og_description":"TOM\u00c1S SIM\u00d3N PLAZAS Nace en Amposta (Tarragona), donde comienza sus estudios musicales en la especialidad de saxof\u00f3n. Posteriormente se inicia con el estudio del piano y compagina asi ambos instrumentos. Obtiene el T\u00edtulo Superior de Saxof\u00f3n en el Conservatorio de M\u00fasica del Liceu de Barcelona con Premio de Honor de final de carrera y el [&hellip;]","og_url":"https:\/\/www.omnesbands.international\/ja\/tomas-simon-plazas-2\/","article_modified_time":"2023-01-29T23:59:54+00:00","og_image":[{"width":1280,"height":742,"url":"https:\/\/www.omnesbands.international\/wp-content\/uploads\/2023\/01\/music-sheet-music-snowdrop-7107045.jpg","type":"image\/jpeg"}],"twitter_card":"summary_large_image","twitter_misc":{"\u63a8\u5b9a\u8aad\u307f\u53d6\u308a\u6642\u9593":"1\u5206"},"schema":{"@context":"https:\/\/schema.org","@graph":[{"@type":"WebPage","@id":"https:\/\/www.omnesbands.international\/tomas-simon-plazas-2\/","url":"https:\/\/www.omnesbands.international\/tomas-simon-plazas-2\/","name":"TOM\u00c1S SIM\u00d3N PLAZAS -","isPartOf":{"@id":"https:\/\/www.omnesbands.international\/#website"},"datePublished":"2023-01-29T23:59:51+00:00","dateModified":"2023-01-29T23:59:54+00:00","breadcrumb":{"@id":"https:\/\/www.omnesbands.international\/tomas-simon-plazas-2\/#breadcrumb"},"inLanguage":"ja","potentialAction":[{"@type":"ReadAction","target":["https:\/\/www.omnesbands.international\/tomas-simon-plazas-2\/"]}]},{"@type":"BreadcrumbList","@id":"https:\/\/www.omnesbands.international\/tomas-simon-plazas-2\/#breadcrumb","itemListElement":[{"@type":"ListItem","position":1,"name":"Portada","item":"https:\/\/www.omnesbands.international\/"},{"@type":"ListItem","position":2,"name":"TOM\u00c1S SIM\u00d3N PLAZAS"}]},{"@type":"WebSite","@id":"https:\/\/www.omnesbands.international\/#website","url":"https:\/\/www.omnesbands.international\/","name":"OMNESBANDS International","description":"\u72ec\u7acb\u3057\u305f\u4f5c\u5bb6\u3084\u4f5c\u66f2\u5bb6\u306b\u3088\u308b\u30aa\u30ea\u30b8\u30ca\u30eb\u306e\u697d\u8b5c","publisher":{"@id":"https:\/\/www.omnesbands.international\/#organization"},"potentialAction":[{"@type":"SearchAction","target":{"@type":"EntryPoint","urlTemplate":"https:\/\/www.omnesbands.international\/?s={search_term_string}"},"query-input":{"@type":"PropertyValueSpecification","valueRequired":true,"valueName":"search_term_string"}}],"inLanguage":"ja"},{"@type":"Organization","@id":"https:\/\/www.omnesbands.international\/#organization","name":"\u30a4\u30f3\u30c9\u30e9\u56fd\u969b\u30b3\u30f3\u30b5\u30eb\u30bf\u30f3\u30c8","alternateName":"Omnesbands","url":"https:\/\/www.omnesbands.international\/","logo":{"@type":"ImageObject","inLanguage":"ja","@id":"https:\/\/www.omnesbands.international\/#\/schema\/logo\/image\/","url":"https:\/\/omnesbands.international\/wp-content\/uploads\/2023\/06\/Logo-Nuevo-.png","contentUrl":"https:\/\/omnesbands.international\/wp-content\/uploads\/2023\/06\/Logo-Nuevo-.png","width":394,"height":212,"caption":"Indra Consultores Internacionales"},"image":{"@id":"https:\/\/www.omnesbands.international\/#\/schema\/logo\/image\/"}}]}},"uagb_featured_image_src":{"full":false,"thumbnail":false,"medium":false,"medium_large":false,"large":false,"1536x1536":false,"2048x2048":false,"trp-custom-language-flag":false,"gg_gallery_thumbnail":false,"woocommerce_thumbnail":false,"woocommerce_single":false,"woocommerce_gallery_thumbnail":false},"uagb_author_info":{"display_name":"Melvin R. Portillo A:","author_link":"https:\/\/www.omnesbands.international\/ja\/author\/portand\/"},"uagb_comment_info":0,"uagb_excerpt":"TOM\u00c1S SIM\u00d3N PLAZAS Nace en Amposta (Tarragona), donde comienza sus estudios musicales en la especialidad de saxof\u00f3n. Posteriormente se inicia con el estudio del piano y compagina asi ambos instrumentos. Obtiene el T\u00edtulo Superior de Saxof\u00f3n en el Conservatorio de M\u00fasica del Liceu de Barcelona con Premio de Honor de final de carrera y el&hellip;","_links":{"self":[{"href":"https:\/\/www.omnesbands.international\/ja\/wp-json\/wp\/v2\/pages\/1797","targetHints":{"allow":["GET"]}}],"collection":[{"href":"https:\/\/www.omnesbands.international\/ja\/wp-json\/wp\/v2\/pages"}],"about":[{"href":"https:\/\/www.omnesbands.international\/ja\/wp-json\/wp\/v2\/types\/page"}],"author":[{"embeddable":true,"href":"https:\/\/www.omnesbands.international\/ja\/wp-json\/wp\/v2\/users\/4"}],"replies":[{"embeddable":true,"href":"https:\/\/www.omnesbands.international\/ja\/wp-json\/wp\/v2\/comments?post=1797"}],"version-history":[{"count":1,"href":"https:\/\/www.omnesbands.international\/ja\/wp-json\/wp\/v2\/pages\/1797\/revisions"}],"predecessor-version":[{"id":1798,"href":"https:\/\/www.omnesbands.international\/ja\/wp-json\/wp\/v2\/pages\/1797\/revisions\/1798"}],"wp:attachment":[{"href":"https:\/\/www.omnesbands.international\/ja\/wp-json\/wp\/v2\/media?parent=1797"}],"curies":[{"name":"wp","href":"https:\/\/api.w.org\/{rel}","templated":true}]}}