{"id":1800,"date":"2023-01-29T18:07:53","date_gmt":"2023-01-30T00:07:53","guid":{"rendered":"https:\/\/omnesbands.international\/?page_id=1800"},"modified":"2023-01-29T18:07:55","modified_gmt":"2023-01-30T00:07:55","slug":"vicente-gabriel-casanova-martinez-2","status":"publish","type":"page","link":"https:\/\/www.omnesbands.international\/ja\/vicente-gabriel-casanova-martinez-2\/","title":{"rendered":"\u30d3\u30bb\u30f3\u30c6\u30fb\u30ac\u30d6\u30ea\u30a8\u30eb\u30fb\u30ab\u30b5\u30ce\u30d0\u30fb\u30de\u30eb\u30c6\u30a3\u30cd\u30b9"},"content":{"rendered":"<div class=\"wp-block-uagb-container uagb-block-c3ae90d9 alignfull uagb-is-root-container\"><div class=\"uagb-container-inner-blocks-wrap\">\n<div class=\"wp-block-uagb-advanced-heading uagb-block-53e536f4\"><h1 class=\"uagb-heading-text\"><strong>\u30d3\u30bb\u30f3\u30c6\u30fb\u30ac\u30d6\u30ea\u30a8\u30eb\u30fb\u30ab\u30b5\u30ce\u30d0\u30fb\u30de\u30eb\u30c6\u30a3\u30cd\u30b9<\/strong><\/h1><\/div>\n<\/div><\/div>\n\n\n\n<div class=\"wp-block-uagb-container uagb-block-6f4e903f alignfull uagb-is-root-container\"><div class=\"uagb-container-inner-blocks-wrap\">\n<div class=\"wp-block-uagb-container uagb-block-7daf0bae\">\n<p>\u30d3\u30bb\u30f3\u30c6 \u30ac\u30d6\u30ea\u30a8\u30eb \u30ab\u30b5\u30ce\u30d0 \u30de\u30eb\u30c6\u30a3\u30cd\u30b9\u306f\u30011988 \u5e74\u306b\u30aa\u30f3\u30c6\u30a3\u30cb\u30a7\u30f3\u30c8 (\u30d0\u30ec\u30f3\u30b7\u30a2) \u3067\u751f\u307e\u308c\u3001\u300c\u30aa\u30b9\u30ab\u30fc \u30a8\u30b9\u30d7\u300d\u9ad8\u7b49\u97f3\u697d\u9662\u3067\u4f5c\u66f2\u306e\u97f3\u697d\u5b66\u4f4d\u3092\u53d6\u5f97\u3057\u3066\u3044\u307e\u3059\u3002\u30a2\u30ea\u30ab\u30f3\u30c6\u51fa\u8eab\u3002\u30d0\u30ec\u30f3\u30b7\u30a2\u306e\u9ad8\u7b49\u97f3\u697d\u9662\u300c\u30db\u30a2\u30ad\u30f3\u30fb\u30ed\u30c9\u30ea\u30b4\u300d\u306e\u97f3\u697d\u306e\u9ad8\u7b49\u5352\u696d\u751f\u3002 UNIR \u306e\u97f3\u697d\u7814\u7a76\u306e\u5927\u5b66\u4fee\u58eb\u53f7\u3068\u30a2\u30eb\u30d0\u30a4\u30c0\u5c02\u9580\u97f3\u697d\u9662\u306e\u30d1\u30fc\u30ab\u30c3\u30b7\u30e7\u30f3\u97f3\u697d\u306e\u5c02\u9580\u5b66\u4f4d \u30b3\u30f3\u30af\u30fc\u30eb\u3067\u306e\u3055\u307e\u3056\u307e\u306a\u8cde\u306e\u4e2d\u3067\u3001\u7b2c 3 \u56de\u97f3\u697d\u4f5c\u66f2\u30b3\u30f3\u30da\u30c6\u30a3\u30b7\u30e7\u30f3 t&#039;estera &#039;Casa Valencia \u306e\u6700\u512a\u79c0\u8cde\u304c\u969b\u7acb\u3063\u3066\u3044\u307e\u3059\u3002 go \u4ee5\u4e0a\u306e\u4f5c\u54c1\u3067\u69cb\u6210\u3055\u308c\u305f\u30ab\u30bf\u30ed\u30b0\u304c\u3042\u308a\u307e\u3059\u3002\u30d5\u30a7\u30b9\u30c6\u30ed\u30b9\u30fb\u30c7\u30eb\u30fb\u30b5\u30f3\u30c6\u30a3\u30b7\u30e2\u30fb\u30af\u30ea\u30b9\u30c8\u30fb\u30c7\u30fb\u30e9\u30fb\u30a2\u30b4\u30cb\u30a2\u5354\u4f1a\u307e\u305f\u306f\u30aa\u30f3\u30c6\u30a3\u30cb\u30a8\u30f3\u30c8\u306e\u7121\u539f\u7f6a\u61d0\u80ce\u306e\u796d\u5178\u5354\u4f1a\u306e\u59d4\u54e1\u4f1a\u3092\u5f37\u8abf\u3057\u3066\u3044\u307e\u3059\u3002\u5f7c\u306f\u73fe\u5728\u3001\u97f3\u697d\u30ef\u30fc\u30af\u30b7\u30e7\u30c3\u30d7_lave de &#039;Benimaclet\u306e\u8a8d\u5b9a\u30bb\u30f3\u30bf\u30fc\u3067\u6559\u5e2b\u3068\u3057\u3066\u50cd\u3044\u3066\u3044\u307e\u3059\u3002 (\u30d0\u30ec\u30f3\u30b7\u30a2\u306f\u3001\u30b5\u30f3\u30bf \u30de\u30ea\u30a2 \u30c7 \u30aa\u30f3\u30c6\u30a3\u30cb\u30a8\u30f3\u30c8\u6559\u533a\u306e\u5408\u5531\u56e3\u3092\u6307\u63ee\u3057\u3001.Grup de Xirimiters i Tabalters CA, ub de Bocairent \u306e\u6559\u5e2b\u517c\u6307\u63ee\u8005\u3067\u3059\u3002<\/p>\n<\/div>\n<\/div><\/div>\n\n\n<div class=\"woocommerce columns-4\"><ul class=\"products columns-4\">\n<li class=\"desktop-align-left tablet-align-left mobile-align-left ast-product-gallery-layout-horizontal-slider product type-product post-1045 status-publish first instock product_cat-musica-de-calle product_tag-vicente-gabriel-casanova-martinez has-post-thumbnail downloadable virtual taxable purchasable product-type-simple\">\n\t<a href=\"https:\/\/www.omnesbands.international\/ja\/product\/als-bekirins\/\" class=\"woocommerce-LoopProduct-link woocommerce-loop-product__link\"><img loading=\"lazy\" decoding=\"async\" width=\"300\" height=\"300\" src=\"https:\/\/www.omnesbands.international\/wp-content\/uploads\/2023\/01\/Als-Bekirins-300x300.jpg\" class=\"attachment-woocommerce_thumbnail size-woocommerce_thumbnail\" alt=\"Als Bekirins\" srcset=\"https:\/\/www.omnesbands.international\/wp-content\/uploads\/2023\/01\/Als-Bekirins-300x300.jpg 300w, https:\/\/www.omnesbands.international\/wp-content\/uploads\/2023\/01\/Als-Bekirins-150x150.jpg 150w, https:\/\/www.omnesbands.international\/wp-content\/uploads\/2023\/01\/Als-Bekirins-100x100.jpg 100w\" sizes=\"auto, (max-width: 300px) 100vw, 300px\" \/><h2 class=\"woocommerce-loop-product__title\">\u30a2\u30eb\u30b9\u30fb\u30d9\u30ad\u30ea\u30f3<\/h2>\n\t<span class=\"price\"><span class=\"woocommerce-Price-amount amount\"><bdi><span class=\"woocommerce-Price-currencySymbol\">&#36;<\/span>25.00<\/bdi><\/span><\/span>\n<\/a><a href=\"\/ja\/wp-json\/wp\/v2\/pages\/1800?add-to-cart=1045\" aria-describedby=\"woocommerce_loop_add_to_cart_link_describedby_1045\" data-quantity=\"1\" class=\"button product_type_simple add_to_cart_button ajax_add_to_cart\" data-product_id=\"1045\" data-product_sku=\"BEK-CAL-ESP-22\" aria-label=\"\u30ab\u30fc\u30c8\u306b\u8ffd\u52a0: \u300cAls Bekirins\u300d\" rel=\"nofollow\" data-success_message=\"\u300cAls Bekirins\u300d\u3092\u304a\u8cb7\u3044\u7269\u30ab\u30b4\u306b\u8ffd\u52a0\u3057\u307e\u3057\u305f\" role=\"button\" data-no-translation=\"\" data-trp-gettext=\"\" data-no-translation-aria-label=\"\" data-no-translation-data-success_message=\"\">\u304a\u8cb7\u3044\u7269\u30ab\u30b4\u306b\u8ffd\u52a0<\/a>\t<span id=\"woocommerce_loop_add_to_cart_link_describedby_1045\" class=\"screen-reader-text\">\n\t\t\t<\/span>\n<\/li>\n<\/ul>\n<\/div>","protected":false},"excerpt":{"rendered":"<p>VICENTE GABRIEL CASANOVA MART\u00cdNEZ Vicente Gabriel Casanova martinez nace en Ontinyent (Valencia) en 1988. Es Titulado Superior de M\u00fasica en Composici\u00f3n por el Conservatorio Superior de M\u00fasica &#8216;Oscar Esp.&#8217; de Alicante. Titulado Superior de M\u00fasica en Direcci\u00f3n por el Conservatorio Superior &#8216;Joaqu\u00edn Rodrigo&#8217; de Valencia. Master Universitario en investigaci\u00f3n M\u00fasica por la UNIR y Titulado [&hellip;]<\/p>\n","protected":false},"author":4,"featured_media":0,"parent":0,"menu_order":0,"comment_status":"closed","ping_status":"closed","template":"","meta":{"_acf_changed":false,"_uag_custom_page_level_css":"","site-sidebar-layout":"default","site-content-layout":"","ast-site-content-layout":"default","site-content-style":"default","site-sidebar-style":"default","ast-global-header-display":"","ast-banner-title-visibility":"","ast-main-header-display":"","ast-hfb-above-header-display":"","ast-hfb-below-header-display":"","ast-hfb-mobile-header-display":"","site-post-title":"disabled","ast-breadcrumbs-content":"","ast-featured-img":"","footer-sml-layout":"","ast-disable-related-posts":"","theme-transparent-header-meta":"","adv-header-id-meta":"","stick-header-meta":"","header-above-stick-meta":"","header-main-stick-meta":"","header-below-stick-meta":"","astra-migrate-meta-layouts":"default","ast-page-background-enabled":"default","ast-page-background-meta":{"desktop":{"background-color":"","background-image":"","background-repeat":"repeat","background-position":"center center","background-size":"auto","background-attachment":"scroll","background-type":"","background-media":"","overlay-type":"","overlay-color":"","overlay-opacity":"","overlay-gradient":""},"tablet":{"background-color":"","background-image":"","background-repeat":"repeat","background-position":"center center","background-size":"auto","background-attachment":"scroll","background-type":"","background-media":"","overlay-type":"","overlay-color":"","overlay-opacity":"","overlay-gradient":""},"mobile":{"background-color":"","background-image":"","background-repeat":"repeat","background-position":"center center","background-size":"auto","background-attachment":"scroll","background-type":"","background-media":"","overlay-type":"","overlay-color":"","overlay-opacity":"","overlay-gradient":""}},"ast-content-background-meta":{"desktop":{"background-color":"var(--ast-global-color-5)","background-image":"","background-repeat":"repeat","background-position":"center center","background-size":"auto","background-attachment":"scroll","background-type":"","background-media":"","overlay-type":"","overlay-color":"","overlay-opacity":"","overlay-gradient":""},"tablet":{"background-color":"var(--ast-global-color-5)","background-image":"","background-repeat":"repeat","background-position":"center center","background-size":"auto","background-attachment":"scroll","background-type":"","background-media":"","overlay-type":"","overlay-color":"","overlay-opacity":"","overlay-gradient":""},"mobile":{"background-color":"var(--ast-global-color-5)","background-image":"","background-repeat":"repeat","background-position":"center center","background-size":"auto","background-attachment":"scroll","background-type":"","background-media":"","overlay-type":"","overlay-color":"","overlay-opacity":"","overlay-gradient":""}},"footnotes":""},"class_list":["post-1800","page","type-page","status-publish","hentry"],"acf":[],"yoast_head":"<!-- This site is optimized with the Yoast SEO Premium plugin v22.4 (Yoast SEO v27.4) - https:\/\/yoast.com\/product\/yoast-seo-premium-wordpress\/ -->\n<title>VICENTE GABRIEL CASANOVA MART\u00cdNEZ -<\/title>\n<meta name=\"robots\" content=\"index, follow, max-snippet:-1, max-image-preview:large, max-video-preview:-1\" \/>\n<link rel=\"canonical\" href=\"https:\/\/www.omnesbands.international\/ja\/vicente-gabriel-casanova-martinez-2\/\" \/>\n<meta property=\"og:locale\" content=\"ja_JP\" \/>\n<meta property=\"og:type\" content=\"article\" \/>\n<meta property=\"og:title\" content=\"VICENTE GABRIEL CASANOVA MART\u00cdNEZ\" \/>\n<meta property=\"og:description\" content=\"VICENTE GABRIEL CASANOVA MART\u00cdNEZ Vicente Gabriel Casanova martinez nace en Ontinyent (Valencia) en 1988. Es Titulado Superior de M\u00fasica en Composici\u00f3n por el Conservatorio Superior de M\u00fasica &#8216;Oscar Esp.&#8217; de Alicante. Titulado Superior de M\u00fasica en Direcci\u00f3n por el Conservatorio Superior &#8216;Joaqu\u00edn Rodrigo&#8217; de Valencia. Master Universitario en investigaci\u00f3n M\u00fasica por la UNIR y Titulado [&hellip;]\" \/>\n<meta property=\"og:url\" content=\"https:\/\/www.omnesbands.international\/ja\/vicente-gabriel-casanova-martinez-2\/\" \/>\n<meta property=\"article:modified_time\" content=\"2023-01-30T00:07:55+00:00\" \/>\n<meta property=\"og:image\" content=\"https:\/\/www.omnesbands.international\/wp-content\/uploads\/2023\/01\/music-sheet-music-snowdrop-7107045.jpg\" \/>\n\t<meta property=\"og:image:width\" content=\"1280\" \/>\n\t<meta property=\"og:image:height\" content=\"742\" \/>\n\t<meta property=\"og:image:type\" content=\"image\/jpeg\" \/>\n<meta name=\"twitter:card\" content=\"summary_large_image\" \/>\n<meta name=\"twitter:label1\" content=\"\u63a8\u5b9a\u8aad\u307f\u53d6\u308a\u6642\u9593\" \/>\n\t<meta name=\"twitter:data1\" content=\"1\u5206\" \/>\n<script type=\"application\/ld+json\" class=\"yoast-schema-graph\">{\"@context\":\"https:\\\/\\\/schema.org\",\"@graph\":[{\"@type\":\"WebPage\",\"@id\":\"https:\\\/\\\/www.omnesbands.international\\\/ja\\\/vicente-gabriel-casanova-martinez-2\\\/\",\"url\":\"https:\\\/\\\/www.omnesbands.international\\\/ja\\\/vicente-gabriel-casanova-martinez-2\\\/\",\"name\":\"VICENTE GABRIEL CASANOVA MART\u00cdNEZ -\",\"isPartOf\":{\"@id\":\"https:\\\/\\\/www.omnesbands.international\\\/#website\"},\"datePublished\":\"2023-01-30T00:07:53+00:00\",\"dateModified\":\"2023-01-30T00:07:55+00:00\",\"breadcrumb\":{\"@id\":\"https:\\\/\\\/www.omnesbands.international\\\/ja\\\/vicente-gabriel-casanova-martinez-2\\\/#breadcrumb\"},\"inLanguage\":\"ja\",\"potentialAction\":[{\"@type\":\"ReadAction\",\"target\":[\"https:\\\/\\\/www.omnesbands.international\\\/ja\\\/vicente-gabriel-casanova-martinez-2\\\/\"]}]},{\"@type\":\"BreadcrumbList\",\"@id\":\"https:\\\/\\\/www.omnesbands.international\\\/ja\\\/vicente-gabriel-casanova-martinez-2\\\/#breadcrumb\",\"itemListElement\":[{\"@type\":\"ListItem\",\"position\":1,\"name\":\"Portada\",\"item\":\"https:\\\/\\\/www.omnesbands.international\\\/\"},{\"@type\":\"ListItem\",\"position\":2,\"name\":\"VICENTE GABRIEL CASANOVA MART\u00cdNEZ\"}]},{\"@type\":\"WebSite\",\"@id\":\"https:\\\/\\\/www.omnesbands.international\\\/#website\",\"url\":\"https:\\\/\\\/www.omnesbands.international\\\/\",\"name\":\"OMNESBANDS International\",\"description\":\"Partituras Originales de autores y compositores independientes\",\"publisher\":{\"@id\":\"https:\\\/\\\/www.omnesbands.international\\\/#organization\"},\"potentialAction\":[{\"@type\":\"SearchAction\",\"target\":{\"@type\":\"EntryPoint\",\"urlTemplate\":\"https:\\\/\\\/www.omnesbands.international\\\/?s={search_term_string}\"},\"query-input\":{\"@type\":\"PropertyValueSpecification\",\"valueRequired\":true,\"valueName\":\"search_term_string\"}}],\"inLanguage\":\"ja\"},{\"@type\":\"Organization\",\"@id\":\"https:\\\/\\\/www.omnesbands.international\\\/#organization\",\"name\":\"Indra Consultores Internacionales\",\"alternateName\":\"Omnesbands\",\"url\":\"https:\\\/\\\/www.omnesbands.international\\\/\",\"logo\":{\"@type\":\"ImageObject\",\"inLanguage\":\"ja\",\"@id\":\"https:\\\/\\\/www.omnesbands.international\\\/#\\\/schema\\\/logo\\\/image\\\/\",\"url\":\"https:\\\/\\\/omnesbands.international\\\/wp-content\\\/uploads\\\/2023\\\/06\\\/Logo-Nuevo-.png\",\"contentUrl\":\"https:\\\/\\\/omnesbands.international\\\/wp-content\\\/uploads\\\/2023\\\/06\\\/Logo-Nuevo-.png\",\"width\":394,\"height\":212,\"caption\":\"Indra Consultores Internacionales\"},\"image\":{\"@id\":\"https:\\\/\\\/www.omnesbands.international\\\/#\\\/schema\\\/logo\\\/image\\\/\"}}]}<\/script>\n<!-- \/ Yoast SEO Premium plugin. -->","yoast_head_json":{"title":"VICENTE GABRIEL CASANOVA MART\u00cdNEZ -","robots":{"index":"index","follow":"follow","max-snippet":"max-snippet:-1","max-image-preview":"max-image-preview:large","max-video-preview":"max-video-preview:-1"},"canonical":"https:\/\/www.omnesbands.international\/ja\/vicente-gabriel-casanova-martinez-2\/","og_locale":"ja_JP","og_type":"article","og_title":"VICENTE GABRIEL CASANOVA MART\u00cdNEZ","og_description":"VICENTE GABRIEL CASANOVA MART\u00cdNEZ Vicente Gabriel Casanova martinez nace en Ontinyent (Valencia) en 1988. Es Titulado Superior de M\u00fasica en Composici\u00f3n por el Conservatorio Superior de M\u00fasica &#8216;Oscar Esp.&#8217; de Alicante. Titulado Superior de M\u00fasica en Direcci\u00f3n por el Conservatorio Superior &#8216;Joaqu\u00edn Rodrigo&#8217; de Valencia. Master Universitario en investigaci\u00f3n M\u00fasica por la UNIR y Titulado [&hellip;]","og_url":"https:\/\/www.omnesbands.international\/ja\/vicente-gabriel-casanova-martinez-2\/","article_modified_time":"2023-01-30T00:07:55+00:00","og_image":[{"width":1280,"height":742,"url":"https:\/\/www.omnesbands.international\/wp-content\/uploads\/2023\/01\/music-sheet-music-snowdrop-7107045.jpg","type":"image\/jpeg"}],"twitter_card":"summary_large_image","twitter_misc":{"\u63a8\u5b9a\u8aad\u307f\u53d6\u308a\u6642\u9593":"1\u5206"},"schema":{"@context":"https:\/\/schema.org","@graph":[{"@type":"WebPage","@id":"https:\/\/www.omnesbands.international\/ja\/vicente-gabriel-casanova-martinez-2\/","url":"https:\/\/www.omnesbands.international\/ja\/vicente-gabriel-casanova-martinez-2\/","name":"VICENTE GABRIEL CASANOVA MART\u00cdNEZ -","isPartOf":{"@id":"https:\/\/www.omnesbands.international\/#website"},"datePublished":"2023-01-30T00:07:53+00:00","dateModified":"2023-01-30T00:07:55+00:00","breadcrumb":{"@id":"https:\/\/www.omnesbands.international\/ja\/vicente-gabriel-casanova-martinez-2\/#breadcrumb"},"inLanguage":"ja","potentialAction":[{"@type":"ReadAction","target":["https:\/\/www.omnesbands.international\/ja\/vicente-gabriel-casanova-martinez-2\/"]}]},{"@type":"BreadcrumbList","@id":"https:\/\/www.omnesbands.international\/ja\/vicente-gabriel-casanova-martinez-2\/#breadcrumb","itemListElement":[{"@type":"ListItem","position":1,"name":"Portada","item":"https:\/\/www.omnesbands.international\/"},{"@type":"ListItem","position":2,"name":"VICENTE GABRIEL CASANOVA MART\u00cdNEZ"}]},{"@type":"WebSite","@id":"https:\/\/www.omnesbands.international\/#website","url":"https:\/\/www.omnesbands.international\/","name":"OMNESBANDS International","description":"\u72ec\u7acb\u3057\u305f\u4f5c\u5bb6\u3084\u4f5c\u66f2\u5bb6\u306b\u3088\u308b\u30aa\u30ea\u30b8\u30ca\u30eb\u306e\u697d\u8b5c","publisher":{"@id":"https:\/\/www.omnesbands.international\/#organization"},"potentialAction":[{"@type":"SearchAction","target":{"@type":"EntryPoint","urlTemplate":"https:\/\/www.omnesbands.international\/?s={search_term_string}"},"query-input":{"@type":"PropertyValueSpecification","valueRequired":true,"valueName":"search_term_string"}}],"inLanguage":"ja"},{"@type":"Organization","@id":"https:\/\/www.omnesbands.international\/#organization","name":"\u30a4\u30f3\u30c9\u30e9\u56fd\u969b\u30b3\u30f3\u30b5\u30eb\u30bf\u30f3\u30c8","alternateName":"Omnesbands","url":"https:\/\/www.omnesbands.international\/","logo":{"@type":"ImageObject","inLanguage":"ja","@id":"https:\/\/www.omnesbands.international\/#\/schema\/logo\/image\/","url":"https:\/\/omnesbands.international\/wp-content\/uploads\/2023\/06\/Logo-Nuevo-.png","contentUrl":"https:\/\/omnesbands.international\/wp-content\/uploads\/2023\/06\/Logo-Nuevo-.png","width":394,"height":212,"caption":"Indra Consultores Internacionales"},"image":{"@id":"https:\/\/www.omnesbands.international\/#\/schema\/logo\/image\/"}}]}},"uagb_featured_image_src":{"full":false,"thumbnail":false,"medium":false,"medium_large":false,"large":false,"1536x1536":false,"2048x2048":false,"trp-custom-language-flag":false,"gg_gallery_thumbnail":false,"woocommerce_thumbnail":false,"woocommerce_single":false,"woocommerce_gallery_thumbnail":false},"uagb_author_info":{"display_name":"Melvin R. Portillo A:","author_link":"https:\/\/www.omnesbands.international\/ja\/author\/portand\/"},"uagb_comment_info":0,"uagb_excerpt":"VICENTE GABRIEL CASANOVA MART\u00cdNEZ Vicente Gabriel Casanova martinez nace en Ontinyent (Valencia) en 1988. Es Titulado Superior de M\u00fasica en Composici\u00f3n por el Conservatorio Superior de M\u00fasica &#8216;Oscar Esp.&#8217; de Alicante. Titulado Superior de M\u00fasica en Direcci\u00f3n por el Conservatorio Superior &#8216;Joaqu\u00edn Rodrigo&#8217; de Valencia. Master Universitario en investigaci\u00f3n M\u00fasica por la UNIR y Titulado&hellip;","_links":{"self":[{"href":"https:\/\/www.omnesbands.international\/ja\/wp-json\/wp\/v2\/pages\/1800","targetHints":{"allow":["GET"]}}],"collection":[{"href":"https:\/\/www.omnesbands.international\/ja\/wp-json\/wp\/v2\/pages"}],"about":[{"href":"https:\/\/www.omnesbands.international\/ja\/wp-json\/wp\/v2\/types\/page"}],"author":[{"embeddable":true,"href":"https:\/\/www.omnesbands.international\/ja\/wp-json\/wp\/v2\/users\/4"}],"replies":[{"embeddable":true,"href":"https:\/\/www.omnesbands.international\/ja\/wp-json\/wp\/v2\/comments?post=1800"}],"version-history":[{"count":1,"href":"https:\/\/www.omnesbands.international\/ja\/wp-json\/wp\/v2\/pages\/1800\/revisions"}],"predecessor-version":[{"id":1801,"href":"https:\/\/www.omnesbands.international\/ja\/wp-json\/wp\/v2\/pages\/1800\/revisions\/1801"}],"wp:attachment":[{"href":"https:\/\/www.omnesbands.international\/ja\/wp-json\/wp\/v2\/media?parent=1800"}],"curies":[{"name":"wp","href":"https:\/\/api.w.org\/{rel}","templated":true}]}}