{"id":1802,"date":"2023-01-29T18:11:46","date_gmt":"2023-01-30T00:11:46","guid":{"rendered":"https:\/\/omnesbands.international\/?page_id=1802"},"modified":"2023-01-29T18:11:48","modified_gmt":"2023-01-30T00:11:48","slug":"victor-valles-fornet-2","status":"publish","type":"page","link":"https:\/\/www.omnesbands.international\/ja\/victor-valles-fornet-2\/","title":{"rendered":"\u30d3\u30af\u30bf\u30fc\u30fb\u30f4\u30a1\u30ec\u30b9\u30fb\u30d5\u30a9\u30fc\u30cd\u30c3\u30c8"},"content":{"rendered":"<div class=\"wp-block-uagb-container uagb-block-cf31e1bf alignfull uagb-is-root-container\"><div class=\"uagb-container-inner-blocks-wrap\">\n<div class=\"wp-block-uagb-advanced-heading uagb-block-7b0d8b09\"><h1 class=\"uagb-heading-text\"><strong>\u30d3\u30af\u30bf\u30fc\u30fb\u30f4\u30a1\u30ec\u30b9\u30fb\u30d5\u30a9\u30fc\u30cd\u30c3\u30c8<\/strong><\/h1><\/div>\n<\/div><\/div>\n\n\n\n<div class=\"wp-block-uagb-container uagb-block-8a7e71be alignfull uagb-is-root-container\"><div class=\"uagb-container-inner-blocks-wrap\">\n<div class=\"wp-block-uagb-container uagb-block-4a7ed608\">\n<p>\u30d3\u30af\u30c8\u30eb\u30fb\u30f4\u30a1\u30ec\u30b9\u30fb\u30d5\u30a9\u30eb\u30cd (1984 \u5e74) \u306f\u30d5\u30a7\u30eb\u30d8\u30eb (\u30a2\u30ea\u30ab\u30f3\u30c6) \u3067\u751f\u307e\u308c\u307e\u3057\u305f\u3002\u5f7c\u306f\u3001\u305d\u308c\u305e\u308c\u30c7\u30cb\u30a2\u3068\u30aa\u30ea\u30d0\u306e\u300c\u30c6\u30ca\u30fc\u30fb\u30b3\u30eb\u30c6\u30a3\u30b9\u300d\u304a\u3088\u3073\u300c\u30b8\u30e7\u30bc\u30c3\u30d7\u30fb\u30af\u30ea\u30e1\u30f3\u30c8\u300d\u5c02\u9580\u97f3\u697d\u9662\u3067\u30c8\u30e9\u30f3\u30da\u30c3\u30c8\u3068\u30d4\u30a2\u30ce\u306e\u4e2d\u7d1a\u5b66\u4f4d\u3092\u53d6\u5f97\u3057\u307e\u3057\u305f\u3002 2008\u5e74\u306b\u30d0\u30ec\u30f3\u30b7\u30a2\u306e\u300c\u30db\u30a2\u30ad\u30f3\u30fb\u30ed\u30c9\u30ea\u30b4\u300d\u9ad8\u7b49\u97f3\u697d\u9662\u3067\u4f5c\u66f2\u306e\u4e0a\u7d1a\u5b66\u4f4d\u3068\u7279\u5225\u6700\u7d42\u5e74\u5ea6\u8cde\u3092\u53d6\u5f97\u3057\u3001\u30e9\u30e2\u30f3\u30fb\u30e9\u30e2\u30b9\u3001\u30b0\u30ec\u30b4\u30ea\u30aa\u30fb\u30d2\u30e1\u30cd\u30b9\u3001\u30a8\u30f3\u30ea\u30b1\u30fb\u30b5\u30f3\u30b9\u3001\u30bb\u30b6\u30fc\u30eb\u30fb\u30ab\u30ce\u3001\u30a8\u30df\u30ea\u30aa\u30fb\u30ab\u30e9\u30f3\u30c7\u30a3\u30f3\u3001\u30d5\u30e9\u30f3\u30b7\u30b9\u30b3\u30fb\u30bf\u30de\u30ea\u30c3\u30c8\u306a\u3069\u306e\u6559\u5e2b\u306b\u5e2b\u4e8b\u3057\u305f\u3002 ..\u305d\u3057\u3066\u3001\u30a8\u30f3\u30ea\u30b1\u30fb\u30b5\u30f3\u30b9=\u30d6\u30eb\u30b2\u30c6\u304c\u3053\u308c\u307e\u3067\u306b\u6240\u6709\u3057\u3066\u3044\u308b2\u3064\u306e\u30e1\u30bf\u30eb\u30fb\u30af\u30a4\u30f3\u30c6\u30c3\u30c8\u3001\u30ac\u30a6\u30c7\u30a3*\u30a6\u30e0\u3068\u30d9\u30c3\u30c6\u30a3\u30fc\u30ca\u5bfe\u30b2\u30fc\u30c6\u306b\u95a2\u3059\u308b\u7814\u7a76\u30d7\u30ed\u30b8\u30a7\u30af\u30c8(\u512a\u7b49\u751f)\u3092\u5b9f\u884c\u3057\u3066\u3044\u307e\u3059\u3002\u73fe\u4ee3\u97f3\u697d\u5c02\u9580\u8a8c Espacio Sonoro (www.tallersonoro.com\/anterioresES\/25\/index.html) \u306b\u5206\u6790\u306e\u5f62\u3067\u4f5c\u54c1\u304c\u63b2\u8f09\u3055\u308c\u307e\u3057\u305f\u3002 2010\u5e74\u3001\u5f7c\u306f\u30ab\u30fc\u30e1\u30ed\u30fbA\u30fb\u30d9\u30eb\u30ca\u30aa\u30e9\u306b\u95a2\u3059\u308b\u7814\u7a76\u300c\u30ab\u30eb\u30e1\u30ed\u30fbA\u30fb\u30d9\u30eb\u30ca\u30aa\u30e9\u306e\u97f3\u5f62\u614b\u5b66\u306b\u304a\u3051\u308b\u5206\u6790\u3001\u67d4\u8edf\u6027\u3001\u73fe\u8c61\u5b66\u300d\u3092\u7814\u7a76\u3057\u3001UPV\u306e\u300c\u73fe\u4ee3\u97f3\u697d\u300d\u5c02\u9580\u5206\u91ce\u3067\u97f3\u697d\u4fee\u58eb\u53f7\u3092\u53d6\u5f97\u3057\u305f\u3002<\/p>\n<p>\u5f7c\u306f\u30a4\u30f4\u30a1\u30f3\u30fb\u30ce\u30f3\u30df\u30c3\u30af\u3001\u30a2\u30b0\u30b9\u30c6\u30a3\u30f3\u30fb\u30c1\u30e3\u30fc\u30eb\u30ba\u3001\u30ec\u30aa\u30ca\u30eb\u30c9\u30fb\u30d0\u30e9\u30c0\u3001\u30d3\u30b7\u30e7\u30d5\u304b\u3089\u5206\u6790\u3068\u4f5c\u66f2\u306e\u30b3\u30fc\u30b9\u3092\u53d7\u8b1b\u3057\u3001\u30db\u30bb\u30fbR\u30fb\u30d1\u30b9\u30af\u30a2\u30eb\uff1d\u30f4\u30a3\u30e9\u30d7\u30e9\u30ca\uff084\u5e74\u9593\uff09\u3001\u30b8\u30e7\u30a2\u30f3\u30fb\u30a8\u30b9\u30d4\u30ce\u30fc\u30b5\u3001\u30e4\u30f3\u30fb\u30b3\u30fc\u30d0\u30fc\u3001\u30a2\u30ec\u30c3\u30af\u30b9\u30fb\u30b7\u30ea\u30f3\u30b0\u30b9\u3001\u30c8\u30fc\u30de\u30b9\u30fb\u30c9\u30a5\u30fc\u30b9\u3001\u30e6\u30fc\u30b8\u30f3\u30fb\u30b3\u30fc\u30dd\u30ed\u30f3\u304b\u3089\u6307\u63ee\u3092\u7fd2\u3063\u3066\u3044\u308b\u3002<\/p>\n<p>\u5f7c\u306e\u4f5c\u54c1\u306f\u3001\u300cSynth\u00e8se 2008 de Bourges\u300d\uff08\u30d5\u30e9\u30f3\u30b9\uff09\u3001\u300cIV Conference of Contemporary Music\u300d\uff08\u30b3\u30eb\u30c9\u30d0 - \u30a2\u30eb\u30bc\u30f3\u30c1\u30f3\uff09\u3001\u300cQuadraphonic Conference\u300d\u30ad\u30eb\u30e1\u30b9\u5927\u5b66\uff08\u30d6\u30a8\u30ce\u30b9\u30a2\u30a4\u30ec\u30b9 - \u30a2\u30eb\u30bc\u30f3\u30c1\u30f3\uff09\u3001\u300c\u30c4\u30a7\u30c3\u30da\u30ea\u30f3\u300d\u306a\u3069\u306e\u30d5\u30a7\u30b9\u30c6\u30a3\u30d0\u30eb\u3067\u6f14\u594f\u3055\u308c\u3066\u3044\u307e\u3059\u3002 2008\u300d\uff08\u30d0\u30eb\u30bb\u30ed\u30ca\uff09\u3001\u300cLlocs de Pas 2009\u30012010\u300d\uff08\u30d0\u30eb\u30bb\u30ed\u30ca\uff09\u3001\u300cPunto de Encuentro 2007\u30012008\u30012010\u30012011\u30012012\u30012013\u30012014\u30012016\u300d\uff08AMEE\u30b9\u30da\u30a4\u30f3\u5354\u4f1a\u4e3b\u50ac\u306e\u96fb\u6c17\u97f3\u97ff\u97f3\u697d\u30d5\u30a7\u30b9\u30c6\u30a3\u30d0\u30eb\uff09\u96fb\u5b50\u97f3\u97ff\u97f3\u697d - ) \u300c\u30d0\u30ec\u30f3\u30b7\u30a2\u306e\u96fb\u5b50\u97f3\u97ff\u306e\u6625 2007 \u304a\u3088\u3073 2008\u300d (\u30d0\u30ec\u30f3\u30b7\u30a2)\u3001\u300c\u30b9\u30d1\u30cb\u30c3\u30b7\u30e5 \u30d6\u30e9\u30b9 \u30a2\u30eb\u30b8\u30e9 2010\u30012014\u30012015 \u304a\u3088\u3073 2017\u300d\u3001\u300c\u30d6\u30e9\u30b9\u30b5\u30e9\u30a6\u30f3\u30c9 \u30c8\u30ec\u30f3\u30c8 \u30d5\u30a7\u30b9\u30c6\u30a3\u30d0\u30eb 2012 \u304a\u3088\u3073 2016\u300d\u3001\u300c\u30a2\u30f4\u30a4 \u30df\u30e5\u30fc\u30b8\u30c3\u30af \u30b7\u30fc\u30ba\u30f3 2012 \u2013 2021\u300d (\u30d0\u30eb\u30bb\u30ed\u30ca) \u3001\u300cEnsems\u300d2015\u30012020\u30012021\u5e74\uff08\u30d0\u30ec\u30f3\u30b7\u30a2\uff09\u2026\u521d\u6f14\u4f5c\u54c1\u3001\u30b8\u30e7\u30bc\u30c3\u30d7\u30fb\u30d5\u30b9\u30bf\u30fc\uff08OBC\u30af\u30e9\u30ea\u30cd\u30c3\u30c8\uff09\u3001\u30f4\u30a3\u30bb\u30f3\u30c8\u30fb\u30ed\u30da\u30b9\uff08\u30c1\u30e5\u30fc\u30d0\uff09\u3001\u30a2\u30e2\u30fc\u30ec\u30b9\u30fb\u30b0\u30eb\u30fc\u30d7\u30fb\u30c7\u30fb\u30d1\u30fc\u30ab\u30c3\u30b7\u30aa\u3001\u30b9\u30d1\u30cb\u30c3\u30b7\u30e5\u30fb\u30d6\u30e9\u30b9\u30fb\u30eb\u30fc\u30eb\u30fb\u30e1\u30bf\u30eb\u30ba\u3001\u30af\u30a4\u30f3\u30c6\u30c3\u30c8\u30fb\u30af\u30a8\u30b9\u30bf\u3001\u30a2\u30fc\u30c8\u30fb\u30aa\u30d6\u30fb\u91d1\u7ba1\u697d\u5668\u30d0\u30ec\u30f3\u30b7\u30a2\u3001\u30af\u30a4\u30f3\u30c6\u30c3\u30c8\u30fb\u30f4\u30a7\u30eb\u30b8\u30a7\u3001QMAV\u3001\u30d0\u30ec\u30f3\u30b7\u30a2\u3001\u30de\u30e8\u30eb\u30ab\u3001\u30d3\u30eb\u30d0\u30aa\u306e\u5e02\u7acb\u97f3\u697d\u968a\u304c\u3001\u30d0\u30ec\u30f3\u30b7\u30a2\u306e\u30d1\u30e9\u30aa\u30fb\u30c7\u30fb\u30e9\u30fb\u30e0\u30b8\u30ab\u3001\u30de\u30c9\u30ea\u30fc\u30c9\u306eBBVA\u8ca1\u56e3\u672c\u90e8\u3001\u30d0\u30ec\u30f3\u30b7\u30a2\u306e\u30bd\u30d5\u30a3\u30a2\u738b\u5983\u82b8\u8853\u5bae\u6bbf\u306e\u653f\u52d9\u5b98\u30db\u30fc\u30eb\u306a\u3069\u306e\u8b1b\u5802\u3067\u6f14\u594f\u3002\u30d0\u30eb\u30bb\u30ed\u30ca\u306e\u30e2\u30f3\u30dd\u30a6\u8b1b\u5802\u3001\u30d3\u30eb\u30d0\u30aa\u306e\u30a8\u30a6\u30b9\u30ab\u30eb\u30c9\u30a5\u30ca\u5bae\u6bbf\u3001\u30b0\u30e9\u30f3\u30ab\u30ca\u30ea\u30a2\u5cf6\u306e\u30a2\u30eb\u30d5\u30ec\u30c3\u30c9\u30fb\u30af\u30e9\u30a6\u30b9\u8b1b\u5802\u3002<\/p>\n<p>\u3053\u308c\u3089\u306e\u4f5c\u54c1\u306e\u4e00\u90e8\u306f\u3001Al Puerto\u3001Brotons &amp; Mercadal\u3001B&amp;M Levante\u3001Omnes Band\u3001Piles\u3001MusicVall\u3001\u304a\u3088\u3073\u30b9\u30d1\u30cb\u30c3\u30b7\u30e5 \u30d6\u30e9\u30b9 (SB) \u51fa\u7248\u793e\u3067 CD \u3068\u697d\u8b5c\u306e\u4e21\u65b9\u3067\u9332\u97f3\u3055\u308c\u3066\u3044\u307e\u3059\u3002<\/p>\n<p>\u4ee5\u4e0b\u306e\u4f5c\u66f2\u30b3\u30f3\u30af\u30fc\u30eb\u3067\u53d7\u8cde\u6b74\u304c\u3042\u308b\u3002<\/p>\n<p>\u2013 2012 \u5e74\u30a2\u30eb\u30b3\u30a4\u795d\u796d\u97f3\u697d\u4f5c\u66f2\u30b3\u30f3\u30c6\u30b9\u30c8\u306e XLVIII \u7248\u3067\u7b2c 1 \u4f4d\u3002<br \/>\u2013 2012\u5e74\u30d0\u30f3\u30c0\u30fb\u30f4\u30a3\u30e9\u30fb\u30c7\u30fb\u30e0\u30ed\u56fd\u969b\u4f5c\u66f2\u30b3\u30f3\u30af\u30fc\u30ebIV\u7248\u7b2c1\u4f4d\u3002<br \/>\u2013 2013\u5e74\u7b2c1\u56de\u30f4\u30a3\u30c3\u30ec\u30ca\u97f3\u697d\u796d\u97f3\u697d\u4f5c\u66f2\u30b3\u30f3\u30c6\u30b9\u30c8\u3067\u7b2c1\u4f4d\u3002<br \/>(\u3068\u308a\u308f\u3051)<\/p>\n<\/div>\n<\/div><\/div>\n\n\n<div class=\"woocommerce columns-4\"><ul class=\"products columns-4\">\n<li class=\"desktop-align-left tablet-align-left mobile-align-left ast-product-gallery-layout-horizontal-slider product type-product post-1142 status-publish first instock product_cat-sinfonicas product_tag-victor-valles-fornet has-post-thumbnail downloadable virtual taxable purchasable product-type-simple\">\n\t<a href=\"https:\/\/www.omnesbands.international\/ja\/product\/mutacions\/\" class=\"woocommerce-LoopProduct-link woocommerce-loop-product__link\"><img loading=\"lazy\" decoding=\"async\" width=\"300\" height=\"300\" src=\"https:\/\/www.omnesbands.international\/wp-content\/uploads\/2023\/01\/Mutaciones-300x300.jpg\" class=\"attachment-woocommerce_thumbnail size-woocommerce_thumbnail\" alt=\"Mutaciones\" srcset=\"https:\/\/www.omnesbands.international\/wp-content\/uploads\/2023\/01\/Mutaciones-300x300.jpg 300w, https:\/\/www.omnesbands.international\/wp-content\/uploads\/2023\/01\/Mutaciones-150x150.jpg 150w, https:\/\/www.omnesbands.international\/wp-content\/uploads\/2023\/01\/Mutaciones-12x12.jpg 12w, https:\/\/www.omnesbands.international\/wp-content\/uploads\/2023\/01\/Mutaciones-100x100.jpg 100w\" sizes=\"auto, (max-width: 300px) 100vw, 300px\" \/><h2 class=\"woocommerce-loop-product__title\">\u7a81\u7136\u5909\u7570<\/h2>\n\t<span class=\"price\"><span class=\"woocommerce-Price-amount amount\"><bdi><span class=\"woocommerce-Price-currencySymbol\">&#36;<\/span>40.00<\/bdi><\/span><\/span>\n<\/a><a href=\"\/ja\/wp-json\/wp\/v2\/pages\/1802?add-to-cart=1142\" aria-describedby=\"woocommerce_loop_add_to_cart_link_describedby_1142\" data-quantity=\"1\" class=\"button product_type_simple add_to_cart_button ajax_add_to_cart\" data-product_id=\"1142\" data-product_sku=\"MUT-SIN-ESP-22\" aria-label=\"\u30ab\u30fc\u30c8\u306b\u8ffd\u52a0: \u300cMutacions\u300d\" rel=\"nofollow\" data-success_message=\"\u300cMutacions\u300d\u3092\u304a\u8cb7\u3044\u7269\u30ab\u30b4\u306b\u8ffd\u52a0\u3057\u307e\u3057\u305f\" role=\"button\" data-no-translation=\"\" data-trp-gettext=\"\" data-no-translation-aria-label=\"\" data-no-translation-data-success_message=\"\">\u304a\u8cb7\u3044\u7269\u30ab\u30b4\u306b\u8ffd\u52a0<\/a>\t<span id=\"woocommerce_loop_add_to_cart_link_describedby_1142\" class=\"screen-reader-text\">\n\t\t\t<\/span>\n<\/li>\n<\/ul>\n<\/div>","protected":false},"excerpt":{"rendered":"<p>VICTOR VALL\u00c9S FORNET V\u00edctor Vall\u00e9s Fornet (1984) nace en Vergel (Alicante). Finaliza el Grado Medio de trompeta y piano en los Conservatorios Profesionales \u201cTenor Cortis\u201d y \u201cJosep Climent\u201d de Denia y Oliva respectivamente. En el 2008 obtiene el t\u00edtulo superior de Composici\u00f3n y Premio Extraordinario Final de Carrera en el Conservatorio Superior de M\u00fasica \u201cJoaqu\u00edn [&hellip;]<\/p>\n","protected":false},"author":4,"featured_media":0,"parent":0,"menu_order":0,"comment_status":"closed","ping_status":"closed","template":"","meta":{"_acf_changed":false,"_uag_custom_page_level_css":"","site-sidebar-layout":"default","site-content-layout":"","ast-site-content-layout":"default","site-content-style":"default","site-sidebar-style":"default","ast-global-header-display":"","ast-banner-title-visibility":"","ast-main-header-display":"","ast-hfb-above-header-display":"","ast-hfb-below-header-display":"","ast-hfb-mobile-header-display":"","site-post-title":"disabled","ast-breadcrumbs-content":"","ast-featured-img":"","footer-sml-layout":"","ast-disable-related-posts":"","theme-transparent-header-meta":"","adv-header-id-meta":"","stick-header-meta":"","header-above-stick-meta":"","header-main-stick-meta":"","header-below-stick-meta":"","astra-migrate-meta-layouts":"default","ast-page-background-enabled":"default","ast-page-background-meta":{"desktop":{"background-color":"","background-image":"","background-repeat":"repeat","background-position":"center center","background-size":"auto","background-attachment":"scroll","background-type":"","background-media":"","overlay-type":"","overlay-color":"","overlay-opacity":"","overlay-gradient":""},"tablet":{"background-color":"","background-image":"","background-repeat":"repeat","background-position":"center center","background-size":"auto","background-attachment":"scroll","background-type":"","background-media":"","overlay-type":"","overlay-color":"","overlay-opacity":"","overlay-gradient":""},"mobile":{"background-color":"","background-image":"","background-repeat":"repeat","background-position":"center center","background-size":"auto","background-attachment":"scroll","background-type":"","background-media":"","overlay-type":"","overlay-color":"","overlay-opacity":"","overlay-gradient":""}},"ast-content-background-meta":{"desktop":{"background-color":"var(--ast-global-color-5)","background-image":"","background-repeat":"repeat","background-position":"center center","background-size":"auto","background-attachment":"scroll","background-type":"","background-media":"","overlay-type":"","overlay-color":"","overlay-opacity":"","overlay-gradient":""},"tablet":{"background-color":"var(--ast-global-color-5)","background-image":"","background-repeat":"repeat","background-position":"center center","background-size":"auto","background-attachment":"scroll","background-type":"","background-media":"","overlay-type":"","overlay-color":"","overlay-opacity":"","overlay-gradient":""},"mobile":{"background-color":"var(--ast-global-color-5)","background-image":"","background-repeat":"repeat","background-position":"center center","background-size":"auto","background-attachment":"scroll","background-type":"","background-media":"","overlay-type":"","overlay-color":"","overlay-opacity":"","overlay-gradient":""}},"footnotes":""},"class_list":["post-1802","page","type-page","status-publish","hentry"],"acf":[],"yoast_head":"<!-- This site is optimized with the Yoast SEO Premium plugin v22.4 (Yoast SEO v27.4) - https:\/\/yoast.com\/product\/yoast-seo-premium-wordpress\/ -->\n<title>VICTOR VALL\u00c9S FORNET -<\/title>\n<meta name=\"robots\" content=\"index, follow, max-snippet:-1, max-image-preview:large, max-video-preview:-1\" \/>\n<link rel=\"canonical\" href=\"https:\/\/www.omnesbands.international\/ja\/victor-valles-fornet-2\/\" \/>\n<meta property=\"og:locale\" content=\"ja_JP\" \/>\n<meta property=\"og:type\" content=\"article\" \/>\n<meta property=\"og:title\" content=\"VICTOR VALL\u00c9S FORNET\" \/>\n<meta property=\"og:description\" content=\"VICTOR VALL\u00c9S FORNET V\u00edctor Vall\u00e9s Fornet (1984) nace en Vergel (Alicante). Finaliza el Grado Medio de trompeta y piano en los Conservatorios Profesionales \u201cTenor Cortis\u201d y \u201cJosep Climent\u201d de Denia y Oliva respectivamente. En el 2008 obtiene el t\u00edtulo superior de Composici\u00f3n y Premio Extraordinario Final de Carrera en el Conservatorio Superior de M\u00fasica \u201cJoaqu\u00edn [&hellip;]\" \/>\n<meta property=\"og:url\" content=\"https:\/\/www.omnesbands.international\/ja\/victor-valles-fornet-2\/\" \/>\n<meta property=\"article:modified_time\" content=\"2023-01-30T00:11:48+00:00\" \/>\n<meta property=\"og:image\" content=\"https:\/\/www.omnesbands.international\/wp-content\/uploads\/2023\/01\/music-sheet-music-snowdrop-7107045.jpg\" \/>\n\t<meta property=\"og:image:width\" content=\"1280\" \/>\n\t<meta property=\"og:image:height\" content=\"742\" \/>\n\t<meta property=\"og:image:type\" content=\"image\/jpeg\" \/>\n<meta name=\"twitter:card\" content=\"summary_large_image\" \/>\n<meta name=\"twitter:label1\" content=\"\u63a8\u5b9a\u8aad\u307f\u53d6\u308a\u6642\u9593\" \/>\n\t<meta name=\"twitter:data1\" content=\"3\u5206\" \/>\n<script type=\"application\/ld+json\" class=\"yoast-schema-graph\">{\"@context\":\"https:\\\/\\\/schema.org\",\"@graph\":[{\"@type\":\"WebPage\",\"@id\":\"https:\\\/\\\/www.omnesbands.international\\\/victor-valles-fornet-2\\\/\",\"url\":\"https:\\\/\\\/www.omnesbands.international\\\/victor-valles-fornet-2\\\/\",\"name\":\"VICTOR VALL\u00c9S FORNET -\",\"isPartOf\":{\"@id\":\"https:\\\/\\\/www.omnesbands.international\\\/#website\"},\"datePublished\":\"2023-01-30T00:11:46+00:00\",\"dateModified\":\"2023-01-30T00:11:48+00:00\",\"breadcrumb\":{\"@id\":\"https:\\\/\\\/www.omnesbands.international\\\/victor-valles-fornet-2\\\/#breadcrumb\"},\"inLanguage\":\"ja\",\"potentialAction\":[{\"@type\":\"ReadAction\",\"target\":[\"https:\\\/\\\/www.omnesbands.international\\\/victor-valles-fornet-2\\\/\"]}]},{\"@type\":\"BreadcrumbList\",\"@id\":\"https:\\\/\\\/www.omnesbands.international\\\/victor-valles-fornet-2\\\/#breadcrumb\",\"itemListElement\":[{\"@type\":\"ListItem\",\"position\":1,\"name\":\"Portada\",\"item\":\"https:\\\/\\\/www.omnesbands.international\\\/\"},{\"@type\":\"ListItem\",\"position\":2,\"name\":\"VICTOR VALL\u00c9S FORNET\"}]},{\"@type\":\"WebSite\",\"@id\":\"https:\\\/\\\/www.omnesbands.international\\\/#website\",\"url\":\"https:\\\/\\\/www.omnesbands.international\\\/\",\"name\":\"OMNESBANDS International\",\"description\":\"Partituras Originales de autores y compositores independientes\",\"publisher\":{\"@id\":\"https:\\\/\\\/www.omnesbands.international\\\/#organization\"},\"potentialAction\":[{\"@type\":\"SearchAction\",\"target\":{\"@type\":\"EntryPoint\",\"urlTemplate\":\"https:\\\/\\\/www.omnesbands.international\\\/?s={search_term_string}\"},\"query-input\":{\"@type\":\"PropertyValueSpecification\",\"valueRequired\":true,\"valueName\":\"search_term_string\"}}],\"inLanguage\":\"ja\"},{\"@type\":\"Organization\",\"@id\":\"https:\\\/\\\/www.omnesbands.international\\\/#organization\",\"name\":\"Indra Consultores Internacionales\",\"alternateName\":\"Omnesbands\",\"url\":\"https:\\\/\\\/www.omnesbands.international\\\/\",\"logo\":{\"@type\":\"ImageObject\",\"inLanguage\":\"ja\",\"@id\":\"https:\\\/\\\/www.omnesbands.international\\\/#\\\/schema\\\/logo\\\/image\\\/\",\"url\":\"https:\\\/\\\/omnesbands.international\\\/wp-content\\\/uploads\\\/2023\\\/06\\\/Logo-Nuevo-.png\",\"contentUrl\":\"https:\\\/\\\/omnesbands.international\\\/wp-content\\\/uploads\\\/2023\\\/06\\\/Logo-Nuevo-.png\",\"width\":394,\"height\":212,\"caption\":\"Indra Consultores Internacionales\"},\"image\":{\"@id\":\"https:\\\/\\\/www.omnesbands.international\\\/#\\\/schema\\\/logo\\\/image\\\/\"}}]}<\/script>\n<!-- \/ Yoast SEO Premium plugin. -->","yoast_head_json":{"title":"VICTOR VALL\u00c9S FORNET -","robots":{"index":"index","follow":"follow","max-snippet":"max-snippet:-1","max-image-preview":"max-image-preview:large","max-video-preview":"max-video-preview:-1"},"canonical":"https:\/\/www.omnesbands.international\/ja\/victor-valles-fornet-2\/","og_locale":"ja_JP","og_type":"article","og_title":"VICTOR VALL\u00c9S FORNET","og_description":"VICTOR VALL\u00c9S FORNET V\u00edctor Vall\u00e9s Fornet (1984) nace en Vergel (Alicante). Finaliza el Grado Medio de trompeta y piano en los Conservatorios Profesionales \u201cTenor Cortis\u201d y \u201cJosep Climent\u201d de Denia y Oliva respectivamente. En el 2008 obtiene el t\u00edtulo superior de Composici\u00f3n y Premio Extraordinario Final de Carrera en el Conservatorio Superior de M\u00fasica \u201cJoaqu\u00edn [&hellip;]","og_url":"https:\/\/www.omnesbands.international\/ja\/victor-valles-fornet-2\/","article_modified_time":"2023-01-30T00:11:48+00:00","og_image":[{"width":1280,"height":742,"url":"https:\/\/www.omnesbands.international\/wp-content\/uploads\/2023\/01\/music-sheet-music-snowdrop-7107045.jpg","type":"image\/jpeg"}],"twitter_card":"summary_large_image","twitter_misc":{"\u63a8\u5b9a\u8aad\u307f\u53d6\u308a\u6642\u9593":"3\u5206"},"schema":{"@context":"https:\/\/schema.org","@graph":[{"@type":"WebPage","@id":"https:\/\/www.omnesbands.international\/victor-valles-fornet-2\/","url":"https:\/\/www.omnesbands.international\/victor-valles-fornet-2\/","name":"VICTOR VALL\u00c9S FORNET -","isPartOf":{"@id":"https:\/\/www.omnesbands.international\/#website"},"datePublished":"2023-01-30T00:11:46+00:00","dateModified":"2023-01-30T00:11:48+00:00","breadcrumb":{"@id":"https:\/\/www.omnesbands.international\/victor-valles-fornet-2\/#breadcrumb"},"inLanguage":"ja","potentialAction":[{"@type":"ReadAction","target":["https:\/\/www.omnesbands.international\/victor-valles-fornet-2\/"]}]},{"@type":"BreadcrumbList","@id":"https:\/\/www.omnesbands.international\/victor-valles-fornet-2\/#breadcrumb","itemListElement":[{"@type":"ListItem","position":1,"name":"Portada","item":"https:\/\/www.omnesbands.international\/"},{"@type":"ListItem","position":2,"name":"VICTOR VALL\u00c9S FORNET"}]},{"@type":"WebSite","@id":"https:\/\/www.omnesbands.international\/#website","url":"https:\/\/www.omnesbands.international\/","name":"OMNESBANDS International","description":"\u72ec\u7acb\u3057\u305f\u4f5c\u5bb6\u3084\u4f5c\u66f2\u5bb6\u306b\u3088\u308b\u30aa\u30ea\u30b8\u30ca\u30eb\u306e\u697d\u8b5c","publisher":{"@id":"https:\/\/www.omnesbands.international\/#organization"},"potentialAction":[{"@type":"SearchAction","target":{"@type":"EntryPoint","urlTemplate":"https:\/\/www.omnesbands.international\/?s={search_term_string}"},"query-input":{"@type":"PropertyValueSpecification","valueRequired":true,"valueName":"search_term_string"}}],"inLanguage":"ja"},{"@type":"Organization","@id":"https:\/\/www.omnesbands.international\/#organization","name":"\u30a4\u30f3\u30c9\u30e9\u56fd\u969b\u30b3\u30f3\u30b5\u30eb\u30bf\u30f3\u30c8","alternateName":"Omnesbands","url":"https:\/\/www.omnesbands.international\/","logo":{"@type":"ImageObject","inLanguage":"ja","@id":"https:\/\/www.omnesbands.international\/#\/schema\/logo\/image\/","url":"https:\/\/omnesbands.international\/wp-content\/uploads\/2023\/06\/Logo-Nuevo-.png","contentUrl":"https:\/\/omnesbands.international\/wp-content\/uploads\/2023\/06\/Logo-Nuevo-.png","width":394,"height":212,"caption":"Indra Consultores Internacionales"},"image":{"@id":"https:\/\/www.omnesbands.international\/#\/schema\/logo\/image\/"}}]}},"uagb_featured_image_src":{"full":false,"thumbnail":false,"medium":false,"medium_large":false,"large":false,"1536x1536":false,"2048x2048":false,"trp-custom-language-flag":false,"gg_gallery_thumbnail":false,"woocommerce_thumbnail":false,"woocommerce_single":false,"woocommerce_gallery_thumbnail":false},"uagb_author_info":{"display_name":"Melvin R. Portillo A:","author_link":"https:\/\/www.omnesbands.international\/ja\/author\/portand\/"},"uagb_comment_info":0,"uagb_excerpt":"VICTOR VALL\u00c9S FORNET V\u00edctor Vall\u00e9s Fornet (1984) nace en Vergel (Alicante). Finaliza el Grado Medio de trompeta y piano en los Conservatorios Profesionales \u201cTenor Cortis\u201d y \u201cJosep Climent\u201d de Denia y Oliva respectivamente. En el 2008 obtiene el t\u00edtulo superior de Composici\u00f3n y Premio Extraordinario Final de Carrera en el Conservatorio Superior de M\u00fasica \u201cJoaqu\u00edn&hellip;","_links":{"self":[{"href":"https:\/\/www.omnesbands.international\/ja\/wp-json\/wp\/v2\/pages\/1802","targetHints":{"allow":["GET"]}}],"collection":[{"href":"https:\/\/www.omnesbands.international\/ja\/wp-json\/wp\/v2\/pages"}],"about":[{"href":"https:\/\/www.omnesbands.international\/ja\/wp-json\/wp\/v2\/types\/page"}],"author":[{"embeddable":true,"href":"https:\/\/www.omnesbands.international\/ja\/wp-json\/wp\/v2\/users\/4"}],"replies":[{"embeddable":true,"href":"https:\/\/www.omnesbands.international\/ja\/wp-json\/wp\/v2\/comments?post=1802"}],"version-history":[{"count":1,"href":"https:\/\/www.omnesbands.international\/ja\/wp-json\/wp\/v2\/pages\/1802\/revisions"}],"predecessor-version":[{"id":1803,"href":"https:\/\/www.omnesbands.international\/ja\/wp-json\/wp\/v2\/pages\/1802\/revisions\/1803"}],"wp:attachment":[{"href":"https:\/\/www.omnesbands.international\/ja\/wp-json\/wp\/v2\/media?parent=1802"}],"curies":[{"name":"wp","href":"https:\/\/api.w.org\/{rel}","templated":true}]}}