{"id":1804,"date":"2023-01-29T18:19:28","date_gmt":"2023-01-30T00:19:28","guid":{"rendered":"https:\/\/omnesbands.international\/?page_id=1804"},"modified":"2023-01-29T18:20:16","modified_gmt":"2023-01-30T00:20:16","slug":"vicent-cerda-i-peris-2","status":"publish","type":"page","link":"https:\/\/www.omnesbands.international\/ja\/vicent-cerda-i-peris-2\/","title":{"rendered":"\u30f4\u30a3\u30bb\u30f3\u30c8\u30fb\u30bb\u30eb\u30c0\u30fbI\u30fb\u30da\u30ea\u30b9"},"content":{"rendered":"<div class=\"wp-block-uagb-container uagb-block-ec3c21f9 alignfull uagb-is-root-container\"><div class=\"uagb-container-inner-blocks-wrap\">\n<div class=\"wp-block-uagb-advanced-heading uagb-block-a26dd92a\"><h1 class=\"uagb-heading-text\"><strong>\u30f4\u30a3\u30bb\u30f3\u30c8\u30fb\u30bb\u30eb\u30c0\u30fbI\u30fb\u30da\u30ea\u30b9<\/strong><\/h1><\/div>\n<\/div><\/div>\n\n\n\n<div class=\"wp-block-uagb-container uagb-block-d0bc1752 alignfull uagb-is-root-container\"><div class=\"uagb-container-inner-blocks-wrap\">\n<div class=\"wp-block-uagb-container uagb-block-5245636d\">\n<p>\u30d0\u30ec\u30f3\u30b7\u30a2\u306e\u753a\u30d0\u30ea\u30e3\u30c0\u51fa\u8eab\u306e\u82e5\u3044\u4f5c\u66f2\u5bb6\u3001\u30f4\u30a3\u30bb\u30f3\u30c8\u30fb\u30bb\u30eb\u30c0\u30fb\u30a4\u30fb\u30da\u30ea\u30b9\u306f\u3001\u30d0\u30ea\u30e3\u30c0\u306e\u30e6\u30cb\u30aa\u30f3\u30fb\u30d7\u30ed\u30c6\u30af\u30c8\u30e9\u30fb\u30df\u30e5\u30fc\u30b8\u30ab\u30eb\u306e\u97f3\u697d\u5b66\u6821\u3067\u30e6\u30fc\u30d5\u30a9\u30cb\u30a2\u30e0\u3001\u30ed\u30c3\u30c9\u30fb\u30c8\u30ed\u30f3\u30dc\u30fc\u30f3\u3001\u30d4\u30a2\u30ce\u306e\u5c02\u9580\u5206\u91ce\u3092\u5b66\u3073\u3001\u540c\u6642\u306b\u30d0\u30ea\u30e3\u30c0\u306e\u97f3\u697d\u5b66\u6821\u3067\u3082\u5352\u696d\u3057\u307e\u3057\u305f\u3002\u30a2\u30eb\u30b8\u30e9\u97f3\u697d\u5354\u4f1a\u3002\u305d\u306e\u5f8c\u3001\u30d0\u30ec\u30f3\u30b7\u30a2\u306e\u300c\u30db\u30a2\u30ad\u30f3\u30fb\u30ed\u30c9\u30ea\u30b4\u300d\u97f3\u697d\u9662\uff082004 \u5e74\u5352\u696d\u751f\uff09\u3068\u30bb\u30d3\u30ea\u30a2\u306e\u300c\u30de\u30cc\u30a8\u30eb\u30fb\u30ab\u30b9\u30c6\u30a3\u30fc\u30b8\u30e7\u300d\u97f3\u697d\u9662\uff082006 \u5e74\u5352\u696d\u751f\uff09\u3067\u30e6\u30fc\u30d5\u30a9\u30cb\u30a2\u30e0\u306e\u697d\u5668\u5c02\u9580\u306e\u9ad8\u7b49\u6559\u80b2\u3092\u4fee\u4e86\u3057\u307e\u3057\u305f\u3002\u5f7c\u306f\u3001\u5c02\u9580\u5206\u91ce\u3067\u3042\u308b\u30e6\u30fc\u30d5\u30a9\u30cb\u30a2\u30e0\u306b\u304a\u3044\u3066\u3001\u30b9\u30c6\u30a3\u30fc\u30d6\u30f3\u30fb\u30df\u30fc\u30c9\u3001\u30d5\u30a2\u30f3\u30fb\u30db\u30bb\u30fb\u30e0\u30cd\u30e9\u3001\u30d1\u30c8\u30ea\u30c3\u30af\u30fb\u30cf\u30ea\u30eb\u30c9\u306a\u3069\u306e\u5049\u5927\u306a\u56fd\u969b\u7684\u30bd\u30ea\u30b9\u30c8\u305f\u3061\u306b\u5e2b\u4e8b\u3057\u3001\u9577\u5e74\u306b\u308f\u305f\u3063\u3066...\u00a0<\/p>\n<p>\u6f14\u594f\u5bb6\u3068\u3057\u3066\u3001\u5f7c\u306f\u30d5\u30e9\u30f3\u30b9\u3084\u30aa\u30e9\u30f3\u30c0\u3067\u306e\u516c\u6f14\u3092\u542b\u3080\u30b9\u30da\u30a4\u30f3\u5168\u571f\u3067\u516c\u6f14\u3092\u884c\u3063\u3066\u304a\u308a\u3001\u305d\u306e\u4e2d\u3067\u3082\u30e9\u30b8\u30aa\u3067\u653e\u9001\u3055\u308c\u305f\u30a2\u30eb\u30b8\u30e9\u97f3\u697d\u5354\u4f1a\u3068\u306e\u300c\u30e6\u30fc\u30d5\u30a9\u30cb\u30a2\u30e0\u306e\u305f\u3081\u306e\u72c2\u8a69\u66f2\u300d\u306e\u30bd\u30ed\u30fb\u30d1\u30d5\u30a9\u30fc\u30de\u30f3\u30b9\u306f\u6ce8\u76ee\u306b\u5024\u3059\u308b\u3002 9.<\/p>\n<p>\u5f7c\u306f\u30d0\u30ec\u30f3\u30b7\u30a2\u306e\u30b3\u30df\u30e5\u30cb\u30c6\u30a3\u3084\u30a2\u30f3\u30c0\u30eb\u30b7\u30a2\u306e\u3055\u307e\u3056\u307e\u306a\u30d0\u30f3\u30c9\u3068\u5b9a\u671f\u7684\u306b\u30b3\u30e9\u30dc\u30ec\u30fc\u30b7\u30e7\u30f3\u3057\u3066\u304a\u308a\u3001\u30a2\u30e9\u30d0\u30c8\u30d0\u30f3\u30c9\u306e\u30c8\u30ed\u30f3\u30dc\u30fc\u30f3\u306e\u30c7\u30a3\u30ec\u30af\u30bf\u30fc\u3092\u52d9\u3081\u3066\u3044\u307e\u3059\u3002<\/p>\n<p>\u4f5c\u66f2\u5bb6\u3068\u3057\u3066\u3001\u884c\u5217\u97f3\u697d\u3084\u795d\u796d\u97f3\u697d\u306e\u4e2d\u3067\u5f7c\u306e\u30ec\u30d1\u30fc\u30c8\u30ea\u30fc\u3092\u5f37\u8abf\u3059\u308b\u3053\u3068\u306f\u4fa1\u5024\u304c\u3042\u308a\u307e\u3059\u3002\u5f7c\u306e\u795d\u796d\u97f3\u697d\u306e\u30ab\u30bf\u30ed\u30b0\u306b\u306f\u3001\u30b5\u30f3 \u30d6\u30e9\u30b9 (\u30a2\u30ea\u30ab\u30f3\u30c6) \u306e\u30e0\u30fc\u30a2\u4eba\u3068\u30ad\u30ea\u30b9\u30c8\u6559\u5f92\u306e\u795d\u796d\u3001\u7279\u306b\u3055\u307e\u3056\u307e\u306a\u30ad\u30e3\u30d7\u30c6\u30f3\u30b7\u30fc\u306e\u305f\u3081\u306b\u59d4\u5631\u3055\u308c\u305f\u66f2\u304c\u3044\u304f\u3064\u304b\u542b\u307e\u308c\u3066\u3044\u307e\u3059\u3002\u305d\u3057\u3066\u3001\u884c\u5217\u97f3\u697d\u306e\u30ab\u30bf\u30ed\u30b0\u306e\u4e2d\u3067\u3001\u30bb\u30d3\u30ea\u30a2\u5e02\u306e\u540c\u80de\u56e3\u306b\u6367\u3052\u3089\u308c\u3001\u307e\u305f\u540c\u80de\u56e3\u304b\u3089\u306e\u59d4\u8a17\u306b\u3088\u3063\u3066\u4f5c\u3089\u308c\u305f\u4f5c\u54c1\u306e\u591a\u69d8\u6027\u306b\u3064\u3044\u3066\u8a00\u53ca\u3059\u308b\u4fa1\u5024\u304c\u3042\u308a\u3001\u5f7c\u3089\u306e\u4f5c\u54c1\u306f\u73fe\u5728\u3082\u3055\u307e\u3056\u307e\u306a\u540c\u80de\u56e3\u3067\u6f14\u594f\u3055\u308c\u7d9a\u3051\u3066\u3044\u307e\u3059\u3002<\/p>\n<\/div>\n<\/div><\/div>\n\n\n<div class=\"woocommerce columns-4\"><ul class=\"products columns-4\">\n<li class=\"desktop-align-left tablet-align-left mobile-align-left ast-product-gallery-layout-horizontal-slider product type-product post-967 status-publish first instock product_cat-musica-religiosa product_tag-vicent-cerda-i-peris has-post-thumbnail downloadable virtual taxable purchasable product-type-simple\">\n\t<a href=\"https:\/\/www.omnesbands.international\/ja\/product\/esperanza-de-alicante-coronada\/\" class=\"woocommerce-LoopProduct-link woocommerce-loop-product__link\"><img loading=\"lazy\" decoding=\"async\" width=\"300\" height=\"300\" src=\"https:\/\/www.omnesbands.international\/wp-content\/uploads\/2023\/01\/Esperanza-de-Alicante-Coronada-300x300.jpg\" class=\"attachment-woocommerce_thumbnail size-woocommerce_thumbnail\" alt=\"Esperanza de Alicante Coronada\" srcset=\"https:\/\/www.omnesbands.international\/wp-content\/uploads\/2023\/01\/Esperanza-de-Alicante-Coronada-300x300.jpg 300w, https:\/\/www.omnesbands.international\/wp-content\/uploads\/2023\/01\/Esperanza-de-Alicante-Coronada-150x150.jpg 150w, https:\/\/www.omnesbands.international\/wp-content\/uploads\/2023\/01\/Esperanza-de-Alicante-Coronada-100x100.jpg 100w\" sizes=\"auto, (max-width: 300px) 100vw, 300px\" \/><h2 class=\"woocommerce-loop-product__title\">\u30a2\u30ea\u30ab\u30f3\u30c6\u306e\u5e0c\u671b\u304c\u6234\u51a0<\/h2>\n\t<span class=\"price\"><span class=\"woocommerce-Price-amount amount\"><bdi><span class=\"woocommerce-Price-currencySymbol\">&#36;<\/span>25.00<\/bdi><\/span><\/span>\n<\/a><a href=\"\/ja\/wp-json\/wp\/v2\/pages\/1804?add-to-cart=967\" aria-describedby=\"woocommerce_loop_add_to_cart_link_describedby_967\" data-quantity=\"1\" class=\"button product_type_simple add_to_cart_button ajax_add_to_cart\" data-product_id=\"967\" data-product_sku=\"ESP-REL-ESP-22\" aria-label=\"\u30ab\u30fc\u30c8\u306b\u8ffd\u52a0: \u300cEsperanza de Alicante Coronada\u300d\" rel=\"nofollow\" data-success_message=\"\u300cEsperanza de Alicante Coronada\u300d\u3092\u304a\u8cb7\u3044\u7269\u30ab\u30b4\u306b\u8ffd\u52a0\u3057\u307e\u3057\u305f\" role=\"button\" data-no-translation=\"\" data-trp-gettext=\"\" data-no-translation-aria-label=\"\" data-no-translation-data-success_message=\"\">\u304a\u8cb7\u3044\u7269\u30ab\u30b4\u306b\u8ffd\u52a0<\/a>\t<span id=\"woocommerce_loop_add_to_cart_link_describedby_967\" class=\"screen-reader-text\">\n\t\t\t<\/span>\n<\/li>\n<li class=\"desktop-align-left tablet-align-left mobile-align-left ast-product-gallery-layout-horizontal-slider product type-product post-980 status-publish instock product_cat-musica-religiosa product_tag-vicent-cerda-i-peris has-post-thumbnail downloadable virtual taxable purchasable product-type-simple\">\n\t<a href=\"https:\/\/www.omnesbands.international\/ja\/product\/980\/\" class=\"woocommerce-LoopProduct-link woocommerce-loop-product__link\"><img loading=\"lazy\" decoding=\"async\" width=\"300\" height=\"300\" src=\"https:\/\/www.omnesbands.international\/wp-content\/uploads\/2023\/01\/Sol-de-Esperanza-300x300.jpg\" class=\"attachment-woocommerce_thumbnail size-woocommerce_thumbnail\" alt=\"Sol de Esperanza\" srcset=\"https:\/\/www.omnesbands.international\/wp-content\/uploads\/2023\/01\/Sol-de-Esperanza-300x300.jpg 300w, https:\/\/www.omnesbands.international\/wp-content\/uploads\/2023\/01\/Sol-de-Esperanza-150x150.jpg 150w, https:\/\/www.omnesbands.international\/wp-content\/uploads\/2023\/01\/Sol-de-Esperanza-100x100.jpg 100w\" sizes=\"auto, (max-width: 300px) 100vw, 300px\" \/><h2 class=\"woocommerce-loop-product__title\">\u5e0c\u671b\u306e\u592a\u967d<\/h2>\n\t<span class=\"price\"><span class=\"woocommerce-Price-amount amount\"><bdi><span class=\"woocommerce-Price-currencySymbol\">&#36;<\/span>25.00<\/bdi><\/span><\/span>\n<\/a><a href=\"\/ja\/wp-json\/wp\/v2\/pages\/1804?add-to-cart=980\" aria-describedby=\"woocommerce_loop_add_to_cart_link_describedby_980\" data-quantity=\"1\" class=\"button product_type_simple add_to_cart_button ajax_add_to_cart\" data-product_id=\"980\" data-product_sku=\"SOL-REL-ESP-22\" aria-label=\"\u30ab\u30fc\u30c8\u306b\u8ffd\u52a0: \u300cSol de Esperanza\u300d\" rel=\"nofollow\" data-success_message=\"\u300cSol de Esperanza\u300d\u3092\u304a\u8cb7\u3044\u7269\u30ab\u30b4\u306b\u8ffd\u52a0\u3057\u307e\u3057\u305f\" role=\"button\" data-no-translation=\"\" data-trp-gettext=\"\" data-no-translation-aria-label=\"\" data-no-translation-data-success_message=\"\">\u304a\u8cb7\u3044\u7269\u30ab\u30b4\u306b\u8ffd\u52a0<\/a>\t<span id=\"woocommerce_loop_add_to_cart_link_describedby_980\" class=\"screen-reader-text\">\n\t\t\t<\/span>\n<\/li>\n<\/ul>\n<\/div>","protected":false},"excerpt":{"rendered":"<p>VICENT CERD\u00c1 I PERIS El joven compositor de la localidad valenciana de Vallada, Vicent Cerd\u00e0 i Peris, realiza sus estudios en las especialidades de Bombardino, Tromb\u00f3n de Varas y Piano en la escuela de m\u00fasica de la Uni\u00f3n Protectora Musical de Vallada y al mismo tiempo en la escuela de m\u00fasica de la Societat Musical [&hellip;]<\/p>\n","protected":false},"author":4,"featured_media":0,"parent":0,"menu_order":0,"comment_status":"closed","ping_status":"closed","template":"","meta":{"_acf_changed":false,"_uag_custom_page_level_css":"","site-sidebar-layout":"default","site-content-layout":"","ast-site-content-layout":"default","site-content-style":"default","site-sidebar-style":"default","ast-global-header-display":"","ast-banner-title-visibility":"","ast-main-header-display":"","ast-hfb-above-header-display":"","ast-hfb-below-header-display":"","ast-hfb-mobile-header-display":"","site-post-title":"disabled","ast-breadcrumbs-content":"","ast-featured-img":"","footer-sml-layout":"","ast-disable-related-posts":"","theme-transparent-header-meta":"","adv-header-id-meta":"","stick-header-meta":"","header-above-stick-meta":"","header-main-stick-meta":"","header-below-stick-meta":"","astra-migrate-meta-layouts":"default","ast-page-background-enabled":"default","ast-page-background-meta":{"desktop":{"background-color":"","background-image":"","background-repeat":"repeat","background-position":"center center","background-size":"auto","background-attachment":"scroll","background-type":"","background-media":"","overlay-type":"","overlay-color":"","overlay-opacity":"","overlay-gradient":""},"tablet":{"background-color":"","background-image":"","background-repeat":"repeat","background-position":"center center","background-size":"auto","background-attachment":"scroll","background-type":"","background-media":"","overlay-type":"","overlay-color":"","overlay-opacity":"","overlay-gradient":""},"mobile":{"background-color":"","background-image":"","background-repeat":"repeat","background-position":"center center","background-size":"auto","background-attachment":"scroll","background-type":"","background-media":"","overlay-type":"","overlay-color":"","overlay-opacity":"","overlay-gradient":""}},"ast-content-background-meta":{"desktop":{"background-color":"var(--ast-global-color-5)","background-image":"","background-repeat":"repeat","background-position":"center center","background-size":"auto","background-attachment":"scroll","background-type":"","background-media":"","overlay-type":"","overlay-color":"","overlay-opacity":"","overlay-gradient":""},"tablet":{"background-color":"var(--ast-global-color-5)","background-image":"","background-repeat":"repeat","background-position":"center center","background-size":"auto","background-attachment":"scroll","background-type":"","background-media":"","overlay-type":"","overlay-color":"","overlay-opacity":"","overlay-gradient":""},"mobile":{"background-color":"var(--ast-global-color-5)","background-image":"","background-repeat":"repeat","background-position":"center center","background-size":"auto","background-attachment":"scroll","background-type":"","background-media":"","overlay-type":"","overlay-color":"","overlay-opacity":"","overlay-gradient":""}},"footnotes":""},"class_list":["post-1804","page","type-page","status-publish","hentry"],"acf":[],"yoast_head":"<!-- This site is optimized with the Yoast SEO Premium plugin v22.4 (Yoast SEO v27.4) - https:\/\/yoast.com\/product\/yoast-seo-premium-wordpress\/ -->\n<title>VICENT CERD\u00c1 I PERIS -<\/title>\n<meta name=\"robots\" content=\"index, follow, max-snippet:-1, max-image-preview:large, max-video-preview:-1\" \/>\n<link rel=\"canonical\" href=\"https:\/\/www.omnesbands.international\/ja\/vicent-cerda-i-peris-2\/\" \/>\n<meta property=\"og:locale\" content=\"ja_JP\" \/>\n<meta property=\"og:type\" content=\"article\" \/>\n<meta property=\"og:title\" content=\"VICENT CERD\u00c1 I PERIS\" \/>\n<meta property=\"og:description\" content=\"VICENT CERD\u00c1 I PERIS El joven compositor de la localidad valenciana de Vallada, Vicent Cerd\u00e0 i Peris, realiza sus estudios en las especialidades de Bombardino, Tromb\u00f3n de Varas y Piano en la escuela de m\u00fasica de la Uni\u00f3n Protectora Musical de Vallada y al mismo tiempo en la escuela de m\u00fasica de la Societat Musical [&hellip;]\" \/>\n<meta property=\"og:url\" content=\"https:\/\/www.omnesbands.international\/ja\/vicent-cerda-i-peris-2\/\" \/>\n<meta property=\"article:modified_time\" content=\"2023-01-30T00:20:16+00:00\" \/>\n<meta property=\"og:image\" content=\"https:\/\/www.omnesbands.international\/wp-content\/uploads\/2023\/01\/music-sheet-music-snowdrop-7107045.jpg\" \/>\n\t<meta property=\"og:image:width\" content=\"1280\" \/>\n\t<meta property=\"og:image:height\" content=\"742\" \/>\n\t<meta property=\"og:image:type\" content=\"image\/jpeg\" \/>\n<meta name=\"twitter:card\" content=\"summary_large_image\" \/>\n<meta name=\"twitter:label1\" content=\"\u63a8\u5b9a\u8aad\u307f\u53d6\u308a\u6642\u9593\" \/>\n\t<meta name=\"twitter:data1\" content=\"1\u5206\" \/>\n<script type=\"application\/ld+json\" class=\"yoast-schema-graph\">{\"@context\":\"https:\\\/\\\/schema.org\",\"@graph\":[{\"@type\":\"WebPage\",\"@id\":\"https:\\\/\\\/www.omnesbands.international\\\/fr\\\/vicent-cerda-i-peris-2\\\/\",\"url\":\"https:\\\/\\\/www.omnesbands.international\\\/fr\\\/vicent-cerda-i-peris-2\\\/\",\"name\":\"VICENT CERD\u00c1 I PERIS -\",\"isPartOf\":{\"@id\":\"https:\\\/\\\/www.omnesbands.international\\\/#website\"},\"datePublished\":\"2023-01-30T00:19:28+00:00\",\"dateModified\":\"2023-01-30T00:20:16+00:00\",\"breadcrumb\":{\"@id\":\"https:\\\/\\\/www.omnesbands.international\\\/fr\\\/vicent-cerda-i-peris-2\\\/#breadcrumb\"},\"inLanguage\":\"ja\",\"potentialAction\":[{\"@type\":\"ReadAction\",\"target\":[\"https:\\\/\\\/www.omnesbands.international\\\/fr\\\/vicent-cerda-i-peris-2\\\/\"]}]},{\"@type\":\"BreadcrumbList\",\"@id\":\"https:\\\/\\\/www.omnesbands.international\\\/fr\\\/vicent-cerda-i-peris-2\\\/#breadcrumb\",\"itemListElement\":[{\"@type\":\"ListItem\",\"position\":1,\"name\":\"Portada\",\"item\":\"https:\\\/\\\/www.omnesbands.international\\\/\"},{\"@type\":\"ListItem\",\"position\":2,\"name\":\"VICENT CERD\u00c1 I PERIS\"}]},{\"@type\":\"WebSite\",\"@id\":\"https:\\\/\\\/www.omnesbands.international\\\/#website\",\"url\":\"https:\\\/\\\/www.omnesbands.international\\\/\",\"name\":\"OMNESBANDS International\",\"description\":\"Partituras Originales de autores y compositores independientes\",\"publisher\":{\"@id\":\"https:\\\/\\\/www.omnesbands.international\\\/#organization\"},\"potentialAction\":[{\"@type\":\"SearchAction\",\"target\":{\"@type\":\"EntryPoint\",\"urlTemplate\":\"https:\\\/\\\/www.omnesbands.international\\\/?s={search_term_string}\"},\"query-input\":{\"@type\":\"PropertyValueSpecification\",\"valueRequired\":true,\"valueName\":\"search_term_string\"}}],\"inLanguage\":\"ja\"},{\"@type\":\"Organization\",\"@id\":\"https:\\\/\\\/www.omnesbands.international\\\/#organization\",\"name\":\"Indra Consultores Internacionales\",\"alternateName\":\"Omnesbands\",\"url\":\"https:\\\/\\\/www.omnesbands.international\\\/\",\"logo\":{\"@type\":\"ImageObject\",\"inLanguage\":\"ja\",\"@id\":\"https:\\\/\\\/www.omnesbands.international\\\/#\\\/schema\\\/logo\\\/image\\\/\",\"url\":\"https:\\\/\\\/omnesbands.international\\\/wp-content\\\/uploads\\\/2023\\\/06\\\/Logo-Nuevo-.png\",\"contentUrl\":\"https:\\\/\\\/omnesbands.international\\\/wp-content\\\/uploads\\\/2023\\\/06\\\/Logo-Nuevo-.png\",\"width\":394,\"height\":212,\"caption\":\"Indra Consultores Internacionales\"},\"image\":{\"@id\":\"https:\\\/\\\/www.omnesbands.international\\\/#\\\/schema\\\/logo\\\/image\\\/\"}}]}<\/script>\n<!-- \/ Yoast SEO Premium plugin. -->","yoast_head_json":{"title":"VICENT CERD\u00c1 I PERIS -","robots":{"index":"index","follow":"follow","max-snippet":"max-snippet:-1","max-image-preview":"max-image-preview:large","max-video-preview":"max-video-preview:-1"},"canonical":"https:\/\/www.omnesbands.international\/ja\/vicent-cerda-i-peris-2\/","og_locale":"ja_JP","og_type":"article","og_title":"VICENT CERD\u00c1 I PERIS","og_description":"VICENT CERD\u00c1 I PERIS El joven compositor de la localidad valenciana de Vallada, Vicent Cerd\u00e0 i Peris, realiza sus estudios en las especialidades de Bombardino, Tromb\u00f3n de Varas y Piano en la escuela de m\u00fasica de la Uni\u00f3n Protectora Musical de Vallada y al mismo tiempo en la escuela de m\u00fasica de la Societat Musical [&hellip;]","og_url":"https:\/\/www.omnesbands.international\/ja\/vicent-cerda-i-peris-2\/","article_modified_time":"2023-01-30T00:20:16+00:00","og_image":[{"width":1280,"height":742,"url":"https:\/\/www.omnesbands.international\/wp-content\/uploads\/2023\/01\/music-sheet-music-snowdrop-7107045.jpg","type":"image\/jpeg"}],"twitter_card":"summary_large_image","twitter_misc":{"\u63a8\u5b9a\u8aad\u307f\u53d6\u308a\u6642\u9593":"1\u5206"},"schema":{"@context":"https:\/\/schema.org","@graph":[{"@type":"WebPage","@id":"https:\/\/www.omnesbands.international\/fr\/vicent-cerda-i-peris-2\/","url":"https:\/\/www.omnesbands.international\/fr\/vicent-cerda-i-peris-2\/","name":"VICENT CERD\u00c1 I PERIS -","isPartOf":{"@id":"https:\/\/www.omnesbands.international\/#website"},"datePublished":"2023-01-30T00:19:28+00:00","dateModified":"2023-01-30T00:20:16+00:00","breadcrumb":{"@id":"https:\/\/www.omnesbands.international\/fr\/vicent-cerda-i-peris-2\/#breadcrumb"},"inLanguage":"ja","potentialAction":[{"@type":"ReadAction","target":["https:\/\/www.omnesbands.international\/fr\/vicent-cerda-i-peris-2\/"]}]},{"@type":"BreadcrumbList","@id":"https:\/\/www.omnesbands.international\/fr\/vicent-cerda-i-peris-2\/#breadcrumb","itemListElement":[{"@type":"ListItem","position":1,"name":"Portada","item":"https:\/\/www.omnesbands.international\/"},{"@type":"ListItem","position":2,"name":"VICENT CERD\u00c1 I PERIS"}]},{"@type":"WebSite","@id":"https:\/\/www.omnesbands.international\/#website","url":"https:\/\/www.omnesbands.international\/","name":"OMNESBANDS International","description":"\u72ec\u7acb\u3057\u305f\u4f5c\u5bb6\u3084\u4f5c\u66f2\u5bb6\u306b\u3088\u308b\u30aa\u30ea\u30b8\u30ca\u30eb\u306e\u697d\u8b5c","publisher":{"@id":"https:\/\/www.omnesbands.international\/#organization"},"potentialAction":[{"@type":"SearchAction","target":{"@type":"EntryPoint","urlTemplate":"https:\/\/www.omnesbands.international\/?s={search_term_string}"},"query-input":{"@type":"PropertyValueSpecification","valueRequired":true,"valueName":"search_term_string"}}],"inLanguage":"ja"},{"@type":"Organization","@id":"https:\/\/www.omnesbands.international\/#organization","name":"\u30a4\u30f3\u30c9\u30e9\u56fd\u969b\u30b3\u30f3\u30b5\u30eb\u30bf\u30f3\u30c8","alternateName":"Omnesbands","url":"https:\/\/www.omnesbands.international\/","logo":{"@type":"ImageObject","inLanguage":"ja","@id":"https:\/\/www.omnesbands.international\/#\/schema\/logo\/image\/","url":"https:\/\/omnesbands.international\/wp-content\/uploads\/2023\/06\/Logo-Nuevo-.png","contentUrl":"https:\/\/omnesbands.international\/wp-content\/uploads\/2023\/06\/Logo-Nuevo-.png","width":394,"height":212,"caption":"Indra Consultores Internacionales"},"image":{"@id":"https:\/\/www.omnesbands.international\/#\/schema\/logo\/image\/"}}]}},"uagb_featured_image_src":{"full":false,"thumbnail":false,"medium":false,"medium_large":false,"large":false,"1536x1536":false,"2048x2048":false,"trp-custom-language-flag":false,"gg_gallery_thumbnail":false,"woocommerce_thumbnail":false,"woocommerce_single":false,"woocommerce_gallery_thumbnail":false},"uagb_author_info":{"display_name":"Melvin R. Portillo A:","author_link":"https:\/\/www.omnesbands.international\/ja\/author\/portand\/"},"uagb_comment_info":0,"uagb_excerpt":"VICENT CERD\u00c1 I PERIS El joven compositor de la localidad valenciana de Vallada, Vicent Cerd\u00e0 i Peris, realiza sus estudios en las especialidades de Bombardino, Tromb\u00f3n de Varas y Piano en la escuela de m\u00fasica de la Uni\u00f3n Protectora Musical de Vallada y al mismo tiempo en la escuela de m\u00fasica de la Societat Musical&hellip;","_links":{"self":[{"href":"https:\/\/www.omnesbands.international\/ja\/wp-json\/wp\/v2\/pages\/1804","targetHints":{"allow":["GET"]}}],"collection":[{"href":"https:\/\/www.omnesbands.international\/ja\/wp-json\/wp\/v2\/pages"}],"about":[{"href":"https:\/\/www.omnesbands.international\/ja\/wp-json\/wp\/v2\/types\/page"}],"author":[{"embeddable":true,"href":"https:\/\/www.omnesbands.international\/ja\/wp-json\/wp\/v2\/users\/4"}],"replies":[{"embeddable":true,"href":"https:\/\/www.omnesbands.international\/ja\/wp-json\/wp\/v2\/comments?post=1804"}],"version-history":[{"count":2,"href":"https:\/\/www.omnesbands.international\/ja\/wp-json\/wp\/v2\/pages\/1804\/revisions"}],"predecessor-version":[{"id":1806,"href":"https:\/\/www.omnesbands.international\/ja\/wp-json\/wp\/v2\/pages\/1804\/revisions\/1806"}],"wp:attachment":[{"href":"https:\/\/www.omnesbands.international\/ja\/wp-json\/wp\/v2\/media?parent=1804"}],"curies":[{"name":"wp","href":"https:\/\/api.w.org\/{rel}","templated":true}]}}