{"id":654,"date":"2023-01-21T23:50:05","date_gmt":"2023-01-21T23:50:05","guid":{"rendered":"https:\/\/omnesbands.international\/?page_id=654"},"modified":"2023-11-02T00:01:54","modified_gmt":"2023-11-02T06:01:54","slug":"aviso-legal","status":"publish","type":"page","link":"https:\/\/www.omnesbands.international\/ja\/aviso-legal\/","title":{"rendered":"\u6cd5\u7684\u8b66\u544a"},"content":{"rendered":"<h2 class=\"wp-block-heading\">1. \u6cd5\u7684\u901a\u77e5<\/h2>\n\n\n\n<p>Indra Consultores Internacionales \u306f\u3001\u60c5\u5831\u793e\u4f1a\u304a\u3088\u3073\u96fb\u5b50\u5546\u53d6\u5f15\u306e\u30b5\u30fc\u30d3\u30b9\u306b\u95a2\u3059\u308b 7 \u6708 11 \u65e5\u306e\u6cd5\u5f8b 34\/2002 \u306e\u7b2c 10 \u6761\u306e\u898f\u5b9a\u306b\u5f93\u3044\u3001\u30a4\u30f3\u30c9\u30e9\u306b\u767b\u9332\u3055\u308c\u3066\u3044\u308b\u4f1a\u793e\u3067\u3042\u308b\u3053\u3068\u3092\u304a\u77e5\u3089\u305b\u3057\u307e\u3059\u3002 <strong>\u30db\u30f3\u30b8\u30e5\u30e9\u30b9\u3001\u30c6\u30b0\u30b7\u30ac\u30eb\u30d1\u5546\u696d\u767b\u8a18\u6240 \u767b\u9332\u756a\u53f7 2522453<\/strong>, <strong>\u7891\u6587 79049<\/strong> \u6b21\u306e\u30c7\u30fc\u30bf\u3092\u4f7f\u7528\u3057\u307e\u3059\u3002<\/p>\n\n\n\n<ul class=\"wp-block-list\">\n<li><strong>\u793e\u4f1a\u7684\u5b97\u6d3e<\/strong>:<strong> \u30a4\u30f3\u30c9\u30e9\u56fd\u969b\u30b3\u30f3\u30b5\u30eb\u30bf\u30f3\u30c8<\/strong><\/li>\n\n\n\n<li><strong>RTN (CIF)<\/strong>:<strong> 08019011420348<\/strong><\/li>\n\n\n\n<li><strong>\u767b\u9332\u4e8b\u52d9\u6240<\/strong>:<strong> \u30c6\u30b0\u30b7\u30ac\u30eb\u30d1\u3001\u30db\u30f3\u30b8\u30e5\u30e9\u30b9<\/strong><\/li>\n\n\n\n<li><strong>\u30b3\u30f3\u30bf\u30af\u30c8<\/strong>: <strong>info@omnesbands.international<\/strong><\/li>\n<\/ul>\n\n\n\n<p>Indra Consultores Internacionales \u793e\u304c\u30c9\u30e1\u30a4\u30f3\u3092\u6240\u6709\u3057\u3066\u3044\u307e\u3059\u3002 <strong>omnesbands.international<\/strong> \u304a\u3088\u3073\u5f53\u8a72\u30c9\u30e1\u30a4\u30f3\u3092\u4ecb\u3057\u3066\u30a2\u30af\u30bb\u30b9\u3055\u308c\u3001\u305d\u306e\u4e0a\u3067\u30db\u30b9\u30c8\u3055\u308c\u3066\u3044\u308b\u30a4\u30f3\u30bf\u30fc\u30cd\u30c3\u30c8 \u30da\u30fc\u30b8\u3002<\/p>\n\n\n\n<p>\u3053\u306e Web \u30b5\u30a4\u30c8\u306f\u3001\u305d\u306e\u6c38\u7d9a\u7684\u306a\u53ef\u7528\u6027\u3001\u307e\u305f\u306f\u30b3\u30f3\u30d4\u30e5\u30fc\u30bf\u30fc \u30b7\u30b9\u30c6\u30e0\u306b\u640d\u5bb3\u3092\u4e0e\u3048\u308b\u53ef\u80fd\u6027\u306e\u3042\u308b\u30a6\u30a4\u30eb\u30b9\u3084\u305d\u306e\u4ed6\u306e\u6709\u5bb3\u306a\u8981\u7d20\u304c\u306a\u3044\u3053\u3068\u3092\u4fdd\u8a3c\u3059\u308b\u3082\u306e\u3067\u306f\u3042\u308a\u307e\u305b\u3093\u3002\u540c\u69d8\u306b\u3001\u5f53\u8a72\u30b5\u30a4\u30c8\u3078\u306e\u30a2\u30af\u30bb\u30b9\u307e\u305f\u306f\u4f7f\u7528\u306b\u8d77\u56e0\u3059\u308b\u76f4\u63a5\u7684\u307e\u305f\u306f\u9593\u63a5\u7684\u306a\u640d\u5bb3\u304a\u3088\u3073\u640d\u5931\u306b\u3064\u3044\u3066\u3082\u8cac\u4efb\u3092\u8ca0\u3044\u307e\u305b\u3093\u3002<\/p>\n\n\n\n<h2 class=\"wp-block-heading\">2. \u77e5\u7684\u8ca1\u7523<\/h2>\n\n\n\n<p>\u30a6\u30a7\u30d6\u30b5\u30a4\u30c8\u306e\u3059\u3079\u3066\u306e\u30b3\u30f3\u30c6\u30f3\u30c4 <strong>omnesbands.international<\/strong>\u3001\u5199\u771f\u3001\u753b\u50cf\u3001\u56f3\u9762\u3001\u30c6\u30ad\u30b9\u30c8\u3001\u30aa\u30fc\u30c7\u30a3\u30aa\u3001\u30d3\u30c7\u30aa\u3001\u30a2\u30cb\u30e1\u30fc\u30b7\u30e7\u30f3\u3001\u30bd\u30d5\u30c8\u30a6\u30a7\u30a2\u3001\u30bd\u30fc\u30b9\u30b3\u30fc\u30c9\u3001\u30ed\u30b4\u3001\u304a\u3088\u3073\u30c7\u30b6\u30a4\u30f3\u304c\u3001\u77e5\u7684\u8ca1\u7523\u304a\u3088\u3073\u5de5\u696d\u6240\u6709\u6a29\u306e\u898f\u5236\u3001\u7279\u306b\u77e5\u7684\u8ca1\u7523\u306e\u7d71\u5408\u30c6\u30ad\u30b9\u30c8\u3092\u627f\u8a8d\u3059\u308bRDL 1\/96\u306b\u3088\u3063\u3066\u4fdd\u8b77\u3055\u308c\u3066\u3044\u308b\u304b\u3069\u3046\u304b\u6cd5\u5f8b\u304a\u3088\u3073\u5546\u6a19\u6cd5 17\/2001 \u306b\u3088\u308b\u3002<\/p>\n\n\n\n<p>\u30b3\u30f3\u30c6\u30f3\u30c4\u306e\u6a29\u5229\u306f\u3001&nbsp;<strong>\u30a4\u30f3\u30c9\u30e9\u56fd\u969b\u30b3\u30f3\u30b5\u30eb\u30bf\u30f3\u30c8<\/strong> \u307e\u305f\u306f\u3001\u5fc5\u8981\u306b\u5fdc\u3058\u3066\u7b2c\u4e09\u8005\u306b\u63d0\u4f9b\u3057\u307e\u3059\u3002\u3044\u304b\u306a\u308b\u5834\u5408\u306b\u3082\u30a2\u30af\u30bb\u30b9\u3057\u306a\u3044 <strong>omnesbands.international<\/strong> \u77e5\u7684\u6240\u6709\u6a29\u307e\u305f\u306f\u5de5\u696d\u6240\u6709\u6a29\u306e\u5168\u90e8\u307e\u305f\u306f\u4e00\u90e8\u3092\u554f\u308f\u305a\u3001\u8b72\u6e21\u3001\u8b72\u6e21\u3001\u307e\u305f\u306f\u305d\u306e\u4ed6\u306e\u7a2e\u985e\u306e\u653e\u68c4\u3092\u610f\u5473\u3057\u307e\u3059\u3002<\/p>\n\n\n\n<p>Web \u30b5\u30a4\u30c8\u306e\u30e6\u30fc\u30b6\u30fc\u306f\u3001Web \u30b5\u30a4\u30c8\u306b\u30a4\u30f3\u30b9\u30c8\u30fc\u30eb\u3055\u308c\u3066\u3044\u308b\u53ef\u80fd\u6027\u306e\u3042\u308b\u4fdd\u8b77\u30c7\u30d0\u30a4\u30b9\u307e\u305f\u306f\u30bb\u30ad\u30e5\u30ea\u30c6\u30a3 \u30b7\u30b9\u30c6\u30e0\u3092\u524a\u9664\u3001\u5909\u66f4\u3001\u56de\u907f\u3001\u307e\u305f\u306f\u64cd\u4f5c\u3059\u308b\u3053\u3068\u3092\u63a7\u3048\u308b\u5fc5\u8981\u304c\u3042\u308a\u307e\u3059\u3002<\/p>\n\n\n\n<p>\u30a6\u30a7\u30d6\u30b5\u30a4\u30c8\u306e\u5168\u4f53\u307e\u305f\u306f\u4e00\u90e8\u306e\u8907\u88fd\u304a\u3088\u3073\/\u307e\u305f\u306f\u516c\u958b\u3001\u307e\u305f\u306f\u305d\u306e\u30b3\u30f3\u30d4\u30e5\u30fc\u30bf\u30fc\u51e6\u7406\u3001\u307e\u305f\u306f\u30a6\u30a7\u30d6\u30da\u30fc\u30b8\u306e\u30b3\u30f3\u30c6\u30f3\u30c4\u3092\u4f7f\u7528\u3057\u3066\u5b9f\u884c\u3067\u304d\u308b\u305d\u306e\u914d\u5e03\u3001\u666e\u53ca\u3001\u518d\u8ca9\u3001\u5909\u63db\u3001\u307e\u305f\u306f\u305d\u306e\u4ed6\u306e\u6d3b\u52d5\u3002 por-alegria.com \u306e\u4e8b\u524d\u306e\u66f8\u9762\u306b\u3088\u308b\u8a31\u53ef\u306a\u3057\u306b\u4f7f\u7528\u3055\u308c\u305f\u60c5\u5831\u6e90\u306f\u3001\u6cd5\u7684\u306b\u78ba\u7acb\u3055\u308c\u305f\u8cac\u4efb\u3092\u751f\u3058\u3055\u305b\u307e\u3059\u3002<\/p>\n\n\n\n<p>\u30e6\u30fc\u30b6\u30fc\u306f\u3001\u3053\u306e\u30a6\u30a7\u30d6\u30b5\u30a4\u30c8\u306b\u8868\u793a\u3055\u308c\u308b\u7d20\u6750\u3092\u3001\u500b\u4eba\u7684\u304a\u3088\u3073\u79c1\u7684\u4f7f\u7528\u306e\u305f\u3081\u306b\u5358\u72ec\u304b\u3064\u72ec\u5360\u7684\u306b\u4f7f\u7528\u3059\u308b\u3053\u3068\u304c\u3067\u304d\u307e\u3059\u3002\u5546\u696d\u76ee\u7684\u3067\u306e\u4f7f\u7528\u306f\u7981\u6b62\u3055\u308c\u3066\u3044\u307e\u3059\u3002\u77e5\u7684\u8ca1\u7523\u304b\u3089\u6d3e\u751f\u3059\u308b\u3059\u3079\u3066\u306e\u6a29\u5229\u306f\u3001\u306b\u3088\u3063\u3066\u660e\u793a\u7684\u306b\u7559\u4fdd\u3055\u308c\u307e\u3059\u3002&nbsp;<strong>\u30a4\u30f3\u30c9\u30e9\u56fd\u969b\u30b3\u30f3\u30b5\u30eb\u30bf\u30f3\u30c8<\/strong> \u30e6\u30fc\u30b6\u30fc\u306b\u3088\u308b\u3053\u308c\u3089\u306e\u6a29\u5229\u306e\u4fb5\u5bb3\u307e\u305f\u306f\u9055\u53cd\u306e\u5834\u5408\u3001\u305d\u308c\u306b\u5bfe\u5fdc\u3059\u308b\u3059\u3079\u3066\u306e\u6c11\u4e8b\u304a\u3088\u3073\u5211\u4e8b\u8a34\u8a1f\u3092\u884c\u4f7f\u3059\u308b\u3002<\/p>","protected":false},"excerpt":{"rendered":"<p>1. AVISO LEGAL Indra Consultores Internacionales en cumplimiento de lo dispuesto en el art\u00edculo 10 de la Ley 34\/2002, de 11 de julio, de Servicios de la Sociedad de la Informaci\u00f3n y Comercio Electr\u00f3nico, le informa que es una sociedad inscrita en el Registro Mercantil de Tegucigalpa, Honduras Matr\u00edcula 2522453, Inscripci\u00f3n 79049 con los siguientes [&hellip;]<\/p>\n","protected":false},"author":4,"featured_media":0,"parent":0,"menu_order":0,"comment_status":"closed","ping_status":"closed","template":"","meta":{"_acf_changed":false,"_uag_custom_page_level_css":"","site-sidebar-layout":"default","site-content-layout":"","ast-site-content-layout":"default","site-content-style":"default","site-sidebar-style":"default","ast-global-header-display":"","ast-banner-title-visibility":"","ast-main-header-display":"","ast-hfb-above-header-display":"","ast-hfb-below-header-display":"","ast-hfb-mobile-header-display":"","site-post-title":"disabled","ast-breadcrumbs-content":"","ast-featured-img":"","footer-sml-layout":"","ast-disable-related-posts":"","theme-transparent-header-meta":"","adv-header-id-meta":"","stick-header-meta":"","header-above-stick-meta":"","header-main-stick-meta":"","header-below-stick-meta":"","astra-migrate-meta-layouts":"set","ast-page-background-enabled":"default","ast-page-background-meta":{"desktop":{"background-color":"","background-image":"","background-repeat":"repeat","background-position":"center center","background-size":"auto","background-attachment":"scroll","background-type":"","background-media":"","overlay-type":"","overlay-color":"","overlay-opacity":"","overlay-gradient":""},"tablet":{"background-color":"","background-image":"","background-repeat":"repeat","background-position":"center center","background-size":"auto","background-attachment":"scroll","background-type":"","background-media":"","overlay-type":"","overlay-color":"","overlay-opacity":"","overlay-gradient":""},"mobile":{"background-color":"","background-image":"","background-repeat":"repeat","background-position":"center center","background-size":"auto","background-attachment":"scroll","background-type":"","background-media":"","overlay-type":"","overlay-color":"","overlay-opacity":"","overlay-gradient":""}},"ast-content-background-meta":{"desktop":{"background-color":"var(--ast-global-color-5)","background-image":"","background-repeat":"repeat","background-position":"center center","background-size":"auto","background-attachment":"scroll","background-type":"","background-media":"","overlay-type":"","overlay-color":"","overlay-opacity":"","overlay-gradient":""},"tablet":{"background-color":"var(--ast-global-color-5)","background-image":"","background-repeat":"repeat","background-position":"center center","background-size":"auto","background-attachment":"scroll","background-type":"","background-media":"","overlay-type":"","overlay-color":"","overlay-opacity":"","overlay-gradient":""},"mobile":{"background-color":"var(--ast-global-color-5)","background-image":"","background-repeat":"repeat","background-position":"center center","background-size":"auto","background-attachment":"scroll","background-type":"","background-media":"","overlay-type":"","overlay-color":"","overlay-opacity":"","overlay-gradient":""}},"footnotes":""},"class_list":["post-654","page","type-page","status-publish","hentry"],"acf":[],"yoast_head":"<!-- This site is optimized with the Yoast SEO Premium plugin v22.4 (Yoast SEO v27.4) - https:\/\/yoast.com\/product\/yoast-seo-premium-wordpress\/ -->\n<title>AVISO LEGAL -<\/title>\n<meta name=\"description\" content=\"Indra Consultores Internacionales, S.A. inscrita en registro mercantil de Honduras y representada por Melvin Portillo\" \/>\n<meta name=\"robots\" content=\"index, follow, max-snippet:-1, max-image-preview:large, max-video-preview:-1\" \/>\n<link rel=\"canonical\" href=\"https:\/\/www.omnesbands.international\/ja\/aviso-legal\/\" \/>\n<meta property=\"og:locale\" content=\"ja_JP\" \/>\n<meta property=\"og:type\" content=\"article\" \/>\n<meta property=\"og:title\" content=\"AVISO LEGAL\" \/>\n<meta property=\"og:description\" content=\"Indra Consultores Internacionales, S.A. inscrita en registro mercantil de Honduras y representada por Melvin Portillo\" \/>\n<meta property=\"og:url\" content=\"https:\/\/www.omnesbands.international\/ja\/aviso-legal\/\" \/>\n<meta property=\"article:modified_time\" content=\"2023-11-02T06:01:54+00:00\" \/>\n<meta property=\"og:image\" content=\"https:\/\/www.omnesbands.international\/wp-content\/uploads\/2023\/01\/music-sheet-music-snowdrop-7107045.jpg\" \/>\n\t<meta property=\"og:image:width\" content=\"1280\" \/>\n\t<meta property=\"og:image:height\" content=\"742\" \/>\n\t<meta property=\"og:image:type\" content=\"image\/jpeg\" \/>\n<meta name=\"twitter:card\" content=\"summary_large_image\" \/>\n<meta name=\"twitter:label1\" content=\"\u63a8\u5b9a\u8aad\u307f\u53d6\u308a\u6642\u9593\" \/>\n\t<meta name=\"twitter:data1\" content=\"2\u5206\" \/>\n<script type=\"application\/ld+json\" class=\"yoast-schema-graph\">{\"@context\":\"https:\\\/\\\/schema.org\",\"@graph\":[{\"@type\":\"WebPage\",\"@id\":\"https:\\\/\\\/www.omnesbands.international\\\/aviso-legal\\\/\",\"url\":\"https:\\\/\\\/www.omnesbands.international\\\/aviso-legal\\\/\",\"name\":\"AVISO LEGAL -\",\"isPartOf\":{\"@id\":\"https:\\\/\\\/www.omnesbands.international\\\/#website\"},\"datePublished\":\"2023-01-21T23:50:05+00:00\",\"dateModified\":\"2023-11-02T06:01:54+00:00\",\"description\":\"Indra Consultores Internacionales, S.A. inscrita en registro mercantil de Honduras y representada por Melvin Portillo\",\"breadcrumb\":{\"@id\":\"https:\\\/\\\/www.omnesbands.international\\\/aviso-legal\\\/#breadcrumb\"},\"inLanguage\":\"ja\",\"potentialAction\":[{\"@type\":\"ReadAction\",\"target\":[\"https:\\\/\\\/www.omnesbands.international\\\/aviso-legal\\\/\"]}]},{\"@type\":\"BreadcrumbList\",\"@id\":\"https:\\\/\\\/www.omnesbands.international\\\/aviso-legal\\\/#breadcrumb\",\"itemListElement\":[{\"@type\":\"ListItem\",\"position\":1,\"name\":\"Portada\",\"item\":\"https:\\\/\\\/www.omnesbands.international\\\/\"},{\"@type\":\"ListItem\",\"position\":2,\"name\":\"AVISO LEGAL\"}]},{\"@type\":\"WebSite\",\"@id\":\"https:\\\/\\\/www.omnesbands.international\\\/#website\",\"url\":\"https:\\\/\\\/www.omnesbands.international\\\/\",\"name\":\"OMNESBANDS International\",\"description\":\"Partituras Originales de autores y compositores independientes\",\"publisher\":{\"@id\":\"https:\\\/\\\/www.omnesbands.international\\\/#organization\"},\"potentialAction\":[{\"@type\":\"SearchAction\",\"target\":{\"@type\":\"EntryPoint\",\"urlTemplate\":\"https:\\\/\\\/www.omnesbands.international\\\/?s={search_term_string}\"},\"query-input\":{\"@type\":\"PropertyValueSpecification\",\"valueRequired\":true,\"valueName\":\"search_term_string\"}}],\"inLanguage\":\"ja\"},{\"@type\":\"Organization\",\"@id\":\"https:\\\/\\\/www.omnesbands.international\\\/#organization\",\"name\":\"Indra Consultores Internacionales\",\"alternateName\":\"Omnesbands\",\"url\":\"https:\\\/\\\/www.omnesbands.international\\\/\",\"logo\":{\"@type\":\"ImageObject\",\"inLanguage\":\"ja\",\"@id\":\"https:\\\/\\\/www.omnesbands.international\\\/#\\\/schema\\\/logo\\\/image\\\/\",\"url\":\"https:\\\/\\\/omnesbands.international\\\/wp-content\\\/uploads\\\/2023\\\/06\\\/Logo-Nuevo-.png\",\"contentUrl\":\"https:\\\/\\\/omnesbands.international\\\/wp-content\\\/uploads\\\/2023\\\/06\\\/Logo-Nuevo-.png\",\"width\":394,\"height\":212,\"caption\":\"Indra Consultores Internacionales\"},\"image\":{\"@id\":\"https:\\\/\\\/www.omnesbands.international\\\/#\\\/schema\\\/logo\\\/image\\\/\"}}]}<\/script>\n<!-- \/ Yoast SEO Premium plugin. -->","yoast_head_json":{"title":"AVISO LEGAL -","description":"Indra Consultores Internacionales, S.A. inscrita en registro mercantil de Honduras y representada por Melvin Portillo","robots":{"index":"index","follow":"follow","max-snippet":"max-snippet:-1","max-image-preview":"max-image-preview:large","max-video-preview":"max-video-preview:-1"},"canonical":"https:\/\/www.omnesbands.international\/ja\/aviso-legal\/","og_locale":"ja_JP","og_type":"article","og_title":"AVISO LEGAL","og_description":"Indra Consultores Internacionales, S.A. inscrita en registro mercantil de Honduras y representada por Melvin Portillo","og_url":"https:\/\/www.omnesbands.international\/ja\/aviso-legal\/","article_modified_time":"2023-11-02T06:01:54+00:00","og_image":[{"width":1280,"height":742,"url":"https:\/\/www.omnesbands.international\/wp-content\/uploads\/2023\/01\/music-sheet-music-snowdrop-7107045.jpg","type":"image\/jpeg"}],"twitter_card":"summary_large_image","twitter_misc":{"\u63a8\u5b9a\u8aad\u307f\u53d6\u308a\u6642\u9593":"2\u5206"},"schema":{"@context":"https:\/\/schema.org","@graph":[{"@type":"WebPage","@id":"https:\/\/www.omnesbands.international\/aviso-legal\/","url":"https:\/\/www.omnesbands.international\/aviso-legal\/","name":"AVISO LEGAL -","isPartOf":{"@id":"https:\/\/www.omnesbands.international\/#website"},"datePublished":"2023-01-21T23:50:05+00:00","dateModified":"2023-11-02T06:01:54+00:00","description":"Indra Consultores Internacionales, S.A. inscrita en registro mercantil de Honduras y representada por Melvin Portillo","breadcrumb":{"@id":"https:\/\/www.omnesbands.international\/aviso-legal\/#breadcrumb"},"inLanguage":"ja","potentialAction":[{"@type":"ReadAction","target":["https:\/\/www.omnesbands.international\/aviso-legal\/"]}]},{"@type":"BreadcrumbList","@id":"https:\/\/www.omnesbands.international\/aviso-legal\/#breadcrumb","itemListElement":[{"@type":"ListItem","position":1,"name":"Portada","item":"https:\/\/www.omnesbands.international\/"},{"@type":"ListItem","position":2,"name":"AVISO LEGAL"}]},{"@type":"WebSite","@id":"https:\/\/www.omnesbands.international\/#website","url":"https:\/\/www.omnesbands.international\/","name":"OMNESBANDS International","description":"\u72ec\u7acb\u3057\u305f\u4f5c\u5bb6\u3084\u4f5c\u66f2\u5bb6\u306b\u3088\u308b\u30aa\u30ea\u30b8\u30ca\u30eb\u306e\u697d\u8b5c","publisher":{"@id":"https:\/\/www.omnesbands.international\/#organization"},"potentialAction":[{"@type":"SearchAction","target":{"@type":"EntryPoint","urlTemplate":"https:\/\/www.omnesbands.international\/?s={search_term_string}"},"query-input":{"@type":"PropertyValueSpecification","valueRequired":true,"valueName":"search_term_string"}}],"inLanguage":"ja"},{"@type":"Organization","@id":"https:\/\/www.omnesbands.international\/#organization","name":"\u30a4\u30f3\u30c9\u30e9\u56fd\u969b\u30b3\u30f3\u30b5\u30eb\u30bf\u30f3\u30c8","alternateName":"Omnesbands","url":"https:\/\/www.omnesbands.international\/","logo":{"@type":"ImageObject","inLanguage":"ja","@id":"https:\/\/www.omnesbands.international\/#\/schema\/logo\/image\/","url":"https:\/\/omnesbands.international\/wp-content\/uploads\/2023\/06\/Logo-Nuevo-.png","contentUrl":"https:\/\/omnesbands.international\/wp-content\/uploads\/2023\/06\/Logo-Nuevo-.png","width":394,"height":212,"caption":"Indra Consultores Internacionales"},"image":{"@id":"https:\/\/www.omnesbands.international\/#\/schema\/logo\/image\/"}}]}},"uagb_featured_image_src":{"full":false,"thumbnail":false,"medium":false,"medium_large":false,"large":false,"1536x1536":false,"2048x2048":false,"trp-custom-language-flag":false,"gg_gallery_thumbnail":false,"woocommerce_thumbnail":false,"woocommerce_single":false,"woocommerce_gallery_thumbnail":false},"uagb_author_info":{"display_name":"Melvin R. Portillo A:","author_link":"https:\/\/www.omnesbands.international\/ja\/author\/portand\/"},"uagb_comment_info":0,"uagb_excerpt":"1. AVISO LEGAL Indra Consultores Internacionales en cumplimiento de lo dispuesto en el art\u00edculo 10 de la Ley 34\/2002, de 11 de julio, de Servicios de la Sociedad de la Informaci\u00f3n y Comercio Electr\u00f3nico, le informa que es una sociedad inscrita en el Registro Mercantil de Tegucigalpa, Honduras Matr\u00edcula 2522453, Inscripci\u00f3n 79049 con los siguientes&hellip;","_links":{"self":[{"href":"https:\/\/www.omnesbands.international\/ja\/wp-json\/wp\/v2\/pages\/654","targetHints":{"allow":["GET"]}}],"collection":[{"href":"https:\/\/www.omnesbands.international\/ja\/wp-json\/wp\/v2\/pages"}],"about":[{"href":"https:\/\/www.omnesbands.international\/ja\/wp-json\/wp\/v2\/types\/page"}],"author":[{"embeddable":true,"href":"https:\/\/www.omnesbands.international\/ja\/wp-json\/wp\/v2\/users\/4"}],"replies":[{"embeddable":true,"href":"https:\/\/www.omnesbands.international\/ja\/wp-json\/wp\/v2\/comments?post=654"}],"version-history":[{"count":3,"href":"https:\/\/www.omnesbands.international\/ja\/wp-json\/wp\/v2\/pages\/654\/revisions"}],"predecessor-version":[{"id":2405,"href":"https:\/\/www.omnesbands.international\/ja\/wp-json\/wp\/v2\/pages\/654\/revisions\/2405"}],"wp:attachment":[{"href":"https:\/\/www.omnesbands.international\/ja\/wp-json\/wp\/v2\/media?parent=654"}],"curies":[{"name":"wp","href":"https:\/\/api.w.org\/{rel}","templated":true}]}}