{"id":1059,"date":"2023-01-24T19:06:52","date_gmt":"2023-01-25T01:06:52","guid":{"rendered":"https:\/\/omnesbands.international\/?post_type=product&#038;p=1059"},"modified":"2023-12-02T07:08:38","modified_gmt":"2023-12-02T13:08:38","slug":"arali","status":"publish","type":"product","link":"https:\/\/www.omnesbands.international\/ja\/product\/arali\/","title":{"rendered":"\u30a2\u30e9\u30ea"},"content":{"rendered":"<p>\u30d0\u30f3\u30c9\u3084\u30aa\u30fc\u30b1\u30b9\u30c8\u30e9\u306e\u305f\u3081\u306e\u30aa\u30ea\u30b8\u30ca\u30eb\u697d\u8b5c\u3002\u30d0\u30f3\u30c9\u3084\u30aa\u30fc\u30b1\u30b9\u30c8\u30e9\u306e\u305f\u3081\u306e\u30aa\u30ea\u30b8\u30ca\u30eb\u697d\u8b5c\u3002<\/p>\n<table width=\"332\">\n<tbody>\n<tr>\n<td width=\"332\">\u30a2\u30eb\u30d0\u30a4\u30c0\u97f3\u697d\u7d44\u5408\u300c\u30e9\u30e9\u30f3\u30e4\u300d\u304b\u3089\u30a2\u30eb\u30b3\u30a4\u306e\u30d5\u30a3\u30e9 \u30ea\u30a2\u30ea\u30b9\u30bf\u3078\u306e\u8d08\u308a\u7269\u3002\u30e0\u30fc\u30a2\u4eba\u3068\u30ad\u30ea\u30b9\u30c8\u6559\u5f92\u306e\u795d\u796d\u97f3\u697d\u306b\u5bfe\u3059\u308b\u76f8\u4e92\u306e\u6a29\u9650\u3068\u914d\u616e\u306e\u6c17\u6301\u3061\u3067\u3059\u3002<br \/>\n\u305d\u308c\u306f\u9670\u8b00\u3001\u7cbe\u795e\u7684\u8ca0\u62c5\u3001\u305d\u3057\u3066\u4f55\u3088\u308a\u3082\u7121\u529b\u611f\u3001\u6012\u308a\u3001\u7d76\u671b\u306e\u96f0\u56f2\u6c17\u306b\u56f2\u307e\u308c\u305f\u884c\u9032\u3067\u3042\u308b\u3002\u305d\u308c\u306f\u6226\u3044\u306e\u524d\u3067\u306e\u611f\u60c5\u3067\u3042\u308a\u3001\u4e00\u4eba\u4e00\u4eba\u304c\u5fc3\u306e\u4e2d\u306b\u62b1\u3048\u3066\u3044\u308b\u6226\u3044\u3067\u3042\u308a\u3001\u30a2\u30eb\u30b3\u30e4\u306e\u4eba\u3005\u304c\u4ed6\u306e\u8ab0\u3088\u308a\u3082\u4ee3\u8868\u3059\u308b\u3082\u306e\u3067\u306f\u3042\u308a\u307e\u305b\u3093\u3002\u697d\u3057\u3044\u30d1\u30fc\u30c6\u30a3\u30fc\u3067\u3042\u308b\u3068\u540c\u6642\u306b\u3001\u82e6\u3044\u6226\u3044\u3092\u8868\u3057\u3066\u3044\u307e\u3059\u3002<\/td>\n<\/tr>\n<\/tbody>\n<\/table>","protected":false},"excerpt":{"rendered":"<div class=\"product-short-description\">\n<p>Regalo de la Uni\u00f3n Musical de Albaida \u2018l\u2019Aranya\u2019 a la Fil\u00e0 Realistas de Alcoy, rec\u00edproco sentimiento de potenciaci\u00f3n y cuidado de la m\u00fasica festera de Moros y Cristianos.<\/p>\n<\/div>\n<form class=\"variations_form cart\" style=\"margin: 0px 0px 1.3em; box-sizing: border-box; color: #777777; font-family: Lato, sans-serif; font-size: medium; font-style: normal; font-variant-ligatures: normal; font-variant-caps: normal; font-weight: 400; letter-spacing: normal; orphans: 2; text-align: start; text-indent: 0px; text-transform: none; white-space: normal; widows: 2; word-spacing: 0px; -webkit-text-stroke-width: 0px; background-color: #ffffff; text-decoration-thickness: initial; text-decoration-style: initial; text-decoration-color: initial;\" action=\"https:\/\/www.omnesbands.com\/product\/arali\/\" enctype=\"multipart\/form-data\" method=\"post\" data-product_id=\"1685\" data-product_variations=\"[{&quot;attributes&quot;:{&quot;attribute_pa_tipo-obra&quot;:&quot;score_partes&quot;},&quot;availability_html&quot;:&quot;&quot;,&quot;backorders_allowed&quot;:false,&quot;dimensions&quot;:{&quot;length&quot;:&quot;&quot;,&quot;width&quot;:&quot;&quot;,&quot;height&quot;:&quot;&quot;},&quot;dimensions_html&quot;:&quot;N\\\/D&quot;,&quot;display_price&quot;:60,&quot;display_regular_price&quot;:60,&quot;image&quot;:{&quot;title&quot;:&quot;Captura de pantalla 2018-08-03 a les 16.21.53&quot;,&quot;caption&quot;:&quot;&quot;,&quot;url&quot;:&quot;https:\\\/\\\/www.omnesbands.com\\\/wp-content\\\/uploads\\\/edd\\\/2018\\\/08\\\/Captura-de-pantalla-2018-08-03-a-les-16.21.53.png&quot;,&quot;alt&quot;:&quot;&quot;,&quot;src&quot;:&quot;https:\\\/\\\/i0.wp.com\\\/www.omnesbands.com\\\/wp-content\\\/uploads\\\/edd\\\/2018\\\/08\\\/Captura-de-pantalla-2018-08-03-a-les-16.21.53.png?fit=600%2C449&amp;ssl=1&quot;,&quot;srcset&quot;:&quot;https:\\\/\\\/i0.wp.com\\\/www.omnesbands.com\\\/wp-content\\\/uploads\\\/edd\\\/2018\\\/08\\\/Captura-de-pantalla-2018-08-03-a-les-16.21.53.png?w=870&amp;ssl=1 870w, https:\\\/\\\/i0.wp.com\\\/www.omnesbands.com\\\/wp-content\\\/uploads\\\/edd\\\/2018\\\/08\\\/Captura-de-pantalla-2018-08-03-a-les-16.21.53.png?resize=600%2C449&amp;ssl=1 600w, https:\\\/\\\/i0.wp.com\\\/www.omnesbands.com\\\/wp-content\\\/uploads\\\/edd\\\/2018\\\/08\\\/Captura-de-pantalla-2018-08-03-a-les-16.21.53.png?resize=300%2C224&amp;ssl=1 300w, https:\\\/\\\/i0.wp.com\\\/www.omnesbands.com\\\/wp-content\\\/uploads\\\/edd\\\/2018\\\/08\\\/Captura-de-pantalla-2018-08-03-a-les-16.21.53.png?resize=768%2C575&amp;ssl=1 768w&quot;,&quot;sizes&quot;:&quot;(max-width: 600px) 100vw, 600px&quot;,&quot;full_src&quot;:&quot;https:\\\/\\\/i0.wp.com\\\/www.omnesbands.com\\\/wp-content\\\/uploads\\\/edd\\\/2018\\\/08\\\/Captura-de-pantalla-2018-08-03-a-les-16.21.53.png?fit=870%2C651&amp;ssl=1&quot;,&quot;full_src_w&quot;:870,&quot;full_src_h&quot;:651,&quot;gallery_thumbnail_src&quot;:&quot;https:\\\/\\\/i0.wp.com\\\/www.omnesbands.com\\\/wp-content\\\/uploads\\\/edd\\\/2018\\\/08\\\/Captura-de-pantalla-2018-08-03-a-les-16.21.53.png?fit=100%2C75&amp;ssl=1&quot;,&quot;gallery_thumbnail_src_w&quot;:100,&quot;gallery_thumbnail_src_h&quot;:75,&quot;thumb_src&quot;:&quot;https:\\\/\\\/i0.wp.com\\\/www.omnesbands.com\\\/wp-content\\\/uploads\\\/edd\\\/2018\\\/08\\\/Captura-de-pantalla-2018-08-03-a-les-16.21.53.png?resize=300%2C300&amp;ssl=1&quot;,&quot;thumb_src_w&quot;:300,&quot;thumb_src_h&quot;:300,&quot;src_w&quot;:600,&quot;src_h&quot;:449},&quot;image_id&quot;:750,&quot;is_downloadable&quot;:true,&quot;is_in_stock&quot;:true,&quot;is_purchasable&quot;:true,&quot;is_sold_individually&quot;:&quot;no&quot;,&quot;is_virtual&quot;:true,&quot;max_qty&quot;:&quot;&quot;,&quot;min_qty&quot;:1,&quot;price_html&quot;:&quot;&lt;span class=\\&quot;price\\&quot;&gt;&lt;span class=\\&quot;woocommerce-Price-amount amount\\&quot;&gt;&lt;bdi&gt;60,00&lt;span class=\\&quot;woocommerce-Price-currencySymbol\\&quot;&gt;&amp;euro;&lt;\\\/span&gt;&lt;\\\/bdi&gt;&lt;\\\/span&gt; &lt;small class=\\&quot;woocommerce-price-suffix\\&quot;&gt;IVA no incluido&lt;\\\/small&gt;&lt;\\\/span&gt;&lt;span class=\\&quot;variation-price\\&quot;&gt; ( 50 Cr\\u00e9ditos )&lt;\\\/span&gt;&quot;,&quot;sku&quot;:&quot;arali&quot;,&quot;variation_description&quot;:&quot;&quot;,&quot;variation_id&quot;:2072,&quot;variation_is_active&quot;:true,&quot;variation_is_visible&quot;:true,&quot;weight&quot;:&quot;&quot;,&quot;weight_html&quot;:&quot;N\\\/D&quot;},{&quot;attributes&quot;:{&quot;attribute_pa_tipo-obra&quot;:&quot;score&quot;},&quot;availability_html&quot;:&quot;&quot;,&quot;backorders_allowed&quot;:false,&quot;dimensions&quot;:{&quot;length&quot;:&quot;&quot;,&quot;width&quot;:&quot;&quot;,&quot;height&quot;:&quot;&quot;},&quot;dimensions_html&quot;:&quot;N\\\/D&quot;,&quot;display_price&quot;:25,&quot;display_regular_price&quot;:25,&quot;image&quot;:{&quot;title&quot;:&quot;Captura de pantalla 2018-08-03 a les 16.21.53&quot;,&quot;caption&quot;:&quot;&quot;,&quot;url&quot;:&quot;https:\\\/\\\/www.omnesbands.com\\\/wp-content\\\/uploads\\\/edd\\\/2018\\\/08\\\/Captura-de-pantalla-2018-08-03-a-les-16.21.53.png&quot;,&quot;alt&quot;:&quot;&quot;,&quot;src&quot;:&quot;https:\\\/\\\/i0.wp.com\\\/www.omnesbands.com\\\/wp-content\\\/uploads\\\/edd\\\/2018\\\/08\\\/Captura-de-pantalla-2018-08-03-a-les-16.21.53.png?fit=600%2C449&amp;ssl=1&quot;,&quot;srcset&quot;:&quot;https:\\\/\\\/i0.wp.com\\\/www.omnesbands.com\\\/wp-content\\\/uploads\\\/edd\\\/2018\\\/08\\\/Captura-de-pantalla-2018-08-03-a-les-16.21.53.png?w=870&amp;ssl=1 870w, https:\\\/\\\/i0.wp.com\\\/www.omnesbands.com\\\/wp-content\\\/uploads\\\/edd\\\/2018\\\/08\\\/Captura-de-pantalla-2018-08-03-a-les-16.21.53.png?resize=600%2C449&amp;ssl=1 600w, https:\\\/\\\/i0.wp.com\\\/www.omnesbands.com\\\/wp-content\\\/uploads\\\/edd\\\/2018\\\/08\\\/Captura-de-pantalla-2018-08-03-a-les-16.21.53.png?resize=300%2C224&amp;ssl=1 300w, https:\\\/\\\/i0.wp.com\\\/www.omnesbands.com\\\/wp-content\\\/uploads\\\/edd\\\/2018\\\/08\\\/Captura-de-pantalla-2018-08-03-a-les-16.21.53.png?resize=768%2C575&amp;ssl=1 768w&quot;,&quot;sizes&quot;:&quot;(max-width: 600px) 100vw, 600px&quot;,&quot;full_src&quot;:&quot;https:\\\/\\\/i0.wp.com\\\/www.omnesbands.com\\\/wp-content\\\/uploads\\\/edd\\\/2018\\\/08\\\/Captura-de-pantalla-2018-08-03-a-les-16.21.53.png?fit=870%2C651&amp;ssl=1&quot;,&quot;full_src_w&quot;:870,&quot;full_src_h&quot;:651,&quot;gallery_thumbnail_src&quot;:&quot;https:\\\/\\\/i0.wp.com\\\/www.omnesbands.com\\\/wp-content\\\/uploads\\\/edd\\\/2018\\\/08\\\/Captura-de-pantalla-2018-08-03-a-les-16.21.53.png?fit=100%2C75&amp;ssl=1&quot;,&quot;gallery_thumbnail_src_w&quot;:100,&quot;gallery_thumbnail_src_h&quot;:75,&quot;thumb_src&quot;:&quot;https:\\\/\\\/i0.wp.com\\\/www.omnesbands.com\\\/wp-content\\\/uploads\\\/edd\\\/2018\\\/08\\\/Captura-de-pantalla-2018-08-03-a-les-16.21.53.png?resize=300%2C300&amp;ssl=1&quot;,&quot;thumb_src_w&quot;:300,&quot;thumb_src_h&quot;:300,&quot;src_w&quot;:600,&quot;src_h&quot;:449},&quot;image_id&quot;:750,&quot;is_downloadable&quot;:true,&quot;is_in_stock&quot;:true,&quot;is_purchasable&quot;:true,&quot;is_sold_individually&quot;:&quot;no&quot;,&quot;is_virtual&quot;:true,&quot;max_qty&quot;:&quot;&quot;,&quot;min_qty&quot;:1,&quot;price_html&quot;:&quot;&lt;span class=\\&quot;price\\&quot;&gt;&lt;span class=\\&quot;woocommerce-Price-amount amount\\&quot;&gt;&lt;bdi&gt;25,00&lt;span class=\\&quot;woocommerce-Price-currencySymbol\\&quot;&gt;&amp;euro;&lt;\\\/span&gt;&lt;\\\/bdi&gt;&lt;\\\/span&gt; &lt;small class=\\&quot;woocommerce-price-suffix\\&quot;&gt;IVA no incluido&lt;\\\/small&gt;&lt;\\\/span&gt;&lt;span class=\\&quot;variation-price\\&quot;&gt; ( 20 Cr\\u00e9ditos )&lt;\\\/span&gt;&quot;,&quot;sku&quot;:&quot;arali&quot;,&quot;variation_description&quot;:&quot;&quot;,&quot;variation_id&quot;:2073,&quot;variation_is_active&quot;:true,&quot;variation_is_visible&quot;:true,&quot;weight&quot;:&quot;&quot;,&quot;weight_html&quot;:&quot;N\\\/D&quot;}]\"><\/form>\n","protected":false},"featured_media":1060,"comment_status":"open","ping_status":"closed","template":"","meta":{"_acf_changed":false,"_uag_custom_page_level_css":"","site-sidebar-layout":"default","site-content-layout":"default","ast-site-content-layout":"default","site-content-style":"default","site-sidebar-style":"default","ast-global-header-display":"","ast-banner-title-visibility":"","ast-main-header-display":"","ast-hfb-above-header-display":"","ast-hfb-below-header-display":"","ast-hfb-mobile-header-display":"","site-post-title":"","ast-breadcrumbs-content":"","ast-featured-img":"","footer-sml-layout":"","ast-disable-related-posts":"","theme-transparent-header-meta":"default","adv-header-id-meta":"","stick-header-meta":"default","header-above-stick-meta":"","header-main-stick-meta":"","header-below-stick-meta":"","astra-migrate-meta-layouts":"set","ast-page-background-enabled":"default","ast-page-background-meta":{"desktop":{"background-color":"","background-image":"","background-repeat":"repeat","background-position":"center center","background-size":"auto","background-attachment":"scroll","background-type":"","background-media":"","overlay-type":"","overlay-color":"","overlay-opacity":"","overlay-gradient":""},"tablet":{"background-color":"","background-image":"","background-repeat":"repeat","background-position":"center center","background-size":"auto","background-attachment":"scroll","background-type":"","background-media":"","overlay-type":"","overlay-color":"","overlay-opacity":"","overlay-gradient":""},"mobile":{"background-color":"","background-image":"","background-repeat":"repeat","background-position":"center center","background-size":"auto","background-attachment":"scroll","background-type":"","background-media":"","overlay-type":"","overlay-color":"","overlay-opacity":"","overlay-gradient":""}},"ast-content-background-meta":{"desktop":{"background-color":"var(--ast-global-color-5)","background-image":"","background-repeat":"repeat","background-position":"center center","background-size":"auto","background-attachment":"scroll","background-type":"","background-media":"","overlay-type":"","overlay-color":"","overlay-opacity":"","overlay-gradient":""},"tablet":{"background-color":"var(--ast-global-color-5)","background-image":"","background-repeat":"repeat","background-position":"center center","background-size":"auto","background-attachment":"scroll","background-type":"","background-media":"","overlay-type":"","overlay-color":"","overlay-opacity":"","overlay-gradient":""},"mobile":{"background-color":"var(--ast-global-color-5)","background-image":"","background-repeat":"repeat","background-position":"center center","background-size":"auto","background-attachment":"scroll","background-type":"","background-media":"","overlay-type":"","overlay-color":"","overlay-opacity":"","overlay-gradient":""}}},"product_brand":[],"product_cat":[28],"product_tag":[48],"class_list":{"0":"post-1059","1":"product","2":"type-product","3":"status-publish","4":"has-post-thumbnail","6":"product_cat-musica-de-calle","7":"product_tag-mario-roig-vila","8":"desktop-align-left","9":"tablet-align-left","10":"mobile-align-left","11":"ast-product-gallery-layout-horizontal-slider","13":"first","14":"instock","15":"downloadable","16":"virtual","17":"taxable","18":"purchasable","19":"product-type-simple"},"acf":[],"yoast_head":"<!-- This site is optimized with the Yoast SEO Premium plugin v22.4 (Yoast SEO v27.4) - https:\/\/yoast.com\/product\/yoast-seo-premium-wordpress\/ -->\n<title>Aral\u00ed -<\/title>\n<meta name=\"description\" content=\"Partituras de m\u00fasica de calle para Orquestas y bandas. M\u00fasica escrita.\" \/>\n<meta name=\"robots\" content=\"index, follow, max-snippet:-1, max-image-preview:large, max-video-preview:-1\" \/>\n<link rel=\"canonical\" href=\"https:\/\/www.omnesbands.international\/ja\/product\/arali\/\" \/>\n<meta property=\"og:locale\" content=\"ja_JP\" \/>\n<meta property=\"og:type\" content=\"article\" \/>\n<meta property=\"og:title\" content=\"Aral\u00ed\" \/>\n<meta property=\"og:description\" content=\"Partituras de m\u00fasica de calle para Orquestas y bandas. M\u00fasica escrita.\" \/>\n<meta property=\"og:url\" content=\"https:\/\/www.omnesbands.international\/ja\/product\/arali\/\" \/>\n<meta property=\"article:modified_time\" content=\"2023-12-02T13:08:38+00:00\" \/>\n<meta property=\"og:image\" content=\"https:\/\/www.omnesbands.international\/wp-content\/uploads\/2023\/01\/Arali.jpg\" \/>\n\t<meta property=\"og:image:width\" content=\"600\" \/>\n\t<meta property=\"og:image:height\" content=\"449\" \/>\n\t<meta property=\"og:image:type\" content=\"image\/jpeg\" \/>\n<meta name=\"twitter:card\" content=\"summary_large_image\" \/>\n<meta name=\"twitter:label1\" content=\"\u4fa1\u683c\" \/>\n\t<meta name=\"twitter:data1\" content=\"&#036;30.00\" \/>\n\t<meta name=\"twitter:label2\" content=\"\u5728\u5eab\" \/>\n\t<meta name=\"twitter:data2\" content=\"\u5728\u5eab\u3042\u308a\" \/>\n<script type=\"application\/ld+json\" class=\"yoast-schema-graph\">{\"@context\":\"https:\\\/\\\/schema.org\",\"@graph\":[{\"@type\":\"WebPage\",\"@id\":\"https:\\\/\\\/www.omnesbands.international\\\/ja\\\/product\\\/arali\\\/\",\"url\":\"https:\\\/\\\/www.omnesbands.international\\\/ja\\\/product\\\/arali\\\/\",\"name\":\"Aral\u00ed -\",\"isPartOf\":{\"@id\":\"https:\\\/\\\/www.omnesbands.international\\\/#website\"},\"primaryImageOfPage\":{\"@id\":\"https:\\\/\\\/www.omnesbands.international\\\/ja\\\/product\\\/arali\\\/#primaryimage\"},\"image\":{\"@id\":\"https:\\\/\\\/www.omnesbands.international\\\/ja\\\/product\\\/arali\\\/#primaryimage\"},\"thumbnailUrl\":\"https:\\\/\\\/www.omnesbands.international\\\/wp-content\\\/uploads\\\/2023\\\/01\\\/Arali.jpg\",\"datePublished\":\"2023-01-25T01:06:52+00:00\",\"dateModified\":\"2023-12-02T13:08:38+00:00\",\"description\":\"Partituras de m\u00fasica de calle para Orquestas y bandas. M\u00fasica escrita.\",\"breadcrumb\":{\"@id\":\"https:\\\/\\\/www.omnesbands.international\\\/ja\\\/product\\\/arali\\\/#breadcrumb\"},\"inLanguage\":\"ja\",\"potentialAction\":[{\"@type\":\"ReadAction\",\"target\":[\"https:\\\/\\\/www.omnesbands.international\\\/ja\\\/product\\\/arali\\\/\"]}]},{\"@type\":\"ImageObject\",\"inLanguage\":\"ja\",\"@id\":\"https:\\\/\\\/www.omnesbands.international\\\/ja\\\/product\\\/arali\\\/#primaryimage\",\"url\":\"https:\\\/\\\/www.omnesbands.international\\\/wp-content\\\/uploads\\\/2023\\\/01\\\/Arali.jpg\",\"contentUrl\":\"https:\\\/\\\/www.omnesbands.international\\\/wp-content\\\/uploads\\\/2023\\\/01\\\/Arali.jpg\",\"width\":600,\"height\":449,\"caption\":\"Aral\u00ed\"},{\"@type\":\"BreadcrumbList\",\"@id\":\"https:\\\/\\\/www.omnesbands.international\\\/ja\\\/product\\\/arali\\\/#breadcrumb\",\"itemListElement\":[{\"@type\":\"ListItem\",\"position\":1,\"name\":\"Portada\",\"item\":\"https:\\\/\\\/www.omnesbands.international\\\/\"},{\"@type\":\"ListItem\",\"position\":2,\"name\":\"Tienda\",\"item\":\"https:\\\/\\\/www.omnesbands.international\\\/en\\\/shop\\\/\"},{\"@type\":\"ListItem\",\"position\":3,\"name\":\"Aral\u00ed\"}]},{\"@type\":\"WebSite\",\"@id\":\"https:\\\/\\\/www.omnesbands.international\\\/#website\",\"url\":\"https:\\\/\\\/www.omnesbands.international\\\/\",\"name\":\"OMNESBANDS International\",\"description\":\"Partituras Originales de autores y compositores independientes\",\"publisher\":{\"@id\":\"https:\\\/\\\/www.omnesbands.international\\\/#organization\"},\"potentialAction\":[{\"@type\":\"SearchAction\",\"target\":{\"@type\":\"EntryPoint\",\"urlTemplate\":\"https:\\\/\\\/www.omnesbands.international\\\/?s={search_term_string}\"},\"query-input\":{\"@type\":\"PropertyValueSpecification\",\"valueRequired\":true,\"valueName\":\"search_term_string\"}}],\"inLanguage\":\"ja\"},{\"@type\":\"Organization\",\"@id\":\"https:\\\/\\\/www.omnesbands.international\\\/#organization\",\"name\":\"Indra Consultores Internacionales\",\"alternateName\":\"Omnesbands\",\"url\":\"https:\\\/\\\/www.omnesbands.international\\\/\",\"logo\":{\"@type\":\"ImageObject\",\"inLanguage\":\"ja\",\"@id\":\"https:\\\/\\\/www.omnesbands.international\\\/#\\\/schema\\\/logo\\\/image\\\/\",\"url\":\"https:\\\/\\\/omnesbands.international\\\/wp-content\\\/uploads\\\/2023\\\/06\\\/Logo-Nuevo-.png\",\"contentUrl\":\"https:\\\/\\\/omnesbands.international\\\/wp-content\\\/uploads\\\/2023\\\/06\\\/Logo-Nuevo-.png\",\"width\":394,\"height\":212,\"caption\":\"Indra Consultores Internacionales\"},\"image\":{\"@id\":\"https:\\\/\\\/www.omnesbands.international\\\/#\\\/schema\\\/logo\\\/image\\\/\"}}]}<\/script>\n<meta property=\"product:price:amount\" content=\"30.00\" \/>\n<meta property=\"product:price:currency\" content=\"USD\" \/>\n<meta property=\"og:availability\" content=\"instock\" \/>\n<meta property=\"product:availability\" content=\"instock\" \/>\n<meta property=\"product:retailer_item_id\" content=\"ARL-CAL-ESP-22\" \/>\n<meta property=\"product:condition\" content=\"new\" \/>\n<!-- \/ Yoast SEO Premium plugin. -->","yoast_head_json":{"title":"Aral\u00ed -","description":"Partituras de m\u00fasica de calle para Orquestas y bandas. M\u00fasica escrita.","robots":{"index":"index","follow":"follow","max-snippet":"max-snippet:-1","max-image-preview":"max-image-preview:large","max-video-preview":"max-video-preview:-1"},"canonical":"https:\/\/www.omnesbands.international\/ja\/product\/arali\/","og_locale":"ja_JP","og_type":"article","og_title":"Aral\u00ed","og_description":"Partituras de m\u00fasica de calle para Orquestas y bandas. M\u00fasica escrita.","og_url":"https:\/\/www.omnesbands.international\/ja\/product\/arali\/","article_modified_time":"2023-12-02T13:08:38+00:00","og_image":[{"width":600,"height":449,"url":"https:\/\/www.omnesbands.international\/wp-content\/uploads\/2023\/01\/Arali.jpg","type":"image\/jpeg"}],"twitter_card":"summary_large_image","twitter_misc":{"\u4fa1\u683c":"&#36;30.00","\u5728\u5eab":"\u5728\u5eab\u3042\u308a"},"schema":{"@context":"https:\/\/schema.org","@graph":[{"@type":"WebPage","@id":"https:\/\/www.omnesbands.international\/ja\/product\/arali\/","url":"https:\/\/www.omnesbands.international\/ja\/product\/arali\/","name":"Aral\u00ed -","isPartOf":{"@id":"https:\/\/www.omnesbands.international\/#website"},"primaryImageOfPage":{"@id":"https:\/\/www.omnesbands.international\/ja\/product\/arali\/#primaryimage"},"image":{"@id":"https:\/\/www.omnesbands.international\/ja\/product\/arali\/#primaryimage"},"thumbnailUrl":"https:\/\/www.omnesbands.international\/wp-content\/uploads\/2023\/01\/Arali.jpg","datePublished":"2023-01-25T01:06:52+00:00","dateModified":"2023-12-02T13:08:38+00:00","description":"Partituras de m\u00fasica de calle para Orquestas y bandas. M\u00fasica escrita.","breadcrumb":{"@id":"https:\/\/www.omnesbands.international\/ja\/product\/arali\/#breadcrumb"},"inLanguage":"ja","potentialAction":[{"@type":"ReadAction","target":["https:\/\/www.omnesbands.international\/ja\/product\/arali\/"]}]},{"@type":"ImageObject","inLanguage":"ja","@id":"https:\/\/www.omnesbands.international\/ja\/product\/arali\/#primaryimage","url":"https:\/\/www.omnesbands.international\/wp-content\/uploads\/2023\/01\/Arali.jpg","contentUrl":"https:\/\/www.omnesbands.international\/wp-content\/uploads\/2023\/01\/Arali.jpg","width":600,"height":449,"caption":"Aral\u00ed"},{"@type":"BreadcrumbList","@id":"https:\/\/www.omnesbands.international\/ja\/product\/arali\/#breadcrumb","itemListElement":[{"@type":"ListItem","position":1,"name":"Portada","item":"https:\/\/www.omnesbands.international\/"},{"@type":"ListItem","position":2,"name":"Tienda","item":"https:\/\/www.omnesbands.international\/en\/shop\/"},{"@type":"ListItem","position":3,"name":"Aral\u00ed"}]},{"@type":"WebSite","@id":"https:\/\/www.omnesbands.international\/#website","url":"https:\/\/www.omnesbands.international\/","name":"OMNESBANDS International","description":"\u72ec\u7acb\u3057\u305f\u4f5c\u5bb6\u3084\u4f5c\u66f2\u5bb6\u306b\u3088\u308b\u30aa\u30ea\u30b8\u30ca\u30eb\u306e\u697d\u8b5c","publisher":{"@id":"https:\/\/www.omnesbands.international\/#organization"},"potentialAction":[{"@type":"SearchAction","target":{"@type":"EntryPoint","urlTemplate":"https:\/\/www.omnesbands.international\/?s={search_term_string}"},"query-input":{"@type":"PropertyValueSpecification","valueRequired":true,"valueName":"search_term_string"}}],"inLanguage":"ja"},{"@type":"Organization","@id":"https:\/\/www.omnesbands.international\/#organization","name":"\u30a4\u30f3\u30c9\u30e9\u56fd\u969b\u30b3\u30f3\u30b5\u30eb\u30bf\u30f3\u30c8","alternateName":"Omnesbands","url":"https:\/\/www.omnesbands.international\/","logo":{"@type":"ImageObject","inLanguage":"ja","@id":"https:\/\/www.omnesbands.international\/#\/schema\/logo\/image\/","url":"https:\/\/omnesbands.international\/wp-content\/uploads\/2023\/06\/Logo-Nuevo-.png","contentUrl":"https:\/\/omnesbands.international\/wp-content\/uploads\/2023\/06\/Logo-Nuevo-.png","width":394,"height":212,"caption":"Indra Consultores Internacionales"},"image":{"@id":"https:\/\/www.omnesbands.international\/#\/schema\/logo\/image\/"}}]},"product_price_amount":"30.00","product_price_currency":"USD","og_availability":"instock","product_availability":"instock","product_retailer_item_id":"ARL-CAL-ESP-22","product_condition":"new"},"uagb_featured_image_src":{"full":["https:\/\/www.omnesbands.international\/wp-content\/uploads\/2023\/01\/Arali.jpg",600,449,false],"thumbnail":["https:\/\/www.omnesbands.international\/wp-content\/uploads\/2023\/01\/Arali-150x150.jpg",150,150,true],"medium":["https:\/\/www.omnesbands.international\/wp-content\/uploads\/2023\/01\/Arali-300x225.jpg",300,225,true],"medium_large":["https:\/\/www.omnesbands.international\/wp-content\/uploads\/2023\/01\/Arali.jpg",600,449,false],"large":["https:\/\/www.omnesbands.international\/wp-content\/uploads\/2023\/01\/Arali.jpg",600,449,false],"1536x1536":["https:\/\/www.omnesbands.international\/wp-content\/uploads\/2023\/01\/Arali.jpg",600,449,false],"2048x2048":["https:\/\/www.omnesbands.international\/wp-content\/uploads\/2023\/01\/Arali.jpg",600,449,false],"trp-custom-language-flag":["https:\/\/www.omnesbands.international\/wp-content\/uploads\/2023\/01\/Arali.jpg",16,12,false],"gg_gallery_thumbnail":["https:\/\/www.omnesbands.international\/wp-content\/uploads\/2023\/01\/Arali.jpg",334,250,false],"woocommerce_thumbnail":["https:\/\/www.omnesbands.international\/wp-content\/uploads\/2023\/01\/Arali-300x300.jpg",300,300,true],"woocommerce_single":["https:\/\/www.omnesbands.international\/wp-content\/uploads\/2023\/01\/Arali.jpg",600,449,false],"woocommerce_gallery_thumbnail":["https:\/\/www.omnesbands.international\/wp-content\/uploads\/2023\/01\/Arali-100x100.jpg",100,100,true]},"uagb_author_info":{"display_name":"Melvin R. Portillo A:","author_link":"https:\/\/www.omnesbands.international\/ja\/author\/"},"uagb_comment_info":0,"uagb_excerpt":"Regalo de la Uni\u00f3n Musical de Albaida \u2018l\u2019Aranya\u2019 a la Fil\u00e0 Realistas de Alcoy, rec\u00edproco sentimiento de potenciaci\u00f3n y cuidado de la m\u00fasica festera de Moros y Cristianos.","_links":{"self":[{"href":"https:\/\/www.omnesbands.international\/ja\/wp-json\/wp\/v2\/product\/1059","targetHints":{"allow":["GET"]}}],"collection":[{"href":"https:\/\/www.omnesbands.international\/ja\/wp-json\/wp\/v2\/product"}],"about":[{"href":"https:\/\/www.omnesbands.international\/ja\/wp-json\/wp\/v2\/types\/product"}],"replies":[{"embeddable":true,"href":"https:\/\/www.omnesbands.international\/ja\/wp-json\/wp\/v2\/comments?post=1059"}],"wp:featuredmedia":[{"embeddable":true,"href":"https:\/\/www.omnesbands.international\/ja\/wp-json\/wp\/v2\/media\/1060"}],"wp:attachment":[{"href":"https:\/\/www.omnesbands.international\/ja\/wp-json\/wp\/v2\/media?parent=1059"}],"wp:term":[{"taxonomy":"product_brand","embeddable":true,"href":"https:\/\/www.omnesbands.international\/ja\/wp-json\/wp\/v2\/product_brand?post=1059"},{"taxonomy":"product_cat","embeddable":true,"href":"https:\/\/www.omnesbands.international\/ja\/wp-json\/wp\/v2\/product_cat?post=1059"},{"taxonomy":"product_tag","embeddable":true,"href":"https:\/\/www.omnesbands.international\/ja\/wp-json\/wp\/v2\/product_tag?post=1059"}],"curies":[{"name":"wp","href":"https:\/\/api.w.org\/{rel}","templated":true}]}}