{"id":1105,"date":"2023-01-24T20:20:56","date_gmt":"2023-01-25T02:20:56","guid":{"rendered":"https:\/\/omnesbands.international\/?post_type=product&#038;p=1105"},"modified":"2023-11-13T22:00:39","modified_gmt":"2023-11-14T04:00:39","slug":"ambaixadors-de-la-festa","status":"publish","type":"product","link":"https:\/\/www.omnesbands.international\/ja\/product\/ambaixadors-de-la-festa\/","title":{"rendered":"\u30d5\u30a7\u30b9\u30c6\u30a3\u30d0\u30eb\u30a2\u30f3\u30d0\u30b5\u30c0\u30fc"},"content":{"rendered":"<p>\u8457\u8005\u30db\u30bb\u30fb\u30a6\u30ec\u30fc\u30cb\u30e3\u30fb\u30a8\u30a4\u30e9\u30b9\u306e\u30d1\u30bd\u30c9\u30d6\u30ec\u4f5c\u54c1\u3002 1997\u5e74\u4ee5\u6765\u3001\u5f7c\u306f\u30aa\u30f3\u30c6\u30a3\u30cb\u30a8\u30f3\u30c8\u82b8\u8853\u97f3\u697d\u5354\u4f1a\u306b\u6240\u5c5e\u3057\u3066\u304a\u308a\u3001\u540c\u56e3\u4f53\u304c\u6301\u3064\u5ba4\u5185\u697d\u30b0\u30eb\u30fc\u30d7\u306e\u4e00\u3064\u306e\u30c7\u30a3\u30ec\u30af\u30bf\u30fc\u3001\u97f3\u697d\u5b66\u6821\u306e\u30c7\u30a3\u30ec\u30af\u30bf\u30fc\u3001\u30aa\u30fc\u30b1\u30b9\u30c8\u30e9\u3068\u5408\u5531\u56e3\u306e\u30c7\u30a3\u30ec\u30af\u30bf\u30fc\u3001\u97f3\u697d\u8a9e\u5b66\u6559\u5e2b\u3001\u30c8\u30e9\u30f3\u30da\u30c3\u30c8\u306e\u30c7\u30a3\u30ec\u30af\u30bf\u30fc\u3092\u52d9\u3081\u3066\u3044\u308b\u3002 \u3001\u6b4c\u3001\u30cf\u30fc\u30e2\u30cb\u30fc\u306a\u3069\u3092\u62c5\u5f53\u3057\u3001\u97f3\u697d\u30d0\u30f3\u30c9\u306e\u526f\u30c7\u30a3\u30ec\u30af\u30bf\u30fc\u3067\u3042\u308a\u3001\u5f8c\u306b\u30a8\u30f3\u30c6\u30a3\u30c6\u30a3\u306e\u793e\u9577\u3092\u52d9\u3081\u307e\u3057\u305f\u3002\u4f5c\u66f2\u5bb6\u3068\u3057\u3066\u3001\u5f7c\u306f\u3042\u3089\u3086\u308b\u30b9\u30bf\u30a4\u30eb\u3001\u3042\u3089\u3086\u308b\u7a2e\u985e\u306e\u30b0\u30eb\u30fc\u30d7\u306e\u97f3\u697d\u4f5c\u54c1\u3092 40 \u4ee5\u4e0a\u6301\u3063\u3066\u3044\u307e\u3059\u3002\u5f7c\u306e\u97f3\u697d\u306f\u7c73\u56fd\u3060\u3051\u3067\u306a\u304f\u30b9\u30da\u30a4\u30f3\u5168\u571f\u3067\u3082\u6f14\u594f\u3055\u308c\u3066\u3044\u307e\u3059\u3002<\/p>","protected":false},"excerpt":{"rendered":"<p>\u8457\u8005\u30db\u30bb\u30fb\u30a6\u30ec\u30fc\u30cb\u30e3\u30fb\u30a8\u30a4\u30e9\u30b9\u306e\u30d1\u30bd\u30c9\u30d6\u30ec\u4f5c\u54c1\u3002 1997\u5e74\u4ee5\u6765\u3001\u5f7c\u306f\u30aa\u30f3\u30c6\u30a3\u30cb\u30a8\u30f3\u30c8\u82b8\u8853\u97f3\u697d\u5354\u4f1a\u306b\u6240\u5c5e\u3057\u3066\u304a\u308a\u3001\u540c\u56e3\u4f53\u304c\u6301\u3064\u5ba4\u5185\u697d\u30b0\u30eb\u30fc\u30d7\u306e\u4e00\u3064\u306e\u30c7\u30a3\u30ec\u30af\u30bf\u30fc\u3001\u97f3\u697d\u5b66\u6821\u306e\u30c7\u30a3\u30ec\u30af\u30bf\u30fc\u3001\u30aa\u30fc\u30b1\u30b9\u30c8\u30e9\u3068\u5408\u5531\u56e3\u306e\u30c7\u30a3\u30ec\u30af\u30bf\u30fc\u3001\u97f3\u697d\u8a9e\u5b66\u6559\u5e2b\u3001\u30c8\u30e9\u30f3\u30da\u30c3\u30c8\u306e\u30c7\u30a3\u30ec\u30af\u30bf\u30fc\u3092\u52d9\u3081\u3066\u3044\u308b\u3002 \u3001\u6b4c\u3001\u30cf\u30fc\u30e2\u30cb\u30fc\u306a\u3069\u3092\u62c5\u5f53\u3057\u3001\u97f3\u697d\u30d0\u30f3\u30c9\u306e\u526f\u30c7\u30a3\u30ec\u30af\u30bf\u30fc\u3067\u3042\u308a\u3001\u5f8c\u306b\u30a8\u30f3\u30c6\u30a3\u30c6\u30a3\u306e\u793e\u9577\u3092\u52d9\u3081\u307e\u3057\u305f\u3002\u4f5c\u66f2\u5bb6\u3068\u3057\u3066\u3001\u5f7c\u306f\u3042\u3089\u3086\u308b\u30b9\u30bf\u30a4\u30eb\u3001\u3042\u3089\u3086\u308b\u7a2e\u985e\u306e\u30b0\u30eb\u30fc\u30d7\u306e\u97f3\u697d\u4f5c\u54c1\u3092 40 \u4ee5\u4e0a\u6301\u3063\u3066\u3044\u307e\u3059\u3002\u5f7c\u306e\u97f3\u697d\u306f\u7c73\u56fd\u3060\u3051\u3067\u306a\u304f\u30b9\u30da\u30a4\u30f3\u5168\u571f\u3067\u3082\u6f14\u594f\u3055\u308c\u3066\u3044\u307e\u3059\u3002<\/p>","protected":false},"featured_media":2821,"comment_status":"open","ping_status":"closed","template":"","meta":{"_acf_changed":false,"_uag_custom_page_level_css":"","site-sidebar-layout":"default","site-content-layout":"default","ast-site-content-layout":"default","site-content-style":"default","site-sidebar-style":"default","ast-global-header-display":"","ast-banner-title-visibility":"","ast-main-header-display":"","ast-hfb-above-header-display":"","ast-hfb-below-header-display":"","ast-hfb-mobile-header-display":"","site-post-title":"","ast-breadcrumbs-content":"","ast-featured-img":"","footer-sml-layout":"","ast-disable-related-posts":"","theme-transparent-header-meta":"default","adv-header-id-meta":"","stick-header-meta":"default","header-above-stick-meta":"","header-main-stick-meta":"","header-below-stick-meta":"","astra-migrate-meta-layouts":"set","ast-page-background-enabled":"default","ast-page-background-meta":{"desktop":{"background-color":"","background-image":"","background-repeat":"repeat","background-position":"center center","background-size":"auto","background-attachment":"scroll","background-type":"","background-media":"","overlay-type":"","overlay-color":"","overlay-opacity":"","overlay-gradient":""},"tablet":{"background-color":"","background-image":"","background-repeat":"repeat","background-position":"center center","background-size":"auto","background-attachment":"scroll","background-type":"","background-media":"","overlay-type":"","overlay-color":"","overlay-opacity":"","overlay-gradient":""},"mobile":{"background-color":"","background-image":"","background-repeat":"repeat","background-position":"center center","background-size":"auto","background-attachment":"scroll","background-type":"","background-media":"","overlay-type":"","overlay-color":"","overlay-opacity":"","overlay-gradient":""}},"ast-content-background-meta":{"desktop":{"background-color":"var(--ast-global-color-5)","background-image":"","background-repeat":"repeat","background-position":"center center","background-size":"auto","background-attachment":"scroll","background-type":"","background-media":"","overlay-type":"","overlay-color":"","overlay-opacity":"","overlay-gradient":""},"tablet":{"background-color":"var(--ast-global-color-5)","background-image":"","background-repeat":"repeat","background-position":"center center","background-size":"auto","background-attachment":"scroll","background-type":"","background-media":"","overlay-type":"","overlay-color":"","overlay-opacity":"","overlay-gradient":""},"mobile":{"background-color":"var(--ast-global-color-5)","background-image":"","background-repeat":"repeat","background-position":"center center","background-size":"auto","background-attachment":"scroll","background-type":"","background-media":"","overlay-type":"","overlay-color":"","overlay-opacity":"","overlay-gradient":""}}},"product_brand":[],"product_cat":[26],"product_tag":[54],"class_list":{"0":"post-1105","1":"product","2":"type-product","3":"status-publish","4":"has-post-thumbnail","6":"product_cat-pasodobles","7":"product_tag-jose-urena-eiras","8":"desktop-align-left","9":"tablet-align-left","10":"mobile-align-left","11":"ast-product-gallery-layout-horizontal-slider","13":"first","14":"instock","15":"downloadable","16":"virtual","17":"taxable","18":"purchasable","19":"product-type-simple"},"acf":[],"yoast_head":"<!-- This site is optimized with the Yoast SEO Premium plugin v22.4 (Yoast SEO v27.4) - https:\/\/yoast.com\/product\/yoast-seo-premium-wordpress\/ -->\n<title>Ambaixadors de la Festa -<\/title>\n<meta name=\"description\" content=\"Partituras de m\u00fasica Pasodoble para Orquestas y bandas. M\u00fasica escrita.\" \/>\n<meta name=\"robots\" content=\"index, follow, max-snippet:-1, max-image-preview:large, max-video-preview:-1\" \/>\n<link rel=\"canonical\" href=\"https:\/\/www.omnesbands.international\/ja\/product\/ambaixadors-de-la-festa\/\" \/>\n<meta property=\"og:locale\" content=\"ja_JP\" \/>\n<meta property=\"og:type\" content=\"article\" \/>\n<meta property=\"og:title\" content=\"Ambaixadors de la Festa\" \/>\n<meta property=\"og:description\" content=\"Partituras de m\u00fasica Pasodoble para Orquestas y bandas. M\u00fasica escrita.\" \/>\n<meta property=\"og:url\" content=\"https:\/\/www.omnesbands.international\/ja\/product\/ambaixadors-de-la-festa\/\" \/>\n<meta property=\"article:modified_time\" content=\"2023-11-14T04:00:39+00:00\" \/>\n<meta property=\"og:image\" content=\"https:\/\/www.omnesbands.international\/wp-content\/uploads\/2023\/01\/Ambaixadors-de-la-Festa-2.jpg\" \/>\n\t<meta property=\"og:image:width\" content=\"759\" \/>\n\t<meta property=\"og:image:height\" content=\"796\" \/>\n\t<meta property=\"og:image:type\" content=\"image\/jpeg\" \/>\n<meta name=\"twitter:card\" content=\"summary_large_image\" \/>\n<meta name=\"twitter:label1\" content=\"\u4fa1\u683c\" \/>\n\t<meta name=\"twitter:data1\" content=\"&#036;25.00\" \/>\n\t<meta name=\"twitter:label2\" content=\"\u5728\u5eab\" \/>\n\t<meta name=\"twitter:data2\" content=\"\u5728\u5eab\u3042\u308a\" \/>\n<script type=\"application\/ld+json\" class=\"yoast-schema-graph\">{\"@context\":\"https:\\\/\\\/schema.org\",\"@graph\":[{\"@type\":\"WebPage\",\"@id\":\"https:\\\/\\\/www.omnesbands.international\\\/producto\\\/ambaixadors-de-la-festa\\\/\",\"url\":\"https:\\\/\\\/www.omnesbands.international\\\/producto\\\/ambaixadors-de-la-festa\\\/\",\"name\":\"Ambaixadors de la Festa -\",\"isPartOf\":{\"@id\":\"https:\\\/\\\/www.omnesbands.international\\\/#website\"},\"primaryImageOfPage\":{\"@id\":\"https:\\\/\\\/www.omnesbands.international\\\/producto\\\/ambaixadors-de-la-festa\\\/#primaryimage\"},\"image\":{\"@id\":\"https:\\\/\\\/www.omnesbands.international\\\/producto\\\/ambaixadors-de-la-festa\\\/#primaryimage\"},\"thumbnailUrl\":\"https:\\\/\\\/www.omnesbands.international\\\/wp-content\\\/uploads\\\/2023\\\/01\\\/Ambaixadors-de-la-Festa-2.jpg\",\"datePublished\":\"2023-01-25T02:20:56+00:00\",\"dateModified\":\"2023-11-14T04:00:39+00:00\",\"description\":\"Partituras de m\u00fasica Pasodoble para Orquestas y bandas. M\u00fasica escrita.\",\"breadcrumb\":{\"@id\":\"https:\\\/\\\/www.omnesbands.international\\\/producto\\\/ambaixadors-de-la-festa\\\/#breadcrumb\"},\"inLanguage\":\"ja\",\"potentialAction\":[{\"@type\":\"ReadAction\",\"target\":[\"https:\\\/\\\/www.omnesbands.international\\\/producto\\\/ambaixadors-de-la-festa\\\/\"]}]},{\"@type\":\"ImageObject\",\"inLanguage\":\"ja\",\"@id\":\"https:\\\/\\\/www.omnesbands.international\\\/producto\\\/ambaixadors-de-la-festa\\\/#primaryimage\",\"url\":\"https:\\\/\\\/www.omnesbands.international\\\/wp-content\\\/uploads\\\/2023\\\/01\\\/Ambaixadors-de-la-Festa-2.jpg\",\"contentUrl\":\"https:\\\/\\\/www.omnesbands.international\\\/wp-content\\\/uploads\\\/2023\\\/01\\\/Ambaixadors-de-la-Festa-2.jpg\",\"width\":759,\"height\":796,\"caption\":\"Ambaixadors de la Festa\"},{\"@type\":\"BreadcrumbList\",\"@id\":\"https:\\\/\\\/www.omnesbands.international\\\/producto\\\/ambaixadors-de-la-festa\\\/#breadcrumb\",\"itemListElement\":[{\"@type\":\"ListItem\",\"position\":1,\"name\":\"Portada\",\"item\":\"https:\\\/\\\/www.omnesbands.international\\\/\"},{\"@type\":\"ListItem\",\"position\":2,\"name\":\"Tienda\",\"item\":\"https:\\\/\\\/www.omnesbands.international\\\/en\\\/shop\\\/\"},{\"@type\":\"ListItem\",\"position\":3,\"name\":\"Ambaixadors de la Festa\"}]},{\"@type\":\"WebSite\",\"@id\":\"https:\\\/\\\/www.omnesbands.international\\\/#website\",\"url\":\"https:\\\/\\\/www.omnesbands.international\\\/\",\"name\":\"OMNESBANDS International\",\"description\":\"Partituras Originales de autores y compositores independientes\",\"publisher\":{\"@id\":\"https:\\\/\\\/www.omnesbands.international\\\/#organization\"},\"potentialAction\":[{\"@type\":\"SearchAction\",\"target\":{\"@type\":\"EntryPoint\",\"urlTemplate\":\"https:\\\/\\\/www.omnesbands.international\\\/?s={search_term_string}\"},\"query-input\":{\"@type\":\"PropertyValueSpecification\",\"valueRequired\":true,\"valueName\":\"search_term_string\"}}],\"inLanguage\":\"ja\"},{\"@type\":\"Organization\",\"@id\":\"https:\\\/\\\/www.omnesbands.international\\\/#organization\",\"name\":\"Indra Consultores Internacionales\",\"alternateName\":\"Omnesbands\",\"url\":\"https:\\\/\\\/www.omnesbands.international\\\/\",\"logo\":{\"@type\":\"ImageObject\",\"inLanguage\":\"ja\",\"@id\":\"https:\\\/\\\/www.omnesbands.international\\\/#\\\/schema\\\/logo\\\/image\\\/\",\"url\":\"https:\\\/\\\/omnesbands.international\\\/wp-content\\\/uploads\\\/2023\\\/06\\\/Logo-Nuevo-.png\",\"contentUrl\":\"https:\\\/\\\/omnesbands.international\\\/wp-content\\\/uploads\\\/2023\\\/06\\\/Logo-Nuevo-.png\",\"width\":394,\"height\":212,\"caption\":\"Indra Consultores Internacionales\"},\"image\":{\"@id\":\"https:\\\/\\\/www.omnesbands.international\\\/#\\\/schema\\\/logo\\\/image\\\/\"}}]}<\/script>\n<meta property=\"product:price:amount\" content=\"25.00\" \/>\n<meta property=\"product:price:currency\" content=\"USD\" \/>\n<meta property=\"og:availability\" content=\"instock\" \/>\n<meta property=\"product:availability\" content=\"instock\" \/>\n<meta property=\"product:retailer_item_id\" content=\"AMB-PAS-ESP-22\" \/>\n<meta property=\"product:condition\" content=\"new\" \/>\n<!-- \/ Yoast SEO Premium plugin. -->","yoast_head_json":{"title":"Ambaixadors de la Festa -","description":"Partituras de m\u00fasica Pasodoble para Orquestas y bandas. M\u00fasica escrita.","robots":{"index":"index","follow":"follow","max-snippet":"max-snippet:-1","max-image-preview":"max-image-preview:large","max-video-preview":"max-video-preview:-1"},"canonical":"https:\/\/www.omnesbands.international\/ja\/product\/ambaixadors-de-la-festa\/","og_locale":"ja_JP","og_type":"article","og_title":"Ambaixadors de la Festa","og_description":"Partituras de m\u00fasica Pasodoble para Orquestas y bandas. M\u00fasica escrita.","og_url":"https:\/\/www.omnesbands.international\/ja\/product\/ambaixadors-de-la-festa\/","article_modified_time":"2023-11-14T04:00:39+00:00","og_image":[{"width":759,"height":796,"url":"https:\/\/www.omnesbands.international\/wp-content\/uploads\/2023\/01\/Ambaixadors-de-la-Festa-2.jpg","type":"image\/jpeg"}],"twitter_card":"summary_large_image","twitter_misc":{"\u4fa1\u683c":"&#36;25.00","\u5728\u5eab":"\u5728\u5eab\u3042\u308a"},"schema":{"@context":"https:\/\/schema.org","@graph":[{"@type":"WebPage","@id":"https:\/\/www.omnesbands.international\/producto\/ambaixadors-de-la-festa\/","url":"https:\/\/www.omnesbands.international\/producto\/ambaixadors-de-la-festa\/","name":"Ambaixadors de la Festa -","isPartOf":{"@id":"https:\/\/www.omnesbands.international\/#website"},"primaryImageOfPage":{"@id":"https:\/\/www.omnesbands.international\/producto\/ambaixadors-de-la-festa\/#primaryimage"},"image":{"@id":"https:\/\/www.omnesbands.international\/producto\/ambaixadors-de-la-festa\/#primaryimage"},"thumbnailUrl":"https:\/\/www.omnesbands.international\/wp-content\/uploads\/2023\/01\/Ambaixadors-de-la-Festa-2.jpg","datePublished":"2023-01-25T02:20:56+00:00","dateModified":"2023-11-14T04:00:39+00:00","description":"Partituras de m\u00fasica Pasodoble para Orquestas y bandas. M\u00fasica escrita.","breadcrumb":{"@id":"https:\/\/www.omnesbands.international\/producto\/ambaixadors-de-la-festa\/#breadcrumb"},"inLanguage":"ja","potentialAction":[{"@type":"ReadAction","target":["https:\/\/www.omnesbands.international\/producto\/ambaixadors-de-la-festa\/"]}]},{"@type":"ImageObject","inLanguage":"ja","@id":"https:\/\/www.omnesbands.international\/producto\/ambaixadors-de-la-festa\/#primaryimage","url":"https:\/\/www.omnesbands.international\/wp-content\/uploads\/2023\/01\/Ambaixadors-de-la-Festa-2.jpg","contentUrl":"https:\/\/www.omnesbands.international\/wp-content\/uploads\/2023\/01\/Ambaixadors-de-la-Festa-2.jpg","width":759,"height":796,"caption":"Ambaixadors de la Festa"},{"@type":"BreadcrumbList","@id":"https:\/\/www.omnesbands.international\/producto\/ambaixadors-de-la-festa\/#breadcrumb","itemListElement":[{"@type":"ListItem","position":1,"name":"Portada","item":"https:\/\/www.omnesbands.international\/"},{"@type":"ListItem","position":2,"name":"Tienda","item":"https:\/\/www.omnesbands.international\/en\/shop\/"},{"@type":"ListItem","position":3,"name":"Ambaixadors de la Festa"}]},{"@type":"WebSite","@id":"https:\/\/www.omnesbands.international\/#website","url":"https:\/\/www.omnesbands.international\/","name":"OMNESBANDS International","description":"\u72ec\u7acb\u3057\u305f\u4f5c\u5bb6\u3084\u4f5c\u66f2\u5bb6\u306b\u3088\u308b\u30aa\u30ea\u30b8\u30ca\u30eb\u306e\u697d\u8b5c","publisher":{"@id":"https:\/\/www.omnesbands.international\/#organization"},"potentialAction":[{"@type":"SearchAction","target":{"@type":"EntryPoint","urlTemplate":"https:\/\/www.omnesbands.international\/?s={search_term_string}"},"query-input":{"@type":"PropertyValueSpecification","valueRequired":true,"valueName":"search_term_string"}}],"inLanguage":"ja"},{"@type":"Organization","@id":"https:\/\/www.omnesbands.international\/#organization","name":"\u30a4\u30f3\u30c9\u30e9\u56fd\u969b\u30b3\u30f3\u30b5\u30eb\u30bf\u30f3\u30c8","alternateName":"Omnesbands","url":"https:\/\/www.omnesbands.international\/","logo":{"@type":"ImageObject","inLanguage":"ja","@id":"https:\/\/www.omnesbands.international\/#\/schema\/logo\/image\/","url":"https:\/\/omnesbands.international\/wp-content\/uploads\/2023\/06\/Logo-Nuevo-.png","contentUrl":"https:\/\/omnesbands.international\/wp-content\/uploads\/2023\/06\/Logo-Nuevo-.png","width":394,"height":212,"caption":"Indra Consultores Internacionales"},"image":{"@id":"https:\/\/www.omnesbands.international\/#\/schema\/logo\/image\/"}}]},"product_price_amount":"25.00","product_price_currency":"USD","og_availability":"instock","product_availability":"instock","product_retailer_item_id":"AMB-PAS-ESP-22","product_condition":"new"},"uagb_featured_image_src":{"full":["https:\/\/www.omnesbands.international\/wp-content\/uploads\/2023\/01\/Ambaixadors-de-la-Festa-2.jpg",759,796,false],"thumbnail":["https:\/\/www.omnesbands.international\/wp-content\/uploads\/2023\/01\/Ambaixadors-de-la-Festa-2-150x150.jpg",150,150,true],"medium":["https:\/\/www.omnesbands.international\/wp-content\/uploads\/2023\/01\/Ambaixadors-de-la-Festa-2-286x300.jpg",286,300,true],"medium_large":["https:\/\/www.omnesbands.international\/wp-content\/uploads\/2023\/01\/Ambaixadors-de-la-Festa-2.jpg",759,796,false],"large":["https:\/\/www.omnesbands.international\/wp-content\/uploads\/2023\/01\/Ambaixadors-de-la-Festa-2.jpg",759,796,false],"1536x1536":["https:\/\/www.omnesbands.international\/wp-content\/uploads\/2023\/01\/Ambaixadors-de-la-Festa-2.jpg",759,796,false],"2048x2048":["https:\/\/www.omnesbands.international\/wp-content\/uploads\/2023\/01\/Ambaixadors-de-la-Festa-2.jpg",759,796,false],"trp-custom-language-flag":["https:\/\/www.omnesbands.international\/wp-content\/uploads\/2023\/01\/Ambaixadors-de-la-Festa-2-11x12.jpg",11,12,true],"gg_gallery_thumbnail":["https:\/\/www.omnesbands.international\/wp-content\/uploads\/2023\/01\/Ambaixadors-de-la-Festa-2-450x250.jpg",450,250,true],"woocommerce_thumbnail":["https:\/\/www.omnesbands.international\/wp-content\/uploads\/2023\/01\/Ambaixadors-de-la-Festa-2-300x300.jpg",300,300,true],"woocommerce_single":["https:\/\/www.omnesbands.international\/wp-content\/uploads\/2023\/01\/Ambaixadors-de-la-Festa-2-600x629.jpg",600,629,true],"woocommerce_gallery_thumbnail":["https:\/\/www.omnesbands.international\/wp-content\/uploads\/2023\/01\/Ambaixadors-de-la-Festa-2-100x100.jpg",100,100,true]},"uagb_author_info":{"display_name":"Melvin R. Portillo A:","author_link":"https:\/\/www.omnesbands.international\/ja\/author\/"},"uagb_comment_info":0,"uagb_excerpt":"Pasodoble obra del autor Jos\u00e9 Ure\u00f1a Eiras. Desde 1997 pertenece a la Societat Uni\u00f3 Art\u00edstica Musical de Ontinyent, donde ha sido director de uno de los grupos de c\u00e1mara que la entidad posee, director de su escuela de m\u00fasica, as\u00ed como director de la orquesta y coro de la misma, profesor de lenguaje musical, trompeta,&hellip;","_links":{"self":[{"href":"https:\/\/www.omnesbands.international\/ja\/wp-json\/wp\/v2\/product\/1105","targetHints":{"allow":["GET"]}}],"collection":[{"href":"https:\/\/www.omnesbands.international\/ja\/wp-json\/wp\/v2\/product"}],"about":[{"href":"https:\/\/www.omnesbands.international\/ja\/wp-json\/wp\/v2\/types\/product"}],"replies":[{"embeddable":true,"href":"https:\/\/www.omnesbands.international\/ja\/wp-json\/wp\/v2\/comments?post=1105"}],"wp:featuredmedia":[{"embeddable":true,"href":"https:\/\/www.omnesbands.international\/ja\/wp-json\/wp\/v2\/media\/2821"}],"wp:attachment":[{"href":"https:\/\/www.omnesbands.international\/ja\/wp-json\/wp\/v2\/media?parent=1105"}],"wp:term":[{"taxonomy":"product_brand","embeddable":true,"href":"https:\/\/www.omnesbands.international\/ja\/wp-json\/wp\/v2\/product_brand?post=1105"},{"taxonomy":"product_cat","embeddable":true,"href":"https:\/\/www.omnesbands.international\/ja\/wp-json\/wp\/v2\/product_cat?post=1105"},{"taxonomy":"product_tag","embeddable":true,"href":"https:\/\/www.omnesbands.international\/ja\/wp-json\/wp\/v2\/product_tag?post=1105"}],"curies":[{"name":"wp","href":"https:\/\/api.w.org\/{rel}","templated":true}]}}