{"id":1144,"date":"2023-01-24T21:27:45","date_gmt":"2023-01-25T03:27:45","guid":{"rendered":"https:\/\/omnesbands.international\/?post_type=product&#038;p=1144"},"modified":"2023-11-13T20:33:07","modified_gmt":"2023-11-14T02:33:07","slug":"obertura-celtica","status":"publish","type":"product","link":"https:\/\/www.omnesbands.international\/ja\/product\/obertura-celtica\/","title":{"rendered":"\u30b1\u30eb\u30c8\u5e8f\u66f2"},"content":{"rendered":"<p>\u30b1\u30eb\u30c8\u306e\u30e2\u30c1\u30fc\u30d5\u3068\u30ea\u30ba\u30e0\u3092\u53d6\u308a\u5165\u308c\u305f\u69cb\u6210\u3002\u30b7\u30f3\u30d5\u30a9\u30cb\u30c3\u30af\u30b3\u30f3\u30b5\u30fc\u30c8\u306e\u59cb\u307e\u308a\u306b\u3074\u3063\u305f\u308a\u306e\u5e8f\u66f2\u3002\u30a8\u30df\u30ea\u30aa\u30fb\u30aa\u30eb\u30c8\u30e9\u30fb\u30d9\u30ca\u30d9\u30f3\u306e\u4f5c\u54c1\u3002\u5f7c\u306f\u30d0\u30f3\u30c9\u300c\u30e9\u30fb\u30ea\u30e9\u30fb\u30c7\u30fb\u30ef\u30c8\u30ec\u30c8\u30f3\u30c0\u300d\u306e\u9996\u5e2d\u6307\u63ee\u8005\u3092\u52d9\u3081\u3066\u3044\u307e\u3059\uff082006-200g\uff09\u3002\u30d0\u30f3\u30c9 Uni\u00f3m Musical de Atzeneta (200g-2014)\u3002\u97f3\u697d\u5354\u4f1a\u300c\u30e9\u30fb\u30ce\u30f4\u30a1\u300d d.\u30d1\u30ed\u30de\u30fc(201$-201g)\u3002\u307e\u305f\u3001\u30b2\u30b9\u30c8\u6307\u63ee\u8005\u3068\u3057\u3066\u3055\u307e\u3056\u307e\u306a\u30d0\u30f3\u30c9\u306e\u6307\u63ee\u3082\u884c\u3063\u3066\u3044\u307e\u3059\uff08\u30aa\u30c8\u30b9\u3001\u30e0\u30ed\u30fb\u30c0\u30eb\u30b3\u30a4\u3001\u30dc\u30ab\u30a4\u30ec\u30f3\u30c8\u3001\u30d9\u30cb\u30aa\u30d1\u30fb\u30a2\u30f3\u30c9\u30fb\u30a2\u30fb\u30ed\u30f3\u30b0\u306a\u3069\uff09\u3002<br \/>\n\u5f7c\u306f\u30f4\u30a1\u30eb\u30c9\u30a2\u30c8\u30d0\u30a4\u30c0\u5730\u57df\u97f3\u697d\u5b66\u6821\u3067\u30d5\u30eb\u30fc\u30c8\u306e\u6559\u5e2b\u3092\u52d9\u3081\u3066\u3044\u307e\u3059\u3002\u30a2\u30b8\u30a7\u5e02\u7acb\u5b66\u6821\u306b\u3066\u3002\u30de\u30eb\u30d5\u30a7\u30ea\u30c3\u30c8\u306e\u3002 Adlibitum d&#039;Ontinyent \u97f3\u697d\u5b66\u6821\u3084\u30d0\u30ec\u30f3\u30b7\u30a2\u306e\u30b3\u30df\u30e5\u30cb\u30c6\u30a3\u5168\u4f53\u306e\u3055\u307e\u3056\u307e\u306a\u97f3\u697d\u9662\u3067\u5b66\u3073\u3001\u73fe\u5728\u306f\u30ab\u30b9\u30c6\u30ea\u30e7 \u30c7 \u30e9 \u30d7\u30e9\u30ca\u306e\u300c\u30de\u30a8\u30b9\u30c8\u30ec \u30bf\u30ec\u30ac\u300d\u5c02\u9580\u97f3\u697d\u9662\u3067\u30d5\u30eb\u30fc\u30c8\u3068\u5ba4\u5185\u697d\u306e\u6559\u6388\u3092\u52d9\u3081\u3066\u3044\u307e\u3059\u3002<\/p>","protected":false},"excerpt":{"rendered":"<p>\u30b1\u30eb\u30c8\u306e\u30e2\u30c1\u30fc\u30d5\u3068\u30ea\u30ba\u30e0\u3092\u53d6\u308a\u5165\u308c\u305f\u69cb\u6210\u3002\u30b7\u30f3\u30d5\u30a9\u30cb\u30c3\u30af\u30b3\u30f3\u30b5\u30fc\u30c8\u306e\u59cb\u307e\u308a\u306b\u3074\u3063\u305f\u308a\u306e\u5e8f\u66f2\u3002\u30a8\u30df\u30ea\u30aa\u30fb\u30aa\u30eb\u30c8\u30e9\u30fb\u30d9\u30ca\u30d9\u30f3\u306e\u4f5c\u54c1\u3002\u5f7c\u306f\u30d0\u30f3\u30c9\u300c\u30e9\u30fb\u30ea\u30e9\u30fb\u30c7\u30fb\u30ef\u30c8\u30ec\u30c8\u30f3\u30c0\u300d\u306e\u9996\u5e2d\u6307\u63ee\u8005\u3092\u52d9\u3081\u3066\u3044\u307e\u3059\uff082006-200g\uff09\u3002\u30d0\u30f3\u30c9 Uni\u00f3m Musical de Atzeneta (200g-2014)\u3002\u97f3\u697d\u5354\u4f1a\u300c\u30e9\u30fb\u30ce\u30f4\u30a1\u300d d.\u30d1\u30ed\u30de\u30fc(201$-201g)\u3002\u307e\u305f\u3001\u30b2\u30b9\u30c8\u6307\u63ee\u8005\u3068\u3057\u3066\u3055\u307e\u3056\u307e\u306a\u30d0\u30f3\u30c9\u306e\u6307\u63ee\u3082\u884c\u3063\u3066\u3044\u307e\u3059\uff08\u30aa\u30c8\u30b9\u3001\u30e0\u30ed\u30fb\u30c0\u30eb\u30b3\u30a4\u3001\u30dc\u30ab\u30a4\u30ec\u30f3\u30c8\u3001\u30d9\u30cb\u30aa\u30d1\u30fb\u30a2\u30f3\u30c9\u30fb\u30a2\u30fb\u30ed\u30f3\u30b0\u306a\u3069\uff09\u3002<br \/>\n\u5f7c\u306f\u30f4\u30a1\u30eb\u30c9\u30a2\u30c8\u30d0\u30a4\u30c0\u5730\u57df\u97f3\u697d\u5b66\u6821\u3067\u30d5\u30eb\u30fc\u30c8\u306e\u6559\u5e2b\u3092\u52d9\u3081\u3066\u3044\u307e\u3059\u3002\u30a2\u30b8\u30a7\u5e02\u7acb\u5b66\u6821\u306b\u3066\u3002\u30de\u30eb\u30d5\u30a7\u30ea\u30c3\u30c8\u306e\u3002 Adlibitum d&#039;Ontinyent \u97f3\u697d\u5b66\u6821\u3084\u30d0\u30ec\u30f3\u30b7\u30a2\u306e\u30b3\u30df\u30e5\u30cb\u30c6\u30a3\u5168\u4f53\u306e\u3055\u307e\u3056\u307e\u306a\u97f3\u697d\u9662\u3067\u5b66\u3073\u3001\u73fe\u5728\u306f\u30ab\u30b9\u30c6\u30ea\u30e7 \u30c7 \u30e9 \u30d7\u30e9\u30ca\u306e\u300c\u30de\u30a8\u30b9\u30c8\u30ec \u30bf\u30ec\u30ac\u300d\u5c02\u9580\u97f3\u697d\u9662\u3067\u30d5\u30eb\u30fc\u30c8\u3068\u5ba4\u5185\u697d\u306e\u6559\u6388\u3092\u52d9\u3081\u3066\u3044\u307e\u3059\u3002<\/p>","protected":false},"featured_media":2776,"comment_status":"open","ping_status":"closed","template":"","meta":{"_acf_changed":false,"_uag_custom_page_level_css":"","site-sidebar-layout":"default","site-content-layout":"default","ast-site-content-layout":"default","site-content-style":"default","site-sidebar-style":"default","ast-global-header-display":"","ast-banner-title-visibility":"","ast-main-header-display":"","ast-hfb-above-header-display":"","ast-hfb-below-header-display":"","ast-hfb-mobile-header-display":"","site-post-title":"","ast-breadcrumbs-content":"","ast-featured-img":"","footer-sml-layout":"","ast-disable-related-posts":"","theme-transparent-header-meta":"default","adv-header-id-meta":"","stick-header-meta":"default","header-above-stick-meta":"","header-main-stick-meta":"","header-below-stick-meta":"","astra-migrate-meta-layouts":"set","ast-page-background-enabled":"default","ast-page-background-meta":{"desktop":{"background-color":"","background-image":"","background-repeat":"repeat","background-position":"center center","background-size":"auto","background-attachment":"scroll","background-type":"","background-media":"","overlay-type":"","overlay-color":"","overlay-opacity":"","overlay-gradient":""},"tablet":{"background-color":"","background-image":"","background-repeat":"repeat","background-position":"center center","background-size":"auto","background-attachment":"scroll","background-type":"","background-media":"","overlay-type":"","overlay-color":"","overlay-opacity":"","overlay-gradient":""},"mobile":{"background-color":"","background-image":"","background-repeat":"repeat","background-position":"center center","background-size":"auto","background-attachment":"scroll","background-type":"","background-media":"","overlay-type":"","overlay-color":"","overlay-opacity":"","overlay-gradient":""}},"ast-content-background-meta":{"desktop":{"background-color":"var(--ast-global-color-5)","background-image":"","background-repeat":"repeat","background-position":"center center","background-size":"auto","background-attachment":"scroll","background-type":"","background-media":"","overlay-type":"","overlay-color":"","overlay-opacity":"","overlay-gradient":""},"tablet":{"background-color":"var(--ast-global-color-5)","background-image":"","background-repeat":"repeat","background-position":"center center","background-size":"auto","background-attachment":"scroll","background-type":"","background-media":"","overlay-type":"","overlay-color":"","overlay-opacity":"","overlay-gradient":""},"mobile":{"background-color":"var(--ast-global-color-5)","background-image":"","background-repeat":"repeat","background-position":"center center","background-size":"auto","background-attachment":"scroll","background-type":"","background-media":"","overlay-type":"","overlay-color":"","overlay-opacity":"","overlay-gradient":""}}},"product_brand":[],"product_cat":[24],"product_tag":[67],"class_list":{"0":"post-1144","1":"product","2":"type-product","3":"status-publish","4":"has-post-thumbnail","6":"product_cat-sinfonicas","7":"product_tag-emilio-oltra-benavent","8":"desktop-align-left","9":"tablet-align-left","10":"mobile-align-left","11":"ast-product-gallery-layout-horizontal-slider","13":"first","14":"instock","15":"downloadable","16":"virtual","17":"taxable","18":"purchasable","19":"product-type-simple"},"acf":[],"yoast_head":"<!-- This site is optimized with the Yoast SEO Premium plugin v22.4 (Yoast SEO v27.4) - https:\/\/yoast.com\/product\/yoast-seo-premium-wordpress\/ -->\n<title>Obertura C\u00e9ltica -<\/title>\n<meta name=\"description\" content=\"Partituras de m\u00fasica Sinf\u00f3nica para Orquestas y bandas. M\u00fasica escrita\" \/>\n<meta name=\"robots\" content=\"index, follow, max-snippet:-1, max-image-preview:large, max-video-preview:-1\" \/>\n<link rel=\"canonical\" href=\"https:\/\/www.omnesbands.international\/ja\/produit\/obertura-celtica\/\" \/>\n<meta property=\"og:locale\" content=\"ja_JP\" \/>\n<meta property=\"og:type\" content=\"article\" \/>\n<meta property=\"og:title\" content=\"Obertura C\u00e9ltica\" \/>\n<meta property=\"og:description\" content=\"Partituras de m\u00fasica Sinf\u00f3nica para Orquestas y bandas. M\u00fasica escrita\" \/>\n<meta property=\"og:url\" content=\"https:\/\/www.omnesbands.international\/ja\/produit\/obertura-celtica\/\" \/>\n<meta property=\"article:modified_time\" content=\"2023-11-14T02:33:07+00:00\" \/>\n<meta property=\"og:image\" content=\"https:\/\/www.omnesbands.international\/wp-content\/uploads\/2023\/01\/Obertura-Celtica-1.jpg\" \/>\n\t<meta property=\"og:image:width\" content=\"691\" \/>\n\t<meta property=\"og:image:height\" content=\"813\" \/>\n\t<meta property=\"og:image:type\" content=\"image\/jpeg\" \/>\n<meta name=\"twitter:card\" content=\"summary_large_image\" \/>\n<meta name=\"twitter:label1\" content=\"\u4fa1\u683c\" \/>\n\t<meta name=\"twitter:data1\" content=\"&#036;35.00\" \/>\n\t<meta name=\"twitter:label2\" content=\"\u5728\u5eab\" \/>\n\t<meta name=\"twitter:data2\" content=\"\u5728\u5eab\u3042\u308a\" \/>\n<script type=\"application\/ld+json\" class=\"yoast-schema-graph\">{\"@context\":\"https:\\\/\\\/schema.org\",\"@graph\":[{\"@type\":\"WebPage\",\"@id\":\"https:\\\/\\\/www.omnesbands.international\\\/fr\\\/produit\\\/obertura-celtica\\\/\",\"url\":\"https:\\\/\\\/www.omnesbands.international\\\/fr\\\/produit\\\/obertura-celtica\\\/\",\"name\":\"Obertura C\u00e9ltica -\",\"isPartOf\":{\"@id\":\"https:\\\/\\\/www.omnesbands.international\\\/#website\"},\"primaryImageOfPage\":{\"@id\":\"https:\\\/\\\/www.omnesbands.international\\\/fr\\\/produit\\\/obertura-celtica\\\/#primaryimage\"},\"image\":{\"@id\":\"https:\\\/\\\/www.omnesbands.international\\\/fr\\\/produit\\\/obertura-celtica\\\/#primaryimage\"},\"thumbnailUrl\":\"https:\\\/\\\/www.omnesbands.international\\\/wp-content\\\/uploads\\\/2023\\\/01\\\/Obertura-Celtica-1.jpg\",\"datePublished\":\"2023-01-25T03:27:45+00:00\",\"dateModified\":\"2023-11-14T02:33:07+00:00\",\"description\":\"Partituras de m\u00fasica Sinf\u00f3nica para Orquestas y bandas. M\u00fasica escrita\",\"breadcrumb\":{\"@id\":\"https:\\\/\\\/www.omnesbands.international\\\/fr\\\/produit\\\/obertura-celtica\\\/#breadcrumb\"},\"inLanguage\":\"ja\",\"potentialAction\":[{\"@type\":\"ReadAction\",\"target\":[\"https:\\\/\\\/www.omnesbands.international\\\/fr\\\/produit\\\/obertura-celtica\\\/\"]}]},{\"@type\":\"ImageObject\",\"inLanguage\":\"ja\",\"@id\":\"https:\\\/\\\/www.omnesbands.international\\\/fr\\\/produit\\\/obertura-celtica\\\/#primaryimage\",\"url\":\"https:\\\/\\\/www.omnesbands.international\\\/wp-content\\\/uploads\\\/2023\\\/01\\\/Obertura-Celtica-1.jpg\",\"contentUrl\":\"https:\\\/\\\/www.omnesbands.international\\\/wp-content\\\/uploads\\\/2023\\\/01\\\/Obertura-Celtica-1.jpg\",\"width\":691,\"height\":813,\"caption\":\"Obertura C\u00e9ltica\"},{\"@type\":\"BreadcrumbList\",\"@id\":\"https:\\\/\\\/www.omnesbands.international\\\/fr\\\/produit\\\/obertura-celtica\\\/#breadcrumb\",\"itemListElement\":[{\"@type\":\"ListItem\",\"position\":1,\"name\":\"Portada\",\"item\":\"https:\\\/\\\/www.omnesbands.international\\\/\"},{\"@type\":\"ListItem\",\"position\":2,\"name\":\"Tienda\",\"item\":\"https:\\\/\\\/www.omnesbands.international\\\/en\\\/shop\\\/\"},{\"@type\":\"ListItem\",\"position\":3,\"name\":\"Obertura C\u00e9ltica\"}]},{\"@type\":\"WebSite\",\"@id\":\"https:\\\/\\\/www.omnesbands.international\\\/#website\",\"url\":\"https:\\\/\\\/www.omnesbands.international\\\/\",\"name\":\"OMNESBANDS International\",\"description\":\"Partituras Originales de autores y compositores independientes\",\"publisher\":{\"@id\":\"https:\\\/\\\/www.omnesbands.international\\\/#organization\"},\"potentialAction\":[{\"@type\":\"SearchAction\",\"target\":{\"@type\":\"EntryPoint\",\"urlTemplate\":\"https:\\\/\\\/www.omnesbands.international\\\/?s={search_term_string}\"},\"query-input\":{\"@type\":\"PropertyValueSpecification\",\"valueRequired\":true,\"valueName\":\"search_term_string\"}}],\"inLanguage\":\"ja\"},{\"@type\":\"Organization\",\"@id\":\"https:\\\/\\\/www.omnesbands.international\\\/#organization\",\"name\":\"Indra Consultores Internacionales\",\"alternateName\":\"Omnesbands\",\"url\":\"https:\\\/\\\/www.omnesbands.international\\\/\",\"logo\":{\"@type\":\"ImageObject\",\"inLanguage\":\"ja\",\"@id\":\"https:\\\/\\\/www.omnesbands.international\\\/#\\\/schema\\\/logo\\\/image\\\/\",\"url\":\"https:\\\/\\\/omnesbands.international\\\/wp-content\\\/uploads\\\/2023\\\/06\\\/Logo-Nuevo-.png\",\"contentUrl\":\"https:\\\/\\\/omnesbands.international\\\/wp-content\\\/uploads\\\/2023\\\/06\\\/Logo-Nuevo-.png\",\"width\":394,\"height\":212,\"caption\":\"Indra Consultores Internacionales\"},\"image\":{\"@id\":\"https:\\\/\\\/www.omnesbands.international\\\/#\\\/schema\\\/logo\\\/image\\\/\"}}]}<\/script>\n<meta property=\"product:price:amount\" content=\"35.00\" \/>\n<meta property=\"product:price:currency\" content=\"USD\" \/>\n<meta property=\"og:availability\" content=\"instock\" \/>\n<meta property=\"product:availability\" content=\"instock\" \/>\n<meta property=\"product:retailer_item_id\" content=\"OBE-SIN-ESP-22\" \/>\n<meta property=\"product:condition\" content=\"new\" \/>\n<!-- \/ Yoast SEO Premium plugin. -->","yoast_head_json":{"title":"Obertura C\u00e9ltica -","description":"Partituras de m\u00fasica Sinf\u00f3nica para Orquestas y bandas. M\u00fasica escrita","robots":{"index":"index","follow":"follow","max-snippet":"max-snippet:-1","max-image-preview":"max-image-preview:large","max-video-preview":"max-video-preview:-1"},"canonical":"https:\/\/www.omnesbands.international\/ja\/produit\/obertura-celtica\/","og_locale":"ja_JP","og_type":"article","og_title":"Obertura C\u00e9ltica","og_description":"Partituras de m\u00fasica Sinf\u00f3nica para Orquestas y bandas. M\u00fasica escrita","og_url":"https:\/\/www.omnesbands.international\/ja\/produit\/obertura-celtica\/","article_modified_time":"2023-11-14T02:33:07+00:00","og_image":[{"width":691,"height":813,"url":"https:\/\/www.omnesbands.international\/wp-content\/uploads\/2023\/01\/Obertura-Celtica-1.jpg","type":"image\/jpeg"}],"twitter_card":"summary_large_image","twitter_misc":{"\u4fa1\u683c":"&#36;35.00","\u5728\u5eab":"\u5728\u5eab\u3042\u308a"},"schema":{"@context":"https:\/\/schema.org","@graph":[{"@type":"WebPage","@id":"https:\/\/www.omnesbands.international\/fr\/produit\/obertura-celtica\/","url":"https:\/\/www.omnesbands.international\/fr\/produit\/obertura-celtica\/","name":"Obertura C\u00e9ltica -","isPartOf":{"@id":"https:\/\/www.omnesbands.international\/#website"},"primaryImageOfPage":{"@id":"https:\/\/www.omnesbands.international\/fr\/produit\/obertura-celtica\/#primaryimage"},"image":{"@id":"https:\/\/www.omnesbands.international\/fr\/produit\/obertura-celtica\/#primaryimage"},"thumbnailUrl":"https:\/\/www.omnesbands.international\/wp-content\/uploads\/2023\/01\/Obertura-Celtica-1.jpg","datePublished":"2023-01-25T03:27:45+00:00","dateModified":"2023-11-14T02:33:07+00:00","description":"Partituras de m\u00fasica Sinf\u00f3nica para Orquestas y bandas. M\u00fasica escrita","breadcrumb":{"@id":"https:\/\/www.omnesbands.international\/fr\/produit\/obertura-celtica\/#breadcrumb"},"inLanguage":"ja","potentialAction":[{"@type":"ReadAction","target":["https:\/\/www.omnesbands.international\/fr\/produit\/obertura-celtica\/"]}]},{"@type":"ImageObject","inLanguage":"ja","@id":"https:\/\/www.omnesbands.international\/fr\/produit\/obertura-celtica\/#primaryimage","url":"https:\/\/www.omnesbands.international\/wp-content\/uploads\/2023\/01\/Obertura-Celtica-1.jpg","contentUrl":"https:\/\/www.omnesbands.international\/wp-content\/uploads\/2023\/01\/Obertura-Celtica-1.jpg","width":691,"height":813,"caption":"Obertura C\u00e9ltica"},{"@type":"BreadcrumbList","@id":"https:\/\/www.omnesbands.international\/fr\/produit\/obertura-celtica\/#breadcrumb","itemListElement":[{"@type":"ListItem","position":1,"name":"Portada","item":"https:\/\/www.omnesbands.international\/"},{"@type":"ListItem","position":2,"name":"Tienda","item":"https:\/\/www.omnesbands.international\/en\/shop\/"},{"@type":"ListItem","position":3,"name":"Obertura C\u00e9ltica"}]},{"@type":"WebSite","@id":"https:\/\/www.omnesbands.international\/#website","url":"https:\/\/www.omnesbands.international\/","name":"OMNESBANDS International","description":"\u72ec\u7acb\u3057\u305f\u4f5c\u5bb6\u3084\u4f5c\u66f2\u5bb6\u306b\u3088\u308b\u30aa\u30ea\u30b8\u30ca\u30eb\u306e\u697d\u8b5c","publisher":{"@id":"https:\/\/www.omnesbands.international\/#organization"},"potentialAction":[{"@type":"SearchAction","target":{"@type":"EntryPoint","urlTemplate":"https:\/\/www.omnesbands.international\/?s={search_term_string}"},"query-input":{"@type":"PropertyValueSpecification","valueRequired":true,"valueName":"search_term_string"}}],"inLanguage":"ja"},{"@type":"Organization","@id":"https:\/\/www.omnesbands.international\/#organization","name":"\u30a4\u30f3\u30c9\u30e9\u56fd\u969b\u30b3\u30f3\u30b5\u30eb\u30bf\u30f3\u30c8","alternateName":"Omnesbands","url":"https:\/\/www.omnesbands.international\/","logo":{"@type":"ImageObject","inLanguage":"ja","@id":"https:\/\/www.omnesbands.international\/#\/schema\/logo\/image\/","url":"https:\/\/omnesbands.international\/wp-content\/uploads\/2023\/06\/Logo-Nuevo-.png","contentUrl":"https:\/\/omnesbands.international\/wp-content\/uploads\/2023\/06\/Logo-Nuevo-.png","width":394,"height":212,"caption":"Indra Consultores Internacionales"},"image":{"@id":"https:\/\/www.omnesbands.international\/#\/schema\/logo\/image\/"}}]},"product_price_amount":"35.00","product_price_currency":"USD","og_availability":"instock","product_availability":"instock","product_retailer_item_id":"OBE-SIN-ESP-22","product_condition":"new"},"uagb_featured_image_src":{"full":["https:\/\/www.omnesbands.international\/wp-content\/uploads\/2023\/01\/Obertura-Celtica-1.jpg",691,813,false],"thumbnail":["https:\/\/www.omnesbands.international\/wp-content\/uploads\/2023\/01\/Obertura-Celtica-1-150x150.jpg",150,150,true],"medium":["https:\/\/www.omnesbands.international\/wp-content\/uploads\/2023\/01\/Obertura-Celtica-1-255x300.jpg",255,300,true],"medium_large":["https:\/\/www.omnesbands.international\/wp-content\/uploads\/2023\/01\/Obertura-Celtica-1.jpg",691,813,false],"large":["https:\/\/www.omnesbands.international\/wp-content\/uploads\/2023\/01\/Obertura-Celtica-1.jpg",691,813,false],"1536x1536":["https:\/\/www.omnesbands.international\/wp-content\/uploads\/2023\/01\/Obertura-Celtica-1.jpg",691,813,false],"2048x2048":["https:\/\/www.omnesbands.international\/wp-content\/uploads\/2023\/01\/Obertura-Celtica-1.jpg",691,813,false],"trp-custom-language-flag":["https:\/\/www.omnesbands.international\/wp-content\/uploads\/2023\/01\/Obertura-Celtica-1-10x12.jpg",10,12,true],"gg_gallery_thumbnail":["https:\/\/www.omnesbands.international\/wp-content\/uploads\/2023\/01\/Obertura-Celtica-1-450x250.jpg",450,250,true],"woocommerce_thumbnail":["https:\/\/www.omnesbands.international\/wp-content\/uploads\/2023\/01\/Obertura-Celtica-1-300x300.jpg",300,300,true],"woocommerce_single":["https:\/\/www.omnesbands.international\/wp-content\/uploads\/2023\/01\/Obertura-Celtica-1-600x706.jpg",600,706,true],"woocommerce_gallery_thumbnail":["https:\/\/www.omnesbands.international\/wp-content\/uploads\/2023\/01\/Obertura-Celtica-1-100x100.jpg",100,100,true]},"uagb_author_info":{"display_name":"Melvin R. Portillo A:","author_link":"https:\/\/www.omnesbands.international\/ja\/author\/"},"uagb_comment_info":0,"uagb_excerpt":"Composici\u00f3n con motivos y ritmo c\u00e9lticos. Una obertura perfecta para empezar un concierto sinf\u00f3nico. Obra de Emilio Oltra Benavent, Ha sido director titular de las bandas d: La Lira de Ouatretonda (2006-200g). la banda Uni\u00f3n Musical de Atzeneta (200g-2014). La Societat Musical \u00abLa Nova\u201d d. El Palomar (201$-201g). Tambi\u00e9n ha dirigido diferentes bandas como director&hellip;","_links":{"self":[{"href":"https:\/\/www.omnesbands.international\/ja\/wp-json\/wp\/v2\/product\/1144","targetHints":{"allow":["GET"]}}],"collection":[{"href":"https:\/\/www.omnesbands.international\/ja\/wp-json\/wp\/v2\/product"}],"about":[{"href":"https:\/\/www.omnesbands.international\/ja\/wp-json\/wp\/v2\/types\/product"}],"replies":[{"embeddable":true,"href":"https:\/\/www.omnesbands.international\/ja\/wp-json\/wp\/v2\/comments?post=1144"}],"wp:featuredmedia":[{"embeddable":true,"href":"https:\/\/www.omnesbands.international\/ja\/wp-json\/wp\/v2\/media\/2776"}],"wp:attachment":[{"href":"https:\/\/www.omnesbands.international\/ja\/wp-json\/wp\/v2\/media?parent=1144"}],"wp:term":[{"taxonomy":"product_brand","embeddable":true,"href":"https:\/\/www.omnesbands.international\/ja\/wp-json\/wp\/v2\/product_brand?post=1144"},{"taxonomy":"product_cat","embeddable":true,"href":"https:\/\/www.omnesbands.international\/ja\/wp-json\/wp\/v2\/product_cat?post=1144"},{"taxonomy":"product_tag","embeddable":true,"href":"https:\/\/www.omnesbands.international\/ja\/wp-json\/wp\/v2\/product_tag?post=1144"}],"curies":[{"name":"wp","href":"https:\/\/api.w.org\/{rel}","templated":true}]}}