{"id":1151,"date":"2023-01-24T21:37:14","date_gmt":"2023-01-25T03:37:14","guid":{"rendered":"https:\/\/omnesbands.international\/?post_type=product&#038;p=1151"},"modified":"2023-11-13T19:38:25","modified_gmt":"2023-11-14T01:38:25","slug":"rapsodia-mediterranea","status":"publish","type":"product","link":"https:\/\/www.omnesbands.international\/ja\/product\/rapsodia-mediterranea\/","title":{"rendered":"\u5730\u4e2d\u6d77\u306e\u72c2\u8a69\u66f2"},"content":{"rendered":"<p>II\u5168\u56fd\u4f5c\u66f2\u30b3\u30f3\u30af\u30fc\u30eb\u300c\u30f4\u30a3\u30e9\u30fb\u30c7\u30fb\u30e0\u30ed\u300d\uff08\u30a2\u30ea\u30ab\u30f3\u30c6\uff09\u7b2c1\u4f4d\uff08ex aequo\uff09\u3002<\/p>\n<p>\u8457\u8005\u304c\u8aac\u660e\u3057\u305f\u3088\u3046\u306b\u3001\u3053\u306e\u66f2\u306f\u97f3\u697d\u7684\u306a\u7d50\u5408\u304c\u4e0e\u3048\u3089\u308c\u305f\u3055\u307e\u3056\u307e\u306a\u4eba\u6c17\u306e\u30e1\u30ed\u30c7\u30a3\u30fc\u306e\u6df7\u5408\u7269\u3067\u3042\u308a\u3001\u300c\u30ec\u30f4\u30a1\u30f3\u30c6\u30a3\u30ce\u30fb\u30ab\u30f3\u30c1\u30e7\u30cd\u30ed\u300d\u304b\u3089\u30a4\u30f3\u30b9\u30d4\u30ec\u30fc\u30b7\u30e7\u30f3\u3092\u53d7\u3051\u3001\u4eba\u6c17\u306e\u3042\u308b\u30e1\u30ed\u30c7\u30a3\u30fc\u300c\u30ed\u30b9\u30fb\u30de\u30e8\u30b9\u300d\u306b\u57fa\u3065\u3044\u3066\u3044\u308b\u3068\u30d5\u30a2\u30f3\u30fb\u30d8\u30b9\u30b9\u304c\u660e\u3089\u304b\u306b\u3057\u305f\u3002 \u300c\u3053\u308c\u306f\u30b9\u30da\u30a4\u30f3\u306e\u30ec\u30d0\u30f3\u30c8\u5730\u65b9\u3067\u6625\u306e\u5230\u6765\u30015\u6708\u3001\u82b1\u306e\u6708\u3092\u795d\u3063\u3066\u6b4c\u308f\u308c\u305f\u4eba\u6c17\u306e\u66f2\u3067\u3059\u3002\u300d<\/p>","protected":false},"excerpt":{"rendered":"<p>II\u5168\u56fd\u4f5c\u66f2\u30b3\u30f3\u30af\u30fc\u30eb\u300c\u30f4\u30a3\u30e9\u30fb\u30c7\u30fb\u30e0\u30ed\u300d\uff08\u30a2\u30ea\u30ab\u30f3\u30c6\uff09\u7b2c1\u4f4d\uff08ex aequo\uff09\u3002<\/p>\n<p>\u8457\u8005\u304c\u8aac\u660e\u3057\u305f\u3088\u3046\u306b\u3001\u3053\u306e\u66f2\u306f\u97f3\u697d\u7684\u306a\u7d50\u5408\u304c\u4e0e\u3048\u3089\u308c\u305f\u3055\u307e\u3056\u307e\u306a\u4eba\u6c17\u306e\u30e1\u30ed\u30c7\u30a3\u30fc\u306e\u6df7\u5408\u7269\u3067\u3042\u308a\u3001\u300c\u30ec\u30f4\u30a1\u30f3\u30c6\u30a3\u30ce\u30fb\u30ab\u30f3\u30c1\u30e7\u30cd\u30ed\u300d\u304b\u3089\u30a4\u30f3\u30b9\u30d4\u30ec\u30fc\u30b7\u30e7\u30f3\u3092\u53d7\u3051\u3001\u4eba\u6c17\u306e\u3042\u308b\u30e1\u30ed\u30c7\u30a3\u30fc\u300c\u30ed\u30b9\u30fb\u30de\u30e8\u30b9\u300d\u306b\u57fa\u3065\u3044\u3066\u3044\u308b\u3068\u30d5\u30a2\u30f3\u30fb\u30d8\u30b9\u30b9\u304c\u660e\u3089\u304b\u306b\u3057\u305f\u3002 \u300c\u3053\u308c\u306f\u30b9\u30da\u30a4\u30f3\u306e\u30ec\u30d0\u30f3\u30c8\u5730\u65b9\u3067\u6625\u306e\u5230\u6765\u30015\u6708\u3001\u82b1\u306e\u6708\u3092\u795d\u3063\u3066\u6b4c\u308f\u308c\u305f\u4eba\u6c17\u306e\u66f2\u3067\u3059\u3002\u300d<\/p>","protected":false},"featured_media":2767,"comment_status":"open","ping_status":"closed","template":"","meta":{"_acf_changed":false,"_uag_custom_page_level_css":"","site-sidebar-layout":"default","site-content-layout":"default","ast-site-content-layout":"default","site-content-style":"default","site-sidebar-style":"default","ast-global-header-display":"","ast-banner-title-visibility":"","ast-main-header-display":"","ast-hfb-above-header-display":"","ast-hfb-below-header-display":"","ast-hfb-mobile-header-display":"","site-post-title":"","ast-breadcrumbs-content":"","ast-featured-img":"","footer-sml-layout":"","ast-disable-related-posts":"","theme-transparent-header-meta":"default","adv-header-id-meta":"","stick-header-meta":"default","header-above-stick-meta":"","header-main-stick-meta":"","header-below-stick-meta":"","astra-migrate-meta-layouts":"set","ast-page-background-enabled":"default","ast-page-background-meta":{"desktop":{"background-color":"","background-image":"","background-repeat":"repeat","background-position":"center center","background-size":"auto","background-attachment":"scroll","background-type":"","background-media":"","overlay-type":"","overlay-color":"","overlay-opacity":"","overlay-gradient":""},"tablet":{"background-color":"","background-image":"","background-repeat":"repeat","background-position":"center center","background-size":"auto","background-attachment":"scroll","background-type":"","background-media":"","overlay-type":"","overlay-color":"","overlay-opacity":"","overlay-gradient":""},"mobile":{"background-color":"","background-image":"","background-repeat":"repeat","background-position":"center center","background-size":"auto","background-attachment":"scroll","background-type":"","background-media":"","overlay-type":"","overlay-color":"","overlay-opacity":"","overlay-gradient":""}},"ast-content-background-meta":{"desktop":{"background-color":"var(--ast-global-color-5)","background-image":"","background-repeat":"repeat","background-position":"center center","background-size":"auto","background-attachment":"scroll","background-type":"","background-media":"","overlay-type":"","overlay-color":"","overlay-opacity":"","overlay-gradient":""},"tablet":{"background-color":"var(--ast-global-color-5)","background-image":"","background-repeat":"repeat","background-position":"center center","background-size":"auto","background-attachment":"scroll","background-type":"","background-media":"","overlay-type":"","overlay-color":"","overlay-opacity":"","overlay-gradient":""},"mobile":{"background-color":"var(--ast-global-color-5)","background-image":"","background-repeat":"repeat","background-position":"center center","background-size":"auto","background-attachment":"scroll","background-type":"","background-media":"","overlay-type":"","overlay-color":"","overlay-opacity":"","overlay-gradient":""}}},"product_brand":[],"product_cat":[24],"product_tag":[76],"class_list":{"0":"post-1151","1":"product","2":"type-product","3":"status-publish","4":"has-post-thumbnail","6":"product_cat-sinfonicas","7":"product_tag-juan-jesus-lopez-sandoval","8":"desktop-align-left","9":"tablet-align-left","10":"mobile-align-left","11":"ast-product-gallery-layout-horizontal-slider","13":"first","14":"instock","15":"downloadable","16":"virtual","17":"taxable","18":"purchasable","19":"product-type-simple"},"acf":[],"yoast_head":"<!-- This site is optimized with the Yoast SEO Premium plugin v22.4 (Yoast SEO v27.4) - https:\/\/yoast.com\/product\/yoast-seo-premium-wordpress\/ -->\n<title>Rapsodia Mediterr\u00e1nea -<\/title>\n<meta name=\"description\" content=\"Partituras de m\u00fasica Sinf\u00f3nica para Orquestas y bandas. M\u00fasica escrita. Primer premio del II Concurso Nacional de Composici\u00f3n \u201cVila de Muro\u201d (Alicante).\" \/>\n<meta name=\"robots\" content=\"index, follow, max-snippet:-1, max-image-preview:large, max-video-preview:-1\" \/>\n<link rel=\"canonical\" href=\"https:\/\/www.omnesbands.international\/ja\/produit\/rapsodia-mediterranea\/\" \/>\n<meta property=\"og:locale\" content=\"ja_JP\" \/>\n<meta property=\"og:type\" content=\"article\" \/>\n<meta property=\"og:title\" content=\"Rapsodia Mediterr\u00e1nea\" \/>\n<meta property=\"og:description\" content=\"Partituras de m\u00fasica Sinf\u00f3nica para Orquestas y bandas. M\u00fasica escrita. Primer premio del II Concurso Nacional de Composici\u00f3n \u201cVila de Muro\u201d (Alicante).\" \/>\n<meta property=\"og:url\" content=\"https:\/\/www.omnesbands.international\/ja\/produit\/rapsodia-mediterranea\/\" \/>\n<meta property=\"article:modified_time\" content=\"2023-11-14T01:38:25+00:00\" \/>\n<meta property=\"og:image\" content=\"https:\/\/www.omnesbands.international\/wp-content\/uploads\/2023\/01\/Rapsodia-Mediterranea.jpg\" \/>\n\t<meta property=\"og:image:width\" content=\"780\" \/>\n\t<meta property=\"og:image:height\" content=\"814\" \/>\n\t<meta property=\"og:image:type\" content=\"image\/jpeg\" \/>\n<meta name=\"twitter:card\" content=\"summary_large_image\" \/>\n<meta name=\"twitter:label1\" content=\"\u4fa1\u683c\" \/>\n\t<meta name=\"twitter:data1\" content=\"&#036;40.00\" \/>\n\t<meta name=\"twitter:label2\" content=\"\u5728\u5eab\" \/>\n\t<meta name=\"twitter:data2\" content=\"\u5728\u5eab\u3042\u308a\" \/>\n<script type=\"application\/ld+json\" class=\"yoast-schema-graph\">{\"@context\":\"https:\\\/\\\/schema.org\",\"@graph\":[{\"@type\":\"WebPage\",\"@id\":\"https:\\\/\\\/www.omnesbands.international\\\/fr\\\/produit\\\/rapsodia-mediterranea\\\/\",\"url\":\"https:\\\/\\\/www.omnesbands.international\\\/fr\\\/produit\\\/rapsodia-mediterranea\\\/\",\"name\":\"Rapsodia Mediterr\u00e1nea -\",\"isPartOf\":{\"@id\":\"https:\\\/\\\/www.omnesbands.international\\\/#website\"},\"primaryImageOfPage\":{\"@id\":\"https:\\\/\\\/www.omnesbands.international\\\/fr\\\/produit\\\/rapsodia-mediterranea\\\/#primaryimage\"},\"image\":{\"@id\":\"https:\\\/\\\/www.omnesbands.international\\\/fr\\\/produit\\\/rapsodia-mediterranea\\\/#primaryimage\"},\"thumbnailUrl\":\"https:\\\/\\\/www.omnesbands.international\\\/wp-content\\\/uploads\\\/2023\\\/01\\\/Rapsodia-Mediterranea.jpg\",\"datePublished\":\"2023-01-25T03:37:14+00:00\",\"dateModified\":\"2023-11-14T01:38:25+00:00\",\"description\":\"Partituras de m\u00fasica Sinf\u00f3nica para Orquestas y bandas. M\u00fasica escrita. Primer premio del II Concurso Nacional de Composici\u00f3n \u201cVila de Muro\u201d (Alicante).\",\"breadcrumb\":{\"@id\":\"https:\\\/\\\/www.omnesbands.international\\\/fr\\\/produit\\\/rapsodia-mediterranea\\\/#breadcrumb\"},\"inLanguage\":\"ja\",\"potentialAction\":[{\"@type\":\"ReadAction\",\"target\":[\"https:\\\/\\\/www.omnesbands.international\\\/fr\\\/produit\\\/rapsodia-mediterranea\\\/\"]}]},{\"@type\":\"ImageObject\",\"inLanguage\":\"ja\",\"@id\":\"https:\\\/\\\/www.omnesbands.international\\\/fr\\\/produit\\\/rapsodia-mediterranea\\\/#primaryimage\",\"url\":\"https:\\\/\\\/www.omnesbands.international\\\/wp-content\\\/uploads\\\/2023\\\/01\\\/Rapsodia-Mediterranea.jpg\",\"contentUrl\":\"https:\\\/\\\/www.omnesbands.international\\\/wp-content\\\/uploads\\\/2023\\\/01\\\/Rapsodia-Mediterranea.jpg\",\"width\":780,\"height\":814,\"caption\":\"Rapsodia Mediterranea\"},{\"@type\":\"BreadcrumbList\",\"@id\":\"https:\\\/\\\/www.omnesbands.international\\\/fr\\\/produit\\\/rapsodia-mediterranea\\\/#breadcrumb\",\"itemListElement\":[{\"@type\":\"ListItem\",\"position\":1,\"name\":\"Portada\",\"item\":\"https:\\\/\\\/www.omnesbands.international\\\/\"},{\"@type\":\"ListItem\",\"position\":2,\"name\":\"Tienda\",\"item\":\"https:\\\/\\\/www.omnesbands.international\\\/en\\\/shop\\\/\"},{\"@type\":\"ListItem\",\"position\":3,\"name\":\"Rapsodia Mediterr\u00e1nea\"}]},{\"@type\":\"WebSite\",\"@id\":\"https:\\\/\\\/www.omnesbands.international\\\/#website\",\"url\":\"https:\\\/\\\/www.omnesbands.international\\\/\",\"name\":\"OMNESBANDS International\",\"description\":\"Partituras Originales de autores y compositores independientes\",\"publisher\":{\"@id\":\"https:\\\/\\\/www.omnesbands.international\\\/#organization\"},\"potentialAction\":[{\"@type\":\"SearchAction\",\"target\":{\"@type\":\"EntryPoint\",\"urlTemplate\":\"https:\\\/\\\/www.omnesbands.international\\\/?s={search_term_string}\"},\"query-input\":{\"@type\":\"PropertyValueSpecification\",\"valueRequired\":true,\"valueName\":\"search_term_string\"}}],\"inLanguage\":\"ja\"},{\"@type\":\"Organization\",\"@id\":\"https:\\\/\\\/www.omnesbands.international\\\/#organization\",\"name\":\"Indra Consultores Internacionales\",\"alternateName\":\"Omnesbands\",\"url\":\"https:\\\/\\\/www.omnesbands.international\\\/\",\"logo\":{\"@type\":\"ImageObject\",\"inLanguage\":\"ja\",\"@id\":\"https:\\\/\\\/www.omnesbands.international\\\/#\\\/schema\\\/logo\\\/image\\\/\",\"url\":\"https:\\\/\\\/omnesbands.international\\\/wp-content\\\/uploads\\\/2023\\\/06\\\/Logo-Nuevo-.png\",\"contentUrl\":\"https:\\\/\\\/omnesbands.international\\\/wp-content\\\/uploads\\\/2023\\\/06\\\/Logo-Nuevo-.png\",\"width\":394,\"height\":212,\"caption\":\"Indra Consultores Internacionales\"},\"image\":{\"@id\":\"https:\\\/\\\/www.omnesbands.international\\\/#\\\/schema\\\/logo\\\/image\\\/\"}}]}<\/script>\n<meta property=\"product:price:amount\" content=\"40.00\" \/>\n<meta property=\"product:price:currency\" content=\"USD\" \/>\n<meta property=\"og:availability\" content=\"instock\" \/>\n<meta property=\"product:availability\" content=\"instock\" \/>\n<meta property=\"product:retailer_item_id\" content=\"MED-SIN-ESP-22\" \/>\n<meta property=\"product:condition\" content=\"new\" \/>\n<!-- \/ Yoast SEO Premium plugin. -->","yoast_head_json":{"title":"Rapsodia Mediterr\u00e1nea -","description":"Partituras de m\u00fasica Sinf\u00f3nica para Orquestas y bandas. M\u00fasica escrita. Primer premio del II Concurso Nacional de Composici\u00f3n \u201cVila de Muro\u201d (Alicante).","robots":{"index":"index","follow":"follow","max-snippet":"max-snippet:-1","max-image-preview":"max-image-preview:large","max-video-preview":"max-video-preview:-1"},"canonical":"https:\/\/www.omnesbands.international\/ja\/produit\/rapsodia-mediterranea\/","og_locale":"ja_JP","og_type":"article","og_title":"Rapsodia Mediterr\u00e1nea","og_description":"Partituras de m\u00fasica Sinf\u00f3nica para Orquestas y bandas. M\u00fasica escrita. Primer premio del II Concurso Nacional de Composici\u00f3n \u201cVila de Muro\u201d (Alicante).","og_url":"https:\/\/www.omnesbands.international\/ja\/produit\/rapsodia-mediterranea\/","article_modified_time":"2023-11-14T01:38:25+00:00","og_image":[{"width":780,"height":814,"url":"https:\/\/www.omnesbands.international\/wp-content\/uploads\/2023\/01\/Rapsodia-Mediterranea.jpg","type":"image\/jpeg"}],"twitter_card":"summary_large_image","twitter_misc":{"\u4fa1\u683c":"&#36;40.00","\u5728\u5eab":"\u5728\u5eab\u3042\u308a"},"schema":{"@context":"https:\/\/schema.org","@graph":[{"@type":"WebPage","@id":"https:\/\/www.omnesbands.international\/fr\/produit\/rapsodia-mediterranea\/","url":"https:\/\/www.omnesbands.international\/fr\/produit\/rapsodia-mediterranea\/","name":"Rapsodia Mediterr\u00e1nea -","isPartOf":{"@id":"https:\/\/www.omnesbands.international\/#website"},"primaryImageOfPage":{"@id":"https:\/\/www.omnesbands.international\/fr\/produit\/rapsodia-mediterranea\/#primaryimage"},"image":{"@id":"https:\/\/www.omnesbands.international\/fr\/produit\/rapsodia-mediterranea\/#primaryimage"},"thumbnailUrl":"https:\/\/www.omnesbands.international\/wp-content\/uploads\/2023\/01\/Rapsodia-Mediterranea.jpg","datePublished":"2023-01-25T03:37:14+00:00","dateModified":"2023-11-14T01:38:25+00:00","description":"Partituras de m\u00fasica Sinf\u00f3nica para Orquestas y bandas. M\u00fasica escrita. Primer premio del II Concurso Nacional de Composici\u00f3n \u201cVila de Muro\u201d (Alicante).","breadcrumb":{"@id":"https:\/\/www.omnesbands.international\/fr\/produit\/rapsodia-mediterranea\/#breadcrumb"},"inLanguage":"ja","potentialAction":[{"@type":"ReadAction","target":["https:\/\/www.omnesbands.international\/fr\/produit\/rapsodia-mediterranea\/"]}]},{"@type":"ImageObject","inLanguage":"ja","@id":"https:\/\/www.omnesbands.international\/fr\/produit\/rapsodia-mediterranea\/#primaryimage","url":"https:\/\/www.omnesbands.international\/wp-content\/uploads\/2023\/01\/Rapsodia-Mediterranea.jpg","contentUrl":"https:\/\/www.omnesbands.international\/wp-content\/uploads\/2023\/01\/Rapsodia-Mediterranea.jpg","width":780,"height":814,"caption":"Rapsodia Mediterranea"},{"@type":"BreadcrumbList","@id":"https:\/\/www.omnesbands.international\/fr\/produit\/rapsodia-mediterranea\/#breadcrumb","itemListElement":[{"@type":"ListItem","position":1,"name":"Portada","item":"https:\/\/www.omnesbands.international\/"},{"@type":"ListItem","position":2,"name":"Tienda","item":"https:\/\/www.omnesbands.international\/en\/shop\/"},{"@type":"ListItem","position":3,"name":"Rapsodia Mediterr\u00e1nea"}]},{"@type":"WebSite","@id":"https:\/\/www.omnesbands.international\/#website","url":"https:\/\/www.omnesbands.international\/","name":"OMNESBANDS International","description":"\u72ec\u7acb\u3057\u305f\u4f5c\u5bb6\u3084\u4f5c\u66f2\u5bb6\u306b\u3088\u308b\u30aa\u30ea\u30b8\u30ca\u30eb\u306e\u697d\u8b5c","publisher":{"@id":"https:\/\/www.omnesbands.international\/#organization"},"potentialAction":[{"@type":"SearchAction","target":{"@type":"EntryPoint","urlTemplate":"https:\/\/www.omnesbands.international\/?s={search_term_string}"},"query-input":{"@type":"PropertyValueSpecification","valueRequired":true,"valueName":"search_term_string"}}],"inLanguage":"ja"},{"@type":"Organization","@id":"https:\/\/www.omnesbands.international\/#organization","name":"\u30a4\u30f3\u30c9\u30e9\u56fd\u969b\u30b3\u30f3\u30b5\u30eb\u30bf\u30f3\u30c8","alternateName":"Omnesbands","url":"https:\/\/www.omnesbands.international\/","logo":{"@type":"ImageObject","inLanguage":"ja","@id":"https:\/\/www.omnesbands.international\/#\/schema\/logo\/image\/","url":"https:\/\/omnesbands.international\/wp-content\/uploads\/2023\/06\/Logo-Nuevo-.png","contentUrl":"https:\/\/omnesbands.international\/wp-content\/uploads\/2023\/06\/Logo-Nuevo-.png","width":394,"height":212,"caption":"Indra Consultores Internacionales"},"image":{"@id":"https:\/\/www.omnesbands.international\/#\/schema\/logo\/image\/"}}]},"product_price_amount":"40.00","product_price_currency":"USD","og_availability":"instock","product_availability":"instock","product_retailer_item_id":"MED-SIN-ESP-22","product_condition":"new"},"uagb_featured_image_src":{"full":["https:\/\/www.omnesbands.international\/wp-content\/uploads\/2023\/01\/Rapsodia-Mediterranea.jpg",780,814,false],"thumbnail":["https:\/\/www.omnesbands.international\/wp-content\/uploads\/2023\/01\/Rapsodia-Mediterranea-150x150.jpg",150,150,true],"medium":["https:\/\/www.omnesbands.international\/wp-content\/uploads\/2023\/01\/Rapsodia-Mediterranea-287x300.jpg",287,300,true],"medium_large":["https:\/\/www.omnesbands.international\/wp-content\/uploads\/2023\/01\/Rapsodia-Mediterranea-768x801.jpg",768,801,true],"large":["https:\/\/www.omnesbands.international\/wp-content\/uploads\/2023\/01\/Rapsodia-Mediterranea.jpg",780,814,false],"1536x1536":["https:\/\/www.omnesbands.international\/wp-content\/uploads\/2023\/01\/Rapsodia-Mediterranea.jpg",780,814,false],"2048x2048":["https:\/\/www.omnesbands.international\/wp-content\/uploads\/2023\/01\/Rapsodia-Mediterranea.jpg",780,814,false],"trp-custom-language-flag":["https:\/\/www.omnesbands.international\/wp-content\/uploads\/2023\/01\/Rapsodia-Mediterranea-11x12.jpg",11,12,true],"gg_gallery_thumbnail":["https:\/\/www.omnesbands.international\/wp-content\/uploads\/2023\/01\/Rapsodia-Mediterranea-450x250.jpg",450,250,true],"woocommerce_thumbnail":["https:\/\/www.omnesbands.international\/wp-content\/uploads\/2023\/01\/Rapsodia-Mediterranea-300x300.jpg",300,300,true],"woocommerce_single":["https:\/\/www.omnesbands.international\/wp-content\/uploads\/2023\/01\/Rapsodia-Mediterranea-600x626.jpg",600,626,true],"woocommerce_gallery_thumbnail":["https:\/\/www.omnesbands.international\/wp-content\/uploads\/2023\/01\/Rapsodia-Mediterranea-100x100.jpg",100,100,true]},"uagb_author_info":{"display_name":"Melvin R. Portillo A:","author_link":"https:\/\/www.omnesbands.international\/ja\/author\/"},"uagb_comment_info":0,"uagb_excerpt":"Primer premio (ex aequo) del II Concurso Nacional de Composici\u00f3n \u201cVila de Muro\u201d (Alicante). Se trata, seg\u00fan explic\u00f3 su autor, de una mezcla de melod\u00edas populares distintas a las que se les da uni\u00f3n musical, y est\u00e1 inspirada a partir del \u201cCancionero Levantino\u201d y basada en la melod\u00eda popular \u201cLos Mayos\u201d, que seg\u00fan aclara Juan&hellip;","_links":{"self":[{"href":"https:\/\/www.omnesbands.international\/ja\/wp-json\/wp\/v2\/product\/1151","targetHints":{"allow":["GET"]}}],"collection":[{"href":"https:\/\/www.omnesbands.international\/ja\/wp-json\/wp\/v2\/product"}],"about":[{"href":"https:\/\/www.omnesbands.international\/ja\/wp-json\/wp\/v2\/types\/product"}],"replies":[{"embeddable":true,"href":"https:\/\/www.omnesbands.international\/ja\/wp-json\/wp\/v2\/comments?post=1151"}],"wp:featuredmedia":[{"embeddable":true,"href":"https:\/\/www.omnesbands.international\/ja\/wp-json\/wp\/v2\/media\/2767"}],"wp:attachment":[{"href":"https:\/\/www.omnesbands.international\/ja\/wp-json\/wp\/v2\/media?parent=1151"}],"wp:term":[{"taxonomy":"product_brand","embeddable":true,"href":"https:\/\/www.omnesbands.international\/ja\/wp-json\/wp\/v2\/product_brand?post=1151"},{"taxonomy":"product_cat","embeddable":true,"href":"https:\/\/www.omnesbands.international\/ja\/wp-json\/wp\/v2\/product_cat?post=1151"},{"taxonomy":"product_tag","embeddable":true,"href":"https:\/\/www.omnesbands.international\/ja\/wp-json\/wp\/v2\/product_tag?post=1151"}],"curies":[{"name":"wp","href":"https:\/\/api.w.org\/{rel}","templated":true}]}}