{"id":1173,"date":"2023-01-24T23:21:18","date_gmt":"2023-01-25T05:21:18","guid":{"rendered":"https:\/\/omnesbands.international\/?post_type=product&#038;p=1173"},"modified":"2023-11-13T18:52:20","modified_gmt":"2023-11-14T00:52:20","slug":"dunes-daurades","status":"publish","type":"product","link":"https:\/\/www.omnesbands.international\/ja\/product\/dunes-daurades\/","title":{"rendered":"\u30c9\u30e9\u30c7\u30b9\u7802\u4e18"},"content":{"rendered":"<p>\u30d9\u30eb\u30d9\u30ea\u30b9\u30b3\u30b9\u30fb\u30c7\u30fb\u30a2\u30eb\u30d0\u30a4\u30c0\u30fb\u30e9\u30a4\u30f3\u306e\u5973\u5b50\u30c1\u30fc\u30e0\u306e\u305f\u3081\u306b\u4f5c\u66f2\u3055\u308c\u305f\u3002\u4f5c\u66f2\u5bb6\u30e9\u30e2\u30f3 \u30ac\u30eb\u30b7\u30a2 \u30bd\u30ec\u30eb\u306b\u3088\u3063\u3066\u4f5c\u66f2\u3055\u308c\u30011998 \u5e74\u306e\u5165\u5834\u30d1\u30ec\u30fc\u30c9\u3067\u30ab\u30cb\u30e3\u30fc\u30c0\u97f3\u697d\u5354\u4f1a\u306b\u3088\u3063\u3066\u521d\u6f14\u3055\u308c\u307e\u3057\u305f\u3002\u4f5c\u66f2\u5bb6\u3068\u3057\u3066\u3001\u5f7c\u306f\u3055\u307e\u3056\u307e\u306a\u30b8\u30e3\u30f3\u30eb\u3084\u30b9\u30bf\u30a4\u30eb\u306e 100 \u3092\u8d85\u3048\u308b\u4f5c\u54c1\u3092\u30ab\u30bf\u30ed\u30b0\u306b\u53ce\u3081\u3066\u304a\u308a\u3001\u3055\u307e\u3056\u307e\u306a\u30e1\u30c7\u30a3\u30a2\u306e\u30aa\u30fc\u30c7\u30a3\u30aa\u30d3\u30b8\u30e5\u30a2\u30eb\u7528\u306e\u9332\u97f3\u3084\u30b5\u30a6\u30f3\u30c9\u30c8\u30e9\u30c3\u30af\u3092\u4f5c\u6210\u3057\u3066\u3044\u307e\u3059\u3002 \u3002\u5f7c\u306f\u3001\u7279\u306b\u300e\u30a2\u30c8\u30e9\u30d1\u30e9\u30fb\u30e9\u30fb\u30d0\u30f3\u30c7\u30e9\u300f\u3001\u300e\u30d7\u30e9\u30f3\u30fb\u30c7\u30fb\u30d5\u30fc\u30ac\u300f\u3001\u300e\u30ad\u30e3\u30d4\u30bf\u30f3\u30fb\u30c8\u30ec\u30ce\u300f\u3001\u300e\u30d1\u30b5\u30d8\u30fb\u30a2\u30eb\u30fb\u30a2\u30de\u30cd\u30bb\u30eb\u300f\u306a\u3069\u306e\u6620\u753b\u306e\u30aa\u30fc\u30b1\u30b9\u30c8\u30ec\u30fc\u30b7\u30e7\u30f3\u306b\u5354\u529b\u3057\u3066\u304d\u307e\u3057\u305f\u3002\u3053\u306e\u5206\u91ce\u3067\u306f\u3001\u30a2\u30d6\u30ec\u30fb\u30ed\u30b9\u30fb\u30aa\u30db\u30b9\uff08A.\u30a2\u30e1\u30ca\u30fc\u30d0\u30eb-M.\u30de\u30ea\u30f3\uff09\u3001\u30e9\u30fb\u30c0\u30de\u30fb\u30dc\u30d0\uff08L.\u30a4\u30f4\u30a1\u30eb\u30b9\uff09\u3001\u30a2\u30c8\u30e9\u30d1\u30fb\u30e9\u30fb\u30d0\u30f3\u30c7\u30e9\uff08D.\u30ca\u30d0\u30ed\uff09\u3001\u30d6\u30e9\u30b9\u30b3\u30fb\u30a4\u30d0\u30cb\u30a7\u30b9\uff08G.\u30d9\u30eb\u30e9\u30f3\u30ac - \u90ca\u5916\uff09\u306a\u3069FIMUCIT\u00c9\uff08\u30c6\u30cd\u30ea\u30d5\u30a7\u56fd\u969b\u6620\u753b\u97f3\u697d\u796d\uff09\u3067\u306f\u76e3\u7763\u3001\u30aa\u30fc\u30b1\u30b9\u30c8\u30ec\u30fc\u30bf\u30fc\u3001\u7de8\u66f2\u5bb6\u3068\u3057\u3066\u7a4d\u6975\u7684\u306b\u53c2\u52a0\u3057\u3066\u3044\u308b\u3002\u5f7c\u306e\u4f5c\u54c1\u306f\u3001\u30b9\u30da\u30a4\u30f3\u3001\u30d5\u30e9\u30f3\u30b9\u3001\u30ad\u30e5\u30fc\u30d0\u3001\u30a2\u30eb\u30bc\u30f3\u30c1\u30f3\u3001\u30a2\u30e1\u30ea\u30ab\u3001\u30aa\u30e9\u30f3\u30c0\u3001\u30d9\u30eb\u30ae\u30fc\u3001\u65e5\u672c\u306e\u8457\u540d\u306a\u30a2\u30f3\u30b5\u30f3\u30d6\u30eb\u3084\u30bd\u30ea\u30b9\u30c8\u306b\u3088\u3063\u3066\u6f14\u594f\u3055\u308c\u3066\u3044\u307e\u3059\u3002\u30d4\u30a6\u30fb\u30e2\u30c3\u30bd\u8ca1\u56e3\u306e\u300c\u30a8\u30eb\u30fb\u30d7\u30ea\u30de\u30fc\u30fb\u30aa\u30fc\u30c7\u30a3\u30c8\u30ea\u30aa\u300d\u30b5\u30a4\u30af\u30eb\u5185\u306e\u56fd\u7acb\u516c\u4f1a\u5802\u3067\u30012016\u5e7410\u6708\u306b\u4f5c\u54c1\u300e\u30c8\u30a5\u30e9\u30e0\u300f\u3092\u521d\u6f14\u3057\u30012017\u5e74\u306b\u306f\u30d0\u30b9\u30af\u30e9\u30ea\u30cd\u30c3\u30c8\u3068\u30de\u30ea\u30f3\u30d0\u306e\u305f\u3081\u306e\u30b9\u30da\u30a4\u30f3\u5e7b\u60f3\u66f2\u300e\u30d5\u30a1\u30eb\u30cd\u30fc\u30bc\u306e\u6a4b\u300f\u3092\u30db\u30f3\u5e02\u5e81\u820e\u3067\u30c7\u30e5\u30aa\u3068\u521d\u6f14\u3057\u305f\u3002\u9999\u6e2f\u3001\u30a2\u30f3\u30c8\u30ef\u30fc\u30d7\u3068\u9999\u6e2f\u30d5\u30a7\u30b9\u30c6\u30a3\u30d0\u30eb\u30fb\u30a6\u30a3\u30f3\u30c9\u30fb\u30aa\u30fc\u30b1\u30b9\u30c8\u30e9\u3002<\/p>","protected":false},"excerpt":{"rendered":"[audio mp3=\"https:\/\/omnesbands.international\/wp-content\/uploads\/2023\/01\/garcia-i-soler-ramon-dunes-daurades-mm.-1998-artistica-de-bunol-henrie-adams-2004.mp3\"][\/audio]\n<p>Compuesta para la escuadra de chicas de la fila Berberiscos de Albaida. Compuesta por el compositor Ram\u00f3n Garc\u00eda Soler, fue estrenada por la Uni\u00f3n Musical de Ca\u00f1ada en el desfile de la entrada de 1998. Como compositor tiene en su cat\u00e1logo m\u00e1s de un centenar de obras de diferentes g\u00e9neros y estilos, realizando grabaciones y BSO para distintos medios audiovisuales. Ha colaborado en orquestaciones de pel\u00edculas como Atrapa la Bandera, Plan de Fuga, Capit\u00e1n Trueno o Pasaje al Amanecer entre otras. En este campo tambi\u00e9n ha elaborado las suites para concierto de pel\u00edculas como Abre los ojos (A. Amen\u00e1bar-M. Mar\u00edn), La Dama Boba (L. Ivars), Atrapa la Bandera (D. Navarro), Blasco Ib\u00e1\u00f1ez (G. Berlanga- Suburbano) etc. Participa activamente como director, orquestador y arreglista en el FIMUCIT\u00c9 (Festival Internacional de M\u00fasica de Cine de Tenerife).\u00a0Sus obras han sido interpretadas por formaciones y solistas de renombre de Espa\u00f1a, Francia, Cuba, Argentina, EEUU, Holanda, B\u00e9lgica o Jap\u00f3n. En el Auditorio Nacional dentro del ciclo \u201cEl Primer Auditorio\u201d de la Fundaci\u00f3n Pi\u00fa Mosso, estren\u00f3 su obra Tulam en octubre de 2016 y en 2017 estren\u00f3 en el City Hall de Hong kong su Fantas\u00eda espa\u00f1ola para clarinete bajo y marimba Farnese Bridge con el D\u00fao Antwerp y la Hong Kong Festival Wind Orchestra.<\/p>\n","protected":false},"featured_media":2753,"comment_status":"open","ping_status":"closed","template":"","meta":{"_acf_changed":false,"_uag_custom_page_level_css":"","site-sidebar-layout":"default","site-content-layout":"default","ast-site-content-layout":"default","site-content-style":"default","site-sidebar-style":"default","ast-global-header-display":"","ast-banner-title-visibility":"","ast-main-header-display":"","ast-hfb-above-header-display":"","ast-hfb-below-header-display":"","ast-hfb-mobile-header-display":"","site-post-title":"","ast-breadcrumbs-content":"","ast-featured-img":"","footer-sml-layout":"","ast-disable-related-posts":"","theme-transparent-header-meta":"default","adv-header-id-meta":"","stick-header-meta":"default","header-above-stick-meta":"","header-main-stick-meta":"","header-below-stick-meta":"","astra-migrate-meta-layouts":"set","ast-page-background-enabled":"default","ast-page-background-meta":{"desktop":{"background-color":"","background-image":"","background-repeat":"repeat","background-position":"center center","background-size":"auto","background-attachment":"scroll","background-type":"","background-media":"","overlay-type":"","overlay-color":"","overlay-opacity":"","overlay-gradient":""},"tablet":{"background-color":"","background-image":"","background-repeat":"repeat","background-position":"center center","background-size":"auto","background-attachment":"scroll","background-type":"","background-media":"","overlay-type":"","overlay-color":"","overlay-opacity":"","overlay-gradient":""},"mobile":{"background-color":"","background-image":"","background-repeat":"repeat","background-position":"center center","background-size":"auto","background-attachment":"scroll","background-type":"","background-media":"","overlay-type":"","overlay-color":"","overlay-opacity":"","overlay-gradient":""}},"ast-content-background-meta":{"desktop":{"background-color":"var(--ast-global-color-5)","background-image":"","background-repeat":"repeat","background-position":"center center","background-size":"auto","background-attachment":"scroll","background-type":"","background-media":"","overlay-type":"","overlay-color":"","overlay-opacity":"","overlay-gradient":""},"tablet":{"background-color":"var(--ast-global-color-5)","background-image":"","background-repeat":"repeat","background-position":"center center","background-size":"auto","background-attachment":"scroll","background-type":"","background-media":"","overlay-type":"","overlay-color":"","overlay-opacity":"","overlay-gradient":""},"mobile":{"background-color":"var(--ast-global-color-5)","background-image":"","background-repeat":"repeat","background-position":"center center","background-size":"auto","background-attachment":"scroll","background-type":"","background-media":"","overlay-type":"","overlay-color":"","overlay-opacity":"","overlay-gradient":""}}},"product_brand":[],"product_cat":[28],"product_tag":[29],"class_list":{"0":"post-1173","1":"product","2":"type-product","3":"status-publish","4":"has-post-thumbnail","6":"product_cat-musica-de-calle","7":"product_tag-ramon-garcia-soler","8":"desktop-align-left","9":"tablet-align-left","10":"mobile-align-left","11":"ast-product-gallery-layout-horizontal-slider","13":"first","14":"instock","15":"downloadable","16":"virtual","17":"taxable","18":"purchasable","19":"product-type-simple"},"acf":[],"yoast_head":"<!-- This site is optimized with the Yoast SEO Premium plugin v22.4 (Yoast SEO v27.4) - https:\/\/yoast.com\/product\/yoast-seo-premium-wordpress\/ -->\n<title>Dunes Daurades -<\/title>\n<meta name=\"description\" content=\"Partituras de m\u00fasica de calle para Orquestas y bandas. M\u00fasica escrita.\" \/>\n<meta name=\"robots\" content=\"index, follow, max-snippet:-1, max-image-preview:large, max-video-preview:-1\" \/>\n<link rel=\"canonical\" href=\"https:\/\/www.omnesbands.international\/ja\/product\/dunes-daurades\/\" \/>\n<meta property=\"og:locale\" content=\"ja_JP\" \/>\n<meta property=\"og:type\" content=\"article\" \/>\n<meta property=\"og:title\" content=\"Dunes Daurades\" \/>\n<meta property=\"og:description\" content=\"Partituras de m\u00fasica de calle para Orquestas y bandas. M\u00fasica escrita.\" \/>\n<meta property=\"og:url\" content=\"https:\/\/www.omnesbands.international\/ja\/product\/dunes-daurades\/\" \/>\n<meta property=\"article:modified_time\" content=\"2023-11-14T00:52:20+00:00\" \/>\n<meta property=\"og:image\" content=\"https:\/\/www.omnesbands.international\/wp-content\/uploads\/2023\/01\/Dunes-Daurades-1.jpg\" \/>\n\t<meta property=\"og:image:width\" content=\"702\" \/>\n\t<meta property=\"og:image:height\" content=\"807\" \/>\n\t<meta property=\"og:image:type\" content=\"image\/jpeg\" \/>\n<meta name=\"twitter:card\" content=\"summary_large_image\" \/>\n<meta name=\"twitter:label1\" content=\"\u4fa1\u683c\" \/>\n\t<meta name=\"twitter:data1\" content=\"&#036;25.00\" \/>\n\t<meta name=\"twitter:label2\" content=\"\u5728\u5eab\" \/>\n\t<meta name=\"twitter:data2\" content=\"\u5728\u5eab\u3042\u308a\" \/>\n<script type=\"application\/ld+json\" class=\"yoast-schema-graph\">{\"@context\":\"https:\\\/\\\/schema.org\",\"@graph\":[{\"@type\":\"WebPage\",\"@id\":\"https:\\\/\\\/www.omnesbands.international\\\/producto\\\/dunes-daurades\\\/\",\"url\":\"https:\\\/\\\/www.omnesbands.international\\\/producto\\\/dunes-daurades\\\/\",\"name\":\"Dunes Daurades -\",\"isPartOf\":{\"@id\":\"https:\\\/\\\/www.omnesbands.international\\\/#website\"},\"primaryImageOfPage\":{\"@id\":\"https:\\\/\\\/www.omnesbands.international\\\/producto\\\/dunes-daurades\\\/#primaryimage\"},\"image\":{\"@id\":\"https:\\\/\\\/www.omnesbands.international\\\/producto\\\/dunes-daurades\\\/#primaryimage\"},\"thumbnailUrl\":\"https:\\\/\\\/www.omnesbands.international\\\/wp-content\\\/uploads\\\/2023\\\/01\\\/Dunes-Daurades-1.jpg\",\"datePublished\":\"2023-01-25T05:21:18+00:00\",\"dateModified\":\"2023-11-14T00:52:20+00:00\",\"description\":\"Partituras de m\u00fasica de calle para Orquestas y bandas. M\u00fasica escrita.\",\"breadcrumb\":{\"@id\":\"https:\\\/\\\/www.omnesbands.international\\\/producto\\\/dunes-daurades\\\/#breadcrumb\"},\"inLanguage\":\"ja\",\"potentialAction\":[{\"@type\":\"ReadAction\",\"target\":[\"https:\\\/\\\/www.omnesbands.international\\\/producto\\\/dunes-daurades\\\/\"]}]},{\"@type\":\"ImageObject\",\"inLanguage\":\"ja\",\"@id\":\"https:\\\/\\\/www.omnesbands.international\\\/producto\\\/dunes-daurades\\\/#primaryimage\",\"url\":\"https:\\\/\\\/www.omnesbands.international\\\/wp-content\\\/uploads\\\/2023\\\/01\\\/Dunes-Daurades-1.jpg\",\"contentUrl\":\"https:\\\/\\\/www.omnesbands.international\\\/wp-content\\\/uploads\\\/2023\\\/01\\\/Dunes-Daurades-1.jpg\",\"width\":702,\"height\":807,\"caption\":\"Dunes Daurades\"},{\"@type\":\"BreadcrumbList\",\"@id\":\"https:\\\/\\\/www.omnesbands.international\\\/producto\\\/dunes-daurades\\\/#breadcrumb\",\"itemListElement\":[{\"@type\":\"ListItem\",\"position\":1,\"name\":\"Portada\",\"item\":\"https:\\\/\\\/www.omnesbands.international\\\/\"},{\"@type\":\"ListItem\",\"position\":2,\"name\":\"Tienda\",\"item\":\"https:\\\/\\\/www.omnesbands.international\\\/en\\\/shop\\\/\"},{\"@type\":\"ListItem\",\"position\":3,\"name\":\"Dunes Daurades\"}]},{\"@type\":\"WebSite\",\"@id\":\"https:\\\/\\\/www.omnesbands.international\\\/#website\",\"url\":\"https:\\\/\\\/www.omnesbands.international\\\/\",\"name\":\"OMNESBANDS International\",\"description\":\"Partituras Originales de autores y compositores independientes\",\"publisher\":{\"@id\":\"https:\\\/\\\/www.omnesbands.international\\\/#organization\"},\"potentialAction\":[{\"@type\":\"SearchAction\",\"target\":{\"@type\":\"EntryPoint\",\"urlTemplate\":\"https:\\\/\\\/www.omnesbands.international\\\/?s={search_term_string}\"},\"query-input\":{\"@type\":\"PropertyValueSpecification\",\"valueRequired\":true,\"valueName\":\"search_term_string\"}}],\"inLanguage\":\"ja\"},{\"@type\":\"Organization\",\"@id\":\"https:\\\/\\\/www.omnesbands.international\\\/#organization\",\"name\":\"Indra Consultores Internacionales\",\"alternateName\":\"Omnesbands\",\"url\":\"https:\\\/\\\/www.omnesbands.international\\\/\",\"logo\":{\"@type\":\"ImageObject\",\"inLanguage\":\"ja\",\"@id\":\"https:\\\/\\\/www.omnesbands.international\\\/#\\\/schema\\\/logo\\\/image\\\/\",\"url\":\"https:\\\/\\\/omnesbands.international\\\/wp-content\\\/uploads\\\/2023\\\/06\\\/Logo-Nuevo-.png\",\"contentUrl\":\"https:\\\/\\\/omnesbands.international\\\/wp-content\\\/uploads\\\/2023\\\/06\\\/Logo-Nuevo-.png\",\"width\":394,\"height\":212,\"caption\":\"Indra Consultores Internacionales\"},\"image\":{\"@id\":\"https:\\\/\\\/www.omnesbands.international\\\/#\\\/schema\\\/logo\\\/image\\\/\"}}]}<\/script>\n<meta property=\"product:price:amount\" content=\"25.00\" \/>\n<meta property=\"product:price:currency\" content=\"USD\" \/>\n<meta property=\"og:availability\" content=\"instock\" \/>\n<meta property=\"product:availability\" content=\"instock\" \/>\n<meta property=\"product:retailer_item_id\" content=\"DUN-CAL-ESP-22\" \/>\n<meta property=\"product:condition\" content=\"new\" \/>\n<!-- \/ Yoast SEO Premium plugin. -->","yoast_head_json":{"title":"Dunes Daurades -","description":"Partituras de m\u00fasica de calle para Orquestas y bandas. M\u00fasica escrita.","robots":{"index":"index","follow":"follow","max-snippet":"max-snippet:-1","max-image-preview":"max-image-preview:large","max-video-preview":"max-video-preview:-1"},"canonical":"https:\/\/www.omnesbands.international\/ja\/product\/dunes-daurades\/","og_locale":"ja_JP","og_type":"article","og_title":"Dunes Daurades","og_description":"Partituras de m\u00fasica de calle para Orquestas y bandas. M\u00fasica escrita.","og_url":"https:\/\/www.omnesbands.international\/ja\/product\/dunes-daurades\/","article_modified_time":"2023-11-14T00:52:20+00:00","og_image":[{"width":702,"height":807,"url":"https:\/\/www.omnesbands.international\/wp-content\/uploads\/2023\/01\/Dunes-Daurades-1.jpg","type":"image\/jpeg"}],"twitter_card":"summary_large_image","twitter_misc":{"\u4fa1\u683c":"&#36;25.00","\u5728\u5eab":"\u5728\u5eab\u3042\u308a"},"schema":{"@context":"https:\/\/schema.org","@graph":[{"@type":"WebPage","@id":"https:\/\/www.omnesbands.international\/producto\/dunes-daurades\/","url":"https:\/\/www.omnesbands.international\/producto\/dunes-daurades\/","name":"Dunes Daurades -","isPartOf":{"@id":"https:\/\/www.omnesbands.international\/#website"},"primaryImageOfPage":{"@id":"https:\/\/www.omnesbands.international\/producto\/dunes-daurades\/#primaryimage"},"image":{"@id":"https:\/\/www.omnesbands.international\/producto\/dunes-daurades\/#primaryimage"},"thumbnailUrl":"https:\/\/www.omnesbands.international\/wp-content\/uploads\/2023\/01\/Dunes-Daurades-1.jpg","datePublished":"2023-01-25T05:21:18+00:00","dateModified":"2023-11-14T00:52:20+00:00","description":"Partituras de m\u00fasica de calle para Orquestas y bandas. M\u00fasica escrita.","breadcrumb":{"@id":"https:\/\/www.omnesbands.international\/producto\/dunes-daurades\/#breadcrumb"},"inLanguage":"ja","potentialAction":[{"@type":"ReadAction","target":["https:\/\/www.omnesbands.international\/producto\/dunes-daurades\/"]}]},{"@type":"ImageObject","inLanguage":"ja","@id":"https:\/\/www.omnesbands.international\/producto\/dunes-daurades\/#primaryimage","url":"https:\/\/www.omnesbands.international\/wp-content\/uploads\/2023\/01\/Dunes-Daurades-1.jpg","contentUrl":"https:\/\/www.omnesbands.international\/wp-content\/uploads\/2023\/01\/Dunes-Daurades-1.jpg","width":702,"height":807,"caption":"Dunes Daurades"},{"@type":"BreadcrumbList","@id":"https:\/\/www.omnesbands.international\/producto\/dunes-daurades\/#breadcrumb","itemListElement":[{"@type":"ListItem","position":1,"name":"Portada","item":"https:\/\/www.omnesbands.international\/"},{"@type":"ListItem","position":2,"name":"Tienda","item":"https:\/\/www.omnesbands.international\/en\/shop\/"},{"@type":"ListItem","position":3,"name":"Dunes Daurades"}]},{"@type":"WebSite","@id":"https:\/\/www.omnesbands.international\/#website","url":"https:\/\/www.omnesbands.international\/","name":"OMNESBANDS International","description":"\u72ec\u7acb\u3057\u305f\u4f5c\u5bb6\u3084\u4f5c\u66f2\u5bb6\u306b\u3088\u308b\u30aa\u30ea\u30b8\u30ca\u30eb\u306e\u697d\u8b5c","publisher":{"@id":"https:\/\/www.omnesbands.international\/#organization"},"potentialAction":[{"@type":"SearchAction","target":{"@type":"EntryPoint","urlTemplate":"https:\/\/www.omnesbands.international\/?s={search_term_string}"},"query-input":{"@type":"PropertyValueSpecification","valueRequired":true,"valueName":"search_term_string"}}],"inLanguage":"ja"},{"@type":"Organization","@id":"https:\/\/www.omnesbands.international\/#organization","name":"\u30a4\u30f3\u30c9\u30e9\u56fd\u969b\u30b3\u30f3\u30b5\u30eb\u30bf\u30f3\u30c8","alternateName":"Omnesbands","url":"https:\/\/www.omnesbands.international\/","logo":{"@type":"ImageObject","inLanguage":"ja","@id":"https:\/\/www.omnesbands.international\/#\/schema\/logo\/image\/","url":"https:\/\/omnesbands.international\/wp-content\/uploads\/2023\/06\/Logo-Nuevo-.png","contentUrl":"https:\/\/omnesbands.international\/wp-content\/uploads\/2023\/06\/Logo-Nuevo-.png","width":394,"height":212,"caption":"Indra Consultores Internacionales"},"image":{"@id":"https:\/\/www.omnesbands.international\/#\/schema\/logo\/image\/"}}]},"product_price_amount":"25.00","product_price_currency":"USD","og_availability":"instock","product_availability":"instock","product_retailer_item_id":"DUN-CAL-ESP-22","product_condition":"new"},"uagb_featured_image_src":{"full":["https:\/\/www.omnesbands.international\/wp-content\/uploads\/2023\/01\/Dunes-Daurades-1.jpg",702,807,false],"thumbnail":["https:\/\/www.omnesbands.international\/wp-content\/uploads\/2023\/01\/Dunes-Daurades-1-150x150.jpg",150,150,true],"medium":["https:\/\/www.omnesbands.international\/wp-content\/uploads\/2023\/01\/Dunes-Daurades-1-261x300.jpg",261,300,true],"medium_large":["https:\/\/www.omnesbands.international\/wp-content\/uploads\/2023\/01\/Dunes-Daurades-1.jpg",702,807,false],"large":["https:\/\/www.omnesbands.international\/wp-content\/uploads\/2023\/01\/Dunes-Daurades-1.jpg",702,807,false],"1536x1536":["https:\/\/www.omnesbands.international\/wp-content\/uploads\/2023\/01\/Dunes-Daurades-1.jpg",702,807,false],"2048x2048":["https:\/\/www.omnesbands.international\/wp-content\/uploads\/2023\/01\/Dunes-Daurades-1.jpg",702,807,false],"trp-custom-language-flag":["https:\/\/www.omnesbands.international\/wp-content\/uploads\/2023\/01\/Dunes-Daurades-1-10x12.jpg",10,12,true],"gg_gallery_thumbnail":["https:\/\/www.omnesbands.international\/wp-content\/uploads\/2023\/01\/Dunes-Daurades-1-450x250.jpg",450,250,true],"woocommerce_thumbnail":["https:\/\/www.omnesbands.international\/wp-content\/uploads\/2023\/01\/Dunes-Daurades-1-300x300.jpg",300,300,true],"woocommerce_single":["https:\/\/www.omnesbands.international\/wp-content\/uploads\/2023\/01\/Dunes-Daurades-1-600x690.jpg",600,690,true],"woocommerce_gallery_thumbnail":["https:\/\/www.omnesbands.international\/wp-content\/uploads\/2023\/01\/Dunes-Daurades-1-100x100.jpg",100,100,true]},"uagb_author_info":{"display_name":"Melvin R. Portillo A:","author_link":"https:\/\/www.omnesbands.international\/ja\/author\/"},"uagb_comment_info":0,"uagb_excerpt":"[audio mp3=\"https:\/\/omnesbands.international\/wp-content\/uploads\/2023\/01\/garcia-i-soler-ramon-dunes-daurades-mm.-1998-artistica-de-bunol-henrie-adams-2004.mp3\"][\/audio] Compuesta para la escuadra de chicas de la fila Berberiscos de Albaida. Compuesta por el compositor Ram\u00f3n Garc\u00eda Soler, fue estrenada por la Uni\u00f3n Musical de Ca\u00f1ada en el desfile de la entrada de 1998. Como compositor tiene en su cat\u00e1logo m\u00e1s de un centenar de obras de diferentes g\u00e9neros y estilos, realizando&hellip;","_links":{"self":[{"href":"https:\/\/www.omnesbands.international\/ja\/wp-json\/wp\/v2\/product\/1173","targetHints":{"allow":["GET"]}}],"collection":[{"href":"https:\/\/www.omnesbands.international\/ja\/wp-json\/wp\/v2\/product"}],"about":[{"href":"https:\/\/www.omnesbands.international\/ja\/wp-json\/wp\/v2\/types\/product"}],"replies":[{"embeddable":true,"href":"https:\/\/www.omnesbands.international\/ja\/wp-json\/wp\/v2\/comments?post=1173"}],"wp:featuredmedia":[{"embeddable":true,"href":"https:\/\/www.omnesbands.international\/ja\/wp-json\/wp\/v2\/media\/2753"}],"wp:attachment":[{"href":"https:\/\/www.omnesbands.international\/ja\/wp-json\/wp\/v2\/media?parent=1173"}],"wp:term":[{"taxonomy":"product_brand","embeddable":true,"href":"https:\/\/www.omnesbands.international\/ja\/wp-json\/wp\/v2\/product_brand?post=1173"},{"taxonomy":"product_cat","embeddable":true,"href":"https:\/\/www.omnesbands.international\/ja\/wp-json\/wp\/v2\/product_cat?post=1173"},{"taxonomy":"product_tag","embeddable":true,"href":"https:\/\/www.omnesbands.international\/ja\/wp-json\/wp\/v2\/product_tag?post=1173"}],"curies":[{"name":"wp","href":"https:\/\/api.w.org\/{rel}","templated":true}]}}