{"id":1178,"date":"2023-01-24T23:27:55","date_gmt":"2023-01-25T05:27:55","guid":{"rendered":"https:\/\/omnesbands.international\/?post_type=product&#038;p=1178"},"modified":"2023-11-13T18:37:22","modified_gmt":"2023-11-14T00:37:22","slug":"el-albaicin-moro","status":"publish","type":"product","link":"https:\/\/www.omnesbands.international\/ja\/product\/el-albaicin-moro\/","title":{"rendered":"\u30e0\u30fc\u30a2\u306e\u30a2\u30eb\u30d0\u30a4\u30b7\u30f3"},"content":{"rendered":"<p>\u30de\u30a8\u30b9\u30c8\u30ed\u3001\u30a8\u30df\u30ea\u30aa\u30fb\u30aa\u30b9\u30c8\u30e9\u30fb\u30d9\u30ca\u30d9\u30f3\u30c8\u306e\u30e2\u30fc\u30e9\u884c\u9032\u66f2\u3002\u5f7c\u306f1969\u5e74\u306b\u30ef\u30c8\u30ec\u30c8\u30f3\u30c0\uff08\u30d0\u30ec\u30f3\u30b7\u30a2\uff09\u3067\u751f\u307e\u308c\u3001\u305d\u3053\u3067\u97f3\u697d\u3092\u5b66\u3073\u59cb\u3081\u3001\u305d\u306e\u5f8c\u30ab\u30eb\u30ab\u30a4\u30bb\u30f3\u30c8\u306e\u30a6\u30f4\u30a1\u97f3\u697d\u9662\u306b\u79fb\u308a\u307e\u3057\u305f\u3002\u30d0\u30ec\u30f3\u30b7\u30a2\u3068\u30a2\u30e9\u30ab\u30f3\u30c8 \u3053\u308c\u3089\u306e\u30bb\u30f3\u30bf\u30fc\u306e\u6559\u5e2b\u306f\u30ab\u30eb\u30e1\u30fb\u30d0\u30c7\u30a3\u30a2\u3067\u3059\u3002\u30d5\u30a2\u30f3\u30fb\u30a4\u30b0\u30ca\u30b7\u30aa\u30fb\u30d0\u30e9\u30c1\u30fc\u30ca\u3002\u30a8\u30f3\u30ea\u30b1\u30fb\u30d5\u30a9\u30ec\u30b9\u3002\u30c9\u30ed\u30ec\u30b9\u30fb\u30c8\u30de\u30b9\u6c0f\u3068\u30db\u30bb\u30fb\u30c9\u30df\u30f3\u30b2\u30b9\u6c0f\u3002\u5f7c\u306f\u30ed\u30f3\u30c9\u30f3\u306e\u30ed\u30a4\u30e4\u30eb\u30fb\u30b9\u30af\u30fc\u30eb\u304b\u3089\u6388\u4e0e\u3055\u308c\u305f\u30d1\u30d5\u30a9\u30fc\u30de\u30f3\u30b9\u30fb\u30c7\u30a3\u30d7\u30ed\u30de\u3092\u53d6\u5f97\u3057\u3066\u3044\u307e\u3059\u3002\u5f7c\u306f\u3001\u30de\u30eb\u30b3\u30fb\u30a2\u30f3\u30c8\u30cb\u30aa\u30fb\u30da\u30ec\u30b9\uff08\u30de\u30c9\u30ea\u30fc\u30c9\u4ea4\u97ff\u697d\u56e3\uff09\u3001\u30ea\u30e5\u30c3\u30af\u30fb\u30a6\u30eb\u30d0\u30a4\u30f3\uff08\u30d0\u30a4\u30a8\u30eb\u30f3\u7ba1\u5f26\u697d\u56e3\u306e\u30bd\u30ea\u30b9\u30c8\uff09\u3001\u30a2\u30f3\u30c8\u30cb\u30aa\u30fb\u30a2\u30ea\u30a2\u30b9\uff08\u30b9\u30da\u30a4\u30f3\u56fd\u7acb\u7ba1\u5f26\u697d\u56e3\u306e\u30bd\u30ea\u30b9\u30c8\uff09\u3001\u30db\u30a2\u30ad\u30f3\u30fb\u30b8\u30a7\u30ea\u30b3\uff08\u30de\u30c9\u30ea\u30fc\u30c9\u9ad8\u7b49\u97f3\u697d\u9662\u6559\u6388\uff09\u3001\u30af\u30e9\u30a6\u30c7\u30a3\u30fb\u30a2\u30ea\u30de\u30cb\u30fc\u306e\u5404\u6559\u5e2b\u304b\u3089\u69d8\u3005\u306a\u5411\u4e0a\u30b3\u30fc\u30b9\u3092\u53d7\u8b1b\u3057\u3066\u304d\u307e\u3057\u305f\u3002 \uff08\u56fd\u969b\u30b3\u30f3\u30b5\u30fc\u30c8\u594f\u8005\u30bb\u30eb\u30bd\u30fb\u30d5\u30f4\u30a9\u30a4\u30c3\u30c4\u30a7\u30f3\u30ed\u30fc\u30b2\u30eb\uff08\u30ea\u30aa\u30c7\u30b8\u30e3\u30cd\u30a4\u30ed\u56fd\u7acb\u7ba1\u5f26\u697d\u56e3\uff09\u3001\u30e9\u30a4\u30e2\u30f3\u30fb\u30ae\u30aa\u6559\u6388\u30a2\u30ab\u30c7\u30df\u30a2\u30fb\u30ad\u30b8\u30e3\u3001\u30ed\u30fc\u30de\uff09\u3001\u5de5\u85e4\u6210\u5178\uff08\u56fd\u969b\u30b3\u30f3\u30b5\u30fc\u30c8\u594f\u8005\uff09\u30a2\u30f3\u30de\u30cc\u30a8\u30eb\u3002\u30d1\u30e6\uff08\u56fd\u969b\u30b3\u30f3\u30b5\u30fc\u30c8\u6b4c\u624b\uff09\u3001\u30df\u30b7\u30a7\u30eb\u30fb\u30c9\u30a5\u30dc\u30b9\u30c8\uff08\u30aa\u30cf\u30a4\u30aa\u5927\u5b66\u6559\u6388\uff09\u3001\u30b7\u30e7\u30d4\u30fc\u30fb\u30b7\u30a7\u30ea\u30a8\uff08\u30d1\u30ea\u97f3\u697d\u9662\u6559\u6388\uff09\u3002<\/p>","protected":false},"excerpt":{"rendered":"<p>\u30de\u30a8\u30b9\u30c8\u30ed\u3001\u30a8\u30df\u30ea\u30aa\u30fb\u30aa\u30b9\u30c8\u30e9\u30fb\u30d9\u30ca\u30d9\u30f3\u30c8\u306e\u30e2\u30fc\u30e9\u884c\u9032\u66f2\u3002\u5f7c\u306f1969\u5e74\u306b\u30ef\u30c8\u30ec\u30c8\u30f3\u30c0\uff08\u30d0\u30ec\u30f3\u30b7\u30a2\uff09\u3067\u751f\u307e\u308c\u3001\u305d\u3053\u3067\u97f3\u697d\u3092\u5b66\u3073\u59cb\u3081\u3001\u305d\u306e\u5f8c\u30ab\u30eb\u30ab\u30a4\u30bb\u30f3\u30c8\u306e\u30a6\u30f4\u30a1\u97f3\u697d\u9662\u306b\u79fb\u308a\u307e\u3057\u305f\u3002\u30d0\u30ec\u30f3\u30b7\u30a2\u3068\u30a2\u30e9\u30ab\u30f3\u30c8 \u3053\u308c\u3089\u306e\u30bb\u30f3\u30bf\u30fc\u306e\u6559\u5e2b\u306f\u30ab\u30eb\u30e1\u30fb\u30d0\u30c7\u30a3\u30a2\u3067\u3059\u3002\u30d5\u30a2\u30f3\u30fb\u30a4\u30b0\u30ca\u30b7\u30aa\u30fb\u30d0\u30e9\u30c1\u30fc\u30ca\u3002\u30a8\u30f3\u30ea\u30b1\u30fb\u30d5\u30a9\u30ec\u30b9\u3002\u30c9\u30ed\u30ec\u30b9\u30fb\u30c8\u30de\u30b9\u6c0f\u3068\u30db\u30bb\u30fb\u30c9\u30df\u30f3\u30b2\u30b9\u6c0f\u3002\u5f7c\u306f\u30ed\u30f3\u30c9\u30f3\u306e\u30ed\u30a4\u30e4\u30eb\u30fb\u30b9\u30af\u30fc\u30eb\u304b\u3089\u6388\u4e0e\u3055\u308c\u305f\u30d1\u30d5\u30a9\u30fc\u30de\u30f3\u30b9\u30fb\u30c7\u30a3\u30d7\u30ed\u30de\u3092\u53d6\u5f97\u3057\u3066\u3044\u307e\u3059\u3002\u5f7c\u306f\u3001\u30de\u30eb\u30b3\u30fb\u30a2\u30f3\u30c8\u30cb\u30aa\u30fb\u30da\u30ec\u30b9\uff08\u30de\u30c9\u30ea\u30fc\u30c9\u4ea4\u97ff\u697d\u56e3\uff09\u3001\u30ea\u30e5\u30c3\u30af\u30fb\u30a6\u30eb\u30d0\u30a4\u30f3\uff08\u30d0\u30a4\u30a8\u30eb\u30f3\u7ba1\u5f26\u697d\u56e3\u306e\u30bd\u30ea\u30b9\u30c8\uff09\u3001\u30a2\u30f3\u30c8\u30cb\u30aa\u30fb\u30a2\u30ea\u30a2\u30b9\uff08\u30b9\u30da\u30a4\u30f3\u56fd\u7acb\u7ba1\u5f26\u697d\u56e3\u306e\u30bd\u30ea\u30b9\u30c8\uff09\u3001\u30db\u30a2\u30ad\u30f3\u30fb\u30b8\u30a7\u30ea\u30b3\uff08\u30de\u30c9\u30ea\u30fc\u30c9\u9ad8\u7b49\u97f3\u697d\u9662\u6559\u6388\uff09\u3001\u30af\u30e9\u30a6\u30c7\u30a3\u30fb\u30a2\u30ea\u30de\u30cb\u30fc\u306e\u5404\u6559\u5e2b\u304b\u3089\u69d8\u3005\u306a\u5411\u4e0a\u30b3\u30fc\u30b9\u3092\u53d7\u8b1b\u3057\u3066\u304d\u307e\u3057\u305f\u3002 \uff08\u56fd\u969b\u30b3\u30f3\u30b5\u30fc\u30c8\u594f\u8005\u30bb\u30eb\u30bd\u30fb\u30d5\u30f4\u30a9\u30a4\u30c3\u30c4\u30a7\u30f3\u30ed\u30fc\u30b2\u30eb\uff08\u30ea\u30aa\u30c7\u30b8\u30e3\u30cd\u30a4\u30ed\u56fd\u7acb\u7ba1\u5f26\u697d\u56e3\uff09\u3001\u30e9\u30a4\u30e2\u30f3\u30fb\u30ae\u30aa\u6559\u6388\u30a2\u30ab\u30c7\u30df\u30a2\u30fb\u30ad\u30b8\u30e3\u3001\u30ed\u30fc\u30de\uff09\u3001\u5de5\u85e4\u6210\u5178\uff08\u56fd\u969b\u30b3\u30f3\u30b5\u30fc\u30c8\u594f\u8005\uff09\u30a2\u30f3\u30de\u30cc\u30a8\u30eb\u3002\u30d1\u30e6\uff08\u56fd\u969b\u30b3\u30f3\u30b5\u30fc\u30c8\u6b4c\u624b\uff09\u3001\u30df\u30b7\u30a7\u30eb\u30fb\u30c9\u30a5\u30dc\u30b9\u30c8\uff08\u30aa\u30cf\u30a4\u30aa\u5927\u5b66\u6559\u6388\uff09\u3001\u30b7\u30e7\u30d4\u30fc\u30fb\u30b7\u30a7\u30ea\u30a8\uff08\u30d1\u30ea\u97f3\u697d\u9662\u6559\u6388\uff09\u3002<\/p>","protected":false},"featured_media":2745,"comment_status":"open","ping_status":"closed","template":"","meta":{"_acf_changed":false,"_uag_custom_page_level_css":"","site-sidebar-layout":"default","site-content-layout":"default","ast-site-content-layout":"default","site-content-style":"default","site-sidebar-style":"default","ast-global-header-display":"","ast-banner-title-visibility":"","ast-main-header-display":"","ast-hfb-above-header-display":"","ast-hfb-below-header-display":"","ast-hfb-mobile-header-display":"","site-post-title":"","ast-breadcrumbs-content":"","ast-featured-img":"","footer-sml-layout":"","ast-disable-related-posts":"","theme-transparent-header-meta":"default","adv-header-id-meta":"","stick-header-meta":"default","header-above-stick-meta":"","header-main-stick-meta":"","header-below-stick-meta":"","astra-migrate-meta-layouts":"set","ast-page-background-enabled":"default","ast-page-background-meta":{"desktop":{"background-color":"","background-image":"","background-repeat":"repeat","background-position":"center center","background-size":"auto","background-attachment":"scroll","background-type":"","background-media":"","overlay-type":"","overlay-color":"","overlay-opacity":"","overlay-gradient":""},"tablet":{"background-color":"","background-image":"","background-repeat":"repeat","background-position":"center center","background-size":"auto","background-attachment":"scroll","background-type":"","background-media":"","overlay-type":"","overlay-color":"","overlay-opacity":"","overlay-gradient":""},"mobile":{"background-color":"","background-image":"","background-repeat":"repeat","background-position":"center center","background-size":"auto","background-attachment":"scroll","background-type":"","background-media":"","overlay-type":"","overlay-color":"","overlay-opacity":"","overlay-gradient":""}},"ast-content-background-meta":{"desktop":{"background-color":"var(--ast-global-color-5)","background-image":"","background-repeat":"repeat","background-position":"center center","background-size":"auto","background-attachment":"scroll","background-type":"","background-media":"","overlay-type":"","overlay-color":"","overlay-opacity":"","overlay-gradient":""},"tablet":{"background-color":"var(--ast-global-color-5)","background-image":"","background-repeat":"repeat","background-position":"center center","background-size":"auto","background-attachment":"scroll","background-type":"","background-media":"","overlay-type":"","overlay-color":"","overlay-opacity":"","overlay-gradient":""},"mobile":{"background-color":"var(--ast-global-color-5)","background-image":"","background-repeat":"repeat","background-position":"center center","background-size":"auto","background-attachment":"scroll","background-type":"","background-media":"","overlay-type":"","overlay-color":"","overlay-opacity":"","overlay-gradient":""}}},"product_brand":[],"product_cat":[28],"product_tag":[69],"class_list":{"0":"post-1178","1":"product","2":"type-product","3":"status-publish","4":"has-post-thumbnail","6":"product_cat-musica-de-calle","7":"product_tag-emilio-j-oltra","8":"desktop-align-left","9":"tablet-align-left","10":"mobile-align-left","11":"ast-product-gallery-layout-horizontal-slider","13":"first","14":"instock","15":"downloadable","16":"virtual","17":"taxable","18":"purchasable","19":"product-type-simple"},"acf":[],"yoast_head":"<!-- This site is optimized with the Yoast SEO Premium plugin v22.4 (Yoast SEO v27.4) - https:\/\/yoast.com\/product\/yoast-seo-premium-wordpress\/ -->\n<title>El Albaic\u00edn Moro -<\/title>\n<meta name=\"description\" content=\"Partituras de m\u00fasica de calle para Orquestas y bandas. M\u00fasica escrita.\" \/>\n<meta name=\"robots\" content=\"index, follow, max-snippet:-1, max-image-preview:large, max-video-preview:-1\" \/>\n<link rel=\"canonical\" href=\"https:\/\/www.omnesbands.international\/ja\/product\/el-albaicin-moro\/\" \/>\n<meta property=\"og:locale\" content=\"ja_JP\" \/>\n<meta property=\"og:type\" content=\"article\" \/>\n<meta property=\"og:title\" content=\"El Albaic\u00edn Moro\" \/>\n<meta property=\"og:description\" content=\"Partituras de m\u00fasica de calle para Orquestas y bandas. M\u00fasica escrita.\" \/>\n<meta property=\"og:url\" content=\"https:\/\/www.omnesbands.international\/ja\/product\/el-albaicin-moro\/\" \/>\n<meta property=\"article:modified_time\" content=\"2023-11-14T00:37:22+00:00\" \/>\n<meta property=\"og:image\" content=\"https:\/\/www.omnesbands.international\/wp-content\/uploads\/2023\/01\/El-Albaicin-Moro-1.jpg\" \/>\n\t<meta property=\"og:image:width\" content=\"770\" \/>\n\t<meta property=\"og:image:height\" content=\"835\" \/>\n\t<meta property=\"og:image:type\" content=\"image\/jpeg\" \/>\n<meta name=\"twitter:card\" content=\"summary_large_image\" \/>\n<meta name=\"twitter:label1\" content=\"\u4fa1\u683c\" \/>\n\t<meta name=\"twitter:data1\" content=\"&#036;25.00\" \/>\n\t<meta name=\"twitter:label2\" content=\"\u5728\u5eab\" \/>\n\t<meta name=\"twitter:data2\" content=\"\u5728\u5eab\u3042\u308a\" \/>\n<script type=\"application\/ld+json\" class=\"yoast-schema-graph\">{\"@context\":\"https:\\\/\\\/schema.org\",\"@graph\":[{\"@type\":\"WebPage\",\"@id\":\"https:\\\/\\\/www.omnesbands.international\\\/producto\\\/el-albaicin-moro\\\/\",\"url\":\"https:\\\/\\\/www.omnesbands.international\\\/producto\\\/el-albaicin-moro\\\/\",\"name\":\"El Albaic\u00edn Moro -\",\"isPartOf\":{\"@id\":\"https:\\\/\\\/www.omnesbands.international\\\/#website\"},\"primaryImageOfPage\":{\"@id\":\"https:\\\/\\\/www.omnesbands.international\\\/producto\\\/el-albaicin-moro\\\/#primaryimage\"},\"image\":{\"@id\":\"https:\\\/\\\/www.omnesbands.international\\\/producto\\\/el-albaicin-moro\\\/#primaryimage\"},\"thumbnailUrl\":\"https:\\\/\\\/www.omnesbands.international\\\/wp-content\\\/uploads\\\/2023\\\/01\\\/El-Albaicin-Moro-1.jpg\",\"datePublished\":\"2023-01-25T05:27:55+00:00\",\"dateModified\":\"2023-11-14T00:37:22+00:00\",\"description\":\"Partituras de m\u00fasica de calle para Orquestas y bandas. M\u00fasica escrita.\",\"breadcrumb\":{\"@id\":\"https:\\\/\\\/www.omnesbands.international\\\/producto\\\/el-albaicin-moro\\\/#breadcrumb\"},\"inLanguage\":\"ja\",\"potentialAction\":[{\"@type\":\"ReadAction\",\"target\":[\"https:\\\/\\\/www.omnesbands.international\\\/producto\\\/el-albaicin-moro\\\/\"]}]},{\"@type\":\"ImageObject\",\"inLanguage\":\"ja\",\"@id\":\"https:\\\/\\\/www.omnesbands.international\\\/producto\\\/el-albaicin-moro\\\/#primaryimage\",\"url\":\"https:\\\/\\\/www.omnesbands.international\\\/wp-content\\\/uploads\\\/2023\\\/01\\\/El-Albaicin-Moro-1.jpg\",\"contentUrl\":\"https:\\\/\\\/www.omnesbands.international\\\/wp-content\\\/uploads\\\/2023\\\/01\\\/El-Albaicin-Moro-1.jpg\",\"width\":770,\"height\":835,\"caption\":\"El Albaicin Moro\"},{\"@type\":\"BreadcrumbList\",\"@id\":\"https:\\\/\\\/www.omnesbands.international\\\/producto\\\/el-albaicin-moro\\\/#breadcrumb\",\"itemListElement\":[{\"@type\":\"ListItem\",\"position\":1,\"name\":\"Portada\",\"item\":\"https:\\\/\\\/www.omnesbands.international\\\/\"},{\"@type\":\"ListItem\",\"position\":2,\"name\":\"Tienda\",\"item\":\"https:\\\/\\\/www.omnesbands.international\\\/en\\\/shop\\\/\"},{\"@type\":\"ListItem\",\"position\":3,\"name\":\"El Albaic\u00edn Moro\"}]},{\"@type\":\"WebSite\",\"@id\":\"https:\\\/\\\/www.omnesbands.international\\\/#website\",\"url\":\"https:\\\/\\\/www.omnesbands.international\\\/\",\"name\":\"OMNESBANDS International\",\"description\":\"Partituras Originales de autores y compositores independientes\",\"publisher\":{\"@id\":\"https:\\\/\\\/www.omnesbands.international\\\/#organization\"},\"potentialAction\":[{\"@type\":\"SearchAction\",\"target\":{\"@type\":\"EntryPoint\",\"urlTemplate\":\"https:\\\/\\\/www.omnesbands.international\\\/?s={search_term_string}\"},\"query-input\":{\"@type\":\"PropertyValueSpecification\",\"valueRequired\":true,\"valueName\":\"search_term_string\"}}],\"inLanguage\":\"ja\"},{\"@type\":\"Organization\",\"@id\":\"https:\\\/\\\/www.omnesbands.international\\\/#organization\",\"name\":\"Indra Consultores Internacionales\",\"alternateName\":\"Omnesbands\",\"url\":\"https:\\\/\\\/www.omnesbands.international\\\/\",\"logo\":{\"@type\":\"ImageObject\",\"inLanguage\":\"ja\",\"@id\":\"https:\\\/\\\/www.omnesbands.international\\\/#\\\/schema\\\/logo\\\/image\\\/\",\"url\":\"https:\\\/\\\/omnesbands.international\\\/wp-content\\\/uploads\\\/2023\\\/06\\\/Logo-Nuevo-.png\",\"contentUrl\":\"https:\\\/\\\/omnesbands.international\\\/wp-content\\\/uploads\\\/2023\\\/06\\\/Logo-Nuevo-.png\",\"width\":394,\"height\":212,\"caption\":\"Indra Consultores Internacionales\"},\"image\":{\"@id\":\"https:\\\/\\\/www.omnesbands.international\\\/#\\\/schema\\\/logo\\\/image\\\/\"}}]}<\/script>\n<meta property=\"product:price:amount\" content=\"25.00\" \/>\n<meta property=\"product:price:currency\" content=\"USD\" \/>\n<meta property=\"og:availability\" content=\"instock\" \/>\n<meta property=\"product:availability\" content=\"instock\" \/>\n<meta property=\"product:retailer_item_id\" content=\"ELA-CAL-ESP-22\" \/>\n<meta property=\"product:condition\" content=\"new\" \/>\n<!-- \/ Yoast SEO Premium plugin. -->","yoast_head_json":{"title":"El Albaic\u00edn Moro -","description":"Partituras de m\u00fasica de calle para Orquestas y bandas. M\u00fasica escrita.","robots":{"index":"index","follow":"follow","max-snippet":"max-snippet:-1","max-image-preview":"max-image-preview:large","max-video-preview":"max-video-preview:-1"},"canonical":"https:\/\/www.omnesbands.international\/ja\/product\/el-albaicin-moro\/","og_locale":"ja_JP","og_type":"article","og_title":"El Albaic\u00edn Moro","og_description":"Partituras de m\u00fasica de calle para Orquestas y bandas. M\u00fasica escrita.","og_url":"https:\/\/www.omnesbands.international\/ja\/product\/el-albaicin-moro\/","article_modified_time":"2023-11-14T00:37:22+00:00","og_image":[{"width":770,"height":835,"url":"https:\/\/www.omnesbands.international\/wp-content\/uploads\/2023\/01\/El-Albaicin-Moro-1.jpg","type":"image\/jpeg"}],"twitter_card":"summary_large_image","twitter_misc":{"\u4fa1\u683c":"&#36;25.00","\u5728\u5eab":"\u5728\u5eab\u3042\u308a"},"schema":{"@context":"https:\/\/schema.org","@graph":[{"@type":"WebPage","@id":"https:\/\/www.omnesbands.international\/producto\/el-albaicin-moro\/","url":"https:\/\/www.omnesbands.international\/producto\/el-albaicin-moro\/","name":"El Albaic\u00edn Moro -","isPartOf":{"@id":"https:\/\/www.omnesbands.international\/#website"},"primaryImageOfPage":{"@id":"https:\/\/www.omnesbands.international\/producto\/el-albaicin-moro\/#primaryimage"},"image":{"@id":"https:\/\/www.omnesbands.international\/producto\/el-albaicin-moro\/#primaryimage"},"thumbnailUrl":"https:\/\/www.omnesbands.international\/wp-content\/uploads\/2023\/01\/El-Albaicin-Moro-1.jpg","datePublished":"2023-01-25T05:27:55+00:00","dateModified":"2023-11-14T00:37:22+00:00","description":"Partituras de m\u00fasica de calle para Orquestas y bandas. M\u00fasica escrita.","breadcrumb":{"@id":"https:\/\/www.omnesbands.international\/producto\/el-albaicin-moro\/#breadcrumb"},"inLanguage":"ja","potentialAction":[{"@type":"ReadAction","target":["https:\/\/www.omnesbands.international\/producto\/el-albaicin-moro\/"]}]},{"@type":"ImageObject","inLanguage":"ja","@id":"https:\/\/www.omnesbands.international\/producto\/el-albaicin-moro\/#primaryimage","url":"https:\/\/www.omnesbands.international\/wp-content\/uploads\/2023\/01\/El-Albaicin-Moro-1.jpg","contentUrl":"https:\/\/www.omnesbands.international\/wp-content\/uploads\/2023\/01\/El-Albaicin-Moro-1.jpg","width":770,"height":835,"caption":"El Albaicin Moro"},{"@type":"BreadcrumbList","@id":"https:\/\/www.omnesbands.international\/producto\/el-albaicin-moro\/#breadcrumb","itemListElement":[{"@type":"ListItem","position":1,"name":"Portada","item":"https:\/\/www.omnesbands.international\/"},{"@type":"ListItem","position":2,"name":"Tienda","item":"https:\/\/www.omnesbands.international\/en\/shop\/"},{"@type":"ListItem","position":3,"name":"El Albaic\u00edn Moro"}]},{"@type":"WebSite","@id":"https:\/\/www.omnesbands.international\/#website","url":"https:\/\/www.omnesbands.international\/","name":"OMNESBANDS International","description":"\u72ec\u7acb\u3057\u305f\u4f5c\u5bb6\u3084\u4f5c\u66f2\u5bb6\u306b\u3088\u308b\u30aa\u30ea\u30b8\u30ca\u30eb\u306e\u697d\u8b5c","publisher":{"@id":"https:\/\/www.omnesbands.international\/#organization"},"potentialAction":[{"@type":"SearchAction","target":{"@type":"EntryPoint","urlTemplate":"https:\/\/www.omnesbands.international\/?s={search_term_string}"},"query-input":{"@type":"PropertyValueSpecification","valueRequired":true,"valueName":"search_term_string"}}],"inLanguage":"ja"},{"@type":"Organization","@id":"https:\/\/www.omnesbands.international\/#organization","name":"\u30a4\u30f3\u30c9\u30e9\u56fd\u969b\u30b3\u30f3\u30b5\u30eb\u30bf\u30f3\u30c8","alternateName":"Omnesbands","url":"https:\/\/www.omnesbands.international\/","logo":{"@type":"ImageObject","inLanguage":"ja","@id":"https:\/\/www.omnesbands.international\/#\/schema\/logo\/image\/","url":"https:\/\/omnesbands.international\/wp-content\/uploads\/2023\/06\/Logo-Nuevo-.png","contentUrl":"https:\/\/omnesbands.international\/wp-content\/uploads\/2023\/06\/Logo-Nuevo-.png","width":394,"height":212,"caption":"Indra Consultores Internacionales"},"image":{"@id":"https:\/\/www.omnesbands.international\/#\/schema\/logo\/image\/"}}]},"product_price_amount":"25.00","product_price_currency":"USD","og_availability":"instock","product_availability":"instock","product_retailer_item_id":"ELA-CAL-ESP-22","product_condition":"new"},"uagb_featured_image_src":{"full":["https:\/\/www.omnesbands.international\/wp-content\/uploads\/2023\/01\/El-Albaicin-Moro-1.jpg",770,835,false],"thumbnail":["https:\/\/www.omnesbands.international\/wp-content\/uploads\/2023\/01\/El-Albaicin-Moro-1-150x150.jpg",150,150,true],"medium":["https:\/\/www.omnesbands.international\/wp-content\/uploads\/2023\/01\/El-Albaicin-Moro-1-277x300.jpg",277,300,true],"medium_large":["https:\/\/www.omnesbands.international\/wp-content\/uploads\/2023\/01\/El-Albaicin-Moro-1-768x833.jpg",768,833,true],"large":["https:\/\/www.omnesbands.international\/wp-content\/uploads\/2023\/01\/El-Albaicin-Moro-1.jpg",770,835,false],"1536x1536":["https:\/\/www.omnesbands.international\/wp-content\/uploads\/2023\/01\/El-Albaicin-Moro-1.jpg",770,835,false],"2048x2048":["https:\/\/www.omnesbands.international\/wp-content\/uploads\/2023\/01\/El-Albaicin-Moro-1.jpg",770,835,false],"trp-custom-language-flag":["https:\/\/www.omnesbands.international\/wp-content\/uploads\/2023\/01\/El-Albaicin-Moro-1-11x12.jpg",11,12,true],"gg_gallery_thumbnail":["https:\/\/www.omnesbands.international\/wp-content\/uploads\/2023\/01\/El-Albaicin-Moro-1-450x250.jpg",450,250,true],"woocommerce_thumbnail":["https:\/\/www.omnesbands.international\/wp-content\/uploads\/2023\/01\/El-Albaicin-Moro-1-300x300.jpg",300,300,true],"woocommerce_single":["https:\/\/www.omnesbands.international\/wp-content\/uploads\/2023\/01\/El-Albaicin-Moro-1-600x651.jpg",600,651,true],"woocommerce_gallery_thumbnail":["https:\/\/www.omnesbands.international\/wp-content\/uploads\/2023\/01\/El-Albaicin-Moro-1-100x100.jpg",100,100,true]},"uagb_author_info":{"display_name":"Melvin R. Portillo A:","author_link":"https:\/\/www.omnesbands.international\/ja\/author\/"},"uagb_comment_info":0,"uagb_excerpt":"Marcha Mora del maestro Emilio Ostra Benavent. Nace en Ouatretonda (Valencia) en 1969, donde empieza a estudiar m\u00fasica y despu\u00e9s se traslada a los conservatorios de \u00bbUva, Carcaixent. Valencia y Alacant Sus profesores en estos centros han sido Carme Badia. Juan Ignacio Barrachina. Enrique For\u00e9s. M\u00b0 Dolores Tom\u00e1s y Jos\u00e9 Dom\u00ednguez. Est\u00e1 en posesi\u00f3n del&hellip;","_links":{"self":[{"href":"https:\/\/www.omnesbands.international\/ja\/wp-json\/wp\/v2\/product\/1178","targetHints":{"allow":["GET"]}}],"collection":[{"href":"https:\/\/www.omnesbands.international\/ja\/wp-json\/wp\/v2\/product"}],"about":[{"href":"https:\/\/www.omnesbands.international\/ja\/wp-json\/wp\/v2\/types\/product"}],"replies":[{"embeddable":true,"href":"https:\/\/www.omnesbands.international\/ja\/wp-json\/wp\/v2\/comments?post=1178"}],"wp:featuredmedia":[{"embeddable":true,"href":"https:\/\/www.omnesbands.international\/ja\/wp-json\/wp\/v2\/media\/2745"}],"wp:attachment":[{"href":"https:\/\/www.omnesbands.international\/ja\/wp-json\/wp\/v2\/media?parent=1178"}],"wp:term":[{"taxonomy":"product_brand","embeddable":true,"href":"https:\/\/www.omnesbands.international\/ja\/wp-json\/wp\/v2\/product_brand?post=1178"},{"taxonomy":"product_cat","embeddable":true,"href":"https:\/\/www.omnesbands.international\/ja\/wp-json\/wp\/v2\/product_cat?post=1178"},{"taxonomy":"product_tag","embeddable":true,"href":"https:\/\/www.omnesbands.international\/ja\/wp-json\/wp\/v2\/product_tag?post=1178"}],"curies":[{"name":"wp","href":"https:\/\/api.w.org\/{rel}","templated":true}]}}