{"id":1184,"date":"2023-01-24T23:34:05","date_gmt":"2023-01-25T05:34:05","guid":{"rendered":"https:\/\/omnesbands.international\/?post_type=product&#038;p=1184"},"modified":"2023-11-13T18:22:59","modified_gmt":"2023-11-14T00:22:59","slug":"el-perillos","status":"publish","type":"product","link":"https:\/\/www.omnesbands.international\/ja\/product\/el-perillos\/","title":{"rendered":"\u30da\u30ea\u30ed\u30b9"},"content":{"rendered":"<p>\u30df\u30e9\u30fb\u30ed\u30fc\u30b6\u30fb\u30e2\u30ea\u30fc\u30ca\u306e\u30e2\u30fc\u30e9\u884c\u9032\u66f2\u3002\u82e5\u304d\u30aa\u30f3\u30c6\u30a3\u30cb\u30a8\u30f3\u30c6\u30a3\u30ca\u4f5c\u66f2\u5bb6\u30df\u30e9\u30fb\u30ed\u30fc\u30b6\u30fb\u30e2\u30ea\u30fc\u30ca\u30fb\u30e2\u30b9\u30ab\u30eb\u30c9\u306f\u3001\u79c1\u305f\u3061\u306e\u540c\u80de\u56e3\u306e\u64c1\u8b77\u30a4\u30e1\u30fc\u30b8\u306b\u6367\u3052\u3089\u308c\u305f\u3001\u300c\u30de\u30fc\u30c9\u30ec\u30fb\u30ce\u30b9\u30c8\u30e9\u300d\u3068\u984c\u3055\u308c\u305f\u65b0\u3057\u3044\u30e2\u30c6\u30c3\u30c8\u3092\u66f8\u304d\u307e\u3057\u305f\u3002\u3053\u306e\u66f2\u306f4\u3064\u306e\u58f0\u3068\u3044\u304f\u3064\u304b\u306e\u8a69\u306e\u305f\u3081\u306b\u79c1\u305f\u3061\u306e\u30de\u30b7\u30c3\u30d7\u3001\u30bb\u30eb\u30b8\u30fb\u30b4\u30e1\u30b9\u306b\u3088\u3063\u3066\u66f8\u304b\u308c\u307e\u3057\u305f\u3002\u30e2\u30c6\u30c3\u30c8\u306f\u3001\u793c\u62dd\u5802\u3084\u304a\u305d\u3089\u304f\u5c11\u6570\u306e\u697d\u5668\u3067\u6b4c\u308f\u308c\u308b\u77ed\u3044\u97f3\u697d\u4f5c\u54c1\u3067\u3001\u5c11\u306a\u304f\u3068\u3082\u30d0\u30ed\u30c3\u30af\u6642\u4ee3\u4ee5\u6765\u3001\u4f1d\u7d71\u7684\u306b\u5b97\u6559\u30d1\u30ec\u30fc\u30c9\u306b\u4f34\u594f\u3055\u308c\u3066\u304a\u308a\u3001\u30aa\u30f3\u30c6\u30a3\u30cb\u30a8\u30f3\u30c8\u3068\u3053\u306e\u5730\u57df\u306b\u304a\u3051\u308b\u60c5\u71b1\u7684\u306a\u8ffd\u60bc\u306e\u97f3\u697d\u5f62\u5f0f\u3067\u3059\u3002\u73fe\u5728\u3001\u3053\u306e\u7fd2\u6163\u306f\u5b8c\u5168\u306b\u653e\u68c4\u3055\u308c\u3066\u3044\u307e\u3059\u304c\u3001\u30bd\u30ec\u30c0\u30c3\u30c9\u540c\u80de\u56e3\u306f\u305d\u306e\u907a\u7523\u306e\u4e2d\u306b\u3059\u3067\u306b2\u3064\u306e\u30e2\u30c6\u30c3\u30c8\u3092\u6301\u3063\u3066\u304a\u308a\u3001\u4eca\u5f8c\u6570\u5e74\u306e\u3046\u3061\u306b\u3001\u60c5\u71b1\u7684\u306a\u8a18\u5ff5\u306e\u65e5\u5e38\u751f\u6d3b\u306b\u30e2\u30c6\u30c3\u30c8\u3092\u6b4c\u3046\u7fd2\u6163\u3092\u5fa9\u6d3b\u3055\u305b\u308b\u3064\u3082\u308a\u3067\u3059\u3002<\/p>","protected":false},"excerpt":{"rendered":"<p>\u30df\u30e9\u30fb\u30ed\u30fc\u30b6\u30fb\u30e2\u30ea\u30fc\u30ca\u306e\u30e2\u30fc\u30e9\u884c\u9032\u66f2\u3002\u82e5\u304d\u30aa\u30f3\u30c6\u30a3\u30cb\u30a8\u30f3\u30c6\u30a3\u30ca\u4f5c\u66f2\u5bb6\u30df\u30e9\u30fb\u30ed\u30fc\u30b6\u30fb\u30e2\u30ea\u30fc\u30ca\u30fb\u30e2\u30b9\u30ab\u30eb\u30c9\u306f\u3001\u79c1\u305f\u3061\u306e\u540c\u80de\u56e3\u306e\u64c1\u8b77\u30a4\u30e1\u30fc\u30b8\u306b\u6367\u3052\u3089\u308c\u305f\u3001\u300c\u30de\u30fc\u30c9\u30ec\u30fb\u30ce\u30b9\u30c8\u30e9\u300d\u3068\u984c\u3055\u308c\u305f\u65b0\u3057\u3044\u30e2\u30c6\u30c3\u30c8\u3092\u66f8\u304d\u307e\u3057\u305f\u3002\u3053\u306e\u66f2\u306f4\u3064\u306e\u58f0\u3068\u3044\u304f\u3064\u304b\u306e\u8a69\u306e\u305f\u3081\u306b\u79c1\u305f\u3061\u306e\u30de\u30b7\u30c3\u30d7\u3001\u30bb\u30eb\u30b8\u30fb\u30b4\u30e1\u30b9\u306b\u3088\u3063\u3066\u66f8\u304b\u308c\u307e\u3057\u305f\u3002\u30e2\u30c6\u30c3\u30c8\u306f\u3001\u793c\u62dd\u5802\u3084\u304a\u305d\u3089\u304f\u5c11\u6570\u306e\u697d\u5668\u3067\u6b4c\u308f\u308c\u308b\u77ed\u3044\u97f3\u697d\u4f5c\u54c1\u3067\u3001\u5c11\u306a\u304f\u3068\u3082\u30d0\u30ed\u30c3\u30af\u6642\u4ee3\u4ee5\u6765\u3001\u4f1d\u7d71\u7684\u306b\u5b97\u6559\u30d1\u30ec\u30fc\u30c9\u306b\u4f34\u594f\u3055\u308c\u3066\u304a\u308a\u3001\u30aa\u30f3\u30c6\u30a3\u30cb\u30a8\u30f3\u30c8\u3068\u3053\u306e\u5730\u57df\u306b\u304a\u3051\u308b\u60c5\u71b1\u7684\u306a\u8ffd\u60bc\u306e\u97f3\u697d\u5f62\u5f0f\u3067\u3059\u3002\u73fe\u5728\u3001\u3053\u306e\u7fd2\u6163\u306f\u5b8c\u5168\u306b\u653e\u68c4\u3055\u308c\u3066\u3044\u307e\u3059\u304c\u3001\u30bd\u30ec\u30c0\u30c3\u30c9\u540c\u80de\u56e3\u306f\u305d\u306e\u907a\u7523\u306e\u4e2d\u306b\u3059\u3067\u306b2\u3064\u306e\u30e2\u30c6\u30c3\u30c8\u3092\u6301\u3063\u3066\u304a\u308a\u3001\u4eca\u5f8c\u6570\u5e74\u306e\u3046\u3061\u306b\u3001\u60c5\u71b1\u7684\u306a\u8a18\u5ff5\u306e\u65e5\u5e38\u751f\u6d3b\u306b\u30e2\u30c6\u30c3\u30c8\u3092\u6b4c\u3046\u7fd2\u6163\u3092\u5fa9\u6d3b\u3055\u305b\u308b\u3064\u3082\u308a\u3067\u3059\u3002<\/p>","protected":false},"featured_media":2737,"comment_status":"open","ping_status":"closed","template":"","meta":{"_acf_changed":false,"_uag_custom_page_level_css":"","site-sidebar-layout":"default","site-content-layout":"default","ast-site-content-layout":"default","site-content-style":"default","site-sidebar-style":"default","ast-global-header-display":"","ast-banner-title-visibility":"","ast-main-header-display":"","ast-hfb-above-header-display":"","ast-hfb-below-header-display":"","ast-hfb-mobile-header-display":"","site-post-title":"","ast-breadcrumbs-content":"","ast-featured-img":"","footer-sml-layout":"","ast-disable-related-posts":"","theme-transparent-header-meta":"default","adv-header-id-meta":"","stick-header-meta":"default","header-above-stick-meta":"","header-main-stick-meta":"","header-below-stick-meta":"","astra-migrate-meta-layouts":"set","ast-page-background-enabled":"default","ast-page-background-meta":{"desktop":{"background-color":"","background-image":"","background-repeat":"repeat","background-position":"center center","background-size":"auto","background-attachment":"scroll","background-type":"","background-media":"","overlay-type":"","overlay-color":"","overlay-opacity":"","overlay-gradient":""},"tablet":{"background-color":"","background-image":"","background-repeat":"repeat","background-position":"center center","background-size":"auto","background-attachment":"scroll","background-type":"","background-media":"","overlay-type":"","overlay-color":"","overlay-opacity":"","overlay-gradient":""},"mobile":{"background-color":"","background-image":"","background-repeat":"repeat","background-position":"center center","background-size":"auto","background-attachment":"scroll","background-type":"","background-media":"","overlay-type":"","overlay-color":"","overlay-opacity":"","overlay-gradient":""}},"ast-content-background-meta":{"desktop":{"background-color":"var(--ast-global-color-5)","background-image":"","background-repeat":"repeat","background-position":"center center","background-size":"auto","background-attachment":"scroll","background-type":"","background-media":"","overlay-type":"","overlay-color":"","overlay-opacity":"","overlay-gradient":""},"tablet":{"background-color":"var(--ast-global-color-5)","background-image":"","background-repeat":"repeat","background-position":"center center","background-size":"auto","background-attachment":"scroll","background-type":"","background-media":"","overlay-type":"","overlay-color":"","overlay-opacity":"","overlay-gradient":""},"mobile":{"background-color":"var(--ast-global-color-5)","background-image":"","background-repeat":"repeat","background-position":"center center","background-size":"auto","background-attachment":"scroll","background-type":"","background-media":"","overlay-type":"","overlay-color":"","overlay-opacity":"","overlay-gradient":""}}},"product_brand":[],"product_cat":[28],"product_tag":[73],"class_list":{"0":"post-1184","1":"product","2":"type-product","3":"status-publish","4":"has-post-thumbnail","6":"product_cat-musica-de-calle","7":"product_tag-mila-rosa-molina","8":"desktop-align-left","9":"tablet-align-left","10":"mobile-align-left","11":"ast-product-gallery-layout-horizontal-slider","13":"first","14":"instock","15":"downloadable","16":"virtual","17":"taxable","18":"purchasable","19":"product-type-simple"},"acf":[],"yoast_head":"<!-- This site is optimized with the Yoast SEO Premium plugin v22.4 (Yoast SEO v27.4) - https:\/\/yoast.com\/product\/yoast-seo-premium-wordpress\/ -->\n<title>El Perill\u00f3s -<\/title>\n<meta name=\"description\" content=\"Partituras de m\u00fasica de calle para Orquestas y bandas. M\u00fasica escrita.\" \/>\n<meta name=\"robots\" content=\"index, follow, max-snippet:-1, max-image-preview:large, max-video-preview:-1\" \/>\n<link rel=\"canonical\" href=\"https:\/\/www.omnesbands.international\/ja\/product\/el-perillos\/\" \/>\n<meta property=\"og:locale\" content=\"ja_JP\" \/>\n<meta property=\"og:type\" content=\"article\" \/>\n<meta property=\"og:title\" content=\"El Perill\u00f3s\" \/>\n<meta property=\"og:description\" content=\"Partituras de m\u00fasica de calle para Orquestas y bandas. M\u00fasica escrita.\" \/>\n<meta property=\"og:url\" content=\"https:\/\/www.omnesbands.international\/ja\/product\/el-perillos\/\" \/>\n<meta property=\"article:modified_time\" content=\"2023-11-14T00:22:59+00:00\" \/>\n<meta property=\"og:image\" content=\"https:\/\/www.omnesbands.international\/wp-content\/uploads\/2023\/01\/El-Perillos-1.jpg\" \/>\n\t<meta property=\"og:image:width\" content=\"691\" \/>\n\t<meta property=\"og:image:height\" content=\"796\" \/>\n\t<meta property=\"og:image:type\" content=\"image\/jpeg\" \/>\n<meta name=\"twitter:card\" content=\"summary_large_image\" \/>\n<meta name=\"twitter:label1\" content=\"\u4fa1\u683c\" \/>\n\t<meta name=\"twitter:data1\" content=\"&#036;25.00\" \/>\n\t<meta name=\"twitter:label2\" content=\"\u5728\u5eab\" \/>\n\t<meta name=\"twitter:data2\" content=\"\u5728\u5eab\u3042\u308a\" \/>\n<script type=\"application\/ld+json\" class=\"yoast-schema-graph\">{\"@context\":\"https:\\\/\\\/schema.org\",\"@graph\":[{\"@type\":\"WebPage\",\"@id\":\"https:\\\/\\\/www.omnesbands.international\\\/producto\\\/el-perillos\\\/\",\"url\":\"https:\\\/\\\/www.omnesbands.international\\\/producto\\\/el-perillos\\\/\",\"name\":\"El Perill\u00f3s -\",\"isPartOf\":{\"@id\":\"https:\\\/\\\/www.omnesbands.international\\\/#website\"},\"primaryImageOfPage\":{\"@id\":\"https:\\\/\\\/www.omnesbands.international\\\/producto\\\/el-perillos\\\/#primaryimage\"},\"image\":{\"@id\":\"https:\\\/\\\/www.omnesbands.international\\\/producto\\\/el-perillos\\\/#primaryimage\"},\"thumbnailUrl\":\"https:\\\/\\\/www.omnesbands.international\\\/wp-content\\\/uploads\\\/2023\\\/01\\\/El-Perillos-1.jpg\",\"datePublished\":\"2023-01-25T05:34:05+00:00\",\"dateModified\":\"2023-11-14T00:22:59+00:00\",\"description\":\"Partituras de m\u00fasica de calle para Orquestas y bandas. M\u00fasica escrita.\",\"breadcrumb\":{\"@id\":\"https:\\\/\\\/www.omnesbands.international\\\/producto\\\/el-perillos\\\/#breadcrumb\"},\"inLanguage\":\"ja\",\"potentialAction\":[{\"@type\":\"ReadAction\",\"target\":[\"https:\\\/\\\/www.omnesbands.international\\\/producto\\\/el-perillos\\\/\"]}]},{\"@type\":\"ImageObject\",\"inLanguage\":\"ja\",\"@id\":\"https:\\\/\\\/www.omnesbands.international\\\/producto\\\/el-perillos\\\/#primaryimage\",\"url\":\"https:\\\/\\\/www.omnesbands.international\\\/wp-content\\\/uploads\\\/2023\\\/01\\\/El-Perillos-1.jpg\",\"contentUrl\":\"https:\\\/\\\/www.omnesbands.international\\\/wp-content\\\/uploads\\\/2023\\\/01\\\/El-Perillos-1.jpg\",\"width\":691,\"height\":796,\"caption\":\"El Perillos\"},{\"@type\":\"BreadcrumbList\",\"@id\":\"https:\\\/\\\/www.omnesbands.international\\\/producto\\\/el-perillos\\\/#breadcrumb\",\"itemListElement\":[{\"@type\":\"ListItem\",\"position\":1,\"name\":\"Portada\",\"item\":\"https:\\\/\\\/www.omnesbands.international\\\/\"},{\"@type\":\"ListItem\",\"position\":2,\"name\":\"Tienda\",\"item\":\"https:\\\/\\\/www.omnesbands.international\\\/en\\\/shop\\\/\"},{\"@type\":\"ListItem\",\"position\":3,\"name\":\"El Perill\u00f3s\"}]},{\"@type\":\"WebSite\",\"@id\":\"https:\\\/\\\/www.omnesbands.international\\\/#website\",\"url\":\"https:\\\/\\\/www.omnesbands.international\\\/\",\"name\":\"OMNESBANDS International\",\"description\":\"Partituras Originales de autores y compositores independientes\",\"publisher\":{\"@id\":\"https:\\\/\\\/www.omnesbands.international\\\/#organization\"},\"potentialAction\":[{\"@type\":\"SearchAction\",\"target\":{\"@type\":\"EntryPoint\",\"urlTemplate\":\"https:\\\/\\\/www.omnesbands.international\\\/?s={search_term_string}\"},\"query-input\":{\"@type\":\"PropertyValueSpecification\",\"valueRequired\":true,\"valueName\":\"search_term_string\"}}],\"inLanguage\":\"ja\"},{\"@type\":\"Organization\",\"@id\":\"https:\\\/\\\/www.omnesbands.international\\\/#organization\",\"name\":\"Indra Consultores Internacionales\",\"alternateName\":\"Omnesbands\",\"url\":\"https:\\\/\\\/www.omnesbands.international\\\/\",\"logo\":{\"@type\":\"ImageObject\",\"inLanguage\":\"ja\",\"@id\":\"https:\\\/\\\/www.omnesbands.international\\\/#\\\/schema\\\/logo\\\/image\\\/\",\"url\":\"https:\\\/\\\/omnesbands.international\\\/wp-content\\\/uploads\\\/2023\\\/06\\\/Logo-Nuevo-.png\",\"contentUrl\":\"https:\\\/\\\/omnesbands.international\\\/wp-content\\\/uploads\\\/2023\\\/06\\\/Logo-Nuevo-.png\",\"width\":394,\"height\":212,\"caption\":\"Indra Consultores Internacionales\"},\"image\":{\"@id\":\"https:\\\/\\\/www.omnesbands.international\\\/#\\\/schema\\\/logo\\\/image\\\/\"}}]}<\/script>\n<meta property=\"product:price:amount\" content=\"25.00\" \/>\n<meta property=\"product:price:currency\" content=\"USD\" \/>\n<meta property=\"og:availability\" content=\"instock\" \/>\n<meta property=\"product:availability\" content=\"instock\" \/>\n<meta property=\"product:retailer_item_id\" content=\"PER-CAL-ESP-22\" \/>\n<meta property=\"product:condition\" content=\"new\" \/>\n<!-- \/ Yoast SEO Premium plugin. -->","yoast_head_json":{"title":"El Perill\u00f3s -","description":"Partituras de m\u00fasica de calle para Orquestas y bandas. M\u00fasica escrita.","robots":{"index":"index","follow":"follow","max-snippet":"max-snippet:-1","max-image-preview":"max-image-preview:large","max-video-preview":"max-video-preview:-1"},"canonical":"https:\/\/www.omnesbands.international\/ja\/product\/el-perillos\/","og_locale":"ja_JP","og_type":"article","og_title":"El Perill\u00f3s","og_description":"Partituras de m\u00fasica de calle para Orquestas y bandas. M\u00fasica escrita.","og_url":"https:\/\/www.omnesbands.international\/ja\/product\/el-perillos\/","article_modified_time":"2023-11-14T00:22:59+00:00","og_image":[{"width":691,"height":796,"url":"https:\/\/www.omnesbands.international\/wp-content\/uploads\/2023\/01\/El-Perillos-1.jpg","type":"image\/jpeg"}],"twitter_card":"summary_large_image","twitter_misc":{"\u4fa1\u683c":"&#36;25.00","\u5728\u5eab":"\u5728\u5eab\u3042\u308a"},"schema":{"@context":"https:\/\/schema.org","@graph":[{"@type":"WebPage","@id":"https:\/\/www.omnesbands.international\/producto\/el-perillos\/","url":"https:\/\/www.omnesbands.international\/producto\/el-perillos\/","name":"El Perill\u00f3s -","isPartOf":{"@id":"https:\/\/www.omnesbands.international\/#website"},"primaryImageOfPage":{"@id":"https:\/\/www.omnesbands.international\/producto\/el-perillos\/#primaryimage"},"image":{"@id":"https:\/\/www.omnesbands.international\/producto\/el-perillos\/#primaryimage"},"thumbnailUrl":"https:\/\/www.omnesbands.international\/wp-content\/uploads\/2023\/01\/El-Perillos-1.jpg","datePublished":"2023-01-25T05:34:05+00:00","dateModified":"2023-11-14T00:22:59+00:00","description":"Partituras de m\u00fasica de calle para Orquestas y bandas. M\u00fasica escrita.","breadcrumb":{"@id":"https:\/\/www.omnesbands.international\/producto\/el-perillos\/#breadcrumb"},"inLanguage":"ja","potentialAction":[{"@type":"ReadAction","target":["https:\/\/www.omnesbands.international\/producto\/el-perillos\/"]}]},{"@type":"ImageObject","inLanguage":"ja","@id":"https:\/\/www.omnesbands.international\/producto\/el-perillos\/#primaryimage","url":"https:\/\/www.omnesbands.international\/wp-content\/uploads\/2023\/01\/El-Perillos-1.jpg","contentUrl":"https:\/\/www.omnesbands.international\/wp-content\/uploads\/2023\/01\/El-Perillos-1.jpg","width":691,"height":796,"caption":"El Perillos"},{"@type":"BreadcrumbList","@id":"https:\/\/www.omnesbands.international\/producto\/el-perillos\/#breadcrumb","itemListElement":[{"@type":"ListItem","position":1,"name":"Portada","item":"https:\/\/www.omnesbands.international\/"},{"@type":"ListItem","position":2,"name":"Tienda","item":"https:\/\/www.omnesbands.international\/en\/shop\/"},{"@type":"ListItem","position":3,"name":"El Perill\u00f3s"}]},{"@type":"WebSite","@id":"https:\/\/www.omnesbands.international\/#website","url":"https:\/\/www.omnesbands.international\/","name":"OMNESBANDS International","description":"\u72ec\u7acb\u3057\u305f\u4f5c\u5bb6\u3084\u4f5c\u66f2\u5bb6\u306b\u3088\u308b\u30aa\u30ea\u30b8\u30ca\u30eb\u306e\u697d\u8b5c","publisher":{"@id":"https:\/\/www.omnesbands.international\/#organization"},"potentialAction":[{"@type":"SearchAction","target":{"@type":"EntryPoint","urlTemplate":"https:\/\/www.omnesbands.international\/?s={search_term_string}"},"query-input":{"@type":"PropertyValueSpecification","valueRequired":true,"valueName":"search_term_string"}}],"inLanguage":"ja"},{"@type":"Organization","@id":"https:\/\/www.omnesbands.international\/#organization","name":"\u30a4\u30f3\u30c9\u30e9\u56fd\u969b\u30b3\u30f3\u30b5\u30eb\u30bf\u30f3\u30c8","alternateName":"Omnesbands","url":"https:\/\/www.omnesbands.international\/","logo":{"@type":"ImageObject","inLanguage":"ja","@id":"https:\/\/www.omnesbands.international\/#\/schema\/logo\/image\/","url":"https:\/\/omnesbands.international\/wp-content\/uploads\/2023\/06\/Logo-Nuevo-.png","contentUrl":"https:\/\/omnesbands.international\/wp-content\/uploads\/2023\/06\/Logo-Nuevo-.png","width":394,"height":212,"caption":"Indra Consultores Internacionales"},"image":{"@id":"https:\/\/www.omnesbands.international\/#\/schema\/logo\/image\/"}}]},"product_price_amount":"25.00","product_price_currency":"USD","og_availability":"instock","product_availability":"instock","product_retailer_item_id":"PER-CAL-ESP-22","product_condition":"new"},"uagb_featured_image_src":{"full":["https:\/\/www.omnesbands.international\/wp-content\/uploads\/2023\/01\/El-Perillos-1.jpg",691,796,false],"thumbnail":["https:\/\/www.omnesbands.international\/wp-content\/uploads\/2023\/01\/El-Perillos-1-150x150.jpg",150,150,true],"medium":["https:\/\/www.omnesbands.international\/wp-content\/uploads\/2023\/01\/El-Perillos-1-260x300.jpg",260,300,true],"medium_large":["https:\/\/www.omnesbands.international\/wp-content\/uploads\/2023\/01\/El-Perillos-1.jpg",691,796,false],"large":["https:\/\/www.omnesbands.international\/wp-content\/uploads\/2023\/01\/El-Perillos-1.jpg",691,796,false],"1536x1536":["https:\/\/www.omnesbands.international\/wp-content\/uploads\/2023\/01\/El-Perillos-1.jpg",691,796,false],"2048x2048":["https:\/\/www.omnesbands.international\/wp-content\/uploads\/2023\/01\/El-Perillos-1.jpg",691,796,false],"trp-custom-language-flag":["https:\/\/www.omnesbands.international\/wp-content\/uploads\/2023\/01\/El-Perillos-1-10x12.jpg",10,12,true],"gg_gallery_thumbnail":["https:\/\/www.omnesbands.international\/wp-content\/uploads\/2023\/01\/El-Perillos-1-450x250.jpg",450,250,true],"woocommerce_thumbnail":["https:\/\/www.omnesbands.international\/wp-content\/uploads\/2023\/01\/El-Perillos-1-300x300.jpg",300,300,true],"woocommerce_single":["https:\/\/www.omnesbands.international\/wp-content\/uploads\/2023\/01\/El-Perillos-1-600x691.jpg",600,691,true],"woocommerce_gallery_thumbnail":["https:\/\/www.omnesbands.international\/wp-content\/uploads\/2023\/01\/El-Perillos-1-100x100.jpg",100,100,true]},"uagb_author_info":{"display_name":"Melvin R. Portillo A:","author_link":"https:\/\/www.omnesbands.international\/ja\/author\/"},"uagb_comment_info":0,"uagb_excerpt":"Marcha Mora de Mila Rosa Molina. La joven compositora ontinyentina Mila Rosa Molina Moscard\u00f3, ha escrito un nuevo motete dedicado a la imagen advocacional de nuestra Cofrad\u00eda y que lleva por t\u00edtulo \u201cMadre Nostra\u201d. La pieza est\u00e1 escrita para cuatro voces y sobre unos versos de nuestro macip, Sergi G\u00f3mez. Los motetes son breves piezas&hellip;","_links":{"self":[{"href":"https:\/\/www.omnesbands.international\/ja\/wp-json\/wp\/v2\/product\/1184","targetHints":{"allow":["GET"]}}],"collection":[{"href":"https:\/\/www.omnesbands.international\/ja\/wp-json\/wp\/v2\/product"}],"about":[{"href":"https:\/\/www.omnesbands.international\/ja\/wp-json\/wp\/v2\/types\/product"}],"replies":[{"embeddable":true,"href":"https:\/\/www.omnesbands.international\/ja\/wp-json\/wp\/v2\/comments?post=1184"}],"wp:featuredmedia":[{"embeddable":true,"href":"https:\/\/www.omnesbands.international\/ja\/wp-json\/wp\/v2\/media\/2737"}],"wp:attachment":[{"href":"https:\/\/www.omnesbands.international\/ja\/wp-json\/wp\/v2\/media?parent=1184"}],"wp:term":[{"taxonomy":"product_brand","embeddable":true,"href":"https:\/\/www.omnesbands.international\/ja\/wp-json\/wp\/v2\/product_brand?post=1184"},{"taxonomy":"product_cat","embeddable":true,"href":"https:\/\/www.omnesbands.international\/ja\/wp-json\/wp\/v2\/product_cat?post=1184"},{"taxonomy":"product_tag","embeddable":true,"href":"https:\/\/www.omnesbands.international\/ja\/wp-json\/wp\/v2\/product_tag?post=1184"}],"curies":[{"name":"wp","href":"https:\/\/api.w.org\/{rel}","templated":true}]}}