{"id":1186,"date":"2023-01-24T23:36:24","date_gmt":"2023-01-25T05:36:24","guid":{"rendered":"https:\/\/omnesbands.international\/?post_type=product&#038;p=1186"},"modified":"2023-11-13T18:16:32","modified_gmt":"2023-11-14T00:16:32","slug":"embajador-moro","status":"publish","type":"product","link":"https:\/\/www.omnesbands.international\/ja\/product\/embajador-moro\/","title":{"rendered":"\u30e0\u30fc\u30a2\u5927\u4f7f"},"content":{"rendered":"<p>1997 \u5e74\u306b\u7b2c 12 \u56de\u30d0\u30f3\u30c9\u30b3\u30f3\u30af\u30fc\u30eb\u306e\u5fc5\u9808\u66f2\u3068\u3057\u3066\u30a8\u30eb\u30c0\u5e02\u304b\u3089\u59d4\u5631\u3055\u308c\u305f\u30e0\u30fc\u30a2\u884c\u9032\u66f2\u3067\u3001\u4f5c\u66f2\u5bb6\u30c0\u30cb\u30a8\u30eb\u30fb\u30d5\u30a7\u30ec\u30ed\u30fb\u30b7\u30eb\u30f4\u30a1\u30fc\u30b8\u30a7\u306e\u4f5c\u54c1\u3002\u30db\u30eb\u30f3\u3001\u30cf\u30fc\u30e2\u30cb\u30fc\u3001\u4f5c\u66f2\u3068\u697d\u5668\u7de8\u6210\u3001\u5408\u5531\u6307\u63ee\u3001\u30aa\u30fc\u30b1\u30b9\u30c8\u30e9\u6307\u63ee\u306e\u5b66\u4f4d\u3092\u53d6\u5f97\u3057\u305f\u30c0\u30cb\u30a8\u30eb\u30fb\u30d5\u30a7\u30ec\u30fc\u30ed\u306f\u3001\u30d0\u30ec\u30f3\u30b7\u30a2\u97f3\u697d\u9662\u30aa\u30fc\u30b1\u30b9\u30c8\u30e9\u3001\u30d0\u30ec\u30b9\u4ea4\u97ff\u697d\u56e3\u3001\u30e6\u30cb\u30aa\u30fb\u30df\u30e5\u30fc\u30b8\u30ab\u30eb\u30fb\u30c7\u30fb\u30e0\u30ed\u3001\u30d3\u30ea\u30a7\u30ca\u5e02\u7acb\u97f3\u697d\u968a\u306a\u3069\u3001\u3044\u304f\u3064\u304b\u306e\u30b0\u30eb\u30fc\u30d7\u3092\u6307\u63ee\u3057\u3066\u304d\u307e\u3057\u305f\u3002 1987 \u5e74\u304b\u3089 2000 \u5e74\u307e\u3067\u3001\u5f7c\u306f Ontinyent Musical Artistic Union Band \u306e\u9996\u5e2d\u6307\u63ee\u8005\u3092\u52d9\u3081\u3001\u6570\u3005\u306e\u8cde\u3092\u53d7\u8cde\u3057\u307e\u3057\u305f\u3002 2001 \u5e74\u304b\u3089 2005 \u5e74\u307e\u3067\u3001\u30a2\u30eb\u30c6\u30a2\u30cd\u30f3\u30bb \u30d5\u30a3\u30eb\u30cf\u30fc\u30e2\u30cb\u30c3\u30af\u5354\u4f1a\u30d0\u30f3\u30c9\u306e\u9996\u5e2d\u6307\u63ee\u8005\u3092\u52d9\u3081\u307e\u3057\u305f\u3002\u3053\u306e\u30d0\u30f3\u30c9\u3068\u3068\u3082\u306b\u30d1\u30e9\u30aa \u30a2\u30eb\u30c6\u30a2\u3092\u767a\u8db3\u3055\u305b\u3001\u30e0\u30eb\u30b7\u30a2\u3068 2005 \u5e74\u306e\u30b1\u30eb\u30af\u30e9\u30fc\u30c7 \u30b3\u30f3\u30af\u30fc\u30eb\u3067\u3044\u304f\u3064\u304b\u306e\u8cde\u3092\u53d7\u8cde\u3057\u307e\u3057\u305f\u3002<\/p>","protected":false},"excerpt":{"rendered":"<p>1997 \u5e74\u306b\u7b2c 12 \u56de\u30d0\u30f3\u30c9\u30b3\u30f3\u30af\u30fc\u30eb\u306e\u5fc5\u9808\u66f2\u3068\u3057\u3066\u30a8\u30eb\u30c0\u5e02\u304b\u3089\u59d4\u5631\u3055\u308c\u305f\u30e0\u30fc\u30a2\u884c\u9032\u66f2\u3067\u3001\u4f5c\u66f2\u5bb6\u30c0\u30cb\u30a8\u30eb\u30fb\u30d5\u30a7\u30ec\u30ed\u30fb\u30b7\u30eb\u30f4\u30a1\u30fc\u30b8\u30a7\u306e\u4f5c\u54c1\u3002\u30db\u30eb\u30f3\u3001\u30cf\u30fc\u30e2\u30cb\u30fc\u3001\u4f5c\u66f2\u3068\u697d\u5668\u7de8\u6210\u3001\u5408\u5531\u6307\u63ee\u3001\u30aa\u30fc\u30b1\u30b9\u30c8\u30e9\u6307\u63ee\u306e\u5b66\u4f4d\u3092\u53d6\u5f97\u3057\u305f\u30c0\u30cb\u30a8\u30eb\u30fb\u30d5\u30a7\u30ec\u30fc\u30ed\u306f\u3001\u30d0\u30ec\u30f3\u30b7\u30a2\u97f3\u697d\u9662\u30aa\u30fc\u30b1\u30b9\u30c8\u30e9\u3001\u30d0\u30ec\u30b9\u4ea4\u97ff\u697d\u56e3\u3001\u30e6\u30cb\u30aa\u30fb\u30df\u30e5\u30fc\u30b8\u30ab\u30eb\u30fb\u30c7\u30fb\u30e0\u30ed\u3001\u30d3\u30ea\u30a7\u30ca\u5e02\u7acb\u97f3\u697d\u968a\u306a\u3069\u3001\u3044\u304f\u3064\u304b\u306e\u30b0\u30eb\u30fc\u30d7\u3092\u6307\u63ee\u3057\u3066\u304d\u307e\u3057\u305f\u3002 1987 \u5e74\u304b\u3089 2000 \u5e74\u307e\u3067\u3001\u5f7c\u306f Ontinyent Musical Artistic Union Band \u306e\u9996\u5e2d\u6307\u63ee\u8005\u3092\u52d9\u3081\u3001\u6570\u3005\u306e\u8cde\u3092\u53d7\u8cde\u3057\u307e\u3057\u305f\u3002 2001 \u5e74\u304b\u3089 2005 \u5e74\u307e\u3067\u3001\u30a2\u30eb\u30c6\u30a2\u30cd\u30f3\u30bb \u30d5\u30a3\u30eb\u30cf\u30fc\u30e2\u30cb\u30c3\u30af\u5354\u4f1a\u30d0\u30f3\u30c9\u306e\u9996\u5e2d\u6307\u63ee\u8005\u3092\u52d9\u3081\u307e\u3057\u305f\u3002\u3053\u306e\u30d0\u30f3\u30c9\u3068\u3068\u3082\u306b\u30d1\u30e9\u30aa \u30a2\u30eb\u30c6\u30a2\u3092\u767a\u8db3\u3055\u305b\u3001\u30e0\u30eb\u30b7\u30a2\u3068 2005 \u5e74\u306e\u30b1\u30eb\u30af\u30e9\u30fc\u30c7 \u30b3\u30f3\u30af\u30fc\u30eb\u3067\u3044\u304f\u3064\u304b\u306e\u8cde\u3092\u53d7\u8cde\u3057\u307e\u3057\u305f\u3002<\/p>","protected":false},"featured_media":2733,"comment_status":"open","ping_status":"closed","template":"","meta":{"_acf_changed":false,"_uag_custom_page_level_css":"","site-sidebar-layout":"default","site-content-layout":"default","ast-site-content-layout":"default","site-content-style":"default","site-sidebar-style":"default","ast-global-header-display":"","ast-banner-title-visibility":"","ast-main-header-display":"","ast-hfb-above-header-display":"","ast-hfb-below-header-display":"","ast-hfb-mobile-header-display":"","site-post-title":"","ast-breadcrumbs-content":"","ast-featured-img":"","footer-sml-layout":"","ast-disable-related-posts":"","theme-transparent-header-meta":"default","adv-header-id-meta":"","stick-header-meta":"default","header-above-stick-meta":"","header-main-stick-meta":"","header-below-stick-meta":"","astra-migrate-meta-layouts":"set","ast-page-background-enabled":"default","ast-page-background-meta":{"desktop":{"background-color":"","background-image":"","background-repeat":"repeat","background-position":"center center","background-size":"auto","background-attachment":"scroll","background-type":"","background-media":"","overlay-type":"","overlay-color":"","overlay-opacity":"","overlay-gradient":""},"tablet":{"background-color":"","background-image":"","background-repeat":"repeat","background-position":"center center","background-size":"auto","background-attachment":"scroll","background-type":"","background-media":"","overlay-type":"","overlay-color":"","overlay-opacity":"","overlay-gradient":""},"mobile":{"background-color":"","background-image":"","background-repeat":"repeat","background-position":"center center","background-size":"auto","background-attachment":"scroll","background-type":"","background-media":"","overlay-type":"","overlay-color":"","overlay-opacity":"","overlay-gradient":""}},"ast-content-background-meta":{"desktop":{"background-color":"var(--ast-global-color-5)","background-image":"","background-repeat":"repeat","background-position":"center center","background-size":"auto","background-attachment":"scroll","background-type":"","background-media":"","overlay-type":"","overlay-color":"","overlay-opacity":"","overlay-gradient":""},"tablet":{"background-color":"var(--ast-global-color-5)","background-image":"","background-repeat":"repeat","background-position":"center center","background-size":"auto","background-attachment":"scroll","background-type":"","background-media":"","overlay-type":"","overlay-color":"","overlay-opacity":"","overlay-gradient":""},"mobile":{"background-color":"var(--ast-global-color-5)","background-image":"","background-repeat":"repeat","background-position":"center center","background-size":"auto","background-attachment":"scroll","background-type":"","background-media":"","overlay-type":"","overlay-color":"","overlay-opacity":"","overlay-gradient":""}}},"product_brand":[],"product_cat":[28],"product_tag":[49],"class_list":{"0":"post-1186","1":"product","2":"type-product","3":"status-publish","4":"has-post-thumbnail","6":"product_cat-musica-de-calle","7":"product_tag-daniel-ferrero-silvaje","8":"desktop-align-left","9":"tablet-align-left","10":"mobile-align-left","11":"ast-product-gallery-layout-horizontal-slider","13":"first","14":"instock","15":"downloadable","16":"virtual","17":"taxable","18":"purchasable","19":"product-type-simple"},"acf":[],"yoast_head":"<!-- This site is optimized with the Yoast SEO Premium plugin v22.4 (Yoast SEO v27.4) - https:\/\/yoast.com\/product\/yoast-seo-premium-wordpress\/ -->\n<title>Embajador Moro -<\/title>\n<meta name=\"description\" content=\"Partituras de m\u00fasica de calle para Orquestas y bandas. M\u00fasica escrita\" \/>\n<meta name=\"robots\" content=\"index, follow, max-snippet:-1, max-image-preview:large, max-video-preview:-1\" \/>\n<link rel=\"canonical\" href=\"https:\/\/www.omnesbands.international\/ja\/product\/embajador-moro\/\" \/>\n<meta property=\"og:locale\" content=\"ja_JP\" \/>\n<meta property=\"og:type\" content=\"article\" \/>\n<meta property=\"og:title\" content=\"Embajador Moro\" \/>\n<meta property=\"og:description\" content=\"Partituras de m\u00fasica de calle para Orquestas y bandas. M\u00fasica escrita\" \/>\n<meta property=\"og:url\" content=\"https:\/\/www.omnesbands.international\/ja\/product\/embajador-moro\/\" \/>\n<meta property=\"article:modified_time\" content=\"2023-11-14T00:16:32+00:00\" \/>\n<meta property=\"og:image\" content=\"https:\/\/www.omnesbands.international\/wp-content\/uploads\/2023\/01\/Embajador-Moro-1.jpg\" \/>\n\t<meta property=\"og:image:width\" content=\"691\" \/>\n\t<meta property=\"og:image:height\" content=\"774\" \/>\n\t<meta property=\"og:image:type\" content=\"image\/jpeg\" \/>\n<meta name=\"twitter:card\" content=\"summary_large_image\" \/>\n<meta name=\"twitter:label1\" content=\"\u4fa1\u683c\" \/>\n\t<meta name=\"twitter:data1\" content=\"&#036;30.00\" \/>\n\t<meta name=\"twitter:label2\" content=\"\u5728\u5eab\" \/>\n\t<meta name=\"twitter:data2\" content=\"\u5728\u5eab\u3042\u308a\" \/>\n<script type=\"application\/ld+json\" class=\"yoast-schema-graph\">{\"@context\":\"https:\\\/\\\/schema.org\",\"@graph\":[{\"@type\":\"WebPage\",\"@id\":\"https:\\\/\\\/www.omnesbands.international\\\/ja\\\/product\\\/embajador-moro\\\/\",\"url\":\"https:\\\/\\\/www.omnesbands.international\\\/ja\\\/product\\\/embajador-moro\\\/\",\"name\":\"Embajador Moro -\",\"isPartOf\":{\"@id\":\"https:\\\/\\\/www.omnesbands.international\\\/#website\"},\"primaryImageOfPage\":{\"@id\":\"https:\\\/\\\/www.omnesbands.international\\\/ja\\\/product\\\/embajador-moro\\\/#primaryimage\"},\"image\":{\"@id\":\"https:\\\/\\\/www.omnesbands.international\\\/ja\\\/product\\\/embajador-moro\\\/#primaryimage\"},\"thumbnailUrl\":\"https:\\\/\\\/www.omnesbands.international\\\/wp-content\\\/uploads\\\/2023\\\/01\\\/Embajador-Moro-1.jpg\",\"datePublished\":\"2023-01-25T05:36:24+00:00\",\"dateModified\":\"2023-11-14T00:16:32+00:00\",\"description\":\"Partituras de m\u00fasica de calle para Orquestas y bandas. M\u00fasica escrita\",\"breadcrumb\":{\"@id\":\"https:\\\/\\\/www.omnesbands.international\\\/ja\\\/product\\\/embajador-moro\\\/#breadcrumb\"},\"inLanguage\":\"ja\",\"potentialAction\":[{\"@type\":\"ReadAction\",\"target\":[\"https:\\\/\\\/www.omnesbands.international\\\/ja\\\/product\\\/embajador-moro\\\/\"]}]},{\"@type\":\"ImageObject\",\"inLanguage\":\"ja\",\"@id\":\"https:\\\/\\\/www.omnesbands.international\\\/ja\\\/product\\\/embajador-moro\\\/#primaryimage\",\"url\":\"https:\\\/\\\/www.omnesbands.international\\\/wp-content\\\/uploads\\\/2023\\\/01\\\/Embajador-Moro-1.jpg\",\"contentUrl\":\"https:\\\/\\\/www.omnesbands.international\\\/wp-content\\\/uploads\\\/2023\\\/01\\\/Embajador-Moro-1.jpg\",\"width\":691,\"height\":774,\"caption\":\"Embajador Moro\"},{\"@type\":\"BreadcrumbList\",\"@id\":\"https:\\\/\\\/www.omnesbands.international\\\/ja\\\/product\\\/embajador-moro\\\/#breadcrumb\",\"itemListElement\":[{\"@type\":\"ListItem\",\"position\":1,\"name\":\"Portada\",\"item\":\"https:\\\/\\\/www.omnesbands.international\\\/\"},{\"@type\":\"ListItem\",\"position\":2,\"name\":\"Tienda\",\"item\":\"https:\\\/\\\/www.omnesbands.international\\\/en\\\/shop\\\/\"},{\"@type\":\"ListItem\",\"position\":3,\"name\":\"Embajador Moro\"}]},{\"@type\":\"WebSite\",\"@id\":\"https:\\\/\\\/www.omnesbands.international\\\/#website\",\"url\":\"https:\\\/\\\/www.omnesbands.international\\\/\",\"name\":\"OMNESBANDS International\",\"description\":\"Partituras Originales de autores y compositores independientes\",\"publisher\":{\"@id\":\"https:\\\/\\\/www.omnesbands.international\\\/#organization\"},\"potentialAction\":[{\"@type\":\"SearchAction\",\"target\":{\"@type\":\"EntryPoint\",\"urlTemplate\":\"https:\\\/\\\/www.omnesbands.international\\\/?s={search_term_string}\"},\"query-input\":{\"@type\":\"PropertyValueSpecification\",\"valueRequired\":true,\"valueName\":\"search_term_string\"}}],\"inLanguage\":\"ja\"},{\"@type\":\"Organization\",\"@id\":\"https:\\\/\\\/www.omnesbands.international\\\/#organization\",\"name\":\"Indra Consultores Internacionales\",\"alternateName\":\"Omnesbands\",\"url\":\"https:\\\/\\\/www.omnesbands.international\\\/\",\"logo\":{\"@type\":\"ImageObject\",\"inLanguage\":\"ja\",\"@id\":\"https:\\\/\\\/www.omnesbands.international\\\/#\\\/schema\\\/logo\\\/image\\\/\",\"url\":\"https:\\\/\\\/omnesbands.international\\\/wp-content\\\/uploads\\\/2023\\\/06\\\/Logo-Nuevo-.png\",\"contentUrl\":\"https:\\\/\\\/omnesbands.international\\\/wp-content\\\/uploads\\\/2023\\\/06\\\/Logo-Nuevo-.png\",\"width\":394,\"height\":212,\"caption\":\"Indra Consultores Internacionales\"},\"image\":{\"@id\":\"https:\\\/\\\/www.omnesbands.international\\\/#\\\/schema\\\/logo\\\/image\\\/\"}}]}<\/script>\n<meta property=\"product:price:amount\" content=\"30.00\" \/>\n<meta property=\"product:price:currency\" content=\"USD\" \/>\n<meta property=\"og:availability\" content=\"instock\" \/>\n<meta property=\"product:availability\" content=\"instock\" \/>\n<meta property=\"product:retailer_item_id\" content=\"EMB-CAL-ESP-22\" \/>\n<meta property=\"product:condition\" content=\"new\" \/>\n<!-- \/ Yoast SEO Premium plugin. -->","yoast_head_json":{"title":"Embajador Moro -","description":"Partituras de m\u00fasica de calle para Orquestas y bandas. M\u00fasica escrita","robots":{"index":"index","follow":"follow","max-snippet":"max-snippet:-1","max-image-preview":"max-image-preview:large","max-video-preview":"max-video-preview:-1"},"canonical":"https:\/\/www.omnesbands.international\/ja\/product\/embajador-moro\/","og_locale":"ja_JP","og_type":"article","og_title":"Embajador Moro","og_description":"Partituras de m\u00fasica de calle para Orquestas y bandas. M\u00fasica escrita","og_url":"https:\/\/www.omnesbands.international\/ja\/product\/embajador-moro\/","article_modified_time":"2023-11-14T00:16:32+00:00","og_image":[{"width":691,"height":774,"url":"https:\/\/www.omnesbands.international\/wp-content\/uploads\/2023\/01\/Embajador-Moro-1.jpg","type":"image\/jpeg"}],"twitter_card":"summary_large_image","twitter_misc":{"\u4fa1\u683c":"&#36;30.00","\u5728\u5eab":"\u5728\u5eab\u3042\u308a"},"schema":{"@context":"https:\/\/schema.org","@graph":[{"@type":"WebPage","@id":"https:\/\/www.omnesbands.international\/ja\/product\/embajador-moro\/","url":"https:\/\/www.omnesbands.international\/ja\/product\/embajador-moro\/","name":"Embajador Moro -","isPartOf":{"@id":"https:\/\/www.omnesbands.international\/#website"},"primaryImageOfPage":{"@id":"https:\/\/www.omnesbands.international\/ja\/product\/embajador-moro\/#primaryimage"},"image":{"@id":"https:\/\/www.omnesbands.international\/ja\/product\/embajador-moro\/#primaryimage"},"thumbnailUrl":"https:\/\/www.omnesbands.international\/wp-content\/uploads\/2023\/01\/Embajador-Moro-1.jpg","datePublished":"2023-01-25T05:36:24+00:00","dateModified":"2023-11-14T00:16:32+00:00","description":"Partituras de m\u00fasica de calle para Orquestas y bandas. M\u00fasica escrita","breadcrumb":{"@id":"https:\/\/www.omnesbands.international\/ja\/product\/embajador-moro\/#breadcrumb"},"inLanguage":"ja","potentialAction":[{"@type":"ReadAction","target":["https:\/\/www.omnesbands.international\/ja\/product\/embajador-moro\/"]}]},{"@type":"ImageObject","inLanguage":"ja","@id":"https:\/\/www.omnesbands.international\/ja\/product\/embajador-moro\/#primaryimage","url":"https:\/\/www.omnesbands.international\/wp-content\/uploads\/2023\/01\/Embajador-Moro-1.jpg","contentUrl":"https:\/\/www.omnesbands.international\/wp-content\/uploads\/2023\/01\/Embajador-Moro-1.jpg","width":691,"height":774,"caption":"Embajador Moro"},{"@type":"BreadcrumbList","@id":"https:\/\/www.omnesbands.international\/ja\/product\/embajador-moro\/#breadcrumb","itemListElement":[{"@type":"ListItem","position":1,"name":"Portada","item":"https:\/\/www.omnesbands.international\/"},{"@type":"ListItem","position":2,"name":"Tienda","item":"https:\/\/www.omnesbands.international\/en\/shop\/"},{"@type":"ListItem","position":3,"name":"Embajador Moro"}]},{"@type":"WebSite","@id":"https:\/\/www.omnesbands.international\/#website","url":"https:\/\/www.omnesbands.international\/","name":"OMNESBANDS International","description":"\u72ec\u7acb\u3057\u305f\u4f5c\u5bb6\u3084\u4f5c\u66f2\u5bb6\u306b\u3088\u308b\u30aa\u30ea\u30b8\u30ca\u30eb\u306e\u697d\u8b5c","publisher":{"@id":"https:\/\/www.omnesbands.international\/#organization"},"potentialAction":[{"@type":"SearchAction","target":{"@type":"EntryPoint","urlTemplate":"https:\/\/www.omnesbands.international\/?s={search_term_string}"},"query-input":{"@type":"PropertyValueSpecification","valueRequired":true,"valueName":"search_term_string"}}],"inLanguage":"ja"},{"@type":"Organization","@id":"https:\/\/www.omnesbands.international\/#organization","name":"\u30a4\u30f3\u30c9\u30e9\u56fd\u969b\u30b3\u30f3\u30b5\u30eb\u30bf\u30f3\u30c8","alternateName":"Omnesbands","url":"https:\/\/www.omnesbands.international\/","logo":{"@type":"ImageObject","inLanguage":"ja","@id":"https:\/\/www.omnesbands.international\/#\/schema\/logo\/image\/","url":"https:\/\/omnesbands.international\/wp-content\/uploads\/2023\/06\/Logo-Nuevo-.png","contentUrl":"https:\/\/omnesbands.international\/wp-content\/uploads\/2023\/06\/Logo-Nuevo-.png","width":394,"height":212,"caption":"Indra Consultores Internacionales"},"image":{"@id":"https:\/\/www.omnesbands.international\/#\/schema\/logo\/image\/"}}]},"product_price_amount":"30.00","product_price_currency":"USD","og_availability":"instock","product_availability":"instock","product_retailer_item_id":"EMB-CAL-ESP-22","product_condition":"new"},"uagb_featured_image_src":{"full":["https:\/\/www.omnesbands.international\/wp-content\/uploads\/2023\/01\/Embajador-Moro-1.jpg",691,774,false],"thumbnail":["https:\/\/www.omnesbands.international\/wp-content\/uploads\/2023\/01\/Embajador-Moro-1-150x150.jpg",150,150,true],"medium":["https:\/\/www.omnesbands.international\/wp-content\/uploads\/2023\/01\/Embajador-Moro-1-268x300.jpg",268,300,true],"medium_large":["https:\/\/www.omnesbands.international\/wp-content\/uploads\/2023\/01\/Embajador-Moro-1.jpg",691,774,false],"large":["https:\/\/www.omnesbands.international\/wp-content\/uploads\/2023\/01\/Embajador-Moro-1.jpg",691,774,false],"1536x1536":["https:\/\/www.omnesbands.international\/wp-content\/uploads\/2023\/01\/Embajador-Moro-1.jpg",691,774,false],"2048x2048":["https:\/\/www.omnesbands.international\/wp-content\/uploads\/2023\/01\/Embajador-Moro-1.jpg",691,774,false],"trp-custom-language-flag":["https:\/\/www.omnesbands.international\/wp-content\/uploads\/2023\/01\/Embajador-Moro-1-11x12.jpg",11,12,true],"gg_gallery_thumbnail":["https:\/\/www.omnesbands.international\/wp-content\/uploads\/2023\/01\/Embajador-Moro-1-450x250.jpg",450,250,true],"woocommerce_thumbnail":["https:\/\/www.omnesbands.international\/wp-content\/uploads\/2023\/01\/Embajador-Moro-1-300x300.jpg",300,300,true],"woocommerce_single":["https:\/\/www.omnesbands.international\/wp-content\/uploads\/2023\/01\/Embajador-Moro-1-600x672.jpg",600,672,true],"woocommerce_gallery_thumbnail":["https:\/\/www.omnesbands.international\/wp-content\/uploads\/2023\/01\/Embajador-Moro-1-100x100.jpg",100,100,true]},"uagb_author_info":{"display_name":"Melvin R. Portillo A:","author_link":"https:\/\/www.omnesbands.international\/ja\/author\/"},"uagb_comment_info":0,"uagb_excerpt":"Marcha mora encargo de la ciudad de Elda como pieza obligada en el XII certamen de bandas en el a\u00f1o 1997, obra del compositor Daniel Ferrero Silvaje. Titulado superior de trompa, armon\u00eda, composici\u00f3n e instrumentaci\u00f3n, direcci\u00f3n de coros y direcci\u00f3n de orquesta, Daniel Ferrero ha dirigido varias agrupaciones, entre ellas, la orquesta del Conservatorio de&hellip;","_links":{"self":[{"href":"https:\/\/www.omnesbands.international\/ja\/wp-json\/wp\/v2\/product\/1186","targetHints":{"allow":["GET"]}}],"collection":[{"href":"https:\/\/www.omnesbands.international\/ja\/wp-json\/wp\/v2\/product"}],"about":[{"href":"https:\/\/www.omnesbands.international\/ja\/wp-json\/wp\/v2\/types\/product"}],"replies":[{"embeddable":true,"href":"https:\/\/www.omnesbands.international\/ja\/wp-json\/wp\/v2\/comments?post=1186"}],"wp:featuredmedia":[{"embeddable":true,"href":"https:\/\/www.omnesbands.international\/ja\/wp-json\/wp\/v2\/media\/2733"}],"wp:attachment":[{"href":"https:\/\/www.omnesbands.international\/ja\/wp-json\/wp\/v2\/media?parent=1186"}],"wp:term":[{"taxonomy":"product_brand","embeddable":true,"href":"https:\/\/www.omnesbands.international\/ja\/wp-json\/wp\/v2\/product_brand?post=1186"},{"taxonomy":"product_cat","embeddable":true,"href":"https:\/\/www.omnesbands.international\/ja\/wp-json\/wp\/v2\/product_cat?post=1186"},{"taxonomy":"product_tag","embeddable":true,"href":"https:\/\/www.omnesbands.international\/ja\/wp-json\/wp\/v2\/product_tag?post=1186"}],"curies":[{"name":"wp","href":"https:\/\/api.w.org\/{rel}","templated":true}]}}