{"id":1192,"date":"2023-01-24T23:44:51","date_gmt":"2023-01-25T05:44:51","guid":{"rendered":"https:\/\/omnesbands.international\/?post_type=product&#038;p=1192"},"modified":"2023-11-13T17:56:19","modified_gmt":"2023-11-13T23:56:19","slug":"fiore","status":"publish","type":"product","link":"https:\/\/www.omnesbands.international\/ja\/product\/fiore\/","title":{"rendered":"\u82b1"},"content":{"rendered":"<p>\u4f5c\u5bb6\u30d5\u30a2\u30f3\u30fb\u30b8\u30e7\u30ec\u30f3\u30b9\u30fb\u30d9\u30eb\u30c0\u306b\u3088\u308b\u30e2\u30fc\u30e9\u884c\u9032\u66f2\u3002\u30ad\u30e3\u30ea\u30a2\u3092\u901a\u3058\u3066\u30af\u30e9\u30ea\u30cd\u30c3\u30c8\u3092\u30db\u30bb\u30fb\u30d0\u30eb\u30d9\u30e9\u3001\u30ed\u30b8\u30a7\u30ea\u30aa\u30fb\u30d6\u30e9\u30b9\u30b3\u3001\u30d5\u30a2\u30f3\u30db\u30fb\u30dc\u30e9\u30b9\u3001\u30b5\u30eb\u30d0\u30c9\u30fc\u30eb\u30fb\u30ca\u30d0\u30ed\u3001\u30a2\u30f3\u30c8\u30cb\u30fb\u30ea\u30d9\u30e9\u3001\u30d5\u30e9\u30f3\u30b7\u30b9\u30b3\u30fb\u30d5\u30ed\u30ea\u30c9\u306b\u5e2b\u4e8b\u3002\u307e\u305f\u3001\u30d5\u30a2\u30f3\u30db\u30fb\u30dc\u30e9\u30b9\u3001\u30df\u30b2\u30eb\u30fb\u30a2\u30f3\u30d8\u30eb\u30fb\u30bf\u30de\u30ea\u30c3\u30c8\u3001\u30d5\u30e9\u30f3\u30b7\u30b9\u30b3\u30fb\u30d5\u30ed\u30ea\u30c9\u3001\u30a8\u30f3\u30ea\u30b1\u30fb\u30da\u30ec\u30b9\u3001\u30df\u30b2\u30eb\u30fb\u30a8\u30b9\u30da\u30db\u306e\u30af\u30e9\u30ea\u30cd\u30c3\u30c8\u4e0a\u9054\u30b3\u30fc\u30b9\u3092\u53d7\u8b1b\u3057\u3066\u3044\u307e\u3059\u3002\u30cf\u30fc\u30e2\u30cb\u30fc\u306e\u5206\u91ce\u3067\u306f\u3001\u30d5\u30a2\u30f3\u30fb\u30a8\u30f3\u30ea\u30b1\u30fb\u30ab\u30cd\u3001\u30a8\u30b9\u30de\u30e9\u30c9\u30fb\u30a4\u30cb\u30a8\u30b9\u30bf\u3001\u30d5\u30e9\u30f3\u30b7\u30b9\u30b3\u30fb\u30cf\u30d3\u30a8\u30eb\u30fb\u30b3\u30b9\u30bf\u3001\u30db\u30a2\u30ad\u30f3\u30fb\u30b7\u30d9\u30e9\u3001\u30c0\u30cb\u30a8\u30eb\u30fb\u30d5\u30a2\u30f3\u30fb\u30d5\u30a7\u30ec\u30fc\u30ed\u3001\u30db\u30bb\u30fb\u30d3\u30bb\u30f3\u30c8\u30fb\u30a2\u30bb\u30f3\u30b7\u306b\u5e2b\u4e8b\u3002\u6559\u80b2\u5b66\u306e\u5206\u91ce\u3067\u306f\u3001\u30ab\u30eb\u30e1\u30f3\u30fb\u30b5\u30f3\u30b5\u30ed\u30fc\u30cb\u6c0f\u3068\u30ab\u30eb\u30e1\u30f3\u30fb\u30a2\u30b0\u30fc\u30ed\u6c0f\u306b\u5e2b\u4e8b\u3057\u3001\u30de\u30e9\u30f4\u30a3\u30e9\u30b9\u30fb\u30c7\u30a3\u30a2\u30b9\u6c0f\u3068\u30a2\u30ca\u30fb\u30eb\u30b7\u30a2\u30fb\u30d5\u30ec\u30ac\u6c0f\u306b\u3088\u308b\uff12\u56de\u306e\u518d\u4fee\u7fd2\u30b3\u30fc\u30b9\u3092\u53d7\u8b1b\u3057\u307e\u3057\u305f\u3002\u5f7c\u306f\u307e\u305f\u3001\u30b7\u30eb\u30f4\u30a3\u30a2\u30fb\u30b7\u30e5\u30ef\u30eb\u30c4\u30a7\u30f3\u30d0\u30c3\u30cf\u304b\u3089\u7ba1\u697d\u5668\u306e\u6559\u8a13\u3092\u5b66\u3073\u307e\u3057\u305f\u3002<\/p>","protected":false},"excerpt":{"rendered":"<p>\u4f5c\u5bb6\u30d5\u30a2\u30f3\u30fb\u30b8\u30e7\u30ec\u30f3\u30b9\u30fb\u30d9\u30eb\u30c0\u306b\u3088\u308b\u30e2\u30fc\u30e9\u884c\u9032\u66f2\u3002\u30ad\u30e3\u30ea\u30a2\u3092\u901a\u3058\u3066\u30af\u30e9\u30ea\u30cd\u30c3\u30c8\u3092\u30db\u30bb\u30fb\u30d0\u30eb\u30d9\u30e9\u3001\u30ed\u30b8\u30a7\u30ea\u30aa\u30fb\u30d6\u30e9\u30b9\u30b3\u3001\u30d5\u30a2\u30f3\u30db\u30fb\u30dc\u30e9\u30b9\u3001\u30b5\u30eb\u30d0\u30c9\u30fc\u30eb\u30fb\u30ca\u30d0\u30ed\u3001\u30a2\u30f3\u30c8\u30cb\u30fb\u30ea\u30d9\u30e9\u3001\u30d5\u30e9\u30f3\u30b7\u30b9\u30b3\u30fb\u30d5\u30ed\u30ea\u30c9\u306b\u5e2b\u4e8b\u3002\u307e\u305f\u3001\u30d5\u30a2\u30f3\u30db\u30fb\u30dc\u30e9\u30b9\u3001\u30df\u30b2\u30eb\u30fb\u30a2\u30f3\u30d8\u30eb\u30fb\u30bf\u30de\u30ea\u30c3\u30c8\u3001\u30d5\u30e9\u30f3\u30b7\u30b9\u30b3\u30fb\u30d5\u30ed\u30ea\u30c9\u3001\u30a8\u30f3\u30ea\u30b1\u30fb\u30da\u30ec\u30b9\u3001\u30df\u30b2\u30eb\u30fb\u30a8\u30b9\u30da\u30db\u306e\u30af\u30e9\u30ea\u30cd\u30c3\u30c8\u4e0a\u9054\u30b3\u30fc\u30b9\u3092\u53d7\u8b1b\u3057\u3066\u3044\u307e\u3059\u3002\u30cf\u30fc\u30e2\u30cb\u30fc\u306e\u5206\u91ce\u3067\u306f\u3001\u30d5\u30a2\u30f3\u30fb\u30a8\u30f3\u30ea\u30b1\u30fb\u30ab\u30cd\u3001\u30a8\u30b9\u30de\u30e9\u30c9\u30fb\u30a4\u30cb\u30a8\u30b9\u30bf\u3001\u30d5\u30e9\u30f3\u30b7\u30b9\u30b3\u30fb\u30cf\u30d3\u30a8\u30eb\u30fb\u30b3\u30b9\u30bf\u3001\u30db\u30a2\u30ad\u30f3\u30fb\u30b7\u30d9\u30e9\u3001\u30c0\u30cb\u30a8\u30eb\u30fb\u30d5\u30a2\u30f3\u30fb\u30d5\u30a7\u30ec\u30fc\u30ed\u3001\u30db\u30bb\u30fb\u30d3\u30bb\u30f3\u30c8\u30fb\u30a2\u30bb\u30f3\u30b7\u306b\u5e2b\u4e8b\u3002\u6559\u80b2\u5b66\u306e\u5206\u91ce\u3067\u306f\u3001\u30ab\u30eb\u30e1\u30f3\u30fb\u30b5\u30f3\u30b5\u30ed\u30fc\u30cb\u6c0f\u3068\u30ab\u30eb\u30e1\u30f3\u30fb\u30a2\u30b0\u30fc\u30ed\u6c0f\u306b\u5e2b\u4e8b\u3057\u3001\u30de\u30e9\u30f4\u30a3\u30e9\u30b9\u30fb\u30c7\u30a3\u30a2\u30b9\u6c0f\u3068\u30a2\u30ca\u30fb\u30eb\u30b7\u30a2\u30fb\u30d5\u30ec\u30ac\u6c0f\u306b\u3088\u308b\uff12\u56de\u306e\u518d\u4fee\u7fd2\u30b3\u30fc\u30b9\u3092\u53d7\u8b1b\u3057\u307e\u3057\u305f\u3002\u5f7c\u306f\u307e\u305f\u3001\u30b7\u30eb\u30f4\u30a3\u30a2\u30fb\u30b7\u30e5\u30ef\u30eb\u30c4\u30a7\u30f3\u30d0\u30c3\u30cf\u304b\u3089\u7ba1\u697d\u5668\u306e\u6559\u8a13\u3092\u5b66\u3073\u307e\u3057\u305f\u3002<\/p>","protected":false},"featured_media":2722,"comment_status":"open","ping_status":"closed","template":"","meta":{"_acf_changed":false,"_uag_custom_page_level_css":"","site-sidebar-layout":"default","site-content-layout":"default","ast-site-content-layout":"default","site-content-style":"default","site-sidebar-style":"default","ast-global-header-display":"","ast-banner-title-visibility":"","ast-main-header-display":"","ast-hfb-above-header-display":"","ast-hfb-below-header-display":"","ast-hfb-mobile-header-display":"","site-post-title":"","ast-breadcrumbs-content":"","ast-featured-img":"","footer-sml-layout":"","ast-disable-related-posts":"","theme-transparent-header-meta":"default","adv-header-id-meta":"","stick-header-meta":"default","header-above-stick-meta":"","header-main-stick-meta":"","header-below-stick-meta":"","astra-migrate-meta-layouts":"set","ast-page-background-enabled":"default","ast-page-background-meta":{"desktop":{"background-color":"","background-image":"","background-repeat":"repeat","background-position":"center center","background-size":"auto","background-attachment":"scroll","background-type":"","background-media":"","overlay-type":"","overlay-color":"","overlay-opacity":"","overlay-gradient":""},"tablet":{"background-color":"","background-image":"","background-repeat":"repeat","background-position":"center center","background-size":"auto","background-attachment":"scroll","background-type":"","background-media":"","overlay-type":"","overlay-color":"","overlay-opacity":"","overlay-gradient":""},"mobile":{"background-color":"","background-image":"","background-repeat":"repeat","background-position":"center center","background-size":"auto","background-attachment":"scroll","background-type":"","background-media":"","overlay-type":"","overlay-color":"","overlay-opacity":"","overlay-gradient":""}},"ast-content-background-meta":{"desktop":{"background-color":"var(--ast-global-color-5)","background-image":"","background-repeat":"repeat","background-position":"center center","background-size":"auto","background-attachment":"scroll","background-type":"","background-media":"","overlay-type":"","overlay-color":"","overlay-opacity":"","overlay-gradient":""},"tablet":{"background-color":"var(--ast-global-color-5)","background-image":"","background-repeat":"repeat","background-position":"center center","background-size":"auto","background-attachment":"scroll","background-type":"","background-media":"","overlay-type":"","overlay-color":"","overlay-opacity":"","overlay-gradient":""},"mobile":{"background-color":"var(--ast-global-color-5)","background-image":"","background-repeat":"repeat","background-position":"center center","background-size":"auto","background-attachment":"scroll","background-type":"","background-media":"","overlay-type":"","overlay-color":"","overlay-opacity":"","overlay-gradient":""}}},"product_brand":[],"product_cat":[28],"product_tag":[77],"class_list":{"0":"post-1192","1":"product","2":"type-product","3":"status-publish","4":"has-post-thumbnail","6":"product_cat-musica-de-calle","7":"product_tag-llorenc-belda-juan","8":"desktop-align-left","9":"tablet-align-left","10":"mobile-align-left","11":"ast-product-gallery-layout-horizontal-slider","13":"first","14":"instock","15":"downloadable","16":"virtual","17":"taxable","18":"purchasable","19":"product-type-simple"},"acf":[],"yoast_head":"<!-- This site is optimized with the Yoast SEO Premium plugin v22.4 (Yoast SEO v27.4) - https:\/\/yoast.com\/product\/yoast-seo-premium-wordpress\/ -->\n<title>Fiore -<\/title>\n<meta name=\"description\" content=\"Partituras de m\u00fasica de calle para Orquestas y bandas. M\u00fasica escrita\" \/>\n<meta name=\"robots\" content=\"index, follow, max-snippet:-1, max-image-preview:large, max-video-preview:-1\" \/>\n<link rel=\"canonical\" href=\"https:\/\/www.omnesbands.international\/ja\/product\/fiore\/\" \/>\n<meta property=\"og:locale\" content=\"ja_JP\" \/>\n<meta property=\"og:type\" content=\"article\" \/>\n<meta property=\"og:title\" content=\"Fiore\" \/>\n<meta property=\"og:description\" content=\"Partituras de m\u00fasica de calle para Orquestas y bandas. M\u00fasica escrita\" \/>\n<meta property=\"og:url\" content=\"https:\/\/www.omnesbands.international\/ja\/product\/fiore\/\" \/>\n<meta property=\"article:modified_time\" content=\"2023-11-13T23:56:19+00:00\" \/>\n<meta property=\"og:image\" content=\"https:\/\/www.omnesbands.international\/wp-content\/uploads\/2023\/01\/Fiore-1.jpg\" \/>\n\t<meta property=\"og:image:width\" content=\"696\" \/>\n\t<meta property=\"og:image:height\" content=\"809\" \/>\n\t<meta property=\"og:image:type\" content=\"image\/jpeg\" \/>\n<meta name=\"twitter:card\" content=\"summary_large_image\" \/>\n<meta name=\"twitter:label1\" content=\"\u4fa1\u683c\" \/>\n\t<meta name=\"twitter:data1\" content=\"&#036;25.00\" \/>\n\t<meta name=\"twitter:label2\" content=\"\u5728\u5eab\" \/>\n\t<meta name=\"twitter:data2\" content=\"\u5728\u5eab\u3042\u308a\" \/>\n<script type=\"application\/ld+json\" class=\"yoast-schema-graph\">{\"@context\":\"https:\\\/\\\/schema.org\",\"@graph\":[{\"@type\":\"WebPage\",\"@id\":\"https:\\\/\\\/www.omnesbands.international\\\/ja\\\/product\\\/fiore\\\/\",\"url\":\"https:\\\/\\\/www.omnesbands.international\\\/ja\\\/product\\\/fiore\\\/\",\"name\":\"Fiore -\",\"isPartOf\":{\"@id\":\"https:\\\/\\\/www.omnesbands.international\\\/#website\"},\"primaryImageOfPage\":{\"@id\":\"https:\\\/\\\/www.omnesbands.international\\\/ja\\\/product\\\/fiore\\\/#primaryimage\"},\"image\":{\"@id\":\"https:\\\/\\\/www.omnesbands.international\\\/ja\\\/product\\\/fiore\\\/#primaryimage\"},\"thumbnailUrl\":\"https:\\\/\\\/www.omnesbands.international\\\/wp-content\\\/uploads\\\/2023\\\/01\\\/Fiore-1.jpg\",\"datePublished\":\"2023-01-25T05:44:51+00:00\",\"dateModified\":\"2023-11-13T23:56:19+00:00\",\"description\":\"Partituras de m\u00fasica de calle para Orquestas y bandas. M\u00fasica escrita\",\"breadcrumb\":{\"@id\":\"https:\\\/\\\/www.omnesbands.international\\\/ja\\\/product\\\/fiore\\\/#breadcrumb\"},\"inLanguage\":\"ja\",\"potentialAction\":[{\"@type\":\"ReadAction\",\"target\":[\"https:\\\/\\\/www.omnesbands.international\\\/ja\\\/product\\\/fiore\\\/\"]}]},{\"@type\":\"ImageObject\",\"inLanguage\":\"ja\",\"@id\":\"https:\\\/\\\/www.omnesbands.international\\\/ja\\\/product\\\/fiore\\\/#primaryimage\",\"url\":\"https:\\\/\\\/www.omnesbands.international\\\/wp-content\\\/uploads\\\/2023\\\/01\\\/Fiore-1.jpg\",\"contentUrl\":\"https:\\\/\\\/www.omnesbands.international\\\/wp-content\\\/uploads\\\/2023\\\/01\\\/Fiore-1.jpg\",\"width\":696,\"height\":809,\"caption\":\"Fiore\"},{\"@type\":\"BreadcrumbList\",\"@id\":\"https:\\\/\\\/www.omnesbands.international\\\/ja\\\/product\\\/fiore\\\/#breadcrumb\",\"itemListElement\":[{\"@type\":\"ListItem\",\"position\":1,\"name\":\"Portada\",\"item\":\"https:\\\/\\\/www.omnesbands.international\\\/\"},{\"@type\":\"ListItem\",\"position\":2,\"name\":\"Tienda\",\"item\":\"https:\\\/\\\/www.omnesbands.international\\\/en\\\/shop\\\/\"},{\"@type\":\"ListItem\",\"position\":3,\"name\":\"Fiore\"}]},{\"@type\":\"WebSite\",\"@id\":\"https:\\\/\\\/www.omnesbands.international\\\/#website\",\"url\":\"https:\\\/\\\/www.omnesbands.international\\\/\",\"name\":\"OMNESBANDS International\",\"description\":\"Partituras Originales de autores y compositores independientes\",\"publisher\":{\"@id\":\"https:\\\/\\\/www.omnesbands.international\\\/#organization\"},\"potentialAction\":[{\"@type\":\"SearchAction\",\"target\":{\"@type\":\"EntryPoint\",\"urlTemplate\":\"https:\\\/\\\/www.omnesbands.international\\\/?s={search_term_string}\"},\"query-input\":{\"@type\":\"PropertyValueSpecification\",\"valueRequired\":true,\"valueName\":\"search_term_string\"}}],\"inLanguage\":\"ja\"},{\"@type\":\"Organization\",\"@id\":\"https:\\\/\\\/www.omnesbands.international\\\/#organization\",\"name\":\"Indra Consultores Internacionales\",\"alternateName\":\"Omnesbands\",\"url\":\"https:\\\/\\\/www.omnesbands.international\\\/\",\"logo\":{\"@type\":\"ImageObject\",\"inLanguage\":\"ja\",\"@id\":\"https:\\\/\\\/www.omnesbands.international\\\/#\\\/schema\\\/logo\\\/image\\\/\",\"url\":\"https:\\\/\\\/omnesbands.international\\\/wp-content\\\/uploads\\\/2023\\\/06\\\/Logo-Nuevo-.png\",\"contentUrl\":\"https:\\\/\\\/omnesbands.international\\\/wp-content\\\/uploads\\\/2023\\\/06\\\/Logo-Nuevo-.png\",\"width\":394,\"height\":212,\"caption\":\"Indra Consultores Internacionales\"},\"image\":{\"@id\":\"https:\\\/\\\/www.omnesbands.international\\\/#\\\/schema\\\/logo\\\/image\\\/\"}}]}<\/script>\n<meta property=\"product:price:amount\" content=\"25.00\" \/>\n<meta property=\"product:price:currency\" content=\"USD\" \/>\n<meta property=\"og:availability\" content=\"instock\" \/>\n<meta property=\"product:availability\" content=\"instock\" \/>\n<meta property=\"product:retailer_item_id\" content=\"FIO-CAL-ESP-22\" \/>\n<meta property=\"product:condition\" content=\"new\" \/>\n<!-- \/ Yoast SEO Premium plugin. -->","yoast_head_json":{"title":"Fiore -","description":"Partituras de m\u00fasica de calle para Orquestas y bandas. M\u00fasica escrita","robots":{"index":"index","follow":"follow","max-snippet":"max-snippet:-1","max-image-preview":"max-image-preview:large","max-video-preview":"max-video-preview:-1"},"canonical":"https:\/\/www.omnesbands.international\/ja\/product\/fiore\/","og_locale":"ja_JP","og_type":"article","og_title":"Fiore","og_description":"Partituras de m\u00fasica de calle para Orquestas y bandas. M\u00fasica escrita","og_url":"https:\/\/www.omnesbands.international\/ja\/product\/fiore\/","article_modified_time":"2023-11-13T23:56:19+00:00","og_image":[{"width":696,"height":809,"url":"https:\/\/www.omnesbands.international\/wp-content\/uploads\/2023\/01\/Fiore-1.jpg","type":"image\/jpeg"}],"twitter_card":"summary_large_image","twitter_misc":{"\u4fa1\u683c":"&#36;25.00","\u5728\u5eab":"\u5728\u5eab\u3042\u308a"},"schema":{"@context":"https:\/\/schema.org","@graph":[{"@type":"WebPage","@id":"https:\/\/www.omnesbands.international\/ja\/product\/fiore\/","url":"https:\/\/www.omnesbands.international\/ja\/product\/fiore\/","name":"Fiore -","isPartOf":{"@id":"https:\/\/www.omnesbands.international\/#website"},"primaryImageOfPage":{"@id":"https:\/\/www.omnesbands.international\/ja\/product\/fiore\/#primaryimage"},"image":{"@id":"https:\/\/www.omnesbands.international\/ja\/product\/fiore\/#primaryimage"},"thumbnailUrl":"https:\/\/www.omnesbands.international\/wp-content\/uploads\/2023\/01\/Fiore-1.jpg","datePublished":"2023-01-25T05:44:51+00:00","dateModified":"2023-11-13T23:56:19+00:00","description":"Partituras de m\u00fasica de calle para Orquestas y bandas. M\u00fasica escrita","breadcrumb":{"@id":"https:\/\/www.omnesbands.international\/ja\/product\/fiore\/#breadcrumb"},"inLanguage":"ja","potentialAction":[{"@type":"ReadAction","target":["https:\/\/www.omnesbands.international\/ja\/product\/fiore\/"]}]},{"@type":"ImageObject","inLanguage":"ja","@id":"https:\/\/www.omnesbands.international\/ja\/product\/fiore\/#primaryimage","url":"https:\/\/www.omnesbands.international\/wp-content\/uploads\/2023\/01\/Fiore-1.jpg","contentUrl":"https:\/\/www.omnesbands.international\/wp-content\/uploads\/2023\/01\/Fiore-1.jpg","width":696,"height":809,"caption":"Fiore"},{"@type":"BreadcrumbList","@id":"https:\/\/www.omnesbands.international\/ja\/product\/fiore\/#breadcrumb","itemListElement":[{"@type":"ListItem","position":1,"name":"Portada","item":"https:\/\/www.omnesbands.international\/"},{"@type":"ListItem","position":2,"name":"Tienda","item":"https:\/\/www.omnesbands.international\/en\/shop\/"},{"@type":"ListItem","position":3,"name":"Fiore"}]},{"@type":"WebSite","@id":"https:\/\/www.omnesbands.international\/#website","url":"https:\/\/www.omnesbands.international\/","name":"OMNESBANDS International","description":"\u72ec\u7acb\u3057\u305f\u4f5c\u5bb6\u3084\u4f5c\u66f2\u5bb6\u306b\u3088\u308b\u30aa\u30ea\u30b8\u30ca\u30eb\u306e\u697d\u8b5c","publisher":{"@id":"https:\/\/www.omnesbands.international\/#organization"},"potentialAction":[{"@type":"SearchAction","target":{"@type":"EntryPoint","urlTemplate":"https:\/\/www.omnesbands.international\/?s={search_term_string}"},"query-input":{"@type":"PropertyValueSpecification","valueRequired":true,"valueName":"search_term_string"}}],"inLanguage":"ja"},{"@type":"Organization","@id":"https:\/\/www.omnesbands.international\/#organization","name":"\u30a4\u30f3\u30c9\u30e9\u56fd\u969b\u30b3\u30f3\u30b5\u30eb\u30bf\u30f3\u30c8","alternateName":"Omnesbands","url":"https:\/\/www.omnesbands.international\/","logo":{"@type":"ImageObject","inLanguage":"ja","@id":"https:\/\/www.omnesbands.international\/#\/schema\/logo\/image\/","url":"https:\/\/omnesbands.international\/wp-content\/uploads\/2023\/06\/Logo-Nuevo-.png","contentUrl":"https:\/\/omnesbands.international\/wp-content\/uploads\/2023\/06\/Logo-Nuevo-.png","width":394,"height":212,"caption":"Indra Consultores Internacionales"},"image":{"@id":"https:\/\/www.omnesbands.international\/#\/schema\/logo\/image\/"}}]},"product_price_amount":"25.00","product_price_currency":"USD","og_availability":"instock","product_availability":"instock","product_retailer_item_id":"FIO-CAL-ESP-22","product_condition":"new"},"uagb_featured_image_src":{"full":["https:\/\/www.omnesbands.international\/wp-content\/uploads\/2023\/01\/Fiore-1.jpg",696,809,false],"thumbnail":["https:\/\/www.omnesbands.international\/wp-content\/uploads\/2023\/01\/Fiore-1-150x150.jpg",150,150,true],"medium":["https:\/\/www.omnesbands.international\/wp-content\/uploads\/2023\/01\/Fiore-1-258x300.jpg",258,300,true],"medium_large":["https:\/\/www.omnesbands.international\/wp-content\/uploads\/2023\/01\/Fiore-1.jpg",696,809,false],"large":["https:\/\/www.omnesbands.international\/wp-content\/uploads\/2023\/01\/Fiore-1.jpg",696,809,false],"1536x1536":["https:\/\/www.omnesbands.international\/wp-content\/uploads\/2023\/01\/Fiore-1.jpg",696,809,false],"2048x2048":["https:\/\/www.omnesbands.international\/wp-content\/uploads\/2023\/01\/Fiore-1.jpg",696,809,false],"trp-custom-language-flag":["https:\/\/www.omnesbands.international\/wp-content\/uploads\/2023\/01\/Fiore-1-10x12.jpg",10,12,true],"gg_gallery_thumbnail":["https:\/\/www.omnesbands.international\/wp-content\/uploads\/2023\/01\/Fiore-1-450x250.jpg",450,250,true],"woocommerce_thumbnail":["https:\/\/www.omnesbands.international\/wp-content\/uploads\/2023\/01\/Fiore-1-300x300.jpg",300,300,true],"woocommerce_single":["https:\/\/www.omnesbands.international\/wp-content\/uploads\/2023\/01\/Fiore-1-600x697.jpg",600,697,true],"woocommerce_gallery_thumbnail":["https:\/\/www.omnesbands.international\/wp-content\/uploads\/2023\/01\/Fiore-1-100x100.jpg",100,100,true]},"uagb_author_info":{"display_name":"Melvin R. Portillo A:","author_link":"https:\/\/www.omnesbands.international\/ja\/author\/"},"uagb_comment_info":0,"uagb_excerpt":"Marcha Mora del autor JUAN LLOREN\u00c7 BELDA. A lo largo de su carrera ha estudiado clarinete con Jos\u00e9 Barber\u00e1, Rogelio Blasco, Juanjo Borras, Salvador Navarro, Antoni Ribera y Francisco Florido. Y ha realizado cursillos de perfeccionamiento de clarinete con Juanjo Borr\u00e0s, Miguel \u00c1ngel Tamarit, Francisco Florido, Enrique P\u00e9rez, y Miguel Espejo. En el campo de&hellip;","_links":{"self":[{"href":"https:\/\/www.omnesbands.international\/ja\/wp-json\/wp\/v2\/product\/1192","targetHints":{"allow":["GET"]}}],"collection":[{"href":"https:\/\/www.omnesbands.international\/ja\/wp-json\/wp\/v2\/product"}],"about":[{"href":"https:\/\/www.omnesbands.international\/ja\/wp-json\/wp\/v2\/types\/product"}],"replies":[{"embeddable":true,"href":"https:\/\/www.omnesbands.international\/ja\/wp-json\/wp\/v2\/comments?post=1192"}],"wp:featuredmedia":[{"embeddable":true,"href":"https:\/\/www.omnesbands.international\/ja\/wp-json\/wp\/v2\/media\/2722"}],"wp:attachment":[{"href":"https:\/\/www.omnesbands.international\/ja\/wp-json\/wp\/v2\/media?parent=1192"}],"wp:term":[{"taxonomy":"product_brand","embeddable":true,"href":"https:\/\/www.omnesbands.international\/ja\/wp-json\/wp\/v2\/product_brand?post=1192"},{"taxonomy":"product_cat","embeddable":true,"href":"https:\/\/www.omnesbands.international\/ja\/wp-json\/wp\/v2\/product_cat?post=1192"},{"taxonomy":"product_tag","embeddable":true,"href":"https:\/\/www.omnesbands.international\/ja\/wp-json\/wp\/v2\/product_tag?post=1192"}],"curies":[{"name":"wp","href":"https:\/\/api.w.org\/{rel}","templated":true}]}}