{"id":1196,"date":"2023-01-24T23:50:36","date_gmt":"2023-01-25T05:50:36","guid":{"rendered":"https:\/\/omnesbands.international\/?post_type=product&#038;p=1196"},"modified":"2023-11-13T16:16:17","modified_gmt":"2023-11-13T22:16:17","slug":"iram-asor","status":"publish","type":"product","link":"https:\/\/www.omnesbands.international\/ja\/product\/iram-asor\/","title":{"rendered":"\u30a4\u30e9\u30e0\u30fb\u30a2\u30bd\u30fc\u30eb"},"content":{"rendered":"<p>\u30e2\u30fc\u30e9\u884c\u9032\u66f2 \u00d2scar V. Vidal i Belda \u4f5c\u66f2\u3002\u30a2\u30a4\u30a8\u30ed\u30fb\u30c7\u30fb\u30de\u30eb\u30d5\u30a7\u30ea\u30c3\u30c8\uff08\u30d0\u30ec\u30f3\u30b7\u30a2\uff09\u751f\u307e\u308c\u306e\u97f3\u697d\u5bb6\u3067\u3001\u30a2\u30f3\u30c8\u30cb\u30aa\u30fb\u30ac\u30eb\u30b7\u30a2\u30fb\u30a2\u30eb\u30d0\u30fc\u30c8\u6c0f\u306e\u6307\u5c0e\u306e\u3082\u3068\u300c\u30e6\u30cb\u30aa\u30f3\u30fb\u30df\u30e5\u30fc\u30b8\u30ab\u30eb\u30fb\u30a2\u30a4\u30a8\u30ec\u30f3\u30bb\u300d\u3067\u97f3\u697d\u306e\u52c9\u5f37\u3092\u59cb\u3081\u3001\u30d0\u30ec\u30f3\u30b7\u30a2\u306e\u300c\u30db\u30a2\u30ad\u30f3\u30fb\u30ed\u30c9\u30ea\u30b4\u300d\u9ad8\u7b49\u97f3\u697d\u9662\u3067\u5b66\u4f4d\u3092\u53d6\u5f97\u3057\u307e\u3057\u305f\u3002\u30d3\u30bb\u30f3\u30c6\u30fb\u30ab\u30f3\u30dd\u30b9\u6559\u6388\u3068\u30ec\u30aa\u30dd\u30eb\u30c9\u30fb\u30d3\u30c0\u30eb\u6559\u6388\u3068\u3068\u3082\u306b\u3001\u30c8\u30e9\u30f3\u30da\u30c3\u30c8\u5c02\u9580\u5206\u91ce\u30671996\u5e74\u306e\u6700\u7d42\u5e74\u5ea6\u8cde\u306e\u4f73\u4f5c\u3092\u6e80\u5834\u4e00\u81f4\u3067\u53d7\u8cde\u3057\u305f\u3002\u5f7c\u306f\u30a2\u30f3\u30bd\u30cb\u30fc\u30fb\u30d7\u30ed\u30c3\u30b0\u3001\u30e2\u30fc\u30ea\u30b9\u30fb\u30d9\u30f3\u30c6\u30eb\u30d5\u30a1\u3001\u30d4\u30a8\u30fc\u30eb\u30fb\u30c6\u30a3\u30dc\u30fc\u3001\u30a2\u30ec\u30f3\u30fb\u30f4\u30a3\u30ba\u30c3\u30c6\u30a3\u3001\u30cf\u30ab\u30f3\u30fb\u30cf\u30f3\u30c7\u30f3\u30d0\u30fc\u30ac\u30fc\u306b\u3088\u308b\u697d\u5668\u306e\u4e0a\u9054\u30b3\u30fc\u30b9\u3092\u53d7\u8b1b\u3057\u307e\u3057\u305f\u3002<br \/>\n\u307e\u305f\u3001\u30d4\u30a2\u30ce\u3001\u30cf\u30fc\u30e2\u30cb\u30fc\u3001\u30aa\u30fc\u30b1\u30b9\u30c8\u30e9\u6307\u63ee\u3092\u30de\u30cc\u30a8\u30eb\u30fb\u30ac\u30eb\u30c9\u30a5\u30d5\u3068\u30ed\u30d9\u30eb\u30c8\u30fb\u30d5\u30a9\u30ec\u30b9\u304b\u3089\u5b66\u3073\u307e\u3057\u305f\u3002\u30e4\u30f3\u30fb\u30b3\u30fc\u30d0\u30fc\u3001\u30db\u30bb\u30fb\u30e9\u30d5\u30a1\u30a8\u30eb\u30fb\u30d1\u30b9\u30af\u30a2\u30eb\u3001\u30d5\u30e9\u30f3\u30b3\u30fb\u30bb\u30b6\u30ea\u30fc\u30cb\u3001\u30d5\u30a7\u30ec\u30fc\u30eb\u30fb\u30d5\u30a7\u30e9\u30f3\u306b\u3088\u308b\u30d0\u30f3\u30c9\u6307\u63ee\u30b3\u30fc\u30b9\u3001\u304a\u3088\u3073\u30c7\u30cb\u30b9\u30fb\u30cf\u30e0\uff08\u738b\u7acb\u97f3\u697d\u9662\uff09\u306b\u3088\u308b\u30aa\u30fc\u30b1\u30b9\u30c8\u30e9\u6307\u63ee\u30b3\u30fc\u30b9\u3002\u5f7c\u306f\u30c6\u30aa\u30fb\u30a2\u30d1\u30ea\u30b7\u30aa\u3068\u30a2\u30eb\u30ca\u30a6\u30fb\u30d0\u30bf\u30e9\u30fc\u304b\u3089\u4f5c\u66f2\u306e\u30af\u30e9\u30b9\u3092\u53d7\u3051\u3066\u3044\u307e\u3059\u3002<\/p>","protected":false},"excerpt":{"rendered":"<p>\u30e2\u30fc\u30e9\u884c\u9032\u66f2 \u00d2scar V. Vidal i Belda \u4f5c\u66f2\u3002\u30a2\u30a4\u30a8\u30ed\u30fb\u30c7\u30fb\u30de\u30eb\u30d5\u30a7\u30ea\u30c3\u30c8\uff08\u30d0\u30ec\u30f3\u30b7\u30a2\uff09\u751f\u307e\u308c\u306e\u97f3\u697d\u5bb6\u3067\u3001\u30a2\u30f3\u30c8\u30cb\u30aa\u30fb\u30ac\u30eb\u30b7\u30a2\u30fb\u30a2\u30eb\u30d0\u30fc\u30c8\u6c0f\u306e\u6307\u5c0e\u306e\u3082\u3068\u300c\u30e6\u30cb\u30aa\u30f3\u30fb\u30df\u30e5\u30fc\u30b8\u30ab\u30eb\u30fb\u30a2\u30a4\u30a8\u30ec\u30f3\u30bb\u300d\u3067\u97f3\u697d\u306e\u52c9\u5f37\u3092\u59cb\u3081\u3001\u30d0\u30ec\u30f3\u30b7\u30a2\u306e\u300c\u30db\u30a2\u30ad\u30f3\u30fb\u30ed\u30c9\u30ea\u30b4\u300d\u9ad8\u7b49\u97f3\u697d\u9662\u3067\u5b66\u4f4d\u3092\u53d6\u5f97\u3057\u307e\u3057\u305f\u3002\u30d3\u30bb\u30f3\u30c6\u30fb\u30ab\u30f3\u30dd\u30b9\u6559\u6388\u3068\u30ec\u30aa\u30dd\u30eb\u30c9\u30fb\u30d3\u30c0\u30eb\u6559\u6388\u3068\u3068\u3082\u306b\u3001\u30c8\u30e9\u30f3\u30da\u30c3\u30c8\u5c02\u9580\u5206\u91ce\u30671996\u5e74\u306e\u6700\u7d42\u5e74\u5ea6\u8cde\u306e\u4f73\u4f5c\u3092\u6e80\u5834\u4e00\u81f4\u3067\u53d7\u8cde\u3057\u305f\u3002\u5f7c\u306f\u30a2\u30f3\u30bd\u30cb\u30fc\u30fb\u30d7\u30ed\u30c3\u30b0\u3001\u30e2\u30fc\u30ea\u30b9\u30fb\u30d9\u30f3\u30c6\u30eb\u30d5\u30a1\u3001\u30d4\u30a8\u30fc\u30eb\u30fb\u30c6\u30a3\u30dc\u30fc\u3001\u30a2\u30ec\u30f3\u30fb\u30f4\u30a3\u30ba\u30c3\u30c6\u30a3\u3001\u30cf\u30ab\u30f3\u30fb\u30cf\u30f3\u30c7\u30f3\u30d0\u30fc\u30ac\u30fc\u306b\u3088\u308b\u697d\u5668\u306e\u4e0a\u9054\u30b3\u30fc\u30b9\u3092\u53d7\u8b1b\u3057\u307e\u3057\u305f\u3002<br \/>\n\u307e\u305f\u3001\u30d4\u30a2\u30ce\u3001\u30cf\u30fc\u30e2\u30cb\u30fc\u3001\u30aa\u30fc\u30b1\u30b9\u30c8\u30e9\u6307\u63ee\u3092\u30de\u30cc\u30a8\u30eb\u30fb\u30ac\u30eb\u30c9\u30a5\u30d5\u3068\u30ed\u30d9\u30eb\u30c8\u30fb\u30d5\u30a9\u30ec\u30b9\u304b\u3089\u5b66\u3073\u307e\u3057\u305f\u3002\u30e4\u30f3\u30fb\u30b3\u30fc\u30d0\u30fc\u3001\u30db\u30bb\u30fb\u30e9\u30d5\u30a1\u30a8\u30eb\u30fb\u30d1\u30b9\u30af\u30a2\u30eb\u3001\u30d5\u30e9\u30f3\u30b3\u30fb\u30bb\u30b6\u30ea\u30fc\u30cb\u3001\u30d5\u30a7\u30ec\u30fc\u30eb\u30fb\u30d5\u30a7\u30e9\u30f3\u306b\u3088\u308b\u30d0\u30f3\u30c9\u6307\u63ee\u30b3\u30fc\u30b9\u3001\u304a\u3088\u3073\u30c7\u30cb\u30b9\u30fb\u30cf\u30e0\uff08\u738b\u7acb\u97f3\u697d\u9662\uff09\u306b\u3088\u308b\u30aa\u30fc\u30b1\u30b9\u30c8\u30e9\u6307\u63ee\u30b3\u30fc\u30b9\u3002\u5f7c\u306f\u30c6\u30aa\u30fb\u30a2\u30d1\u30ea\u30b7\u30aa\u3068\u30a2\u30eb\u30ca\u30a6\u30fb\u30d0\u30bf\u30e9\u30fc\u304b\u3089\u4f5c\u66f2\u306e\u30af\u30e9\u30b9\u3092\u53d7\u3051\u3066\u3044\u307e\u3059\u3002<\/p>","protected":false},"featured_media":2715,"comment_status":"open","ping_status":"closed","template":"","meta":{"_acf_changed":false,"_uag_custom_page_level_css":"","site-sidebar-layout":"default","site-content-layout":"default","ast-site-content-layout":"default","site-content-style":"default","site-sidebar-style":"default","ast-global-header-display":"","ast-banner-title-visibility":"","ast-main-header-display":"","ast-hfb-above-header-display":"","ast-hfb-below-header-display":"","ast-hfb-mobile-header-display":"","site-post-title":"","ast-breadcrumbs-content":"","ast-featured-img":"","footer-sml-layout":"","ast-disable-related-posts":"","theme-transparent-header-meta":"default","adv-header-id-meta":"","stick-header-meta":"default","header-above-stick-meta":"","header-main-stick-meta":"","header-below-stick-meta":"","astra-migrate-meta-layouts":"set","ast-page-background-enabled":"default","ast-page-background-meta":{"desktop":{"background-color":"","background-image":"","background-repeat":"repeat","background-position":"center center","background-size":"auto","background-attachment":"scroll","background-type":"","background-media":"","overlay-type":"","overlay-color":"","overlay-opacity":"","overlay-gradient":""},"tablet":{"background-color":"","background-image":"","background-repeat":"repeat","background-position":"center center","background-size":"auto","background-attachment":"scroll","background-type":"","background-media":"","overlay-type":"","overlay-color":"","overlay-opacity":"","overlay-gradient":""},"mobile":{"background-color":"","background-image":"","background-repeat":"repeat","background-position":"center center","background-size":"auto","background-attachment":"scroll","background-type":"","background-media":"","overlay-type":"","overlay-color":"","overlay-opacity":"","overlay-gradient":""}},"ast-content-background-meta":{"desktop":{"background-color":"var(--ast-global-color-5)","background-image":"","background-repeat":"repeat","background-position":"center center","background-size":"auto","background-attachment":"scroll","background-type":"","background-media":"","overlay-type":"","overlay-color":"","overlay-opacity":"","overlay-gradient":""},"tablet":{"background-color":"var(--ast-global-color-5)","background-image":"","background-repeat":"repeat","background-position":"center center","background-size":"auto","background-attachment":"scroll","background-type":"","background-media":"","overlay-type":"","overlay-color":"","overlay-opacity":"","overlay-gradient":""},"mobile":{"background-color":"var(--ast-global-color-5)","background-image":"","background-repeat":"repeat","background-position":"center center","background-size":"auto","background-attachment":"scroll","background-type":"","background-media":"","overlay-type":"","overlay-color":"","overlay-opacity":"","overlay-gradient":""}}},"product_brand":[],"product_cat":[28],"product_tag":[68],"class_list":{"0":"post-1196","1":"product","2":"type-product","3":"status-publish","4":"has-post-thumbnail","6":"product_cat-musica-de-calle","7":"product_tag-oscar-vidal-belda","8":"desktop-align-left","9":"tablet-align-left","10":"mobile-align-left","11":"ast-product-gallery-layout-horizontal-slider","13":"first","14":"instock","15":"downloadable","16":"virtual","17":"taxable","18":"purchasable","19":"product-type-simple"},"acf":[],"yoast_head":"<!-- This site is optimized with the Yoast SEO Premium plugin v22.4 (Yoast SEO v27.4) - https:\/\/yoast.com\/product\/yoast-seo-premium-wordpress\/ -->\n<title>Iram Asor -<\/title>\n<meta name=\"description\" content=\"Partituras de m\u00fasica de calle para Orquestas y bandas. M\u00fasica escrita\" \/>\n<meta name=\"robots\" content=\"index, follow, max-snippet:-1, max-image-preview:large, max-video-preview:-1\" \/>\n<link rel=\"canonical\" href=\"https:\/\/www.omnesbands.international\/ja\/product\/iram-asor\/\" \/>\n<meta property=\"og:locale\" content=\"ja_JP\" \/>\n<meta property=\"og:type\" content=\"article\" \/>\n<meta property=\"og:title\" content=\"Iram Asor\" \/>\n<meta property=\"og:description\" content=\"Partituras de m\u00fasica de calle para Orquestas y bandas. M\u00fasica escrita\" \/>\n<meta property=\"og:url\" content=\"https:\/\/www.omnesbands.international\/ja\/product\/iram-asor\/\" \/>\n<meta property=\"article:modified_time\" content=\"2023-11-13T22:16:17+00:00\" \/>\n<meta property=\"og:image\" content=\"https:\/\/www.omnesbands.international\/wp-content\/uploads\/2023\/01\/Fram-Asor.jpg\" \/>\n\t<meta property=\"og:image:width\" content=\"540\" \/>\n\t<meta property=\"og:image:height\" content=\"580\" \/>\n\t<meta property=\"og:image:type\" content=\"image\/jpeg\" \/>\n<meta name=\"twitter:card\" content=\"summary_large_image\" \/>\n<meta name=\"twitter:label1\" content=\"\u4fa1\u683c\" \/>\n\t<meta name=\"twitter:data1\" content=\"&#036;25.00\" \/>\n\t<meta name=\"twitter:label2\" content=\"\u5728\u5eab\" \/>\n\t<meta name=\"twitter:data2\" content=\"\u5728\u5eab\u3042\u308a\" \/>\n<script type=\"application\/ld+json\" class=\"yoast-schema-graph\">{\"@context\":\"https:\\\/\\\/schema.org\",\"@graph\":[{\"@type\":\"WebPage\",\"@id\":\"https:\\\/\\\/www.omnesbands.international\\\/ja\\\/product\\\/iram-asor\\\/\",\"url\":\"https:\\\/\\\/www.omnesbands.international\\\/ja\\\/product\\\/iram-asor\\\/\",\"name\":\"Iram Asor -\",\"isPartOf\":{\"@id\":\"https:\\\/\\\/www.omnesbands.international\\\/#website\"},\"primaryImageOfPage\":{\"@id\":\"https:\\\/\\\/www.omnesbands.international\\\/ja\\\/product\\\/iram-asor\\\/#primaryimage\"},\"image\":{\"@id\":\"https:\\\/\\\/www.omnesbands.international\\\/ja\\\/product\\\/iram-asor\\\/#primaryimage\"},\"thumbnailUrl\":\"https:\\\/\\\/www.omnesbands.international\\\/wp-content\\\/uploads\\\/2023\\\/01\\\/Fram-Asor.jpg\",\"datePublished\":\"2023-01-25T05:50:36+00:00\",\"dateModified\":\"2023-11-13T22:16:17+00:00\",\"description\":\"Partituras de m\u00fasica de calle para Orquestas y bandas. M\u00fasica escrita\",\"breadcrumb\":{\"@id\":\"https:\\\/\\\/www.omnesbands.international\\\/ja\\\/product\\\/iram-asor\\\/#breadcrumb\"},\"inLanguage\":\"ja\",\"potentialAction\":[{\"@type\":\"ReadAction\",\"target\":[\"https:\\\/\\\/www.omnesbands.international\\\/ja\\\/product\\\/iram-asor\\\/\"]}]},{\"@type\":\"ImageObject\",\"inLanguage\":\"ja\",\"@id\":\"https:\\\/\\\/www.omnesbands.international\\\/ja\\\/product\\\/iram-asor\\\/#primaryimage\",\"url\":\"https:\\\/\\\/www.omnesbands.international\\\/wp-content\\\/uploads\\\/2023\\\/01\\\/Fram-Asor.jpg\",\"contentUrl\":\"https:\\\/\\\/www.omnesbands.international\\\/wp-content\\\/uploads\\\/2023\\\/01\\\/Fram-Asor.jpg\",\"width\":540,\"height\":580,\"caption\":\"Fram Asor\"},{\"@type\":\"BreadcrumbList\",\"@id\":\"https:\\\/\\\/www.omnesbands.international\\\/ja\\\/product\\\/iram-asor\\\/#breadcrumb\",\"itemListElement\":[{\"@type\":\"ListItem\",\"position\":1,\"name\":\"Portada\",\"item\":\"https:\\\/\\\/www.omnesbands.international\\\/\"},{\"@type\":\"ListItem\",\"position\":2,\"name\":\"Tienda\",\"item\":\"https:\\\/\\\/www.omnesbands.international\\\/en\\\/shop\\\/\"},{\"@type\":\"ListItem\",\"position\":3,\"name\":\"Iram Asor\"}]},{\"@type\":\"WebSite\",\"@id\":\"https:\\\/\\\/www.omnesbands.international\\\/#website\",\"url\":\"https:\\\/\\\/www.omnesbands.international\\\/\",\"name\":\"OMNESBANDS International\",\"description\":\"Partituras Originales de autores y compositores independientes\",\"publisher\":{\"@id\":\"https:\\\/\\\/www.omnesbands.international\\\/#organization\"},\"potentialAction\":[{\"@type\":\"SearchAction\",\"target\":{\"@type\":\"EntryPoint\",\"urlTemplate\":\"https:\\\/\\\/www.omnesbands.international\\\/?s={search_term_string}\"},\"query-input\":{\"@type\":\"PropertyValueSpecification\",\"valueRequired\":true,\"valueName\":\"search_term_string\"}}],\"inLanguage\":\"ja\"},{\"@type\":\"Organization\",\"@id\":\"https:\\\/\\\/www.omnesbands.international\\\/#organization\",\"name\":\"Indra Consultores Internacionales\",\"alternateName\":\"Omnesbands\",\"url\":\"https:\\\/\\\/www.omnesbands.international\\\/\",\"logo\":{\"@type\":\"ImageObject\",\"inLanguage\":\"ja\",\"@id\":\"https:\\\/\\\/www.omnesbands.international\\\/#\\\/schema\\\/logo\\\/image\\\/\",\"url\":\"https:\\\/\\\/omnesbands.international\\\/wp-content\\\/uploads\\\/2023\\\/06\\\/Logo-Nuevo-.png\",\"contentUrl\":\"https:\\\/\\\/omnesbands.international\\\/wp-content\\\/uploads\\\/2023\\\/06\\\/Logo-Nuevo-.png\",\"width\":394,\"height\":212,\"caption\":\"Indra Consultores Internacionales\"},\"image\":{\"@id\":\"https:\\\/\\\/www.omnesbands.international\\\/#\\\/schema\\\/logo\\\/image\\\/\"}}]}<\/script>\n<meta property=\"product:price:amount\" content=\"25.00\" \/>\n<meta property=\"product:price:currency\" content=\"USD\" \/>\n<meta property=\"og:availability\" content=\"instock\" \/>\n<meta property=\"product:availability\" content=\"instock\" \/>\n<meta property=\"product:retailer_item_id\" content=\"IRA-CAL-ESP-22\" \/>\n<meta property=\"product:condition\" content=\"new\" \/>\n<!-- \/ Yoast SEO Premium plugin. -->","yoast_head_json":{"title":"Iram Asor -","description":"Partituras de m\u00fasica de calle para Orquestas y bandas. M\u00fasica escrita","robots":{"index":"index","follow":"follow","max-snippet":"max-snippet:-1","max-image-preview":"max-image-preview:large","max-video-preview":"max-video-preview:-1"},"canonical":"https:\/\/www.omnesbands.international\/ja\/product\/iram-asor\/","og_locale":"ja_JP","og_type":"article","og_title":"Iram Asor","og_description":"Partituras de m\u00fasica de calle para Orquestas y bandas. M\u00fasica escrita","og_url":"https:\/\/www.omnesbands.international\/ja\/product\/iram-asor\/","article_modified_time":"2023-11-13T22:16:17+00:00","og_image":[{"width":540,"height":580,"url":"https:\/\/www.omnesbands.international\/wp-content\/uploads\/2023\/01\/Fram-Asor.jpg","type":"image\/jpeg"}],"twitter_card":"summary_large_image","twitter_misc":{"\u4fa1\u683c":"&#36;25.00","\u5728\u5eab":"\u5728\u5eab\u3042\u308a"},"schema":{"@context":"https:\/\/schema.org","@graph":[{"@type":"WebPage","@id":"https:\/\/www.omnesbands.international\/ja\/product\/iram-asor\/","url":"https:\/\/www.omnesbands.international\/ja\/product\/iram-asor\/","name":"Iram Asor -","isPartOf":{"@id":"https:\/\/www.omnesbands.international\/#website"},"primaryImageOfPage":{"@id":"https:\/\/www.omnesbands.international\/ja\/product\/iram-asor\/#primaryimage"},"image":{"@id":"https:\/\/www.omnesbands.international\/ja\/product\/iram-asor\/#primaryimage"},"thumbnailUrl":"https:\/\/www.omnesbands.international\/wp-content\/uploads\/2023\/01\/Fram-Asor.jpg","datePublished":"2023-01-25T05:50:36+00:00","dateModified":"2023-11-13T22:16:17+00:00","description":"Partituras de m\u00fasica de calle para Orquestas y bandas. M\u00fasica escrita","breadcrumb":{"@id":"https:\/\/www.omnesbands.international\/ja\/product\/iram-asor\/#breadcrumb"},"inLanguage":"ja","potentialAction":[{"@type":"ReadAction","target":["https:\/\/www.omnesbands.international\/ja\/product\/iram-asor\/"]}]},{"@type":"ImageObject","inLanguage":"ja","@id":"https:\/\/www.omnesbands.international\/ja\/product\/iram-asor\/#primaryimage","url":"https:\/\/www.omnesbands.international\/wp-content\/uploads\/2023\/01\/Fram-Asor.jpg","contentUrl":"https:\/\/www.omnesbands.international\/wp-content\/uploads\/2023\/01\/Fram-Asor.jpg","width":540,"height":580,"caption":"Fram Asor"},{"@type":"BreadcrumbList","@id":"https:\/\/www.omnesbands.international\/ja\/product\/iram-asor\/#breadcrumb","itemListElement":[{"@type":"ListItem","position":1,"name":"Portada","item":"https:\/\/www.omnesbands.international\/"},{"@type":"ListItem","position":2,"name":"Tienda","item":"https:\/\/www.omnesbands.international\/en\/shop\/"},{"@type":"ListItem","position":3,"name":"Iram Asor"}]},{"@type":"WebSite","@id":"https:\/\/www.omnesbands.international\/#website","url":"https:\/\/www.omnesbands.international\/","name":"OMNESBANDS International","description":"\u72ec\u7acb\u3057\u305f\u4f5c\u5bb6\u3084\u4f5c\u66f2\u5bb6\u306b\u3088\u308b\u30aa\u30ea\u30b8\u30ca\u30eb\u306e\u697d\u8b5c","publisher":{"@id":"https:\/\/www.omnesbands.international\/#organization"},"potentialAction":[{"@type":"SearchAction","target":{"@type":"EntryPoint","urlTemplate":"https:\/\/www.omnesbands.international\/?s={search_term_string}"},"query-input":{"@type":"PropertyValueSpecification","valueRequired":true,"valueName":"search_term_string"}}],"inLanguage":"ja"},{"@type":"Organization","@id":"https:\/\/www.omnesbands.international\/#organization","name":"\u30a4\u30f3\u30c9\u30e9\u56fd\u969b\u30b3\u30f3\u30b5\u30eb\u30bf\u30f3\u30c8","alternateName":"Omnesbands","url":"https:\/\/www.omnesbands.international\/","logo":{"@type":"ImageObject","inLanguage":"ja","@id":"https:\/\/www.omnesbands.international\/#\/schema\/logo\/image\/","url":"https:\/\/omnesbands.international\/wp-content\/uploads\/2023\/06\/Logo-Nuevo-.png","contentUrl":"https:\/\/omnesbands.international\/wp-content\/uploads\/2023\/06\/Logo-Nuevo-.png","width":394,"height":212,"caption":"Indra Consultores Internacionales"},"image":{"@id":"https:\/\/www.omnesbands.international\/#\/schema\/logo\/image\/"}}]},"product_price_amount":"25.00","product_price_currency":"USD","og_availability":"instock","product_availability":"instock","product_retailer_item_id":"IRA-CAL-ESP-22","product_condition":"new"},"uagb_featured_image_src":{"full":["https:\/\/www.omnesbands.international\/wp-content\/uploads\/2023\/01\/Fram-Asor.jpg",540,580,false],"thumbnail":["https:\/\/www.omnesbands.international\/wp-content\/uploads\/2023\/01\/Fram-Asor-150x150.jpg",150,150,true],"medium":["https:\/\/www.omnesbands.international\/wp-content\/uploads\/2023\/01\/Fram-Asor-279x300.jpg",279,300,true],"medium_large":["https:\/\/www.omnesbands.international\/wp-content\/uploads\/2023\/01\/Fram-Asor.jpg",540,580,false],"large":["https:\/\/www.omnesbands.international\/wp-content\/uploads\/2023\/01\/Fram-Asor.jpg",540,580,false],"1536x1536":["https:\/\/www.omnesbands.international\/wp-content\/uploads\/2023\/01\/Fram-Asor.jpg",540,580,false],"2048x2048":["https:\/\/www.omnesbands.international\/wp-content\/uploads\/2023\/01\/Fram-Asor.jpg",540,580,false],"trp-custom-language-flag":["https:\/\/www.omnesbands.international\/wp-content\/uploads\/2023\/01\/Fram-Asor-11x12.jpg",11,12,true],"gg_gallery_thumbnail":["https:\/\/www.omnesbands.international\/wp-content\/uploads\/2023\/01\/Fram-Asor-450x250.jpg",450,250,true],"woocommerce_thumbnail":["https:\/\/www.omnesbands.international\/wp-content\/uploads\/2023\/01\/Fram-Asor-300x300.jpg",300,300,true],"woocommerce_single":["https:\/\/www.omnesbands.international\/wp-content\/uploads\/2023\/01\/Fram-Asor.jpg",540,580,false],"woocommerce_gallery_thumbnail":["https:\/\/www.omnesbands.international\/wp-content\/uploads\/2023\/01\/Fram-Asor-100x100.jpg",100,100,true]},"uagb_author_info":{"display_name":"Melvin R. Portillo A:","author_link":"https:\/\/www.omnesbands.international\/ja\/author\/"},"uagb_comment_info":0,"uagb_excerpt":"Marcha Mora compuesta por \u00d2scar V. Vidal i Belda. M\u00fasico nacido en Aielo de Malferit (Val\u00e8ncia) donde empez\u00f3 sus estudios musicales en el seno de la \u201cUni\u00f3n Musical Ayelense\u201d de la mano de D. Antonio Garcia Albert, finalizando la carrera en el Conservatorio Superior de M\u00fasica \u201cJoaqu\u00edn Rodrigo\u201d de Val\u00e8ncia, donde obtuvo por unanimidad la&hellip;","_links":{"self":[{"href":"https:\/\/www.omnesbands.international\/ja\/wp-json\/wp\/v2\/product\/1196","targetHints":{"allow":["GET"]}}],"collection":[{"href":"https:\/\/www.omnesbands.international\/ja\/wp-json\/wp\/v2\/product"}],"about":[{"href":"https:\/\/www.omnesbands.international\/ja\/wp-json\/wp\/v2\/types\/product"}],"replies":[{"embeddable":true,"href":"https:\/\/www.omnesbands.international\/ja\/wp-json\/wp\/v2\/comments?post=1196"}],"wp:featuredmedia":[{"embeddable":true,"href":"https:\/\/www.omnesbands.international\/ja\/wp-json\/wp\/v2\/media\/2715"}],"wp:attachment":[{"href":"https:\/\/www.omnesbands.international\/ja\/wp-json\/wp\/v2\/media?parent=1196"}],"wp:term":[{"taxonomy":"product_brand","embeddable":true,"href":"https:\/\/www.omnesbands.international\/ja\/wp-json\/wp\/v2\/product_brand?post=1196"},{"taxonomy":"product_cat","embeddable":true,"href":"https:\/\/www.omnesbands.international\/ja\/wp-json\/wp\/v2\/product_cat?post=1196"},{"taxonomy":"product_tag","embeddable":true,"href":"https:\/\/www.omnesbands.international\/ja\/wp-json\/wp\/v2\/product_tag?post=1196"}],"curies":[{"name":"wp","href":"https:\/\/api.w.org\/{rel}","templated":true}]}}