{"id":1219,"date":"2023-01-25T07:59:46","date_gmt":"2023-01-25T13:59:46","guid":{"rendered":"https:\/\/omnesbands.international\/?post_type=product&#038;p=1219"},"modified":"2023-11-12T18:25:33","modified_gmt":"2023-11-13T00:25:33","slug":"magentero-delx","status":"publish","type":"product","link":"https:\/\/www.omnesbands.international\/ja\/product\/magentero-delx\/","title":{"rendered":"\u30de\u30bc\u30f3\u30c6\u30ed\u30fb\u30c7\u30eb\u30af\u30b9"},"content":{"rendered":"<p>\u30a2\u30eb\u30b3\u30a4\u306e\u30d5\u30a3\u30e9\u30fb\u30de\u30bc\u30f3\u30bf\u3068\u30a8\u30eb\u30c1\u30a7\u306e\u30d5\u30a3\u30e9\u30fb\u30de\u30bc\u30f3\u30bf\u306e\u30e1\u30f3\u30d0\u30fc\u3001\u30db\u30bb\u30fb\u30de\u30eb\u30c6\u30a3\u30cd\u30b9\u30fb\u30d1\u30b9\u30c8\u30fc\u30eb\u306b\u6367\u3052\u3089\u308c\u3066\u3044\u307e\u3059\u3002\u8457\u8005\u306e\u30e9\u30d5\u30a1\u30a8\u30eb\u30fb\u30df\u30e5\u30e9\u30fc\u30fb\u30b0\u30e9\u30a6\u306f\u3001\u76e3\u7763\u3068\u3057\u3066\u30e6\u30cb\u30aa\u30fb\u30df\u30e5\u30fc\u30b8\u30ab\u30eb\u30fb\u30c7\u30fb\u30a2\u30eb\u30b3\u30a4\u3068\u306e\u30df\u30e5\u30fc\u30b8\u30c3\u30af\u30fb\u30d5\u30a7\u30b9\u30c6\u30e9\u306e\u30a2\u30eb\u30d0\u30e0\u30922\u679a\u9332\u97f3\u3057\u3066\u3044\u307e\u3059\u3002 Ja Baixen \u306e\u7b2c 7 \u5dfb\u3068\u7b2c 10 \u5dfb\u3002\u5f7c\u306e\u4f5c\u54c1\u306f\u3055\u307e\u3056\u307e\u306a\u30d0\u30f3\u30c9\u306e\u30b0\u30eb\u30fc\u30d7\u306b\u3088\u3063\u3066\u6570\u3048\u5207\u308c\u306a\u3044\u307b\u3069\u306e CD \u306b\u9332\u97f3\u3055\u308c\u3066\u3044\u307e\u3059\u3002 2003\u5e74\u3001\u5f7c\u306e\u53cb\u4eba\u3067\u3042\u308b\u30db\u30bb\u30fb\u30e9\u30d5\u30a1\u30a8\u30eb\u30fb\u30d1\u30b9\u30af\u30a2\u30eb\uff1d\u30f4\u30a3\u30e9\u30d7\u30e9\u30ca\u304c\u6307\u63ee\u3059\u308b\u5c02\u9580\u5bb6\u306e\u30b0\u30eb\u30fc\u30d7\u3067\u3042\u308b\u30f4\u30a7\u30f3\u30c4\u30fb\u30d5\u30a3\u30e9\u30e2\u30cb\u30a2\u30fb\u30aa\u30fc\u30b1\u30b9\u30c8\u30e9\u306e\u6307\u63ee\u306e\u3082\u3068\u3001\u5f7c\u3089\u306f\u5f7c\u306e\u4f5c\u54c1\u306e\u30e2\u30ce\u30b0\u30e9\u30d5\u3092CD\u3067\u51fa\u7248\u3057\u305f\u3002 2004\u5e74\u3001\u5f7c\u306e\u4f5c\u54c1\u300eAlcoi, Escata i Destral\u300f\u304c\u3001\u30d8\u30f3\u30ea\u30fc\u30fb\u30a2\u30c0\u30e0\u30b9\u76e3\u7763\u306e\u30d6\u30cb\u30e7\u30fc\u30eb\u82b8\u8853\u697d\u56e3\u304b\u3089\u51fa\u7248\u3055\u308c\u305f\u3002<\/p>","protected":false},"excerpt":{"rendered":"<p>\u30a2\u30eb\u30b3\u30a4\u306e\u30d5\u30a3\u30e9\u30fb\u30de\u30bc\u30f3\u30bf\u3068\u30a8\u30eb\u30c1\u30a7\u306e\u30d5\u30a3\u30e9\u30fb\u30de\u30bc\u30f3\u30bf\u306e\u30e1\u30f3\u30d0\u30fc\u3001\u30db\u30bb\u30fb\u30de\u30eb\u30c6\u30a3\u30cd\u30b9\u30fb\u30d1\u30b9\u30c8\u30fc\u30eb\u306b\u6367\u3052\u3089\u308c\u3066\u3044\u307e\u3059\u3002\u8457\u8005\u306e\u30e9\u30d5\u30a1\u30a8\u30eb\u30fb\u30df\u30e5\u30e9\u30fc\u30fb\u30b0\u30e9\u30a6\u306f\u3001\u76e3\u7763\u3068\u3057\u3066\u30e6\u30cb\u30aa\u30fb\u30df\u30e5\u30fc\u30b8\u30ab\u30eb\u30fb\u30c7\u30fb\u30a2\u30eb\u30b3\u30a4\u3068\u306e\u30df\u30e5\u30fc\u30b8\u30c3\u30af\u30fb\u30d5\u30a7\u30b9\u30c6\u30e9\u306e\u30a2\u30eb\u30d0\u30e0\u30922\u679a\u9332\u97f3\u3057\u3066\u3044\u307e\u3059\u3002 Ja Baixen \u306e\u7b2c 7 \u5dfb\u3068\u7b2c 10 \u5dfb\u3002\u5f7c\u306e\u4f5c\u54c1\u306f\u3055\u307e\u3056\u307e\u306a\u30d0\u30f3\u30c9\u306e\u30b0\u30eb\u30fc\u30d7\u306b\u3088\u3063\u3066\u6570\u3048\u5207\u308c\u306a\u3044\u307b\u3069\u306e CD \u306b\u9332\u97f3\u3055\u308c\u3066\u3044\u307e\u3059\u3002 2003\u5e74\u3001\u5f7c\u306e\u53cb\u4eba\u3067\u3042\u308b\u30db\u30bb\u30fb\u30e9\u30d5\u30a1\u30a8\u30eb\u30fb\u30d1\u30b9\u30af\u30a2\u30eb\uff1d\u30f4\u30a3\u30e9\u30d7\u30e9\u30ca\u304c\u6307\u63ee\u3059\u308b\u5c02\u9580\u5bb6\u306e\u30b0\u30eb\u30fc\u30d7\u3067\u3042\u308b\u30f4\u30a7\u30f3\u30c4\u30fb\u30d5\u30a3\u30e9\u30e2\u30cb\u30a2\u30fb\u30aa\u30fc\u30b1\u30b9\u30c8\u30e9\u306e\u6307\u63ee\u306e\u3082\u3068\u3001\u5f7c\u3089\u306f\u5f7c\u306e\u4f5c\u54c1\u306e\u30e2\u30ce\u30b0\u30e9\u30d5\u3092CD\u3067\u51fa\u7248\u3057\u305f\u3002 2004\u5e74\u3001\u5f7c\u306e\u4f5c\u54c1\u300eAlcoi, Escata i Destral\u300f\u304c\u3001\u30d8\u30f3\u30ea\u30fc\u30fb\u30a2\u30c0\u30e0\u30b9\u76e3\u7763\u306e\u30d6\u30cb\u30e7\u30fc\u30eb\u82b8\u8853\u697d\u56e3\u304b\u3089\u51fa\u7248\u3055\u308c\u305f\u3002<\/p>","protected":false},"featured_media":2679,"comment_status":"open","ping_status":"closed","template":"","meta":{"_acf_changed":false,"_uag_custom_page_level_css":"","site-sidebar-layout":"default","site-content-layout":"default","ast-site-content-layout":"default","site-content-style":"default","site-sidebar-style":"default","ast-global-header-display":"","ast-banner-title-visibility":"","ast-main-header-display":"","ast-hfb-above-header-display":"","ast-hfb-below-header-display":"","ast-hfb-mobile-header-display":"","site-post-title":"","ast-breadcrumbs-content":"","ast-featured-img":"","footer-sml-layout":"","ast-disable-related-posts":"","theme-transparent-header-meta":"default","adv-header-id-meta":"","stick-header-meta":"default","header-above-stick-meta":"","header-main-stick-meta":"","header-below-stick-meta":"","astra-migrate-meta-layouts":"set","ast-page-background-enabled":"default","ast-page-background-meta":{"desktop":{"background-color":"","background-image":"","background-repeat":"repeat","background-position":"center center","background-size":"auto","background-attachment":"scroll","background-type":"","background-media":"","overlay-type":"","overlay-color":"","overlay-opacity":"","overlay-gradient":""},"tablet":{"background-color":"","background-image":"","background-repeat":"repeat","background-position":"center center","background-size":"auto","background-attachment":"scroll","background-type":"","background-media":"","overlay-type":"","overlay-color":"","overlay-opacity":"","overlay-gradient":""},"mobile":{"background-color":"","background-image":"","background-repeat":"repeat","background-position":"center center","background-size":"auto","background-attachment":"scroll","background-type":"","background-media":"","overlay-type":"","overlay-color":"","overlay-opacity":"","overlay-gradient":""}},"ast-content-background-meta":{"desktop":{"background-color":"var(--ast-global-color-5)","background-image":"","background-repeat":"repeat","background-position":"center center","background-size":"auto","background-attachment":"scroll","background-type":"","background-media":"","overlay-type":"","overlay-color":"","overlay-opacity":"","overlay-gradient":""},"tablet":{"background-color":"var(--ast-global-color-5)","background-image":"","background-repeat":"repeat","background-position":"center center","background-size":"auto","background-attachment":"scroll","background-type":"","background-media":"","overlay-type":"","overlay-color":"","overlay-opacity":"","overlay-gradient":""},"mobile":{"background-color":"var(--ast-global-color-5)","background-image":"","background-repeat":"repeat","background-position":"center center","background-size":"auto","background-attachment":"scroll","background-type":"","background-media":"","overlay-type":"","overlay-color":"","overlay-opacity":"","overlay-gradient":""}}},"product_brand":[],"product_cat":[28],"product_tag":[45],"class_list":{"0":"post-1219","1":"product","2":"type-product","3":"status-publish","4":"has-post-thumbnail","6":"product_cat-musica-de-calle","7":"product_tag-rafael-mullor-grau","8":"desktop-align-left","9":"tablet-align-left","10":"mobile-align-left","11":"ast-product-gallery-layout-horizontal-slider","13":"first","14":"instock","15":"downloadable","16":"virtual","17":"taxable","18":"purchasable","19":"product-type-simple"},"acf":[],"yoast_head":"<!-- This site is optimized with the Yoast SEO Premium plugin v22.4 (Yoast SEO v27.4) - https:\/\/yoast.com\/product\/yoast-seo-premium-wordpress\/ -->\n<title>Magentero d&#039;Elx -<\/title>\n<meta name=\"description\" content=\"Partituras de m\u00fasica de calle para Orquestas y bandas. M\u00fasica escrita\" \/>\n<meta name=\"robots\" content=\"index, follow, max-snippet:-1, max-image-preview:large, max-video-preview:-1\" \/>\n<link rel=\"canonical\" href=\"https:\/\/www.omnesbands.international\/ja\/produit\/magentero-delx\/\" \/>\n<meta property=\"og:locale\" content=\"ja_JP\" \/>\n<meta property=\"og:type\" content=\"article\" \/>\n<meta property=\"og:title\" content=\"Magentero d&#039;Elx\" \/>\n<meta property=\"og:description\" content=\"Partituras de m\u00fasica de calle para Orquestas y bandas. M\u00fasica escrita\" \/>\n<meta property=\"og:url\" content=\"https:\/\/www.omnesbands.international\/ja\/produit\/magentero-delx\/\" \/>\n<meta property=\"article:modified_time\" content=\"2023-11-13T00:25:33+00:00\" \/>\n<meta property=\"og:image\" content=\"https:\/\/www.omnesbands.international\/wp-content\/uploads\/2023\/01\/Magentero-dElx-1.jpg\" \/>\n\t<meta property=\"og:image:width\" content=\"629\" \/>\n\t<meta property=\"og:image:height\" content=\"783\" \/>\n\t<meta property=\"og:image:type\" content=\"image\/jpeg\" \/>\n<meta name=\"twitter:card\" content=\"summary_large_image\" \/>\n<meta name=\"twitter:label1\" content=\"\u4fa1\u683c\" \/>\n\t<meta name=\"twitter:data1\" content=\"&#036;25.00\" \/>\n\t<meta name=\"twitter:label2\" content=\"\u5728\u5eab\" \/>\n\t<meta name=\"twitter:data2\" content=\"\u5728\u5eab\u3042\u308a\" \/>\n<script type=\"application\/ld+json\" class=\"yoast-schema-graph\">{\"@context\":\"https:\\\/\\\/schema.org\",\"@graph\":[{\"@type\":\"WebPage\",\"@id\":\"https:\\\/\\\/www.omnesbands.international\\\/fr\\\/produit\\\/magentero-delx\\\/\",\"url\":\"https:\\\/\\\/www.omnesbands.international\\\/fr\\\/produit\\\/magentero-delx\\\/\",\"name\":\"Magentero d'Elx -\",\"isPartOf\":{\"@id\":\"https:\\\/\\\/www.omnesbands.international\\\/#website\"},\"primaryImageOfPage\":{\"@id\":\"https:\\\/\\\/www.omnesbands.international\\\/fr\\\/produit\\\/magentero-delx\\\/#primaryimage\"},\"image\":{\"@id\":\"https:\\\/\\\/www.omnesbands.international\\\/fr\\\/produit\\\/magentero-delx\\\/#primaryimage\"},\"thumbnailUrl\":\"https:\\\/\\\/www.omnesbands.international\\\/wp-content\\\/uploads\\\/2023\\\/01\\\/Magentero-dElx-1.jpg\",\"datePublished\":\"2023-01-25T13:59:46+00:00\",\"dateModified\":\"2023-11-13T00:25:33+00:00\",\"description\":\"Partituras de m\u00fasica de calle para Orquestas y bandas. M\u00fasica escrita\",\"breadcrumb\":{\"@id\":\"https:\\\/\\\/www.omnesbands.international\\\/fr\\\/produit\\\/magentero-delx\\\/#breadcrumb\"},\"inLanguage\":\"ja\",\"potentialAction\":[{\"@type\":\"ReadAction\",\"target\":[\"https:\\\/\\\/www.omnesbands.international\\\/fr\\\/produit\\\/magentero-delx\\\/\"]}]},{\"@type\":\"ImageObject\",\"inLanguage\":\"ja\",\"@id\":\"https:\\\/\\\/www.omnesbands.international\\\/fr\\\/produit\\\/magentero-delx\\\/#primaryimage\",\"url\":\"https:\\\/\\\/www.omnesbands.international\\\/wp-content\\\/uploads\\\/2023\\\/01\\\/Magentero-dElx-1.jpg\",\"contentUrl\":\"https:\\\/\\\/www.omnesbands.international\\\/wp-content\\\/uploads\\\/2023\\\/01\\\/Magentero-dElx-1.jpg\",\"width\":629,\"height\":783,\"caption\":\"Magentero dElx\"},{\"@type\":\"BreadcrumbList\",\"@id\":\"https:\\\/\\\/www.omnesbands.international\\\/fr\\\/produit\\\/magentero-delx\\\/#breadcrumb\",\"itemListElement\":[{\"@type\":\"ListItem\",\"position\":1,\"name\":\"Portada\",\"item\":\"https:\\\/\\\/www.omnesbands.international\\\/\"},{\"@type\":\"ListItem\",\"position\":2,\"name\":\"Tienda\",\"item\":\"https:\\\/\\\/www.omnesbands.international\\\/en\\\/shop\\\/\"},{\"@type\":\"ListItem\",\"position\":3,\"name\":\"Magentero d&#8217;Elx\"}]},{\"@type\":\"WebSite\",\"@id\":\"https:\\\/\\\/www.omnesbands.international\\\/#website\",\"url\":\"https:\\\/\\\/www.omnesbands.international\\\/\",\"name\":\"OMNESBANDS International\",\"description\":\"Partituras Originales de autores y compositores independientes\",\"publisher\":{\"@id\":\"https:\\\/\\\/www.omnesbands.international\\\/#organization\"},\"potentialAction\":[{\"@type\":\"SearchAction\",\"target\":{\"@type\":\"EntryPoint\",\"urlTemplate\":\"https:\\\/\\\/www.omnesbands.international\\\/?s={search_term_string}\"},\"query-input\":{\"@type\":\"PropertyValueSpecification\",\"valueRequired\":true,\"valueName\":\"search_term_string\"}}],\"inLanguage\":\"ja\"},{\"@type\":\"Organization\",\"@id\":\"https:\\\/\\\/www.omnesbands.international\\\/#organization\",\"name\":\"Indra Consultores Internacionales\",\"alternateName\":\"Omnesbands\",\"url\":\"https:\\\/\\\/www.omnesbands.international\\\/\",\"logo\":{\"@type\":\"ImageObject\",\"inLanguage\":\"ja\",\"@id\":\"https:\\\/\\\/www.omnesbands.international\\\/#\\\/schema\\\/logo\\\/image\\\/\",\"url\":\"https:\\\/\\\/omnesbands.international\\\/wp-content\\\/uploads\\\/2023\\\/06\\\/Logo-Nuevo-.png\",\"contentUrl\":\"https:\\\/\\\/omnesbands.international\\\/wp-content\\\/uploads\\\/2023\\\/06\\\/Logo-Nuevo-.png\",\"width\":394,\"height\":212,\"caption\":\"Indra Consultores Internacionales\"},\"image\":{\"@id\":\"https:\\\/\\\/www.omnesbands.international\\\/#\\\/schema\\\/logo\\\/image\\\/\"}}]}<\/script>\n<meta property=\"product:price:amount\" content=\"25.00\" \/>\n<meta property=\"product:price:currency\" content=\"USD\" \/>\n<meta property=\"og:availability\" content=\"instock\" \/>\n<meta property=\"product:availability\" content=\"instock\" \/>\n<meta property=\"product:retailer_item_id\" content=\"MAG-CAL-ESP-22\" \/>\n<meta property=\"product:condition\" content=\"new\" \/>\n<!-- \/ Yoast SEO Premium plugin. -->","yoast_head_json":{"title":"Magentero d'Elx -","description":"Partituras de m\u00fasica de calle para Orquestas y bandas. M\u00fasica escrita","robots":{"index":"index","follow":"follow","max-snippet":"max-snippet:-1","max-image-preview":"max-image-preview:large","max-video-preview":"max-video-preview:-1"},"canonical":"https:\/\/www.omnesbands.international\/ja\/produit\/magentero-delx\/","og_locale":"ja_JP","og_type":"article","og_title":"Magentero d'Elx","og_description":"Partituras de m\u00fasica de calle para Orquestas y bandas. M\u00fasica escrita","og_url":"https:\/\/www.omnesbands.international\/ja\/produit\/magentero-delx\/","article_modified_time":"2023-11-13T00:25:33+00:00","og_image":[{"width":629,"height":783,"url":"https:\/\/www.omnesbands.international\/wp-content\/uploads\/2023\/01\/Magentero-dElx-1.jpg","type":"image\/jpeg"}],"twitter_card":"summary_large_image","twitter_misc":{"\u4fa1\u683c":"&#36;25.00","\u5728\u5eab":"\u5728\u5eab\u3042\u308a"},"schema":{"@context":"https:\/\/schema.org","@graph":[{"@type":"WebPage","@id":"https:\/\/www.omnesbands.international\/fr\/produit\/magentero-delx\/","url":"https:\/\/www.omnesbands.international\/fr\/produit\/magentero-delx\/","name":"Magentero d'Elx -","isPartOf":{"@id":"https:\/\/www.omnesbands.international\/#website"},"primaryImageOfPage":{"@id":"https:\/\/www.omnesbands.international\/fr\/produit\/magentero-delx\/#primaryimage"},"image":{"@id":"https:\/\/www.omnesbands.international\/fr\/produit\/magentero-delx\/#primaryimage"},"thumbnailUrl":"https:\/\/www.omnesbands.international\/wp-content\/uploads\/2023\/01\/Magentero-dElx-1.jpg","datePublished":"2023-01-25T13:59:46+00:00","dateModified":"2023-11-13T00:25:33+00:00","description":"Partituras de m\u00fasica de calle para Orquestas y bandas. M\u00fasica escrita","breadcrumb":{"@id":"https:\/\/www.omnesbands.international\/fr\/produit\/magentero-delx\/#breadcrumb"},"inLanguage":"ja","potentialAction":[{"@type":"ReadAction","target":["https:\/\/www.omnesbands.international\/fr\/produit\/magentero-delx\/"]}]},{"@type":"ImageObject","inLanguage":"ja","@id":"https:\/\/www.omnesbands.international\/fr\/produit\/magentero-delx\/#primaryimage","url":"https:\/\/www.omnesbands.international\/wp-content\/uploads\/2023\/01\/Magentero-dElx-1.jpg","contentUrl":"https:\/\/www.omnesbands.international\/wp-content\/uploads\/2023\/01\/Magentero-dElx-1.jpg","width":629,"height":783,"caption":"Magentero dElx"},{"@type":"BreadcrumbList","@id":"https:\/\/www.omnesbands.international\/fr\/produit\/magentero-delx\/#breadcrumb","itemListElement":[{"@type":"ListItem","position":1,"name":"Portada","item":"https:\/\/www.omnesbands.international\/"},{"@type":"ListItem","position":2,"name":"Tienda","item":"https:\/\/www.omnesbands.international\/en\/shop\/"},{"@type":"ListItem","position":3,"name":"Magentero d&#8217;Elx"}]},{"@type":"WebSite","@id":"https:\/\/www.omnesbands.international\/#website","url":"https:\/\/www.omnesbands.international\/","name":"OMNESBANDS International","description":"\u72ec\u7acb\u3057\u305f\u4f5c\u5bb6\u3084\u4f5c\u66f2\u5bb6\u306b\u3088\u308b\u30aa\u30ea\u30b8\u30ca\u30eb\u306e\u697d\u8b5c","publisher":{"@id":"https:\/\/www.omnesbands.international\/#organization"},"potentialAction":[{"@type":"SearchAction","target":{"@type":"EntryPoint","urlTemplate":"https:\/\/www.omnesbands.international\/?s={search_term_string}"},"query-input":{"@type":"PropertyValueSpecification","valueRequired":true,"valueName":"search_term_string"}}],"inLanguage":"ja"},{"@type":"Organization","@id":"https:\/\/www.omnesbands.international\/#organization","name":"\u30a4\u30f3\u30c9\u30e9\u56fd\u969b\u30b3\u30f3\u30b5\u30eb\u30bf\u30f3\u30c8","alternateName":"Omnesbands","url":"https:\/\/www.omnesbands.international\/","logo":{"@type":"ImageObject","inLanguage":"ja","@id":"https:\/\/www.omnesbands.international\/#\/schema\/logo\/image\/","url":"https:\/\/omnesbands.international\/wp-content\/uploads\/2023\/06\/Logo-Nuevo-.png","contentUrl":"https:\/\/omnesbands.international\/wp-content\/uploads\/2023\/06\/Logo-Nuevo-.png","width":394,"height":212,"caption":"Indra Consultores Internacionales"},"image":{"@id":"https:\/\/www.omnesbands.international\/#\/schema\/logo\/image\/"}}]},"product_price_amount":"25.00","product_price_currency":"USD","og_availability":"instock","product_availability":"instock","product_retailer_item_id":"MAG-CAL-ESP-22","product_condition":"new"},"uagb_featured_image_src":{"full":["https:\/\/www.omnesbands.international\/wp-content\/uploads\/2023\/01\/Magentero-dElx-1.jpg",629,783,false],"thumbnail":["https:\/\/www.omnesbands.international\/wp-content\/uploads\/2023\/01\/Magentero-dElx-1-150x150.jpg",150,150,true],"medium":["https:\/\/www.omnesbands.international\/wp-content\/uploads\/2023\/01\/Magentero-dElx-1-241x300.jpg",241,300,true],"medium_large":["https:\/\/www.omnesbands.international\/wp-content\/uploads\/2023\/01\/Magentero-dElx-1.jpg",629,783,false],"large":["https:\/\/www.omnesbands.international\/wp-content\/uploads\/2023\/01\/Magentero-dElx-1.jpg",629,783,false],"1536x1536":["https:\/\/www.omnesbands.international\/wp-content\/uploads\/2023\/01\/Magentero-dElx-1.jpg",629,783,false],"2048x2048":["https:\/\/www.omnesbands.international\/wp-content\/uploads\/2023\/01\/Magentero-dElx-1.jpg",629,783,false],"trp-custom-language-flag":["https:\/\/www.omnesbands.international\/wp-content\/uploads\/2023\/01\/Magentero-dElx-1-10x12.jpg",10,12,true],"gg_gallery_thumbnail":["https:\/\/www.omnesbands.international\/wp-content\/uploads\/2023\/01\/Magentero-dElx-1-450x250.jpg",450,250,true],"woocommerce_thumbnail":["https:\/\/www.omnesbands.international\/wp-content\/uploads\/2023\/01\/Magentero-dElx-1-300x300.jpg",300,300,true],"woocommerce_single":["https:\/\/www.omnesbands.international\/wp-content\/uploads\/2023\/01\/Magentero-dElx-1-600x747.jpg",600,747,true],"woocommerce_gallery_thumbnail":["https:\/\/www.omnesbands.international\/wp-content\/uploads\/2023\/01\/Magentero-dElx-1-100x100.jpg",100,100,true]},"uagb_author_info":{"display_name":"Melvin R. Portillo A:","author_link":"https:\/\/www.omnesbands.international\/ja\/author\/"},"uagb_comment_info":0,"uagb_excerpt":"Dedicada a Jos\u00e9 Mart\u00ednez Pastor, festero de la Fil\u00e0 Magenta de Alcoy y de la Fil\u00e0 Magenta de Elche. Autor Rafael Mullor Grau, Ha gravado como a director dos discos de M\u00fasica Festera con la Uni\u00f3 Musical de Alcoi; Ja Baixen vol 7 i 10. Sus obras han sido gravadas en infinidad de cds por&hellip;","_links":{"self":[{"href":"https:\/\/www.omnesbands.international\/ja\/wp-json\/wp\/v2\/product\/1219","targetHints":{"allow":["GET"]}}],"collection":[{"href":"https:\/\/www.omnesbands.international\/ja\/wp-json\/wp\/v2\/product"}],"about":[{"href":"https:\/\/www.omnesbands.international\/ja\/wp-json\/wp\/v2\/types\/product"}],"replies":[{"embeddable":true,"href":"https:\/\/www.omnesbands.international\/ja\/wp-json\/wp\/v2\/comments?post=1219"}],"wp:featuredmedia":[{"embeddable":true,"href":"https:\/\/www.omnesbands.international\/ja\/wp-json\/wp\/v2\/media\/2679"}],"wp:attachment":[{"href":"https:\/\/www.omnesbands.international\/ja\/wp-json\/wp\/v2\/media?parent=1219"}],"wp:term":[{"taxonomy":"product_brand","embeddable":true,"href":"https:\/\/www.omnesbands.international\/ja\/wp-json\/wp\/v2\/product_brand?post=1219"},{"taxonomy":"product_cat","embeddable":true,"href":"https:\/\/www.omnesbands.international\/ja\/wp-json\/wp\/v2\/product_cat?post=1219"},{"taxonomy":"product_tag","embeddable":true,"href":"https:\/\/www.omnesbands.international\/ja\/wp-json\/wp\/v2\/product_tag?post=1219"}],"curies":[{"name":"wp","href":"https:\/\/api.w.org\/{rel}","templated":true}]}}