{"id":1263,"date":"2023-01-25T09:08:49","date_gmt":"2023-01-25T15:08:49","guid":{"rendered":"https:\/\/omnesbands.international\/?post_type=product&#038;p=1263"},"modified":"2023-11-10T14:44:37","modified_gmt":"2023-11-10T20:44:37","slug":"sergio-martinez","status":"publish","type":"product","link":"https:\/\/www.omnesbands.international\/ja\/product\/sergio-martinez\/","title":{"rendered":"\u30bb\u30eb\u30b8\u30aa\u30fb\u30de\u30eb\u30c6\u30a3\u30cd\u30b9"},"content":{"rendered":"<p>\u30a2\u30eb\u30d0\u30a4\u30c0\uff08\u30d0\u30ec\u30f3\u30b7\u30a2\uff09\u51fa\u8eab\u306e\u300c\u30b1\u30fc\u30d6\u30eb\u300d\u30d5\u30a3\u30e9\u306e\u30ad\u30e3\u30d7\u30c6\u30f3\u30fb\u30e0\u30fc\u30a22005\u3001\u30d5\u30a2\u30f3\u30fb\u30d3\u30c0\u30eb\u30fb\u30b3\u30eb\u306b\u6367\u3052\u3089\u308c\u305f\u30de\u30a8\u30b9\u30c8\u30ed\u3001\u30e9\u30e2\u30f3\u30fb\u30ac\u30eb\u30b7\u30a2\u30fb\u30a4\u30fb\u30bd\u30fc\u30ec\u306b\u3088\u308b\u30e0\u30fc\u30a2\u884c\u9032\u66f2\u3002<\/p>","protected":false},"excerpt":{"rendered":"<p>\u30a2\u30eb\u30d0\u30a4\u30c0\uff08\u30d0\u30ec\u30f3\u30b7\u30a2\uff09\u51fa\u8eab\u306e\u300c\u30b1\u30fc\u30d6\u30eb\u300d\u30d5\u30a3\u30e9\u306e\u30ad\u30e3\u30d7\u30c6\u30f3\u30fb\u30e0\u30fc\u30a22005\u3001\u30d5\u30a2\u30f3\u30fb\u30d3\u30c0\u30eb\u30fb\u30b3\u30eb\u306b\u6367\u3052\u3089\u308c\u305f\u30de\u30a8\u30b9\u30c8\u30ed\u3001\u30e9\u30e2\u30f3\u30fb\u30ac\u30eb\u30b7\u30a2\u30fb\u30a4\u30fb\u30bd\u30fc\u30ec\u306b\u3088\u308b\u30e0\u30fc\u30a2\u884c\u9032\u66f2\u3002<\/p>","protected":false},"featured_media":2620,"comment_status":"open","ping_status":"closed","template":"","meta":{"_acf_changed":false,"_uag_custom_page_level_css":"","site-sidebar-layout":"default","site-content-layout":"default","ast-site-content-layout":"default","site-content-style":"default","site-sidebar-style":"default","ast-global-header-display":"","ast-banner-title-visibility":"","ast-main-header-display":"","ast-hfb-above-header-display":"","ast-hfb-below-header-display":"","ast-hfb-mobile-header-display":"","site-post-title":"","ast-breadcrumbs-content":"","ast-featured-img":"","footer-sml-layout":"","ast-disable-related-posts":"","theme-transparent-header-meta":"default","adv-header-id-meta":"","stick-header-meta":"default","header-above-stick-meta":"","header-main-stick-meta":"","header-below-stick-meta":"","astra-migrate-meta-layouts":"set","ast-page-background-enabled":"default","ast-page-background-meta":{"desktop":{"background-color":"","background-image":"","background-repeat":"repeat","background-position":"center center","background-size":"auto","background-attachment":"scroll","background-type":"","background-media":"","overlay-type":"","overlay-color":"","overlay-opacity":"","overlay-gradient":""},"tablet":{"background-color":"","background-image":"","background-repeat":"repeat","background-position":"center center","background-size":"auto","background-attachment":"scroll","background-type":"","background-media":"","overlay-type":"","overlay-color":"","overlay-opacity":"","overlay-gradient":""},"mobile":{"background-color":"","background-image":"","background-repeat":"repeat","background-position":"center center","background-size":"auto","background-attachment":"scroll","background-type":"","background-media":"","overlay-type":"","overlay-color":"","overlay-opacity":"","overlay-gradient":""}},"ast-content-background-meta":{"desktop":{"background-color":"var(--ast-global-color-5)","background-image":"","background-repeat":"repeat","background-position":"center center","background-size":"auto","background-attachment":"scroll","background-type":"","background-media":"","overlay-type":"","overlay-color":"","overlay-opacity":"","overlay-gradient":""},"tablet":{"background-color":"var(--ast-global-color-5)","background-image":"","background-repeat":"repeat","background-position":"center center","background-size":"auto","background-attachment":"scroll","background-type":"","background-media":"","overlay-type":"","overlay-color":"","overlay-opacity":"","overlay-gradient":""},"mobile":{"background-color":"var(--ast-global-color-5)","background-image":"","background-repeat":"repeat","background-position":"center center","background-size":"auto","background-attachment":"scroll","background-type":"","background-media":"","overlay-type":"","overlay-color":"","overlay-opacity":"","overlay-gradient":""}}},"product_brand":[],"product_cat":[28],"product_tag":[45],"class_list":{"0":"post-1263","1":"product","2":"type-product","3":"status-publish","4":"has-post-thumbnail","6":"product_cat-musica-de-calle","7":"product_tag-rafael-mullor-grau","8":"desktop-align-left","9":"tablet-align-left","10":"mobile-align-left","11":"ast-product-gallery-layout-horizontal-slider","13":"first","14":"instock","15":"downloadable","16":"virtual","17":"taxable","18":"purchasable","19":"product-type-simple"},"acf":[],"yoast_head":"<!-- This site is optimized with the Yoast SEO Premium plugin v22.4 (Yoast SEO v27.4) - https:\/\/yoast.com\/product\/yoast-seo-premium-wordpress\/ -->\n<title>Sergio Mart\u00ednez -<\/title>\n<meta name=\"description\" content=\"Marcha mora del maestro Ram\u00f3n Garc\u00eda i Sole dedicada al Capit\u00e1n Moro 2005 de la fil\u00e0 \u201cC\u00e0biles\u201d de Albaida (Valencia), Juan Vidal Coll. Musica escrita\" \/>\n<meta name=\"robots\" content=\"index, follow, max-snippet:-1, max-image-preview:large, max-video-preview:-1\" \/>\n<link rel=\"canonical\" href=\"https:\/\/www.omnesbands.international\/ja\/product\/sergio-martinez\/\" \/>\n<meta property=\"og:locale\" content=\"ja_JP\" \/>\n<meta property=\"og:type\" content=\"article\" \/>\n<meta property=\"og:title\" content=\"Sergio Mart\u00ednez\" \/>\n<meta property=\"og:description\" content=\"Marcha mora del maestro Ram\u00f3n Garc\u00eda i Sole dedicada al Capit\u00e1n Moro 2005 de la fil\u00e0 \u201cC\u00e0biles\u201d de Albaida (Valencia), Juan Vidal Coll. Musica escrita\" \/>\n<meta property=\"og:url\" content=\"https:\/\/www.omnesbands.international\/ja\/product\/sergio-martinez\/\" \/>\n<meta property=\"article:modified_time\" content=\"2023-11-10T20:44:37+00:00\" \/>\n<meta property=\"og:image\" content=\"https:\/\/www.omnesbands.international\/wp-content\/uploads\/2023\/01\/Sergio-Martinez-1.jpg\" \/>\n\t<meta property=\"og:image:width\" content=\"611\" \/>\n\t<meta property=\"og:image:height\" content=\"777\" \/>\n\t<meta property=\"og:image:type\" content=\"image\/jpeg\" \/>\n<meta name=\"twitter:card\" content=\"summary_large_image\" \/>\n<meta name=\"twitter:label1\" content=\"\u4fa1\u683c\" \/>\n\t<meta name=\"twitter:data1\" content=\"&#036;30.00\" \/>\n\t<meta name=\"twitter:label2\" content=\"\u5728\u5eab\" \/>\n\t<meta name=\"twitter:data2\" content=\"\u5728\u5eab\u3042\u308a\" \/>\n<script type=\"application\/ld+json\" class=\"yoast-schema-graph\">{\"@context\":\"https:\\\/\\\/schema.org\",\"@graph\":[{\"@type\":\"WebPage\",\"@id\":\"https:\\\/\\\/www.omnesbands.international\\\/en\\\/product\\\/sergio-martinez\\\/\",\"url\":\"https:\\\/\\\/www.omnesbands.international\\\/en\\\/product\\\/sergio-martinez\\\/\",\"name\":\"Sergio Mart\u00ednez -\",\"isPartOf\":{\"@id\":\"https:\\\/\\\/www.omnesbands.international\\\/#website\"},\"primaryImageOfPage\":{\"@id\":\"https:\\\/\\\/www.omnesbands.international\\\/en\\\/product\\\/sergio-martinez\\\/#primaryimage\"},\"image\":{\"@id\":\"https:\\\/\\\/www.omnesbands.international\\\/en\\\/product\\\/sergio-martinez\\\/#primaryimage\"},\"thumbnailUrl\":\"https:\\\/\\\/www.omnesbands.international\\\/wp-content\\\/uploads\\\/2023\\\/01\\\/Sergio-Martinez-1.jpg\",\"datePublished\":\"2023-01-25T15:08:49+00:00\",\"dateModified\":\"2023-11-10T20:44:37+00:00\",\"description\":\"Marcha mora del maestro Ram\u00f3n Garc\u00eda i Sole dedicada al Capit\u00e1n Moro 2005 de la fil\u00e0 \u201cC\u00e0biles\u201d de Albaida (Valencia), Juan Vidal Coll. Musica escrita\",\"breadcrumb\":{\"@id\":\"https:\\\/\\\/www.omnesbands.international\\\/en\\\/product\\\/sergio-martinez\\\/#breadcrumb\"},\"inLanguage\":\"ja\",\"potentialAction\":[{\"@type\":\"ReadAction\",\"target\":[\"https:\\\/\\\/www.omnesbands.international\\\/en\\\/product\\\/sergio-martinez\\\/\"]}]},{\"@type\":\"ImageObject\",\"inLanguage\":\"ja\",\"@id\":\"https:\\\/\\\/www.omnesbands.international\\\/en\\\/product\\\/sergio-martinez\\\/#primaryimage\",\"url\":\"https:\\\/\\\/www.omnesbands.international\\\/wp-content\\\/uploads\\\/2023\\\/01\\\/Sergio-Martinez-1.jpg\",\"contentUrl\":\"https:\\\/\\\/www.omnesbands.international\\\/wp-content\\\/uploads\\\/2023\\\/01\\\/Sergio-Martinez-1.jpg\",\"width\":611,\"height\":777,\"caption\":\"Sergio Martinez\"},{\"@type\":\"BreadcrumbList\",\"@id\":\"https:\\\/\\\/www.omnesbands.international\\\/en\\\/product\\\/sergio-martinez\\\/#breadcrumb\",\"itemListElement\":[{\"@type\":\"ListItem\",\"position\":1,\"name\":\"Portada\",\"item\":\"https:\\\/\\\/www.omnesbands.international\\\/\"},{\"@type\":\"ListItem\",\"position\":2,\"name\":\"Tienda\",\"item\":\"https:\\\/\\\/www.omnesbands.international\\\/en\\\/shop\\\/\"},{\"@type\":\"ListItem\",\"position\":3,\"name\":\"Sergio Mart\u00ednez\"}]},{\"@type\":\"WebSite\",\"@id\":\"https:\\\/\\\/www.omnesbands.international\\\/#website\",\"url\":\"https:\\\/\\\/www.omnesbands.international\\\/\",\"name\":\"OMNESBANDS International\",\"description\":\"Partituras Originales de autores y compositores independientes\",\"publisher\":{\"@id\":\"https:\\\/\\\/www.omnesbands.international\\\/#organization\"},\"potentialAction\":[{\"@type\":\"SearchAction\",\"target\":{\"@type\":\"EntryPoint\",\"urlTemplate\":\"https:\\\/\\\/www.omnesbands.international\\\/?s={search_term_string}\"},\"query-input\":{\"@type\":\"PropertyValueSpecification\",\"valueRequired\":true,\"valueName\":\"search_term_string\"}}],\"inLanguage\":\"ja\"},{\"@type\":\"Organization\",\"@id\":\"https:\\\/\\\/www.omnesbands.international\\\/#organization\",\"name\":\"Indra Consultores Internacionales\",\"alternateName\":\"Omnesbands\",\"url\":\"https:\\\/\\\/www.omnesbands.international\\\/\",\"logo\":{\"@type\":\"ImageObject\",\"inLanguage\":\"ja\",\"@id\":\"https:\\\/\\\/www.omnesbands.international\\\/#\\\/schema\\\/logo\\\/image\\\/\",\"url\":\"https:\\\/\\\/omnesbands.international\\\/wp-content\\\/uploads\\\/2023\\\/06\\\/Logo-Nuevo-.png\",\"contentUrl\":\"https:\\\/\\\/omnesbands.international\\\/wp-content\\\/uploads\\\/2023\\\/06\\\/Logo-Nuevo-.png\",\"width\":394,\"height\":212,\"caption\":\"Indra Consultores Internacionales\"},\"image\":{\"@id\":\"https:\\\/\\\/www.omnesbands.international\\\/#\\\/schema\\\/logo\\\/image\\\/\"}}]}<\/script>\n<meta property=\"product:price:amount\" content=\"30.00\" \/>\n<meta property=\"product:price:currency\" content=\"USD\" \/>\n<meta property=\"og:availability\" content=\"instock\" \/>\n<meta property=\"product:availability\" content=\"instock\" \/>\n<meta property=\"product:retailer_item_id\" content=\"SER-CAL-ESP-22\" \/>\n<meta property=\"product:condition\" content=\"new\" \/>\n<!-- \/ Yoast SEO Premium plugin. -->","yoast_head_json":{"title":"Sergio Mart\u00ednez -","description":"Marcha mora del maestro Ram\u00f3n Garc\u00eda i Sole dedicada al Capit\u00e1n Moro 2005 de la fil\u00e0 \u201cC\u00e0biles\u201d de Albaida (Valencia), Juan Vidal Coll. Musica escrita","robots":{"index":"index","follow":"follow","max-snippet":"max-snippet:-1","max-image-preview":"max-image-preview:large","max-video-preview":"max-video-preview:-1"},"canonical":"https:\/\/www.omnesbands.international\/ja\/product\/sergio-martinez\/","og_locale":"ja_JP","og_type":"article","og_title":"Sergio Mart\u00ednez","og_description":"Marcha mora del maestro Ram\u00f3n Garc\u00eda i Sole dedicada al Capit\u00e1n Moro 2005 de la fil\u00e0 \u201cC\u00e0biles\u201d de Albaida (Valencia), Juan Vidal Coll. Musica escrita","og_url":"https:\/\/www.omnesbands.international\/ja\/product\/sergio-martinez\/","article_modified_time":"2023-11-10T20:44:37+00:00","og_image":[{"width":611,"height":777,"url":"https:\/\/www.omnesbands.international\/wp-content\/uploads\/2023\/01\/Sergio-Martinez-1.jpg","type":"image\/jpeg"}],"twitter_card":"summary_large_image","twitter_misc":{"\u4fa1\u683c":"&#36;30.00","\u5728\u5eab":"\u5728\u5eab\u3042\u308a"},"schema":{"@context":"https:\/\/schema.org","@graph":[{"@type":"WebPage","@id":"https:\/\/www.omnesbands.international\/en\/product\/sergio-martinez\/","url":"https:\/\/www.omnesbands.international\/en\/product\/sergio-martinez\/","name":"Sergio Mart\u00ednez -","isPartOf":{"@id":"https:\/\/www.omnesbands.international\/#website"},"primaryImageOfPage":{"@id":"https:\/\/www.omnesbands.international\/en\/product\/sergio-martinez\/#primaryimage"},"image":{"@id":"https:\/\/www.omnesbands.international\/en\/product\/sergio-martinez\/#primaryimage"},"thumbnailUrl":"https:\/\/www.omnesbands.international\/wp-content\/uploads\/2023\/01\/Sergio-Martinez-1.jpg","datePublished":"2023-01-25T15:08:49+00:00","dateModified":"2023-11-10T20:44:37+00:00","description":"Marcha mora del maestro Ram\u00f3n Garc\u00eda i Sole dedicada al Capit\u00e1n Moro 2005 de la fil\u00e0 \u201cC\u00e0biles\u201d de Albaida (Valencia), Juan Vidal Coll. Musica escrita","breadcrumb":{"@id":"https:\/\/www.omnesbands.international\/en\/product\/sergio-martinez\/#breadcrumb"},"inLanguage":"ja","potentialAction":[{"@type":"ReadAction","target":["https:\/\/www.omnesbands.international\/en\/product\/sergio-martinez\/"]}]},{"@type":"ImageObject","inLanguage":"ja","@id":"https:\/\/www.omnesbands.international\/en\/product\/sergio-martinez\/#primaryimage","url":"https:\/\/www.omnesbands.international\/wp-content\/uploads\/2023\/01\/Sergio-Martinez-1.jpg","contentUrl":"https:\/\/www.omnesbands.international\/wp-content\/uploads\/2023\/01\/Sergio-Martinez-1.jpg","width":611,"height":777,"caption":"Sergio Martinez"},{"@type":"BreadcrumbList","@id":"https:\/\/www.omnesbands.international\/en\/product\/sergio-martinez\/#breadcrumb","itemListElement":[{"@type":"ListItem","position":1,"name":"Portada","item":"https:\/\/www.omnesbands.international\/"},{"@type":"ListItem","position":2,"name":"Tienda","item":"https:\/\/www.omnesbands.international\/en\/shop\/"},{"@type":"ListItem","position":3,"name":"Sergio Mart\u00ednez"}]},{"@type":"WebSite","@id":"https:\/\/www.omnesbands.international\/#website","url":"https:\/\/www.omnesbands.international\/","name":"OMNESBANDS International","description":"\u72ec\u7acb\u3057\u305f\u4f5c\u5bb6\u3084\u4f5c\u66f2\u5bb6\u306b\u3088\u308b\u30aa\u30ea\u30b8\u30ca\u30eb\u306e\u697d\u8b5c","publisher":{"@id":"https:\/\/www.omnesbands.international\/#organization"},"potentialAction":[{"@type":"SearchAction","target":{"@type":"EntryPoint","urlTemplate":"https:\/\/www.omnesbands.international\/?s={search_term_string}"},"query-input":{"@type":"PropertyValueSpecification","valueRequired":true,"valueName":"search_term_string"}}],"inLanguage":"ja"},{"@type":"Organization","@id":"https:\/\/www.omnesbands.international\/#organization","name":"\u30a4\u30f3\u30c9\u30e9\u56fd\u969b\u30b3\u30f3\u30b5\u30eb\u30bf\u30f3\u30c8","alternateName":"Omnesbands","url":"https:\/\/www.omnesbands.international\/","logo":{"@type":"ImageObject","inLanguage":"ja","@id":"https:\/\/www.omnesbands.international\/#\/schema\/logo\/image\/","url":"https:\/\/omnesbands.international\/wp-content\/uploads\/2023\/06\/Logo-Nuevo-.png","contentUrl":"https:\/\/omnesbands.international\/wp-content\/uploads\/2023\/06\/Logo-Nuevo-.png","width":394,"height":212,"caption":"Indra Consultores Internacionales"},"image":{"@id":"https:\/\/www.omnesbands.international\/#\/schema\/logo\/image\/"}}]},"product_price_amount":"30.00","product_price_currency":"USD","og_availability":"instock","product_availability":"instock","product_retailer_item_id":"SER-CAL-ESP-22","product_condition":"new"},"uagb_featured_image_src":{"full":["https:\/\/www.omnesbands.international\/wp-content\/uploads\/2023\/01\/Sergio-Martinez-1.jpg",611,777,false],"thumbnail":["https:\/\/www.omnesbands.international\/wp-content\/uploads\/2023\/01\/Sergio-Martinez-1-150x150.jpg",150,150,true],"medium":["https:\/\/www.omnesbands.international\/wp-content\/uploads\/2023\/01\/Sergio-Martinez-1-236x300.jpg",236,300,true],"medium_large":["https:\/\/www.omnesbands.international\/wp-content\/uploads\/2023\/01\/Sergio-Martinez-1.jpg",611,777,false],"large":["https:\/\/www.omnesbands.international\/wp-content\/uploads\/2023\/01\/Sergio-Martinez-1.jpg",611,777,false],"1536x1536":["https:\/\/www.omnesbands.international\/wp-content\/uploads\/2023\/01\/Sergio-Martinez-1.jpg",611,777,false],"2048x2048":["https:\/\/www.omnesbands.international\/wp-content\/uploads\/2023\/01\/Sergio-Martinez-1.jpg",611,777,false],"trp-custom-language-flag":["https:\/\/www.omnesbands.international\/wp-content\/uploads\/2023\/01\/Sergio-Martinez-1-9x12.jpg",9,12,true],"gg_gallery_thumbnail":["https:\/\/www.omnesbands.international\/wp-content\/uploads\/2023\/01\/Sergio-Martinez-1-450x250.jpg",450,250,true],"woocommerce_thumbnail":["https:\/\/www.omnesbands.international\/wp-content\/uploads\/2023\/01\/Sergio-Martinez-1-300x300.jpg",300,300,true],"woocommerce_single":["https:\/\/www.omnesbands.international\/wp-content\/uploads\/2023\/01\/Sergio-Martinez-1-600x763.jpg",600,763,true],"woocommerce_gallery_thumbnail":["https:\/\/www.omnesbands.international\/wp-content\/uploads\/2023\/01\/Sergio-Martinez-1-100x100.jpg",100,100,true]},"uagb_author_info":{"display_name":"Melvin R. Portillo A:","author_link":"https:\/\/www.omnesbands.international\/ja\/author\/"},"uagb_comment_info":0,"uagb_excerpt":"Marcha mora del maestro Ram\u00f3n Garc\u00eda i Sole dedicada al Capit\u00e1n Moro 2005 de la fil\u00e0 \u201cC\u00e0biles\u201d de Albaida (Valencia), Juan Vidal Coll.","_links":{"self":[{"href":"https:\/\/www.omnesbands.international\/ja\/wp-json\/wp\/v2\/product\/1263","targetHints":{"allow":["GET"]}}],"collection":[{"href":"https:\/\/www.omnesbands.international\/ja\/wp-json\/wp\/v2\/product"}],"about":[{"href":"https:\/\/www.omnesbands.international\/ja\/wp-json\/wp\/v2\/types\/product"}],"replies":[{"embeddable":true,"href":"https:\/\/www.omnesbands.international\/ja\/wp-json\/wp\/v2\/comments?post=1263"}],"wp:featuredmedia":[{"embeddable":true,"href":"https:\/\/www.omnesbands.international\/ja\/wp-json\/wp\/v2\/media\/2620"}],"wp:attachment":[{"href":"https:\/\/www.omnesbands.international\/ja\/wp-json\/wp\/v2\/media?parent=1263"}],"wp:term":[{"taxonomy":"product_brand","embeddable":true,"href":"https:\/\/www.omnesbands.international\/ja\/wp-json\/wp\/v2\/product_brand?post=1263"},{"taxonomy":"product_cat","embeddable":true,"href":"https:\/\/www.omnesbands.international\/ja\/wp-json\/wp\/v2\/product_cat?post=1263"},{"taxonomy":"product_tag","embeddable":true,"href":"https:\/\/www.omnesbands.international\/ja\/wp-json\/wp\/v2\/product_tag?post=1263"}],"curies":[{"name":"wp","href":"https:\/\/api.w.org\/{rel}","templated":true}]}}