{"id":1304,"date":"2023-01-25T10:03:33","date_gmt":"2023-01-25T16:03:33","guid":{"rendered":"https:\/\/omnesbands.international\/?post_type=product&#038;p=1304"},"modified":"2023-11-14T07:42:54","modified_gmt":"2023-11-14T13:42:54","slug":"cor-de-festa","status":"publish","type":"product","link":"https:\/\/www.omnesbands.international\/ja\/product\/cor-de-festa\/","title":{"rendered":"\u30d1\u30fc\u30c6\u30a3\u30fc\u306e\u5408\u5531\u56e3"},"content":{"rendered":"<p>\u8457\u8005\u30db\u30bb\u30fb\u30a6\u30ec\u30fc\u30cb\u30e3\u30fb\u30a8\u30a4\u30e9\u30b9\u306b\u3088\u308b\u30d1\u30bd\u30c9\u30d6\u30ec\u3002\u5f7c\u306f\u30b9\u30da\u30a4\u30f3\u5168\u571f\u3067\u6570\u591a\u304f\u306e\u30d0\u30f3\u30c9\u3084\u5408\u5531\u56e3\u306e\u6307\u63ee\u306b\u62db\u5f85\u3055\u308c\u3066\u304a\u308a\u3001\u30d0\u30ec\u30f3\u30b7\u30a2\u5171\u540c\u4f53\u3001\u30ab\u30bf\u30eb\u30fc\u30cb\u30e3\u3001\u30ab\u30b9\u30c6\u30a3\u30fc\u30b8\u30e3\u30fb\u30e9\u30fb\u30de\u30f3\u30c1\u30e3\u3001\u30ab\u30b9\u30c6\u30a3\u30fc\u30ea\u30e3\u30fb\u30a4\u30fb\u30ec\u30aa\u30f3\u3001\u30de\u30c9\u30ea\u30fc\u30c9\u3001\u30a2\u30f3\u30c0\u30eb\u30b7\u30a2\u3067\u306e\u6d3b\u52d5\u304c\u6ce8\u76ee\u3055\u308c\u3066\u3044\u307e\u3059\u3002<\/p>\n<p>2014\/2015\u5b66\u5e74\u5ea6\u4e2d\u3001\u5f7c\u306f\u30ab\u30b9\u30c6\u30a3\u30fc\u30ea\u30e3\u30fb\u30e9\u30fb\u30de\u30f3\u30c1\u30e3\u9ad8\u7b49\u97f3\u697d\u9662\u3067\u30d0\u30f3\u30c9\u6307\u63ee\u306e\u5c02\u9580\u306e\u6559\u6388\u3092\u52d9\u3081\u307e\u3057\u305f\u3002\u3053\u306e\u5c02\u9580\u304c\u30b9\u30da\u30a4\u30f3\u306e\u516c\u5f0f\u97f3\u697d\u9662\u3067\u6559\u3048\u3089\u308c\u308b\u306e\u306f\u521d\u3081\u3066\u3067\u3042\u308a\u3001\u6700\u521d\u306e\u6559\u5e2b\u3067\u3082\u3042\u308a\u307e\u3057\u305f\u3002\u5f7c\u306f\u305d\u306e\u6905\u5b50\u3092\u6301\u3063\u305f\u3002<\/p>\n<p>\u5f7c\u306f\u73fe\u5728\u3001\u30a2\u30ec\u30ca\u30b9\u30fb\u30c7\u30fb\u30b5\u30f3\u30fb\u30da\u30c9\u30ed\uff08\u30a2\u30d3\u30e9\uff09\u306e\u5e02\u7acb\u97f3\u697d\u5b66\u6821\u300c\u30eb\u30a4\u30b8\u30fb\u30dc\u30c3\u30b1\u30ea\u30fc\u30cb\u300d\u3067\u5408\u5531\u56e3\u3068\u30aa\u30fc\u30b1\u30b9\u30c8\u30e9\u306e\u6559\u5e2b\u3092\u52d9\u3081\u3066\u304a\u308a\u3001\u30cf\u30a8\u30f3\u306b\u3042\u308b\u30d7\u30ed\u306e\u97f3\u697d\u9662\u300c\u30e9\u30e2\u30f3\u30fb\u30ac\u30e9\u30a4\u300d\u3067\u5408\u5531\u56e3\u306e\u6559\u5e2b\u3092\u52d9\u3081\u3066\u3044\u308b\u3002<\/p>","protected":false},"excerpt":{"rendered":"<p>\u8457\u8005\u30db\u30bb\u30fb\u30a6\u30ec\u30fc\u30cb\u30e3\u30fb\u30a8\u30a4\u30e9\u30b9\u306b\u3088\u308b\u30d1\u30bd\u30c9\u30d6\u30ec\u3002<\/p>\n<p>\u5f7c\u306f\u30b9\u30da\u30a4\u30f3\u5168\u571f\u3067\u6570\u591a\u304f\u306e\u30d0\u30f3\u30c9\u3084\u5408\u5531\u56e3\u306e\u6307\u63ee\u306b\u62db\u5f85\u3055\u308c\u3066\u304a\u308a\u3001\u7279\u306b\u30d0\u30ec\u30f3\u30b7\u30a2\u5730\u57df\u3001\u30ab\u30bf\u30eb\u30fc\u30cb\u30e3\u3001\u30ab\u30b9\u30c6\u30a3\u30fc\u30b8\u30e3\u30fb\u30e9\u30fb\u30de\u30f3\u30c1\u30e3\u3001\u30ab\u30b9\u30c6\u30a3\u30fc\u30ea\u30e3\u30fb\u30a4\u30fb\u30ec\u30aa\u30f3\u3001\u30de\u30c9\u30ea\u30fc\u30c9\u3001\u30a2\u30f3\u30c0\u30eb\u30b7\u30a2\u3067\u306e\u6d3b\u52d5\u304c\u6ce8\u76ee\u3055\u308c\u3066\u3044\u307e\u3059\u3002<\/p>\n<p>2014\/2015\u5b66\u5e74\u5ea6\u4e2d\u3001\u5f7c\u306f\u30ab\u30b9\u30c6\u30a3\u30fc\u30ea\u30e3\u30fb\u30e9\u30fb\u30de\u30f3\u30c1\u30e3\u9ad8\u7b49\u97f3\u697d\u9662\u3067\u30d0\u30f3\u30c9\u6307\u63ee\u306e\u5c02\u9580\u306e\u6559\u6388\u3092\u52d9\u3081\u307e\u3057\u305f\u3002\u3053\u306e\u5c02\u9580\u304c\u30b9\u30da\u30a4\u30f3\u306e\u516c\u5f0f\u97f3\u697d\u9662\u3067\u6559\u3048\u3089\u308c\u308b\u306e\u306f\u521d\u3081\u3066\u3067\u3042\u308a\u3001\u6700\u521d\u306e\u6559\u5e2b\u3067\u3082\u3042\u308a\u307e\u3057\u305f\u3002\u5f7c\u306f\u305d\u306e\u6905\u5b50\u3092\u6301\u3063\u305f\u3002<\/p>\n<p>\u5f7c\u306f\u73fe\u5728\u3001\u30a2\u30ec\u30ca\u30b9\u30fb\u30c7\u30fb\u30b5\u30f3\u30fb\u30da\u30c9\u30ed\uff08\u30a2\u30d3\u30e9\uff09\u306e\u5e02\u7acb\u97f3\u697d\u5b66\u6821\u300c\u30eb\u30a4\u30b8\u30fb\u30dc\u30c3\u30b1\u30ea\u30fc\u30cb\u300d\u3067\u5408\u5531\u56e3\u3068\u30aa\u30fc\u30b1\u30b9\u30c8\u30e9\u306e\u6559\u5e2b\u3092\u52d9\u3081\u3066\u304a\u308a\u3001\u30cf\u30a8\u30f3\u306b\u3042\u308b\u30d7\u30ed\u306e\u97f3\u697d\u9662\u300c\u30e9\u30e2\u30f3\u30fb\u30ac\u30e9\u30a4\u300d\u3067\u5408\u5531\u56e3\u306e\u6559\u5e2b\u3092\u52d9\u3081\u3066\u3044\u308b\u3002<\/p>","protected":false},"featured_media":2574,"comment_status":"open","ping_status":"closed","template":"","meta":{"_acf_changed":false,"_uag_custom_page_level_css":"","site-sidebar-layout":"default","site-content-layout":"default","ast-site-content-layout":"default","site-content-style":"default","site-sidebar-style":"default","ast-global-header-display":"","ast-banner-title-visibility":"","ast-main-header-display":"","ast-hfb-above-header-display":"","ast-hfb-below-header-display":"","ast-hfb-mobile-header-display":"","site-post-title":"","ast-breadcrumbs-content":"","ast-featured-img":"","footer-sml-layout":"","ast-disable-related-posts":"","theme-transparent-header-meta":"default","adv-header-id-meta":"","stick-header-meta":"default","header-above-stick-meta":"","header-main-stick-meta":"","header-below-stick-meta":"","astra-migrate-meta-layouts":"set","ast-page-background-enabled":"default","ast-page-background-meta":{"desktop":{"background-color":"","background-image":"","background-repeat":"repeat","background-position":"center center","background-size":"auto","background-attachment":"scroll","background-type":"","background-media":"","overlay-type":"","overlay-color":"","overlay-opacity":"","overlay-gradient":""},"tablet":{"background-color":"","background-image":"","background-repeat":"repeat","background-position":"center center","background-size":"auto","background-attachment":"scroll","background-type":"","background-media":"","overlay-type":"","overlay-color":"","overlay-opacity":"","overlay-gradient":""},"mobile":{"background-color":"","background-image":"","background-repeat":"repeat","background-position":"center center","background-size":"auto","background-attachment":"scroll","background-type":"","background-media":"","overlay-type":"","overlay-color":"","overlay-opacity":"","overlay-gradient":""}},"ast-content-background-meta":{"desktop":{"background-color":"var(--ast-global-color-5)","background-image":"","background-repeat":"repeat","background-position":"center center","background-size":"auto","background-attachment":"scroll","background-type":"","background-media":"","overlay-type":"","overlay-color":"","overlay-opacity":"","overlay-gradient":""},"tablet":{"background-color":"var(--ast-global-color-5)","background-image":"","background-repeat":"repeat","background-position":"center center","background-size":"auto","background-attachment":"scroll","background-type":"","background-media":"","overlay-type":"","overlay-color":"","overlay-opacity":"","overlay-gradient":""},"mobile":{"background-color":"var(--ast-global-color-5)","background-image":"","background-repeat":"repeat","background-position":"center center","background-size":"auto","background-attachment":"scroll","background-type":"","background-media":"","overlay-type":"","overlay-color":"","overlay-opacity":"","overlay-gradient":""}}},"product_brand":[],"product_cat":[26],"product_tag":[54],"class_list":{"0":"post-1304","1":"product","2":"type-product","3":"status-publish","4":"has-post-thumbnail","6":"product_cat-pasodobles","7":"product_tag-jose-urena-eiras","8":"desktop-align-left","9":"tablet-align-left","10":"mobile-align-left","11":"ast-product-gallery-layout-horizontal-slider","13":"first","14":"instock","15":"downloadable","16":"virtual","17":"taxable","18":"purchasable","19":"product-type-simple"},"acf":[],"yoast_head":"<!-- This site is optimized with the Yoast SEO Premium plugin v22.4 (Yoast SEO v27.4) - https:\/\/yoast.com\/product\/yoast-seo-premium-wordpress\/ -->\n<title>Cor de Festa -<\/title>\n<meta name=\"description\" content=\"Partituras de m\u00fasica Pasodoble para Orquestas y bandas. M\u00fasica escrita.\" \/>\n<meta name=\"robots\" content=\"index, follow, max-snippet:-1, max-image-preview:large, max-video-preview:-1\" \/>\n<link rel=\"canonical\" href=\"https:\/\/www.omnesbands.international\/ja\/produkt\/cor-de-festa\/\" \/>\n<meta property=\"og:locale\" content=\"ja_JP\" \/>\n<meta property=\"og:type\" content=\"article\" \/>\n<meta property=\"og:title\" content=\"Cor de Festa\" \/>\n<meta property=\"og:description\" content=\"Partituras de m\u00fasica Pasodoble para Orquestas y bandas. M\u00fasica escrita.\" \/>\n<meta property=\"og:url\" content=\"https:\/\/www.omnesbands.international\/ja\/produkt\/cor-de-festa\/\" \/>\n<meta property=\"article:modified_time\" content=\"2023-11-14T13:42:54+00:00\" \/>\n<meta property=\"og:image\" content=\"https:\/\/www.omnesbands.international\/wp-content\/uploads\/2023\/01\/cor-de-festa-1.jpg\" \/>\n\t<meta property=\"og:image:width\" content=\"814\" \/>\n\t<meta property=\"og:image:height\" content=\"865\" \/>\n\t<meta property=\"og:image:type\" content=\"image\/jpeg\" \/>\n<meta name=\"twitter:card\" content=\"summary_large_image\" \/>\n<meta name=\"twitter:label1\" content=\"\u4fa1\u683c\" \/>\n\t<meta name=\"twitter:data1\" content=\"&#036;25.00\" \/>\n\t<meta name=\"twitter:label2\" content=\"\u5728\u5eab\" \/>\n\t<meta name=\"twitter:data2\" content=\"\u5728\u5eab\u3042\u308a\" \/>\n<script type=\"application\/ld+json\" class=\"yoast-schema-graph\">{\"@context\":\"https:\\\/\\\/schema.org\",\"@graph\":[{\"@type\":\"WebPage\",\"@id\":\"https:\\\/\\\/www.omnesbands.international\\\/de\\\/produkt\\\/cor-de-festa\\\/\",\"url\":\"https:\\\/\\\/www.omnesbands.international\\\/de\\\/produkt\\\/cor-de-festa\\\/\",\"name\":\"Cor de Festa -\",\"isPartOf\":{\"@id\":\"https:\\\/\\\/www.omnesbands.international\\\/#website\"},\"primaryImageOfPage\":{\"@id\":\"https:\\\/\\\/www.omnesbands.international\\\/de\\\/produkt\\\/cor-de-festa\\\/#primaryimage\"},\"image\":{\"@id\":\"https:\\\/\\\/www.omnesbands.international\\\/de\\\/produkt\\\/cor-de-festa\\\/#primaryimage\"},\"thumbnailUrl\":\"https:\\\/\\\/www.omnesbands.international\\\/wp-content\\\/uploads\\\/2023\\\/01\\\/cor-de-festa-1.jpg\",\"datePublished\":\"2023-01-25T16:03:33+00:00\",\"dateModified\":\"2023-11-14T13:42:54+00:00\",\"description\":\"Partituras de m\u00fasica Pasodoble para Orquestas y bandas. M\u00fasica escrita.\",\"breadcrumb\":{\"@id\":\"https:\\\/\\\/www.omnesbands.international\\\/de\\\/produkt\\\/cor-de-festa\\\/#breadcrumb\"},\"inLanguage\":\"ja\",\"potentialAction\":[{\"@type\":\"ReadAction\",\"target\":[\"https:\\\/\\\/www.omnesbands.international\\\/de\\\/produkt\\\/cor-de-festa\\\/\"]}]},{\"@type\":\"ImageObject\",\"inLanguage\":\"ja\",\"@id\":\"https:\\\/\\\/www.omnesbands.international\\\/de\\\/produkt\\\/cor-de-festa\\\/#primaryimage\",\"url\":\"https:\\\/\\\/www.omnesbands.international\\\/wp-content\\\/uploads\\\/2023\\\/01\\\/cor-de-festa-1.jpg\",\"contentUrl\":\"https:\\\/\\\/www.omnesbands.international\\\/wp-content\\\/uploads\\\/2023\\\/01\\\/cor-de-festa-1.jpg\",\"width\":814,\"height\":865,\"caption\":\"cor de festa\"},{\"@type\":\"BreadcrumbList\",\"@id\":\"https:\\\/\\\/www.omnesbands.international\\\/de\\\/produkt\\\/cor-de-festa\\\/#breadcrumb\",\"itemListElement\":[{\"@type\":\"ListItem\",\"position\":1,\"name\":\"Portada\",\"item\":\"https:\\\/\\\/www.omnesbands.international\\\/\"},{\"@type\":\"ListItem\",\"position\":2,\"name\":\"Tienda\",\"item\":\"https:\\\/\\\/www.omnesbands.international\\\/en\\\/shop\\\/\"},{\"@type\":\"ListItem\",\"position\":3,\"name\":\"Cor de Festa\"}]},{\"@type\":\"WebSite\",\"@id\":\"https:\\\/\\\/www.omnesbands.international\\\/#website\",\"url\":\"https:\\\/\\\/www.omnesbands.international\\\/\",\"name\":\"OMNESBANDS International\",\"description\":\"Partituras Originales de autores y compositores independientes\",\"publisher\":{\"@id\":\"https:\\\/\\\/www.omnesbands.international\\\/#organization\"},\"potentialAction\":[{\"@type\":\"SearchAction\",\"target\":{\"@type\":\"EntryPoint\",\"urlTemplate\":\"https:\\\/\\\/www.omnesbands.international\\\/?s={search_term_string}\"},\"query-input\":{\"@type\":\"PropertyValueSpecification\",\"valueRequired\":true,\"valueName\":\"search_term_string\"}}],\"inLanguage\":\"ja\"},{\"@type\":\"Organization\",\"@id\":\"https:\\\/\\\/www.omnesbands.international\\\/#organization\",\"name\":\"Indra Consultores Internacionales\",\"alternateName\":\"Omnesbands\",\"url\":\"https:\\\/\\\/www.omnesbands.international\\\/\",\"logo\":{\"@type\":\"ImageObject\",\"inLanguage\":\"ja\",\"@id\":\"https:\\\/\\\/www.omnesbands.international\\\/#\\\/schema\\\/logo\\\/image\\\/\",\"url\":\"https:\\\/\\\/omnesbands.international\\\/wp-content\\\/uploads\\\/2023\\\/06\\\/Logo-Nuevo-.png\",\"contentUrl\":\"https:\\\/\\\/omnesbands.international\\\/wp-content\\\/uploads\\\/2023\\\/06\\\/Logo-Nuevo-.png\",\"width\":394,\"height\":212,\"caption\":\"Indra Consultores Internacionales\"},\"image\":{\"@id\":\"https:\\\/\\\/www.omnesbands.international\\\/#\\\/schema\\\/logo\\\/image\\\/\"}}]}<\/script>\n<meta property=\"product:price:amount\" content=\"25.00\" \/>\n<meta property=\"product:price:currency\" content=\"USD\" \/>\n<meta property=\"og:availability\" content=\"instock\" \/>\n<meta property=\"product:availability\" content=\"instock\" \/>\n<meta property=\"product:retailer_item_id\" content=\"COR-PAS-ESP-22\" \/>\n<meta property=\"product:condition\" content=\"new\" \/>\n<!-- \/ Yoast SEO Premium plugin. -->","yoast_head_json":{"title":"Cor de Festa -","description":"Partituras de m\u00fasica Pasodoble para Orquestas y bandas. M\u00fasica escrita.","robots":{"index":"index","follow":"follow","max-snippet":"max-snippet:-1","max-image-preview":"max-image-preview:large","max-video-preview":"max-video-preview:-1"},"canonical":"https:\/\/www.omnesbands.international\/ja\/produkt\/cor-de-festa\/","og_locale":"ja_JP","og_type":"article","og_title":"Cor de Festa","og_description":"Partituras de m\u00fasica Pasodoble para Orquestas y bandas. M\u00fasica escrita.","og_url":"https:\/\/www.omnesbands.international\/ja\/produkt\/cor-de-festa\/","article_modified_time":"2023-11-14T13:42:54+00:00","og_image":[{"width":814,"height":865,"url":"https:\/\/www.omnesbands.international\/wp-content\/uploads\/2023\/01\/cor-de-festa-1.jpg","type":"image\/jpeg"}],"twitter_card":"summary_large_image","twitter_misc":{"\u4fa1\u683c":"&#36;25.00","\u5728\u5eab":"\u5728\u5eab\u3042\u308a"},"schema":{"@context":"https:\/\/schema.org","@graph":[{"@type":"WebPage","@id":"https:\/\/www.omnesbands.international\/de\/produkt\/cor-de-festa\/","url":"https:\/\/www.omnesbands.international\/de\/produkt\/cor-de-festa\/","name":"Cor de Festa -","isPartOf":{"@id":"https:\/\/www.omnesbands.international\/#website"},"primaryImageOfPage":{"@id":"https:\/\/www.omnesbands.international\/de\/produkt\/cor-de-festa\/#primaryimage"},"image":{"@id":"https:\/\/www.omnesbands.international\/de\/produkt\/cor-de-festa\/#primaryimage"},"thumbnailUrl":"https:\/\/www.omnesbands.international\/wp-content\/uploads\/2023\/01\/cor-de-festa-1.jpg","datePublished":"2023-01-25T16:03:33+00:00","dateModified":"2023-11-14T13:42:54+00:00","description":"Partituras de m\u00fasica Pasodoble para Orquestas y bandas. M\u00fasica escrita.","breadcrumb":{"@id":"https:\/\/www.omnesbands.international\/de\/produkt\/cor-de-festa\/#breadcrumb"},"inLanguage":"ja","potentialAction":[{"@type":"ReadAction","target":["https:\/\/www.omnesbands.international\/de\/produkt\/cor-de-festa\/"]}]},{"@type":"ImageObject","inLanguage":"ja","@id":"https:\/\/www.omnesbands.international\/de\/produkt\/cor-de-festa\/#primaryimage","url":"https:\/\/www.omnesbands.international\/wp-content\/uploads\/2023\/01\/cor-de-festa-1.jpg","contentUrl":"https:\/\/www.omnesbands.international\/wp-content\/uploads\/2023\/01\/cor-de-festa-1.jpg","width":814,"height":865,"caption":"cor de festa"},{"@type":"BreadcrumbList","@id":"https:\/\/www.omnesbands.international\/de\/produkt\/cor-de-festa\/#breadcrumb","itemListElement":[{"@type":"ListItem","position":1,"name":"Portada","item":"https:\/\/www.omnesbands.international\/"},{"@type":"ListItem","position":2,"name":"Tienda","item":"https:\/\/www.omnesbands.international\/en\/shop\/"},{"@type":"ListItem","position":3,"name":"Cor de Festa"}]},{"@type":"WebSite","@id":"https:\/\/www.omnesbands.international\/#website","url":"https:\/\/www.omnesbands.international\/","name":"OMNESBANDS International","description":"\u72ec\u7acb\u3057\u305f\u4f5c\u5bb6\u3084\u4f5c\u66f2\u5bb6\u306b\u3088\u308b\u30aa\u30ea\u30b8\u30ca\u30eb\u306e\u697d\u8b5c","publisher":{"@id":"https:\/\/www.omnesbands.international\/#organization"},"potentialAction":[{"@type":"SearchAction","target":{"@type":"EntryPoint","urlTemplate":"https:\/\/www.omnesbands.international\/?s={search_term_string}"},"query-input":{"@type":"PropertyValueSpecification","valueRequired":true,"valueName":"search_term_string"}}],"inLanguage":"ja"},{"@type":"Organization","@id":"https:\/\/www.omnesbands.international\/#organization","name":"\u30a4\u30f3\u30c9\u30e9\u56fd\u969b\u30b3\u30f3\u30b5\u30eb\u30bf\u30f3\u30c8","alternateName":"Omnesbands","url":"https:\/\/www.omnesbands.international\/","logo":{"@type":"ImageObject","inLanguage":"ja","@id":"https:\/\/www.omnesbands.international\/#\/schema\/logo\/image\/","url":"https:\/\/omnesbands.international\/wp-content\/uploads\/2023\/06\/Logo-Nuevo-.png","contentUrl":"https:\/\/omnesbands.international\/wp-content\/uploads\/2023\/06\/Logo-Nuevo-.png","width":394,"height":212,"caption":"Indra Consultores Internacionales"},"image":{"@id":"https:\/\/www.omnesbands.international\/#\/schema\/logo\/image\/"}}]},"product_price_amount":"25.00","product_price_currency":"USD","og_availability":"instock","product_availability":"instock","product_retailer_item_id":"COR-PAS-ESP-22","product_condition":"new"},"uagb_featured_image_src":{"full":["https:\/\/www.omnesbands.international\/wp-content\/uploads\/2023\/01\/cor-de-festa-1.jpg",814,865,false],"thumbnail":["https:\/\/www.omnesbands.international\/wp-content\/uploads\/2023\/01\/cor-de-festa-1-150x150.jpg",150,150,true],"medium":["https:\/\/www.omnesbands.international\/wp-content\/uploads\/2023\/01\/cor-de-festa-1-282x300.jpg",282,300,true],"medium_large":["https:\/\/www.omnesbands.international\/wp-content\/uploads\/2023\/01\/cor-de-festa-1-768x816.jpg",768,816,true],"large":["https:\/\/www.omnesbands.international\/wp-content\/uploads\/2023\/01\/cor-de-festa-1.jpg",814,865,false],"1536x1536":["https:\/\/www.omnesbands.international\/wp-content\/uploads\/2023\/01\/cor-de-festa-1.jpg",814,865,false],"2048x2048":["https:\/\/www.omnesbands.international\/wp-content\/uploads\/2023\/01\/cor-de-festa-1.jpg",814,865,false],"trp-custom-language-flag":["https:\/\/www.omnesbands.international\/wp-content\/uploads\/2023\/01\/cor-de-festa-1-11x12.jpg",11,12,true],"gg_gallery_thumbnail":["https:\/\/www.omnesbands.international\/wp-content\/uploads\/2023\/01\/cor-de-festa-1-450x250.jpg",450,250,true],"woocommerce_thumbnail":["https:\/\/www.omnesbands.international\/wp-content\/uploads\/2023\/01\/cor-de-festa-1-300x300.jpg",300,300,true],"woocommerce_single":["https:\/\/www.omnesbands.international\/wp-content\/uploads\/2023\/01\/cor-de-festa-1-600x638.jpg",600,638,true],"woocommerce_gallery_thumbnail":["https:\/\/www.omnesbands.international\/wp-content\/uploads\/2023\/01\/cor-de-festa-1-100x100.jpg",100,100,true]},"uagb_author_info":{"display_name":"Melvin R. Portillo A:","author_link":"https:\/\/www.omnesbands.international\/ja\/author\/"},"uagb_comment_info":0,"uagb_excerpt":"Pasodoble del autor Jos\u00e9 Ure\u00f1a Eiras. Ha sido invitado a dirigir numerosas bandas y coros por toda la geograf\u00eda espa\u00f1ola, destacando su actividad en la Comunidad Valenciana, Catalu\u00f1a, Castilla-La Mancha, Castilla y Le\u00f3n, Comunidad de Madrid, y Andaluc\u00eda. Durante el curso 2014\/2015 fue profesor de la especialidad de direcci\u00f3n de banda en el Conservatorio Superior&hellip;","_links":{"self":[{"href":"https:\/\/www.omnesbands.international\/ja\/wp-json\/wp\/v2\/product\/1304","targetHints":{"allow":["GET"]}}],"collection":[{"href":"https:\/\/www.omnesbands.international\/ja\/wp-json\/wp\/v2\/product"}],"about":[{"href":"https:\/\/www.omnesbands.international\/ja\/wp-json\/wp\/v2\/types\/product"}],"replies":[{"embeddable":true,"href":"https:\/\/www.omnesbands.international\/ja\/wp-json\/wp\/v2\/comments?post=1304"}],"wp:featuredmedia":[{"embeddable":true,"href":"https:\/\/www.omnesbands.international\/ja\/wp-json\/wp\/v2\/media\/2574"}],"wp:attachment":[{"href":"https:\/\/www.omnesbands.international\/ja\/wp-json\/wp\/v2\/media?parent=1304"}],"wp:term":[{"taxonomy":"product_brand","embeddable":true,"href":"https:\/\/www.omnesbands.international\/ja\/wp-json\/wp\/v2\/product_brand?post=1304"},{"taxonomy":"product_cat","embeddable":true,"href":"https:\/\/www.omnesbands.international\/ja\/wp-json\/wp\/v2\/product_cat?post=1304"},{"taxonomy":"product_tag","embeddable":true,"href":"https:\/\/www.omnesbands.international\/ja\/wp-json\/wp\/v2\/product_tag?post=1304"}],"curies":[{"name":"wp","href":"https:\/\/api.w.org\/{rel}","templated":true}]}}