{"id":1347,"date":"2023-01-25T13:18:05","date_gmt":"2023-01-25T19:18:05","guid":{"rendered":"https:\/\/omnesbands.international\/?post_type=product&#038;p=1347"},"modified":"2023-11-05T09:00:35","modified_gmt":"2023-11-05T15:00:35","slug":"luchando","status":"publish","type":"product","link":"https:\/\/www.omnesbands.international\/ja\/product\/luchando\/","title":{"rendered":"\u3082\u304c\u304f"},"content":{"rendered":"<p align=\"JUSTIFY\">\u201cLuchando por la vida\u201d es el t\u00edtulo original de este pasodoble. El albaidense Fernando Tormo Ib\u00e1\u00f1ez lo compuso en una \u00e9poca dif\u00edcil, llena de tristeza, donde vivir el d\u00eda a d\u00eda era muy duro, caracter\u00edsticas que se dejan notar en esta obra, con cierto car\u00e1cter melanc\u00f3lico en todas sus melod\u00edas.<\/p>\n<p align=\"JUSTIFY\">\u30c8\u30eb\u30e2\u306f\u3001\u305d\u306e\u69cb\u60f3\u306e\u8907\u96d1\u3055\u304b\u3089\u3001\u81ea\u8eab\u306e\u30d1\u30bd\u30c9\u30d6\u30ec\u306e\u591a\u304f\u3092\u300c\u54f2\u5b66\u7684\u306a\u30d1\u30bd\u30c9\u30d6\u30ec\u300d\u3068\u547c\u3076\u3053\u3068\u3092\u597d\u3093\u3067\u3044\u307e\u3057\u305f\u3002\u30b9\u30da\u30a4\u30f3\u306e\u56f0\u96e3\u306a\u6642\u671f\u306b\u4f5c\u66f2\u3055\u308c\u305f\u30eb\u30ab\u30f3\u30c9\u306f\u3001\u3053\u306e\u8868\u73fe\u529b\u8c4a\u304b\u3067\u8358\u53b3\u306a\u30bf\u30a4\u30d7\u306e\u97f3\u697d\u306e\u30d1\u30e9\u30c0\u30a4\u30e0\u306e 1 \u3064\u3067\u3042\u308b\u53ef\u80fd\u6027\u304c\u3042\u308a\u307e\u3059\u3002<\/p>","protected":false},"excerpt":{"rendered":"[audio mp3=\"https:\/\/omnesbands.international\/wp-content\/uploads\/2023\/01\/luchando-tormo-ibanez-pd.-l-aranya-de-albaida-miguel-angel-grau.mp3\"][\/audio]\n<p>Pasodoble compuesto por el maestro Fernando Tormo Ib\u00e1\u00f1ez de Albaida (Valencia). \u201cLuchando por la vida\u201d es el t\u00edtulo original de este pasodoble. El albaidense Fernando Tormo Ib\u00e1\u00f1ez lo compuso en una \u00e9poca dif\u00edcil, llena de tristeza, donde vivir el d\u00eda a d\u00eda era muy duro, caracter\u00edsticas que se dejan notar en esta obra, con cierto car\u00e1cter melanc\u00f3lico en todas sus melod\u00edas.<\/p>\n<p align=\"JUSTIFY\">A Tormo le gustaba bautizar muchos de sus pasodobles como \u201cpasodobles filos\u00f3ficos\u201d por la complejidad en su concepci\u00f3n, y puede que Luchando, compuesto en una \u00e9poca dif\u00edcil en Espa\u00f1a, sea uno de los paradigmas de este tipo de m\u00fasica tan expresiva y majestuosa.<\/p>\n","protected":false},"featured_media":2505,"comment_status":"open","ping_status":"closed","template":"","meta":{"_acf_changed":false,"_uag_custom_page_level_css":"","site-sidebar-layout":"default","site-content-layout":"default","ast-site-content-layout":"default","site-content-style":"default","site-sidebar-style":"default","ast-global-header-display":"","ast-banner-title-visibility":"","ast-main-header-display":"","ast-hfb-above-header-display":"","ast-hfb-below-header-display":"","ast-hfb-mobile-header-display":"","site-post-title":"","ast-breadcrumbs-content":"","ast-featured-img":"","footer-sml-layout":"","ast-disable-related-posts":"","theme-transparent-header-meta":"default","adv-header-id-meta":"","stick-header-meta":"default","header-above-stick-meta":"","header-main-stick-meta":"","header-below-stick-meta":"","astra-migrate-meta-layouts":"set","ast-page-background-enabled":"default","ast-page-background-meta":{"desktop":{"background-color":"","background-image":"","background-repeat":"repeat","background-position":"center center","background-size":"auto","background-attachment":"scroll","background-type":"","background-media":"","overlay-type":"","overlay-color":"","overlay-opacity":"","overlay-gradient":""},"tablet":{"background-color":"","background-image":"","background-repeat":"repeat","background-position":"center center","background-size":"auto","background-attachment":"scroll","background-type":"","background-media":"","overlay-type":"","overlay-color":"","overlay-opacity":"","overlay-gradient":""},"mobile":{"background-color":"","background-image":"","background-repeat":"repeat","background-position":"center center","background-size":"auto","background-attachment":"scroll","background-type":"","background-media":"","overlay-type":"","overlay-color":"","overlay-opacity":"","overlay-gradient":""}},"ast-content-background-meta":{"desktop":{"background-color":"var(--ast-global-color-5)","background-image":"","background-repeat":"repeat","background-position":"center center","background-size":"auto","background-attachment":"scroll","background-type":"","background-media":"","overlay-type":"","overlay-color":"","overlay-opacity":"","overlay-gradient":""},"tablet":{"background-color":"var(--ast-global-color-5)","background-image":"","background-repeat":"repeat","background-position":"center center","background-size":"auto","background-attachment":"scroll","background-type":"","background-media":"","overlay-type":"","overlay-color":"","overlay-opacity":"","overlay-gradient":""},"mobile":{"background-color":"var(--ast-global-color-5)","background-image":"","background-repeat":"repeat","background-position":"center center","background-size":"auto","background-attachment":"scroll","background-type":"","background-media":"","overlay-type":"","overlay-color":"","overlay-opacity":"","overlay-gradient":""}}},"product_brand":[],"product_cat":[26],"product_tag":[33],"class_list":{"0":"post-1347","1":"product","2":"type-product","3":"status-publish","4":"has-post-thumbnail","6":"product_cat-pasodobles","7":"product_tag-fernando-tormo-ibanez","8":"desktop-align-left","9":"tablet-align-left","10":"mobile-align-left","11":"ast-product-gallery-layout-horizontal-slider","13":"first","14":"instock","15":"downloadable","16":"virtual","17":"taxable","18":"purchasable","19":"product-type-simple"},"acf":[],"yoast_head":"<!-- This site is optimized with the Yoast SEO Premium plugin v22.4 (Yoast SEO v27.4) - https:\/\/yoast.com\/product\/yoast-seo-premium-wordpress\/ -->\n<title>Luchando -<\/title>\n<meta name=\"description\" content=\"Partituras de m\u00fasica Pasodoble para Orquestas y bandas. M\u00fasica escrita\" \/>\n<meta name=\"robots\" content=\"index, follow, max-snippet:-1, max-image-preview:large, max-video-preview:-1\" \/>\n<link rel=\"canonical\" href=\"https:\/\/www.omnesbands.international\/ja\/product\/luchando\/\" \/>\n<meta property=\"og:locale\" content=\"ja_JP\" \/>\n<meta property=\"og:type\" content=\"article\" \/>\n<meta property=\"og:title\" content=\"Luchando\" \/>\n<meta property=\"og:description\" content=\"Partituras de m\u00fasica Pasodoble para Orquestas y bandas. M\u00fasica escrita\" \/>\n<meta property=\"og:url\" content=\"https:\/\/www.omnesbands.international\/ja\/product\/luchando\/\" \/>\n<meta property=\"article:modified_time\" content=\"2023-11-05T15:00:35+00:00\" \/>\n<meta property=\"og:image\" content=\"https:\/\/www.omnesbands.international\/wp-content\/uploads\/2023\/01\/Luchando-1.jpg\" \/>\n\t<meta property=\"og:image:width\" content=\"747\" \/>\n\t<meta property=\"og:image:height\" content=\"1015\" \/>\n\t<meta property=\"og:image:type\" content=\"image\/jpeg\" \/>\n<meta name=\"twitter:card\" content=\"summary_large_image\" \/>\n<meta name=\"twitter:label1\" content=\"\u4fa1\u683c\" \/>\n\t<meta name=\"twitter:data1\" content=\"&#036;25.00\" \/>\n\t<meta name=\"twitter:label2\" content=\"\u5728\u5eab\" \/>\n\t<meta name=\"twitter:data2\" content=\"\u5728\u5eab\u3042\u308a\" \/>\n<script type=\"application\/ld+json\" class=\"yoast-schema-graph\">{\"@context\":\"https:\\\/\\\/schema.org\",\"@graph\":[{\"@type\":\"WebPage\",\"@id\":\"https:\\\/\\\/www.omnesbands.international\\\/producto\\\/luchando\\\/\",\"url\":\"https:\\\/\\\/www.omnesbands.international\\\/producto\\\/luchando\\\/\",\"name\":\"Luchando -\",\"isPartOf\":{\"@id\":\"https:\\\/\\\/www.omnesbands.international\\\/#website\"},\"primaryImageOfPage\":{\"@id\":\"https:\\\/\\\/www.omnesbands.international\\\/producto\\\/luchando\\\/#primaryimage\"},\"image\":{\"@id\":\"https:\\\/\\\/www.omnesbands.international\\\/producto\\\/luchando\\\/#primaryimage\"},\"thumbnailUrl\":\"https:\\\/\\\/www.omnesbands.international\\\/wp-content\\\/uploads\\\/2023\\\/01\\\/Luchando-1.jpg\",\"datePublished\":\"2023-01-25T19:18:05+00:00\",\"dateModified\":\"2023-11-05T15:00:35+00:00\",\"description\":\"Partituras de m\u00fasica Pasodoble para Orquestas y bandas. M\u00fasica escrita\",\"breadcrumb\":{\"@id\":\"https:\\\/\\\/www.omnesbands.international\\\/producto\\\/luchando\\\/#breadcrumb\"},\"inLanguage\":\"ja\",\"potentialAction\":[{\"@type\":\"ReadAction\",\"target\":[\"https:\\\/\\\/www.omnesbands.international\\\/producto\\\/luchando\\\/\"]}]},{\"@type\":\"ImageObject\",\"inLanguage\":\"ja\",\"@id\":\"https:\\\/\\\/www.omnesbands.international\\\/producto\\\/luchando\\\/#primaryimage\",\"url\":\"https:\\\/\\\/www.omnesbands.international\\\/wp-content\\\/uploads\\\/2023\\\/01\\\/Luchando-1.jpg\",\"contentUrl\":\"https:\\\/\\\/www.omnesbands.international\\\/wp-content\\\/uploads\\\/2023\\\/01\\\/Luchando-1.jpg\",\"width\":747,\"height\":1015,\"caption\":\"Luchando\"},{\"@type\":\"BreadcrumbList\",\"@id\":\"https:\\\/\\\/www.omnesbands.international\\\/producto\\\/luchando\\\/#breadcrumb\",\"itemListElement\":[{\"@type\":\"ListItem\",\"position\":1,\"name\":\"Portada\",\"item\":\"https:\\\/\\\/www.omnesbands.international\\\/\"},{\"@type\":\"ListItem\",\"position\":2,\"name\":\"Tienda\",\"item\":\"https:\\\/\\\/www.omnesbands.international\\\/en\\\/shop\\\/\"},{\"@type\":\"ListItem\",\"position\":3,\"name\":\"Luchando\"}]},{\"@type\":\"WebSite\",\"@id\":\"https:\\\/\\\/www.omnesbands.international\\\/#website\",\"url\":\"https:\\\/\\\/www.omnesbands.international\\\/\",\"name\":\"OMNESBANDS International\",\"description\":\"Partituras Originales de autores y compositores independientes\",\"publisher\":{\"@id\":\"https:\\\/\\\/www.omnesbands.international\\\/#organization\"},\"potentialAction\":[{\"@type\":\"SearchAction\",\"target\":{\"@type\":\"EntryPoint\",\"urlTemplate\":\"https:\\\/\\\/www.omnesbands.international\\\/?s={search_term_string}\"},\"query-input\":{\"@type\":\"PropertyValueSpecification\",\"valueRequired\":true,\"valueName\":\"search_term_string\"}}],\"inLanguage\":\"ja\"},{\"@type\":\"Organization\",\"@id\":\"https:\\\/\\\/www.omnesbands.international\\\/#organization\",\"name\":\"Indra Consultores Internacionales\",\"alternateName\":\"Omnesbands\",\"url\":\"https:\\\/\\\/www.omnesbands.international\\\/\",\"logo\":{\"@type\":\"ImageObject\",\"inLanguage\":\"ja\",\"@id\":\"https:\\\/\\\/www.omnesbands.international\\\/#\\\/schema\\\/logo\\\/image\\\/\",\"url\":\"https:\\\/\\\/omnesbands.international\\\/wp-content\\\/uploads\\\/2023\\\/06\\\/Logo-Nuevo-.png\",\"contentUrl\":\"https:\\\/\\\/omnesbands.international\\\/wp-content\\\/uploads\\\/2023\\\/06\\\/Logo-Nuevo-.png\",\"width\":394,\"height\":212,\"caption\":\"Indra Consultores Internacionales\"},\"image\":{\"@id\":\"https:\\\/\\\/www.omnesbands.international\\\/#\\\/schema\\\/logo\\\/image\\\/\"}}]}<\/script>\n<meta property=\"product:price:amount\" content=\"25.00\" \/>\n<meta property=\"product:price:currency\" content=\"USD\" \/>\n<meta property=\"og:availability\" content=\"instock\" \/>\n<meta property=\"product:availability\" content=\"instock\" \/>\n<meta property=\"product:retailer_item_id\" content=\"LUC-PAS-ESP-22\" \/>\n<meta property=\"product:condition\" content=\"new\" \/>\n<!-- \/ Yoast SEO Premium plugin. -->","yoast_head_json":{"title":"Luchando -","description":"Partituras de m\u00fasica Pasodoble para Orquestas y bandas. M\u00fasica escrita","robots":{"index":"index","follow":"follow","max-snippet":"max-snippet:-1","max-image-preview":"max-image-preview:large","max-video-preview":"max-video-preview:-1"},"canonical":"https:\/\/www.omnesbands.international\/ja\/product\/luchando\/","og_locale":"ja_JP","og_type":"article","og_title":"Luchando","og_description":"Partituras de m\u00fasica Pasodoble para Orquestas y bandas. M\u00fasica escrita","og_url":"https:\/\/www.omnesbands.international\/ja\/product\/luchando\/","article_modified_time":"2023-11-05T15:00:35+00:00","og_image":[{"width":747,"height":1015,"url":"https:\/\/www.omnesbands.international\/wp-content\/uploads\/2023\/01\/Luchando-1.jpg","type":"image\/jpeg"}],"twitter_card":"summary_large_image","twitter_misc":{"\u4fa1\u683c":"&#36;25.00","\u5728\u5eab":"\u5728\u5eab\u3042\u308a"},"schema":{"@context":"https:\/\/schema.org","@graph":[{"@type":"WebPage","@id":"https:\/\/www.omnesbands.international\/producto\/luchando\/","url":"https:\/\/www.omnesbands.international\/producto\/luchando\/","name":"Luchando -","isPartOf":{"@id":"https:\/\/www.omnesbands.international\/#website"},"primaryImageOfPage":{"@id":"https:\/\/www.omnesbands.international\/producto\/luchando\/#primaryimage"},"image":{"@id":"https:\/\/www.omnesbands.international\/producto\/luchando\/#primaryimage"},"thumbnailUrl":"https:\/\/www.omnesbands.international\/wp-content\/uploads\/2023\/01\/Luchando-1.jpg","datePublished":"2023-01-25T19:18:05+00:00","dateModified":"2023-11-05T15:00:35+00:00","description":"Partituras de m\u00fasica Pasodoble para Orquestas y bandas. M\u00fasica escrita","breadcrumb":{"@id":"https:\/\/www.omnesbands.international\/producto\/luchando\/#breadcrumb"},"inLanguage":"ja","potentialAction":[{"@type":"ReadAction","target":["https:\/\/www.omnesbands.international\/producto\/luchando\/"]}]},{"@type":"ImageObject","inLanguage":"ja","@id":"https:\/\/www.omnesbands.international\/producto\/luchando\/#primaryimage","url":"https:\/\/www.omnesbands.international\/wp-content\/uploads\/2023\/01\/Luchando-1.jpg","contentUrl":"https:\/\/www.omnesbands.international\/wp-content\/uploads\/2023\/01\/Luchando-1.jpg","width":747,"height":1015,"caption":"Luchando"},{"@type":"BreadcrumbList","@id":"https:\/\/www.omnesbands.international\/producto\/luchando\/#breadcrumb","itemListElement":[{"@type":"ListItem","position":1,"name":"Portada","item":"https:\/\/www.omnesbands.international\/"},{"@type":"ListItem","position":2,"name":"Tienda","item":"https:\/\/www.omnesbands.international\/en\/shop\/"},{"@type":"ListItem","position":3,"name":"Luchando"}]},{"@type":"WebSite","@id":"https:\/\/www.omnesbands.international\/#website","url":"https:\/\/www.omnesbands.international\/","name":"OMNESBANDS International","description":"\u72ec\u7acb\u3057\u305f\u4f5c\u5bb6\u3084\u4f5c\u66f2\u5bb6\u306b\u3088\u308b\u30aa\u30ea\u30b8\u30ca\u30eb\u306e\u697d\u8b5c","publisher":{"@id":"https:\/\/www.omnesbands.international\/#organization"},"potentialAction":[{"@type":"SearchAction","target":{"@type":"EntryPoint","urlTemplate":"https:\/\/www.omnesbands.international\/?s={search_term_string}"},"query-input":{"@type":"PropertyValueSpecification","valueRequired":true,"valueName":"search_term_string"}}],"inLanguage":"ja"},{"@type":"Organization","@id":"https:\/\/www.omnesbands.international\/#organization","name":"\u30a4\u30f3\u30c9\u30e9\u56fd\u969b\u30b3\u30f3\u30b5\u30eb\u30bf\u30f3\u30c8","alternateName":"Omnesbands","url":"https:\/\/www.omnesbands.international\/","logo":{"@type":"ImageObject","inLanguage":"ja","@id":"https:\/\/www.omnesbands.international\/#\/schema\/logo\/image\/","url":"https:\/\/omnesbands.international\/wp-content\/uploads\/2023\/06\/Logo-Nuevo-.png","contentUrl":"https:\/\/omnesbands.international\/wp-content\/uploads\/2023\/06\/Logo-Nuevo-.png","width":394,"height":212,"caption":"Indra Consultores Internacionales"},"image":{"@id":"https:\/\/www.omnesbands.international\/#\/schema\/logo\/image\/"}}]},"product_price_amount":"25.00","product_price_currency":"USD","og_availability":"instock","product_availability":"instock","product_retailer_item_id":"LUC-PAS-ESP-22","product_condition":"new"},"uagb_featured_image_src":{"full":["https:\/\/www.omnesbands.international\/wp-content\/uploads\/2023\/01\/Luchando-1.jpg",747,1015,false],"thumbnail":["https:\/\/www.omnesbands.international\/wp-content\/uploads\/2023\/01\/Luchando-1-150x150.jpg",150,150,true],"medium":["https:\/\/www.omnesbands.international\/wp-content\/uploads\/2023\/01\/Luchando-1-221x300.jpg",221,300,true],"medium_large":["https:\/\/www.omnesbands.international\/wp-content\/uploads\/2023\/01\/Luchando-1.jpg",747,1015,false],"large":["https:\/\/www.omnesbands.international\/wp-content\/uploads\/2023\/01\/Luchando-1.jpg",747,1015,false],"1536x1536":["https:\/\/www.omnesbands.international\/wp-content\/uploads\/2023\/01\/Luchando-1.jpg",747,1015,false],"2048x2048":["https:\/\/www.omnesbands.international\/wp-content\/uploads\/2023\/01\/Luchando-1.jpg",747,1015,false],"trp-custom-language-flag":["https:\/\/www.omnesbands.international\/wp-content\/uploads\/2023\/01\/Luchando-1-9x12.jpg",9,12,true],"gg_gallery_thumbnail":["https:\/\/www.omnesbands.international\/wp-content\/uploads\/2023\/01\/Luchando-1-450x250.jpg",450,250,true],"woocommerce_thumbnail":["https:\/\/www.omnesbands.international\/wp-content\/uploads\/2023\/01\/Luchando-1-300x300.jpg",300,300,true],"woocommerce_single":["https:\/\/www.omnesbands.international\/wp-content\/uploads\/2023\/01\/Luchando-1-600x815.jpg",600,815,true],"woocommerce_gallery_thumbnail":["https:\/\/www.omnesbands.international\/wp-content\/uploads\/2023\/01\/Luchando-1-100x100.jpg",100,100,true]},"uagb_author_info":{"display_name":"Melvin R. Portillo A:","author_link":"https:\/\/www.omnesbands.international\/ja\/author\/"},"uagb_comment_info":0,"uagb_excerpt":"[audio mp3=\"https:\/\/omnesbands.international\/wp-content\/uploads\/2023\/01\/luchando-tormo-ibanez-pd.-l-aranya-de-albaida-miguel-angel-grau.mp3\"][\/audio] Pasodoble compuesto por el maestro Fernando Tormo Ib\u00e1\u00f1ez de Albaida (Valencia). \u201cLuchando por la vida\u201d es el t\u00edtulo original de este pasodoble. El albaidense Fernando Tormo Ib\u00e1\u00f1ez lo compuso en una \u00e9poca dif\u00edcil, llena de tristeza, donde vivir el d\u00eda a d\u00eda era muy duro, caracter\u00edsticas que se dejan notar en esta obra,&hellip;","_links":{"self":[{"href":"https:\/\/www.omnesbands.international\/ja\/wp-json\/wp\/v2\/product\/1347","targetHints":{"allow":["GET"]}}],"collection":[{"href":"https:\/\/www.omnesbands.international\/ja\/wp-json\/wp\/v2\/product"}],"about":[{"href":"https:\/\/www.omnesbands.international\/ja\/wp-json\/wp\/v2\/types\/product"}],"replies":[{"embeddable":true,"href":"https:\/\/www.omnesbands.international\/ja\/wp-json\/wp\/v2\/comments?post=1347"}],"wp:featuredmedia":[{"embeddable":true,"href":"https:\/\/www.omnesbands.international\/ja\/wp-json\/wp\/v2\/media\/2505"}],"wp:attachment":[{"href":"https:\/\/www.omnesbands.international\/ja\/wp-json\/wp\/v2\/media?parent=1347"}],"wp:term":[{"taxonomy":"product_brand","embeddable":true,"href":"https:\/\/www.omnesbands.international\/ja\/wp-json\/wp\/v2\/product_brand?post=1347"},{"taxonomy":"product_cat","embeddable":true,"href":"https:\/\/www.omnesbands.international\/ja\/wp-json\/wp\/v2\/product_cat?post=1347"},{"taxonomy":"product_tag","embeddable":true,"href":"https:\/\/www.omnesbands.international\/ja\/wp-json\/wp\/v2\/product_tag?post=1347"}],"curies":[{"name":"wp","href":"https:\/\/api.w.org\/{rel}","templated":true}]}}