{"id":947,"date":"2023-01-22T23:53:01","date_gmt":"2023-01-23T05:53:01","guid":{"rendered":"https:\/\/omnesbands.international\/?post_type=product&#038;p=947"},"modified":"2023-12-02T16:29:52","modified_gmt":"2023-12-02T22:29:52","slug":"a-la-derecha-del-padre","status":"publish","type":"product","link":"https:\/\/www.omnesbands.international\/ja\/product\/a-la-derecha-del-padre\/","title":{"rendered":"\u7236\u306e\u53f3\u5074"},"content":{"rendered":"<p>\u300c\u7236\u306e\u53f3\u3078\u300d\u3068\u3044\u3046\u884c\u5217\u884c\u9032\u306f\u3001\u30bb\u30d3\u30ea\u30a2\u306e\u8056\u4e09\u4f4d\u4e00\u4f53\u306e\u540c\u80de\u56e3\u306e\u5916\u306b\u3044\u305f\u5144\u3067\u3001\u60b2\u3057\u3044\u3053\u3068\u306b2008\u5e7410\u6708\u306b\u5931\u8e2a\u3057\u305fD\u30fb\u30db\u30bb\u30fb\u30b4\u30e1\u30b9\u30fb\u30eb\u30b1\u6559\u5e2b\u306b\u5bfe\u3059\u308b\u3001\u6559\u5e2b\u30c7\u30d3\u30c3\u30c9\u30fb\u30a6\u30eb\u30bf\u30c9\u30fb\u30c8\u30fc\u30ec\u30b9\u304b\u3089\u306e\u8aa0\u5b9f\u304b\u3064\u5fc3\u306e\u3053\u3082\u3063\u305f\u8cdb\u8f9e\u3068\u3057\u3066\u751f\u307e\u308c\u307e\u3057\u305f\u3002\u660e\u78ba\u306b\u533a\u5225\u3055\u308c\u305f 2 \u3064\u306e\u30bb\u30af\u30b7\u30e7\u30f3\u3067\u69cb\u6210\u3055\u308c\u308b\u3053\u306e\u7269\u8a9e\u306f\u3001\u5927\u5730\u306b\u523b\u307e\u308c\u305f\u6e9d\u306e\u3088\u3046\u306b\u3001\u53cb\u4eba\u306e\u6b7b\u304c\u4eba\u9593\u306e\u9b42\u306b\u6d88\u3048\u308b\u3053\u3068\u306e\u306a\u3044\u3055\u307e\u3056\u307e\u306a\u611f\u60c5\u3092\u5de1\u308b\u65c5\u3067\u3059\u3002\u60b2\u5287\u306e\u6700\u521d\u306e\u30b7\u30e7\u30c3\u30af\u304b\u3089\u3001\u89e3\u304d\u653e\u305f\u308c\u305f\u60b2\u3057\u307f\u3001\u53cd\u6297\u3001\u305d\u3057\u3066\u7121\u529b\u611f\u306e\u6df7\u5408\u3092\u7d4c\u3066\u3001\u6700\u521d\u306e\u5d50\u304c\u53bb\u3063\u305f\u5f8c\u306e\u6df1\u3044\u6182\u9b31\u306a\u8a18\u61b6\u306b\u81f3\u308b\u307e\u3067\u3001\u53bb\u3063\u305f\u4eba\u306f\u5ea7\u308b\u305f\u3081\u306b\u53bb\u3063\u305f\u306e\u3060\u3068\u4fe1\u3058\u308b\u5e0c\u671b\u304c\u308f\u305a\u304b\u306b\u30cb\u30e5\u30a2\u30f3\u30b9\u3092\u5e2f\u3073\u3066\u3044\u305f\u7236\u306e\u53f3\u306b\u3002<\/p>","protected":false},"excerpt":{"rendered":"<p>\u300c\u7236\u306e\u53f3\u3078\u300d\u3068\u3044\u3046\u884c\u5217\u884c\u9032\u306f\u3001\u30bb\u30d3\u30ea\u30a2\u306e\u8056\u4e09\u4f4d\u4e00\u4f53\u306e\u540c\u80de\u56e3\u306e\u5916\u306b\u3044\u305f\u30b7\u30cb\u30a2\u30d6\u30e9\u30b6\u30fc\u3067\u3042\u308a\u3001\u60b2\u3057\u3044\u3053\u3068\u306b2008\u5e7410\u6708\u306b\u5931\u8e2a\u3057\u305fD\u30fb\u30db\u30bb\u30fb\u30b4\u30e1\u30b9\u30fb\u30eb\u30b1\u6559\u5e2b\u306b\u5bfe\u3059\u308b\u3001\u6559\u5e2b\u30c7\u30d3\u30c3\u30c9\u30fb\u30a6\u30eb\u30bf\u30c9\u30fb\u30c8\u30fc\u30ec\u30b9\u304b\u3089\u306e\u8aa0\u5b9f\u304b\u3064\u5fc3\u306e\u3053\u3082\u3063\u305f\u8cdb\u8f9e\u3068\u3057\u3066\u751f\u307e\u308c\u307e\u3057\u305f\u3002<\/p>","protected":false},"featured_media":948,"comment_status":"open","ping_status":"closed","template":"","meta":{"_acf_changed":false,"_uag_custom_page_level_css":"","site-sidebar-layout":"default","site-content-layout":"default","ast-site-content-layout":"default","site-content-style":"default","site-sidebar-style":"default","ast-global-header-display":"","ast-banner-title-visibility":"","ast-main-header-display":"","ast-hfb-above-header-display":"","ast-hfb-below-header-display":"","ast-hfb-mobile-header-display":"","site-post-title":"","ast-breadcrumbs-content":"","ast-featured-img":"","footer-sml-layout":"","ast-disable-related-posts":"","theme-transparent-header-meta":"default","adv-header-id-meta":"","stick-header-meta":"default","header-above-stick-meta":"","header-main-stick-meta":"","header-below-stick-meta":"","astra-migrate-meta-layouts":"set","ast-page-background-enabled":"default","ast-page-background-meta":{"desktop":{"background-color":"","background-image":"","background-repeat":"repeat","background-position":"center center","background-size":"auto","background-attachment":"scroll","background-type":"","background-media":"","overlay-type":"","overlay-color":"","overlay-opacity":"","overlay-gradient":""},"tablet":{"background-color":"","background-image":"","background-repeat":"repeat","background-position":"center center","background-size":"auto","background-attachment":"scroll","background-type":"","background-media":"","overlay-type":"","overlay-color":"","overlay-opacity":"","overlay-gradient":""},"mobile":{"background-color":"","background-image":"","background-repeat":"repeat","background-position":"center center","background-size":"auto","background-attachment":"scroll","background-type":"","background-media":"","overlay-type":"","overlay-color":"","overlay-opacity":"","overlay-gradient":""}},"ast-content-background-meta":{"desktop":{"background-color":"var(--ast-global-color-5)","background-image":"","background-repeat":"repeat","background-position":"center center","background-size":"auto","background-attachment":"scroll","background-type":"","background-media":"","overlay-type":"","overlay-color":"","overlay-opacity":"","overlay-gradient":""},"tablet":{"background-color":"var(--ast-global-color-5)","background-image":"","background-repeat":"repeat","background-position":"center center","background-size":"auto","background-attachment":"scroll","background-type":"","background-media":"","overlay-type":"","overlay-color":"","overlay-opacity":"","overlay-gradient":""},"mobile":{"background-color":"var(--ast-global-color-5)","background-image":"","background-repeat":"repeat","background-position":"center center","background-size":"auto","background-attachment":"scroll","background-type":"","background-media":"","overlay-type":"","overlay-color":"","overlay-opacity":"","overlay-gradient":""}}},"product_brand":[],"product_cat":[27],"product_tag":[39],"class_list":{"0":"post-947","1":"product","2":"type-product","3":"status-publish","4":"has-post-thumbnail","6":"product_cat-musica-religiosa","7":"product_tag-david-hurtado-torres","8":"desktop-align-left","9":"tablet-align-left","10":"mobile-align-left","11":"ast-product-gallery-layout-horizontal-slider","13":"first","14":"instock","15":"downloadable","16":"virtual","17":"taxable","18":"purchasable","19":"product-type-simple"},"acf":[],"yoast_head":"<!-- This site is optimized with the Yoast SEO Premium plugin v22.4 (Yoast SEO v27.4) - https:\/\/yoast.com\/product\/yoast-seo-premium-wordpress\/ -->\n<title>A la derecha del Padre -<\/title>\n<meta name=\"description\" content=\"Partituras de m\u00fasica Religiosa para Orquestas y bandas. M\u00fasica escrita.\" \/>\n<meta name=\"robots\" content=\"index, follow, max-snippet:-1, max-image-preview:large, max-video-preview:-1\" \/>\n<link rel=\"canonical\" href=\"https:\/\/www.omnesbands.international\/ja\/product\/a-la-derecha-del-padre\/\" \/>\n<meta property=\"og:locale\" content=\"ja_JP\" \/>\n<meta property=\"og:type\" content=\"article\" \/>\n<meta property=\"og:title\" content=\"A la derecha del Padre\" \/>\n<meta property=\"og:description\" content=\"Partituras de m\u00fasica Religiosa para Orquestas y bandas. M\u00fasica escrita.\" \/>\n<meta property=\"og:url\" content=\"https:\/\/www.omnesbands.international\/ja\/product\/a-la-derecha-del-padre\/\" \/>\n<meta property=\"article:modified_time\" content=\"2023-12-02T22:29:52+00:00\" \/>\n<meta property=\"og:image\" content=\"https:\/\/www.omnesbands.international\/wp-content\/uploads\/2023\/01\/A-la-derecha-del-Padre.jpg\" \/>\n\t<meta property=\"og:image:width\" content=\"600\" \/>\n\t<meta property=\"og:image:height\" content=\"610\" \/>\n\t<meta property=\"og:image:type\" content=\"image\/jpeg\" \/>\n<meta name=\"twitter:card\" content=\"summary_large_image\" \/>\n<meta name=\"twitter:label1\" content=\"\u4fa1\u683c\" \/>\n\t<meta name=\"twitter:data1\" content=\"&#036;20.00\" \/>\n\t<meta name=\"twitter:label2\" content=\"\u5728\u5eab\" \/>\n\t<meta name=\"twitter:data2\" content=\"\u5728\u5eab\u3042\u308a\" \/>\n<script type=\"application\/ld+json\" class=\"yoast-schema-graph\">{\"@context\":\"https:\\\/\\\/schema.org\",\"@graph\":[{\"@type\":\"WebPage\",\"@id\":\"https:\\\/\\\/www.omnesbands.international\\\/ja\\\/product\\\/a-la-derecha-del-padre\\\/\",\"url\":\"https:\\\/\\\/www.omnesbands.international\\\/ja\\\/product\\\/a-la-derecha-del-padre\\\/\",\"name\":\"A la derecha del Padre -\",\"isPartOf\":{\"@id\":\"https:\\\/\\\/www.omnesbands.international\\\/#website\"},\"primaryImageOfPage\":{\"@id\":\"https:\\\/\\\/www.omnesbands.international\\\/ja\\\/product\\\/a-la-derecha-del-padre\\\/#primaryimage\"},\"image\":{\"@id\":\"https:\\\/\\\/www.omnesbands.international\\\/ja\\\/product\\\/a-la-derecha-del-padre\\\/#primaryimage\"},\"thumbnailUrl\":\"https:\\\/\\\/www.omnesbands.international\\\/wp-content\\\/uploads\\\/2023\\\/01\\\/A-la-derecha-del-Padre.jpg\",\"datePublished\":\"2023-01-23T05:53:01+00:00\",\"dateModified\":\"2023-12-02T22:29:52+00:00\",\"description\":\"Partituras de m\u00fasica Religiosa para Orquestas y bandas. M\u00fasica escrita.\",\"breadcrumb\":{\"@id\":\"https:\\\/\\\/www.omnesbands.international\\\/ja\\\/product\\\/a-la-derecha-del-padre\\\/#breadcrumb\"},\"inLanguage\":\"ja\",\"potentialAction\":[{\"@type\":\"ReadAction\",\"target\":[\"https:\\\/\\\/www.omnesbands.international\\\/ja\\\/product\\\/a-la-derecha-del-padre\\\/\"]}]},{\"@type\":\"ImageObject\",\"inLanguage\":\"ja\",\"@id\":\"https:\\\/\\\/www.omnesbands.international\\\/ja\\\/product\\\/a-la-derecha-del-padre\\\/#primaryimage\",\"url\":\"https:\\\/\\\/www.omnesbands.international\\\/wp-content\\\/uploads\\\/2023\\\/01\\\/A-la-derecha-del-Padre.jpg\",\"contentUrl\":\"https:\\\/\\\/www.omnesbands.international\\\/wp-content\\\/uploads\\\/2023\\\/01\\\/A-la-derecha-del-Padre.jpg\",\"width\":600,\"height\":610,\"caption\":\"A la derecha del Padre\"},{\"@type\":\"BreadcrumbList\",\"@id\":\"https:\\\/\\\/www.omnesbands.international\\\/ja\\\/product\\\/a-la-derecha-del-padre\\\/#breadcrumb\",\"itemListElement\":[{\"@type\":\"ListItem\",\"position\":1,\"name\":\"Portada\",\"item\":\"https:\\\/\\\/www.omnesbands.international\\\/\"},{\"@type\":\"ListItem\",\"position\":2,\"name\":\"Tienda\",\"item\":\"https:\\\/\\\/www.omnesbands.international\\\/en\\\/shop\\\/\"},{\"@type\":\"ListItem\",\"position\":3,\"name\":\"A la derecha del Padre\"}]},{\"@type\":\"WebSite\",\"@id\":\"https:\\\/\\\/www.omnesbands.international\\\/#website\",\"url\":\"https:\\\/\\\/www.omnesbands.international\\\/\",\"name\":\"OMNESBANDS International\",\"description\":\"Partituras Originales de autores y compositores independientes\",\"publisher\":{\"@id\":\"https:\\\/\\\/www.omnesbands.international\\\/#organization\"},\"potentialAction\":[{\"@type\":\"SearchAction\",\"target\":{\"@type\":\"EntryPoint\",\"urlTemplate\":\"https:\\\/\\\/www.omnesbands.international\\\/?s={search_term_string}\"},\"query-input\":{\"@type\":\"PropertyValueSpecification\",\"valueRequired\":true,\"valueName\":\"search_term_string\"}}],\"inLanguage\":\"ja\"},{\"@type\":\"Organization\",\"@id\":\"https:\\\/\\\/www.omnesbands.international\\\/#organization\",\"name\":\"Indra Consultores Internacionales\",\"alternateName\":\"Omnesbands\",\"url\":\"https:\\\/\\\/www.omnesbands.international\\\/\",\"logo\":{\"@type\":\"ImageObject\",\"inLanguage\":\"ja\",\"@id\":\"https:\\\/\\\/www.omnesbands.international\\\/#\\\/schema\\\/logo\\\/image\\\/\",\"url\":\"https:\\\/\\\/omnesbands.international\\\/wp-content\\\/uploads\\\/2023\\\/06\\\/Logo-Nuevo-.png\",\"contentUrl\":\"https:\\\/\\\/omnesbands.international\\\/wp-content\\\/uploads\\\/2023\\\/06\\\/Logo-Nuevo-.png\",\"width\":394,\"height\":212,\"caption\":\"Indra Consultores Internacionales\"},\"image\":{\"@id\":\"https:\\\/\\\/www.omnesbands.international\\\/#\\\/schema\\\/logo\\\/image\\\/\"}}]}<\/script>\n<meta property=\"product:price:amount\" content=\"20.00\" \/>\n<meta property=\"product:price:currency\" content=\"USD\" \/>\n<meta property=\"og:availability\" content=\"instock\" \/>\n<meta property=\"product:availability\" content=\"instock\" \/>\n<meta property=\"product:retailer_item_id\" content=\"ALA-REL-ESP-22\" \/>\n<meta property=\"product:condition\" content=\"new\" \/>\n<!-- \/ Yoast SEO Premium plugin. -->","yoast_head_json":{"title":"A la derecha del Padre -","description":"Partituras de m\u00fasica Religiosa para Orquestas y bandas. M\u00fasica escrita.","robots":{"index":"index","follow":"follow","max-snippet":"max-snippet:-1","max-image-preview":"max-image-preview:large","max-video-preview":"max-video-preview:-1"},"canonical":"https:\/\/www.omnesbands.international\/ja\/product\/a-la-derecha-del-padre\/","og_locale":"ja_JP","og_type":"article","og_title":"A la derecha del Padre","og_description":"Partituras de m\u00fasica Religiosa para Orquestas y bandas. M\u00fasica escrita.","og_url":"https:\/\/www.omnesbands.international\/ja\/product\/a-la-derecha-del-padre\/","article_modified_time":"2023-12-02T22:29:52+00:00","og_image":[{"width":600,"height":610,"url":"https:\/\/www.omnesbands.international\/wp-content\/uploads\/2023\/01\/A-la-derecha-del-Padre.jpg","type":"image\/jpeg"}],"twitter_card":"summary_large_image","twitter_misc":{"\u4fa1\u683c":"&#36;20.00","\u5728\u5eab":"\u5728\u5eab\u3042\u308a"},"schema":{"@context":"https:\/\/schema.org","@graph":[{"@type":"WebPage","@id":"https:\/\/www.omnesbands.international\/ja\/product\/a-la-derecha-del-padre\/","url":"https:\/\/www.omnesbands.international\/ja\/product\/a-la-derecha-del-padre\/","name":"A la derecha del Padre -","isPartOf":{"@id":"https:\/\/www.omnesbands.international\/#website"},"primaryImageOfPage":{"@id":"https:\/\/www.omnesbands.international\/ja\/product\/a-la-derecha-del-padre\/#primaryimage"},"image":{"@id":"https:\/\/www.omnesbands.international\/ja\/product\/a-la-derecha-del-padre\/#primaryimage"},"thumbnailUrl":"https:\/\/www.omnesbands.international\/wp-content\/uploads\/2023\/01\/A-la-derecha-del-Padre.jpg","datePublished":"2023-01-23T05:53:01+00:00","dateModified":"2023-12-02T22:29:52+00:00","description":"Partituras de m\u00fasica Religiosa para Orquestas y bandas. M\u00fasica escrita.","breadcrumb":{"@id":"https:\/\/www.omnesbands.international\/ja\/product\/a-la-derecha-del-padre\/#breadcrumb"},"inLanguage":"ja","potentialAction":[{"@type":"ReadAction","target":["https:\/\/www.omnesbands.international\/ja\/product\/a-la-derecha-del-padre\/"]}]},{"@type":"ImageObject","inLanguage":"ja","@id":"https:\/\/www.omnesbands.international\/ja\/product\/a-la-derecha-del-padre\/#primaryimage","url":"https:\/\/www.omnesbands.international\/wp-content\/uploads\/2023\/01\/A-la-derecha-del-Padre.jpg","contentUrl":"https:\/\/www.omnesbands.international\/wp-content\/uploads\/2023\/01\/A-la-derecha-del-Padre.jpg","width":600,"height":610,"caption":"A la derecha del Padre"},{"@type":"BreadcrumbList","@id":"https:\/\/www.omnesbands.international\/ja\/product\/a-la-derecha-del-padre\/#breadcrumb","itemListElement":[{"@type":"ListItem","position":1,"name":"Portada","item":"https:\/\/www.omnesbands.international\/"},{"@type":"ListItem","position":2,"name":"Tienda","item":"https:\/\/www.omnesbands.international\/en\/shop\/"},{"@type":"ListItem","position":3,"name":"A la derecha del Padre"}]},{"@type":"WebSite","@id":"https:\/\/www.omnesbands.international\/#website","url":"https:\/\/www.omnesbands.international\/","name":"OMNESBANDS International","description":"\u72ec\u7acb\u3057\u305f\u4f5c\u5bb6\u3084\u4f5c\u66f2\u5bb6\u306b\u3088\u308b\u30aa\u30ea\u30b8\u30ca\u30eb\u306e\u697d\u8b5c","publisher":{"@id":"https:\/\/www.omnesbands.international\/#organization"},"potentialAction":[{"@type":"SearchAction","target":{"@type":"EntryPoint","urlTemplate":"https:\/\/www.omnesbands.international\/?s={search_term_string}"},"query-input":{"@type":"PropertyValueSpecification","valueRequired":true,"valueName":"search_term_string"}}],"inLanguage":"ja"},{"@type":"Organization","@id":"https:\/\/www.omnesbands.international\/#organization","name":"\u30a4\u30f3\u30c9\u30e9\u56fd\u969b\u30b3\u30f3\u30b5\u30eb\u30bf\u30f3\u30c8","alternateName":"Omnesbands","url":"https:\/\/www.omnesbands.international\/","logo":{"@type":"ImageObject","inLanguage":"ja","@id":"https:\/\/www.omnesbands.international\/#\/schema\/logo\/image\/","url":"https:\/\/omnesbands.international\/wp-content\/uploads\/2023\/06\/Logo-Nuevo-.png","contentUrl":"https:\/\/omnesbands.international\/wp-content\/uploads\/2023\/06\/Logo-Nuevo-.png","width":394,"height":212,"caption":"Indra Consultores Internacionales"},"image":{"@id":"https:\/\/www.omnesbands.international\/#\/schema\/logo\/image\/"}}]},"product_price_amount":"20.00","product_price_currency":"USD","og_availability":"instock","product_availability":"instock","product_retailer_item_id":"ALA-REL-ESP-22","product_condition":"new"},"uagb_featured_image_src":{"full":["https:\/\/www.omnesbands.international\/wp-content\/uploads\/2023\/01\/A-la-derecha-del-Padre.jpg",600,610,false],"thumbnail":["https:\/\/www.omnesbands.international\/wp-content\/uploads\/2023\/01\/A-la-derecha-del-Padre-150x150.jpg",150,150,true],"medium":["https:\/\/www.omnesbands.international\/wp-content\/uploads\/2023\/01\/A-la-derecha-del-Padre-295x300.jpg",295,300,true],"medium_large":["https:\/\/www.omnesbands.international\/wp-content\/uploads\/2023\/01\/A-la-derecha-del-Padre.jpg",600,610,false],"large":["https:\/\/www.omnesbands.international\/wp-content\/uploads\/2023\/01\/A-la-derecha-del-Padre.jpg",600,610,false],"1536x1536":["https:\/\/www.omnesbands.international\/wp-content\/uploads\/2023\/01\/A-la-derecha-del-Padre.jpg",600,610,false],"2048x2048":["https:\/\/www.omnesbands.international\/wp-content\/uploads\/2023\/01\/A-la-derecha-del-Padre.jpg",600,610,false],"trp-custom-language-flag":["https:\/\/www.omnesbands.international\/wp-content\/uploads\/2023\/01\/A-la-derecha-del-Padre.jpg",12,12,false],"gg_gallery_thumbnail":["https:\/\/www.omnesbands.international\/wp-content\/uploads\/2023\/01\/A-la-derecha-del-Padre.jpg",246,250,false],"woocommerce_thumbnail":["https:\/\/www.omnesbands.international\/wp-content\/uploads\/2023\/01\/A-la-derecha-del-Padre-300x300.jpg",300,300,true],"woocommerce_single":["https:\/\/www.omnesbands.international\/wp-content\/uploads\/2023\/01\/A-la-derecha-del-Padre.jpg",600,610,false],"woocommerce_gallery_thumbnail":["https:\/\/www.omnesbands.international\/wp-content\/uploads\/2023\/01\/A-la-derecha-del-Padre-100x100.jpg",100,100,true]},"uagb_author_info":{"display_name":"Melvin R. Portillo A:","author_link":"https:\/\/www.omnesbands.international\/ja\/author\/"},"uagb_comment_info":0,"uagb_excerpt":"La marcha procesional \u201cA la derecha del Padre\u201d, surge como un sincero y sentido homenaje del maestro David Hurtado Torres a D. Jos\u00e9 G\u00f3mez Luque, Hermano Mayor que fuera de la Hermandad de la Sant\u00edsima Trinidad de Sevilla, tristemente desaparecido en Octubre de 2008.","_links":{"self":[{"href":"https:\/\/www.omnesbands.international\/ja\/wp-json\/wp\/v2\/product\/947","targetHints":{"allow":["GET"]}}],"collection":[{"href":"https:\/\/www.omnesbands.international\/ja\/wp-json\/wp\/v2\/product"}],"about":[{"href":"https:\/\/www.omnesbands.international\/ja\/wp-json\/wp\/v2\/types\/product"}],"replies":[{"embeddable":true,"href":"https:\/\/www.omnesbands.international\/ja\/wp-json\/wp\/v2\/comments?post=947"}],"wp:featuredmedia":[{"embeddable":true,"href":"https:\/\/www.omnesbands.international\/ja\/wp-json\/wp\/v2\/media\/948"}],"wp:attachment":[{"href":"https:\/\/www.omnesbands.international\/ja\/wp-json\/wp\/v2\/media?parent=947"}],"wp:term":[{"taxonomy":"product_brand","embeddable":true,"href":"https:\/\/www.omnesbands.international\/ja\/wp-json\/wp\/v2\/product_brand?post=947"},{"taxonomy":"product_cat","embeddable":true,"href":"https:\/\/www.omnesbands.international\/ja\/wp-json\/wp\/v2\/product_cat?post=947"},{"taxonomy":"product_tag","embeddable":true,"href":"https:\/\/www.omnesbands.international\/ja\/wp-json\/wp\/v2\/product_tag?post=947"}],"curies":[{"name":"wp","href":"https:\/\/api.w.org\/{rel}","templated":true}]}}