{"id":955,"date":"2023-01-23T00:07:31","date_gmt":"2023-01-23T06:07:31","guid":{"rendered":"https:\/\/omnesbands.international\/?post_type=product&#038;p=955"},"modified":"2023-12-02T16:14:27","modified_gmt":"2023-12-02T22:14:27","slug":"berlanga-blasco-ibanez","status":"publish","type":"product","link":"https:\/\/www.omnesbands.international\/ja\/product\/berlanga-blasco-ibanez\/","title":{"rendered":"\u30d9\u30eb\u30e9\u30f3\u30ac \u30d6\u30e9\u30b9\u30b3 \u30a4\u30d0\u30cb\u30a7\u30b9"},"content":{"rendered":"<p><strong>\u6620\u753b\u306e\u30c6\u30fc\u30de\u306b\u3088\u308b\u30b7\u30f3\u30d5\u30a9\u30cb\u30c3\u30af\u30d0\u30f3\u30c9\u306e\u305f\u3081\u306e\u7d44\u66f2\u3002<\/strong><\/p>\n<p>\u30d9\u30eb\u30e9\u30f3\u30ac\u304c\u30c6\u30ec\u30d3\u30b7\u30ea\u30fc\u30ba\u300c\u30d6\u30e9\u30b9\u30b3\u30fb\u30a4\u30d0\u30fc\u30cb\u30a7\u30b9\u3001\u751f\u6daf\u306e\u5c0f\u8aac\u300d\u306e\u30b5\u30a6\u30f3\u30c9\u30c8\u30e9\u30c3\u30af\u306e\u4f5c\u66f2\u3092\u30eb\u30a4\u30b9\u30fb\u30e1\u30f3\u30c9\u3068\u30d9\u30eb\u30ca\u30eb\u30c9\u30fb\u30d5\u30b9\u30bf\u30fc\u306b\u4f9d\u983c\u3057\u3001\u811a\u672c\u3092\u8aad\u3093\u3060\u5f7c\u3089\u304c\u6700\u521d\u306b\u3057\u305f\u3053\u3068\u306f\u3001\u6559\u5e2b\u30a2\u30b7\u30f3\u30b9\u30fb\u30a2\u30eb\u30dc\u306b\u30a4\u30f3\u30bf\u30d3\u30e5\u30fc\u3059\u308b\u305f\u3081\u306b\u30d0\u30ec\u30f3\u30b7\u30a2\u306b\u5411\u304b\u3063\u305f\u3053\u3068\u3060\u3063\u305f\u3002\u6620\u753b\u88fd\u4f5c\u8005\u304c\u63a8\u5968\u3057\u305f\u3088\u3046\u306b\u3002\u5f7c\u306e\u76ee\u7684\u306f\u3001\u30d0\u30ec\u30f3\u30b7\u30a2\u306e\u5049\u5927\u306a\u4f5c\u66f2\u5bb6\u3092\u77e5\u308b\u3053\u3068\u3068\u306f\u5225\u306b\u3001\u30d0\u30ec\u30f3\u30b7\u30a2\u306e\u6c11\u9593\u4f1d\u627f\u3068\u5f53\u6642\u306e\u97f3\u697d\u306e\u3044\u304f\u3064\u304b\u306e\u5074\u9762\u306b\u3064\u3044\u3066\u306e\u60c5\u5831\u3092\u53ce\u96c6\u3059\u308b\u3053\u3068\u3067\u3057\u305f\u3002\u30a4\u30f3\u30bf\u30d3\u30e5\u30fc\u306f\u672c\u5f53\u306b\u5145\u5b9f\u3057\u305f\u3082\u306e\u3067\u3057\u305f\u3002\u5f7c\u3089\u306f\u30d7\u30ed\u30b8\u30a7\u30af\u30c8\u306b\u60c5\u71b1\u7684\u306b\u53d6\u308a\u7d44\u3080\u306e\u306b\u5341\u5206\u306a\u660e\u78ba\u306a\u30a2\u30a4\u30c7\u30a2\u3092\u6301\u3063\u3066\u5bb6\u3092\u51fa\u307e\u3057\u305f\u3002<\/p>\n<p>\u6b21\u306e\u30b9\u30c6\u30c3\u30d7\u306f\u3001\u30c8\u30fc\u30af\u4e2d\u306b\u805e\u3044\u305f\u3059\u3079\u3066\u3092\u89e3\u91c8\u3057\u3001\u305d\u308c\u3092\u97f3\u697d\u306b\u5909\u63db\u3059\u308b\u3053\u3068\u3067\u3057\u305f\u3002\u97f3\u697d\u30d6\u30ed\u30c3\u30af\u306e\u3044\u304f\u3064\u304b\u306f\u76e3\u7763\u306e\u6307\u793a\u3067\u64ae\u5f71\u4e2d\u306b\u30e9\u30a4\u30d6\u3067\u6f14\u594f\u3055\u308c\u305f\u305f\u3081\u3001\u591a\u304f\u306e\u5834\u5408\u3001\u64ae\u5f71\u4e2d\u306e\u753b\u50cf\u306b\u9069\u5fdc\u3057\u307e\u3057\u305f\u3002<\/p>\n<p>\u30d0\u30ec\u30f3\u30b7\u30a2\u306e\u4f5c\u5bb6\u306e\u751f\u6daf\u306f\u3001\u30e1\u30f3\u30c9\u3068\u30d5\u30b9\u30bf\u30fc\u306e\u8a00\u8449\u3092\u501f\u308a\u308c\u3070\u3001\u975e\u5e38\u306b\u8c4a\u304b\u3067\u591a\u4f5c\u3060\u3063\u305f\u3002\u4f5c\u5bb6\u306e\u60c5\u71b1\u7684\u3067\u591a\u5fd9\u3067\u65c5\u3092\u7d9a\u3051\u308b\u4eba\u751f\u3092\u5f37\u8abf\u3059\u308b\u3001\u56fd\u969b\u7684\u3067\u7570\u56fd\u60c5\u7dd2\u3092\u5fd8\u308c\u308b\u3053\u3068\u306f\u3042\u308a\u307e\u305b\u3093\u3002\u300d<\/p>\n<p>\u6620\u753b\u304c\u5b8c\u6210\u3057\u3066\u4e0a\u6620\u3055\u308c\u308b\u3068\u3001\u5f7c\u3089\u306f\u3001\u305d\u306e\u7d50\u679c\u304c\u5f7c\u3089\u306e\u610f\u56f3\u3057\u305f\u3082\u306e\u306b\u975e\u5e38\u306b\u8fd1\u3044\u3082\u306e\u3067\u3042\u308b\u3053\u3068\u3001\u6e80\u305f\u3059\u3079\u304d\u5074\u9762\u3084\u30cb\u30e5\u30a2\u30f3\u30b9\u304c 1 \u3064\u3060\u3051\u6b8b\u3063\u3066\u3044\u308b\u3053\u3068\u3001\u305d\u3057\u3066\u305d\u308c\u304c\u30eb\u30a4\u30b9\u306e\u4e16\u754c\u3092\u6e80\u305f\u3059\u97f3\u697d\u7684\u30a2\u30a4\u30c7\u30a2\u306b\u3055\u3089\u306b\u8fd1\u3065\u304f\u3053\u3068\u306b\u306a\u308b\u3053\u3068\u306b\u6c17\u3065\u304d\u307e\u3057\u305f\u3002\u30ac\u30eb\u30b7\u30a2: \u30d0\u30f3\u30c0\u306e\u305f\u3081\u306b\u30b9\u30a4\u30fc\u30c8\u3092\u4f5c\u3063\u3066\u3002\u30d0\u30ec\u30f3\u30b7\u30a2\u306e\u30d0\u30f3\u30c9\u306e\u30b5\u30a6\u30f3\u30c9\u3092\u901a\u3057\u3066\u3001\u3053\u306e\u6620\u753b\u306e\u5de8\u5320\u306b\u656c\u610f\u3092\u8868\u3057\u3001\u540c\u6642\u306b\u30d6\u30e9\u30b9\u30b3\u30fb\u30a4\u30d0\u30fc\u30cb\u30a7\u30b9\u306e\u4eba\u751f\u3092\u6b63\u5f53\u5316\u3059\u308b\u3053\u3068\u304c\u3067\u304d\u308b\u7d44\u66f2\u3067\u3059\u3002<\/p>\n<p>\u3053\u306e\u4e8b\u5f8c\u7684\u306a\u4f5c\u54c1\u306b\u306f\u3001\u30de\u30a8\u30b9\u30c8\u30ed\u3001\u30e9\u30e2\u30f3\u30fb\u30ac\u30eb\u30b7\u30a2\u30fb\u30a4\u30fb\u30bd\u30ec\u30fc\u30eb\u306e\u5354\u529b\u3068\u8ca2\u732e\u304c\u4f55\u3088\u308a\u3082\u5927\u5207\u3067\u3059\u3002\u5f7c\u306f\u3053\u306e\u7d44\u66f2\u306e\u30aa\u30fc\u30b1\u30b9\u30c8\u30ec\u30fc\u30b7\u30e7\u30f3\u3068\u7de8\u66f2\u3092\u63d0\u6848\u3055\u308c\u305f\u305d\u306e\u77ac\u9593\u304b\u3089\u3001\u5275\u9020\u7684\u306a\u77e5\u8b58\u306e\u63d0\u4f9b\u306b\u643a\u308f\u3063\u3066\u304f\u308c\u307e\u3057\u305f\u3002\u30aa\u30ea\u30b8\u30ca\u30eb\u306e\u30b5\u30a6\u30f3\u30c9\u30c8\u30e9\u30c3\u30af\u306b\u65b0\u305f\u306a\u6b21\u5143\u3092\u4e0e\u3048\u307e\u3059\u3002<\/p>\n<p>\u305d\u306e\u7d50\u679c\u3001\u30d9\u30eb\u30e9\u30f3\u30ac\u304c\u305d\u308c\u3092\u5b9f\u73fe\u3059\u308b\u307e\u3067\u9577\u3044\u9593\u64ae\u308a\u305f\u304b\u3063\u305f\u30c6\u30ec\u30d3\u30b7\u30ea\u30fc\u30ba\u306e\u97f3\u697d\u304c\u7d44\u66f2\u69cb\u9020\u306e\u4e0b\u306b\u7d44\u307f\u8fbc\u307e\u308c\u305f\u3053\u306e\u30b9\u30b3\u30a2\u304c\u5b8c\u6210\u3057\u3001\u5f7c\u306e\u304a\u6c17\u306b\u5165\u308a\u306e\u4f5c\u5bb6\u306e\u4eba\u751f\u3068\u4eca\u3092\u66b4\u9732\u3059\u308b\u3053\u3068\u3067\u6b63\u7fa9\u3092\u679c\u305f\u3057\u307e\u3057\u305f\u3002\u30b9\u30af\u30ea\u30fc\u30f3\u306e\u5916\u3067\u65b0\u305f\u306a\u6b21\u5143\u3092\u7372\u5f97\u3057\u3001\u30d0\u30ec\u30f3\u30b7\u30a2\u3068\u4e16\u754c\u306e\u6587\u5316\u306e\u91cd\u8981\u306a\u30ab\u30c3\u30d7\u30eb\u306b\u656c\u610f\u3092\u6255\u3044\u7d9a\u3051\u307e\u3059\u3002<\/p>","protected":false},"excerpt":{"rendered":"<p>\u5de8\u5320\u30eb\u30a4\u30b9\u30fb\u30e1\u30f3\u30c9\u3001\u30d9\u30eb\u30ca\u30eb\u30c9\u30fb\u30d5\u30b9\u30bf\u30fc\u3001\u30e9\u30e2\u30f3\u30fb\u30ac\u30eb\u30b7\u30a2\u30fb\u30a4\u30fb\u30bd\u30ec\u30fc\u30eb\u306b\u3088\u308b\u6620\u753b\u306e\u30c6\u30fc\u30de\u306b\u3088\u308b\u4ea4\u97ff\u697d\u56e3\u306e\u305f\u3081\u306e\u7d44\u66f2\u3002\u30d9\u30eb\u30e9\u30f3\u30ac\u304c\u30c6\u30ec\u30d3\u30b7\u30ea\u30fc\u30ba\u300c\u30d6\u30e9\u30b9\u30b3\u30fb\u30a4\u30d0\u30fc\u30cb\u30a7\u30b9\u3001\u751f\u6daf\u306e\u5c0f\u8aac\u300d\u306e\u30b5\u30a6\u30f3\u30c9\u30c8\u30e9\u30c3\u30af\u306e\u4f5c\u66f2\u3092\u30eb\u30a4\u30b9\u30fb\u30e1\u30f3\u30c9\u3068\u30d9\u30eb\u30ca\u30eb\u30c9\u30fb\u30d5\u30b9\u30bf\u30fc\u306b\u4f9d\u983c\u3057\u3001\u811a\u672c\u3092\u8aad\u3093\u3060\u5f7c\u3089\u304c\u6700\u521d\u306b\u3057\u305f\u3053\u3068\u306f\u3001\u6559\u5e2b\u30a2\u30b7\u30f3\u30b9\u30fb\u30a2\u30eb\u30dc\u306b\u30a4\u30f3\u30bf\u30d3\u30e5\u30fc\u3059\u308b\u305f\u3081\u306b\u30d0\u30ec\u30f3\u30b7\u30a2\u306b\u5411\u304b\u3063\u305f\u3053\u3068\u3060\u3063\u305f\u3002\u6620\u753b\u88fd\u4f5c\u8005\u304c\u63a8\u5968\u3057\u305f\u3088\u3046\u306b\u3002<\/p>","protected":false},"featured_media":956,"comment_status":"open","ping_status":"closed","template":"","meta":{"_acf_changed":false,"_uag_custom_page_level_css":"","site-sidebar-layout":"default","site-content-layout":"default","ast-site-content-layout":"default","site-content-style":"default","site-sidebar-style":"default","ast-global-header-display":"","ast-banner-title-visibility":"","ast-main-header-display":"","ast-hfb-above-header-display":"","ast-hfb-below-header-display":"","ast-hfb-mobile-header-display":"","site-post-title":"","ast-breadcrumbs-content":"","ast-featured-img":"","footer-sml-layout":"","ast-disable-related-posts":"","theme-transparent-header-meta":"default","adv-header-id-meta":"","stick-header-meta":"default","header-above-stick-meta":"","header-main-stick-meta":"","header-below-stick-meta":"","astra-migrate-meta-layouts":"set","ast-page-background-enabled":"default","ast-page-background-meta":{"desktop":{"background-color":"","background-image":"","background-repeat":"repeat","background-position":"center center","background-size":"auto","background-attachment":"scroll","background-type":"","background-media":"","overlay-type":"","overlay-color":"","overlay-opacity":"","overlay-gradient":""},"tablet":{"background-color":"","background-image":"","background-repeat":"repeat","background-position":"center center","background-size":"auto","background-attachment":"scroll","background-type":"","background-media":"","overlay-type":"","overlay-color":"","overlay-opacity":"","overlay-gradient":""},"mobile":{"background-color":"","background-image":"","background-repeat":"repeat","background-position":"center center","background-size":"auto","background-attachment":"scroll","background-type":"","background-media":"","overlay-type":"","overlay-color":"","overlay-opacity":"","overlay-gradient":""}},"ast-content-background-meta":{"desktop":{"background-color":"var(--ast-global-color-5)","background-image":"","background-repeat":"repeat","background-position":"center center","background-size":"auto","background-attachment":"scroll","background-type":"","background-media":"","overlay-type":"","overlay-color":"","overlay-opacity":"","overlay-gradient":""},"tablet":{"background-color":"var(--ast-global-color-5)","background-image":"","background-repeat":"repeat","background-position":"center center","background-size":"auto","background-attachment":"scroll","background-type":"","background-media":"","overlay-type":"","overlay-color":"","overlay-opacity":"","overlay-gradient":""},"mobile":{"background-color":"var(--ast-global-color-5)","background-image":"","background-repeat":"repeat","background-position":"center center","background-size":"auto","background-attachment":"scroll","background-type":"","background-media":"","overlay-type":"","overlay-color":"","overlay-opacity":"","overlay-gradient":""}}},"product_brand":[],"product_cat":[24],"product_tag":[60,59,29],"class_list":{"0":"post-955","1":"product","2":"type-product","3":"status-publish","4":"has-post-thumbnail","6":"product_cat-sinfonicas","7":"product_tag-bernardo-fuster","8":"product_tag-luis-mendo","9":"product_tag-ramon-garcia-soler","10":"desktop-align-left","11":"tablet-align-left","12":"mobile-align-left","13":"ast-product-gallery-layout-horizontal-slider","15":"first","16":"instock","17":"taxable","18":"shipping-taxable","19":"purchasable","20":"product-type-simple"},"acf":[],"yoast_head":"<!-- This site is optimized with the Yoast SEO Premium plugin v22.4 (Yoast SEO v27.4) - https:\/\/yoast.com\/product\/yoast-seo-premium-wordpress\/ -->\n<title>Berlanga-Blasco Ib\u00e1\u00f1ez -<\/title>\n<meta name=\"description\" content=\"Partituras de m\u00fasica Sinf\u00f3nica para Orquestas y bandas. M\u00fasica escrita.\" \/>\n<meta name=\"robots\" content=\"index, follow, max-snippet:-1, max-image-preview:large, max-video-preview:-1\" \/>\n<link rel=\"canonical\" href=\"https:\/\/www.omnesbands.international\/ja\/produkt\/berlanga-blasco-ibanez\/\" \/>\n<meta property=\"og:locale\" content=\"ja_JP\" \/>\n<meta property=\"og:type\" content=\"article\" \/>\n<meta property=\"og:title\" content=\"Berlanga-Blasco Ib\u00e1\u00f1ez\" \/>\n<meta property=\"og:description\" content=\"Partituras de m\u00fasica Sinf\u00f3nica para Orquestas y bandas. M\u00fasica escrita.\" \/>\n<meta property=\"og:url\" content=\"https:\/\/www.omnesbands.international\/ja\/produkt\/berlanga-blasco-ibanez\/\" \/>\n<meta property=\"article:modified_time\" content=\"2023-12-02T22:14:27+00:00\" \/>\n<meta property=\"og:image\" content=\"https:\/\/www.omnesbands.international\/wp-content\/uploads\/2023\/01\/Berlanga-Blasco-Ibanez.jpg\" \/>\n\t<meta property=\"og:image:width\" content=\"600\" \/>\n\t<meta property=\"og:image:height\" content=\"642\" \/>\n\t<meta property=\"og:image:type\" content=\"image\/jpeg\" \/>\n<meta name=\"twitter:card\" content=\"summary_large_image\" \/>\n<meta name=\"twitter:label1\" content=\"\u4fa1\u683c\" \/>\n\t<meta name=\"twitter:data1\" content=\"&#036;30.00\" \/>\n\t<meta name=\"twitter:label2\" content=\"\u5728\u5eab\" \/>\n\t<meta name=\"twitter:data2\" content=\"\u5728\u5eab\u3042\u308a\" \/>\n<script type=\"application\/ld+json\" class=\"yoast-schema-graph\">{\"@context\":\"https:\\\/\\\/schema.org\",\"@graph\":[{\"@type\":\"WebPage\",\"@id\":\"https:\\\/\\\/www.omnesbands.international\\\/de\\\/produkt\\\/berlanga-blasco-ibanez\\\/\",\"url\":\"https:\\\/\\\/www.omnesbands.international\\\/de\\\/produkt\\\/berlanga-blasco-ibanez\\\/\",\"name\":\"Berlanga-Blasco Ib\u00e1\u00f1ez -\",\"isPartOf\":{\"@id\":\"https:\\\/\\\/www.omnesbands.international\\\/#website\"},\"primaryImageOfPage\":{\"@id\":\"https:\\\/\\\/www.omnesbands.international\\\/de\\\/produkt\\\/berlanga-blasco-ibanez\\\/#primaryimage\"},\"image\":{\"@id\":\"https:\\\/\\\/www.omnesbands.international\\\/de\\\/produkt\\\/berlanga-blasco-ibanez\\\/#primaryimage\"},\"thumbnailUrl\":\"https:\\\/\\\/www.omnesbands.international\\\/wp-content\\\/uploads\\\/2023\\\/01\\\/Berlanga-Blasco-Ibanez.jpg\",\"datePublished\":\"2023-01-23T06:07:31+00:00\",\"dateModified\":\"2023-12-02T22:14:27+00:00\",\"description\":\"Partituras de m\u00fasica Sinf\u00f3nica para Orquestas y bandas. M\u00fasica escrita.\",\"breadcrumb\":{\"@id\":\"https:\\\/\\\/www.omnesbands.international\\\/de\\\/produkt\\\/berlanga-blasco-ibanez\\\/#breadcrumb\"},\"inLanguage\":\"ja\",\"potentialAction\":[{\"@type\":\"ReadAction\",\"target\":[\"https:\\\/\\\/www.omnesbands.international\\\/de\\\/produkt\\\/berlanga-blasco-ibanez\\\/\"]}]},{\"@type\":\"ImageObject\",\"inLanguage\":\"ja\",\"@id\":\"https:\\\/\\\/www.omnesbands.international\\\/de\\\/produkt\\\/berlanga-blasco-ibanez\\\/#primaryimage\",\"url\":\"https:\\\/\\\/www.omnesbands.international\\\/wp-content\\\/uploads\\\/2023\\\/01\\\/Berlanga-Blasco-Ibanez.jpg\",\"contentUrl\":\"https:\\\/\\\/www.omnesbands.international\\\/wp-content\\\/uploads\\\/2023\\\/01\\\/Berlanga-Blasco-Ibanez.jpg\",\"width\":600,\"height\":642},{\"@type\":\"BreadcrumbList\",\"@id\":\"https:\\\/\\\/www.omnesbands.international\\\/de\\\/produkt\\\/berlanga-blasco-ibanez\\\/#breadcrumb\",\"itemListElement\":[{\"@type\":\"ListItem\",\"position\":1,\"name\":\"Portada\",\"item\":\"https:\\\/\\\/www.omnesbands.international\\\/\"},{\"@type\":\"ListItem\",\"position\":2,\"name\":\"Tienda\",\"item\":\"https:\\\/\\\/www.omnesbands.international\\\/en\\\/shop\\\/\"},{\"@type\":\"ListItem\",\"position\":3,\"name\":\"Berlanga-Blasco Ib\u00e1\u00f1ez\"}]},{\"@type\":\"WebSite\",\"@id\":\"https:\\\/\\\/www.omnesbands.international\\\/#website\",\"url\":\"https:\\\/\\\/www.omnesbands.international\\\/\",\"name\":\"OMNESBANDS International\",\"description\":\"Partituras Originales de autores y compositores independientes\",\"publisher\":{\"@id\":\"https:\\\/\\\/www.omnesbands.international\\\/#organization\"},\"potentialAction\":[{\"@type\":\"SearchAction\",\"target\":{\"@type\":\"EntryPoint\",\"urlTemplate\":\"https:\\\/\\\/www.omnesbands.international\\\/?s={search_term_string}\"},\"query-input\":{\"@type\":\"PropertyValueSpecification\",\"valueRequired\":true,\"valueName\":\"search_term_string\"}}],\"inLanguage\":\"ja\"},{\"@type\":\"Organization\",\"@id\":\"https:\\\/\\\/www.omnesbands.international\\\/#organization\",\"name\":\"Indra Consultores Internacionales\",\"alternateName\":\"Omnesbands\",\"url\":\"https:\\\/\\\/www.omnesbands.international\\\/\",\"logo\":{\"@type\":\"ImageObject\",\"inLanguage\":\"ja\",\"@id\":\"https:\\\/\\\/www.omnesbands.international\\\/#\\\/schema\\\/logo\\\/image\\\/\",\"url\":\"https:\\\/\\\/omnesbands.international\\\/wp-content\\\/uploads\\\/2023\\\/06\\\/Logo-Nuevo-.png\",\"contentUrl\":\"https:\\\/\\\/omnesbands.international\\\/wp-content\\\/uploads\\\/2023\\\/06\\\/Logo-Nuevo-.png\",\"width\":394,\"height\":212,\"caption\":\"Indra Consultores Internacionales\"},\"image\":{\"@id\":\"https:\\\/\\\/www.omnesbands.international\\\/#\\\/schema\\\/logo\\\/image\\\/\"}}]}<\/script>\n<meta property=\"product:price:amount\" content=\"30.00\" \/>\n<meta property=\"product:price:currency\" content=\"USD\" \/>\n<meta property=\"og:availability\" content=\"instock\" \/>\n<meta property=\"product:availability\" content=\"instock\" \/>\n<meta property=\"product:retailer_item_id\" content=\"BER-SIN-ESP-22\" \/>\n<meta property=\"product:condition\" content=\"new\" \/>\n<!-- \/ Yoast SEO Premium plugin. -->","yoast_head_json":{"title":"Berlanga-Blasco Ib\u00e1\u00f1ez -","description":"Partituras de m\u00fasica Sinf\u00f3nica para Orquestas y bandas. M\u00fasica escrita.","robots":{"index":"index","follow":"follow","max-snippet":"max-snippet:-1","max-image-preview":"max-image-preview:large","max-video-preview":"max-video-preview:-1"},"canonical":"https:\/\/www.omnesbands.international\/ja\/produkt\/berlanga-blasco-ibanez\/","og_locale":"ja_JP","og_type":"article","og_title":"Berlanga-Blasco Ib\u00e1\u00f1ez","og_description":"Partituras de m\u00fasica Sinf\u00f3nica para Orquestas y bandas. M\u00fasica escrita.","og_url":"https:\/\/www.omnesbands.international\/ja\/produkt\/berlanga-blasco-ibanez\/","article_modified_time":"2023-12-02T22:14:27+00:00","og_image":[{"width":600,"height":642,"url":"https:\/\/www.omnesbands.international\/wp-content\/uploads\/2023\/01\/Berlanga-Blasco-Ibanez.jpg","type":"image\/jpeg"}],"twitter_card":"summary_large_image","twitter_misc":{"\u4fa1\u683c":"&#36;30.00","\u5728\u5eab":"\u5728\u5eab\u3042\u308a"},"schema":{"@context":"https:\/\/schema.org","@graph":[{"@type":"WebPage","@id":"https:\/\/www.omnesbands.international\/de\/produkt\/berlanga-blasco-ibanez\/","url":"https:\/\/www.omnesbands.international\/de\/produkt\/berlanga-blasco-ibanez\/","name":"Berlanga-Blasco Ib\u00e1\u00f1ez -","isPartOf":{"@id":"https:\/\/www.omnesbands.international\/#website"},"primaryImageOfPage":{"@id":"https:\/\/www.omnesbands.international\/de\/produkt\/berlanga-blasco-ibanez\/#primaryimage"},"image":{"@id":"https:\/\/www.omnesbands.international\/de\/produkt\/berlanga-blasco-ibanez\/#primaryimage"},"thumbnailUrl":"https:\/\/www.omnesbands.international\/wp-content\/uploads\/2023\/01\/Berlanga-Blasco-Ibanez.jpg","datePublished":"2023-01-23T06:07:31+00:00","dateModified":"2023-12-02T22:14:27+00:00","description":"Partituras de m\u00fasica Sinf\u00f3nica para Orquestas y bandas. M\u00fasica escrita.","breadcrumb":{"@id":"https:\/\/www.omnesbands.international\/de\/produkt\/berlanga-blasco-ibanez\/#breadcrumb"},"inLanguage":"ja","potentialAction":[{"@type":"ReadAction","target":["https:\/\/www.omnesbands.international\/de\/produkt\/berlanga-blasco-ibanez\/"]}]},{"@type":"ImageObject","inLanguage":"ja","@id":"https:\/\/www.omnesbands.international\/de\/produkt\/berlanga-blasco-ibanez\/#primaryimage","url":"https:\/\/www.omnesbands.international\/wp-content\/uploads\/2023\/01\/Berlanga-Blasco-Ibanez.jpg","contentUrl":"https:\/\/www.omnesbands.international\/wp-content\/uploads\/2023\/01\/Berlanga-Blasco-Ibanez.jpg","width":600,"height":642},{"@type":"BreadcrumbList","@id":"https:\/\/www.omnesbands.international\/de\/produkt\/berlanga-blasco-ibanez\/#breadcrumb","itemListElement":[{"@type":"ListItem","position":1,"name":"Portada","item":"https:\/\/www.omnesbands.international\/"},{"@type":"ListItem","position":2,"name":"Tienda","item":"https:\/\/www.omnesbands.international\/en\/shop\/"},{"@type":"ListItem","position":3,"name":"Berlanga-Blasco Ib\u00e1\u00f1ez"}]},{"@type":"WebSite","@id":"https:\/\/www.omnesbands.international\/#website","url":"https:\/\/www.omnesbands.international\/","name":"OMNESBANDS International","description":"\u72ec\u7acb\u3057\u305f\u4f5c\u5bb6\u3084\u4f5c\u66f2\u5bb6\u306b\u3088\u308b\u30aa\u30ea\u30b8\u30ca\u30eb\u306e\u697d\u8b5c","publisher":{"@id":"https:\/\/www.omnesbands.international\/#organization"},"potentialAction":[{"@type":"SearchAction","target":{"@type":"EntryPoint","urlTemplate":"https:\/\/www.omnesbands.international\/?s={search_term_string}"},"query-input":{"@type":"PropertyValueSpecification","valueRequired":true,"valueName":"search_term_string"}}],"inLanguage":"ja"},{"@type":"Organization","@id":"https:\/\/www.omnesbands.international\/#organization","name":"\u30a4\u30f3\u30c9\u30e9\u56fd\u969b\u30b3\u30f3\u30b5\u30eb\u30bf\u30f3\u30c8","alternateName":"Omnesbands","url":"https:\/\/www.omnesbands.international\/","logo":{"@type":"ImageObject","inLanguage":"ja","@id":"https:\/\/www.omnesbands.international\/#\/schema\/logo\/image\/","url":"https:\/\/omnesbands.international\/wp-content\/uploads\/2023\/06\/Logo-Nuevo-.png","contentUrl":"https:\/\/omnesbands.international\/wp-content\/uploads\/2023\/06\/Logo-Nuevo-.png","width":394,"height":212,"caption":"Indra Consultores Internacionales"},"image":{"@id":"https:\/\/www.omnesbands.international\/#\/schema\/logo\/image\/"}}]},"product_price_amount":"30.00","product_price_currency":"USD","og_availability":"instock","product_availability":"instock","product_retailer_item_id":"BER-SIN-ESP-22","product_condition":"new"},"uagb_featured_image_src":{"full":["https:\/\/www.omnesbands.international\/wp-content\/uploads\/2023\/01\/Berlanga-Blasco-Ibanez.jpg",600,642,false],"thumbnail":["https:\/\/www.omnesbands.international\/wp-content\/uploads\/2023\/01\/Berlanga-Blasco-Ibanez-150x150.jpg",150,150,true],"medium":["https:\/\/www.omnesbands.international\/wp-content\/uploads\/2023\/01\/Berlanga-Blasco-Ibanez-280x300.jpg",280,300,true],"medium_large":["https:\/\/www.omnesbands.international\/wp-content\/uploads\/2023\/01\/Berlanga-Blasco-Ibanez.jpg",600,642,false],"large":["https:\/\/www.omnesbands.international\/wp-content\/uploads\/2023\/01\/Berlanga-Blasco-Ibanez.jpg",600,642,false],"1536x1536":["https:\/\/www.omnesbands.international\/wp-content\/uploads\/2023\/01\/Berlanga-Blasco-Ibanez.jpg",600,642,false],"2048x2048":["https:\/\/www.omnesbands.international\/wp-content\/uploads\/2023\/01\/Berlanga-Blasco-Ibanez.jpg",600,642,false],"trp-custom-language-flag":["https:\/\/www.omnesbands.international\/wp-content\/uploads\/2023\/01\/Berlanga-Blasco-Ibanez.jpg",11,12,false],"gg_gallery_thumbnail":["https:\/\/www.omnesbands.international\/wp-content\/uploads\/2023\/01\/Berlanga-Blasco-Ibanez.jpg",234,250,false],"woocommerce_thumbnail":["https:\/\/www.omnesbands.international\/wp-content\/uploads\/2023\/01\/Berlanga-Blasco-Ibanez-300x300.jpg",300,300,true],"woocommerce_single":["https:\/\/www.omnesbands.international\/wp-content\/uploads\/2023\/01\/Berlanga-Blasco-Ibanez.jpg",600,642,false],"woocommerce_gallery_thumbnail":["https:\/\/www.omnesbands.international\/wp-content\/uploads\/2023\/01\/Berlanga-Blasco-Ibanez-100x100.jpg",100,100,true]},"uagb_author_info":{"display_name":"Melvin R. Portillo A:","author_link":"https:\/\/www.omnesbands.international\/ja\/author\/"},"uagb_comment_info":0,"uagb_excerpt":"Suite para banda sinf\u00f3nica sobre temas de la pel\u00edcula de los maestros Luis Mendo, Bernardo Fuster y Ram\u00f3n Garc\u00eda i Soler. Cuando Berlanga encarg\u00f3 a Luis Mendo y Bernardo Fuster la composici\u00f3n de la banda sonora de la serie de televisi\u00f3n \u201cBlasco Ib\u00e1\u00f1ez, la novela de su vida\u201d y una vez le\u00eddo el gui\u00f3n, lo&hellip;","_links":{"self":[{"href":"https:\/\/www.omnesbands.international\/ja\/wp-json\/wp\/v2\/product\/955","targetHints":{"allow":["GET"]}}],"collection":[{"href":"https:\/\/www.omnesbands.international\/ja\/wp-json\/wp\/v2\/product"}],"about":[{"href":"https:\/\/www.omnesbands.international\/ja\/wp-json\/wp\/v2\/types\/product"}],"replies":[{"embeddable":true,"href":"https:\/\/www.omnesbands.international\/ja\/wp-json\/wp\/v2\/comments?post=955"}],"wp:featuredmedia":[{"embeddable":true,"href":"https:\/\/www.omnesbands.international\/ja\/wp-json\/wp\/v2\/media\/956"}],"wp:attachment":[{"href":"https:\/\/www.omnesbands.international\/ja\/wp-json\/wp\/v2\/media?parent=955"}],"wp:term":[{"taxonomy":"product_brand","embeddable":true,"href":"https:\/\/www.omnesbands.international\/ja\/wp-json\/wp\/v2\/product_brand?post=955"},{"taxonomy":"product_cat","embeddable":true,"href":"https:\/\/www.omnesbands.international\/ja\/wp-json\/wp\/v2\/product_cat?post=955"},{"taxonomy":"product_tag","embeddable":true,"href":"https:\/\/www.omnesbands.international\/ja\/wp-json\/wp\/v2\/product_tag?post=955"}],"curies":[{"name":"wp","href":"https:\/\/api.w.org\/{rel}","templated":true}]}}