{"id":993,"date":"2023-01-23T21:40:25","date_gmt":"2023-01-24T03:40:25","guid":{"rendered":"https:\/\/omnesbands.international\/?post_type=product&#038;p=993"},"modified":"2023-12-02T14:49:16","modified_gmt":"2023-12-02T20:49:16","slug":"cantares-de-la-nueva-tierra","status":"publish","type":"product","link":"https:\/\/www.omnesbands.international\/ja\/product\/cantares-de-la-nueva-tierra\/","title":{"rendered":"\u65b0\u3057\u3044\u5730\u7403\u306e\u6b4c"},"content":{"rendered":"<p>Carta Puebla de Chella (\u30d0\u30ec\u30f3\u30b7\u30a2) \u306e\u57f7\u7b46 400 \u5468\u5e74\u8a18\u5ff5\u4f5c\u54c1\u306f\u30012011 \u5e74 12 \u6708 16 \u65e5\u306b\u30cf\u30d9\u30a2 (\u30a2\u30ea\u30ab\u30f3\u30c6) \u3067\u3001\u30cf\u30d9\u30a2\u97f3\u697d\u5c02\u9580\u5b66\u6821\u306e\u30a6\u30a3\u30f3\u30c9 \u30aa\u30fc\u30b1\u30b9\u30c8\u30e9\u306b\u3088\u308b\u30af\u30ea\u30b9\u30de\u30b9 \u30b3\u30f3\u30b5\u30fc\u30c8\u3067\u521d\u6f14\u3055\u308c\u307e\u3057\u305f\u3002 .<\/p>\n<p>1250 \u5e74\u306e\u30cf\u30a4\u30e1 1 \u4e16\u306e\u30ec\u30b3\u30f3\u30ad\u30b9\u30bf\u306e\u969b\u3001\u30b7\u30a7\u30e9\u306b\u6b8b\u3063\u3066\u3044\u305f\u30e0\u30fc\u30a2\u4eba\u306f\u5f7c\u306b\u964d\u4f0f\u3057\u3001\u8fb2\u5bb6\u306f\u30cf\u30a4\u30e1\u304b\u3089\u30da\u30ec \u30c9\u30f4\u30a3\u30c3\u30c8\u306b\u5bc4\u8d08\u3055\u308c\u307e\u3057\u305f\u304c\u3001\u5f8c\u306b\u738b\u51a0\u306b\u518d\u7d71\u5408\u3055\u308c\u307e\u3057\u305f\u3002 1341 \u5e74\u3001\u30a2\u30e9\u30b4\u30f3\u306e\u30da\u30c9\u30ed 4 \u4e16\u306f\u305d\u308c\u3092\u30c8\u30de\u30b9 \u30c7 \u30a6\u30eb\u30df\u30b9\u306b\u8b72\u308a\u30011356 \u5e74\u306b\u30c7\u30cb\u30a2\u4f2f\u306b\u6e21\u3057\u3001\u30c7\u30cb\u30a2\u4f2f\u306f 1382 \u5e74\u306b\u30da\u30c9\u30ed \u30a8\u30b7\u30f3\u30c6\u30ec\u30b9\u306b\u58f2\u5374\u3057\u3001\u30ac\u30f3\u30c7\u30a3\u30a2\u516c\u30a2\u30eb\u30d5\u30a9\u30f3\u30bd\u306b\u58f2\u5374\u3057\u307e\u3057\u305f\u3002\u30a2\u30eb\u30d5\u30a9\u30f3\u30bd\u306e\u6b7b\u5f8c\u3001\u30c1\u30a7\u30e9\u306f\u738b\u51a0\u306e\u4e00\u90e8\u3092\u5f62\u6210\u3059\u308b\u305f\u3081\u306b\u623b\u3063\u305f\u304c\u3001\u3059\u3050\u306b\u30ac\u30f3\u30c7\u30a3\u30a2\u516c\u7235\u3068\u30aa\u30ea\u30d0\u4f2f\u7235\u306e\u624b\u306b\u623b\u3063\u305f. 16\u4e16\u7d00\u306b\u306f\u30dc\u30eb\u30cf\u5bb6\u306e\u6240\u6709\u3068\u306a\u3063\u305f\u3002\u5c45\u4f4f\u8005\u306e\u30e0\u30fc\u30a2\u4eba\u306f\u3001\u30d5\u30a7\u30ea\u30da 2 \u4e16\u306e\u6cbb\u4e16\u4e2d\u306e\u30a2\u30eb\u30d7\u30cf\u30e9\u30b9 (1568 \u5e74\u304b\u3089 1571 \u5e74) \u306e\u53cd\u4e71\u306e\u969b\u306b\u53cd\u4e71\u3092\u8d77\u3053\u3057\u307e\u3057\u305f\u3002 1571 \u5e74\u3001\u5f7c\u3089\u306f\u6557\u5317\u3057\u3001\u8ffd\u653e\u3055\u308c\u307e\u3057\u305f\u3002\u65b0\u3057\u3044\u5fe0\u5b9f\u306a\u30e0\u30fc\u30a2\u4eba\u304c\u81ea\u6cbb\u4f53\u306b\u518d\u5c45\u4f4f\u3057\u307e\u3057\u305f\u304c\u30011609 \u5e74\u306b\u30d5\u30a7\u30ea\u30da 3 \u4e16\u306b\u3088\u3063\u3066\u5e03\u544a\u3055\u308c\u305f\u30e2\u30ea\u30b9\u30b3\u65cf\u306e\u8ffd\u653e\u306e\u969b\u306b\u3082\u30011609 \u5e74\u306b\u653e\u68c4\u3055\u308c\u307e\u3057\u305f\u3002<\/p>\n<p>\u30c1\u30a7\u30e9\u306f 2 \u5e74\u9593\u653e\u7f6e\u3055\u308c\u300190 \u8ed2\u306e\u5bb6\u304c\u5efa\u3066\u3089\u308c\u307e\u3057\u305f\u3002 1611 \u5e74\u3001\u30ab\u30eb\u30ed\u30b9 \u30c7 \u30dc\u30eb\u30cf\u306e\u5bb6\u81e3\u304c\u30b7\u30a7\u30e9\u306b\u5230\u7740\u3057\u3001\u305d\u308c\u3092\u518d\u5efa\u3057\u3001\u65b0\u3057\u3044\u5165\u690d\u8005\u3068\u3057\u3066\u5b9a\u4f4f\u3057\u307e\u3057\u305f\u3002\u540c\u5e747\u670811\u65e5\u3001\u753a\u306e\u790e\u3068\u306a\u308b\u4eba\u53e3\u61b2\u7ae0\u304c\u5236\u5b9a\u3055\u308c\u308b\u3002<\/p>\n<p>\u3053\u306e\u3088\u3046\u306b\u3057\u3066\u3001\u30e2\u30fc\u30c0\u30eb\u30b9\u30b1\u30fc\u30eb\uff08\u30de\u30ab\u30de\u30c3\u30c8\uff09\u3001\u30ea\u30ba\u30e0\u3001\u30c0\u30f3\u30b9\u3001\u30c0\u30eb\u30d6\u30ab\u3001\u30b8\u30e3\u30f3\u30d9\u3001\u30ea\u30b3\u30fc\u30c0\u30fc\uff08\u30cd\u30a4\u30d5\u30eb\u30fc\u30c8\u306b\u985e\u4f3c\uff09\u306a\u3069\u306e\u697d\u5668\u3001\u5909\u52d5\u3084\u5fae\u5206\u97f3\u306e\u5909\u5316\u306a\u3069\u3001\u30a4\u30b9\u30e9\u30e0\u30a2\u30d5\u30ea\u30ab\u306e\u6c11\u9593\u4f1d\u627f\u306e\u5178\u578b\u7684\u306a\u8981\u7d20\u3092\u898b\u3064\u3051\u308b\u3053\u3068\u304c\u3067\u304d\u307e\u3059\u3002\u53e3\u982d\u4f1d\u627f\u306e\u3002\u3053\u308c\u3089\u306e\u30a2\u30e9\u30d6\u306e\u8a18\u61b6\u306f\u3001\u30a2\u30e9\u30d6\u306e\u6c11\u9593\u4f1d\u627f (\u30bf\u30af\u30b7\u30e0) \u306e\u5178\u578b\u7684\u306a\u5373\u8208\u3068\u306e\u5bfe\u5fdc\u3068\u3057\u3066\u3001\u30d0\u30ea\u30a8\u30fc\u30b7\u30e7\u30f3\u3068\u5373\u8208\u306e\u4f7f\u7528\u306b\u57fa\u3065\u3044\u3066\u3044\u307e\u3059\u3002\u307e\u305f\u3001\u8a18\u5ff5\u30d5\u30a1\u30f3\u30d5\u30a1\u30fc\u30ec\u306e\u4f7f\u7528\u3001\u30e2\u30fc\u30c0\u30eb \u30bf\u30fc\u30f3\u306e\u4f7f\u7528\u3001\u8abf\u6027\/\u30e2\u30fc\u30c0\u30eb\u306e\u3042\u3044\u307e\u3044\u3055\u3001\u7279\u306b\u30e2\u30c6\u30c3\u30c8\u300cO magnum mysterium\u300d\u304b\u3089\u306e\u5f15\u7528\u306e\u51fa\u73fe\u306a\u3069\u3001\u5f53\u6642 (1600 \u5e74\u9803) \u306e\u897f\u6d0b\u97f3\u697d\u3078\u306e\u8a00\u53ca\u3082\u898b\u3089\u308c\u307e\u3059T. L of Victoria (c. 147 to 165)\u3002<\/p>\n<p>\u4f5c\u54c1\u306f\u6b21\u306e\u3088\u3046\u306b\u69cb\u6210\u3055\u308c\u3066\u3044\u307e\u3059\u3002<\/p>\n<p>\u2013 \u30a4\u30f3\u30c8\u30ed\u30c0\u30af\u30b7\u30e7\u30f3 (c. 1-17): \u4f5c\u54c1\u306e\u4e3b\u8981\u306a\u8981\u7d20\u304c\u660e\u3089\u304b\u306b\u306a\u308b\u4e88\u5099\u7684\u306a\u30d5\u30a1\u30f3\u30d5\u30a1\u30fc\u30ec\u3068\u3057\u3066.<\/p>\n<p>\u2013 \u7b2c 1 \u30bb\u30af\u30b7\u30e7\u30f3 (c. 18-30): \u7948\u308a\u306e\u5f62\u3067\u3001\u30ea\u30b3\u30fc\u30c0\u30fc (\u30a2\u30e9\u30d3\u30a2\u8a9e\u306e Nay \u30d5\u30eb\u30fc\u30c8\u3092\u6a21\u5023) \u306f\u3001\u30c0\u30fc\u30d6\u30c3\u30ab\u306e\u5373\u8208\u6f14\u594f\u3067\u6700\u9ad8\u6f6e\u306b\u9054\u3059\u308b\u5fae\u5206\u97f3\u306e\u30bf\u30fc\u30f3\u3067\u30c6\u30fc\u30de\u3092\u63d0\u793a\u3057\u307e\u3059\u3002<\/p>\n<p>\u2013 2 \u756a\u76ee\u306e\u30bb\u30af\u30b7\u30e7\u30f3 (c. 31-140): \u4e3b\u306a\u30c6\u30fc\u30de\u306f\u3001\u30a4\u30b9\u30e9\u30e0\u97f3\u697d (\u30bf\u30af\u30b7\u30e0) \u306e\u5373\u8208\u6280\u6cd5\u3092\u30a8\u30df\u30e5\u30ec\u30fc\u30c8\u3059\u308b\u5373\u8208\u3068\u66f8\u304b\u308c\u305f\u88c5\u98fe\u306b\u3088\u3063\u3066\u3001\u3059\u3079\u3066\u306e\u8981\u7d20\u304c\u7d76\u3048\u305a\u5909\u5316\u3059\u308b\u30a2\u30e9\u30d3\u30a2\u821e\u8e0a\u306e\u5f62\u3067\u73fe\u308c\u307e\u3059\u3002\u3053\u306e\u30bb\u30af\u30b7\u30e7\u30f3\u306e\u6700\u5f8c\u3067\u3001\u30c0\u30f3\u30b9\u306f\u6b21\u7b2c\u306b\u8584\u3081\u3089\u308c\u3001\u30a4\u30b9\u30e9\u30e0\u6559\u306e\u6d88\u6ec5\u3068\u897f\u6d0b\u3078\u306e\u79fb\u884c\u3092\u8868\u3059\u65cb\u5f8b\u7684\u8981\u7d20\u306b\u5438\u53ce\u3055\u308c\u307e\u3059\u3002<\/p>\n<p>\u2013 \u7b2c 3 \u30bb\u30af\u30b7\u30e7\u30f3 (c. 141-179): \u5225\u306e\u30bd\u30ed\u304c\u8868\u793a\u3055\u308c\u307e\u3059\u3002\u3053\u306e\u5834\u5408\u306f\u30b5\u30c3\u30af\u30b9\u306e\u5834\u5408\u3067\u3001\u6700\u521d\u306e\u30d5\u30eb\u30fc\u30c8\u306e\u30bd\u30ed (\u897f\u6d0b\u5bfe\u30a4\u30b9\u30e9\u30e0\u6559) \u3068\u306f\u5bfe\u7167\u7684\u3067\u3059\u3002\u3053\u306e\u30bd\u30ed\u30bb\u30af\u30b7\u30e7\u30f3\u306e\u904e\u7a0b\u3067\u3001T.L de Victoria \u306e\u30e2\u30c6\u30c3\u30c8\u300cO magnum mysterium\u300d\u304b\u3089\u306e\u5f15\u7528\u304c\u6b21\u7b2c\u306b\u73fe\u308c\u3001\u897f\u6d0b\u306e\u300c\u30ad\u30ea\u30b9\u30c8\u6559\u5316\u300d\u3092\u8868\u3057\u3066\u3044\u307e\u3059\u3002\u3053\u306e\u30bb\u30af\u30b7\u30e7\u30f3\u306e\u6700\u5f8c\u306b\u3001\u30aa\u30fc\u30d7\u30cb\u30f3\u30b0\u306e\u30d5\u30a1\u30f3\u30d5\u30a1\u30fc\u30ec\u306e\u8981\u7d20\u3092\u542b\u3080\u7cbe\u5de7\u306a\u30c8\u30e9\u30f3\u30b8\u30b7\u30e7\u30f3\u304c\u8868\u793a\u3055\u308c\u307e\u3059\u3002<\/p>\n<p>\u2013 4 \u756a\u76ee\u306e\u30bb\u30af\u30b7\u30e7\u30f3 (c. 180-245): \u3053\u306e\u30bb\u30af\u30b7\u30e7\u30f3\u306f 2 \u3064\u306e\u6587\u5316\u306e\u5bfe\u7acb\u3092\u8868\u3057\u3001\u524d\u8ff0\u306e\u30bb\u30af\u30b7\u30e7\u30f3\u306e\u8981\u7d20\u3068\u30ea\u30bd\u30fc\u30b9\u304c\u73fe\u308c\u307e\u3059\u304c\u3001\u300c\u96c4\u5927\u306a\u30a2\u30f3\u30c0\u30f3\u30c6\u300d\u306b\u3064\u306a\u304c\u308b\u897f\u6d0b\u306e\u4f1d\u7d71\u306e\u8981\u7d20\u304c\u3088\u308a\u512a\u52e2\u3067\u3059\u3002<\/p>\n<p>\u2013 \u7b2c 5 \u30bb\u30af\u30b7\u30e7\u30f3 (c. 246-273): \u897f\u6d0b\u306e\u30a4\u30b9\u30e9\u30e0\u306b\u5bfe\u3059\u308b\u52dd\u5229\u3092\u8868\u3057\u3001\u6700\u521d\u306e\u30d5\u30a1\u30f3\u30d5\u30a1\u30fc\u30ec\u306e\u8981\u7d20\u3092\u53d6\u308a\u5165\u308c\u305f\u300c\u8358\u53b3\u306a\u30a2\u30f3\u30c0\u30f3\u30c6\u300d\u3002\u3057\u304b\u3057\u3001\u3059\u3079\u3066\u306e\u30bb\u30af\u30b7\u30e7\u30f3\u304c\u305d\u306e\u52dd\u5229\u306e\u7a7a\u6c17\u3092\u6301\u3063\u3066\u3044\u308b\u308f\u3051\u3067\u306f\u306a\u304f\u3001\u6b6a\u3093\u3060\u4e0d\u5354\u548c\u7684\u306a\u8981\u7d20\u304c\u73fe\u308c\u307e\u3059... \u5f71\u3001\u7591\u3044\u3001\u7591\u554f... \u306a\u305c\u5171\u5b58\u3067\u304d\u306a\u304b\u3063\u305f\u306e\u304b...<\/p>\n<p>\u3053\u306e\u4f5c\u54c1\u306f 2 \u3064\u306e\u30d0\u30fc\u30b8\u30e7\u30f3\u3067\u63d0\u793a\u3067\u304d\u307e\u3059\u3002\u7d14\u7c8b\u306b\u97f3\u697d\u7684\u306a\u30d0\u30fc\u30b8\u30e7\u30f3\u3001\u307e\u305f\u306f\u30ca\u30ec\u30fc\u30bf\u30fc\u304c\u5f53\u6642\u306e\u30c6\u30ad\u30b9\u30c8 (\u30bb\u30eb\u30d0\u30f3\u30c6\u30b9\u3001\u30b1\u30d9\u30c9\u3001\u30b4\u30f3\u30b4\u30e9\u3001\u30ed\u30da \u30c7 \u30d9\u30ac\u3001\u30d5\u30a1\u30f3 \u30c7\u30eb \u30a8\u30f3\u30b8\u30fc\u30ca\u306a\u3069) \u3092\u6717\u8aad\u3059\u308b\u30d0\u30fc\u30b8\u30e7\u30f3\u306b\u97f3\u697d\u304c\u6563\u308a\u3070\u3081\u3089\u308c\u3066\u3044\u307e\u3059\u3002<\/p>","protected":false},"excerpt":{"rendered":"<p>\u300c\u65b0\u5929\u5730\u306e\u6b4c\u300d\u306f\u30d7\u30a8\u30d6\u30e9\u30fb\u30c7\u30fb\u30c1\u30a7\u30ea\u30e3\u61b2\u7ae0\uff08\u30d0\u30ec\u30f3\u30b7\u30a2\uff09\u306e400\u5468\u5e74\u3092\u8a18\u5ff5\u3057\u3066\u66f8\u304b\u308c\u305f\u3002<\/p>","protected":false},"featured_media":994,"comment_status":"open","ping_status":"closed","template":"","meta":{"_acf_changed":false,"_uag_custom_page_level_css":"","site-sidebar-layout":"default","site-content-layout":"default","ast-site-content-layout":"default","site-content-style":"default","site-sidebar-style":"default","ast-global-header-display":"","ast-banner-title-visibility":"","ast-main-header-display":"","ast-hfb-above-header-display":"","ast-hfb-below-header-display":"","ast-hfb-mobile-header-display":"","site-post-title":"","ast-breadcrumbs-content":"","ast-featured-img":"","footer-sml-layout":"","ast-disable-related-posts":"","theme-transparent-header-meta":"default","adv-header-id-meta":"","stick-header-meta":"default","header-above-stick-meta":"","header-main-stick-meta":"","header-below-stick-meta":"","astra-migrate-meta-layouts":"set","ast-page-background-enabled":"default","ast-page-background-meta":{"desktop":{"background-color":"","background-image":"","background-repeat":"repeat","background-position":"center center","background-size":"auto","background-attachment":"scroll","background-type":"","background-media":"","overlay-type":"","overlay-color":"","overlay-opacity":"","overlay-gradient":""},"tablet":{"background-color":"","background-image":"","background-repeat":"repeat","background-position":"center center","background-size":"auto","background-attachment":"scroll","background-type":"","background-media":"","overlay-type":"","overlay-color":"","overlay-opacity":"","overlay-gradient":""},"mobile":{"background-color":"","background-image":"","background-repeat":"repeat","background-position":"center center","background-size":"auto","background-attachment":"scroll","background-type":"","background-media":"","overlay-type":"","overlay-color":"","overlay-opacity":"","overlay-gradient":""}},"ast-content-background-meta":{"desktop":{"background-color":"var(--ast-global-color-5)","background-image":"","background-repeat":"repeat","background-position":"center center","background-size":"auto","background-attachment":"scroll","background-type":"","background-media":"","overlay-type":"","overlay-color":"","overlay-opacity":"","overlay-gradient":""},"tablet":{"background-color":"var(--ast-global-color-5)","background-image":"","background-repeat":"repeat","background-position":"center center","background-size":"auto","background-attachment":"scroll","background-type":"","background-media":"","overlay-type":"","overlay-color":"","overlay-opacity":"","overlay-gradient":""},"mobile":{"background-color":"var(--ast-global-color-5)","background-image":"","background-repeat":"repeat","background-position":"center center","background-size":"auto","background-attachment":"scroll","background-type":"","background-media":"","overlay-type":"","overlay-color":"","overlay-opacity":"","overlay-gradient":""}}},"product_brand":[],"product_cat":[24],"product_tag":[63],"class_list":{"0":"post-993","1":"product","2":"type-product","3":"status-publish","4":"has-post-thumbnail","6":"product_cat-sinfonicas","7":"product_tag-jose-miguel-fayos-jordan","8":"desktop-align-left","9":"tablet-align-left","10":"mobile-align-left","11":"ast-product-gallery-layout-horizontal-slider","13":"first","14":"instock","15":"downloadable","16":"virtual","17":"taxable","18":"purchasable","19":"product-type-simple"},"acf":[],"yoast_head":"<!-- This site is optimized with the Yoast SEO Premium plugin v22.4 (Yoast SEO v27.4) - https:\/\/yoast.com\/product\/yoast-seo-premium-wordpress\/ -->\n<title>Cantares de la Nueva Tierra -<\/title>\n<meta name=\"description\" content=\"Partituras de m\u00fasica Sinf\u00f3nica para Orquestas y bandas. M\u00fasica escrita.\" \/>\n<meta name=\"robots\" content=\"index, follow, max-snippet:-1, max-image-preview:large, max-video-preview:-1\" \/>\n<link rel=\"canonical\" href=\"https:\/\/www.omnesbands.international\/ja\/product\/cantares-de-la-nueva-tierra\/\" \/>\n<meta property=\"og:locale\" content=\"ja_JP\" \/>\n<meta property=\"og:type\" content=\"article\" \/>\n<meta property=\"og:title\" content=\"Cantares de la Nueva Tierra\" \/>\n<meta property=\"og:description\" content=\"Partituras de m\u00fasica Sinf\u00f3nica para Orquestas y bandas. M\u00fasica escrita.\" \/>\n<meta property=\"og:url\" content=\"https:\/\/www.omnesbands.international\/ja\/product\/cantares-de-la-nueva-tierra\/\" \/>\n<meta property=\"article:modified_time\" content=\"2023-12-02T20:49:16+00:00\" \/>\n<meta property=\"og:image\" content=\"https:\/\/www.omnesbands.international\/wp-content\/uploads\/2023\/01\/Cantares-de-la-Nueva-Tierra.jpg\" \/>\n\t<meta property=\"og:image:width\" content=\"600\" \/>\n\t<meta property=\"og:image:height\" content=\"420\" \/>\n\t<meta property=\"og:image:type\" content=\"image\/jpeg\" \/>\n<meta name=\"twitter:card\" content=\"summary_large_image\" \/>\n<meta name=\"twitter:label1\" content=\"\u4fa1\u683c\" \/>\n\t<meta name=\"twitter:data1\" content=\"&#036;45.00\" \/>\n\t<meta name=\"twitter:label2\" content=\"\u5728\u5eab\" \/>\n\t<meta name=\"twitter:data2\" content=\"\u5728\u5eab\u3042\u308a\" \/>\n<script type=\"application\/ld+json\" class=\"yoast-schema-graph\">{\"@context\":\"https:\\\/\\\/schema.org\",\"@graph\":[{\"@type\":\"WebPage\",\"@id\":\"https:\\\/\\\/www.omnesbands.international\\\/producto\\\/cantares-de-la-nueva-tierra\\\/\",\"url\":\"https:\\\/\\\/www.omnesbands.international\\\/producto\\\/cantares-de-la-nueva-tierra\\\/\",\"name\":\"Cantares de la Nueva Tierra -\",\"isPartOf\":{\"@id\":\"https:\\\/\\\/www.omnesbands.international\\\/#website\"},\"primaryImageOfPage\":{\"@id\":\"https:\\\/\\\/www.omnesbands.international\\\/producto\\\/cantares-de-la-nueva-tierra\\\/#primaryimage\"},\"image\":{\"@id\":\"https:\\\/\\\/www.omnesbands.international\\\/producto\\\/cantares-de-la-nueva-tierra\\\/#primaryimage\"},\"thumbnailUrl\":\"https:\\\/\\\/www.omnesbands.international\\\/wp-content\\\/uploads\\\/2023\\\/01\\\/Cantares-de-la-Nueva-Tierra.jpg\",\"datePublished\":\"2023-01-24T03:40:25+00:00\",\"dateModified\":\"2023-12-02T20:49:16+00:00\",\"description\":\"Partituras de m\u00fasica Sinf\u00f3nica para Orquestas y bandas. M\u00fasica escrita.\",\"breadcrumb\":{\"@id\":\"https:\\\/\\\/www.omnesbands.international\\\/producto\\\/cantares-de-la-nueva-tierra\\\/#breadcrumb\"},\"inLanguage\":\"ja\",\"potentialAction\":[{\"@type\":\"ReadAction\",\"target\":[\"https:\\\/\\\/www.omnesbands.international\\\/producto\\\/cantares-de-la-nueva-tierra\\\/\"]}]},{\"@type\":\"ImageObject\",\"inLanguage\":\"ja\",\"@id\":\"https:\\\/\\\/www.omnesbands.international\\\/producto\\\/cantares-de-la-nueva-tierra\\\/#primaryimage\",\"url\":\"https:\\\/\\\/www.omnesbands.international\\\/wp-content\\\/uploads\\\/2023\\\/01\\\/Cantares-de-la-Nueva-Tierra.jpg\",\"contentUrl\":\"https:\\\/\\\/www.omnesbands.international\\\/wp-content\\\/uploads\\\/2023\\\/01\\\/Cantares-de-la-Nueva-Tierra.jpg\",\"width\":600,\"height\":420,\"caption\":\"Cantares de la Nueva Tierra\"},{\"@type\":\"BreadcrumbList\",\"@id\":\"https:\\\/\\\/www.omnesbands.international\\\/producto\\\/cantares-de-la-nueva-tierra\\\/#breadcrumb\",\"itemListElement\":[{\"@type\":\"ListItem\",\"position\":1,\"name\":\"Portada\",\"item\":\"https:\\\/\\\/www.omnesbands.international\\\/\"},{\"@type\":\"ListItem\",\"position\":2,\"name\":\"Tienda\",\"item\":\"https:\\\/\\\/www.omnesbands.international\\\/en\\\/shop\\\/\"},{\"@type\":\"ListItem\",\"position\":3,\"name\":\"Cantares de la Nueva Tierra\"}]},{\"@type\":\"WebSite\",\"@id\":\"https:\\\/\\\/www.omnesbands.international\\\/#website\",\"url\":\"https:\\\/\\\/www.omnesbands.international\\\/\",\"name\":\"OMNESBANDS International\",\"description\":\"Partituras Originales de autores y compositores independientes\",\"publisher\":{\"@id\":\"https:\\\/\\\/www.omnesbands.international\\\/#organization\"},\"potentialAction\":[{\"@type\":\"SearchAction\",\"target\":{\"@type\":\"EntryPoint\",\"urlTemplate\":\"https:\\\/\\\/www.omnesbands.international\\\/?s={search_term_string}\"},\"query-input\":{\"@type\":\"PropertyValueSpecification\",\"valueRequired\":true,\"valueName\":\"search_term_string\"}}],\"inLanguage\":\"ja\"},{\"@type\":\"Organization\",\"@id\":\"https:\\\/\\\/www.omnesbands.international\\\/#organization\",\"name\":\"Indra Consultores Internacionales\",\"alternateName\":\"Omnesbands\",\"url\":\"https:\\\/\\\/www.omnesbands.international\\\/\",\"logo\":{\"@type\":\"ImageObject\",\"inLanguage\":\"ja\",\"@id\":\"https:\\\/\\\/www.omnesbands.international\\\/#\\\/schema\\\/logo\\\/image\\\/\",\"url\":\"https:\\\/\\\/omnesbands.international\\\/wp-content\\\/uploads\\\/2023\\\/06\\\/Logo-Nuevo-.png\",\"contentUrl\":\"https:\\\/\\\/omnesbands.international\\\/wp-content\\\/uploads\\\/2023\\\/06\\\/Logo-Nuevo-.png\",\"width\":394,\"height\":212,\"caption\":\"Indra Consultores Internacionales\"},\"image\":{\"@id\":\"https:\\\/\\\/www.omnesbands.international\\\/#\\\/schema\\\/logo\\\/image\\\/\"}}]}<\/script>\n<meta property=\"product:price:amount\" content=\"45.00\" \/>\n<meta property=\"product:price:currency\" content=\"USD\" \/>\n<meta property=\"og:availability\" content=\"instock\" \/>\n<meta property=\"product:availability\" content=\"instock\" \/>\n<meta property=\"product:retailer_item_id\" content=\"CAN-SIN-ESP-22\" \/>\n<meta property=\"product:condition\" content=\"new\" \/>\n<!-- \/ Yoast SEO Premium plugin. -->","yoast_head_json":{"title":"Cantares de la Nueva Tierra -","description":"Partituras de m\u00fasica Sinf\u00f3nica para Orquestas y bandas. M\u00fasica escrita.","robots":{"index":"index","follow":"follow","max-snippet":"max-snippet:-1","max-image-preview":"max-image-preview:large","max-video-preview":"max-video-preview:-1"},"canonical":"https:\/\/www.omnesbands.international\/ja\/product\/cantares-de-la-nueva-tierra\/","og_locale":"ja_JP","og_type":"article","og_title":"Cantares de la Nueva Tierra","og_description":"Partituras de m\u00fasica Sinf\u00f3nica para Orquestas y bandas. M\u00fasica escrita.","og_url":"https:\/\/www.omnesbands.international\/ja\/product\/cantares-de-la-nueva-tierra\/","article_modified_time":"2023-12-02T20:49:16+00:00","og_image":[{"width":600,"height":420,"url":"https:\/\/www.omnesbands.international\/wp-content\/uploads\/2023\/01\/Cantares-de-la-Nueva-Tierra.jpg","type":"image\/jpeg"}],"twitter_card":"summary_large_image","twitter_misc":{"\u4fa1\u683c":"&#36;45.00","\u5728\u5eab":"\u5728\u5eab\u3042\u308a"},"schema":{"@context":"https:\/\/schema.org","@graph":[{"@type":"WebPage","@id":"https:\/\/www.omnesbands.international\/producto\/cantares-de-la-nueva-tierra\/","url":"https:\/\/www.omnesbands.international\/producto\/cantares-de-la-nueva-tierra\/","name":"Cantares de la Nueva Tierra -","isPartOf":{"@id":"https:\/\/www.omnesbands.international\/#website"},"primaryImageOfPage":{"@id":"https:\/\/www.omnesbands.international\/producto\/cantares-de-la-nueva-tierra\/#primaryimage"},"image":{"@id":"https:\/\/www.omnesbands.international\/producto\/cantares-de-la-nueva-tierra\/#primaryimage"},"thumbnailUrl":"https:\/\/www.omnesbands.international\/wp-content\/uploads\/2023\/01\/Cantares-de-la-Nueva-Tierra.jpg","datePublished":"2023-01-24T03:40:25+00:00","dateModified":"2023-12-02T20:49:16+00:00","description":"Partituras de m\u00fasica Sinf\u00f3nica para Orquestas y bandas. M\u00fasica escrita.","breadcrumb":{"@id":"https:\/\/www.omnesbands.international\/producto\/cantares-de-la-nueva-tierra\/#breadcrumb"},"inLanguage":"ja","potentialAction":[{"@type":"ReadAction","target":["https:\/\/www.omnesbands.international\/producto\/cantares-de-la-nueva-tierra\/"]}]},{"@type":"ImageObject","inLanguage":"ja","@id":"https:\/\/www.omnesbands.international\/producto\/cantares-de-la-nueva-tierra\/#primaryimage","url":"https:\/\/www.omnesbands.international\/wp-content\/uploads\/2023\/01\/Cantares-de-la-Nueva-Tierra.jpg","contentUrl":"https:\/\/www.omnesbands.international\/wp-content\/uploads\/2023\/01\/Cantares-de-la-Nueva-Tierra.jpg","width":600,"height":420,"caption":"Cantares de la Nueva Tierra"},{"@type":"BreadcrumbList","@id":"https:\/\/www.omnesbands.international\/producto\/cantares-de-la-nueva-tierra\/#breadcrumb","itemListElement":[{"@type":"ListItem","position":1,"name":"Portada","item":"https:\/\/www.omnesbands.international\/"},{"@type":"ListItem","position":2,"name":"Tienda","item":"https:\/\/www.omnesbands.international\/en\/shop\/"},{"@type":"ListItem","position":3,"name":"Cantares de la Nueva Tierra"}]},{"@type":"WebSite","@id":"https:\/\/www.omnesbands.international\/#website","url":"https:\/\/www.omnesbands.international\/","name":"OMNESBANDS International","description":"\u72ec\u7acb\u3057\u305f\u4f5c\u5bb6\u3084\u4f5c\u66f2\u5bb6\u306b\u3088\u308b\u30aa\u30ea\u30b8\u30ca\u30eb\u306e\u697d\u8b5c","publisher":{"@id":"https:\/\/www.omnesbands.international\/#organization"},"potentialAction":[{"@type":"SearchAction","target":{"@type":"EntryPoint","urlTemplate":"https:\/\/www.omnesbands.international\/?s={search_term_string}"},"query-input":{"@type":"PropertyValueSpecification","valueRequired":true,"valueName":"search_term_string"}}],"inLanguage":"ja"},{"@type":"Organization","@id":"https:\/\/www.omnesbands.international\/#organization","name":"\u30a4\u30f3\u30c9\u30e9\u56fd\u969b\u30b3\u30f3\u30b5\u30eb\u30bf\u30f3\u30c8","alternateName":"Omnesbands","url":"https:\/\/www.omnesbands.international\/","logo":{"@type":"ImageObject","inLanguage":"ja","@id":"https:\/\/www.omnesbands.international\/#\/schema\/logo\/image\/","url":"https:\/\/omnesbands.international\/wp-content\/uploads\/2023\/06\/Logo-Nuevo-.png","contentUrl":"https:\/\/omnesbands.international\/wp-content\/uploads\/2023\/06\/Logo-Nuevo-.png","width":394,"height":212,"caption":"Indra Consultores Internacionales"},"image":{"@id":"https:\/\/www.omnesbands.international\/#\/schema\/logo\/image\/"}}]},"product_price_amount":"45.00","product_price_currency":"USD","og_availability":"instock","product_availability":"instock","product_retailer_item_id":"CAN-SIN-ESP-22","product_condition":"new"},"uagb_featured_image_src":{"full":["https:\/\/www.omnesbands.international\/wp-content\/uploads\/2023\/01\/Cantares-de-la-Nueva-Tierra.jpg",600,420,false],"thumbnail":["https:\/\/www.omnesbands.international\/wp-content\/uploads\/2023\/01\/Cantares-de-la-Nueva-Tierra-150x150.jpg",150,150,true],"medium":["https:\/\/www.omnesbands.international\/wp-content\/uploads\/2023\/01\/Cantares-de-la-Nueva-Tierra-300x210.jpg",300,210,true],"medium_large":["https:\/\/www.omnesbands.international\/wp-content\/uploads\/2023\/01\/Cantares-de-la-Nueva-Tierra.jpg",600,420,false],"large":["https:\/\/www.omnesbands.international\/wp-content\/uploads\/2023\/01\/Cantares-de-la-Nueva-Tierra.jpg",600,420,false],"1536x1536":["https:\/\/www.omnesbands.international\/wp-content\/uploads\/2023\/01\/Cantares-de-la-Nueva-Tierra.jpg",600,420,false],"2048x2048":["https:\/\/www.omnesbands.international\/wp-content\/uploads\/2023\/01\/Cantares-de-la-Nueva-Tierra.jpg",600,420,false],"trp-custom-language-flag":["https:\/\/www.omnesbands.international\/wp-content\/uploads\/2023\/01\/Cantares-de-la-Nueva-Tierra.jpg",18,12,false],"gg_gallery_thumbnail":["https:\/\/www.omnesbands.international\/wp-content\/uploads\/2023\/01\/Cantares-de-la-Nueva-Tierra.jpg",357,250,false],"woocommerce_thumbnail":["https:\/\/www.omnesbands.international\/wp-content\/uploads\/2023\/01\/Cantares-de-la-Nueva-Tierra-300x300.jpg",300,300,true],"woocommerce_single":["https:\/\/www.omnesbands.international\/wp-content\/uploads\/2023\/01\/Cantares-de-la-Nueva-Tierra.jpg",600,420,false],"woocommerce_gallery_thumbnail":["https:\/\/www.omnesbands.international\/wp-content\/uploads\/2023\/01\/Cantares-de-la-Nueva-Tierra-100x100.jpg",100,100,true]},"uagb_author_info":{"display_name":"Melvin R. Portillo A:","author_link":"https:\/\/www.omnesbands.international\/ja\/author\/"},"uagb_comment_info":0,"uagb_excerpt":"\u201cCantares de la nueva tierra\u201d ha sido escrita para conmemorar el 400 aniversario de la Carta Puebla de Chella (Valencia).","_links":{"self":[{"href":"https:\/\/www.omnesbands.international\/ja\/wp-json\/wp\/v2\/product\/993","targetHints":{"allow":["GET"]}}],"collection":[{"href":"https:\/\/www.omnesbands.international\/ja\/wp-json\/wp\/v2\/product"}],"about":[{"href":"https:\/\/www.omnesbands.international\/ja\/wp-json\/wp\/v2\/types\/product"}],"replies":[{"embeddable":true,"href":"https:\/\/www.omnesbands.international\/ja\/wp-json\/wp\/v2\/comments?post=993"}],"wp:featuredmedia":[{"embeddable":true,"href":"https:\/\/www.omnesbands.international\/ja\/wp-json\/wp\/v2\/media\/994"}],"wp:attachment":[{"href":"https:\/\/www.omnesbands.international\/ja\/wp-json\/wp\/v2\/media?parent=993"}],"wp:term":[{"taxonomy":"product_brand","embeddable":true,"href":"https:\/\/www.omnesbands.international\/ja\/wp-json\/wp\/v2\/product_brand?post=993"},{"taxonomy":"product_cat","embeddable":true,"href":"https:\/\/www.omnesbands.international\/ja\/wp-json\/wp\/v2\/product_cat?post=993"},{"taxonomy":"product_tag","embeddable":true,"href":"https:\/\/www.omnesbands.international\/ja\/wp-json\/wp\/v2\/product_tag?post=993"}],"curies":[{"name":"wp","href":"https:\/\/api.w.org\/{rel}","templated":true}]}}